{"id":2136,"date":"2012-11-25T15:21:21","date_gmt":"2012-11-25T15:21:21","guid":{"rendered":"http:\/\/mediterrania.adgency.es\/customer-service\/related-to-your-purchase-online\/mi-compra-no-me-llegado-o-no-era-correcta\/"},"modified":"2013-07-18T13:03:20","modified_gmt":"2013-07-18T11:03:20","slug":"formes-de-pagament","status":"publish","type":"page","link":"https:\/\/editorialmediterrania.com\/en\/formes-de-pagament\/","title":{"rendered":"Formes de pagament"},"content":{"rendered":"<h3>A recollir en l\u2019editorial<\/h3>\n<p>Podeu triar l&#8217;opci\u00f3 de recollir el llibre adquirit en la mateixa editorial. En cas d&#8217;escollir aquesta opci\u00f3, el pagament es far\u00e0 en efectiu en el moment de retirar la comanda.<\/p>\n<h3>Targeta de cr\u00e8dit<\/h3>\n<p>Quan es tria l&#8217;enviament de la comanda, el pagament s&#8217;efectua amb targeta de cr\u00e8dit. El c\u00e0rrec a la targeta de cr\u00e8dit es far\u00e0 en el moment de l&#8217;enviament, per garantir que es cobren \u00fanicament els llibres enviats.<br \/>\nEl pagament es realitza a trav\u00e9s de la passarel\u00b7la de pagament segur proporcionada per la nostra entitat banc\u00e0ria. Si en el proc\u00e9s de compra no s&#8217;accepta la targeta, la comanda es cancel\u00b7lar\u00e0 autom\u00e0ticament. Posi\u2019s en contacte amb nosaltres per qualsevol aclariment.<\/p>\n<h3>Paypal<\/h3>\n<p>PayPal \u00e9s un sistema de pagament electr\u00f2nic que actua de passarel\u00b7la entre la vostra entitat banc\u00e0ria habitual i el comer\u00e7. \u00c9s una forma r\u00e0pida i segura de compra digital.<\/p>\n<h3>Transfer\u00e8ncia bancaria<\/h3>\n<p>Si trieu aquesta opci\u00f3, heu de fer una transfer\u00e8ncia banc\u00e0ria per l&#8217;import total de la compra al nostre n\u00famero de compte, que us farem arribar per correu electr\u00f2nic, un cop h\u00e0giu realitzat la comanda. Cal especificar les dades personals i la refer\u00e8ncia de la comanda.<\/p>\n<ul>\n<li>Editorial Mediterr\u00e0nia far\u00e0 lliurament de la corresponent factura al client en el moment del lliurament de la comanda.<\/li>\n<li>Les transmissions de totes les dades personals es realitzen a trav\u00e9s del sistema <a title=\"compra segura editorial mediterrania\" href=\"https:\/\/editorialmediterrania.com\/en\/safe-shopping\/\" target=\"_blank\">Compra segura<\/a>, que garanteix la confidencialitat de les dades enviades.<\/li>\n<\/ul>\n","protected":false},"excerpt":{"rendered":"<p>A recollir en l\u2019editorial Podeu triar l&#8217;opci\u00f3 de recollir el llibre adquirit en la mateixa editorial. En cas d&#8217;escollir aquesta opci\u00f3, el pagament es far\u00e0 en efectiu en el moment de retirar la comanda. Targeta de cr\u00e8dit Quan es tria l&#8217;enviament de la comanda, el pagament s&#8217;efectua amb targeta de cr\u00e8dit. El c\u00e0rrec a la [&hellip;]<\/p>\n","protected":false},"author":39,"featured_media":0,"parent":0,"menu_order":0,"comment_status":"closed","ping_status":"open","template":"","meta":{"footnotes":""},"class_list":["post-2136","page","type-page","status-publish","hentry"],"acf":[],"yoast_head":"<!-- This site is optimized with the Yoast SEO plugin v22.8 - https:\/\/yoast.com\/wordpress\/plugins\/seo\/ -->\n<title>Formes de pagament en la compra de llibres<\/title>\n<meta name=\"description\" content=\"Formes de pagament per la compra de llibres d&#039;Editorial Mediterr\u00e0nia\" \/>\n<meta name=\"robots\" content=\"index, follow, max-snippet:-1, max-image-preview:large, max-video-preview:-1\" \/>\n<link rel=\"canonical\" href=\"https:\/\/editorialmediterrania.com\/en\/formes-de-pagament\/\" \/>\n<meta property=\"og:locale\" content=\"en_US\" \/>\n<meta property=\"og:type\" content=\"article\" \/>\n<meta property=\"og:title\" content=\"Formes de pagament en la compra de llibres\" \/>\n<meta property=\"og:description\" content=\"Formes de pagament per la compra de llibres d&#039;Editorial Mediterr\u00e0nia\" \/>\n<meta property=\"og:url\" content=\"https:\/\/editorialmediterrania.com\/en\/formes-de-pagament\/\" \/>\n<meta property=\"og:site_name\" content=\"Editorial Mediterr\u00e0nia\" \/>\n<meta property=\"article:modified_time\" content=\"2013-07-18T11:03:20+00:00\" \/>\n<meta property=\"og:image\" content=\"https:\/\/editorialmediterrania.com\/wp-content\/uploads\/2023\/03\/cropped-LOGO-ED_MEDITERRANIA_OK-2.png\" \/>\n\t<meta property=\"og:image:width\" content=\"512\" \/>\n\t<meta property=\"og:image:height\" content=\"512\" \/>\n\t<meta property=\"og:image:type\" content=\"image\/png\" \/>\n<meta name=\"twitter:card\" content=\"summary_large_image\" \/>\n<meta name=\"twitter:site\" content=\"@edmediterrania\" \/>\n<meta name=\"twitter:label1\" content=\"Est. reading time\" \/>\n\t<meta name=\"twitter:data1\" content=\"1 minute\" \/>\n<script type=\"application\/ld+json\" class=\"yoast-schema-graph\">{\"@context\":\"https:\/\/schema.org\",\"@graph\":[{\"@type\":\"WebPage\",\"@id\":\"https:\/\/editorialmediterrania.com\/en\/formes-de-pagament\/\",\"url\":\"https:\/\/editorialmediterrania.com\/en\/formes-de-pagament\/\",\"name\":\"Formes de pagament en la compra de llibres\",\"isPartOf\":{\"@id\":\"https:\/\/editorialmediterrania.com\/en\/#website\"},\"datePublished\":\"2012-11-25T15:21:21+00:00\",\"dateModified\":\"2013-07-18T11:03:20+00:00\",\"description\":\"Formes de pagament per la compra de llibres d'Editorial Mediterr\u00e0nia\",\"inLanguage\":\"en-US\",\"potentialAction\":[{\"@type\":\"ReadAction\",\"target\":[\"https:\/\/editorialmediterrania.com\/en\/formes-de-pagament\/\"]}]},{\"@type\":\"WebSite\",\"@id\":\"https:\/\/editorialmediterrania.com\/en\/#website\",\"url\":\"https:\/\/editorialmediterrania.com\/en\/\",\"name\":\"Editorial Mediterrania\",\"description\":\"Llibres que t\u2019obriran nous mons\",\"publisher\":{\"@id\":\"https:\/\/editorialmediterrania.com\/en\/#organization\"},\"alternateName\":\"Llibres infantils d'art, cultura i natura\",\"potentialAction\":[{\"@type\":\"SearchAction\",\"target\":{\"@type\":\"EntryPoint\",\"urlTemplate\":\"https:\/\/editorialmediterrania.com\/en\/?s={search_term_string}\"},\"query-input\":\"required name=search_term_string\"}],\"inLanguage\":\"en-US\"},{\"@type\":\"Organization\",\"@id\":\"https:\/\/editorialmediterrania.com\/en\/#organization\",\"name\":\"Editorial Mediterrania\",\"alternateName\":\"Llibres d'art, cultura i natura per infants i fam\u00edlies\",\"url\":\"https:\/\/editorialmediterrania.com\/en\/\",\"logo\":{\"@type\":\"ImageObject\",\"inLanguage\":\"en-US\",\"@id\":\"https:\/\/editorialmediterrania.com\/en\/#\/schema\/logo\/image\/\",\"url\":\"https:\/\/editorialmediterrania.com\/wp-content\/uploads\/2023\/03\/LOGO-ED_MEDITERRANIA_OK-2.png\",\"contentUrl\":\"https:\/\/editorialmediterrania.com\/wp-content\/uploads\/2023\/03\/LOGO-ED_MEDITERRANIA_OK-2.png\",\"width\":1200,\"height\":300,\"caption\":\"Editorial Mediterrania\"},\"image\":{\"@id\":\"https:\/\/editorialmediterrania.com\/en\/#\/schema\/logo\/image\/\"},\"sameAs\":[\"https:\/\/x.com\/edmediterrania\",\"https:\/\/www.instagram.com\/editorialmediterrania\/\"]}]}<\/script>\n<!-- \/ Yoast SEO plugin. -->","yoast_head_json":{"title":"Formes de pagament en la compra de llibres","description":"Formes de pagament per la compra de llibres d'Editorial Mediterr\u00e0nia","robots":{"index":"index","follow":"follow","max-snippet":"max-snippet:-1","max-image-preview":"max-image-preview:large","max-video-preview":"max-video-preview:-1"},"canonical":"https:\/\/editorialmediterrania.com\/en\/formes-de-pagament\/","og_locale":"en_US","og_type":"article","og_title":"Formes de pagament en la compra de llibres","og_description":"Formes de pagament per la compra de llibres d'Editorial Mediterr\u00e0nia","og_url":"https:\/\/editorialmediterrania.com\/en\/formes-de-pagament\/","og_site_name":"Editorial Mediterr\u00e0nia","article_modified_time":"2013-07-18T11:03:20+00:00","og_image":[{"width":512,"height":512,"url":"https:\/\/editorialmediterrania.com\/wp-content\/uploads\/2023\/03\/cropped-LOGO-ED_MEDITERRANIA_OK-2.png","type":"image\/png"}],"twitter_card":"summary_large_image","twitter_site":"@edmediterrania","twitter_misc":{"Est. reading time":"1 minute"},"schema":{"@context":"https:\/\/schema.org","@graph":[{"@type":"WebPage","@id":"https:\/\/editorialmediterrania.com\/en\/formes-de-pagament\/","url":"https:\/\/editorialmediterrania.com\/en\/formes-de-pagament\/","name":"Formes de pagament en la compra de llibres","isPartOf":{"@id":"https:\/\/editorialmediterrania.com\/en\/#website"},"datePublished":"2012-11-25T15:21:21+00:00","dateModified":"2013-07-18T11:03:20+00:00","description":"Formes de pagament per la compra de llibres d'Editorial Mediterr\u00e0nia","inLanguage":"en-US","potentialAction":[{"@type":"ReadAction","target":["https:\/\/editorialmediterrania.com\/en\/formes-de-pagament\/"]}]},{"@type":"WebSite","@id":"https:\/\/editorialmediterrania.com\/en\/#website","url":"https:\/\/editorialmediterrania.com\/en\/","name":"Editorial Mediterrania","description":"Llibres que t\u2019obriran nous mons","publisher":{"@id":"https:\/\/editorialmediterrania.com\/en\/#organization"},"alternateName":"Llibres infantils d'art, cultura i natura","potentialAction":[{"@type":"SearchAction","target":{"@type":"EntryPoint","urlTemplate":"https:\/\/editorialmediterrania.com\/en\/?s={search_term_string}"},"query-input":"required name=search_term_string"}],"inLanguage":"en-US"},{"@type":"Organization","@id":"https:\/\/editorialmediterrania.com\/en\/#organization","name":"Editorial Mediterrania","alternateName":"Llibres d'art, cultura i natura per infants i fam\u00edlies","url":"https:\/\/editorialmediterrania.com\/en\/","logo":{"@type":"ImageObject","inLanguage":"en-US","@id":"https:\/\/editorialmediterrania.com\/en\/#\/schema\/logo\/image\/","url":"https:\/\/editorialmediterrania.com\/wp-content\/uploads\/2023\/03\/LOGO-ED_MEDITERRANIA_OK-2.png","contentUrl":"https:\/\/editorialmediterrania.com\/wp-content\/uploads\/2023\/03\/LOGO-ED_MEDITERRANIA_OK-2.png","width":1200,"height":300,"caption":"Editorial Mediterrania"},"image":{"@id":"https:\/\/editorialmediterrania.com\/en\/#\/schema\/logo\/image\/"},"sameAs":["https:\/\/x.com\/edmediterrania","https:\/\/www.instagram.com\/editorialmediterrania\/"]}]}},"_links":{"self":[{"href":"https:\/\/editorialmediterrania.com\/en\/wp-json\/wp\/v2\/pages\/2136","targetHints":{"allow":["GET"]}}],"collection":[{"href":"https:\/\/editorialmediterrania.com\/en\/wp-json\/wp\/v2\/pages"}],"about":[{"href":"https:\/\/editorialmediterrania.com\/en\/wp-json\/wp\/v2\/types\/page"}],"author":[{"embeddable":true,"href":"https:\/\/editorialmediterrania.com\/en\/wp-json\/wp\/v2\/users\/39"}],"replies":[{"embeddable":true,"href":"https:\/\/editorialmediterrania.com\/en\/wp-json\/wp\/v2\/comments?post=2136"}],"version-history":[{"count":0,"href":"https:\/\/editorialmediterrania.com\/en\/wp-json\/wp\/v2\/pages\/2136\/revisions"}],"wp:attachment":[{"href":"https:\/\/editorialmediterrania.com\/en\/wp-json\/wp\/v2\/media?parent=2136"}],"curies":[{"name":"wp","href":"https:\/\/api.w.org\/{rel}","templated":true}]}}