{"id":2138,"date":"2012-11-25T15:22:25","date_gmt":"2012-11-25T15:22:25","guid":{"rendered":"http:\/\/mediterrania.adgency.es\/customer-service\/related-to-your-purchase-online\/plazos-de-entrega-y-gastos-de-envio\/"},"modified":"2013-07-18T13:00:03","modified_gmt":"2013-07-18T11:00:03","slug":"cancelacions-i-devolucions","status":"publish","type":"page","link":"https:\/\/editorialmediterrania.com\/en\/cancelacions-i-devolucions\/","title":{"rendered":"Cancelacions i devolucions"},"content":{"rendered":"<p>Les comandes es poden <strong>cancel\u2022lar sense cost algun<\/strong> fins al moment en qu\u00e8 l&#8217;enviament es fa efectiu. Si rebem av\u00eds de cancel\u2022laci\u00f3 una vegada el paquet estigui enviat, ho considerarem un <strong>devoluci\u00f3<\/strong>.<\/p>\n<p>Les devolucions poden fer-se fins a <strong>quinze dies<\/strong> despr\u00e9s d&#8217;haver rebut el producte i les despeses d&#8217;enviament corren <strong>a c\u00e0rrec del client<\/strong>. <strong>L&#8217;import de la compra<\/strong> no es retornar\u00e0, per\u00f2 es podr\u00e0 utilitzar en una altra compra. En cas de que la devoluci\u00f3 sigui a causa <strong>d&#8217;un error d&#8217;Editorial Mediterr\u00e0nia<\/strong> o d&#8217;algun <strong>defecte del producte<\/strong> servit, ens comprometem a <strong>canviar el producte<\/strong> defectu\u00f3s per un altre igual, fent-nos <strong>c\u00e0rrec de les despeses<\/strong> de devoluci\u00f3 i d&#8217;enviament. Si no pogu\u00e9s fer-se el canvi, es reintegrar\u00e0 l&#8217;import.<\/p>\n","protected":false},"excerpt":{"rendered":"<p>Les comandes es poden cancel\u2022lar sense cost algun fins al moment en qu\u00e8 l&#8217;enviament es fa efectiu. Si rebem av\u00eds de cancel\u2022laci\u00f3 una vegada el paquet estigui enviat, ho considerarem un devoluci\u00f3. Les devolucions poden fer-se fins a quinze dies despr\u00e9s d&#8217;haver rebut el producte i les despeses d&#8217;enviament corren a c\u00e0rrec del client. L&#8217;import [&hellip;]<\/p>\n","protected":false},"author":39,"featured_media":0,"parent":0,"menu_order":0,"comment_status":"closed","ping_status":"open","template":"","meta":{"footnotes":""},"class_list":["post-2138","page","type-page","status-publish","hentry"],"acf":[],"yoast_head":"<!-- This site is optimized with the Yoast SEO plugin v22.8 - https:\/\/yoast.com\/wordpress\/plugins\/seo\/ -->\n<title>Cancelacions i devolucions en la compra de llibres<\/title>\n<meta name=\"description\" content=\"Garanties i funcionament de cancelaci\u00f3 i devoluci\u00f3 en la compra de llibres d&#039;Editorial Mediterr\u00e0nia\" \/>\n<meta name=\"robots\" content=\"index, follow, max-snippet:-1, max-image-preview:large, max-video-preview:-1\" \/>\n<link rel=\"canonical\" href=\"https:\/\/editorialmediterrania.com\/en\/cancelacions-i-devolucions\/\" \/>\n<meta property=\"og:locale\" content=\"en_US\" \/>\n<meta property=\"og:type\" content=\"article\" \/>\n<meta property=\"og:title\" content=\"Cancelacions i devolucions en la compra de llibres\" \/>\n<meta property=\"og:description\" content=\"Garanties i funcionament de cancelaci\u00f3 i devoluci\u00f3 en la compra de llibres d&#039;Editorial Mediterr\u00e0nia\" \/>\n<meta property=\"og:url\" content=\"https:\/\/editorialmediterrania.com\/en\/cancelacions-i-devolucions\/\" \/>\n<meta property=\"og:site_name\" content=\"Editorial Mediterr\u00e0nia\" \/>\n<meta property=\"article:modified_time\" content=\"2013-07-18T11:00:03+00:00\" \/>\n<meta property=\"og:image\" content=\"https:\/\/editorialmediterrania.com\/wp-content\/uploads\/2023\/03\/cropped-LOGO-ED_MEDITERRANIA_OK-2.png\" \/>\n\t<meta property=\"og:image:width\" content=\"512\" \/>\n\t<meta property=\"og:image:height\" content=\"512\" \/>\n\t<meta property=\"og:image:type\" content=\"image\/png\" \/>\n<meta name=\"twitter:card\" content=\"summary_large_image\" \/>\n<meta name=\"twitter:site\" content=\"@edmediterrania\" \/>\n<meta name=\"twitter:label1\" content=\"Est. reading time\" \/>\n\t<meta name=\"twitter:data1\" content=\"1 minute\" \/>\n<script type=\"application\/ld+json\" class=\"yoast-schema-graph\">{\"@context\":\"https:\/\/schema.org\",\"@graph\":[{\"@type\":\"WebPage\",\"@id\":\"https:\/\/editorialmediterrania.com\/en\/cancelacions-i-devolucions\/\",\"url\":\"https:\/\/editorialmediterrania.com\/en\/cancelacions-i-devolucions\/\",\"name\":\"Cancelacions i devolucions en la compra de llibres\",\"isPartOf\":{\"@id\":\"https:\/\/editorialmediterrania.com\/en\/#website\"},\"datePublished\":\"2012-11-25T15:22:25+00:00\",\"dateModified\":\"2013-07-18T11:00:03+00:00\",\"description\":\"Garanties i funcionament de cancelaci\u00f3 i devoluci\u00f3 en la compra de llibres d'Editorial Mediterr\u00e0nia\",\"inLanguage\":\"en-US\",\"potentialAction\":[{\"@type\":\"ReadAction\",\"target\":[\"https:\/\/editorialmediterrania.com\/en\/cancelacions-i-devolucions\/\"]}]},{\"@type\":\"WebSite\",\"@id\":\"https:\/\/editorialmediterrania.com\/en\/#website\",\"url\":\"https:\/\/editorialmediterrania.com\/en\/\",\"name\":\"Editorial Mediterrania\",\"description\":\"Llibres que t\u2019obriran nous mons\",\"publisher\":{\"@id\":\"https:\/\/editorialmediterrania.com\/en\/#organization\"},\"alternateName\":\"Llibres infantils d'art, cultura i natura\",\"potentialAction\":[{\"@type\":\"SearchAction\",\"target\":{\"@type\":\"EntryPoint\",\"urlTemplate\":\"https:\/\/editorialmediterrania.com\/en\/?s={search_term_string}\"},\"query-input\":\"required name=search_term_string\"}],\"inLanguage\":\"en-US\"},{\"@type\":\"Organization\",\"@id\":\"https:\/\/editorialmediterrania.com\/en\/#organization\",\"name\":\"Editorial Mediterrania\",\"alternateName\":\"Llibres d'art, cultura i natura per infants i fam\u00edlies\",\"url\":\"https:\/\/editorialmediterrania.com\/en\/\",\"logo\":{\"@type\":\"ImageObject\",\"inLanguage\":\"en-US\",\"@id\":\"https:\/\/editorialmediterrania.com\/en\/#\/schema\/logo\/image\/\",\"url\":\"https:\/\/editorialmediterrania.com\/wp-content\/uploads\/2023\/03\/LOGO-ED_MEDITERRANIA_OK-2.png\",\"contentUrl\":\"https:\/\/editorialmediterrania.com\/wp-content\/uploads\/2023\/03\/LOGO-ED_MEDITERRANIA_OK-2.png\",\"width\":1200,\"height\":300,\"caption\":\"Editorial Mediterrania\"},\"image\":{\"@id\":\"https:\/\/editorialmediterrania.com\/en\/#\/schema\/logo\/image\/\"},\"sameAs\":[\"https:\/\/x.com\/edmediterrania\",\"https:\/\/www.instagram.com\/editorialmediterrania\/\"]}]}<\/script>\n<!-- \/ Yoast SEO plugin. -->","yoast_head_json":{"title":"Cancelacions i devolucions en la compra de llibres","description":"Garanties i funcionament de cancelaci\u00f3 i devoluci\u00f3 en la compra de llibres d'Editorial Mediterr\u00e0nia","robots":{"index":"index","follow":"follow","max-snippet":"max-snippet:-1","max-image-preview":"max-image-preview:large","max-video-preview":"max-video-preview:-1"},"canonical":"https:\/\/editorialmediterrania.com\/en\/cancelacions-i-devolucions\/","og_locale":"en_US","og_type":"article","og_title":"Cancelacions i devolucions en la compra de llibres","og_description":"Garanties i funcionament de cancelaci\u00f3 i devoluci\u00f3 en la compra de llibres d'Editorial Mediterr\u00e0nia","og_url":"https:\/\/editorialmediterrania.com\/en\/cancelacions-i-devolucions\/","og_site_name":"Editorial Mediterr\u00e0nia","article_modified_time":"2013-07-18T11:00:03+00:00","og_image":[{"width":512,"height":512,"url":"https:\/\/editorialmediterrania.com\/wp-content\/uploads\/2023\/03\/cropped-LOGO-ED_MEDITERRANIA_OK-2.png","type":"image\/png"}],"twitter_card":"summary_large_image","twitter_site":"@edmediterrania","twitter_misc":{"Est. reading time":"1 minute"},"schema":{"@context":"https:\/\/schema.org","@graph":[{"@type":"WebPage","@id":"https:\/\/editorialmediterrania.com\/en\/cancelacions-i-devolucions\/","url":"https:\/\/editorialmediterrania.com\/en\/cancelacions-i-devolucions\/","name":"Cancelacions i devolucions en la compra de llibres","isPartOf":{"@id":"https:\/\/editorialmediterrania.com\/en\/#website"},"datePublished":"2012-11-25T15:22:25+00:00","dateModified":"2013-07-18T11:00:03+00:00","description":"Garanties i funcionament de cancelaci\u00f3 i devoluci\u00f3 en la compra de llibres d'Editorial Mediterr\u00e0nia","inLanguage":"en-US","potentialAction":[{"@type":"ReadAction","target":["https:\/\/editorialmediterrania.com\/en\/cancelacions-i-devolucions\/"]}]},{"@type":"WebSite","@id":"https:\/\/editorialmediterrania.com\/en\/#website","url":"https:\/\/editorialmediterrania.com\/en\/","name":"Editorial Mediterrania","description":"Llibres que t\u2019obriran nous mons","publisher":{"@id":"https:\/\/editorialmediterrania.com\/en\/#organization"},"alternateName":"Llibres infantils d'art, cultura i natura","potentialAction":[{"@type":"SearchAction","target":{"@type":"EntryPoint","urlTemplate":"https:\/\/editorialmediterrania.com\/en\/?s={search_term_string}"},"query-input":"required name=search_term_string"}],"inLanguage":"en-US"},{"@type":"Organization","@id":"https:\/\/editorialmediterrania.com\/en\/#organization","name":"Editorial Mediterrania","alternateName":"Llibres d'art, cultura i natura per infants i fam\u00edlies","url":"https:\/\/editorialmediterrania.com\/en\/","logo":{"@type":"ImageObject","inLanguage":"en-US","@id":"https:\/\/editorialmediterrania.com\/en\/#\/schema\/logo\/image\/","url":"https:\/\/editorialmediterrania.com\/wp-content\/uploads\/2023\/03\/LOGO-ED_MEDITERRANIA_OK-2.png","contentUrl":"https:\/\/editorialmediterrania.com\/wp-content\/uploads\/2023\/03\/LOGO-ED_MEDITERRANIA_OK-2.png","width":1200,"height":300,"caption":"Editorial Mediterrania"},"image":{"@id":"https:\/\/editorialmediterrania.com\/en\/#\/schema\/logo\/image\/"},"sameAs":["https:\/\/x.com\/edmediterrania","https:\/\/www.instagram.com\/editorialmediterrania\/"]}]}},"_links":{"self":[{"href":"https:\/\/editorialmediterrania.com\/en\/wp-json\/wp\/v2\/pages\/2138","targetHints":{"allow":["GET"]}}],"collection":[{"href":"https:\/\/editorialmediterrania.com\/en\/wp-json\/wp\/v2\/pages"}],"about":[{"href":"https:\/\/editorialmediterrania.com\/en\/wp-json\/wp\/v2\/types\/page"}],"author":[{"embeddable":true,"href":"https:\/\/editorialmediterrania.com\/en\/wp-json\/wp\/v2\/users\/39"}],"replies":[{"embeddable":true,"href":"https:\/\/editorialmediterrania.com\/en\/wp-json\/wp\/v2\/comments?post=2138"}],"version-history":[{"count":0,"href":"https:\/\/editorialmediterrania.com\/en\/wp-json\/wp\/v2\/pages\/2138\/revisions"}],"wp:attachment":[{"href":"https:\/\/editorialmediterrania.com\/en\/wp-json\/wp\/v2\/media?parent=2138"}],"curies":[{"name":"wp","href":"https:\/\/api.w.org\/{rel}","templated":true}]}}