{"id":2207,"date":"2012-11-25T21:11:05","date_gmt":"2012-11-25T21:11:05","guid":{"rendered":"http:\/\/mediterrania.adgency.es\/informacio-legal-2\/"},"modified":"2018-07-02T18:45:20","modified_gmt":"2018-07-02T16:45:20","slug":"legal-advice","status":"publish","type":"page","link":"https:\/\/editorialmediterrania.com\/en\/legal-advice\/","title":{"rendered":"Legal advice"},"content":{"rendered":"<div class=\"dms-content-p\">\n<p><strong>1. General Information<\/strong><\/p>\n<p>The owner of the website is Editorial Mediterr\u00e0nia, SL, with registered office in Barcelona, \u200b\u200bC \/ Casp, 63, ppal, 2\u00aa, CP 08010, with the CIF B08667230, and registered in the Mercantile Register of Barcelona, \u200b\u200bin volume 25.246, folio 202, sheet number B-85.582, inscription 7 (hereinafter, &#8220;Editorial Mediterr\u00e0nia&#8221;).<\/p>\n<p>You can contact us through our email editorial@editorialmediterrania.com or phone [+34] 932183458. Our customer service hours are Monday through Thursday from 8:30 a.m. to 2:30 p.m. and from 3:30 p.m. at 18 hours, and Friday from 8:30 to 15 hours.<\/p>\n<p><strong>2. Legal Notice<\/strong><\/p>\n<p>By browsing the website (hereinafter, the &#8220;Website&#8221;), you acquire the status of user (hereinafter, the &#8220;User&#8221;) and accept without reservation of any kind all the terms of this Notice. We will not be liable, indirectly or subsidiarily, for damages of any kind arising from the use of the Website that is contrary to what is established in this Legal Notice and in the Privacy Policy. We may at any time and without prior notice modify this Legal Notice, as well as the Privacy Policy by posting such modifications on the Website in order that they may be known to you.<\/p>\n<p><strong>3. Intellectual and Industrial Property Rights<\/strong><\/p>\n<p>The Website, including but not limited to its programming, edition, compilation, designs, trademarks, logos, images, text and graphics, is the property of Editorial Mediterr\u00e0nia, being protected by national and international regulations on intellectual property. Access by the User to the Website does not grant any property rights over them. If you find on the Website or through the use of the service any content that could violate intellectual and industrial property rights, please inform Editorial Mediterr\u00e0nia as soon as possible, by sending an email to the editorial address@editorialmediterrania.com.<\/p>\n<p><strong>4. Civil Liability<\/strong><\/p>\n<p>The content of the Website is in accordance with Spanish legislation. The responsibility of Editorial Mediterr\u00e0nia can not be invoked in the case of services not in accordance with the legislation of third countries. It is therefore up to Users outside of Spain to verify the legality of our content in their respective countries.<\/p>\n<p>We will only respond for any damages that you may suffer as a consequence of the use of the Website when said damages are directly attributable to a malicious or negligent act of Editorial Mediterr\u00e0nia and in the actions of the User there will be no fault or negligence. There will not be, in any case, willful or negligent action on the part of Editorial Mediterr\u00e0nia when it proves that it has complied with the legally and statutorily established requirements and requirements and the other care and diligence required by the nature of the service.<\/p>\n<p>We do not control, in general, the use that Users make of the Website. In particular, we do not guarantee under any circumstances that Users use these services in accordance with the law, this Legal Notice, morality and generally accepted good practices and public order, nor that they do so in a diligent and prudent manner.<\/p>\n<p>We will not exercise any kind of control over links or hyperlinks to other places on the Internet. In no case Editorial Mediterr\u00e0nia will assume any responsibility for the contents of any link belonging to an external website, nor will it guarantee the technical availability, quality and veracity of any material or information contained in the head of hyperlinks or other Internet sites.<\/p>\n<p><strong>5. Exclusion of Guarantee<\/strong><\/p>\n<p>We do not guarantee that the navigation of the Website will be executed without interruptions in a timely, reliable or error-free manner. We do not guarantee that the Website and the server are free of viruses and we are not responsible for any possible damages that may arise from interferences, omissions, interruptions, computer viruses or disconnections in the operating system of that electronic system, motivated by causes other than Editorial Mediterr\u00e0nia.<\/p>\n<p>It is the User&#8217;s responsibility to adopt all appropriate technical measures to reasonably control these risks and avoid damage to their equipment, loss of data and theft of confidential information. To this end, you must have up-to-date malware detection systems, such as viruses, trojans, etc., as well as having the security patches of the corresponding browsers you use up-to-date.<\/p>\n<p>We are committed to make our best efforts to avoid any error in the contents that may appear on the Website. In any case, we will be exempt from any liability arising from possible errors in the contents that may appear in it.<\/p>\n<p>We will not be responsible for the contents of others that we transmit, lodge or to which we facilitate access when we act as a mere intermediary. In any case, we promise to immediately remove the illegal content of the Website as soon as we have actual knowledge of it.<\/p>\n<p><strong>6. Obligation of Users<\/strong><\/p>\n<p>By way of example, and in no case limiting or excluding, the User agrees to:<\/p>\n<p>a) Use your real identity in all forms of the Website. The impersonation of personality of other individuals or entities is prohibited;<\/p>\n<p>b) Not to introduce, store or disseminate on or from the Website any information of a defamatory, insulting, obscene, threatening, xenophobic nature that incites violence to discrimination based on race, sex, ideology, religion or any other form against morality, public order, fundamental rights, public liberties, honor, privacy or the image of third parties and in general the regulations in force;<\/p>\n<p>c) Do not enter, store or disseminate on or from the Website any content that infringes intellectual and industrial property rights, the secrecy of communications and personal data protection legislation;<\/p>\n<p>d) Do not enter, store or disseminate through the Website any computer program, data, virus, code, hardware or telecommunications equipment or any other instrument or electronic or physical device that is likely to cause damage to the website, to any User, the Editorial Mediterr\u00e0nia suppliers or, in general, any third party, or to prevent the normal functioning thereof;<\/p>\n<p>e) Not to destroy, alter, use for its use, render useless or damage the data, information, programs or electronic documents of Editorial Mediterr\u00e0nia its suppliers or third parties;<\/p>\n<p>f) The User agrees not to take any action that causes a disproportionate or unnecessary saturation in the infrastructure of the Website or in the systems or networks of Editorial Mediterr\u00e0nia as well as in the systems and networks connected to the Website.<\/p>\n<p><strong>7. Cookies<\/strong><\/p>\n<p>A cookie is a file that is downloaded to your computer when you access certain web pages. Cookies allow a web page, among other things, to store and retrieve information about the browsing habits of a user or their equipment and, depending on the information they contain and the way they use their equipment, they can be used to recognize to user.<\/p>\n<p>We only use session cookies, which are those that allow the Web to keep track of the user&#8217;s movement from one page to another, so that it will not ask for information that has already been provided previously. Cookies are session allows the user to move through many pages of the same site quickly and easily, without having to authenticate again or restart the process in each area you visit.<\/p>\n<p>The User can allow, block or eliminate the cookies installed on his computer by configuring the browser options installed on his computer.<\/p>\n<p><strong>8. Minors<\/strong><\/p>\n<p>In general, to subscribe to the magazine, minors must have previously obtained the authorization of their parents, guardians or legal representatives, who will be responsible for all the acts carried out through the Website by the minors under their responsibility. In those cases in which it is expressly stated or that is determined by law, access will be restricted only and exclusively to those over 18 years of age.<\/p>\n<p><strong>9. Duration and termination<\/strong><\/p>\n<p>The information available on the Website has an indefinite duration. Notwithstanding the foregoing, Editorial Mediterr\u00e0nia is authorized to modify or suspend it unilaterally, at any time and without the need for prior notice.<\/p>\n<p><strong>10. Applicable law and jurisdiction<\/strong><\/p>\n<p>All questions relating to the Website are governed by Spanish Law and are subject to the jurisdiction of the Courts and Tribunals of Barcelona.<\/p>\n<\/div>\n","protected":false},"excerpt":{"rendered":"<p>1. General Information The owner of the website is Editorial Mediterr\u00e0nia, SL, with registered office in Barcelona, \u200b\u200bC \/ Casp, 63, ppal, 2\u00aa, CP 08010, with the CIF B08667230, and registered in the Mercantile Register of Barcelona, \u200b\u200bin volume 25.246, folio 202, sheet number B-85.582, inscription 7 (hereinafter, &#8220;Editorial Mediterr\u00e0nia&#8221;). You can contact us through [&hellip;]<\/p>\n","protected":false},"author":39,"featured_media":0,"parent":0,"menu_order":0,"comment_status":"closed","ping_status":"open","template":"dms-templates\/dms-atencio-client.php","meta":{"footnotes":""},"class_list":["post-2207","page","type-page","status-publish","hentry"],"acf":[],"yoast_head":"<!-- This site is optimized with the Yoast SEO plugin v22.8 - https:\/\/yoast.com\/wordpress\/plugins\/seo\/ -->\n<title>Legal advice - Editorial Mediterr\u00e0nia<\/title>\n<meta name=\"description\" content=\"Descobreix un m\u00f3n de meravelles a trav\u00e9s dels llibres de la nostra editorial especialitzada en art, cultura i natura per a fam\u00edlies. Amb il\u00b7lustracions fascinants i hist\u00f2ries enriquidores, inspirem el descobriment i la curiositat en petits i grans, connectant-los amb el patrimoni cultural i el meravell\u00f3s m\u00f3n natural que ens envolta\" \/>\n<meta name=\"robots\" content=\"index, follow, max-snippet:-1, max-image-preview:large, max-video-preview:-1\" \/>\n<link rel=\"canonical\" href=\"https:\/\/editorialmediterrania.com\/en\/legal-advice\/\" \/>\n<meta property=\"og:locale\" content=\"en_US\" \/>\n<meta property=\"og:type\" content=\"article\" \/>\n<meta property=\"og:title\" content=\"Legal advice - Editorial Mediterr\u00e0nia\" \/>\n<meta property=\"og:description\" content=\"Descobreix un m\u00f3n de meravelles a trav\u00e9s dels llibres de la nostra editorial especialitzada en art, cultura i natura per a fam\u00edlies. Amb il\u00b7lustracions fascinants i hist\u00f2ries enriquidores, inspirem el descobriment i la curiositat en petits i grans, connectant-los amb el patrimoni cultural i el meravell\u00f3s m\u00f3n natural que ens envolta\" \/>\n<meta property=\"og:url\" content=\"https:\/\/editorialmediterrania.com\/en\/legal-advice\/\" \/>\n<meta property=\"og:site_name\" content=\"Editorial Mediterr\u00e0nia\" \/>\n<meta property=\"article:modified_time\" content=\"2018-07-02T16:45:20+00:00\" \/>\n<meta property=\"og:image\" content=\"https:\/\/editorialmediterrania.com\/wp-content\/uploads\/2023\/03\/cropped-LOGO-ED_MEDITERRANIA_OK-2.png\" \/>\n\t<meta property=\"og:image:width\" content=\"512\" \/>\n\t<meta property=\"og:image:height\" content=\"512\" \/>\n\t<meta property=\"og:image:type\" content=\"image\/png\" \/>\n<meta name=\"twitter:card\" content=\"summary_large_image\" \/>\n<meta name=\"twitter:site\" content=\"@edmediterrania\" \/>\n<meta name=\"twitter:label1\" content=\"Est. reading time\" \/>\n\t<meta name=\"twitter:data1\" content=\"7 minutes\" \/>\n<script type=\"application\/ld+json\" class=\"yoast-schema-graph\">{\"@context\":\"https:\/\/schema.org\",\"@graph\":[{\"@type\":\"WebPage\",\"@id\":\"https:\/\/editorialmediterrania.com\/en\/legal-advice\/\",\"url\":\"https:\/\/editorialmediterrania.com\/en\/legal-advice\/\",\"name\":\"Legal advice - Editorial Mediterr\u00e0nia\",\"isPartOf\":{\"@id\":\"https:\/\/editorialmediterrania.com\/en\/#website\"},\"datePublished\":\"2012-11-25T21:11:05+00:00\",\"dateModified\":\"2018-07-02T16:45:20+00:00\",\"description\":\"Descobreix un m\u00f3n de meravelles a trav\u00e9s dels llibres de la nostra editorial especialitzada en art, cultura i natura per a fam\u00edlies. Amb il\u00b7lustracions fascinants i hist\u00f2ries enriquidores, inspirem el descobriment i la curiositat en petits i grans, connectant-los amb el patrimoni cultural i el meravell\u00f3s m\u00f3n natural que ens envolta\",\"inLanguage\":\"en-US\",\"potentialAction\":[{\"@type\":\"ReadAction\",\"target\":[\"https:\/\/editorialmediterrania.com\/en\/legal-advice\/\"]}]},{\"@type\":\"WebSite\",\"@id\":\"https:\/\/editorialmediterrania.com\/en\/#website\",\"url\":\"https:\/\/editorialmediterrania.com\/en\/\",\"name\":\"Editorial Mediterrania\",\"description\":\"Llibres que t\u2019obriran nous mons\",\"publisher\":{\"@id\":\"https:\/\/editorialmediterrania.com\/en\/#organization\"},\"alternateName\":\"Llibres infantils d'art, cultura i natura\",\"potentialAction\":[{\"@type\":\"SearchAction\",\"target\":{\"@type\":\"EntryPoint\",\"urlTemplate\":\"https:\/\/editorialmediterrania.com\/en\/?s={search_term_string}\"},\"query-input\":\"required name=search_term_string\"}],\"inLanguage\":\"en-US\"},{\"@type\":\"Organization\",\"@id\":\"https:\/\/editorialmediterrania.com\/en\/#organization\",\"name\":\"Editorial Mediterrania\",\"alternateName\":\"Llibres d'art, cultura i natura per infants i fam\u00edlies\",\"url\":\"https:\/\/editorialmediterrania.com\/en\/\",\"logo\":{\"@type\":\"ImageObject\",\"inLanguage\":\"en-US\",\"@id\":\"https:\/\/editorialmediterrania.com\/en\/#\/schema\/logo\/image\/\",\"url\":\"https:\/\/editorialmediterrania.com\/wp-content\/uploads\/2023\/03\/LOGO-ED_MEDITERRANIA_OK-2.png\",\"contentUrl\":\"https:\/\/editorialmediterrania.com\/wp-content\/uploads\/2023\/03\/LOGO-ED_MEDITERRANIA_OK-2.png\",\"width\":1200,\"height\":300,\"caption\":\"Editorial Mediterrania\"},\"image\":{\"@id\":\"https:\/\/editorialmediterrania.com\/en\/#\/schema\/logo\/image\/\"},\"sameAs\":[\"https:\/\/x.com\/edmediterrania\",\"https:\/\/www.instagram.com\/editorialmediterrania\/\"]}]}<\/script>\n<!-- \/ Yoast SEO plugin. -->","yoast_head_json":{"title":"Legal advice - Editorial Mediterr\u00e0nia","description":"Descobreix un m\u00f3n de meravelles a trav\u00e9s dels llibres de la nostra editorial especialitzada en art, cultura i natura per a fam\u00edlies. Amb il\u00b7lustracions fascinants i hist\u00f2ries enriquidores, inspirem el descobriment i la curiositat en petits i grans, connectant-los amb el patrimoni cultural i el meravell\u00f3s m\u00f3n natural que ens envolta","robots":{"index":"index","follow":"follow","max-snippet":"max-snippet:-1","max-image-preview":"max-image-preview:large","max-video-preview":"max-video-preview:-1"},"canonical":"https:\/\/editorialmediterrania.com\/en\/legal-advice\/","og_locale":"en_US","og_type":"article","og_title":"Legal advice - Editorial Mediterr\u00e0nia","og_description":"Descobreix un m\u00f3n de meravelles a trav\u00e9s dels llibres de la nostra editorial especialitzada en art, cultura i natura per a fam\u00edlies. Amb il\u00b7lustracions fascinants i hist\u00f2ries enriquidores, inspirem el descobriment i la curiositat en petits i grans, connectant-los amb el patrimoni cultural i el meravell\u00f3s m\u00f3n natural que ens envolta","og_url":"https:\/\/editorialmediterrania.com\/en\/legal-advice\/","og_site_name":"Editorial Mediterr\u00e0nia","article_modified_time":"2018-07-02T16:45:20+00:00","og_image":[{"width":512,"height":512,"url":"https:\/\/editorialmediterrania.com\/wp-content\/uploads\/2023\/03\/cropped-LOGO-ED_MEDITERRANIA_OK-2.png","type":"image\/png"}],"twitter_card":"summary_large_image","twitter_site":"@edmediterrania","twitter_misc":{"Est. reading time":"7 minutes"},"schema":{"@context":"https:\/\/schema.org","@graph":[{"@type":"WebPage","@id":"https:\/\/editorialmediterrania.com\/en\/legal-advice\/","url":"https:\/\/editorialmediterrania.com\/en\/legal-advice\/","name":"Legal advice - Editorial Mediterr\u00e0nia","isPartOf":{"@id":"https:\/\/editorialmediterrania.com\/en\/#website"},"datePublished":"2012-11-25T21:11:05+00:00","dateModified":"2018-07-02T16:45:20+00:00","description":"Descobreix un m\u00f3n de meravelles a trav\u00e9s dels llibres de la nostra editorial especialitzada en art, cultura i natura per a fam\u00edlies. Amb il\u00b7lustracions fascinants i hist\u00f2ries enriquidores, inspirem el descobriment i la curiositat en petits i grans, connectant-los amb el patrimoni cultural i el meravell\u00f3s m\u00f3n natural que ens envolta","inLanguage":"en-US","potentialAction":[{"@type":"ReadAction","target":["https:\/\/editorialmediterrania.com\/en\/legal-advice\/"]}]},{"@type":"WebSite","@id":"https:\/\/editorialmediterrania.com\/en\/#website","url":"https:\/\/editorialmediterrania.com\/en\/","name":"Editorial Mediterrania","description":"Llibres que t\u2019obriran nous mons","publisher":{"@id":"https:\/\/editorialmediterrania.com\/en\/#organization"},"alternateName":"Llibres infantils d'art, cultura i natura","potentialAction":[{"@type":"SearchAction","target":{"@type":"EntryPoint","urlTemplate":"https:\/\/editorialmediterrania.com\/en\/?s={search_term_string}"},"query-input":"required name=search_term_string"}],"inLanguage":"en-US"},{"@type":"Organization","@id":"https:\/\/editorialmediterrania.com\/en\/#organization","name":"Editorial Mediterrania","alternateName":"Llibres d'art, cultura i natura per infants i fam\u00edlies","url":"https:\/\/editorialmediterrania.com\/en\/","logo":{"@type":"ImageObject","inLanguage":"en-US","@id":"https:\/\/editorialmediterrania.com\/en\/#\/schema\/logo\/image\/","url":"https:\/\/editorialmediterrania.com\/wp-content\/uploads\/2023\/03\/LOGO-ED_MEDITERRANIA_OK-2.png","contentUrl":"https:\/\/editorialmediterrania.com\/wp-content\/uploads\/2023\/03\/LOGO-ED_MEDITERRANIA_OK-2.png","width":1200,"height":300,"caption":"Editorial Mediterrania"},"image":{"@id":"https:\/\/editorialmediterrania.com\/en\/#\/schema\/logo\/image\/"},"sameAs":["https:\/\/x.com\/edmediterrania","https:\/\/www.instagram.com\/editorialmediterrania\/"]}]}},"_links":{"self":[{"href":"https:\/\/editorialmediterrania.com\/en\/wp-json\/wp\/v2\/pages\/2207","targetHints":{"allow":["GET"]}}],"collection":[{"href":"https:\/\/editorialmediterrania.com\/en\/wp-json\/wp\/v2\/pages"}],"about":[{"href":"https:\/\/editorialmediterrania.com\/en\/wp-json\/wp\/v2\/types\/page"}],"author":[{"embeddable":true,"href":"https:\/\/editorialmediterrania.com\/en\/wp-json\/wp\/v2\/users\/39"}],"replies":[{"embeddable":true,"href":"https:\/\/editorialmediterrania.com\/en\/wp-json\/wp\/v2\/comments?post=2207"}],"version-history":[{"count":0,"href":"https:\/\/editorialmediterrania.com\/en\/wp-json\/wp\/v2\/pages\/2207\/revisions"}],"wp:attachment":[{"href":"https:\/\/editorialmediterrania.com\/en\/wp-json\/wp\/v2\/media?parent=2207"}],"curies":[{"name":"wp","href":"https:\/\/api.w.org\/{rel}","templated":true}]}}