{"id":2693,"date":"2013-01-19T15:10:39","date_gmt":"2013-01-19T14:10:39","guid":{"rendered":"http:\/\/editorialmediterraneatest.grupoormo.com\/pilarin-bayes-awards\/estudi-mediterrania\/"},"modified":"2013-06-25T12:29:36","modified_gmt":"2013-06-25T10:29:36","slug":"estudi-mediterrania","status":"publish","type":"page","link":"https:\/\/editorialmediterrania.com\/en\/estudi-mediterrania\/","title":{"rendered":"Estudi Mediterr\u00e0nia"},"content":{"rendered":"<h2>Estudi Mediterr\u00e0nia\u2013Escoltem els nens<\/h2>\n<p>Cada any, el premi Pilar\u00edn Bay\u00e9s de contes escrits per nens i nenes compta amb la participaci\u00f3 de milers d\u2019alumnes de les m\u00e9s de 2.300 escoles de prim\u00e0ria de Catalunya.<\/p>\n<p>Com a conseq\u00fc\u00e8ncia d\u2019aquesta multitudin\u00e0ria participaci\u00f3, a l\u2019Editorial Mediterr\u00e0nia rebem una immensa quantitat de relats escrits pels infants que tracten sobre el tema proposat en cada convocat\u00f2ria.<\/p>\n<p><strong>L\u2019any 2012<\/strong> vam decidir incloure una novetat en el premi Pilar\u00edn Bay\u00e9s: <strong>la figura d\u2019un expert sobre el tema de cada edici\u00f3<\/strong>, amb l\u2019objectiu principal de realitzar un an\u00e0lisi dels contes rebuts que ens permeti con\u00e8ixer <strong>quines s\u00f3n les viv\u00e8ncies dels nens i nenes<\/strong>. Totes les conclusions extretes queden editades en un llibre que forma part de la col\u00b7lecci\u00f3 \u201cEstudi Mediterr\u00e0nia\u2013Escoltem els nens\u201d.<\/p>\n<p>La primera persona en col\u00b7laborar amb aquest projecte va ser el fil\u00f2sof i pedagog <a title=\"premi pilarin bayes\" href=\"http:\/\/ca.wikipedia.org\/wiki\/Gregorio_Luri_Medrano\" target=\"_blank\"><strong>Gregorio Luri<\/strong><\/a>. En la novena edici\u00f3 del premi (2012), amb el tema \u201c<strong>valors per superar la crisi<\/strong>\u201d, en Gregorio va llegir tots els contes participants i va realitzar un estudi sobre la visi\u00f3 dels m\u00e9s petits respecte la situaci\u00f3 de crisi del moment.<\/p>\n<p style=\"text-align: center;\"><a href=\"http:\/\/editorialmediterraneatest.grupoormo.com\/wp-content\/uploads\/2013\/01\/PortadaEstudiMediterrania1.jpg\"><img decoding=\"async\" class=\"size-medium wp-image-4037 aligncenter\" alt=\"PortadaEstudiMediterrania1\" src=\"http:\/\/editorialmediterraneatest.grupoormo.com\/wp-content\/uploads\/2013\/01\/PortadaEstudiMediterrania1-195x300.jpg\" width=\"161\" height=\"248\" srcset=\"https:\/\/editorialmediterrania.com\/wp-content\/uploads\/2013\/01\/PortadaEstudiMediterrania1-195x300.jpg 195w, https:\/\/editorialmediterrania.com\/wp-content\/uploads\/2013\/01\/PortadaEstudiMediterrania1.jpg 300w\" sizes=\"(max-width: 161px) 100vw, 161px\" \/><\/a>Descarrega&#8217;t <a href=\"http:\/\/editorialmediterrania.cat\/wp-content\/uploads\/2013\/01\/Valors-per-superar-la-crisi.pdf\">Valors per superar la crisi<\/a><\/p>\n<p>Pel <strong>des\u00e8 premi Pilar\u00edn Bay\u00e9s<\/strong> el tema proposat ha sigut \u201c<strong>saber guanyar, saber perdre<\/strong>\u201d i hem tingut l\u2019oportunitat de comptar amb la participaci\u00f3 del <strong>Grup de Recerca en Educaci\u00f3 F\u00edsica<\/strong>, de la <a href=\"http:\/\/www.uvic.es\">Universitat de Vic<\/a>, per realitzar aquesta tasca anal\u00edtica de les experi\u00e8ncies i les opinions dels nens i nenes sobre el m\u00f3n de l\u2019esport.<\/p>\n<p>A partir dels m\u00e9s de 2.300 contes rebuts, el GREF ha extret les conclusions sobre els valors que els nens creuen que imperen en el m\u00f3n de l&#8217;esport: solidaritat, acceptaci\u00f3, respecte, treball en equip i alegria, entre altres.<\/p>\n<p style=\"text-align: center;\"><a href=\"http:\/\/editorialmediterrania.cat\/wp-content\/uploads\/2013\/01\/Cob_Estudi_2013_petita.jpg\"><img decoding=\"async\" class=\"size-full wp-image-6218 aligncenter\" alt=\"Cob_Estudi_2013_petita\" src=\"http:\/\/editorialmediterrania.cat\/wp-content\/uploads\/2013\/01\/Cob_Estudi_2013_petita.jpg\" width=\"161\" height=\"257\" \/><\/a>Descarrega&#8217;t <a href=\"http:\/\/editorialmediterrania.cat\/wp-content\/uploads\/2013\/01\/Valors-de-lesport.pdf\">Valors de l&#8217;esport<\/a><\/p>\n<p>&nbsp;<\/p>\n","protected":false},"excerpt":{"rendered":"<p>Estudi Mediterr\u00e0nia\u2013Escoltem els nens Cada any, el premi Pilar\u00edn Bay\u00e9s de contes escrits per nens i nenes compta amb la participaci\u00f3 de milers d\u2019alumnes de les m\u00e9s de 2.300 escoles de prim\u00e0ria de Catalunya. Com a conseq\u00fc\u00e8ncia d\u2019aquesta multitudin\u00e0ria participaci\u00f3, a l\u2019Editorial Mediterr\u00e0nia rebem una immensa quantitat de relats escrits pels infants que tracten sobre [&hellip;]<\/p>\n","protected":false},"author":39,"featured_media":0,"parent":0,"menu_order":0,"comment_status":"closed","ping_status":"open","template":"page-estudi.php","meta":{"footnotes":""},"class_list":["post-2693","page","type-page","status-publish","hentry"],"acf":[],"yoast_head":"<!-- This site is optimized with the Yoast SEO plugin v22.8 - https:\/\/yoast.com\/wordpress\/plugins\/seo\/ -->\n<title>Estudi Mediterr\u00e0nia - Editorial Mediterr\u00e0nia<\/title>\n<meta name=\"description\" content=\"Descobreix un m\u00f3n de meravelles a trav\u00e9s dels llibres de la nostra editorial especialitzada en art, cultura i natura per a fam\u00edlies. Amb il\u00b7lustracions fascinants i hist\u00f2ries enriquidores, inspirem el descobriment i la curiositat en petits i grans, connectant-los amb el patrimoni cultural i el meravell\u00f3s m\u00f3n natural que ens envolta\" \/>\n<meta name=\"robots\" content=\"index, follow, max-snippet:-1, max-image-preview:large, max-video-preview:-1\" \/>\n<link rel=\"canonical\" href=\"https:\/\/editorialmediterrania.com\/en\/estudi-mediterrania\/\" \/>\n<meta property=\"og:locale\" content=\"en_US\" \/>\n<meta property=\"og:type\" content=\"article\" \/>\n<meta property=\"og:title\" content=\"Estudi Mediterr\u00e0nia - Editorial Mediterr\u00e0nia\" \/>\n<meta property=\"og:description\" content=\"Descobreix un m\u00f3n de meravelles a trav\u00e9s dels llibres de la nostra editorial especialitzada en art, cultura i natura per a fam\u00edlies. Amb il\u00b7lustracions fascinants i hist\u00f2ries enriquidores, inspirem el descobriment i la curiositat en petits i grans, connectant-los amb el patrimoni cultural i el meravell\u00f3s m\u00f3n natural que ens envolta\" \/>\n<meta property=\"og:url\" content=\"https:\/\/editorialmediterrania.com\/en\/estudi-mediterrania\/\" \/>\n<meta property=\"og:site_name\" content=\"Editorial Mediterr\u00e0nia\" \/>\n<meta property=\"article:modified_time\" content=\"2013-06-25T10:29:36+00:00\" \/>\n<meta property=\"og:image\" content=\"http:\/\/editorialmediterraneatest.grupoormo.com\/wp-content\/uploads\/2013\/01\/PortadaEstudiMediterrania1-195x300.jpg\" \/>\n<meta name=\"twitter:card\" content=\"summary_large_image\" \/>\n<meta name=\"twitter:site\" content=\"@edmediterrania\" \/>\n<meta name=\"twitter:label1\" content=\"Est. reading time\" \/>\n\t<meta name=\"twitter:data1\" content=\"2 minutes\" \/>\n<script type=\"application\/ld+json\" class=\"yoast-schema-graph\">{\"@context\":\"https:\/\/schema.org\",\"@graph\":[{\"@type\":\"WebPage\",\"@id\":\"https:\/\/editorialmediterrania.com\/en\/estudi-mediterrania\/\",\"url\":\"https:\/\/editorialmediterrania.com\/en\/estudi-mediterrania\/\",\"name\":\"Estudi Mediterr\u00e0nia - Editorial Mediterr\u00e0nia\",\"isPartOf\":{\"@id\":\"https:\/\/editorialmediterrania.com\/en\/#website\"},\"primaryImageOfPage\":{\"@id\":\"https:\/\/editorialmediterrania.com\/en\/estudi-mediterrania\/#primaryimage\"},\"image\":{\"@id\":\"https:\/\/editorialmediterrania.com\/en\/estudi-mediterrania\/#primaryimage\"},\"thumbnailUrl\":\"http:\/\/editorialmediterraneatest.grupoormo.com\/wp-content\/uploads\/2013\/01\/PortadaEstudiMediterrania1-195x300.jpg\",\"datePublished\":\"2013-01-19T14:10:39+00:00\",\"dateModified\":\"2013-06-25T10:29:36+00:00\",\"description\":\"Descobreix un m\u00f3n de meravelles a trav\u00e9s dels llibres de la nostra editorial especialitzada en art, cultura i natura per a fam\u00edlies. Amb il\u00b7lustracions fascinants i hist\u00f2ries enriquidores, inspirem el descobriment i la curiositat en petits i grans, connectant-los amb el patrimoni cultural i el meravell\u00f3s m\u00f3n natural que ens envolta\",\"inLanguage\":\"en-US\",\"potentialAction\":[{\"@type\":\"ReadAction\",\"target\":[\"https:\/\/editorialmediterrania.com\/en\/estudi-mediterrania\/\"]}]},{\"@type\":\"ImageObject\",\"inLanguage\":\"en-US\",\"@id\":\"https:\/\/editorialmediterrania.com\/en\/estudi-mediterrania\/#primaryimage\",\"url\":\"http:\/\/editorialmediterraneatest.grupoormo.com\/wp-content\/uploads\/2013\/01\/PortadaEstudiMediterrania1-195x300.jpg\",\"contentUrl\":\"http:\/\/editorialmediterraneatest.grupoormo.com\/wp-content\/uploads\/2013\/01\/PortadaEstudiMediterrania1-195x300.jpg\"},{\"@type\":\"WebSite\",\"@id\":\"https:\/\/editorialmediterrania.com\/en\/#website\",\"url\":\"https:\/\/editorialmediterrania.com\/en\/\",\"name\":\"Editorial Mediterrania\",\"description\":\"Llibres que t\u2019obriran nous mons\",\"publisher\":{\"@id\":\"https:\/\/editorialmediterrania.com\/en\/#organization\"},\"alternateName\":\"Llibres infantils d'art, cultura i natura\",\"potentialAction\":[{\"@type\":\"SearchAction\",\"target\":{\"@type\":\"EntryPoint\",\"urlTemplate\":\"https:\/\/editorialmediterrania.com\/en\/?s={search_term_string}\"},\"query-input\":\"required name=search_term_string\"}],\"inLanguage\":\"en-US\"},{\"@type\":\"Organization\",\"@id\":\"https:\/\/editorialmediterrania.com\/en\/#organization\",\"name\":\"Editorial Mediterrania\",\"alternateName\":\"Llibres d'art, cultura i natura per infants i fam\u00edlies\",\"url\":\"https:\/\/editorialmediterrania.com\/en\/\",\"logo\":{\"@type\":\"ImageObject\",\"inLanguage\":\"en-US\",\"@id\":\"https:\/\/editorialmediterrania.com\/en\/#\/schema\/logo\/image\/\",\"url\":\"https:\/\/editorialmediterrania.com\/wp-content\/uploads\/2023\/03\/LOGO-ED_MEDITERRANIA_OK-2.png\",\"contentUrl\":\"https:\/\/editorialmediterrania.com\/wp-content\/uploads\/2023\/03\/LOGO-ED_MEDITERRANIA_OK-2.png\",\"width\":1200,\"height\":300,\"caption\":\"Editorial Mediterrania\"},\"image\":{\"@id\":\"https:\/\/editorialmediterrania.com\/en\/#\/schema\/logo\/image\/\"},\"sameAs\":[\"https:\/\/x.com\/edmediterrania\",\"https:\/\/www.instagram.com\/editorialmediterrania\/\"]}]}<\/script>\n<!-- \/ Yoast SEO plugin. -->","yoast_head_json":{"title":"Estudi Mediterr\u00e0nia - Editorial Mediterr\u00e0nia","description":"Descobreix un m\u00f3n de meravelles a trav\u00e9s dels llibres de la nostra editorial especialitzada en art, cultura i natura per a fam\u00edlies. Amb il\u00b7lustracions fascinants i hist\u00f2ries enriquidores, inspirem el descobriment i la curiositat en petits i grans, connectant-los amb el patrimoni cultural i el meravell\u00f3s m\u00f3n natural que ens envolta","robots":{"index":"index","follow":"follow","max-snippet":"max-snippet:-1","max-image-preview":"max-image-preview:large","max-video-preview":"max-video-preview:-1"},"canonical":"https:\/\/editorialmediterrania.com\/en\/estudi-mediterrania\/","og_locale":"en_US","og_type":"article","og_title":"Estudi Mediterr\u00e0nia - Editorial Mediterr\u00e0nia","og_description":"Descobreix un m\u00f3n de meravelles a trav\u00e9s dels llibres de la nostra editorial especialitzada en art, cultura i natura per a fam\u00edlies. Amb il\u00b7lustracions fascinants i hist\u00f2ries enriquidores, inspirem el descobriment i la curiositat en petits i grans, connectant-los amb el patrimoni cultural i el meravell\u00f3s m\u00f3n natural que ens envolta","og_url":"https:\/\/editorialmediterrania.com\/en\/estudi-mediterrania\/","og_site_name":"Editorial Mediterr\u00e0nia","article_modified_time":"2013-06-25T10:29:36+00:00","og_image":[{"url":"http:\/\/editorialmediterraneatest.grupoormo.com\/wp-content\/uploads\/2013\/01\/PortadaEstudiMediterrania1-195x300.jpg"}],"twitter_card":"summary_large_image","twitter_site":"@edmediterrania","twitter_misc":{"Est. reading time":"2 minutes"},"schema":{"@context":"https:\/\/schema.org","@graph":[{"@type":"WebPage","@id":"https:\/\/editorialmediterrania.com\/en\/estudi-mediterrania\/","url":"https:\/\/editorialmediterrania.com\/en\/estudi-mediterrania\/","name":"Estudi Mediterr\u00e0nia - Editorial Mediterr\u00e0nia","isPartOf":{"@id":"https:\/\/editorialmediterrania.com\/en\/#website"},"primaryImageOfPage":{"@id":"https:\/\/editorialmediterrania.com\/en\/estudi-mediterrania\/#primaryimage"},"image":{"@id":"https:\/\/editorialmediterrania.com\/en\/estudi-mediterrania\/#primaryimage"},"thumbnailUrl":"http:\/\/editorialmediterraneatest.grupoormo.com\/wp-content\/uploads\/2013\/01\/PortadaEstudiMediterrania1-195x300.jpg","datePublished":"2013-01-19T14:10:39+00:00","dateModified":"2013-06-25T10:29:36+00:00","description":"Descobreix un m\u00f3n de meravelles a trav\u00e9s dels llibres de la nostra editorial especialitzada en art, cultura i natura per a fam\u00edlies. Amb il\u00b7lustracions fascinants i hist\u00f2ries enriquidores, inspirem el descobriment i la curiositat en petits i grans, connectant-los amb el patrimoni cultural i el meravell\u00f3s m\u00f3n natural que ens envolta","inLanguage":"en-US","potentialAction":[{"@type":"ReadAction","target":["https:\/\/editorialmediterrania.com\/en\/estudi-mediterrania\/"]}]},{"@type":"ImageObject","inLanguage":"en-US","@id":"https:\/\/editorialmediterrania.com\/en\/estudi-mediterrania\/#primaryimage","url":"http:\/\/editorialmediterraneatest.grupoormo.com\/wp-content\/uploads\/2013\/01\/PortadaEstudiMediterrania1-195x300.jpg","contentUrl":"http:\/\/editorialmediterraneatest.grupoormo.com\/wp-content\/uploads\/2013\/01\/PortadaEstudiMediterrania1-195x300.jpg"},{"@type":"WebSite","@id":"https:\/\/editorialmediterrania.com\/en\/#website","url":"https:\/\/editorialmediterrania.com\/en\/","name":"Editorial Mediterrania","description":"Llibres que t\u2019obriran nous mons","publisher":{"@id":"https:\/\/editorialmediterrania.com\/en\/#organization"},"alternateName":"Llibres infantils d'art, cultura i natura","potentialAction":[{"@type":"SearchAction","target":{"@type":"EntryPoint","urlTemplate":"https:\/\/editorialmediterrania.com\/en\/?s={search_term_string}"},"query-input":"required name=search_term_string"}],"inLanguage":"en-US"},{"@type":"Organization","@id":"https:\/\/editorialmediterrania.com\/en\/#organization","name":"Editorial Mediterrania","alternateName":"Llibres d'art, cultura i natura per infants i fam\u00edlies","url":"https:\/\/editorialmediterrania.com\/en\/","logo":{"@type":"ImageObject","inLanguage":"en-US","@id":"https:\/\/editorialmediterrania.com\/en\/#\/schema\/logo\/image\/","url":"https:\/\/editorialmediterrania.com\/wp-content\/uploads\/2023\/03\/LOGO-ED_MEDITERRANIA_OK-2.png","contentUrl":"https:\/\/editorialmediterrania.com\/wp-content\/uploads\/2023\/03\/LOGO-ED_MEDITERRANIA_OK-2.png","width":1200,"height":300,"caption":"Editorial Mediterrania"},"image":{"@id":"https:\/\/editorialmediterrania.com\/en\/#\/schema\/logo\/image\/"},"sameAs":["https:\/\/x.com\/edmediterrania","https:\/\/www.instagram.com\/editorialmediterrania\/"]}]}},"_links":{"self":[{"href":"https:\/\/editorialmediterrania.com\/en\/wp-json\/wp\/v2\/pages\/2693","targetHints":{"allow":["GET"]}}],"collection":[{"href":"https:\/\/editorialmediterrania.com\/en\/wp-json\/wp\/v2\/pages"}],"about":[{"href":"https:\/\/editorialmediterrania.com\/en\/wp-json\/wp\/v2\/types\/page"}],"author":[{"embeddable":true,"href":"https:\/\/editorialmediterrania.com\/en\/wp-json\/wp\/v2\/users\/39"}],"replies":[{"embeddable":true,"href":"https:\/\/editorialmediterrania.com\/en\/wp-json\/wp\/v2\/comments?post=2693"}],"version-history":[{"count":0,"href":"https:\/\/editorialmediterrania.com\/en\/wp-json\/wp\/v2\/pages\/2693\/revisions"}],"wp:attachment":[{"href":"https:\/\/editorialmediterrania.com\/en\/wp-json\/wp\/v2\/media?parent=2693"}],"curies":[{"name":"wp","href":"https:\/\/api.w.org\/{rel}","templated":true}]}}