{"id":27292,"date":"2017-01-30T23:30:37","date_gmt":"2017-01-30T22:30:37","guid":{"rendered":"http:\/\/editorialmediterrania.com\/resultats-menorca-2\/"},"modified":"2017-04-26T11:25:46","modified_gmt":"2017-04-26T09:25:46","slug":"minorca-results","status":"publish","type":"page","link":"https:\/\/editorialmediterrania.com\/en\/minorca-results\/","title":{"rendered":"Congratulations explorer of Menorca!"},"content":{"rendered":"<p style=\"text-align: justify;\">Congratulations! Print the diploma you have earned, write your name on it and hang it in a prominent place in your bedroom. Menorca\u00a0is an exciting city, isn&#8217;t it? We hope you have enjoyed exploring the city and you know better a little bit of its history and its mysteries. Have you thought about what your next expedition will be?<\/p>\n<p><a href=\"http:\/\/localhost:8888\/mediterrania\/wp-content\/uploads\/2017\/01\/ExploremMenorcaingles-98-diploma-min.jpg\"><img fetchpriority=\"high\" decoding=\"async\" class=\"aligncenter wp-image-27628 size-large\" src=\"http:\/\/localhost:8888\/mediterrania\/wp-content\/uploads\/2017\/01\/ExploremMenorcaingles-98-diploma-min-1024x721.jpg\" alt=\"ExploremMenorcaingles-98-diploma-min\" width=\"1024\" height=\"721\" srcset=\"https:\/\/editorialmediterrania.com\/wp-content\/uploads\/2017\/01\/ExploremMenorcaingles-98-diploma-min-1024x721.jpg 1024w, https:\/\/editorialmediterrania.com\/wp-content\/uploads\/2017\/01\/ExploremMenorcaingles-98-diploma-min-600x422.jpg 600w, https:\/\/editorialmediterrania.com\/wp-content\/uploads\/2017\/01\/ExploremMenorcaingles-98-diploma-min-300x211.jpg 300w, https:\/\/editorialmediterrania.com\/wp-content\/uploads\/2017\/01\/ExploremMenorcaingles-98-diploma-min-510x359.jpg 510w, https:\/\/editorialmediterrania.com\/wp-content\/uploads\/2017\/01\/ExploremMenorcaingles-98-diploma-min-1080x760.jpg 1080w\" sizes=\"(max-width: 1024px) 100vw, 1024px\" \/><\/a><\/p>\n","protected":false},"excerpt":{"rendered":"<p>Congratulations! Print the diploma you have earned, write your name on it and hang it in a prominent place in your bedroom. Menorca\u00a0is an exciting city, isn&#8217;t it? We hope you have enjoyed exploring the city and you know better a little bit of its history and its mysteries. Have you thought about what your [&hellip;]<\/p>\n","protected":false},"author":39,"featured_media":0,"parent":0,"menu_order":0,"comment_status":"closed","ping_status":"open","template":"","meta":{"footnotes":""},"class_list":["post-27292","page","type-page","status-publish","hentry"],"acf":[],"yoast_head":"<!-- This site is optimized with the Yoast SEO plugin v22.8 - https:\/\/yoast.com\/wordpress\/plugins\/seo\/ -->\n<title>Congratulations explorer of Menorca! - Editorial Mediterr\u00e0nia<\/title>\n<meta name=\"description\" content=\"Descobreix un m\u00f3n de meravelles a trav\u00e9s dels llibres de la nostra editorial especialitzada en art, cultura i natura per a fam\u00edlies. Amb il\u00b7lustracions fascinants i hist\u00f2ries enriquidores, inspirem el descobriment i la curiositat en petits i grans, connectant-los amb el patrimoni cultural i el meravell\u00f3s m\u00f3n natural que ens envolta\" \/>\n<meta name=\"robots\" content=\"index, follow, max-snippet:-1, max-image-preview:large, max-video-preview:-1\" \/>\n<link rel=\"canonical\" href=\"https:\/\/editorialmediterrania.com\/en\/minorca-results\/\" \/>\n<meta property=\"og:locale\" content=\"en_US\" \/>\n<meta property=\"og:type\" content=\"article\" \/>\n<meta property=\"og:title\" content=\"Congratulations explorer of Menorca! - Editorial Mediterr\u00e0nia\" \/>\n<meta property=\"og:description\" content=\"Descobreix un m\u00f3n de meravelles a trav\u00e9s dels llibres de la nostra editorial especialitzada en art, cultura i natura per a fam\u00edlies. Amb il\u00b7lustracions fascinants i hist\u00f2ries enriquidores, inspirem el descobriment i la curiositat en petits i grans, connectant-los amb el patrimoni cultural i el meravell\u00f3s m\u00f3n natural que ens envolta\" \/>\n<meta property=\"og:url\" content=\"https:\/\/editorialmediterrania.com\/en\/minorca-results\/\" \/>\n<meta property=\"og:site_name\" content=\"Editorial Mediterr\u00e0nia\" \/>\n<meta property=\"article:modified_time\" content=\"2017-04-26T09:25:46+00:00\" \/>\n<meta property=\"og:image\" content=\"http:\/\/localhost:8888\/mediterrania\/wp-content\/uploads\/2017\/01\/ExploremMenorcaingles-98-diploma-min-1024x721.jpg\" \/>\n<meta name=\"twitter:card\" content=\"summary_large_image\" \/>\n<meta name=\"twitter:site\" content=\"@edmediterrania\" \/>\n<script type=\"application\/ld+json\" class=\"yoast-schema-graph\">{\"@context\":\"https:\/\/schema.org\",\"@graph\":[{\"@type\":\"WebPage\",\"@id\":\"https:\/\/editorialmediterrania.com\/en\/minorca-results\/\",\"url\":\"https:\/\/editorialmediterrania.com\/en\/minorca-results\/\",\"name\":\"Congratulations explorer of Menorca! - Editorial Mediterr\u00e0nia\",\"isPartOf\":{\"@id\":\"https:\/\/editorialmediterrania.com\/en\/#website\"},\"primaryImageOfPage\":{\"@id\":\"https:\/\/editorialmediterrania.com\/en\/minorca-results\/#primaryimage\"},\"image\":{\"@id\":\"https:\/\/editorialmediterrania.com\/en\/minorca-results\/#primaryimage\"},\"thumbnailUrl\":\"http:\/\/localhost:8888\/mediterrania\/wp-content\/uploads\/2017\/01\/ExploremMenorcaingles-98-diploma-min-1024x721.jpg\",\"datePublished\":\"2017-01-30T22:30:37+00:00\",\"dateModified\":\"2017-04-26T09:25:46+00:00\",\"description\":\"Descobreix un m\u00f3n de meravelles a trav\u00e9s dels llibres de la nostra editorial especialitzada en art, cultura i natura per a fam\u00edlies. Amb il\u00b7lustracions fascinants i hist\u00f2ries enriquidores, inspirem el descobriment i la curiositat en petits i grans, connectant-los amb el patrimoni cultural i el meravell\u00f3s m\u00f3n natural que ens envolta\",\"inLanguage\":\"en-US\",\"potentialAction\":[{\"@type\":\"ReadAction\",\"target\":[\"https:\/\/editorialmediterrania.com\/en\/minorca-results\/\"]}]},{\"@type\":\"ImageObject\",\"inLanguage\":\"en-US\",\"@id\":\"https:\/\/editorialmediterrania.com\/en\/minorca-results\/#primaryimage\",\"url\":\"http:\/\/localhost:8888\/mediterrania\/wp-content\/uploads\/2017\/01\/ExploremMenorcaingles-98-diploma-min-1024x721.jpg\",\"contentUrl\":\"http:\/\/localhost:8888\/mediterrania\/wp-content\/uploads\/2017\/01\/ExploremMenorcaingles-98-diploma-min-1024x721.jpg\"},{\"@type\":\"WebSite\",\"@id\":\"https:\/\/editorialmediterrania.com\/en\/#website\",\"url\":\"https:\/\/editorialmediterrania.com\/en\/\",\"name\":\"Editorial Mediterrania\",\"description\":\"Llibres que t\u2019obriran nous mons\",\"publisher\":{\"@id\":\"https:\/\/editorialmediterrania.com\/en\/#organization\"},\"alternateName\":\"Llibres infantils d'art, cultura i natura\",\"potentialAction\":[{\"@type\":\"SearchAction\",\"target\":{\"@type\":\"EntryPoint\",\"urlTemplate\":\"https:\/\/editorialmediterrania.com\/en\/?s={search_term_string}\"},\"query-input\":\"required name=search_term_string\"}],\"inLanguage\":\"en-US\"},{\"@type\":\"Organization\",\"@id\":\"https:\/\/editorialmediterrania.com\/en\/#organization\",\"name\":\"Editorial Mediterrania\",\"alternateName\":\"Llibres d'art, cultura i natura per infants i fam\u00edlies\",\"url\":\"https:\/\/editorialmediterrania.com\/en\/\",\"logo\":{\"@type\":\"ImageObject\",\"inLanguage\":\"en-US\",\"@id\":\"https:\/\/editorialmediterrania.com\/en\/#\/schema\/logo\/image\/\",\"url\":\"https:\/\/editorialmediterrania.com\/wp-content\/uploads\/2023\/03\/LOGO-ED_MEDITERRANIA_OK-2.png\",\"contentUrl\":\"https:\/\/editorialmediterrania.com\/wp-content\/uploads\/2023\/03\/LOGO-ED_MEDITERRANIA_OK-2.png\",\"width\":1200,\"height\":300,\"caption\":\"Editorial Mediterrania\"},\"image\":{\"@id\":\"https:\/\/editorialmediterrania.com\/en\/#\/schema\/logo\/image\/\"},\"sameAs\":[\"https:\/\/x.com\/edmediterrania\",\"https:\/\/www.instagram.com\/editorialmediterrania\/\"]}]}<\/script>\n<!-- \/ Yoast SEO plugin. -->","yoast_head_json":{"title":"Congratulations explorer of Menorca! - Editorial Mediterr\u00e0nia","description":"Descobreix un m\u00f3n de meravelles a trav\u00e9s dels llibres de la nostra editorial especialitzada en art, cultura i natura per a fam\u00edlies. Amb il\u00b7lustracions fascinants i hist\u00f2ries enriquidores, inspirem el descobriment i la curiositat en petits i grans, connectant-los amb el patrimoni cultural i el meravell\u00f3s m\u00f3n natural que ens envolta","robots":{"index":"index","follow":"follow","max-snippet":"max-snippet:-1","max-image-preview":"max-image-preview:large","max-video-preview":"max-video-preview:-1"},"canonical":"https:\/\/editorialmediterrania.com\/en\/minorca-results\/","og_locale":"en_US","og_type":"article","og_title":"Congratulations explorer of Menorca! - Editorial Mediterr\u00e0nia","og_description":"Descobreix un m\u00f3n de meravelles a trav\u00e9s dels llibres de la nostra editorial especialitzada en art, cultura i natura per a fam\u00edlies. Amb il\u00b7lustracions fascinants i hist\u00f2ries enriquidores, inspirem el descobriment i la curiositat en petits i grans, connectant-los amb el patrimoni cultural i el meravell\u00f3s m\u00f3n natural que ens envolta","og_url":"https:\/\/editorialmediterrania.com\/en\/minorca-results\/","og_site_name":"Editorial Mediterr\u00e0nia","article_modified_time":"2017-04-26T09:25:46+00:00","og_image":[{"url":"http:\/\/localhost:8888\/mediterrania\/wp-content\/uploads\/2017\/01\/ExploremMenorcaingles-98-diploma-min-1024x721.jpg"}],"twitter_card":"summary_large_image","twitter_site":"@edmediterrania","schema":{"@context":"https:\/\/schema.org","@graph":[{"@type":"WebPage","@id":"https:\/\/editorialmediterrania.com\/en\/minorca-results\/","url":"https:\/\/editorialmediterrania.com\/en\/minorca-results\/","name":"Congratulations explorer of Menorca! - Editorial Mediterr\u00e0nia","isPartOf":{"@id":"https:\/\/editorialmediterrania.com\/en\/#website"},"primaryImageOfPage":{"@id":"https:\/\/editorialmediterrania.com\/en\/minorca-results\/#primaryimage"},"image":{"@id":"https:\/\/editorialmediterrania.com\/en\/minorca-results\/#primaryimage"},"thumbnailUrl":"http:\/\/localhost:8888\/mediterrania\/wp-content\/uploads\/2017\/01\/ExploremMenorcaingles-98-diploma-min-1024x721.jpg","datePublished":"2017-01-30T22:30:37+00:00","dateModified":"2017-04-26T09:25:46+00:00","description":"Descobreix un m\u00f3n de meravelles a trav\u00e9s dels llibres de la nostra editorial especialitzada en art, cultura i natura per a fam\u00edlies. Amb il\u00b7lustracions fascinants i hist\u00f2ries enriquidores, inspirem el descobriment i la curiositat en petits i grans, connectant-los amb el patrimoni cultural i el meravell\u00f3s m\u00f3n natural que ens envolta","inLanguage":"en-US","potentialAction":[{"@type":"ReadAction","target":["https:\/\/editorialmediterrania.com\/en\/minorca-results\/"]}]},{"@type":"ImageObject","inLanguage":"en-US","@id":"https:\/\/editorialmediterrania.com\/en\/minorca-results\/#primaryimage","url":"http:\/\/localhost:8888\/mediterrania\/wp-content\/uploads\/2017\/01\/ExploremMenorcaingles-98-diploma-min-1024x721.jpg","contentUrl":"http:\/\/localhost:8888\/mediterrania\/wp-content\/uploads\/2017\/01\/ExploremMenorcaingles-98-diploma-min-1024x721.jpg"},{"@type":"WebSite","@id":"https:\/\/editorialmediterrania.com\/en\/#website","url":"https:\/\/editorialmediterrania.com\/en\/","name":"Editorial Mediterrania","description":"Llibres que t\u2019obriran nous mons","publisher":{"@id":"https:\/\/editorialmediterrania.com\/en\/#organization"},"alternateName":"Llibres infantils d'art, cultura i natura","potentialAction":[{"@type":"SearchAction","target":{"@type":"EntryPoint","urlTemplate":"https:\/\/editorialmediterrania.com\/en\/?s={search_term_string}"},"query-input":"required name=search_term_string"}],"inLanguage":"en-US"},{"@type":"Organization","@id":"https:\/\/editorialmediterrania.com\/en\/#organization","name":"Editorial Mediterrania","alternateName":"Llibres d'art, cultura i natura per infants i fam\u00edlies","url":"https:\/\/editorialmediterrania.com\/en\/","logo":{"@type":"ImageObject","inLanguage":"en-US","@id":"https:\/\/editorialmediterrania.com\/en\/#\/schema\/logo\/image\/","url":"https:\/\/editorialmediterrania.com\/wp-content\/uploads\/2023\/03\/LOGO-ED_MEDITERRANIA_OK-2.png","contentUrl":"https:\/\/editorialmediterrania.com\/wp-content\/uploads\/2023\/03\/LOGO-ED_MEDITERRANIA_OK-2.png","width":1200,"height":300,"caption":"Editorial Mediterrania"},"image":{"@id":"https:\/\/editorialmediterrania.com\/en\/#\/schema\/logo\/image\/"},"sameAs":["https:\/\/x.com\/edmediterrania","https:\/\/www.instagram.com\/editorialmediterrania\/"]}]}},"_links":{"self":[{"href":"https:\/\/editorialmediterrania.com\/en\/wp-json\/wp\/v2\/pages\/27292","targetHints":{"allow":["GET"]}}],"collection":[{"href":"https:\/\/editorialmediterrania.com\/en\/wp-json\/wp\/v2\/pages"}],"about":[{"href":"https:\/\/editorialmediterrania.com\/en\/wp-json\/wp\/v2\/types\/page"}],"author":[{"embeddable":true,"href":"https:\/\/editorialmediterrania.com\/en\/wp-json\/wp\/v2\/users\/39"}],"replies":[{"embeddable":true,"href":"https:\/\/editorialmediterrania.com\/en\/wp-json\/wp\/v2\/comments?post=27292"}],"version-history":[{"count":0,"href":"https:\/\/editorialmediterrania.com\/en\/wp-json\/wp\/v2\/pages\/27292\/revisions"}],"wp:attachment":[{"href":"https:\/\/editorialmediterrania.com\/en\/wp-json\/wp\/v2\/media?parent=27292"}],"curies":[{"name":"wp","href":"https:\/\/api.w.org\/{rel}","templated":true}]}}