{"id":33447,"date":"2020-06-08T13:47:41","date_gmt":"2020-06-08T11:47:41","guid":{"rendered":"http:\/\/localhost:8888\/mediterrania\/informacion-mascarillas-sonrisa-de-artista\/"},"modified":"2020-06-08T14:08:20","modified_gmt":"2020-06-08T12:08:20","slug":"informacion-mascarillas-sonrisa-de-artista","status":"publish","type":"page","link":"https:\/\/editorialmediterrania.com\/en\/informacion-mascarillas-sonrisa-de-artista\/","title":{"rendered":"Informaci\u00f3n mascarillas Sonrisa de artista"},"content":{"rendered":"<p><img fetchpriority=\"high\" decoding=\"async\" class=\"alignnone wp-image-33401 size-full\" src=\"http:\/\/localhost:8888\/mediterrania\/\/wp-content\/uploads\/2020\/06\/Banners2_2667x1500_blancs.jpg\" alt=\"Sonrisa de artista\" width=\"11113\" height=\"6250\" \/><\/p>\n<p><b class=\"\">\u00bfQu\u00e9 significa mascarilla higi\u00e9nica reutilizable?<br \/>\n<\/b>Existen 2 tipos generales de mascarillas: las quir\u00fargicas (destinadas principalmente al personal sanitarios y de un solo uso) y las higi\u00e9nicas (las obligatorias para la poblaci\u00f3n). Dentro de las higi\u00e9nicas, tenemos las de un solo uso y las reutilizables, que son las que os ofrecemos y que se pueden lavar y seguir utilizando hasta 200 horas.<\/p>\n<p><b class=\"\">\u00bfCu\u00e1ntas veces puedo lavar la mascarilla?<br \/>\n<\/b>Esta mascarilla est\u00e1 certificada hasta 25 lavados, lo que quiere decir que hasta 25 lavados se garantiza que no habr\u00e1 deperfectos en el tejido, aunque es verdad que a veces puede durar m\u00e1s si se lava con detergente de ropa delicada o de beb\u00e9 o si se hacen ciclos de lavado cortos.<\/p>\n<p><b class=\"\">\u00bfCada cu\u00e1nto tengo que lavarla?<br \/>\n<\/b>Todo depende de la exposici\u00f3n al virus que experimentes. Si est\u00e1s en contacto con personas contagiadas, si vas a hospitales o centro de atenci\u00f3n primaria, es mejor que se lave cada 4 horas. Para una exposici\u00f3n normal, es decir ir a trabajar, en el transporte p\u00fablico, ir a comprar, pasear, etc. la mascarilla se puede llevar durante 8 horas sin lavarla.<\/p>\n<p><b class=\"\">\u00bfC\u00f3mo tengo que lavarla?<\/b><\/p>\n<ul class=\"\">\n<li class=\"\"><span class=\"\">Lavar antes del primer uso<\/span><\/li>\n<li class=\"\"><span class=\"\">Lavable a mano con jabon<\/span><\/li>\n<li class=\"\"><span class=\"\">Se pueden lavar en lavadora a un m\u00e1ximo de 60\u00ba con detergente neutro. Programa corto<\/span><\/li>\n<li class=\"\"><span class=\"\">Recomendable planchar a 140\u00ba durante 10-15 segundos para reactivar sus propiedades hidr\u00f3fugas<\/span><\/li>\n<li class=\"\"><span class=\"\">No usar lej\u00eda<\/span><\/li>\n<li class=\"\"><span class=\"\">Secar al aire<\/span><\/li>\n<li class=\"\"><span class=\"\">Lavarse las manos con agua y jab\u00f3n o frotarlas con una soluci\u00f3n hidroalcoh\u00f3lica antes de manipular la mascarilla<\/span><\/li>\n<\/ul>\n<p><b class=\"\">\u00bfMe pretege de los contagios de terceras personas?<br \/>\n<\/b>S\u00ed. E<span class=\"\">vita el paso de agua y gotitas cuando nos hablan y dificulta el paso de part\u00edculas.<\/span><\/p>\n<p><b class=\"\">\u00bfProtege a las otras personas si estoy contagiada?<br \/>\n<\/b>S\u00ed.\u00a0<span class=\"\">Protegen y evita que las gotitas de saliva que expulsamos al hablar, respirar o estornudar salgan hacia el exterior. De esta manera aumentamos la protecci\u00f3n hacia las personas de nuestro alrededor.<\/span><\/p>\n<p><b class=\"\">\u00bfEl tejido est\u00e1 homologado?<br \/>\n<\/b>S\u00ed. Cumple\u00a0la <span class=\"\">normativa UNE 0065:2020,<\/span><span class=\"\">\u00a0UNE-EN14683 y UNE-EN149 (filtraci\u00f3n +95%) y EN-13795.\u00a0<\/span><span class=\"\">Cumple con la directiva europea de Productos Sanitarios CEE\/93\/42<\/span>.\u00a0<span class=\"\">El tejido incluso dispone de\u00a0certificado AITEX 2020TM0803.\u00a0<\/span><span class=\"\">Este producto est\u00e1 realizado al 100% con poli\u00e9ster y presenta certificado OEKO-TEX\u00ae est\u00e1ndar 100 clase I: es, por lo tanto, apto para un contacto prolongado con la piel<\/span><\/p>\n<p><span class=\"\"><b class=\"\">\u00bfY todo esto qu\u00e9 quiere decir?<br \/>\n<\/b><\/span><span class=\"\">Pues que\u00a0<\/span>usamos un\u00a0<span class=\"\">tejido hidr\u00f3fugo, lavable y antibacteriano, que<\/span><span class=\"\">\u00a0previene la proliferaci\u00f3n de bacterias y evita malos olores.\u00a0<\/span>Repele el agua (o lo que es lo mismo, gotitas de saliva) tanto de entrada como de salida.\u00a0<span class=\"\">Reduce la inspiraci\u00f3n de polvos, microorganismos y part\u00edculas.\u00a0<\/span>El tejido que utilizamos es transpirable, muy fresco, agradable al contacto con la piel y ligero para disminuir esa sensaci\u00f3n de ahogo tan caracter\u00edstica de las mascarillas de un solo uso. La mascarilla tiene un dise\u00f1o ergon\u00f3mico y costuras suaves. Las gomas se cogen detr\u00e1s de las orejas para una mayor comodidad.<\/p>\n<div class=\"\"><b class=\"\">\u00bfHay tallas?<br \/>\n<\/b>Os ofrecemos mascarillas pensadas y hechas por mujeres, destinadas a mujeres. Se trata de la talla de adulto peque\u00f1a la que tenemos a la venta especialmente pensada para el p\u00fablico femenino. Si las gomas quedan demasiado largas para su uso c\u00f3modo, se les pueden dar unos puntos de costura para adaptarla a la medida de cada una.<\/div>\n<div><\/div>\n<div class=\"\"><b class=\"\">\u00bfPor qu\u00e9 vale m\u00e1s dinero esta mascarilla que otras que se venden?<br \/>\n<\/b>Nuestras mascarillas no son tan caras si se comparan con una mascarilla de un solo uso que dura de 4 a 8 horas, puesto que las nuestras duran 200 horas. Pero no solo eso, sino que est\u00e1n elaboradas con materiales homologados que cumplen todas las normativas, tejido de alta calidad, producidas en Espa\u00f1a para ayudar a nuestras f\u00e1bricas y a sus trabajadores. Est\u00e1n ilustradas por grandes artistas de la ilustraci\u00f3n y colaboras con diferentes causas sociales cuando compras una de nuestras mascarillas.<\/div>\n<p><b class=\"\">\u00a1Tengo m\u00e1s preguntas!<br \/>\n<\/b>Puedes escribirnos a <a class=\"\" href=\"mailto:editorial@editorialmediterrania.com\">editorial@editorialmediterrania.com<\/a>\u00a0o a trav\u00e9s de nuestras redes sociales y, a parte de responderte directamente, tambi\u00e9n ampliaremos esta secci\u00f3n de preguntas y respuestas con tus aportaciones. \u00a1Muchas gracias!<\/p>\n","protected":false},"excerpt":{"rendered":"<p>\u00bfQu\u00e9 significa mascarilla higi\u00e9nica reutilizable? Existen 2 tipos generales de mascarillas: las quir\u00fargicas (destinadas principalmente al personal sanitarios y de un solo uso) y las higi\u00e9nicas (las obligatorias para la poblaci\u00f3n). Dentro de las higi\u00e9nicas, tenemos las de un solo uso y las reutilizables, que son las que os ofrecemos y que se pueden lavar [&hellip;]<\/p>\n","protected":false},"author":40,"featured_media":0,"parent":0,"menu_order":0,"comment_status":"closed","ping_status":"closed","template":"","meta":{"footnotes":""},"class_list":["post-33447","page","type-page","status-publish","hentry"],"acf":[],"yoast_head":"<!-- This site is optimized with the Yoast SEO plugin v22.8 - https:\/\/yoast.com\/wordpress\/plugins\/seo\/ -->\n<title>Informaci\u00f3n mascarillas Sonrisa de artista - Editorial Mediterr\u00e0nia<\/title>\n<meta name=\"description\" content=\"Mascarillas higi\u00e9nicas reutilizables #SonrisaDeArtista. Usamos un\u00a0tejido hidr\u00f3fugo, lavable y antibacteriano. Hasta 25 lavados a 60\u00ba.\" \/>\n<meta name=\"robots\" content=\"index, follow, max-snippet:-1, max-image-preview:large, max-video-preview:-1\" \/>\n<link rel=\"canonical\" href=\"https:\/\/editorialmediterrania.com\/en\/informacion-mascarillas-sonrisa-de-artista\/\" \/>\n<meta property=\"og:locale\" content=\"en_US\" \/>\n<meta property=\"og:type\" content=\"article\" \/>\n<meta property=\"og:title\" content=\"Informaci\u00f3n mascarillas Sonrisa de artista - Editorial Mediterr\u00e0nia\" \/>\n<meta property=\"og:description\" content=\"Mascarillas higi\u00e9nicas reutilizables #SonrisaDeArtista. Usamos un\u00a0tejido hidr\u00f3fugo, lavable y antibacteriano. Hasta 25 lavados a 60\u00ba.\" \/>\n<meta property=\"og:url\" content=\"https:\/\/editorialmediterrania.com\/en\/informacion-mascarillas-sonrisa-de-artista\/\" \/>\n<meta property=\"og:site_name\" content=\"Editorial Mediterr\u00e0nia\" \/>\n<meta property=\"article:modified_time\" content=\"2020-06-08T12:08:20+00:00\" \/>\n<meta property=\"og:image\" content=\"http:\/\/localhost:8888\/mediterrania\/\/wp-content\/uploads\/2020\/06\/Banners2_2667x1500_blancs.jpg\" \/>\n<meta name=\"twitter:card\" content=\"summary_large_image\" \/>\n<meta name=\"twitter:site\" content=\"@edmediterrania\" \/>\n<meta name=\"twitter:label1\" content=\"Est. reading time\" \/>\n\t<meta name=\"twitter:data1\" content=\"4 minutes\" \/>\n<script type=\"application\/ld+json\" class=\"yoast-schema-graph\">{\"@context\":\"https:\/\/schema.org\",\"@graph\":[{\"@type\":\"WebPage\",\"@id\":\"https:\/\/editorialmediterrania.com\/en\/informacion-mascarillas-sonrisa-de-artista\/\",\"url\":\"https:\/\/editorialmediterrania.com\/en\/informacion-mascarillas-sonrisa-de-artista\/\",\"name\":\"Informaci\u00f3n mascarillas Sonrisa de artista - Editorial Mediterr\u00e0nia\",\"isPartOf\":{\"@id\":\"https:\/\/editorialmediterrania.com\/en\/#website\"},\"primaryImageOfPage\":{\"@id\":\"https:\/\/editorialmediterrania.com\/en\/informacion-mascarillas-sonrisa-de-artista\/#primaryimage\"},\"image\":{\"@id\":\"https:\/\/editorialmediterrania.com\/en\/informacion-mascarillas-sonrisa-de-artista\/#primaryimage\"},\"thumbnailUrl\":\"http:\/\/localhost:8888\/mediterrania\/\/wp-content\/uploads\/2020\/06\/Banners2_2667x1500_blancs.jpg\",\"datePublished\":\"2020-06-08T11:47:41+00:00\",\"dateModified\":\"2020-06-08T12:08:20+00:00\",\"description\":\"Mascarillas higi\u00e9nicas reutilizables #SonrisaDeArtista. Usamos un\u00a0tejido hidr\u00f3fugo, lavable y antibacteriano. Hasta 25 lavados a 60\u00ba.\",\"inLanguage\":\"en-US\",\"potentialAction\":[{\"@type\":\"ReadAction\",\"target\":[\"https:\/\/editorialmediterrania.com\/en\/informacion-mascarillas-sonrisa-de-artista\/\"]}]},{\"@type\":\"ImageObject\",\"inLanguage\":\"en-US\",\"@id\":\"https:\/\/editorialmediterrania.com\/en\/informacion-mascarillas-sonrisa-de-artista\/#primaryimage\",\"url\":\"http:\/\/localhost:8888\/mediterrania\/\/wp-content\/uploads\/2020\/06\/Banners2_2667x1500_blancs.jpg\",\"contentUrl\":\"http:\/\/localhost:8888\/mediterrania\/\/wp-content\/uploads\/2020\/06\/Banners2_2667x1500_blancs.jpg\"},{\"@type\":\"WebSite\",\"@id\":\"https:\/\/editorialmediterrania.com\/en\/#website\",\"url\":\"https:\/\/editorialmediterrania.com\/en\/\",\"name\":\"Editorial Mediterrania\",\"description\":\"Llibres que t\u2019obriran nous mons\",\"publisher\":{\"@id\":\"https:\/\/editorialmediterrania.com\/en\/#organization\"},\"alternateName\":\"Llibres infantils d'art, cultura i natura\",\"potentialAction\":[{\"@type\":\"SearchAction\",\"target\":{\"@type\":\"EntryPoint\",\"urlTemplate\":\"https:\/\/editorialmediterrania.com\/en\/?s={search_term_string}\"},\"query-input\":\"required name=search_term_string\"}],\"inLanguage\":\"en-US\"},{\"@type\":\"Organization\",\"@id\":\"https:\/\/editorialmediterrania.com\/en\/#organization\",\"name\":\"Editorial Mediterrania\",\"alternateName\":\"Llibres d'art, cultura i natura per infants i fam\u00edlies\",\"url\":\"https:\/\/editorialmediterrania.com\/en\/\",\"logo\":{\"@type\":\"ImageObject\",\"inLanguage\":\"en-US\",\"@id\":\"https:\/\/editorialmediterrania.com\/en\/#\/schema\/logo\/image\/\",\"url\":\"https:\/\/editorialmediterrania.com\/wp-content\/uploads\/2023\/03\/LOGO-ED_MEDITERRANIA_OK-2.png\",\"contentUrl\":\"https:\/\/editorialmediterrania.com\/wp-content\/uploads\/2023\/03\/LOGO-ED_MEDITERRANIA_OK-2.png\",\"width\":1200,\"height\":300,\"caption\":\"Editorial Mediterrania\"},\"image\":{\"@id\":\"https:\/\/editorialmediterrania.com\/en\/#\/schema\/logo\/image\/\"},\"sameAs\":[\"https:\/\/x.com\/edmediterrania\",\"https:\/\/www.instagram.com\/editorialmediterrania\/\"]}]}<\/script>\n<!-- \/ Yoast SEO plugin. -->","yoast_head_json":{"title":"Informaci\u00f3n mascarillas Sonrisa de artista - Editorial Mediterr\u00e0nia","description":"Mascarillas higi\u00e9nicas reutilizables #SonrisaDeArtista. Usamos un\u00a0tejido hidr\u00f3fugo, lavable y antibacteriano. Hasta 25 lavados a 60\u00ba.","robots":{"index":"index","follow":"follow","max-snippet":"max-snippet:-1","max-image-preview":"max-image-preview:large","max-video-preview":"max-video-preview:-1"},"canonical":"https:\/\/editorialmediterrania.com\/en\/informacion-mascarillas-sonrisa-de-artista\/","og_locale":"en_US","og_type":"article","og_title":"Informaci\u00f3n mascarillas Sonrisa de artista - Editorial Mediterr\u00e0nia","og_description":"Mascarillas higi\u00e9nicas reutilizables #SonrisaDeArtista. Usamos un\u00a0tejido hidr\u00f3fugo, lavable y antibacteriano. Hasta 25 lavados a 60\u00ba.","og_url":"https:\/\/editorialmediterrania.com\/en\/informacion-mascarillas-sonrisa-de-artista\/","og_site_name":"Editorial Mediterr\u00e0nia","article_modified_time":"2020-06-08T12:08:20+00:00","og_image":[{"url":"http:\/\/localhost:8888\/mediterrania\/\/wp-content\/uploads\/2020\/06\/Banners2_2667x1500_blancs.jpg"}],"twitter_card":"summary_large_image","twitter_site":"@edmediterrania","twitter_misc":{"Est. reading time":"4 minutes"},"schema":{"@context":"https:\/\/schema.org","@graph":[{"@type":"WebPage","@id":"https:\/\/editorialmediterrania.com\/en\/informacion-mascarillas-sonrisa-de-artista\/","url":"https:\/\/editorialmediterrania.com\/en\/informacion-mascarillas-sonrisa-de-artista\/","name":"Informaci\u00f3n mascarillas Sonrisa de artista - Editorial Mediterr\u00e0nia","isPartOf":{"@id":"https:\/\/editorialmediterrania.com\/en\/#website"},"primaryImageOfPage":{"@id":"https:\/\/editorialmediterrania.com\/en\/informacion-mascarillas-sonrisa-de-artista\/#primaryimage"},"image":{"@id":"https:\/\/editorialmediterrania.com\/en\/informacion-mascarillas-sonrisa-de-artista\/#primaryimage"},"thumbnailUrl":"http:\/\/localhost:8888\/mediterrania\/\/wp-content\/uploads\/2020\/06\/Banners2_2667x1500_blancs.jpg","datePublished":"2020-06-08T11:47:41+00:00","dateModified":"2020-06-08T12:08:20+00:00","description":"Mascarillas higi\u00e9nicas reutilizables #SonrisaDeArtista. Usamos un\u00a0tejido hidr\u00f3fugo, lavable y antibacteriano. Hasta 25 lavados a 60\u00ba.","inLanguage":"en-US","potentialAction":[{"@type":"ReadAction","target":["https:\/\/editorialmediterrania.com\/en\/informacion-mascarillas-sonrisa-de-artista\/"]}]},{"@type":"ImageObject","inLanguage":"en-US","@id":"https:\/\/editorialmediterrania.com\/en\/informacion-mascarillas-sonrisa-de-artista\/#primaryimage","url":"http:\/\/localhost:8888\/mediterrania\/\/wp-content\/uploads\/2020\/06\/Banners2_2667x1500_blancs.jpg","contentUrl":"http:\/\/localhost:8888\/mediterrania\/\/wp-content\/uploads\/2020\/06\/Banners2_2667x1500_blancs.jpg"},{"@type":"WebSite","@id":"https:\/\/editorialmediterrania.com\/en\/#website","url":"https:\/\/editorialmediterrania.com\/en\/","name":"Editorial Mediterrania","description":"Llibres que t\u2019obriran nous mons","publisher":{"@id":"https:\/\/editorialmediterrania.com\/en\/#organization"},"alternateName":"Llibres infantils d'art, cultura i natura","potentialAction":[{"@type":"SearchAction","target":{"@type":"EntryPoint","urlTemplate":"https:\/\/editorialmediterrania.com\/en\/?s={search_term_string}"},"query-input":"required name=search_term_string"}],"inLanguage":"en-US"},{"@type":"Organization","@id":"https:\/\/editorialmediterrania.com\/en\/#organization","name":"Editorial Mediterrania","alternateName":"Llibres d'art, cultura i natura per infants i fam\u00edlies","url":"https:\/\/editorialmediterrania.com\/en\/","logo":{"@type":"ImageObject","inLanguage":"en-US","@id":"https:\/\/editorialmediterrania.com\/en\/#\/schema\/logo\/image\/","url":"https:\/\/editorialmediterrania.com\/wp-content\/uploads\/2023\/03\/LOGO-ED_MEDITERRANIA_OK-2.png","contentUrl":"https:\/\/editorialmediterrania.com\/wp-content\/uploads\/2023\/03\/LOGO-ED_MEDITERRANIA_OK-2.png","width":1200,"height":300,"caption":"Editorial Mediterrania"},"image":{"@id":"https:\/\/editorialmediterrania.com\/en\/#\/schema\/logo\/image\/"},"sameAs":["https:\/\/x.com\/edmediterrania","https:\/\/www.instagram.com\/editorialmediterrania\/"]}]}},"_links":{"self":[{"href":"https:\/\/editorialmediterrania.com\/en\/wp-json\/wp\/v2\/pages\/33447","targetHints":{"allow":["GET"]}}],"collection":[{"href":"https:\/\/editorialmediterrania.com\/en\/wp-json\/wp\/v2\/pages"}],"about":[{"href":"https:\/\/editorialmediterrania.com\/en\/wp-json\/wp\/v2\/types\/page"}],"author":[{"embeddable":true,"href":"https:\/\/editorialmediterrania.com\/en\/wp-json\/wp\/v2\/users\/40"}],"replies":[{"embeddable":true,"href":"https:\/\/editorialmediterrania.com\/en\/wp-json\/wp\/v2\/comments?post=33447"}],"version-history":[{"count":0,"href":"https:\/\/editorialmediterrania.com\/en\/wp-json\/wp\/v2\/pages\/33447\/revisions"}],"wp:attachment":[{"href":"https:\/\/editorialmediterrania.com\/en\/wp-json\/wp\/v2\/media?parent=33447"}],"curies":[{"name":"wp","href":"https:\/\/api.w.org\/{rel}","templated":true}]}}