{"id":11948,"date":"2014-03-17T08:34:05","date_gmt":"2014-03-17T07:34:05","guid":{"rendered":"http:\/\/editorialmediterrania.net\/?post_type=product&#038;p=11948"},"modified":"2025-06-17T11:43:33","modified_gmt":"2025-06-17T09:43:33","slug":"hortalisses-flors-remeieres","status":"publish","type":"product","link":"https:\/\/editorialmediterrania.com\/en\/product\/hortalisses-flors-remeieres\/","title":{"rendered":"Hortalisses i flors remeieres"},"content":{"rendered":"<p style=\"text-align: justify;\">Despr\u00e9s de la gran acollida dels llibres\u00a0<em>Els caputxins i les herbes remeieres<\/em>\u00a0(4 edicions) i\u00a0<em>P\u00f3cimas de capuchino<\/em>, el caputx\u00ed i sacerdot Fra Valent\u00ed Serra i Fornell (Manresa, 1959) ens ofereix aquesta aproximaci\u00f3 a les principals tradicions agr\u00e0ries desenvolupades pels hortolans caputxins, que ha espigolat i transcrit de manuscrits in\u00e8dits i d\u2019antics tractats d\u2019horticultura.<\/p>\n<p style=\"text-align: justify;\">El nou t\u00edtol de la col\u00b7lecci\u00f3\u00a0<em>A la caputxina<\/em>\u00a0presenta quines s\u00f3n les peculiars virtuts remeieres de les herbes santes i ofereix una tria de receptes i de remeis, junt amb una curiosa selecci\u00f3 d\u2019antigues tradicions agr\u00e0ries practicades a les hortes i jardins conventuals.<\/p>\n<p>Aquest llibre tamb\u00e9 est\u00e0 disponible en format ebook o llibre electr\u00f2nic que podr\u00e0s trobar a la web del nostre distribu\u00efdor digital\u00a0<a href=\"http:\/\/www.zonaebooks.com\/Inicio\">Zonaebooks<\/a>.<\/p>\n<p style=\"text-align: justify;\">\n","protected":false},"excerpt":{"rendered":"<p>Despr\u00e9s de la gran acollida dels llibres\u00a0Els caputxins i les herbes remeieres\u00a0(4 edicions) i\u00a0P\u00f3cimas de capuchino, el caputx\u00ed i sacerdot Fra Valent\u00ed Serra i Fornell (Manresa, 1959) ens ofereix aquesta aproximaci\u00f3 a les principals tradicions agr\u00e0ries desenvolupades pels hortolans caputxins, que ha espigolat i transcrit de manuscrits in\u00e8dits i d\u2019antics tractats d\u2019horticultura. El nou t\u00edtol [&hellip;]<\/p>\n","protected":false},"featured_media":22617,"template":"","meta":[],"product_cat":[6541,3351],"product_tag":[1106,621],"autors":[],"class_list":{"0":"post-11948","1":"product","2":"type-product","3":"status-publish","4":"has-post-thumbnail","6":"product_cat-a-la-caputxina","7":"product_cat-mediterrania-productes","8":"product_tag-fra-valenti-serra-de-manresa-2","9":"product_tag-llibre-dassaig","11":"first","12":"instock","13":"purchasable","14":"product-type-simple","swatches":"rey-swatches","show_selected":""},"acf":[],"yoast_head":"<!-- This site is optimized with the Yoast SEO plugin v22.8 - https:\/\/yoast.com\/wordpress\/plugins\/seo\/ -->\n<title>Hortalisses i flors remeieres - Editorial Mediterr\u00e0nia<\/title>\n<meta name=\"description\" content=\"El llibre &quot; Hortalisses i flors remeieres&quot; presenta quines s\u00f3n les peculiars virtuts remeieres de les herbes santes i ofereix una tria de receptes i de remeis.\" \/>\n<meta name=\"robots\" content=\"index, follow, max-snippet:-1, max-image-preview:large, max-video-preview:-1\" \/>\n<link rel=\"canonical\" href=\"https:\/\/editorialmediterrania.com\/en\/product\/hortalisses-flors-remeieres\/\" \/>\n<meta property=\"og:locale\" content=\"en_US\" \/>\n<meta property=\"og:type\" content=\"article\" \/>\n<meta property=\"og:title\" content=\"Hortalisses i flors remeieres - Editorial Mediterr\u00e0nia\" \/>\n<meta property=\"og:description\" content=\"El llibre &quot; Hortalisses i flors remeieres&quot; presenta quines s\u00f3n les peculiars virtuts remeieres de les herbes santes i ofereix una tria de receptes i de remeis.\" \/>\n<meta property=\"og:url\" content=\"https:\/\/editorialmediterrania.com\/en\/product\/hortalisses-flors-remeieres\/\" \/>\n<meta property=\"og:site_name\" content=\"Editorial Mediterr\u00e0nia\" \/>\n<meta property=\"article:modified_time\" content=\"2025-06-17T09:43:33+00:00\" \/>\n<meta property=\"og:image\" content=\"https:\/\/editorialmediterrania.com\/wp-content\/uploads\/2014\/03\/Hortalisses-i-flors-remeieres1.jpg\" \/>\n\t<meta property=\"og:image:width\" content=\"600\" \/>\n\t<meta property=\"og:image:height\" content=\"838\" \/>\n\t<meta property=\"og:image:type\" content=\"image\/jpeg\" \/>\n<meta name=\"twitter:card\" content=\"summary_large_image\" \/>\n<meta name=\"twitter:site\" content=\"@edmediterrania\" \/>\n<meta name=\"twitter:label1\" content=\"Est. reading time\" \/>\n\t<meta name=\"twitter:data1\" content=\"1 minute\" \/>\n<script type=\"application\/ld+json\" class=\"yoast-schema-graph\">{\"@context\":\"https:\/\/schema.org\",\"@graph\":[{\"@type\":\"WebPage\",\"@id\":\"https:\/\/editorialmediterrania.com\/en\/product\/hortalisses-flors-remeieres\/\",\"url\":\"https:\/\/editorialmediterrania.com\/en\/product\/hortalisses-flors-remeieres\/\",\"name\":\"Hortalisses i flors remeieres - Editorial Mediterr\u00e0nia\",\"isPartOf\":{\"@id\":\"https:\/\/editorialmediterrania.com\/en\/#website\"},\"primaryImageOfPage\":{\"@id\":\"https:\/\/editorialmediterrania.com\/en\/product\/hortalisses-flors-remeieres\/#primaryimage\"},\"image\":{\"@id\":\"https:\/\/editorialmediterrania.com\/en\/product\/hortalisses-flors-remeieres\/#primaryimage\"},\"thumbnailUrl\":\"https:\/\/editorialmediterrania.com\/wp-content\/uploads\/2014\/03\/Hortalisses-i-flors-remeieres1.jpg\",\"datePublished\":\"2014-03-17T07:34:05+00:00\",\"dateModified\":\"2025-06-17T09:43:33+00:00\",\"description\":\"El llibre \\\" Hortalisses i flors remeieres\\\" presenta quines s\u00f3n les peculiars virtuts remeieres de les herbes santes i ofereix una tria de receptes i de remeis.\",\"breadcrumb\":{\"@id\":\"https:\/\/editorialmediterrania.com\/en\/product\/hortalisses-flors-remeieres\/#breadcrumb\"},\"inLanguage\":\"en-US\",\"potentialAction\":[{\"@type\":\"ReadAction\",\"target\":[\"https:\/\/editorialmediterrania.com\/en\/product\/hortalisses-flors-remeieres\/\"]}]},{\"@type\":\"ImageObject\",\"inLanguage\":\"en-US\",\"@id\":\"https:\/\/editorialmediterrania.com\/en\/product\/hortalisses-flors-remeieres\/#primaryimage\",\"url\":\"https:\/\/editorialmediterrania.com\/wp-content\/uploads\/2014\/03\/Hortalisses-i-flors-remeieres1.jpg\",\"contentUrl\":\"https:\/\/editorialmediterrania.com\/wp-content\/uploads\/2014\/03\/Hortalisses-i-flors-remeieres1.jpg\",\"width\":600,\"height\":838,\"caption\":\"Hortalisses i flors remeieres - Editorial Mediterr\u00e0nia\"},{\"@type\":\"BreadcrumbList\",\"@id\":\"https:\/\/editorialmediterrania.com\/en\/product\/hortalisses-flors-remeieres\/#breadcrumb\",\"itemListElement\":[{\"@type\":\"ListItem\",\"position\":1,\"name\":\"Children&#8217;s art book store\",\"item\":\"https:\/\/editorialmediterrania.com\/en\/childrens-art-book-store\/\"},{\"@type\":\"ListItem\",\"position\":2,\"name\":\"Hortalisses i flors remeieres\"}]},{\"@type\":\"WebSite\",\"@id\":\"https:\/\/editorialmediterrania.com\/en\/#website\",\"url\":\"https:\/\/editorialmediterrania.com\/en\/\",\"name\":\"Editorial Mediterrania\",\"description\":\"Llibres que t\u2019obriran nous mons\",\"publisher\":{\"@id\":\"https:\/\/editorialmediterrania.com\/en\/#organization\"},\"alternateName\":\"Llibres infantils d'art, cultura i natura\",\"potentialAction\":[{\"@type\":\"SearchAction\",\"target\":{\"@type\":\"EntryPoint\",\"urlTemplate\":\"https:\/\/editorialmediterrania.com\/en\/?s={search_term_string}\"},\"query-input\":\"required name=search_term_string\"}],\"inLanguage\":\"en-US\"},{\"@type\":\"Organization\",\"@id\":\"https:\/\/editorialmediterrania.com\/en\/#organization\",\"name\":\"Editorial Mediterrania\",\"alternateName\":\"Llibres d'art, cultura i natura per infants i fam\u00edlies\",\"url\":\"https:\/\/editorialmediterrania.com\/en\/\",\"logo\":{\"@type\":\"ImageObject\",\"inLanguage\":\"en-US\",\"@id\":\"https:\/\/editorialmediterrania.com\/en\/#\/schema\/logo\/image\/\",\"url\":\"https:\/\/editorialmediterrania.com\/wp-content\/uploads\/2023\/03\/LOGO-ED_MEDITERRANIA_OK-2.png\",\"contentUrl\":\"https:\/\/editorialmediterrania.com\/wp-content\/uploads\/2023\/03\/LOGO-ED_MEDITERRANIA_OK-2.png\",\"width\":1200,\"height\":300,\"caption\":\"Editorial Mediterrania\"},\"image\":{\"@id\":\"https:\/\/editorialmediterrania.com\/en\/#\/schema\/logo\/image\/\"},\"sameAs\":[\"https:\/\/x.com\/edmediterrania\",\"https:\/\/www.instagram.com\/editorialmediterrania\/\"]}]}<\/script>\n<!-- \/ Yoast SEO plugin. -->","yoast_head_json":{"title":"Hortalisses i flors remeieres - Editorial Mediterr\u00e0nia","description":"El llibre \" Hortalisses i flors remeieres\" presenta quines s\u00f3n les peculiars virtuts remeieres de les herbes santes i ofereix una tria de receptes i de remeis.","robots":{"index":"index","follow":"follow","max-snippet":"max-snippet:-1","max-image-preview":"max-image-preview:large","max-video-preview":"max-video-preview:-1"},"canonical":"https:\/\/editorialmediterrania.com\/en\/product\/hortalisses-flors-remeieres\/","og_locale":"en_US","og_type":"article","og_title":"Hortalisses i flors remeieres - Editorial Mediterr\u00e0nia","og_description":"El llibre \" Hortalisses i flors remeieres\" presenta quines s\u00f3n les peculiars virtuts remeieres de les herbes santes i ofereix una tria de receptes i de remeis.","og_url":"https:\/\/editorialmediterrania.com\/en\/product\/hortalisses-flors-remeieres\/","og_site_name":"Editorial Mediterr\u00e0nia","article_modified_time":"2025-06-17T09:43:33+00:00","og_image":[{"width":600,"height":838,"url":"https:\/\/editorialmediterrania.com\/wp-content\/uploads\/2014\/03\/Hortalisses-i-flors-remeieres1.jpg","type":"image\/jpeg"}],"twitter_card":"summary_large_image","twitter_site":"@edmediterrania","twitter_misc":{"Est. reading time":"1 minute"},"schema":{"@context":"https:\/\/schema.org","@graph":[{"@type":"WebPage","@id":"https:\/\/editorialmediterrania.com\/en\/product\/hortalisses-flors-remeieres\/","url":"https:\/\/editorialmediterrania.com\/en\/product\/hortalisses-flors-remeieres\/","name":"Hortalisses i flors remeieres - Editorial Mediterr\u00e0nia","isPartOf":{"@id":"https:\/\/editorialmediterrania.com\/en\/#website"},"primaryImageOfPage":{"@id":"https:\/\/editorialmediterrania.com\/en\/product\/hortalisses-flors-remeieres\/#primaryimage"},"image":{"@id":"https:\/\/editorialmediterrania.com\/en\/product\/hortalisses-flors-remeieres\/#primaryimage"},"thumbnailUrl":"https:\/\/editorialmediterrania.com\/wp-content\/uploads\/2014\/03\/Hortalisses-i-flors-remeieres1.jpg","datePublished":"2014-03-17T07:34:05+00:00","dateModified":"2025-06-17T09:43:33+00:00","description":"El llibre \" Hortalisses i flors remeieres\" presenta quines s\u00f3n les peculiars virtuts remeieres de les herbes santes i ofereix una tria de receptes i de remeis.","breadcrumb":{"@id":"https:\/\/editorialmediterrania.com\/en\/product\/hortalisses-flors-remeieres\/#breadcrumb"},"inLanguage":"en-US","potentialAction":[{"@type":"ReadAction","target":["https:\/\/editorialmediterrania.com\/en\/product\/hortalisses-flors-remeieres\/"]}]},{"@type":"ImageObject","inLanguage":"en-US","@id":"https:\/\/editorialmediterrania.com\/en\/product\/hortalisses-flors-remeieres\/#primaryimage","url":"https:\/\/editorialmediterrania.com\/wp-content\/uploads\/2014\/03\/Hortalisses-i-flors-remeieres1.jpg","contentUrl":"https:\/\/editorialmediterrania.com\/wp-content\/uploads\/2014\/03\/Hortalisses-i-flors-remeieres1.jpg","width":600,"height":838,"caption":"Hortalisses i flors remeieres - Editorial Mediterr\u00e0nia"},{"@type":"BreadcrumbList","@id":"https:\/\/editorialmediterrania.com\/en\/product\/hortalisses-flors-remeieres\/#breadcrumb","itemListElement":[{"@type":"ListItem","position":1,"name":"Children&#8217;s art book store","item":"https:\/\/editorialmediterrania.com\/en\/childrens-art-book-store\/"},{"@type":"ListItem","position":2,"name":"Hortalisses i flors remeieres"}]},{"@type":"WebSite","@id":"https:\/\/editorialmediterrania.com\/en\/#website","url":"https:\/\/editorialmediterrania.com\/en\/","name":"Editorial Mediterrania","description":"Llibres que t\u2019obriran nous mons","publisher":{"@id":"https:\/\/editorialmediterrania.com\/en\/#organization"},"alternateName":"Llibres infantils d'art, cultura i natura","potentialAction":[{"@type":"SearchAction","target":{"@type":"EntryPoint","urlTemplate":"https:\/\/editorialmediterrania.com\/en\/?s={search_term_string}"},"query-input":"required name=search_term_string"}],"inLanguage":"en-US"},{"@type":"Organization","@id":"https:\/\/editorialmediterrania.com\/en\/#organization","name":"Editorial Mediterrania","alternateName":"Llibres d'art, cultura i natura per infants i fam\u00edlies","url":"https:\/\/editorialmediterrania.com\/en\/","logo":{"@type":"ImageObject","inLanguage":"en-US","@id":"https:\/\/editorialmediterrania.com\/en\/#\/schema\/logo\/image\/","url":"https:\/\/editorialmediterrania.com\/wp-content\/uploads\/2023\/03\/LOGO-ED_MEDITERRANIA_OK-2.png","contentUrl":"https:\/\/editorialmediterrania.com\/wp-content\/uploads\/2023\/03\/LOGO-ED_MEDITERRANIA_OK-2.png","width":1200,"height":300,"caption":"Editorial Mediterrania"},"image":{"@id":"https:\/\/editorialmediterrania.com\/en\/#\/schema\/logo\/image\/"},"sameAs":["https:\/\/x.com\/edmediterrania","https:\/\/www.instagram.com\/editorialmediterrania\/"]}]}},"_links":{"self":[{"href":"https:\/\/editorialmediterrania.com\/en\/wp-json\/wp\/v2\/product\/11948","targetHints":{"allow":["GET"]}}],"collection":[{"href":"https:\/\/editorialmediterrania.com\/en\/wp-json\/wp\/v2\/product"}],"about":[{"href":"https:\/\/editorialmediterrania.com\/en\/wp-json\/wp\/v2\/types\/product"}],"wp:featuredmedia":[{"embeddable":true,"href":"https:\/\/editorialmediterrania.com\/en\/wp-json\/wp\/v2\/media\/22617"}],"wp:attachment":[{"href":"https:\/\/editorialmediterrania.com\/en\/wp-json\/wp\/v2\/media?parent=11948"}],"wp:term":[{"taxonomy":"product_cat","embeddable":true,"href":"https:\/\/editorialmediterrania.com\/en\/wp-json\/wp\/v2\/product_cat?post=11948"},{"taxonomy":"product_tag","embeddable":true,"href":"https:\/\/editorialmediterrania.com\/en\/wp-json\/wp\/v2\/product_tag?post=11948"},{"taxonomy":"autors","embeddable":true,"href":"https:\/\/editorialmediterrania.com\/en\/wp-json\/wp\/v2\/autors?post=11948"}],"curies":[{"name":"wp","href":"https:\/\/api.w.org\/{rel}","templated":true}]}}