{"id":11996,"date":"2013-03-27T19:26:56","date_gmt":"2013-03-27T18:26:56","guid":{"rendered":"http:\/\/editorialmediterrania.net\/?post_type=product&#038;p=11996"},"modified":"2015-08-20T23:24:25","modified_gmt":"2015-08-20T21:24:25","slug":"modernisme","status":"publish","type":"product","link":"https:\/\/editorialmediterrania.com\/en\/product\/modernisme\/","title":{"rendered":"Paint! Modernisme"},"content":{"rendered":"<p style=\"text-align: justify;\">After the success reached by Gaud\u00ed, Editorial Mediterr\u00e0nia edits the second volume of the collection Pintem! aimed to the young audience in order to make them know in a more playful way the most emblematic buildings of the Catalan Modernism and the architects who designed them.<\/p>\n<p style=\"text-align: justify;\">Five architects and nine buildings drawn by Pilar\u00edn Bay\u00e9s. The collection wants to show the children the most important buildings and Modernist architects of our country in a more playful way through the drawings of the caricaturist Pilar\u00edn Bay\u00e9s.<\/p>\n<p style=\"text-align: justify;\">The selection of these emblematic buildings has been done according to its relevance. In this sense, by Antoni Gaudi there is the Sagrada Fam\u00edlia, the Casa Batll\u00f3 and the Pedrera; from Josep Puig i Cadafalch there is the Casa Ametller and the F\u00e0brica Casaramona; from Llu\u00eds Dom\u00e8nech i Montaner there is the Palau de la M\u00fasica and the Hospital de Sant Pau; from Manuel Joaquim Raspall, the Can Xammar de Dalt and from Josep Maria Jujol the Torre de la Creu.<\/p>\n","protected":false},"excerpt":{"rendered":"<p><span style=\"font-family: Times;\"><span style=\"font-size: medium;\">After the success reached by Gaud\u00ed, Editorial Mediterr\u00e0nia edits the second volume of the collection Pintem! aimed to the young audience in order to make them know in a more playful way the most emblematic buildings of the Catalan Modernism and the architects who designed them.<\/span><\/span><\/p>\n","protected":false},"featured_media":40932,"template":"","meta":[],"product_cat":[31,184],"product_tag":[4331,1294,4091],"autors":[],"class_list":{"0":"post-11996","1":"product","2":"type-product","3":"status-publish","4":"has-post-thumbnail","6":"product_cat-editorial-mediterrania","7":"product_cat-colouring-books","8":"product_tag-gaudi-en","9":"product_tag-pilarin-bayes-en","10":"product_tag-puig-i-cadafalch-en","12":"first","13":"instock","14":"purchasable","15":"product-type-simple","swatches":"rey-swatches","show_selected":""},"acf":[],"yoast_head":"<!-- This site is optimized with the Yoast SEO plugin v22.8 - https:\/\/yoast.com\/wordpress\/plugins\/seo\/ -->\n<title>Let&#039;s paint with Modernisme<\/title>\n<meta name=\"description\" content=\"Let&#039;s paint with Modernisme\" \/>\n<meta name=\"robots\" content=\"index, follow, max-snippet:-1, max-image-preview:large, max-video-preview:-1\" \/>\n<link rel=\"canonical\" href=\"https:\/\/editorialmediterrania.com\/en\/product\/modernisme\/\" \/>\n<meta property=\"og:locale\" content=\"en_US\" \/>\n<meta property=\"og:type\" content=\"article\" \/>\n<meta property=\"og:title\" content=\"Let&#039;s paint with Modernisme\" \/>\n<meta property=\"og:description\" content=\"Let&#039;s paint with Modernisme\" \/>\n<meta property=\"og:url\" content=\"https:\/\/editorialmediterrania.com\/en\/product\/modernisme\/\" \/>\n<meta property=\"og:site_name\" content=\"Editorial Mediterr\u00e0nia\" \/>\n<meta property=\"article:modified_time\" content=\"2015-08-20T21:24:25+00:00\" \/>\n<meta property=\"og:image\" content=\"https:\/\/editorialmediterrania.com\/wp-content\/uploads\/2013\/03\/modernisme.webp\" \/>\n\t<meta property=\"og:image:width\" content=\"873\" \/>\n\t<meta property=\"og:image:height\" content=\"860\" \/>\n\t<meta property=\"og:image:type\" content=\"image\/webp\" \/>\n<meta name=\"twitter:card\" content=\"summary_large_image\" \/>\n<meta name=\"twitter:site\" content=\"@edmediterrania\" \/>\n<meta name=\"twitter:label1\" content=\"Est. reading time\" \/>\n\t<meta name=\"twitter:data1\" content=\"1 minute\" \/>\n<script type=\"application\/ld+json\" class=\"yoast-schema-graph\">{\"@context\":\"https:\/\/schema.org\",\"@graph\":[{\"@type\":\"WebPage\",\"@id\":\"https:\/\/editorialmediterrania.com\/en\/product\/modernisme\/\",\"url\":\"https:\/\/editorialmediterrania.com\/en\/product\/modernisme\/\",\"name\":\"Let's paint with Modernisme\",\"isPartOf\":{\"@id\":\"https:\/\/editorialmediterrania.com\/en\/#website\"},\"primaryImageOfPage\":{\"@id\":\"https:\/\/editorialmediterrania.com\/en\/product\/modernisme\/#primaryimage\"},\"image\":{\"@id\":\"https:\/\/editorialmediterrania.com\/en\/product\/modernisme\/#primaryimage\"},\"thumbnailUrl\":\"https:\/\/editorialmediterrania.com\/wp-content\/uploads\/2013\/03\/modernisme.webp\",\"datePublished\":\"2013-03-27T18:26:56+00:00\",\"dateModified\":\"2015-08-20T21:24:25+00:00\",\"description\":\"Let's paint with Modernisme\",\"breadcrumb\":{\"@id\":\"https:\/\/editorialmediterrania.com\/en\/product\/modernisme\/#breadcrumb\"},\"inLanguage\":\"en-US\",\"potentialAction\":[{\"@type\":\"ReadAction\",\"target\":[\"https:\/\/editorialmediterrania.com\/en\/product\/modernisme\/\"]}]},{\"@type\":\"ImageObject\",\"inLanguage\":\"en-US\",\"@id\":\"https:\/\/editorialmediterrania.com\/en\/product\/modernisme\/#primaryimage\",\"url\":\"https:\/\/editorialmediterrania.com\/wp-content\/uploads\/2013\/03\/modernisme.webp\",\"contentUrl\":\"https:\/\/editorialmediterrania.com\/wp-content\/uploads\/2013\/03\/modernisme.webp\",\"width\":873,\"height\":860},{\"@type\":\"BreadcrumbList\",\"@id\":\"https:\/\/editorialmediterrania.com\/en\/product\/modernisme\/#breadcrumb\",\"itemListElement\":[{\"@type\":\"ListItem\",\"position\":1,\"name\":\"Children&#8217;s art book store\",\"item\":\"https:\/\/editorialmediterrania.com\/en\/childrens-art-book-store\/\"},{\"@type\":\"ListItem\",\"position\":2,\"name\":\"Paint! Modernisme\"}]},{\"@type\":\"WebSite\",\"@id\":\"https:\/\/editorialmediterrania.com\/en\/#website\",\"url\":\"https:\/\/editorialmediterrania.com\/en\/\",\"name\":\"Editorial Mediterrania\",\"description\":\"Llibres que t\u2019obriran nous mons\",\"publisher\":{\"@id\":\"https:\/\/editorialmediterrania.com\/en\/#organization\"},\"alternateName\":\"Llibres infantils d'art, cultura i natura\",\"potentialAction\":[{\"@type\":\"SearchAction\",\"target\":{\"@type\":\"EntryPoint\",\"urlTemplate\":\"https:\/\/editorialmediterrania.com\/en\/?s={search_term_string}\"},\"query-input\":\"required name=search_term_string\"}],\"inLanguage\":\"en-US\"},{\"@type\":\"Organization\",\"@id\":\"https:\/\/editorialmediterrania.com\/en\/#organization\",\"name\":\"Editorial Mediterrania\",\"alternateName\":\"Llibres d'art, cultura i natura per infants i fam\u00edlies\",\"url\":\"https:\/\/editorialmediterrania.com\/en\/\",\"logo\":{\"@type\":\"ImageObject\",\"inLanguage\":\"en-US\",\"@id\":\"https:\/\/editorialmediterrania.com\/en\/#\/schema\/logo\/image\/\",\"url\":\"https:\/\/editorialmediterrania.com\/wp-content\/uploads\/2023\/03\/LOGO-ED_MEDITERRANIA_OK-2.png\",\"contentUrl\":\"https:\/\/editorialmediterrania.com\/wp-content\/uploads\/2023\/03\/LOGO-ED_MEDITERRANIA_OK-2.png\",\"width\":1200,\"height\":300,\"caption\":\"Editorial Mediterrania\"},\"image\":{\"@id\":\"https:\/\/editorialmediterrania.com\/en\/#\/schema\/logo\/image\/\"},\"sameAs\":[\"https:\/\/x.com\/edmediterrania\",\"https:\/\/www.instagram.com\/editorialmediterrania\/\"]}]}<\/script>\n<!-- \/ Yoast SEO plugin. -->","yoast_head_json":{"title":"Let's paint with Modernisme","description":"Let's paint with Modernisme","robots":{"index":"index","follow":"follow","max-snippet":"max-snippet:-1","max-image-preview":"max-image-preview:large","max-video-preview":"max-video-preview:-1"},"canonical":"https:\/\/editorialmediterrania.com\/en\/product\/modernisme\/","og_locale":"en_US","og_type":"article","og_title":"Let's paint with Modernisme","og_description":"Let's paint with Modernisme","og_url":"https:\/\/editorialmediterrania.com\/en\/product\/modernisme\/","og_site_name":"Editorial Mediterr\u00e0nia","article_modified_time":"2015-08-20T21:24:25+00:00","og_image":[{"width":873,"height":860,"url":"https:\/\/editorialmediterrania.com\/wp-content\/uploads\/2013\/03\/modernisme.webp","type":"image\/webp"}],"twitter_card":"summary_large_image","twitter_site":"@edmediterrania","twitter_misc":{"Est. reading time":"1 minute"},"schema":{"@context":"https:\/\/schema.org","@graph":[{"@type":"WebPage","@id":"https:\/\/editorialmediterrania.com\/en\/product\/modernisme\/","url":"https:\/\/editorialmediterrania.com\/en\/product\/modernisme\/","name":"Let's paint with Modernisme","isPartOf":{"@id":"https:\/\/editorialmediterrania.com\/en\/#website"},"primaryImageOfPage":{"@id":"https:\/\/editorialmediterrania.com\/en\/product\/modernisme\/#primaryimage"},"image":{"@id":"https:\/\/editorialmediterrania.com\/en\/product\/modernisme\/#primaryimage"},"thumbnailUrl":"https:\/\/editorialmediterrania.com\/wp-content\/uploads\/2013\/03\/modernisme.webp","datePublished":"2013-03-27T18:26:56+00:00","dateModified":"2015-08-20T21:24:25+00:00","description":"Let's paint with Modernisme","breadcrumb":{"@id":"https:\/\/editorialmediterrania.com\/en\/product\/modernisme\/#breadcrumb"},"inLanguage":"en-US","potentialAction":[{"@type":"ReadAction","target":["https:\/\/editorialmediterrania.com\/en\/product\/modernisme\/"]}]},{"@type":"ImageObject","inLanguage":"en-US","@id":"https:\/\/editorialmediterrania.com\/en\/product\/modernisme\/#primaryimage","url":"https:\/\/editorialmediterrania.com\/wp-content\/uploads\/2013\/03\/modernisme.webp","contentUrl":"https:\/\/editorialmediterrania.com\/wp-content\/uploads\/2013\/03\/modernisme.webp","width":873,"height":860},{"@type":"BreadcrumbList","@id":"https:\/\/editorialmediterrania.com\/en\/product\/modernisme\/#breadcrumb","itemListElement":[{"@type":"ListItem","position":1,"name":"Children&#8217;s art book store","item":"https:\/\/editorialmediterrania.com\/en\/childrens-art-book-store\/"},{"@type":"ListItem","position":2,"name":"Paint! Modernisme"}]},{"@type":"WebSite","@id":"https:\/\/editorialmediterrania.com\/en\/#website","url":"https:\/\/editorialmediterrania.com\/en\/","name":"Editorial Mediterrania","description":"Llibres que t\u2019obriran nous mons","publisher":{"@id":"https:\/\/editorialmediterrania.com\/en\/#organization"},"alternateName":"Llibres infantils d'art, cultura i natura","potentialAction":[{"@type":"SearchAction","target":{"@type":"EntryPoint","urlTemplate":"https:\/\/editorialmediterrania.com\/en\/?s={search_term_string}"},"query-input":"required name=search_term_string"}],"inLanguage":"en-US"},{"@type":"Organization","@id":"https:\/\/editorialmediterrania.com\/en\/#organization","name":"Editorial Mediterrania","alternateName":"Llibres d'art, cultura i natura per infants i fam\u00edlies","url":"https:\/\/editorialmediterrania.com\/en\/","logo":{"@type":"ImageObject","inLanguage":"en-US","@id":"https:\/\/editorialmediterrania.com\/en\/#\/schema\/logo\/image\/","url":"https:\/\/editorialmediterrania.com\/wp-content\/uploads\/2023\/03\/LOGO-ED_MEDITERRANIA_OK-2.png","contentUrl":"https:\/\/editorialmediterrania.com\/wp-content\/uploads\/2023\/03\/LOGO-ED_MEDITERRANIA_OK-2.png","width":1200,"height":300,"caption":"Editorial Mediterrania"},"image":{"@id":"https:\/\/editorialmediterrania.com\/en\/#\/schema\/logo\/image\/"},"sameAs":["https:\/\/x.com\/edmediterrania","https:\/\/www.instagram.com\/editorialmediterrania\/"]}]}},"_links":{"self":[{"href":"https:\/\/editorialmediterrania.com\/en\/wp-json\/wp\/v2\/product\/11996","targetHints":{"allow":["GET"]}}],"collection":[{"href":"https:\/\/editorialmediterrania.com\/en\/wp-json\/wp\/v2\/product"}],"about":[{"href":"https:\/\/editorialmediterrania.com\/en\/wp-json\/wp\/v2\/types\/product"}],"wp:featuredmedia":[{"embeddable":true,"href":"https:\/\/editorialmediterrania.com\/en\/wp-json\/wp\/v2\/media\/40932"}],"wp:attachment":[{"href":"https:\/\/editorialmediterrania.com\/en\/wp-json\/wp\/v2\/media?parent=11996"}],"wp:term":[{"taxonomy":"product_cat","embeddable":true,"href":"https:\/\/editorialmediterrania.com\/en\/wp-json\/wp\/v2\/product_cat?post=11996"},{"taxonomy":"product_tag","embeddable":true,"href":"https:\/\/editorialmediterrania.com\/en\/wp-json\/wp\/v2\/product_tag?post=11996"},{"taxonomy":"autors","embeddable":true,"href":"https:\/\/editorialmediterrania.com\/en\/wp-json\/wp\/v2\/autors?post=11996"}],"curies":[{"name":"wp","href":"https:\/\/api.w.org\/{rel}","templated":true}]}}