{"id":12944,"date":"2013-02-07T12:10:12","date_gmt":"2013-02-07T11:10:12","guid":{"rendered":"http:\/\/editorialmediterrania.net\/?post_type=product&#038;p=12944"},"modified":"2015-08-11T21:36:11","modified_gmt":"2015-08-11T19:36:11","slug":"paint-gaudi","status":"publish","type":"product","link":"https:\/\/editorialmediterrania.com\/en\/product\/paint-gaudi\/","title":{"rendered":"Paint! Gaud\u00ed"},"content":{"rendered":"<p style=\"text-align: justify;\">Editorial Mediterr\u00e0nia presents a book to meet, while painting, the works of Antoni Gaud\u00ed. Learn which are the most interesting works of this great artist with the unmistakable drawings of the illustrator Pilar\u00edn Bay\u00e9s and have fun while painting the dragon of the Parc G\u00fcell with lots of different colours, the balconies of the Pedrera or the towers of the Sagrada Fam\u00edlia basilica.<\/p>\n<p style=\"text-align: justify;\">Have an amusing and entertaining time and learn the most important about Gaud\u00ed&#8217;s architecture, the master of the Catalan Modernism.<\/p>\n<p><span id=\"result_box\" lang=\"en\"><span class=\"hps\"><span id=\"result_box\" class=\"short_text\" lang=\"en\"><span class=\"hps\">\u00a0<\/span><\/span><\/span><\/span><\/p>\n<p>&nbsp;<\/p>\n","protected":false},"excerpt":{"rendered":"<p>Editorial Mediterr\u00e0nia presents a book to meet, while painting, the works of Antoni Gaud\u00ed. Learn which are the most interesting works of this great artist with the unmistakable drawings of the illustrator Pilar\u00edn Bay\u00e9s and have fun while painting the dragon of the Parc G\u00fcell with lots of different colours, the balconies of the Pedrera [&hellip;]<\/p>\n","protected":false},"featured_media":27173,"template":"","meta":[],"product_cat":[31,184],"product_tag":[1294],"autors":[],"class_list":{"0":"post-12944","1":"product","2":"type-product","3":"status-publish","4":"has-post-thumbnail","6":"product_cat-editorial-mediterrania","7":"product_cat-colouring-books","8":"product_tag-pilarin-bayes-en","10":"first","11":"outofstock","12":"purchasable","13":"product-type-simple","swatches":"rey-swatches","show_selected":""},"acf":[],"yoast_head":"<!-- This site is optimized with the Yoast SEO plugin v22.8 - https:\/\/yoast.com\/wordpress\/plugins\/seo\/ -->\n<title>Gaud\u00ed - Editorial Mediterrania<\/title>\n<meta name=\"description\" content=\"Editorial Mediterr\u00e0nia et porta un llibre per con\u00e8ixer tot pintant, les obres d&#039;Antoni Gaud\u00ed. Amb els dibuixos de la il\u00b7lustradora Pilarin Bay\u00e9s.\" \/>\n<meta name=\"robots\" content=\"index, follow, max-snippet:-1, max-image-preview:large, max-video-preview:-1\" \/>\n<link rel=\"canonical\" href=\"https:\/\/editorialmediterrania.com\/en\/product\/paint-gaudi\/\" \/>\n<meta property=\"og:locale\" content=\"en_US\" \/>\n<meta property=\"og:type\" content=\"article\" \/>\n<meta property=\"og:title\" content=\"Gaud\u00ed - Editorial Mediterrania\" \/>\n<meta property=\"og:description\" content=\"Editorial Mediterr\u00e0nia et porta un llibre per con\u00e8ixer tot pintant, les obres d&#039;Antoni Gaud\u00ed. Amb els dibuixos de la il\u00b7lustradora Pilarin Bay\u00e9s.\" \/>\n<meta property=\"og:url\" content=\"https:\/\/editorialmediterrania.com\/en\/product\/paint-gaudi\/\" \/>\n<meta property=\"og:site_name\" content=\"Editorial Mediterr\u00e0nia\" \/>\n<meta property=\"article:modified_time\" content=\"2015-08-11T19:36:11+00:00\" \/>\n<meta property=\"og:image\" content=\"https:\/\/editorialmediterrania.com\/wp-content\/uploads\/2013\/02\/Pintem-Gaudi1.jpg\" \/>\n\t<meta property=\"og:image:width\" content=\"400\" \/>\n\t<meta property=\"og:image:height\" content=\"403\" \/>\n\t<meta property=\"og:image:type\" content=\"image\/jpeg\" \/>\n<meta name=\"twitter:card\" content=\"summary_large_image\" \/>\n<meta name=\"twitter:site\" content=\"@edmediterrania\" \/>\n<script type=\"application\/ld+json\" class=\"yoast-schema-graph\">{\"@context\":\"https:\/\/schema.org\",\"@graph\":[{\"@type\":\"WebPage\",\"@id\":\"https:\/\/editorialmediterrania.com\/en\/product\/paint-gaudi\/\",\"url\":\"https:\/\/editorialmediterrania.com\/en\/product\/paint-gaudi\/\",\"name\":\"Gaud\u00ed - Editorial Mediterrania\",\"isPartOf\":{\"@id\":\"https:\/\/editorialmediterrania.com\/en\/#website\"},\"primaryImageOfPage\":{\"@id\":\"https:\/\/editorialmediterrania.com\/en\/product\/paint-gaudi\/#primaryimage\"},\"image\":{\"@id\":\"https:\/\/editorialmediterrania.com\/en\/product\/paint-gaudi\/#primaryimage\"},\"thumbnailUrl\":\"https:\/\/editorialmediterrania.com\/wp-content\/uploads\/2013\/02\/Pintem-Gaudi1.jpg\",\"datePublished\":\"2013-02-07T11:10:12+00:00\",\"dateModified\":\"2015-08-11T19:36:11+00:00\",\"description\":\"Editorial Mediterr\u00e0nia et porta un llibre per con\u00e8ixer tot pintant, les obres d'Antoni Gaud\u00ed. Amb els dibuixos de la il\u00b7lustradora Pilarin Bay\u00e9s.\",\"breadcrumb\":{\"@id\":\"https:\/\/editorialmediterrania.com\/en\/product\/paint-gaudi\/#breadcrumb\"},\"inLanguage\":\"en-US\",\"potentialAction\":[{\"@type\":\"ReadAction\",\"target\":[\"https:\/\/editorialmediterrania.com\/en\/product\/paint-gaudi\/\"]}]},{\"@type\":\"ImageObject\",\"inLanguage\":\"en-US\",\"@id\":\"https:\/\/editorialmediterrania.com\/en\/product\/paint-gaudi\/#primaryimage\",\"url\":\"https:\/\/editorialmediterrania.com\/wp-content\/uploads\/2013\/02\/Pintem-Gaudi1.jpg\",\"contentUrl\":\"https:\/\/editorialmediterrania.com\/wp-content\/uploads\/2013\/02\/Pintem-Gaudi1.jpg\",\"width\":400,\"height\":403,\"caption\":\"Pintem-Gaudi - Editorial Mediterr\u00e0nia\"},{\"@type\":\"BreadcrumbList\",\"@id\":\"https:\/\/editorialmediterrania.com\/en\/product\/paint-gaudi\/#breadcrumb\",\"itemListElement\":[{\"@type\":\"ListItem\",\"position\":1,\"name\":\"Children&#8217;s art book store\",\"item\":\"https:\/\/editorialmediterrania.com\/en\/childrens-art-book-store\/\"},{\"@type\":\"ListItem\",\"position\":2,\"name\":\"Paint! Gaud\u00ed\"}]},{\"@type\":\"WebSite\",\"@id\":\"https:\/\/editorialmediterrania.com\/en\/#website\",\"url\":\"https:\/\/editorialmediterrania.com\/en\/\",\"name\":\"Editorial Mediterrania\",\"description\":\"Llibres que t\u2019obriran nous mons\",\"publisher\":{\"@id\":\"https:\/\/editorialmediterrania.com\/en\/#organization\"},\"alternateName\":\"Llibres infantils d'art, cultura i natura\",\"potentialAction\":[{\"@type\":\"SearchAction\",\"target\":{\"@type\":\"EntryPoint\",\"urlTemplate\":\"https:\/\/editorialmediterrania.com\/en\/?s={search_term_string}\"},\"query-input\":\"required name=search_term_string\"}],\"inLanguage\":\"en-US\"},{\"@type\":\"Organization\",\"@id\":\"https:\/\/editorialmediterrania.com\/en\/#organization\",\"name\":\"Editorial Mediterrania\",\"alternateName\":\"Llibres d'art, cultura i natura per infants i fam\u00edlies\",\"url\":\"https:\/\/editorialmediterrania.com\/en\/\",\"logo\":{\"@type\":\"ImageObject\",\"inLanguage\":\"en-US\",\"@id\":\"https:\/\/editorialmediterrania.com\/en\/#\/schema\/logo\/image\/\",\"url\":\"https:\/\/editorialmediterrania.com\/wp-content\/uploads\/2023\/03\/LOGO-ED_MEDITERRANIA_OK-2.png\",\"contentUrl\":\"https:\/\/editorialmediterrania.com\/wp-content\/uploads\/2023\/03\/LOGO-ED_MEDITERRANIA_OK-2.png\",\"width\":1200,\"height\":300,\"caption\":\"Editorial Mediterrania\"},\"image\":{\"@id\":\"https:\/\/editorialmediterrania.com\/en\/#\/schema\/logo\/image\/\"},\"sameAs\":[\"https:\/\/x.com\/edmediterrania\",\"https:\/\/www.instagram.com\/editorialmediterrania\/\"]}]}<\/script>\n<!-- \/ Yoast SEO plugin. -->","yoast_head_json":{"title":"Gaud\u00ed - Editorial Mediterrania","description":"Editorial Mediterr\u00e0nia et porta un llibre per con\u00e8ixer tot pintant, les obres d'Antoni Gaud\u00ed. Amb els dibuixos de la il\u00b7lustradora Pilarin Bay\u00e9s.","robots":{"index":"index","follow":"follow","max-snippet":"max-snippet:-1","max-image-preview":"max-image-preview:large","max-video-preview":"max-video-preview:-1"},"canonical":"https:\/\/editorialmediterrania.com\/en\/product\/paint-gaudi\/","og_locale":"en_US","og_type":"article","og_title":"Gaud\u00ed - Editorial Mediterrania","og_description":"Editorial Mediterr\u00e0nia et porta un llibre per con\u00e8ixer tot pintant, les obres d'Antoni Gaud\u00ed. Amb els dibuixos de la il\u00b7lustradora Pilarin Bay\u00e9s.","og_url":"https:\/\/editorialmediterrania.com\/en\/product\/paint-gaudi\/","og_site_name":"Editorial Mediterr\u00e0nia","article_modified_time":"2015-08-11T19:36:11+00:00","og_image":[{"width":400,"height":403,"url":"https:\/\/editorialmediterrania.com\/wp-content\/uploads\/2013\/02\/Pintem-Gaudi1.jpg","type":"image\/jpeg"}],"twitter_card":"summary_large_image","twitter_site":"@edmediterrania","schema":{"@context":"https:\/\/schema.org","@graph":[{"@type":"WebPage","@id":"https:\/\/editorialmediterrania.com\/en\/product\/paint-gaudi\/","url":"https:\/\/editorialmediterrania.com\/en\/product\/paint-gaudi\/","name":"Gaud\u00ed - Editorial Mediterrania","isPartOf":{"@id":"https:\/\/editorialmediterrania.com\/en\/#website"},"primaryImageOfPage":{"@id":"https:\/\/editorialmediterrania.com\/en\/product\/paint-gaudi\/#primaryimage"},"image":{"@id":"https:\/\/editorialmediterrania.com\/en\/product\/paint-gaudi\/#primaryimage"},"thumbnailUrl":"https:\/\/editorialmediterrania.com\/wp-content\/uploads\/2013\/02\/Pintem-Gaudi1.jpg","datePublished":"2013-02-07T11:10:12+00:00","dateModified":"2015-08-11T19:36:11+00:00","description":"Editorial Mediterr\u00e0nia et porta un llibre per con\u00e8ixer tot pintant, les obres d'Antoni Gaud\u00ed. Amb els dibuixos de la il\u00b7lustradora Pilarin Bay\u00e9s.","breadcrumb":{"@id":"https:\/\/editorialmediterrania.com\/en\/product\/paint-gaudi\/#breadcrumb"},"inLanguage":"en-US","potentialAction":[{"@type":"ReadAction","target":["https:\/\/editorialmediterrania.com\/en\/product\/paint-gaudi\/"]}]},{"@type":"ImageObject","inLanguage":"en-US","@id":"https:\/\/editorialmediterrania.com\/en\/product\/paint-gaudi\/#primaryimage","url":"https:\/\/editorialmediterrania.com\/wp-content\/uploads\/2013\/02\/Pintem-Gaudi1.jpg","contentUrl":"https:\/\/editorialmediterrania.com\/wp-content\/uploads\/2013\/02\/Pintem-Gaudi1.jpg","width":400,"height":403,"caption":"Pintem-Gaudi - Editorial Mediterr\u00e0nia"},{"@type":"BreadcrumbList","@id":"https:\/\/editorialmediterrania.com\/en\/product\/paint-gaudi\/#breadcrumb","itemListElement":[{"@type":"ListItem","position":1,"name":"Children&#8217;s art book store","item":"https:\/\/editorialmediterrania.com\/en\/childrens-art-book-store\/"},{"@type":"ListItem","position":2,"name":"Paint! Gaud\u00ed"}]},{"@type":"WebSite","@id":"https:\/\/editorialmediterrania.com\/en\/#website","url":"https:\/\/editorialmediterrania.com\/en\/","name":"Editorial Mediterrania","description":"Llibres que t\u2019obriran nous mons","publisher":{"@id":"https:\/\/editorialmediterrania.com\/en\/#organization"},"alternateName":"Llibres infantils d'art, cultura i natura","potentialAction":[{"@type":"SearchAction","target":{"@type":"EntryPoint","urlTemplate":"https:\/\/editorialmediterrania.com\/en\/?s={search_term_string}"},"query-input":"required name=search_term_string"}],"inLanguage":"en-US"},{"@type":"Organization","@id":"https:\/\/editorialmediterrania.com\/en\/#organization","name":"Editorial Mediterrania","alternateName":"Llibres d'art, cultura i natura per infants i fam\u00edlies","url":"https:\/\/editorialmediterrania.com\/en\/","logo":{"@type":"ImageObject","inLanguage":"en-US","@id":"https:\/\/editorialmediterrania.com\/en\/#\/schema\/logo\/image\/","url":"https:\/\/editorialmediterrania.com\/wp-content\/uploads\/2023\/03\/LOGO-ED_MEDITERRANIA_OK-2.png","contentUrl":"https:\/\/editorialmediterrania.com\/wp-content\/uploads\/2023\/03\/LOGO-ED_MEDITERRANIA_OK-2.png","width":1200,"height":300,"caption":"Editorial Mediterrania"},"image":{"@id":"https:\/\/editorialmediterrania.com\/en\/#\/schema\/logo\/image\/"},"sameAs":["https:\/\/x.com\/edmediterrania","https:\/\/www.instagram.com\/editorialmediterrania\/"]}]}},"_links":{"self":[{"href":"https:\/\/editorialmediterrania.com\/en\/wp-json\/wp\/v2\/product\/12944","targetHints":{"allow":["GET"]}}],"collection":[{"href":"https:\/\/editorialmediterrania.com\/en\/wp-json\/wp\/v2\/product"}],"about":[{"href":"https:\/\/editorialmediterrania.com\/en\/wp-json\/wp\/v2\/types\/product"}],"wp:featuredmedia":[{"embeddable":true,"href":"https:\/\/editorialmediterrania.com\/en\/wp-json\/wp\/v2\/media\/27173"}],"wp:attachment":[{"href":"https:\/\/editorialmediterrania.com\/en\/wp-json\/wp\/v2\/media?parent=12944"}],"wp:term":[{"taxonomy":"product_cat","embeddable":true,"href":"https:\/\/editorialmediterrania.com\/en\/wp-json\/wp\/v2\/product_cat?post=12944"},{"taxonomy":"product_tag","embeddable":true,"href":"https:\/\/editorialmediterrania.com\/en\/wp-json\/wp\/v2\/product_tag?post=12944"},{"taxonomy":"autors","embeddable":true,"href":"https:\/\/editorialmediterrania.com\/en\/wp-json\/wp\/v2\/autors?post=12944"}],"curies":[{"name":"wp","href":"https:\/\/api.w.org\/{rel}","templated":true}]}}