{"id":12998,"date":"2013-10-18T12:15:05","date_gmt":"2013-10-18T10:15:05","guid":{"rendered":"http:\/\/editorialmediterrania.net\/?post_type=product&#038;p=12998"},"modified":"2021-03-04T21:12:31","modified_gmt":"2021-03-04T20:12:31","slug":"pequena-historia-de-velazquez","status":"publish","type":"product","link":"https:\/\/editorialmediterrania.com\/en\/product\/pequena-historia-de-velazquez\/","title":{"rendered":"Little Story of Vel\u00e1zquez"},"content":{"rendered":"<p style=\"text-align: justify;\">This little story makes an entertaining as well as thorough journey through the life and artistic career of the Sevillian painter Diego de Silva Vel\u00e1zquez. The story reviews some of his most distinguished works: <em>Old Woman Cooking Eggs, Surrender of Breda, Rokeby Venus<\/em> or <em>Las Meninas<\/em>. This little story has been published in English and in Spanish.<\/p>\n<p>This book is also available as an ebook. You could find it in our digital distribuitor\u2019s website <a href=\"http:\/\/www.zonaebooks.com\/Inicio\">Zonaebooks<\/a><\/p>\n","protected":false},"excerpt":{"rendered":"<p>This little story makes an entertaining as well as thorough journey through the life and artistic career of the Sevillian painter Diego de Silva Vel\u00e1zquez. The story reviews some of his most distinguished works: Old Woman Cooking Eggs, Surrender of Breda, Rokeby Venus or Las Meninas. This little story has been published in English and [&hellip;]<\/p>\n","protected":false},"featured_media":24452,"template":"","meta":[],"product_cat":[31,161,29],"product_tag":[1123,1294],"autors":[],"class_list":{"0":"post-12998","1":"product","2":"type-product","3":"status-publish","4":"has-post-thumbnail","6":"product_cat-editorial-mediterrania","7":"product_cat-little-stories","8":"product_cat-art-with-family","9":"product_tag-infant-book","10":"product_tag-pilarin-bayes-en","12":"first","13":"instock","14":"purchasable","15":"product-type-variable","16":"has-default-attributes","swatches":"rey-swatches","show_selected":""},"acf":[],"yoast_head":"<!-- This site is optimized with the Yoast SEO plugin v22.8 - https:\/\/yoast.com\/wordpress\/plugins\/seo\/ -->\n<title>Peque\u00f1a Historia de Vel\u00e1zquez- Editorial Mediterr\u00e0nia<\/title>\n<meta name=\"description\" content=\"Aquesta petita hist\u00f2ria fa un recorregut de manera amena i rigorosa per la vida i traject\u00f2ria art\u00edstica del pintor sevill\u00e0 Diego de Silva Vel\u00e1zquez.\" \/>\n<meta name=\"robots\" content=\"index, follow, max-snippet:-1, max-image-preview:large, max-video-preview:-1\" \/>\n<link rel=\"canonical\" href=\"https:\/\/editorialmediterrania.com\/en\/product\/pequena-historia-de-velazquez\/\" \/>\n<meta property=\"og:locale\" content=\"en_US\" \/>\n<meta property=\"og:type\" content=\"article\" \/>\n<meta property=\"og:title\" content=\"Peque\u00f1a Historia de Vel\u00e1zquez- Editorial Mediterr\u00e0nia\" \/>\n<meta property=\"og:description\" content=\"Aquesta petita hist\u00f2ria fa un recorregut de manera amena i rigorosa per la vida i traject\u00f2ria art\u00edstica del pintor sevill\u00e0 Diego de Silva Vel\u00e1zquez.\" \/>\n<meta property=\"og:url\" content=\"https:\/\/editorialmediterrania.com\/en\/product\/pequena-historia-de-velazquez\/\" \/>\n<meta property=\"og:site_name\" content=\"Editorial Mediterr\u00e0nia\" \/>\n<meta property=\"article:modified_time\" content=\"2021-03-04T20:12:31+00:00\" \/>\n<meta property=\"og:image\" content=\"https:\/\/editorialmediterrania.com\/wp-content\/uploads\/2013\/10\/Peque\u00f1a-Historia-de-Velazquez.jpg\" \/>\n\t<meta property=\"og:image:width\" content=\"600\" \/>\n\t<meta property=\"og:image:height\" content=\"720\" \/>\n\t<meta property=\"og:image:type\" content=\"image\/jpeg\" \/>\n<meta name=\"twitter:card\" content=\"summary_large_image\" \/>\n<meta name=\"twitter:site\" content=\"@edmediterrania\" \/>\n<script type=\"application\/ld+json\" class=\"yoast-schema-graph\">{\"@context\":\"https:\/\/schema.org\",\"@graph\":[{\"@type\":\"WebPage\",\"@id\":\"https:\/\/editorialmediterrania.com\/en\/product\/pequena-historia-de-velazquez\/\",\"url\":\"https:\/\/editorialmediterrania.com\/en\/product\/pequena-historia-de-velazquez\/\",\"name\":\"Peque\u00f1a Historia de Vel\u00e1zquez- Editorial Mediterr\u00e0nia\",\"isPartOf\":{\"@id\":\"https:\/\/editorialmediterrania.com\/en\/#website\"},\"primaryImageOfPage\":{\"@id\":\"https:\/\/editorialmediterrania.com\/en\/product\/pequena-historia-de-velazquez\/#primaryimage\"},\"image\":{\"@id\":\"https:\/\/editorialmediterrania.com\/en\/product\/pequena-historia-de-velazquez\/#primaryimage\"},\"thumbnailUrl\":\"https:\/\/editorialmediterrania.com\/wp-content\/uploads\/2013\/10\/Peque\u00f1a-Historia-de-Velazquez.jpg\",\"datePublished\":\"2013-10-18T10:15:05+00:00\",\"dateModified\":\"2021-03-04T20:12:31+00:00\",\"description\":\"Aquesta petita hist\u00f2ria fa un recorregut de manera amena i rigorosa per la vida i traject\u00f2ria art\u00edstica del pintor sevill\u00e0 Diego de Silva Vel\u00e1zquez.\",\"breadcrumb\":{\"@id\":\"https:\/\/editorialmediterrania.com\/en\/product\/pequena-historia-de-velazquez\/#breadcrumb\"},\"inLanguage\":\"en-US\",\"potentialAction\":[{\"@type\":\"ReadAction\",\"target\":[\"https:\/\/editorialmediterrania.com\/en\/product\/pequena-historia-de-velazquez\/\"]}]},{\"@type\":\"ImageObject\",\"inLanguage\":\"en-US\",\"@id\":\"https:\/\/editorialmediterrania.com\/en\/product\/pequena-historia-de-velazquez\/#primaryimage\",\"url\":\"https:\/\/editorialmediterrania.com\/wp-content\/uploads\/2013\/10\/Peque\u00f1a-Historia-de-Velazquez.jpg\",\"contentUrl\":\"https:\/\/editorialmediterrania.com\/wp-content\/uploads\/2013\/10\/Peque\u00f1a-Historia-de-Velazquez.jpg\",\"width\":600,\"height\":720},{\"@type\":\"BreadcrumbList\",\"@id\":\"https:\/\/editorialmediterrania.com\/en\/product\/pequena-historia-de-velazquez\/#breadcrumb\",\"itemListElement\":[{\"@type\":\"ListItem\",\"position\":1,\"name\":\"Children&#8217;s art book store\",\"item\":\"https:\/\/editorialmediterrania.com\/en\/childrens-art-book-store\/\"},{\"@type\":\"ListItem\",\"position\":2,\"name\":\"Little Story of Vel\u00e1zquez\"}]},{\"@type\":\"WebSite\",\"@id\":\"https:\/\/editorialmediterrania.com\/en\/#website\",\"url\":\"https:\/\/editorialmediterrania.com\/en\/\",\"name\":\"Editorial Mediterrania\",\"description\":\"Llibres que t\u2019obriran nous mons\",\"publisher\":{\"@id\":\"https:\/\/editorialmediterrania.com\/en\/#organization\"},\"alternateName\":\"Llibres infantils d'art, cultura i natura\",\"potentialAction\":[{\"@type\":\"SearchAction\",\"target\":{\"@type\":\"EntryPoint\",\"urlTemplate\":\"https:\/\/editorialmediterrania.com\/en\/?s={search_term_string}\"},\"query-input\":\"required name=search_term_string\"}],\"inLanguage\":\"en-US\"},{\"@type\":\"Organization\",\"@id\":\"https:\/\/editorialmediterrania.com\/en\/#organization\",\"name\":\"Editorial Mediterrania\",\"alternateName\":\"Llibres d'art, cultura i natura per infants i fam\u00edlies\",\"url\":\"https:\/\/editorialmediterrania.com\/en\/\",\"logo\":{\"@type\":\"ImageObject\",\"inLanguage\":\"en-US\",\"@id\":\"https:\/\/editorialmediterrania.com\/en\/#\/schema\/logo\/image\/\",\"url\":\"https:\/\/editorialmediterrania.com\/wp-content\/uploads\/2023\/03\/LOGO-ED_MEDITERRANIA_OK-2.png\",\"contentUrl\":\"https:\/\/editorialmediterrania.com\/wp-content\/uploads\/2023\/03\/LOGO-ED_MEDITERRANIA_OK-2.png\",\"width\":1200,\"height\":300,\"caption\":\"Editorial Mediterrania\"},\"image\":{\"@id\":\"https:\/\/editorialmediterrania.com\/en\/#\/schema\/logo\/image\/\"},\"sameAs\":[\"https:\/\/x.com\/edmediterrania\",\"https:\/\/www.instagram.com\/editorialmediterrania\/\"]}]}<\/script>\n<!-- \/ Yoast SEO plugin. -->","yoast_head_json":{"title":"Peque\u00f1a Historia de Vel\u00e1zquez- Editorial Mediterr\u00e0nia","description":"Aquesta petita hist\u00f2ria fa un recorregut de manera amena i rigorosa per la vida i traject\u00f2ria art\u00edstica del pintor sevill\u00e0 Diego de Silva Vel\u00e1zquez.","robots":{"index":"index","follow":"follow","max-snippet":"max-snippet:-1","max-image-preview":"max-image-preview:large","max-video-preview":"max-video-preview:-1"},"canonical":"https:\/\/editorialmediterrania.com\/en\/product\/pequena-historia-de-velazquez\/","og_locale":"en_US","og_type":"article","og_title":"Peque\u00f1a Historia de Vel\u00e1zquez- Editorial Mediterr\u00e0nia","og_description":"Aquesta petita hist\u00f2ria fa un recorregut de manera amena i rigorosa per la vida i traject\u00f2ria art\u00edstica del pintor sevill\u00e0 Diego de Silva Vel\u00e1zquez.","og_url":"https:\/\/editorialmediterrania.com\/en\/product\/pequena-historia-de-velazquez\/","og_site_name":"Editorial Mediterr\u00e0nia","article_modified_time":"2021-03-04T20:12:31+00:00","og_image":[{"width":600,"height":720,"url":"https:\/\/editorialmediterrania.com\/wp-content\/uploads\/2013\/10\/Peque\u00f1a-Historia-de-Velazquez.jpg","type":"image\/jpeg"}],"twitter_card":"summary_large_image","twitter_site":"@edmediterrania","schema":{"@context":"https:\/\/schema.org","@graph":[{"@type":"WebPage","@id":"https:\/\/editorialmediterrania.com\/en\/product\/pequena-historia-de-velazquez\/","url":"https:\/\/editorialmediterrania.com\/en\/product\/pequena-historia-de-velazquez\/","name":"Peque\u00f1a Historia de Vel\u00e1zquez- Editorial Mediterr\u00e0nia","isPartOf":{"@id":"https:\/\/editorialmediterrania.com\/en\/#website"},"primaryImageOfPage":{"@id":"https:\/\/editorialmediterrania.com\/en\/product\/pequena-historia-de-velazquez\/#primaryimage"},"image":{"@id":"https:\/\/editorialmediterrania.com\/en\/product\/pequena-historia-de-velazquez\/#primaryimage"},"thumbnailUrl":"https:\/\/editorialmediterrania.com\/wp-content\/uploads\/2013\/10\/Peque\u00f1a-Historia-de-Velazquez.jpg","datePublished":"2013-10-18T10:15:05+00:00","dateModified":"2021-03-04T20:12:31+00:00","description":"Aquesta petita hist\u00f2ria fa un recorregut de manera amena i rigorosa per la vida i traject\u00f2ria art\u00edstica del pintor sevill\u00e0 Diego de Silva Vel\u00e1zquez.","breadcrumb":{"@id":"https:\/\/editorialmediterrania.com\/en\/product\/pequena-historia-de-velazquez\/#breadcrumb"},"inLanguage":"en-US","potentialAction":[{"@type":"ReadAction","target":["https:\/\/editorialmediterrania.com\/en\/product\/pequena-historia-de-velazquez\/"]}]},{"@type":"ImageObject","inLanguage":"en-US","@id":"https:\/\/editorialmediterrania.com\/en\/product\/pequena-historia-de-velazquez\/#primaryimage","url":"https:\/\/editorialmediterrania.com\/wp-content\/uploads\/2013\/10\/Peque\u00f1a-Historia-de-Velazquez.jpg","contentUrl":"https:\/\/editorialmediterrania.com\/wp-content\/uploads\/2013\/10\/Peque\u00f1a-Historia-de-Velazquez.jpg","width":600,"height":720},{"@type":"BreadcrumbList","@id":"https:\/\/editorialmediterrania.com\/en\/product\/pequena-historia-de-velazquez\/#breadcrumb","itemListElement":[{"@type":"ListItem","position":1,"name":"Children&#8217;s art book store","item":"https:\/\/editorialmediterrania.com\/en\/childrens-art-book-store\/"},{"@type":"ListItem","position":2,"name":"Little Story of Vel\u00e1zquez"}]},{"@type":"WebSite","@id":"https:\/\/editorialmediterrania.com\/en\/#website","url":"https:\/\/editorialmediterrania.com\/en\/","name":"Editorial Mediterrania","description":"Llibres que t\u2019obriran nous mons","publisher":{"@id":"https:\/\/editorialmediterrania.com\/en\/#organization"},"alternateName":"Llibres infantils d'art, cultura i natura","potentialAction":[{"@type":"SearchAction","target":{"@type":"EntryPoint","urlTemplate":"https:\/\/editorialmediterrania.com\/en\/?s={search_term_string}"},"query-input":"required name=search_term_string"}],"inLanguage":"en-US"},{"@type":"Organization","@id":"https:\/\/editorialmediterrania.com\/en\/#organization","name":"Editorial Mediterrania","alternateName":"Llibres d'art, cultura i natura per infants i fam\u00edlies","url":"https:\/\/editorialmediterrania.com\/en\/","logo":{"@type":"ImageObject","inLanguage":"en-US","@id":"https:\/\/editorialmediterrania.com\/en\/#\/schema\/logo\/image\/","url":"https:\/\/editorialmediterrania.com\/wp-content\/uploads\/2023\/03\/LOGO-ED_MEDITERRANIA_OK-2.png","contentUrl":"https:\/\/editorialmediterrania.com\/wp-content\/uploads\/2023\/03\/LOGO-ED_MEDITERRANIA_OK-2.png","width":1200,"height":300,"caption":"Editorial Mediterrania"},"image":{"@id":"https:\/\/editorialmediterrania.com\/en\/#\/schema\/logo\/image\/"},"sameAs":["https:\/\/x.com\/edmediterrania","https:\/\/www.instagram.com\/editorialmediterrania\/"]}]}},"_links":{"self":[{"href":"https:\/\/editorialmediterrania.com\/en\/wp-json\/wp\/v2\/product\/12998","targetHints":{"allow":["GET"]}}],"collection":[{"href":"https:\/\/editorialmediterrania.com\/en\/wp-json\/wp\/v2\/product"}],"about":[{"href":"https:\/\/editorialmediterrania.com\/en\/wp-json\/wp\/v2\/types\/product"}],"wp:featuredmedia":[{"embeddable":true,"href":"https:\/\/editorialmediterrania.com\/en\/wp-json\/wp\/v2\/media\/24452"}],"wp:attachment":[{"href":"https:\/\/editorialmediterrania.com\/en\/wp-json\/wp\/v2\/media?parent=12998"}],"wp:term":[{"taxonomy":"product_cat","embeddable":true,"href":"https:\/\/editorialmediterrania.com\/en\/wp-json\/wp\/v2\/product_cat?post=12998"},{"taxonomy":"product_tag","embeddable":true,"href":"https:\/\/editorialmediterrania.com\/en\/wp-json\/wp\/v2\/product_tag?post=12998"},{"taxonomy":"autors","embeddable":true,"href":"https:\/\/editorialmediterrania.com\/en\/wp-json\/wp\/v2\/autors?post=12998"}],"curies":[{"name":"wp","href":"https:\/\/api.w.org\/{rel}","templated":true}]}}