{"id":13257,"date":"2014-06-04T11:01:11","date_gmt":"2014-06-04T09:01:11","guid":{"rendered":"http:\/\/editorialmediterrania.net\/?post_type=product&#038;p=13257"},"modified":"2025-07-30T10:12:13","modified_gmt":"2025-07-30T08:12:13","slug":"contes-de-malalties","status":"publish","type":"product","link":"https:\/\/editorialmediterrania.com\/en\/product\/contes-de-malalties\/","title":{"rendered":"Contes de malalties"},"content":{"rendered":"<p style=\"text-align: justify;\">Aquest llibre, il\u00b7lustrat per Pilar\u00edn Bay\u00e9s, \u00e9s el recull\u00a0dels quinze relats guanyadors de l\u2019Onz\u00e8 Premi\u00a0Pilar\u00edn Bay\u00e9s de contes escrits per nens i nenes,\u00a0convocat per Editorial Mediterr\u00e0nia i l\u2019Obra Social\u00a0Sant Joan de D\u00e9u.<\/p>\n<p style=\"text-align: justify;\">Tots els contes es basen en el tema proposat per aquesta edici\u00f3: <strong>\u201cMalalties amb qu\u00e8 conviure\u201d<\/strong>. A m\u00e9s, per\u00a0primera vegada en la col\u00b7lecci\u00f3, el llibre ha estat editat\u00a0amb la tipografia Anna.<\/p>\n<p style=\"text-align: justify;\">El jurat va escollir els relats entre 1.080 contes de malalties escrits\u00a0per alumnes de 120 escoles de tot Catalunya i\u00a0\u00e9s un bon testimoni sobre com viuen i entenen els infants les malalties de llarga durada.<\/p>\n","protected":false},"excerpt":{"rendered":"<p>Aquest llibre, il\u00b7lustrat per Pilar\u00edn Bay\u00e9s, \u00e9s el recull\u00a0dels quinze relats guanyadors de l\u2019Onz\u00e8 Premi\u00a0Pilar\u00edn Bay\u00e9s de contes escrits per nens i nenes,\u00a0convocat per Editorial Mediterr\u00e0nia i l\u2019Obra Social\u00a0Sant Joan de D\u00e9u. Tots els contes es basen en el tema proposat per aquesta edici\u00f3: \u201cMalalties amb qu\u00e8 conviure\u201d. A m\u00e9s, per\u00a0primera vegada en la col\u00b7lecci\u00f3, [&hellip;]<\/p>\n","protected":false},"featured_media":16431,"template":"","meta":[],"product_cat":[16],"product_tag":[6056,5910,5912,1218,4362,1082],"autors":[],"class_list":{"0":"post-13257","1":"product","2":"type-product","3":"status-publish","4":"has-post-thumbnail","6":"product_cat-editorial-mediterrania","7":"product_tag-contes","8":"product_tag-contes-infantils","9":"product_tag-llibres-il-lustrats","10":"product_tag-llibres-infantils","11":"product_tag-pilarin-bayes","12":"product_tag-premi-pilarin-bayes","14":"first","15":"outofstock","16":"purchasable","17":"product-type-simple","swatches":"rey-swatches","show_selected":""},"acf":[],"yoast_head":"<!-- This site is optimized with the Yoast SEO plugin v22.8 - https:\/\/yoast.com\/wordpress\/plugins\/seo\/ -->\n<title>Contes de malalties - Editorial Mediterr\u00e0nia<\/title>\n<meta name=\"description\" content=\"Contes de malalties. Recull dels contes guanyadors de l&#039;Onz\u00e8 Premi Pilar\u00edn Bay\u00e9s escrits per nens i nenes.\" \/>\n<meta name=\"robots\" content=\"index, follow, max-snippet:-1, max-image-preview:large, max-video-preview:-1\" \/>\n<link rel=\"canonical\" href=\"https:\/\/editorialmediterrania.com\/en\/product\/contes-de-malalties\/\" \/>\n<meta property=\"og:locale\" content=\"en_US\" \/>\n<meta property=\"og:type\" content=\"article\" \/>\n<meta property=\"og:title\" content=\"Contes de malalties - Editorial Mediterr\u00e0nia\" \/>\n<meta property=\"og:description\" content=\"Contes de malalties. Recull dels contes guanyadors de l&#039;Onz\u00e8 Premi Pilar\u00edn Bay\u00e9s escrits per nens i nenes.\" \/>\n<meta property=\"og:url\" content=\"https:\/\/editorialmediterrania.com\/en\/product\/contes-de-malalties\/\" \/>\n<meta property=\"og:site_name\" content=\"Editorial Mediterr\u00e0nia\" \/>\n<meta property=\"article:modified_time\" content=\"2025-07-30T08:12:13+00:00\" \/>\n<meta property=\"og:image\" content=\"https:\/\/editorialmediterrania.com\/wp-content\/uploads\/2014\/06\/Cob_ContesMalalties-e1444815021469.jpg\" \/>\n\t<meta property=\"og:image:width\" content=\"300\" \/>\n\t<meta property=\"og:image:height\" content=\"301\" \/>\n\t<meta property=\"og:image:type\" content=\"image\/jpeg\" \/>\n<meta name=\"twitter:card\" content=\"summary_large_image\" \/>\n<meta name=\"twitter:site\" content=\"@edmediterrania\" \/>\n<meta name=\"twitter:label1\" content=\"Est. reading time\" \/>\n\t<meta name=\"twitter:data1\" content=\"1 minute\" \/>\n<script type=\"application\/ld+json\" class=\"yoast-schema-graph\">{\"@context\":\"https:\/\/schema.org\",\"@graph\":[{\"@type\":\"WebPage\",\"@id\":\"https:\/\/editorialmediterrania.com\/en\/product\/contes-de-malalties\/\",\"url\":\"https:\/\/editorialmediterrania.com\/en\/product\/contes-de-malalties\/\",\"name\":\"Contes de malalties - Editorial Mediterr\u00e0nia\",\"isPartOf\":{\"@id\":\"https:\/\/editorialmediterrania.com\/en\/#website\"},\"primaryImageOfPage\":{\"@id\":\"https:\/\/editorialmediterrania.com\/en\/product\/contes-de-malalties\/#primaryimage\"},\"image\":{\"@id\":\"https:\/\/editorialmediterrania.com\/en\/product\/contes-de-malalties\/#primaryimage\"},\"thumbnailUrl\":\"https:\/\/editorialmediterrania.com\/wp-content\/uploads\/2014\/06\/Cob_ContesMalalties-e1444815021469.jpg\",\"datePublished\":\"2014-06-04T09:01:11+00:00\",\"dateModified\":\"2025-07-30T08:12:13+00:00\",\"description\":\"Contes de malalties. Recull dels contes guanyadors de l'Onz\u00e8 Premi Pilar\u00edn Bay\u00e9s escrits per nens i nenes.\",\"breadcrumb\":{\"@id\":\"https:\/\/editorialmediterrania.com\/en\/product\/contes-de-malalties\/#breadcrumb\"},\"inLanguage\":\"en-US\",\"potentialAction\":[{\"@type\":\"ReadAction\",\"target\":[\"https:\/\/editorialmediterrania.com\/en\/product\/contes-de-malalties\/\"]}]},{\"@type\":\"ImageObject\",\"inLanguage\":\"en-US\",\"@id\":\"https:\/\/editorialmediterrania.com\/en\/product\/contes-de-malalties\/#primaryimage\",\"url\":\"https:\/\/editorialmediterrania.com\/wp-content\/uploads\/2014\/06\/Cob_ContesMalalties-e1444815021469.jpg\",\"contentUrl\":\"https:\/\/editorialmediterrania.com\/wp-content\/uploads\/2014\/06\/Cob_ContesMalalties-e1444815021469.jpg\",\"width\":300,\"height\":301,\"caption\":\"Contes de malalties - Editorial Mediterr\u00e0nia\"},{\"@type\":\"BreadcrumbList\",\"@id\":\"https:\/\/editorialmediterrania.com\/en\/product\/contes-de-malalties\/#breadcrumb\",\"itemListElement\":[{\"@type\":\"ListItem\",\"position\":1,\"name\":\"Children&#8217;s art book store\",\"item\":\"https:\/\/editorialmediterrania.com\/en\/childrens-art-book-store\/\"},{\"@type\":\"ListItem\",\"position\":2,\"name\":\"Contes de malalties\"}]},{\"@type\":\"WebSite\",\"@id\":\"https:\/\/editorialmediterrania.com\/en\/#website\",\"url\":\"https:\/\/editorialmediterrania.com\/en\/\",\"name\":\"Editorial Mediterrania\",\"description\":\"Llibres que t\u2019obriran nous mons\",\"publisher\":{\"@id\":\"https:\/\/editorialmediterrania.com\/en\/#organization\"},\"alternateName\":\"Llibres infantils d'art, cultura i natura\",\"potentialAction\":[{\"@type\":\"SearchAction\",\"target\":{\"@type\":\"EntryPoint\",\"urlTemplate\":\"https:\/\/editorialmediterrania.com\/en\/?s={search_term_string}\"},\"query-input\":\"required name=search_term_string\"}],\"inLanguage\":\"en-US\"},{\"@type\":\"Organization\",\"@id\":\"https:\/\/editorialmediterrania.com\/en\/#organization\",\"name\":\"Editorial Mediterrania\",\"alternateName\":\"Llibres d'art, cultura i natura per infants i fam\u00edlies\",\"url\":\"https:\/\/editorialmediterrania.com\/en\/\",\"logo\":{\"@type\":\"ImageObject\",\"inLanguage\":\"en-US\",\"@id\":\"https:\/\/editorialmediterrania.com\/en\/#\/schema\/logo\/image\/\",\"url\":\"https:\/\/editorialmediterrania.com\/wp-content\/uploads\/2023\/03\/LOGO-ED_MEDITERRANIA_OK-2.png\",\"contentUrl\":\"https:\/\/editorialmediterrania.com\/wp-content\/uploads\/2023\/03\/LOGO-ED_MEDITERRANIA_OK-2.png\",\"width\":1200,\"height\":300,\"caption\":\"Editorial Mediterrania\"},\"image\":{\"@id\":\"https:\/\/editorialmediterrania.com\/en\/#\/schema\/logo\/image\/\"},\"sameAs\":[\"https:\/\/x.com\/edmediterrania\",\"https:\/\/www.instagram.com\/editorialmediterrania\/\"]}]}<\/script>\n<!-- \/ Yoast SEO plugin. -->","yoast_head_json":{"title":"Contes de malalties - Editorial Mediterr\u00e0nia","description":"Contes de malalties. Recull dels contes guanyadors de l'Onz\u00e8 Premi Pilar\u00edn Bay\u00e9s escrits per nens i nenes.","robots":{"index":"index","follow":"follow","max-snippet":"max-snippet:-1","max-image-preview":"max-image-preview:large","max-video-preview":"max-video-preview:-1"},"canonical":"https:\/\/editorialmediterrania.com\/en\/product\/contes-de-malalties\/","og_locale":"en_US","og_type":"article","og_title":"Contes de malalties - Editorial Mediterr\u00e0nia","og_description":"Contes de malalties. Recull dels contes guanyadors de l'Onz\u00e8 Premi Pilar\u00edn Bay\u00e9s escrits per nens i nenes.","og_url":"https:\/\/editorialmediterrania.com\/en\/product\/contes-de-malalties\/","og_site_name":"Editorial Mediterr\u00e0nia","article_modified_time":"2025-07-30T08:12:13+00:00","og_image":[{"width":300,"height":301,"url":"https:\/\/editorialmediterrania.com\/wp-content\/uploads\/2014\/06\/Cob_ContesMalalties-e1444815021469.jpg","type":"image\/jpeg"}],"twitter_card":"summary_large_image","twitter_site":"@edmediterrania","twitter_misc":{"Est. reading time":"1 minute"},"schema":{"@context":"https:\/\/schema.org","@graph":[{"@type":"WebPage","@id":"https:\/\/editorialmediterrania.com\/en\/product\/contes-de-malalties\/","url":"https:\/\/editorialmediterrania.com\/en\/product\/contes-de-malalties\/","name":"Contes de malalties - Editorial Mediterr\u00e0nia","isPartOf":{"@id":"https:\/\/editorialmediterrania.com\/en\/#website"},"primaryImageOfPage":{"@id":"https:\/\/editorialmediterrania.com\/en\/product\/contes-de-malalties\/#primaryimage"},"image":{"@id":"https:\/\/editorialmediterrania.com\/en\/product\/contes-de-malalties\/#primaryimage"},"thumbnailUrl":"https:\/\/editorialmediterrania.com\/wp-content\/uploads\/2014\/06\/Cob_ContesMalalties-e1444815021469.jpg","datePublished":"2014-06-04T09:01:11+00:00","dateModified":"2025-07-30T08:12:13+00:00","description":"Contes de malalties. Recull dels contes guanyadors de l'Onz\u00e8 Premi Pilar\u00edn Bay\u00e9s escrits per nens i nenes.","breadcrumb":{"@id":"https:\/\/editorialmediterrania.com\/en\/product\/contes-de-malalties\/#breadcrumb"},"inLanguage":"en-US","potentialAction":[{"@type":"ReadAction","target":["https:\/\/editorialmediterrania.com\/en\/product\/contes-de-malalties\/"]}]},{"@type":"ImageObject","inLanguage":"en-US","@id":"https:\/\/editorialmediterrania.com\/en\/product\/contes-de-malalties\/#primaryimage","url":"https:\/\/editorialmediterrania.com\/wp-content\/uploads\/2014\/06\/Cob_ContesMalalties-e1444815021469.jpg","contentUrl":"https:\/\/editorialmediterrania.com\/wp-content\/uploads\/2014\/06\/Cob_ContesMalalties-e1444815021469.jpg","width":300,"height":301,"caption":"Contes de malalties - Editorial Mediterr\u00e0nia"},{"@type":"BreadcrumbList","@id":"https:\/\/editorialmediterrania.com\/en\/product\/contes-de-malalties\/#breadcrumb","itemListElement":[{"@type":"ListItem","position":1,"name":"Children&#8217;s art book store","item":"https:\/\/editorialmediterrania.com\/en\/childrens-art-book-store\/"},{"@type":"ListItem","position":2,"name":"Contes de malalties"}]},{"@type":"WebSite","@id":"https:\/\/editorialmediterrania.com\/en\/#website","url":"https:\/\/editorialmediterrania.com\/en\/","name":"Editorial Mediterrania","description":"Llibres que t\u2019obriran nous mons","publisher":{"@id":"https:\/\/editorialmediterrania.com\/en\/#organization"},"alternateName":"Llibres infantils d'art, cultura i natura","potentialAction":[{"@type":"SearchAction","target":{"@type":"EntryPoint","urlTemplate":"https:\/\/editorialmediterrania.com\/en\/?s={search_term_string}"},"query-input":"required name=search_term_string"}],"inLanguage":"en-US"},{"@type":"Organization","@id":"https:\/\/editorialmediterrania.com\/en\/#organization","name":"Editorial Mediterrania","alternateName":"Llibres d'art, cultura i natura per infants i fam\u00edlies","url":"https:\/\/editorialmediterrania.com\/en\/","logo":{"@type":"ImageObject","inLanguage":"en-US","@id":"https:\/\/editorialmediterrania.com\/en\/#\/schema\/logo\/image\/","url":"https:\/\/editorialmediterrania.com\/wp-content\/uploads\/2023\/03\/LOGO-ED_MEDITERRANIA_OK-2.png","contentUrl":"https:\/\/editorialmediterrania.com\/wp-content\/uploads\/2023\/03\/LOGO-ED_MEDITERRANIA_OK-2.png","width":1200,"height":300,"caption":"Editorial Mediterrania"},"image":{"@id":"https:\/\/editorialmediterrania.com\/en\/#\/schema\/logo\/image\/"},"sameAs":["https:\/\/x.com\/edmediterrania","https:\/\/www.instagram.com\/editorialmediterrania\/"]}]}},"_links":{"self":[{"href":"https:\/\/editorialmediterrania.com\/en\/wp-json\/wp\/v2\/product\/13257","targetHints":{"allow":["GET"]}}],"collection":[{"href":"https:\/\/editorialmediterrania.com\/en\/wp-json\/wp\/v2\/product"}],"about":[{"href":"https:\/\/editorialmediterrania.com\/en\/wp-json\/wp\/v2\/types\/product"}],"wp:featuredmedia":[{"embeddable":true,"href":"https:\/\/editorialmediterrania.com\/en\/wp-json\/wp\/v2\/media\/16431"}],"wp:attachment":[{"href":"https:\/\/editorialmediterrania.com\/en\/wp-json\/wp\/v2\/media?parent=13257"}],"wp:term":[{"taxonomy":"product_cat","embeddable":true,"href":"https:\/\/editorialmediterrania.com\/en\/wp-json\/wp\/v2\/product_cat?post=13257"},{"taxonomy":"product_tag","embeddable":true,"href":"https:\/\/editorialmediterrania.com\/en\/wp-json\/wp\/v2\/product_tag?post=13257"},{"taxonomy":"autors","embeddable":true,"href":"https:\/\/editorialmediterrania.com\/en\/wp-json\/wp\/v2\/autors?post=13257"}],"curies":[{"name":"wp","href":"https:\/\/api.w.org\/{rel}","templated":true}]}}