{"id":13388,"date":"2014-06-12T11:23:57","date_gmt":"2014-06-12T09:23:57","guid":{"rendered":"http:\/\/editorialmediterrania.net\/?post_type=product&#038;p=13388"},"modified":"2025-08-29T10:43:33","modified_gmt":"2025-08-29T08:43:33","slug":"petita-historia-de-roc-boronat","status":"publish","type":"product","link":"https:\/\/editorialmediterrania.com\/en\/product\/petita-historia-de-roc-boronat\/","title":{"rendered":"Petita Hist\u00f2ria de Roc Boronat"},"content":{"rendered":"<p style=\"text-align: justify\">Aquesta Petita Hist\u00f2ria narra la vida personal, la dedicaci\u00f3 pol\u00edtica i les tasques que va dur a terme Roc Boronat per ajudar els que m\u00e9s ho necessitaven. El conte, escrit com si el narr\u00e9s el seu n\u00e9t, recorre la vida de qui va idear la primera rifa perqu\u00e8 els cecs de Catalunya guanyessin diners i qui els va animar a organitzar-se en un sindicat, del qual va ser el primer president.\u00a0Editorial Mediterr\u00e0nia ha comptat amb la col\u00b7laboraci\u00f3 de l\u2019ONCE per a publicar el llibre, editat amb tipografia i il\u00b7lustracions adaptades per a persones amb dificultats visuals.<\/p>\n","protected":false},"excerpt":{"rendered":"<p>Aquesta Petita Hist\u00f2ria narra la vida personal, la dedicaci\u00f3 pol\u00edtica i les tasques que va dur a terme Roc Boronat per ajudar els que m\u00e9s ho necessitaven. El conte, escrit com si el narr\u00e9s el seu n\u00e9t, recorre la vida de qui va idear la primera rifa perqu\u00e8 els cecs de Catalunya guanyessin diners i [&hellip;]<\/p>\n","protected":false},"featured_media":20650,"template":"","meta":[],"product_cat":[16,73],"product_tag":[6056,5910,377,1498,4362],"autors":[],"class_list":{"0":"post-13388","1":"product","2":"type-product","3":"status-publish","4":"has-post-thumbnail","6":"product_cat-editorial-mediterrania","7":"product_cat-petites-histories","8":"product_tag-contes","9":"product_tag-contes-infantils","10":"product_tag-llibre-infantil","11":"product_tag-petites-histories","12":"product_tag-pilarin-bayes","14":"first","15":"outofstock","16":"purchasable","17":"product-type-simple","swatches":"rey-swatches","show_selected":""},"acf":[],"yoast_head":"<!-- This site is optimized with the Yoast SEO plugin v22.8 - https:\/\/yoast.com\/wordpress\/plugins\/seo\/ -->\n<title>Petita Hist\u00f2ria de Roc Boronat , conte infantil - Editorial Mediterr\u00e0nia<\/title>\n<meta name=\"description\" content=\"Aquest conte infantil narra la vida personal, la dedicaci\u00f3 pol\u00edtica i les tasques que va dur a terme Roc Boronat per ajudar els que m\u00e9s ho necessitaven.\" \/>\n<meta name=\"robots\" content=\"index, follow, max-snippet:-1, max-image-preview:large, max-video-preview:-1\" \/>\n<link rel=\"canonical\" href=\"https:\/\/editorialmediterrania.com\/en\/product\/petita-historia-de-roc-boronat\/\" \/>\n<meta property=\"og:locale\" content=\"en_US\" \/>\n<meta property=\"og:type\" content=\"article\" \/>\n<meta property=\"og:title\" content=\"Petita Hist\u00f2ria de Roc Boronat , conte infantil - Editorial Mediterr\u00e0nia\" \/>\n<meta property=\"og:description\" content=\"Aquest conte infantil narra la vida personal, la dedicaci\u00f3 pol\u00edtica i les tasques que va dur a terme Roc Boronat per ajudar els que m\u00e9s ho necessitaven.\" \/>\n<meta property=\"og:url\" content=\"https:\/\/editorialmediterrania.com\/en\/product\/petita-historia-de-roc-boronat\/\" \/>\n<meta property=\"og:site_name\" content=\"Editorial Mediterr\u00e0nia\" \/>\n<meta property=\"article:modified_time\" content=\"2025-08-29T08:43:33+00:00\" \/>\n<meta property=\"og:image\" content=\"https:\/\/editorialmediterrania.com\/wp-content\/uploads\/2014\/06\/Petita-Historia-de-Roc-Boronat.jpg\" \/>\n\t<meta property=\"og:image:width\" content=\"600\" \/>\n\t<meta property=\"og:image:height\" content=\"692\" \/>\n\t<meta property=\"og:image:type\" content=\"image\/jpeg\" \/>\n<meta name=\"twitter:card\" content=\"summary_large_image\" \/>\n<meta name=\"twitter:site\" content=\"@edmediterrania\" \/>\n<meta name=\"twitter:label1\" content=\"Est. reading time\" \/>\n\t<meta name=\"twitter:data1\" content=\"1 minute\" \/>\n<script type=\"application\/ld+json\" class=\"yoast-schema-graph\">{\"@context\":\"https:\/\/schema.org\",\"@graph\":[{\"@type\":\"WebPage\",\"@id\":\"https:\/\/editorialmediterrania.com\/en\/product\/petita-historia-de-roc-boronat\/\",\"url\":\"https:\/\/editorialmediterrania.com\/en\/product\/petita-historia-de-roc-boronat\/\",\"name\":\"Petita Hist\u00f2ria de Roc Boronat , conte infantil - Editorial Mediterr\u00e0nia\",\"isPartOf\":{\"@id\":\"https:\/\/editorialmediterrania.com\/en\/#website\"},\"primaryImageOfPage\":{\"@id\":\"https:\/\/editorialmediterrania.com\/en\/product\/petita-historia-de-roc-boronat\/#primaryimage\"},\"image\":{\"@id\":\"https:\/\/editorialmediterrania.com\/en\/product\/petita-historia-de-roc-boronat\/#primaryimage\"},\"thumbnailUrl\":\"https:\/\/editorialmediterrania.com\/wp-content\/uploads\/2014\/06\/Petita-Historia-de-Roc-Boronat.jpg\",\"datePublished\":\"2014-06-12T09:23:57+00:00\",\"dateModified\":\"2025-08-29T08:43:33+00:00\",\"description\":\"Aquest conte infantil narra la vida personal, la dedicaci\u00f3 pol\u00edtica i les tasques que va dur a terme Roc Boronat per ajudar els que m\u00e9s ho necessitaven.\",\"breadcrumb\":{\"@id\":\"https:\/\/editorialmediterrania.com\/en\/product\/petita-historia-de-roc-boronat\/#breadcrumb\"},\"inLanguage\":\"en-US\",\"potentialAction\":[{\"@type\":\"ReadAction\",\"target\":[\"https:\/\/editorialmediterrania.com\/en\/product\/petita-historia-de-roc-boronat\/\"]}]},{\"@type\":\"ImageObject\",\"inLanguage\":\"en-US\",\"@id\":\"https:\/\/editorialmediterrania.com\/en\/product\/petita-historia-de-roc-boronat\/#primaryimage\",\"url\":\"https:\/\/editorialmediterrania.com\/wp-content\/uploads\/2014\/06\/Petita-Historia-de-Roc-Boronat.jpg\",\"contentUrl\":\"https:\/\/editorialmediterrania.com\/wp-content\/uploads\/2014\/06\/Petita-Historia-de-Roc-Boronat.jpg\",\"width\":600,\"height\":692,\"caption\":\"Petita Hist\u00f2ria de Roc Boronat - Editorial Mediterr\u00e0nia\"},{\"@type\":\"BreadcrumbList\",\"@id\":\"https:\/\/editorialmediterrania.com\/en\/product\/petita-historia-de-roc-boronat\/#breadcrumb\",\"itemListElement\":[{\"@type\":\"ListItem\",\"position\":1,\"name\":\"Children&#8217;s art book store\",\"item\":\"https:\/\/editorialmediterrania.com\/en\/childrens-art-book-store\/\"},{\"@type\":\"ListItem\",\"position\":2,\"name\":\"Petita Hist\u00f2ria de Roc Boronat\"}]},{\"@type\":\"WebSite\",\"@id\":\"https:\/\/editorialmediterrania.com\/en\/#website\",\"url\":\"https:\/\/editorialmediterrania.com\/en\/\",\"name\":\"Editorial Mediterrania\",\"description\":\"Llibres que t\u2019obriran nous mons\",\"publisher\":{\"@id\":\"https:\/\/editorialmediterrania.com\/en\/#organization\"},\"alternateName\":\"Llibres infantils d'art, cultura i natura\",\"potentialAction\":[{\"@type\":\"SearchAction\",\"target\":{\"@type\":\"EntryPoint\",\"urlTemplate\":\"https:\/\/editorialmediterrania.com\/en\/?s={search_term_string}\"},\"query-input\":\"required name=search_term_string\"}],\"inLanguage\":\"en-US\"},{\"@type\":\"Organization\",\"@id\":\"https:\/\/editorialmediterrania.com\/en\/#organization\",\"name\":\"Editorial Mediterrania\",\"alternateName\":\"Llibres d'art, cultura i natura per infants i fam\u00edlies\",\"url\":\"https:\/\/editorialmediterrania.com\/en\/\",\"logo\":{\"@type\":\"ImageObject\",\"inLanguage\":\"en-US\",\"@id\":\"https:\/\/editorialmediterrania.com\/en\/#\/schema\/logo\/image\/\",\"url\":\"https:\/\/editorialmediterrania.com\/wp-content\/uploads\/2023\/03\/LOGO-ED_MEDITERRANIA_OK-2.png\",\"contentUrl\":\"https:\/\/editorialmediterrania.com\/wp-content\/uploads\/2023\/03\/LOGO-ED_MEDITERRANIA_OK-2.png\",\"width\":1200,\"height\":300,\"caption\":\"Editorial Mediterrania\"},\"image\":{\"@id\":\"https:\/\/editorialmediterrania.com\/en\/#\/schema\/logo\/image\/\"},\"sameAs\":[\"https:\/\/x.com\/edmediterrania\",\"https:\/\/www.instagram.com\/editorialmediterrania\/\"]}]}<\/script>\n<!-- \/ Yoast SEO plugin. -->","yoast_head_json":{"title":"Petita Hist\u00f2ria de Roc Boronat , conte infantil - Editorial Mediterr\u00e0nia","description":"Aquest conte infantil narra la vida personal, la dedicaci\u00f3 pol\u00edtica i les tasques que va dur a terme Roc Boronat per ajudar els que m\u00e9s ho necessitaven.","robots":{"index":"index","follow":"follow","max-snippet":"max-snippet:-1","max-image-preview":"max-image-preview:large","max-video-preview":"max-video-preview:-1"},"canonical":"https:\/\/editorialmediterrania.com\/en\/product\/petita-historia-de-roc-boronat\/","og_locale":"en_US","og_type":"article","og_title":"Petita Hist\u00f2ria de Roc Boronat , conte infantil - Editorial Mediterr\u00e0nia","og_description":"Aquest conte infantil narra la vida personal, la dedicaci\u00f3 pol\u00edtica i les tasques que va dur a terme Roc Boronat per ajudar els que m\u00e9s ho necessitaven.","og_url":"https:\/\/editorialmediterrania.com\/en\/product\/petita-historia-de-roc-boronat\/","og_site_name":"Editorial Mediterr\u00e0nia","article_modified_time":"2025-08-29T08:43:33+00:00","og_image":[{"width":600,"height":692,"url":"https:\/\/editorialmediterrania.com\/wp-content\/uploads\/2014\/06\/Petita-Historia-de-Roc-Boronat.jpg","type":"image\/jpeg"}],"twitter_card":"summary_large_image","twitter_site":"@edmediterrania","twitter_misc":{"Est. reading time":"1 minute"},"schema":{"@context":"https:\/\/schema.org","@graph":[{"@type":"WebPage","@id":"https:\/\/editorialmediterrania.com\/en\/product\/petita-historia-de-roc-boronat\/","url":"https:\/\/editorialmediterrania.com\/en\/product\/petita-historia-de-roc-boronat\/","name":"Petita Hist\u00f2ria de Roc Boronat , conte infantil - Editorial Mediterr\u00e0nia","isPartOf":{"@id":"https:\/\/editorialmediterrania.com\/en\/#website"},"primaryImageOfPage":{"@id":"https:\/\/editorialmediterrania.com\/en\/product\/petita-historia-de-roc-boronat\/#primaryimage"},"image":{"@id":"https:\/\/editorialmediterrania.com\/en\/product\/petita-historia-de-roc-boronat\/#primaryimage"},"thumbnailUrl":"https:\/\/editorialmediterrania.com\/wp-content\/uploads\/2014\/06\/Petita-Historia-de-Roc-Boronat.jpg","datePublished":"2014-06-12T09:23:57+00:00","dateModified":"2025-08-29T08:43:33+00:00","description":"Aquest conte infantil narra la vida personal, la dedicaci\u00f3 pol\u00edtica i les tasques que va dur a terme Roc Boronat per ajudar els que m\u00e9s ho necessitaven.","breadcrumb":{"@id":"https:\/\/editorialmediterrania.com\/en\/product\/petita-historia-de-roc-boronat\/#breadcrumb"},"inLanguage":"en-US","potentialAction":[{"@type":"ReadAction","target":["https:\/\/editorialmediterrania.com\/en\/product\/petita-historia-de-roc-boronat\/"]}]},{"@type":"ImageObject","inLanguage":"en-US","@id":"https:\/\/editorialmediterrania.com\/en\/product\/petita-historia-de-roc-boronat\/#primaryimage","url":"https:\/\/editorialmediterrania.com\/wp-content\/uploads\/2014\/06\/Petita-Historia-de-Roc-Boronat.jpg","contentUrl":"https:\/\/editorialmediterrania.com\/wp-content\/uploads\/2014\/06\/Petita-Historia-de-Roc-Boronat.jpg","width":600,"height":692,"caption":"Petita Hist\u00f2ria de Roc Boronat - Editorial Mediterr\u00e0nia"},{"@type":"BreadcrumbList","@id":"https:\/\/editorialmediterrania.com\/en\/product\/petita-historia-de-roc-boronat\/#breadcrumb","itemListElement":[{"@type":"ListItem","position":1,"name":"Children&#8217;s art book store","item":"https:\/\/editorialmediterrania.com\/en\/childrens-art-book-store\/"},{"@type":"ListItem","position":2,"name":"Petita Hist\u00f2ria de Roc Boronat"}]},{"@type":"WebSite","@id":"https:\/\/editorialmediterrania.com\/en\/#website","url":"https:\/\/editorialmediterrania.com\/en\/","name":"Editorial Mediterrania","description":"Llibres que t\u2019obriran nous mons","publisher":{"@id":"https:\/\/editorialmediterrania.com\/en\/#organization"},"alternateName":"Llibres infantils d'art, cultura i natura","potentialAction":[{"@type":"SearchAction","target":{"@type":"EntryPoint","urlTemplate":"https:\/\/editorialmediterrania.com\/en\/?s={search_term_string}"},"query-input":"required name=search_term_string"}],"inLanguage":"en-US"},{"@type":"Organization","@id":"https:\/\/editorialmediterrania.com\/en\/#organization","name":"Editorial Mediterrania","alternateName":"Llibres d'art, cultura i natura per infants i fam\u00edlies","url":"https:\/\/editorialmediterrania.com\/en\/","logo":{"@type":"ImageObject","inLanguage":"en-US","@id":"https:\/\/editorialmediterrania.com\/en\/#\/schema\/logo\/image\/","url":"https:\/\/editorialmediterrania.com\/wp-content\/uploads\/2023\/03\/LOGO-ED_MEDITERRANIA_OK-2.png","contentUrl":"https:\/\/editorialmediterrania.com\/wp-content\/uploads\/2023\/03\/LOGO-ED_MEDITERRANIA_OK-2.png","width":1200,"height":300,"caption":"Editorial Mediterrania"},"image":{"@id":"https:\/\/editorialmediterrania.com\/en\/#\/schema\/logo\/image\/"},"sameAs":["https:\/\/x.com\/edmediterrania","https:\/\/www.instagram.com\/editorialmediterrania\/"]}]}},"_links":{"self":[{"href":"https:\/\/editorialmediterrania.com\/en\/wp-json\/wp\/v2\/product\/13388","targetHints":{"allow":["GET"]}}],"collection":[{"href":"https:\/\/editorialmediterrania.com\/en\/wp-json\/wp\/v2\/product"}],"about":[{"href":"https:\/\/editorialmediterrania.com\/en\/wp-json\/wp\/v2\/types\/product"}],"wp:featuredmedia":[{"embeddable":true,"href":"https:\/\/editorialmediterrania.com\/en\/wp-json\/wp\/v2\/media\/20650"}],"wp:attachment":[{"href":"https:\/\/editorialmediterrania.com\/en\/wp-json\/wp\/v2\/media?parent=13388"}],"wp:term":[{"taxonomy":"product_cat","embeddable":true,"href":"https:\/\/editorialmediterrania.com\/en\/wp-json\/wp\/v2\/product_cat?post=13388"},{"taxonomy":"product_tag","embeddable":true,"href":"https:\/\/editorialmediterrania.com\/en\/wp-json\/wp\/v2\/product_tag?post=13388"},{"taxonomy":"autors","embeddable":true,"href":"https:\/\/editorialmediterrania.com\/en\/wp-json\/wp\/v2\/autors?post=13388"}],"curies":[{"name":"wp","href":"https:\/\/api.w.org\/{rel}","templated":true}]}}