{"id":13680,"date":"2012-11-19T08:43:37","date_gmt":"2012-11-19T07:43:37","guid":{"rendered":"http:\/\/editorialmediterrania.net\/?post_type=product&#038;p=13680"},"modified":"2026-02-13T13:31:23","modified_gmt":"2026-02-13T12:31:23","slug":"subirachs-a-la-sagrada-familia-dibuixos-de-taller","status":"publish","type":"product","link":"https:\/\/editorialmediterrania.com\/en\/product\/subirachs-a-la-sagrada-familia-dibuixos-de-taller\/","title":{"rendered":"Subirachs a la Sagrada Fam\u00edlia. Dibuixos de taller"},"content":{"rendered":"<p>Carpeta color gris perla amb 8 l\u00e0mines dibuixades per Josep Maria Subirachs. Dibuixos extrets de les figures de la fa\u00e7ana de la Passi\u00f3 de la Sagrada Fam\u00edlia projectada per l&#8217;artista catal\u00e0: Ap\u00f2stol, Soldat, Long\u00ed, Crucifixi\u00f3, Sant Pere, Fa\u00e7ana de la\u00a0Passi\u00f3, Ecce Homo i Sant Sopar.<\/p>\n<div class=\"fitxa-text\">La Fa\u00e7ana de la Passi\u00f3, ideada i esculpida pel mestre J.M. Subirachs, representa en tres nivells els moments m\u00e9s importants de la mort de Jes\u00fas. L&#8217;escultor adquireix per a la seva construcci\u00f3 un llenguatge propi basat en l&#8217;expressionisme figuratiu, dotant aix\u00ed a la fa\u00e7ana d&#8217;un efecte dram\u00e0tic \u00fanic.<\/div>\n","protected":false},"excerpt":{"rendered":"<p>Set de l\u00e0mines amb els dibuixos de J.M. Subirachs de la Fa\u00e7ana de la Passi\u00f3<\/p>\n","protected":false},"featured_media":48469,"template":"","meta":[],"product_cat":[6550,314],"product_tag":[2461,2462],"autors":[],"class_list":{"0":"post-13680","1":"product","2":"type-product","3":"status-publish","4":"has-post-thumbnail","6":"product_cat-gaudi","7":"product_cat-sheets","8":"product_tag-lamines-en","9":"product_tag-subirach-en","11":"first","12":"instock","13":"taxable","14":"shipping-taxable","15":"purchasable","16":"product-type-simple","swatches":"rey-swatches","show_selected":""},"acf":[],"yoast_head":"<!-- This site is optimized with the Yoast SEO plugin v22.8 - https:\/\/yoast.com\/wordpress\/plugins\/seo\/ -->\n<title>Subirachs a la Sagrada Fam\u00edlia de l&#039;Editorial Mediterr\u00e0nia<\/title>\n<meta name=\"description\" content=\"Vuit l\u00e0mines de Subirachs a la Sagrada Fam\u00edlia de l&#039;Editorial Mediterr\u00e0nia\" \/>\n<meta name=\"robots\" content=\"index, follow, max-snippet:-1, max-image-preview:large, max-video-preview:-1\" \/>\n<link rel=\"canonical\" href=\"https:\/\/editorialmediterrania.com\/en\/product\/subirachs-a-la-sagrada-familia-dibuixos-de-taller\/\" \/>\n<meta property=\"og:locale\" content=\"en_US\" \/>\n<meta property=\"og:type\" content=\"article\" \/>\n<meta property=\"og:title\" content=\"Subirachs a la Sagrada Fam\u00edlia de l&#039;Editorial Mediterr\u00e0nia\" \/>\n<meta property=\"og:description\" content=\"Vuit l\u00e0mines de Subirachs a la Sagrada Fam\u00edlia de l&#039;Editorial Mediterr\u00e0nia\" \/>\n<meta property=\"og:url\" content=\"https:\/\/editorialmediterrania.com\/en\/product\/subirachs-a-la-sagrada-familia-dibuixos-de-taller\/\" \/>\n<meta property=\"og:site_name\" content=\"Editorial Mediterr\u00e0nia\" \/>\n<meta property=\"article:modified_time\" content=\"2026-02-13T12:31:23+00:00\" \/>\n<meta property=\"og:image\" content=\"https:\/\/editorialmediterrania.com\/wp-content\/uploads\/2012\/11\/ed068a2b-eda1-4b37-8dce-af9de0106998-scaled.jpg\" \/>\n\t<meta property=\"og:image:width\" content=\"1844\" \/>\n\t<meta property=\"og:image:height\" content=\"2560\" \/>\n\t<meta property=\"og:image:type\" content=\"image\/jpeg\" \/>\n<meta name=\"twitter:card\" content=\"summary_large_image\" \/>\n<meta name=\"twitter:site\" content=\"@edmediterrania\" \/>\n<meta name=\"twitter:label1\" content=\"Est. reading time\" \/>\n\t<meta name=\"twitter:data1\" content=\"1 minute\" \/>\n<script type=\"application\/ld+json\" class=\"yoast-schema-graph\">{\"@context\":\"https:\/\/schema.org\",\"@graph\":[{\"@type\":\"WebPage\",\"@id\":\"https:\/\/editorialmediterrania.com\/en\/product\/subirachs-a-la-sagrada-familia-dibuixos-de-taller\/\",\"url\":\"https:\/\/editorialmediterrania.com\/en\/product\/subirachs-a-la-sagrada-familia-dibuixos-de-taller\/\",\"name\":\"Subirachs a la Sagrada Fam\u00edlia de l'Editorial Mediterr\u00e0nia\",\"isPartOf\":{\"@id\":\"https:\/\/editorialmediterrania.com\/en\/#website\"},\"primaryImageOfPage\":{\"@id\":\"https:\/\/editorialmediterrania.com\/en\/product\/subirachs-a-la-sagrada-familia-dibuixos-de-taller\/#primaryimage\"},\"image\":{\"@id\":\"https:\/\/editorialmediterrania.com\/en\/product\/subirachs-a-la-sagrada-familia-dibuixos-de-taller\/#primaryimage\"},\"thumbnailUrl\":\"https:\/\/editorialmediterrania.com\/wp-content\/uploads\/2012\/11\/ed068a2b-eda1-4b37-8dce-af9de0106998-scaled.jpg\",\"datePublished\":\"2012-11-19T07:43:37+00:00\",\"dateModified\":\"2026-02-13T12:31:23+00:00\",\"description\":\"Vuit l\u00e0mines de Subirachs a la Sagrada Fam\u00edlia de l'Editorial Mediterr\u00e0nia\",\"breadcrumb\":{\"@id\":\"https:\/\/editorialmediterrania.com\/en\/product\/subirachs-a-la-sagrada-familia-dibuixos-de-taller\/#breadcrumb\"},\"inLanguage\":\"en-US\",\"potentialAction\":[{\"@type\":\"ReadAction\",\"target\":[\"https:\/\/editorialmediterrania.com\/en\/product\/subirachs-a-la-sagrada-familia-dibuixos-de-taller\/\"]}]},{\"@type\":\"ImageObject\",\"inLanguage\":\"en-US\",\"@id\":\"https:\/\/editorialmediterrania.com\/en\/product\/subirachs-a-la-sagrada-familia-dibuixos-de-taller\/#primaryimage\",\"url\":\"https:\/\/editorialmediterrania.com\/wp-content\/uploads\/2012\/11\/ed068a2b-eda1-4b37-8dce-af9de0106998-scaled.jpg\",\"contentUrl\":\"https:\/\/editorialmediterrania.com\/wp-content\/uploads\/2012\/11\/ed068a2b-eda1-4b37-8dce-af9de0106998-scaled.jpg\",\"width\":1844,\"height\":2560},{\"@type\":\"BreadcrumbList\",\"@id\":\"https:\/\/editorialmediterrania.com\/en\/product\/subirachs-a-la-sagrada-familia-dibuixos-de-taller\/#breadcrumb\",\"itemListElement\":[{\"@type\":\"ListItem\",\"position\":1,\"name\":\"Children&#8217;s art book store\",\"item\":\"https:\/\/editorialmediterrania.com\/en\/childrens-art-book-store\/\"},{\"@type\":\"ListItem\",\"position\":2,\"name\":\"Subirachs a la Sagrada Fam\u00edlia. Dibuixos de taller\"}]},{\"@type\":\"WebSite\",\"@id\":\"https:\/\/editorialmediterrania.com\/en\/#website\",\"url\":\"https:\/\/editorialmediterrania.com\/en\/\",\"name\":\"Editorial Mediterrania\",\"description\":\"Llibres que t\u2019obriran nous mons\",\"publisher\":{\"@id\":\"https:\/\/editorialmediterrania.com\/en\/#organization\"},\"alternateName\":\"Llibres infantils d'art, cultura i natura\",\"potentialAction\":[{\"@type\":\"SearchAction\",\"target\":{\"@type\":\"EntryPoint\",\"urlTemplate\":\"https:\/\/editorialmediterrania.com\/en\/?s={search_term_string}\"},\"query-input\":\"required name=search_term_string\"}],\"inLanguage\":\"en-US\"},{\"@type\":\"Organization\",\"@id\":\"https:\/\/editorialmediterrania.com\/en\/#organization\",\"name\":\"Editorial Mediterrania\",\"alternateName\":\"Llibres d'art, cultura i natura per infants i fam\u00edlies\",\"url\":\"https:\/\/editorialmediterrania.com\/en\/\",\"logo\":{\"@type\":\"ImageObject\",\"inLanguage\":\"en-US\",\"@id\":\"https:\/\/editorialmediterrania.com\/en\/#\/schema\/logo\/image\/\",\"url\":\"https:\/\/editorialmediterrania.com\/wp-content\/uploads\/2023\/03\/LOGO-ED_MEDITERRANIA_OK-2.png\",\"contentUrl\":\"https:\/\/editorialmediterrania.com\/wp-content\/uploads\/2023\/03\/LOGO-ED_MEDITERRANIA_OK-2.png\",\"width\":1200,\"height\":300,\"caption\":\"Editorial Mediterrania\"},\"image\":{\"@id\":\"https:\/\/editorialmediterrania.com\/en\/#\/schema\/logo\/image\/\"},\"sameAs\":[\"https:\/\/x.com\/edmediterrania\",\"https:\/\/www.instagram.com\/editorialmediterrania\/\"]}]}<\/script>\n<!-- \/ Yoast SEO plugin. -->","yoast_head_json":{"title":"Subirachs a la Sagrada Fam\u00edlia de l'Editorial Mediterr\u00e0nia","description":"Vuit l\u00e0mines de Subirachs a la Sagrada Fam\u00edlia de l'Editorial Mediterr\u00e0nia","robots":{"index":"index","follow":"follow","max-snippet":"max-snippet:-1","max-image-preview":"max-image-preview:large","max-video-preview":"max-video-preview:-1"},"canonical":"https:\/\/editorialmediterrania.com\/en\/product\/subirachs-a-la-sagrada-familia-dibuixos-de-taller\/","og_locale":"en_US","og_type":"article","og_title":"Subirachs a la Sagrada Fam\u00edlia de l'Editorial Mediterr\u00e0nia","og_description":"Vuit l\u00e0mines de Subirachs a la Sagrada Fam\u00edlia de l'Editorial Mediterr\u00e0nia","og_url":"https:\/\/editorialmediterrania.com\/en\/product\/subirachs-a-la-sagrada-familia-dibuixos-de-taller\/","og_site_name":"Editorial Mediterr\u00e0nia","article_modified_time":"2026-02-13T12:31:23+00:00","og_image":[{"width":1844,"height":2560,"url":"https:\/\/editorialmediterrania.com\/wp-content\/uploads\/2012\/11\/ed068a2b-eda1-4b37-8dce-af9de0106998-scaled.jpg","type":"image\/jpeg"}],"twitter_card":"summary_large_image","twitter_site":"@edmediterrania","twitter_misc":{"Est. reading time":"1 minute"},"schema":{"@context":"https:\/\/schema.org","@graph":[{"@type":"WebPage","@id":"https:\/\/editorialmediterrania.com\/en\/product\/subirachs-a-la-sagrada-familia-dibuixos-de-taller\/","url":"https:\/\/editorialmediterrania.com\/en\/product\/subirachs-a-la-sagrada-familia-dibuixos-de-taller\/","name":"Subirachs a la Sagrada Fam\u00edlia de l'Editorial Mediterr\u00e0nia","isPartOf":{"@id":"https:\/\/editorialmediterrania.com\/en\/#website"},"primaryImageOfPage":{"@id":"https:\/\/editorialmediterrania.com\/en\/product\/subirachs-a-la-sagrada-familia-dibuixos-de-taller\/#primaryimage"},"image":{"@id":"https:\/\/editorialmediterrania.com\/en\/product\/subirachs-a-la-sagrada-familia-dibuixos-de-taller\/#primaryimage"},"thumbnailUrl":"https:\/\/editorialmediterrania.com\/wp-content\/uploads\/2012\/11\/ed068a2b-eda1-4b37-8dce-af9de0106998-scaled.jpg","datePublished":"2012-11-19T07:43:37+00:00","dateModified":"2026-02-13T12:31:23+00:00","description":"Vuit l\u00e0mines de Subirachs a la Sagrada Fam\u00edlia de l'Editorial Mediterr\u00e0nia","breadcrumb":{"@id":"https:\/\/editorialmediterrania.com\/en\/product\/subirachs-a-la-sagrada-familia-dibuixos-de-taller\/#breadcrumb"},"inLanguage":"en-US","potentialAction":[{"@type":"ReadAction","target":["https:\/\/editorialmediterrania.com\/en\/product\/subirachs-a-la-sagrada-familia-dibuixos-de-taller\/"]}]},{"@type":"ImageObject","inLanguage":"en-US","@id":"https:\/\/editorialmediterrania.com\/en\/product\/subirachs-a-la-sagrada-familia-dibuixos-de-taller\/#primaryimage","url":"https:\/\/editorialmediterrania.com\/wp-content\/uploads\/2012\/11\/ed068a2b-eda1-4b37-8dce-af9de0106998-scaled.jpg","contentUrl":"https:\/\/editorialmediterrania.com\/wp-content\/uploads\/2012\/11\/ed068a2b-eda1-4b37-8dce-af9de0106998-scaled.jpg","width":1844,"height":2560},{"@type":"BreadcrumbList","@id":"https:\/\/editorialmediterrania.com\/en\/product\/subirachs-a-la-sagrada-familia-dibuixos-de-taller\/#breadcrumb","itemListElement":[{"@type":"ListItem","position":1,"name":"Children&#8217;s art book store","item":"https:\/\/editorialmediterrania.com\/en\/childrens-art-book-store\/"},{"@type":"ListItem","position":2,"name":"Subirachs a la Sagrada Fam\u00edlia. Dibuixos de taller"}]},{"@type":"WebSite","@id":"https:\/\/editorialmediterrania.com\/en\/#website","url":"https:\/\/editorialmediterrania.com\/en\/","name":"Editorial Mediterrania","description":"Llibres que t\u2019obriran nous mons","publisher":{"@id":"https:\/\/editorialmediterrania.com\/en\/#organization"},"alternateName":"Llibres infantils d'art, cultura i natura","potentialAction":[{"@type":"SearchAction","target":{"@type":"EntryPoint","urlTemplate":"https:\/\/editorialmediterrania.com\/en\/?s={search_term_string}"},"query-input":"required name=search_term_string"}],"inLanguage":"en-US"},{"@type":"Organization","@id":"https:\/\/editorialmediterrania.com\/en\/#organization","name":"Editorial Mediterrania","alternateName":"Llibres d'art, cultura i natura per infants i fam\u00edlies","url":"https:\/\/editorialmediterrania.com\/en\/","logo":{"@type":"ImageObject","inLanguage":"en-US","@id":"https:\/\/editorialmediterrania.com\/en\/#\/schema\/logo\/image\/","url":"https:\/\/editorialmediterrania.com\/wp-content\/uploads\/2023\/03\/LOGO-ED_MEDITERRANIA_OK-2.png","contentUrl":"https:\/\/editorialmediterrania.com\/wp-content\/uploads\/2023\/03\/LOGO-ED_MEDITERRANIA_OK-2.png","width":1200,"height":300,"caption":"Editorial Mediterrania"},"image":{"@id":"https:\/\/editorialmediterrania.com\/en\/#\/schema\/logo\/image\/"},"sameAs":["https:\/\/x.com\/edmediterrania","https:\/\/www.instagram.com\/editorialmediterrania\/"]}]}},"_links":{"self":[{"href":"https:\/\/editorialmediterrania.com\/en\/wp-json\/wp\/v2\/product\/13680","targetHints":{"allow":["GET"]}}],"collection":[{"href":"https:\/\/editorialmediterrania.com\/en\/wp-json\/wp\/v2\/product"}],"about":[{"href":"https:\/\/editorialmediterrania.com\/en\/wp-json\/wp\/v2\/types\/product"}],"wp:featuredmedia":[{"embeddable":true,"href":"https:\/\/editorialmediterrania.com\/en\/wp-json\/wp\/v2\/media\/48469"}],"wp:attachment":[{"href":"https:\/\/editorialmediterrania.com\/en\/wp-json\/wp\/v2\/media?parent=13680"}],"wp:term":[{"taxonomy":"product_cat","embeddable":true,"href":"https:\/\/editorialmediterrania.com\/en\/wp-json\/wp\/v2\/product_cat?post=13680"},{"taxonomy":"product_tag","embeddable":true,"href":"https:\/\/editorialmediterrania.com\/en\/wp-json\/wp\/v2\/product_tag?post=13680"},{"taxonomy":"autors","embeddable":true,"href":"https:\/\/editorialmediterrania.com\/en\/wp-json\/wp\/v2\/autors?post=13680"}],"curies":[{"name":"wp","href":"https:\/\/api.w.org\/{rel}","templated":true}]}}