{"id":14056,"date":"2014-10-03T11:41:26","date_gmt":"2014-10-03T09:41:26","guid":{"rendered":"http:\/\/editorialmediterrania.net\/?post_type=product&#038;p=14056"},"modified":"2025-06-17T11:43:04","modified_gmt":"2025-06-17T09:43:04","slug":"escrits-de-sant-francesc-santa-clara-dassis","status":"publish","type":"product","link":"https:\/\/editorialmediterrania.com\/en\/product\/escrits-de-sant-francesc-santa-clara-dassis\/","title":{"rendered":"Escrits de sant Francesc i santa Clara d\u2019Ass\u00eds"},"content":{"rendered":"<p style=\"text-align: justify;\">Aquest llibre s&#8217;acosta a les figures de sant Francesc i santa Clara d&#8217;Ass\u00eds, sense intermediaris, a trav\u00e9s de les seves paraules tradu\u00efdes al catal\u00e0 i amb els comentaris introductoris de Jacint Durant i de Francesc Gamissans, respectivament.<\/p>\n<p style=\"text-align: justify;\">Bevent de les fonts primig\u00e8nies, el des\u00e8 t\u00edtol de la col\u00b7lecci\u00f3 A la Caputxina recull en un sol volum els textos originals de Francesc, impulsor de la norma d&#8217;oraci\u00f3 i senzillesa que porta el seu nom, i de Clara d&#8217;Ass\u00eds, coet\u00e0nia del sant, la primera de les &#8220;germanes pobres&#8221;.<\/p>\n","protected":false},"excerpt":{"rendered":"<p>Aquest llibre s&#8217;acosta a les figures de sant Francesc i santa Clara d&#8217;Ass\u00eds, sense intermediaris, a trav\u00e9s de les seves paraules tradu\u00efdes al catal\u00e0 i amb els comentaris introductoris de Jacint Durant i de Francesc Gamissans, respectivament. Bevent de les fonts primig\u00e8nies, el des\u00e8 t\u00edtol de la col\u00b7lecci\u00f3 A la Caputxina recull en un sol [&hellip;]<\/p>\n","protected":false},"featured_media":20619,"template":"","meta":[],"product_cat":[6541,3351],"product_tag":[],"autors":[],"class_list":{"0":"post-14056","1":"product","2":"type-product","3":"status-publish","4":"has-post-thumbnail","6":"product_cat-a-la-caputxina","7":"product_cat-mediterrania-productes","9":"first","10":"instock","11":"purchasable","12":"product-type-simple","swatches":"rey-swatches","show_selected":""},"acf":[],"yoast_head":"<!-- This site is optimized with the Yoast SEO plugin v22.8 - https:\/\/yoast.com\/wordpress\/plugins\/seo\/ -->\n<title>Escrits de sant Francesc i santa Clara d\u2019Ass\u00eds - Editorial Mediterr\u00e0nia<\/title>\n<meta name=\"description\" content=\"Aquest llibre s&#039;acosta a les figures de Sant Francesc i Santa Clara d&#039;Ass\u00eds, sense intermediaris, a trav\u00e9s de les seves paraules tradu\u00efdes al catal\u00e0.\" \/>\n<meta name=\"robots\" content=\"index, follow, max-snippet:-1, max-image-preview:large, max-video-preview:-1\" \/>\n<link rel=\"canonical\" href=\"https:\/\/editorialmediterrania.com\/en\/product\/escrits-de-sant-francesc-santa-clara-dassis\/\" \/>\n<meta property=\"og:locale\" content=\"en_US\" \/>\n<meta property=\"og:type\" content=\"article\" \/>\n<meta property=\"og:title\" content=\"Escrits de sant Francesc i santa Clara d\u2019Ass\u00eds - Editorial Mediterr\u00e0nia\" \/>\n<meta property=\"og:description\" content=\"Aquest llibre s&#039;acosta a les figures de Sant Francesc i Santa Clara d&#039;Ass\u00eds, sense intermediaris, a trav\u00e9s de les seves paraules tradu\u00efdes al catal\u00e0.\" \/>\n<meta property=\"og:url\" content=\"https:\/\/editorialmediterrania.com\/en\/product\/escrits-de-sant-francesc-santa-clara-dassis\/\" \/>\n<meta property=\"og:site_name\" content=\"Editorial Mediterr\u00e0nia\" \/>\n<meta property=\"article:modified_time\" content=\"2025-06-17T09:43:04+00:00\" \/>\n<meta property=\"og:image\" content=\"https:\/\/editorialmediterrania.com\/wp-content\/uploads\/2014\/10\/Escrits-de-St-Francesc-i-Sta-Clara-d-Assis.jpg\" \/>\n\t<meta property=\"og:image:width\" content=\"600\" \/>\n\t<meta property=\"og:image:height\" content=\"867\" \/>\n\t<meta property=\"og:image:type\" content=\"image\/jpeg\" \/>\n<meta name=\"twitter:card\" content=\"summary_large_image\" \/>\n<meta name=\"twitter:site\" content=\"@edmediterrania\" \/>\n<meta name=\"twitter:label1\" content=\"Est. reading time\" \/>\n\t<meta name=\"twitter:data1\" content=\"1 minute\" \/>\n<script type=\"application\/ld+json\" class=\"yoast-schema-graph\">{\"@context\":\"https:\/\/schema.org\",\"@graph\":[{\"@type\":\"WebPage\",\"@id\":\"https:\/\/editorialmediterrania.com\/en\/product\/escrits-de-sant-francesc-santa-clara-dassis\/\",\"url\":\"https:\/\/editorialmediterrania.com\/en\/product\/escrits-de-sant-francesc-santa-clara-dassis\/\",\"name\":\"Escrits de sant Francesc i santa Clara d\u2019Ass\u00eds - Editorial Mediterr\u00e0nia\",\"isPartOf\":{\"@id\":\"https:\/\/editorialmediterrania.com\/en\/#website\"},\"primaryImageOfPage\":{\"@id\":\"https:\/\/editorialmediterrania.com\/en\/product\/escrits-de-sant-francesc-santa-clara-dassis\/#primaryimage\"},\"image\":{\"@id\":\"https:\/\/editorialmediterrania.com\/en\/product\/escrits-de-sant-francesc-santa-clara-dassis\/#primaryimage\"},\"thumbnailUrl\":\"https:\/\/editorialmediterrania.com\/wp-content\/uploads\/2014\/10\/Escrits-de-St-Francesc-i-Sta-Clara-d-Assis.jpg\",\"datePublished\":\"2014-10-03T09:41:26+00:00\",\"dateModified\":\"2025-06-17T09:43:04+00:00\",\"description\":\"Aquest llibre s'acosta a les figures de Sant Francesc i Santa Clara d'Ass\u00eds, sense intermediaris, a trav\u00e9s de les seves paraules tradu\u00efdes al catal\u00e0.\",\"breadcrumb\":{\"@id\":\"https:\/\/editorialmediterrania.com\/en\/product\/escrits-de-sant-francesc-santa-clara-dassis\/#breadcrumb\"},\"inLanguage\":\"en-US\",\"potentialAction\":[{\"@type\":\"ReadAction\",\"target\":[\"https:\/\/editorialmediterrania.com\/en\/product\/escrits-de-sant-francesc-santa-clara-dassis\/\"]}]},{\"@type\":\"ImageObject\",\"inLanguage\":\"en-US\",\"@id\":\"https:\/\/editorialmediterrania.com\/en\/product\/escrits-de-sant-francesc-santa-clara-dassis\/#primaryimage\",\"url\":\"https:\/\/editorialmediterrania.com\/wp-content\/uploads\/2014\/10\/Escrits-de-St-Francesc-i-Sta-Clara-d-Assis.jpg\",\"contentUrl\":\"https:\/\/editorialmediterrania.com\/wp-content\/uploads\/2014\/10\/Escrits-de-St-Francesc-i-Sta-Clara-d-Assis.jpg\",\"width\":600,\"height\":867,\"caption\":\"Escrits de St Francesc i Sta Clara d'Ass\u00eds - Editorial Mediterr\u00e0nia\"},{\"@type\":\"BreadcrumbList\",\"@id\":\"https:\/\/editorialmediterrania.com\/en\/product\/escrits-de-sant-francesc-santa-clara-dassis\/#breadcrumb\",\"itemListElement\":[{\"@type\":\"ListItem\",\"position\":1,\"name\":\"Children&#8217;s art book store\",\"item\":\"https:\/\/editorialmediterrania.com\/en\/childrens-art-book-store\/\"},{\"@type\":\"ListItem\",\"position\":2,\"name\":\"Escrits de sant Francesc i santa Clara d\u2019Ass\u00eds\"}]},{\"@type\":\"WebSite\",\"@id\":\"https:\/\/editorialmediterrania.com\/en\/#website\",\"url\":\"https:\/\/editorialmediterrania.com\/en\/\",\"name\":\"Editorial Mediterrania\",\"description\":\"Llibres que t\u2019obriran nous mons\",\"publisher\":{\"@id\":\"https:\/\/editorialmediterrania.com\/en\/#organization\"},\"alternateName\":\"Llibres infantils d'art, cultura i natura\",\"potentialAction\":[{\"@type\":\"SearchAction\",\"target\":{\"@type\":\"EntryPoint\",\"urlTemplate\":\"https:\/\/editorialmediterrania.com\/en\/?s={search_term_string}\"},\"query-input\":\"required name=search_term_string\"}],\"inLanguage\":\"en-US\"},{\"@type\":\"Organization\",\"@id\":\"https:\/\/editorialmediterrania.com\/en\/#organization\",\"name\":\"Editorial Mediterrania\",\"alternateName\":\"Llibres d'art, cultura i natura per infants i fam\u00edlies\",\"url\":\"https:\/\/editorialmediterrania.com\/en\/\",\"logo\":{\"@type\":\"ImageObject\",\"inLanguage\":\"en-US\",\"@id\":\"https:\/\/editorialmediterrania.com\/en\/#\/schema\/logo\/image\/\",\"url\":\"https:\/\/editorialmediterrania.com\/wp-content\/uploads\/2023\/03\/LOGO-ED_MEDITERRANIA_OK-2.png\",\"contentUrl\":\"https:\/\/editorialmediterrania.com\/wp-content\/uploads\/2023\/03\/LOGO-ED_MEDITERRANIA_OK-2.png\",\"width\":1200,\"height\":300,\"caption\":\"Editorial Mediterrania\"},\"image\":{\"@id\":\"https:\/\/editorialmediterrania.com\/en\/#\/schema\/logo\/image\/\"},\"sameAs\":[\"https:\/\/x.com\/edmediterrania\",\"https:\/\/www.instagram.com\/editorialmediterrania\/\"]}]}<\/script>\n<!-- \/ Yoast SEO plugin. -->","yoast_head_json":{"title":"Escrits de sant Francesc i santa Clara d\u2019Ass\u00eds - Editorial Mediterr\u00e0nia","description":"Aquest llibre s'acosta a les figures de Sant Francesc i Santa Clara d'Ass\u00eds, sense intermediaris, a trav\u00e9s de les seves paraules tradu\u00efdes al catal\u00e0.","robots":{"index":"index","follow":"follow","max-snippet":"max-snippet:-1","max-image-preview":"max-image-preview:large","max-video-preview":"max-video-preview:-1"},"canonical":"https:\/\/editorialmediterrania.com\/en\/product\/escrits-de-sant-francesc-santa-clara-dassis\/","og_locale":"en_US","og_type":"article","og_title":"Escrits de sant Francesc i santa Clara d\u2019Ass\u00eds - Editorial Mediterr\u00e0nia","og_description":"Aquest llibre s'acosta a les figures de Sant Francesc i Santa Clara d'Ass\u00eds, sense intermediaris, a trav\u00e9s de les seves paraules tradu\u00efdes al catal\u00e0.","og_url":"https:\/\/editorialmediterrania.com\/en\/product\/escrits-de-sant-francesc-santa-clara-dassis\/","og_site_name":"Editorial Mediterr\u00e0nia","article_modified_time":"2025-06-17T09:43:04+00:00","og_image":[{"width":600,"height":867,"url":"https:\/\/editorialmediterrania.com\/wp-content\/uploads\/2014\/10\/Escrits-de-St-Francesc-i-Sta-Clara-d-Assis.jpg","type":"image\/jpeg"}],"twitter_card":"summary_large_image","twitter_site":"@edmediterrania","twitter_misc":{"Est. reading time":"1 minute"},"schema":{"@context":"https:\/\/schema.org","@graph":[{"@type":"WebPage","@id":"https:\/\/editorialmediterrania.com\/en\/product\/escrits-de-sant-francesc-santa-clara-dassis\/","url":"https:\/\/editorialmediterrania.com\/en\/product\/escrits-de-sant-francesc-santa-clara-dassis\/","name":"Escrits de sant Francesc i santa Clara d\u2019Ass\u00eds - Editorial Mediterr\u00e0nia","isPartOf":{"@id":"https:\/\/editorialmediterrania.com\/en\/#website"},"primaryImageOfPage":{"@id":"https:\/\/editorialmediterrania.com\/en\/product\/escrits-de-sant-francesc-santa-clara-dassis\/#primaryimage"},"image":{"@id":"https:\/\/editorialmediterrania.com\/en\/product\/escrits-de-sant-francesc-santa-clara-dassis\/#primaryimage"},"thumbnailUrl":"https:\/\/editorialmediterrania.com\/wp-content\/uploads\/2014\/10\/Escrits-de-St-Francesc-i-Sta-Clara-d-Assis.jpg","datePublished":"2014-10-03T09:41:26+00:00","dateModified":"2025-06-17T09:43:04+00:00","description":"Aquest llibre s'acosta a les figures de Sant Francesc i Santa Clara d'Ass\u00eds, sense intermediaris, a trav\u00e9s de les seves paraules tradu\u00efdes al catal\u00e0.","breadcrumb":{"@id":"https:\/\/editorialmediterrania.com\/en\/product\/escrits-de-sant-francesc-santa-clara-dassis\/#breadcrumb"},"inLanguage":"en-US","potentialAction":[{"@type":"ReadAction","target":["https:\/\/editorialmediterrania.com\/en\/product\/escrits-de-sant-francesc-santa-clara-dassis\/"]}]},{"@type":"ImageObject","inLanguage":"en-US","@id":"https:\/\/editorialmediterrania.com\/en\/product\/escrits-de-sant-francesc-santa-clara-dassis\/#primaryimage","url":"https:\/\/editorialmediterrania.com\/wp-content\/uploads\/2014\/10\/Escrits-de-St-Francesc-i-Sta-Clara-d-Assis.jpg","contentUrl":"https:\/\/editorialmediterrania.com\/wp-content\/uploads\/2014\/10\/Escrits-de-St-Francesc-i-Sta-Clara-d-Assis.jpg","width":600,"height":867,"caption":"Escrits de St Francesc i Sta Clara d'Ass\u00eds - Editorial Mediterr\u00e0nia"},{"@type":"BreadcrumbList","@id":"https:\/\/editorialmediterrania.com\/en\/product\/escrits-de-sant-francesc-santa-clara-dassis\/#breadcrumb","itemListElement":[{"@type":"ListItem","position":1,"name":"Children&#8217;s art book store","item":"https:\/\/editorialmediterrania.com\/en\/childrens-art-book-store\/"},{"@type":"ListItem","position":2,"name":"Escrits de sant Francesc i santa Clara d\u2019Ass\u00eds"}]},{"@type":"WebSite","@id":"https:\/\/editorialmediterrania.com\/en\/#website","url":"https:\/\/editorialmediterrania.com\/en\/","name":"Editorial Mediterrania","description":"Llibres que t\u2019obriran nous mons","publisher":{"@id":"https:\/\/editorialmediterrania.com\/en\/#organization"},"alternateName":"Llibres infantils d'art, cultura i natura","potentialAction":[{"@type":"SearchAction","target":{"@type":"EntryPoint","urlTemplate":"https:\/\/editorialmediterrania.com\/en\/?s={search_term_string}"},"query-input":"required name=search_term_string"}],"inLanguage":"en-US"},{"@type":"Organization","@id":"https:\/\/editorialmediterrania.com\/en\/#organization","name":"Editorial Mediterrania","alternateName":"Llibres d'art, cultura i natura per infants i fam\u00edlies","url":"https:\/\/editorialmediterrania.com\/en\/","logo":{"@type":"ImageObject","inLanguage":"en-US","@id":"https:\/\/editorialmediterrania.com\/en\/#\/schema\/logo\/image\/","url":"https:\/\/editorialmediterrania.com\/wp-content\/uploads\/2023\/03\/LOGO-ED_MEDITERRANIA_OK-2.png","contentUrl":"https:\/\/editorialmediterrania.com\/wp-content\/uploads\/2023\/03\/LOGO-ED_MEDITERRANIA_OK-2.png","width":1200,"height":300,"caption":"Editorial Mediterrania"},"image":{"@id":"https:\/\/editorialmediterrania.com\/en\/#\/schema\/logo\/image\/"},"sameAs":["https:\/\/x.com\/edmediterrania","https:\/\/www.instagram.com\/editorialmediterrania\/"]}]}},"_links":{"self":[{"href":"https:\/\/editorialmediterrania.com\/en\/wp-json\/wp\/v2\/product\/14056","targetHints":{"allow":["GET"]}}],"collection":[{"href":"https:\/\/editorialmediterrania.com\/en\/wp-json\/wp\/v2\/product"}],"about":[{"href":"https:\/\/editorialmediterrania.com\/en\/wp-json\/wp\/v2\/types\/product"}],"wp:featuredmedia":[{"embeddable":true,"href":"https:\/\/editorialmediterrania.com\/en\/wp-json\/wp\/v2\/media\/20619"}],"wp:attachment":[{"href":"https:\/\/editorialmediterrania.com\/en\/wp-json\/wp\/v2\/media?parent=14056"}],"wp:term":[{"taxonomy":"product_cat","embeddable":true,"href":"https:\/\/editorialmediterrania.com\/en\/wp-json\/wp\/v2\/product_cat?post=14056"},{"taxonomy":"product_tag","embeddable":true,"href":"https:\/\/editorialmediterrania.com\/en\/wp-json\/wp\/v2\/product_tag?post=14056"},{"taxonomy":"autors","embeddable":true,"href":"https:\/\/editorialmediterrania.com\/en\/wp-json\/wp\/v2\/autors?post=14056"}],"curies":[{"name":"wp","href":"https:\/\/api.w.org\/{rel}","templated":true}]}}