{"id":1649,"date":"2012-12-13T11:06:48","date_gmt":"2012-12-13T10:06:48","guid":{"rendered":"http:\/\/mediterrania.adgency.es\/?post_type=product&#038;p=1649"},"modified":"2019-03-26T08:16:38","modified_gmt":"2019-03-26T07:16:38","slug":"subirachs-a-barcelona","status":"publish","type":"product","link":"https:\/\/editorialmediterrania.com\/en\/product\/subirachs-a-barcelona\/","title":{"rendered":"Subirachs a Barcelona"},"content":{"rendered":"<p style=\"text-align: justify;\">En el volum hi ha catalogades les m\u00e9s de setanta obres de Subirachs empla\u00e7ades en diversos punts de la ciutat de Barcelona. Un segon apartat est\u00e0 dedicat als grups escult\u00f2rics que formen part de la fa\u00e7ana de la Passi\u00f3 del temple de la Sagrada Fam\u00edlia. A m\u00e9s de la reproducci\u00f3 fotogr\u00e0fica en color i de la fitxa t\u00e8cnica, tamb\u00e9 s&#8217;inclou un comentari de cadascuna de les obres. Un pl\u00e0nol de la ciutat de Barcelona amb totes les obres indicades permet situar-les en el seu empla\u00e7ament i planificar recorreguts.<\/p>\n<p style=\"text-align: justify;\">Compendi fotogr\u00e0fic que recopila les escultures de Subirachs a la seva ciutat natal. Inclou comentaris de cada obra en catal\u00e0, castell\u00e0 i angl\u00e8s.<\/p>\n","protected":false},"excerpt":{"rendered":"<p>Compendi fotogr\u00e0fic que recopila les escultures de Subirachs a la seva ciutat natal. Inclou comentaris de cada obra en catal\u00e0, castell\u00e0 i angl\u00e8s.<\/p>\n","protected":false},"featured_media":19989,"template":"","meta":[],"product_cat":[3351,17],"product_tag":[2090],"autors":[],"class_list":{"0":"post-1649","1":"product","2":"type-product","3":"status-publish","4":"has-post-thumbnail","6":"product_cat-mediterrania-productes","7":"product_cat-art-adult","8":"product_tag-llibre-dart","10":"first","11":"outofstock","12":"purchasable","13":"product-type-simple","swatches":"rey-swatches","show_selected":""},"acf":[],"yoast_head":"<!-- This site is optimized with the Yoast SEO plugin v22.8 - https:\/\/yoast.com\/wordpress\/plugins\/seo\/ -->\n<title>Subirachs a Barcelona - Editorial Mediterrania<\/title>\n<meta name=\"description\" content=\"Compendi fotogr\u00e0fic que recopila les escultures de Subirachs a Barcelona. Inclou comentaris de cada obra en catal\u00e0, castell\u00e0 i angl\u00e8s.\" \/>\n<meta name=\"robots\" content=\"index, follow, max-snippet:-1, max-image-preview:large, max-video-preview:-1\" \/>\n<link rel=\"canonical\" href=\"https:\/\/editorialmediterrania.com\/en\/product\/subirachs-a-barcelona\/\" \/>\n<meta property=\"og:locale\" content=\"en_US\" \/>\n<meta property=\"og:type\" content=\"article\" \/>\n<meta property=\"og:title\" content=\"Subirachs a Barcelona - Editorial Mediterrania\" \/>\n<meta property=\"og:description\" content=\"Compendi fotogr\u00e0fic que recopila les escultures de Subirachs a Barcelona. Inclou comentaris de cada obra en catal\u00e0, castell\u00e0 i angl\u00e8s.\" \/>\n<meta property=\"og:url\" content=\"https:\/\/editorialmediterrania.com\/en\/product\/subirachs-a-barcelona\/\" \/>\n<meta property=\"og:site_name\" content=\"Editorial Mediterr\u00e0nia\" \/>\n<meta property=\"article:modified_time\" content=\"2019-03-26T07:16:38+00:00\" \/>\n<meta property=\"og:image\" content=\"https:\/\/editorialmediterrania.com\/wp-content\/uploads\/2013\/01\/Subirachs-a-Barcelona.jpg\" \/>\n\t<meta property=\"og:image:width\" content=\"600\" \/>\n\t<meta property=\"og:image:height\" content=\"819\" \/>\n\t<meta property=\"og:image:type\" content=\"image\/jpeg\" \/>\n<meta name=\"twitter:card\" content=\"summary_large_image\" \/>\n<meta name=\"twitter:site\" content=\"@edmediterrania\" \/>\n<meta name=\"twitter:label1\" content=\"Est. reading time\" \/>\n\t<meta name=\"twitter:data1\" content=\"1 minute\" \/>\n<script type=\"application\/ld+json\" class=\"yoast-schema-graph\">{\"@context\":\"https:\/\/schema.org\",\"@graph\":[{\"@type\":\"WebPage\",\"@id\":\"https:\/\/editorialmediterrania.com\/en\/product\/subirachs-a-barcelona\/\",\"url\":\"https:\/\/editorialmediterrania.com\/en\/product\/subirachs-a-barcelona\/\",\"name\":\"Subirachs a Barcelona - Editorial Mediterrania\",\"isPartOf\":{\"@id\":\"https:\/\/editorialmediterrania.com\/en\/#website\"},\"primaryImageOfPage\":{\"@id\":\"https:\/\/editorialmediterrania.com\/en\/product\/subirachs-a-barcelona\/#primaryimage\"},\"image\":{\"@id\":\"https:\/\/editorialmediterrania.com\/en\/product\/subirachs-a-barcelona\/#primaryimage\"},\"thumbnailUrl\":\"https:\/\/editorialmediterrania.com\/wp-content\/uploads\/2013\/01\/Subirachs-a-Barcelona.jpg\",\"datePublished\":\"2012-12-13T10:06:48+00:00\",\"dateModified\":\"2019-03-26T07:16:38+00:00\",\"description\":\"Compendi fotogr\u00e0fic que recopila les escultures de Subirachs a Barcelona. Inclou comentaris de cada obra en catal\u00e0, castell\u00e0 i angl\u00e8s.\",\"breadcrumb\":{\"@id\":\"https:\/\/editorialmediterrania.com\/en\/product\/subirachs-a-barcelona\/#breadcrumb\"},\"inLanguage\":\"en-US\",\"potentialAction\":[{\"@type\":\"ReadAction\",\"target\":[\"https:\/\/editorialmediterrania.com\/en\/product\/subirachs-a-barcelona\/\"]}]},{\"@type\":\"ImageObject\",\"inLanguage\":\"en-US\",\"@id\":\"https:\/\/editorialmediterrania.com\/en\/product\/subirachs-a-barcelona\/#primaryimage\",\"url\":\"https:\/\/editorialmediterrania.com\/wp-content\/uploads\/2013\/01\/Subirachs-a-Barcelona.jpg\",\"contentUrl\":\"https:\/\/editorialmediterrania.com\/wp-content\/uploads\/2013\/01\/Subirachs-a-Barcelona.jpg\",\"width\":600,\"height\":819},{\"@type\":\"BreadcrumbList\",\"@id\":\"https:\/\/editorialmediterrania.com\/en\/product\/subirachs-a-barcelona\/#breadcrumb\",\"itemListElement\":[{\"@type\":\"ListItem\",\"position\":1,\"name\":\"Children&#8217;s art book store\",\"item\":\"https:\/\/editorialmediterrania.com\/en\/childrens-art-book-store\/\"},{\"@type\":\"ListItem\",\"position\":2,\"name\":\"Subirachs a Barcelona\"}]},{\"@type\":\"WebSite\",\"@id\":\"https:\/\/editorialmediterrania.com\/en\/#website\",\"url\":\"https:\/\/editorialmediterrania.com\/en\/\",\"name\":\"Editorial Mediterrania\",\"description\":\"Llibres que t\u2019obriran nous mons\",\"publisher\":{\"@id\":\"https:\/\/editorialmediterrania.com\/en\/#organization\"},\"alternateName\":\"Llibres infantils d'art, cultura i natura\",\"potentialAction\":[{\"@type\":\"SearchAction\",\"target\":{\"@type\":\"EntryPoint\",\"urlTemplate\":\"https:\/\/editorialmediterrania.com\/en\/?s={search_term_string}\"},\"query-input\":\"required name=search_term_string\"}],\"inLanguage\":\"en-US\"},{\"@type\":\"Organization\",\"@id\":\"https:\/\/editorialmediterrania.com\/en\/#organization\",\"name\":\"Editorial Mediterrania\",\"alternateName\":\"Llibres d'art, cultura i natura per infants i fam\u00edlies\",\"url\":\"https:\/\/editorialmediterrania.com\/en\/\",\"logo\":{\"@type\":\"ImageObject\",\"inLanguage\":\"en-US\",\"@id\":\"https:\/\/editorialmediterrania.com\/en\/#\/schema\/logo\/image\/\",\"url\":\"https:\/\/editorialmediterrania.com\/wp-content\/uploads\/2023\/03\/LOGO-ED_MEDITERRANIA_OK-2.png\",\"contentUrl\":\"https:\/\/editorialmediterrania.com\/wp-content\/uploads\/2023\/03\/LOGO-ED_MEDITERRANIA_OK-2.png\",\"width\":1200,\"height\":300,\"caption\":\"Editorial Mediterrania\"},\"image\":{\"@id\":\"https:\/\/editorialmediterrania.com\/en\/#\/schema\/logo\/image\/\"},\"sameAs\":[\"https:\/\/x.com\/edmediterrania\",\"https:\/\/www.instagram.com\/editorialmediterrania\/\"]}]}<\/script>\n<!-- \/ Yoast SEO plugin. -->","yoast_head_json":{"title":"Subirachs a Barcelona - Editorial Mediterrania","description":"Compendi fotogr\u00e0fic que recopila les escultures de Subirachs a Barcelona. Inclou comentaris de cada obra en catal\u00e0, castell\u00e0 i angl\u00e8s.","robots":{"index":"index","follow":"follow","max-snippet":"max-snippet:-1","max-image-preview":"max-image-preview:large","max-video-preview":"max-video-preview:-1"},"canonical":"https:\/\/editorialmediterrania.com\/en\/product\/subirachs-a-barcelona\/","og_locale":"en_US","og_type":"article","og_title":"Subirachs a Barcelona - Editorial Mediterrania","og_description":"Compendi fotogr\u00e0fic que recopila les escultures de Subirachs a Barcelona. Inclou comentaris de cada obra en catal\u00e0, castell\u00e0 i angl\u00e8s.","og_url":"https:\/\/editorialmediterrania.com\/en\/product\/subirachs-a-barcelona\/","og_site_name":"Editorial Mediterr\u00e0nia","article_modified_time":"2019-03-26T07:16:38+00:00","og_image":[{"width":600,"height":819,"url":"https:\/\/editorialmediterrania.com\/wp-content\/uploads\/2013\/01\/Subirachs-a-Barcelona.jpg","type":"image\/jpeg"}],"twitter_card":"summary_large_image","twitter_site":"@edmediterrania","twitter_misc":{"Est. reading time":"1 minute"},"schema":{"@context":"https:\/\/schema.org","@graph":[{"@type":"WebPage","@id":"https:\/\/editorialmediterrania.com\/en\/product\/subirachs-a-barcelona\/","url":"https:\/\/editorialmediterrania.com\/en\/product\/subirachs-a-barcelona\/","name":"Subirachs a Barcelona - Editorial Mediterrania","isPartOf":{"@id":"https:\/\/editorialmediterrania.com\/en\/#website"},"primaryImageOfPage":{"@id":"https:\/\/editorialmediterrania.com\/en\/product\/subirachs-a-barcelona\/#primaryimage"},"image":{"@id":"https:\/\/editorialmediterrania.com\/en\/product\/subirachs-a-barcelona\/#primaryimage"},"thumbnailUrl":"https:\/\/editorialmediterrania.com\/wp-content\/uploads\/2013\/01\/Subirachs-a-Barcelona.jpg","datePublished":"2012-12-13T10:06:48+00:00","dateModified":"2019-03-26T07:16:38+00:00","description":"Compendi fotogr\u00e0fic que recopila les escultures de Subirachs a Barcelona. Inclou comentaris de cada obra en catal\u00e0, castell\u00e0 i angl\u00e8s.","breadcrumb":{"@id":"https:\/\/editorialmediterrania.com\/en\/product\/subirachs-a-barcelona\/#breadcrumb"},"inLanguage":"en-US","potentialAction":[{"@type":"ReadAction","target":["https:\/\/editorialmediterrania.com\/en\/product\/subirachs-a-barcelona\/"]}]},{"@type":"ImageObject","inLanguage":"en-US","@id":"https:\/\/editorialmediterrania.com\/en\/product\/subirachs-a-barcelona\/#primaryimage","url":"https:\/\/editorialmediterrania.com\/wp-content\/uploads\/2013\/01\/Subirachs-a-Barcelona.jpg","contentUrl":"https:\/\/editorialmediterrania.com\/wp-content\/uploads\/2013\/01\/Subirachs-a-Barcelona.jpg","width":600,"height":819},{"@type":"BreadcrumbList","@id":"https:\/\/editorialmediterrania.com\/en\/product\/subirachs-a-barcelona\/#breadcrumb","itemListElement":[{"@type":"ListItem","position":1,"name":"Children&#8217;s art book store","item":"https:\/\/editorialmediterrania.com\/en\/childrens-art-book-store\/"},{"@type":"ListItem","position":2,"name":"Subirachs a Barcelona"}]},{"@type":"WebSite","@id":"https:\/\/editorialmediterrania.com\/en\/#website","url":"https:\/\/editorialmediterrania.com\/en\/","name":"Editorial Mediterrania","description":"Llibres que t\u2019obriran nous mons","publisher":{"@id":"https:\/\/editorialmediterrania.com\/en\/#organization"},"alternateName":"Llibres infantils d'art, cultura i natura","potentialAction":[{"@type":"SearchAction","target":{"@type":"EntryPoint","urlTemplate":"https:\/\/editorialmediterrania.com\/en\/?s={search_term_string}"},"query-input":"required name=search_term_string"}],"inLanguage":"en-US"},{"@type":"Organization","@id":"https:\/\/editorialmediterrania.com\/en\/#organization","name":"Editorial Mediterrania","alternateName":"Llibres d'art, cultura i natura per infants i fam\u00edlies","url":"https:\/\/editorialmediterrania.com\/en\/","logo":{"@type":"ImageObject","inLanguage":"en-US","@id":"https:\/\/editorialmediterrania.com\/en\/#\/schema\/logo\/image\/","url":"https:\/\/editorialmediterrania.com\/wp-content\/uploads\/2023\/03\/LOGO-ED_MEDITERRANIA_OK-2.png","contentUrl":"https:\/\/editorialmediterrania.com\/wp-content\/uploads\/2023\/03\/LOGO-ED_MEDITERRANIA_OK-2.png","width":1200,"height":300,"caption":"Editorial Mediterrania"},"image":{"@id":"https:\/\/editorialmediterrania.com\/en\/#\/schema\/logo\/image\/"},"sameAs":["https:\/\/x.com\/edmediterrania","https:\/\/www.instagram.com\/editorialmediterrania\/"]}]}},"_links":{"self":[{"href":"https:\/\/editorialmediterrania.com\/en\/wp-json\/wp\/v2\/product\/1649","targetHints":{"allow":["GET"]}}],"collection":[{"href":"https:\/\/editorialmediterrania.com\/en\/wp-json\/wp\/v2\/product"}],"about":[{"href":"https:\/\/editorialmediterrania.com\/en\/wp-json\/wp\/v2\/types\/product"}],"wp:featuredmedia":[{"embeddable":true,"href":"https:\/\/editorialmediterrania.com\/en\/wp-json\/wp\/v2\/media\/19989"}],"wp:attachment":[{"href":"https:\/\/editorialmediterrania.com\/en\/wp-json\/wp\/v2\/media?parent=1649"}],"wp:term":[{"taxonomy":"product_cat","embeddable":true,"href":"https:\/\/editorialmediterrania.com\/en\/wp-json\/wp\/v2\/product_cat?post=1649"},{"taxonomy":"product_tag","embeddable":true,"href":"https:\/\/editorialmediterrania.com\/en\/wp-json\/wp\/v2\/product_tag?post=1649"},{"taxonomy":"autors","embeddable":true,"href":"https:\/\/editorialmediterrania.com\/en\/wp-json\/wp\/v2\/autors?post=1649"}],"curies":[{"name":"wp","href":"https:\/\/api.w.org\/{rel}","templated":true}]}}