{"id":17704,"date":"2013-01-21T17:40:07","date_gmt":"2013-01-21T16:40:07","guid":{"rendered":"http:\/\/www.barcelonalab.com\/~editorialmediter\/product\/petita-historia-del-bisbe-i-abat-oliba-2\/"},"modified":"2019-07-03T13:38:02","modified_gmt":"2019-07-03T11:38:02","slug":"petite-histoire-doliba-abbe-et-eveque","status":"publish","type":"product","link":"https:\/\/editorialmediterrania.com\/en\/product\/petite-histoire-doliba-abbe-et-eveque\/","title":{"rendered":"Petite histoire d&#8217;Oliba, abb\u00e9 et \u00e9v\u00eaque"},"content":{"rendered":"<p style=\"text-align: justify;\"><span id=\"result_box\" class=\"\" lang=\"en\"><span class=\"hps\">This work<\/span> <span class=\"hps\">aimed at<\/span> <span class=\"hps\">children and, <\/span>narrated <span class=\"hps\">entertaining and<\/span> <span class=\"hps\">rigorously<\/span>, it <span class=\"hps\">offers a<\/span> <span class=\"hps\">journey through the life<\/span> <span class=\"hps\">of the Earl of<\/span> <span class=\"hps\">Berga<\/span>, founder <span class=\"hps\">of the Monastery of<\/span> <span class=\"hps\">Montserrat<\/span> <span class=\"hps\">in the eleventh century<\/span>, the abbot <span class=\"hps\">Oliba<\/span>. <span class=\"hps\">The text<\/span> <span class=\"hps\">is accompanied by<\/span> <span class=\"hps\">full color<\/span> <span class=\"hps\">drawings<\/span> <span class=\"hps\">of<\/span> <span class=\"hps\">Pilar\u00edn<\/span> <span class=\"hps\">Bay\u00e9s<\/span><span class=\"\">.<\/span><\/span><\/p>\n","protected":false},"excerpt":{"rendered":"<p>This work aimed at children and, narrated entertaining and rigorously, it offers a journey through the life of the Earl of Berga, founder of the Monastery of Montserrat in the eleventh century, the abbot Oliba. The text is accompanied by full color drawings of Pilar\u00edn Bay\u00e9s.<\/p>\n","protected":false},"featured_media":19916,"template":"","meta":[],"product_cat":[31,161],"product_tag":[1123,1294],"autors":[],"class_list":{"0":"post-17704","1":"product","2":"type-product","3":"status-publish","4":"has-post-thumbnail","6":"product_cat-editorial-mediterrania","7":"product_cat-little-stories","8":"product_tag-infant-book","9":"product_tag-pilarin-bayes-en","11":"first","12":"instock","13":"purchasable","14":"product-type-variable","15":"has-default-attributes","swatches":"rey-swatches","show_selected":""},"acf":[],"yoast_head":"<!-- This site is optimized with the Yoast SEO plugin v22.8 - https:\/\/yoast.com\/wordpress\/plugins\/seo\/ -->\n<title>Petita Historia del bisbe i abat Oliba - Editorial Mediterrania<\/title>\n<meta name=\"description\" content=\"Libro infantil educativo peque\u00f1a historia sobre la vida del obispo y abad Oliba para ni\u00f1os y ni\u00f1as entre 8 y 12 a\u00f1os\" \/>\n<meta name=\"robots\" content=\"index, follow, max-snippet:-1, max-image-preview:large, max-video-preview:-1\" \/>\n<link rel=\"canonical\" href=\"https:\/\/editorialmediterrania.com\/en\/product\/petite-histoire-doliba-abbe-et-eveque\/\" \/>\n<meta property=\"og:locale\" content=\"en_US\" \/>\n<meta property=\"og:type\" content=\"article\" \/>\n<meta property=\"og:title\" content=\"Petita Historia del bisbe i abat Oliba - Editorial Mediterrania\" \/>\n<meta property=\"og:description\" content=\"Libro infantil educativo peque\u00f1a historia sobre la vida del obispo y abad Oliba para ni\u00f1os y ni\u00f1as entre 8 y 12 a\u00f1os\" \/>\n<meta property=\"og:url\" content=\"https:\/\/editorialmediterrania.com\/en\/product\/petite-histoire-doliba-abbe-et-eveque\/\" \/>\n<meta property=\"og:site_name\" content=\"Editorial Mediterr\u00e0nia\" \/>\n<meta property=\"article:modified_time\" content=\"2019-07-03T11:38:02+00:00\" \/>\n<meta property=\"og:image\" content=\"https:\/\/editorialmediterrania.com\/wp-content\/uploads\/2013\/01\/Petita-Historia-de-lAbat-Oliba.jpg\" \/>\n\t<meta property=\"og:image:width\" content=\"600\" \/>\n\t<meta property=\"og:image:height\" content=\"676\" \/>\n\t<meta property=\"og:image:type\" content=\"image\/jpeg\" \/>\n<meta name=\"twitter:card\" content=\"summary_large_image\" \/>\n<meta name=\"twitter:site\" content=\"@edmediterrania\" \/>\n<script type=\"application\/ld+json\" class=\"yoast-schema-graph\">{\"@context\":\"https:\/\/schema.org\",\"@graph\":[{\"@type\":\"WebPage\",\"@id\":\"https:\/\/editorialmediterrania.com\/en\/product\/petite-histoire-doliba-abbe-et-eveque\/\",\"url\":\"https:\/\/editorialmediterrania.com\/en\/product\/petite-histoire-doliba-abbe-et-eveque\/\",\"name\":\"Petita Historia del bisbe i abat Oliba - Editorial Mediterrania\",\"isPartOf\":{\"@id\":\"https:\/\/editorialmediterrania.com\/en\/#website\"},\"primaryImageOfPage\":{\"@id\":\"https:\/\/editorialmediterrania.com\/en\/product\/petite-histoire-doliba-abbe-et-eveque\/#primaryimage\"},\"image\":{\"@id\":\"https:\/\/editorialmediterrania.com\/en\/product\/petite-histoire-doliba-abbe-et-eveque\/#primaryimage\"},\"thumbnailUrl\":\"https:\/\/editorialmediterrania.com\/wp-content\/uploads\/2013\/01\/Petita-Historia-de-lAbat-Oliba.jpg\",\"datePublished\":\"2013-01-21T16:40:07+00:00\",\"dateModified\":\"2019-07-03T11:38:02+00:00\",\"description\":\"Libro infantil educativo peque\u00f1a historia sobre la vida del obispo y abad Oliba para ni\u00f1os y ni\u00f1as entre 8 y 12 a\u00f1os\",\"breadcrumb\":{\"@id\":\"https:\/\/editorialmediterrania.com\/en\/product\/petite-histoire-doliba-abbe-et-eveque\/#breadcrumb\"},\"inLanguage\":\"en-US\",\"potentialAction\":[{\"@type\":\"ReadAction\",\"target\":[\"https:\/\/editorialmediterrania.com\/en\/product\/petite-histoire-doliba-abbe-et-eveque\/\"]}]},{\"@type\":\"ImageObject\",\"inLanguage\":\"en-US\",\"@id\":\"https:\/\/editorialmediterrania.com\/en\/product\/petite-histoire-doliba-abbe-et-eveque\/#primaryimage\",\"url\":\"https:\/\/editorialmediterrania.com\/wp-content\/uploads\/2013\/01\/Petita-Historia-de-lAbat-Oliba.jpg\",\"contentUrl\":\"https:\/\/editorialmediterrania.com\/wp-content\/uploads\/2013\/01\/Petita-Historia-de-lAbat-Oliba.jpg\",\"width\":600,\"height\":676},{\"@type\":\"BreadcrumbList\",\"@id\":\"https:\/\/editorialmediterrania.com\/en\/product\/petite-histoire-doliba-abbe-et-eveque\/#breadcrumb\",\"itemListElement\":[{\"@type\":\"ListItem\",\"position\":1,\"name\":\"Children&#8217;s art book store\",\"item\":\"https:\/\/editorialmediterrania.com\/en\/childrens-art-book-store\/\"},{\"@type\":\"ListItem\",\"position\":2,\"name\":\"Petite histoire d&#8217;Oliba, abb\u00e9 et \u00e9v\u00eaque\"}]},{\"@type\":\"WebSite\",\"@id\":\"https:\/\/editorialmediterrania.com\/en\/#website\",\"url\":\"https:\/\/editorialmediterrania.com\/en\/\",\"name\":\"Editorial Mediterrania\",\"description\":\"Llibres que t\u2019obriran nous mons\",\"publisher\":{\"@id\":\"https:\/\/editorialmediterrania.com\/en\/#organization\"},\"alternateName\":\"Llibres infantils d'art, cultura i natura\",\"potentialAction\":[{\"@type\":\"SearchAction\",\"target\":{\"@type\":\"EntryPoint\",\"urlTemplate\":\"https:\/\/editorialmediterrania.com\/en\/?s={search_term_string}\"},\"query-input\":\"required name=search_term_string\"}],\"inLanguage\":\"en-US\"},{\"@type\":\"Organization\",\"@id\":\"https:\/\/editorialmediterrania.com\/en\/#organization\",\"name\":\"Editorial Mediterrania\",\"alternateName\":\"Llibres d'art, cultura i natura per infants i fam\u00edlies\",\"url\":\"https:\/\/editorialmediterrania.com\/en\/\",\"logo\":{\"@type\":\"ImageObject\",\"inLanguage\":\"en-US\",\"@id\":\"https:\/\/editorialmediterrania.com\/en\/#\/schema\/logo\/image\/\",\"url\":\"https:\/\/editorialmediterrania.com\/wp-content\/uploads\/2023\/03\/LOGO-ED_MEDITERRANIA_OK-2.png\",\"contentUrl\":\"https:\/\/editorialmediterrania.com\/wp-content\/uploads\/2023\/03\/LOGO-ED_MEDITERRANIA_OK-2.png\",\"width\":1200,\"height\":300,\"caption\":\"Editorial Mediterrania\"},\"image\":{\"@id\":\"https:\/\/editorialmediterrania.com\/en\/#\/schema\/logo\/image\/\"},\"sameAs\":[\"https:\/\/x.com\/edmediterrania\",\"https:\/\/www.instagram.com\/editorialmediterrania\/\"]}]}<\/script>\n<!-- \/ Yoast SEO plugin. -->","yoast_head_json":{"title":"Petita Historia del bisbe i abat Oliba - Editorial Mediterrania","description":"Libro infantil educativo peque\u00f1a historia sobre la vida del obispo y abad Oliba para ni\u00f1os y ni\u00f1as entre 8 y 12 a\u00f1os","robots":{"index":"index","follow":"follow","max-snippet":"max-snippet:-1","max-image-preview":"max-image-preview:large","max-video-preview":"max-video-preview:-1"},"canonical":"https:\/\/editorialmediterrania.com\/en\/product\/petite-histoire-doliba-abbe-et-eveque\/","og_locale":"en_US","og_type":"article","og_title":"Petita Historia del bisbe i abat Oliba - Editorial Mediterrania","og_description":"Libro infantil educativo peque\u00f1a historia sobre la vida del obispo y abad Oliba para ni\u00f1os y ni\u00f1as entre 8 y 12 a\u00f1os","og_url":"https:\/\/editorialmediterrania.com\/en\/product\/petite-histoire-doliba-abbe-et-eveque\/","og_site_name":"Editorial Mediterr\u00e0nia","article_modified_time":"2019-07-03T11:38:02+00:00","og_image":[{"width":600,"height":676,"url":"https:\/\/editorialmediterrania.com\/wp-content\/uploads\/2013\/01\/Petita-Historia-de-lAbat-Oliba.jpg","type":"image\/jpeg"}],"twitter_card":"summary_large_image","twitter_site":"@edmediterrania","schema":{"@context":"https:\/\/schema.org","@graph":[{"@type":"WebPage","@id":"https:\/\/editorialmediterrania.com\/en\/product\/petite-histoire-doliba-abbe-et-eveque\/","url":"https:\/\/editorialmediterrania.com\/en\/product\/petite-histoire-doliba-abbe-et-eveque\/","name":"Petita Historia del bisbe i abat Oliba - Editorial Mediterrania","isPartOf":{"@id":"https:\/\/editorialmediterrania.com\/en\/#website"},"primaryImageOfPage":{"@id":"https:\/\/editorialmediterrania.com\/en\/product\/petite-histoire-doliba-abbe-et-eveque\/#primaryimage"},"image":{"@id":"https:\/\/editorialmediterrania.com\/en\/product\/petite-histoire-doliba-abbe-et-eveque\/#primaryimage"},"thumbnailUrl":"https:\/\/editorialmediterrania.com\/wp-content\/uploads\/2013\/01\/Petita-Historia-de-lAbat-Oliba.jpg","datePublished":"2013-01-21T16:40:07+00:00","dateModified":"2019-07-03T11:38:02+00:00","description":"Libro infantil educativo peque\u00f1a historia sobre la vida del obispo y abad Oliba para ni\u00f1os y ni\u00f1as entre 8 y 12 a\u00f1os","breadcrumb":{"@id":"https:\/\/editorialmediterrania.com\/en\/product\/petite-histoire-doliba-abbe-et-eveque\/#breadcrumb"},"inLanguage":"en-US","potentialAction":[{"@type":"ReadAction","target":["https:\/\/editorialmediterrania.com\/en\/product\/petite-histoire-doliba-abbe-et-eveque\/"]}]},{"@type":"ImageObject","inLanguage":"en-US","@id":"https:\/\/editorialmediterrania.com\/en\/product\/petite-histoire-doliba-abbe-et-eveque\/#primaryimage","url":"https:\/\/editorialmediterrania.com\/wp-content\/uploads\/2013\/01\/Petita-Historia-de-lAbat-Oliba.jpg","contentUrl":"https:\/\/editorialmediterrania.com\/wp-content\/uploads\/2013\/01\/Petita-Historia-de-lAbat-Oliba.jpg","width":600,"height":676},{"@type":"BreadcrumbList","@id":"https:\/\/editorialmediterrania.com\/en\/product\/petite-histoire-doliba-abbe-et-eveque\/#breadcrumb","itemListElement":[{"@type":"ListItem","position":1,"name":"Children&#8217;s art book store","item":"https:\/\/editorialmediterrania.com\/en\/childrens-art-book-store\/"},{"@type":"ListItem","position":2,"name":"Petite histoire d&#8217;Oliba, abb\u00e9 et \u00e9v\u00eaque"}]},{"@type":"WebSite","@id":"https:\/\/editorialmediterrania.com\/en\/#website","url":"https:\/\/editorialmediterrania.com\/en\/","name":"Editorial Mediterrania","description":"Llibres que t\u2019obriran nous mons","publisher":{"@id":"https:\/\/editorialmediterrania.com\/en\/#organization"},"alternateName":"Llibres infantils d'art, cultura i natura","potentialAction":[{"@type":"SearchAction","target":{"@type":"EntryPoint","urlTemplate":"https:\/\/editorialmediterrania.com\/en\/?s={search_term_string}"},"query-input":"required name=search_term_string"}],"inLanguage":"en-US"},{"@type":"Organization","@id":"https:\/\/editorialmediterrania.com\/en\/#organization","name":"Editorial Mediterrania","alternateName":"Llibres d'art, cultura i natura per infants i fam\u00edlies","url":"https:\/\/editorialmediterrania.com\/en\/","logo":{"@type":"ImageObject","inLanguage":"en-US","@id":"https:\/\/editorialmediterrania.com\/en\/#\/schema\/logo\/image\/","url":"https:\/\/editorialmediterrania.com\/wp-content\/uploads\/2023\/03\/LOGO-ED_MEDITERRANIA_OK-2.png","contentUrl":"https:\/\/editorialmediterrania.com\/wp-content\/uploads\/2023\/03\/LOGO-ED_MEDITERRANIA_OK-2.png","width":1200,"height":300,"caption":"Editorial Mediterrania"},"image":{"@id":"https:\/\/editorialmediterrania.com\/en\/#\/schema\/logo\/image\/"},"sameAs":["https:\/\/x.com\/edmediterrania","https:\/\/www.instagram.com\/editorialmediterrania\/"]}]}},"_links":{"self":[{"href":"https:\/\/editorialmediterrania.com\/en\/wp-json\/wp\/v2\/product\/17704","targetHints":{"allow":["GET"]}}],"collection":[{"href":"https:\/\/editorialmediterrania.com\/en\/wp-json\/wp\/v2\/product"}],"about":[{"href":"https:\/\/editorialmediterrania.com\/en\/wp-json\/wp\/v2\/types\/product"}],"wp:featuredmedia":[{"embeddable":true,"href":"https:\/\/editorialmediterrania.com\/en\/wp-json\/wp\/v2\/media\/19916"}],"wp:attachment":[{"href":"https:\/\/editorialmediterrania.com\/en\/wp-json\/wp\/v2\/media?parent=17704"}],"wp:term":[{"taxonomy":"product_cat","embeddable":true,"href":"https:\/\/editorialmediterrania.com\/en\/wp-json\/wp\/v2\/product_cat?post=17704"},{"taxonomy":"product_tag","embeddable":true,"href":"https:\/\/editorialmediterrania.com\/en\/wp-json\/wp\/v2\/product_tag?post=17704"},{"taxonomy":"autors","embeddable":true,"href":"https:\/\/editorialmediterrania.com\/en\/wp-json\/wp\/v2\/autors?post=17704"}],"curies":[{"name":"wp","href":"https:\/\/api.w.org\/{rel}","templated":true}]}}