{"id":20101,"date":"2015-07-28T14:35:12","date_gmt":"2015-07-28T12:35:12","guid":{"rendered":"http:\/\/www.barcelonalab.com\/~editorialmediter\/?post_type=product&#038;p=20101"},"modified":"2023-05-22T15:14:26","modified_gmt":"2023-05-22T13:14:26","slug":"les-naus-de-la-sagrada-familia","status":"publish","type":"product","link":"https:\/\/editorialmediterrania.com\/en\/product\/les-naus-de-la-sagrada-familia\/","title":{"rendered":"Les Naus de la Sagrada Fam\u00edlia"},"content":{"rendered":"<div class=\"accordionButton2 on\">\n<p style=\"text-align: justify;\">Els secrets de construcci\u00f3 del temple m\u00e9s admirat del m\u00f3n, per primera vegada al descobert a <i>Les naus de la Sagrada Fam\u00edlia, <\/i>amb 400 imatges espectaculars que inclouen fotografies, pl\u00e0nols i documents originals.\u00a0Aquest llibre sorprendr\u00e0 tant els admiradors de l\u2019obra de Gaud\u00ed com als professionals de les arts constructives. \u00c9s un reflex de la genialitat gaudiniana i de la bellesa que emana de l\u2019interior del temple.\u00a0Els autors s\u00f3n membres de l\u2019equip d\u2019arquitectes de la Sagrada Fam\u00edlia: Jordi Faul\u00ed (director), Ramon Espel (cap d\u2019obra), Mark Burry, Jordi Coll i Josep G\u00f3mez.<\/p>\n<\/div>\n","protected":false},"excerpt":{"rendered":"<p>Els secrets de construcci\u00f3 del temple m\u00e9s admirat del m\u00f3n, per primera vegada al descobert a Les naus de la Sagrada Fam\u00edlia, amb 400 imatges espectaculars que inclouen fotografies, pl\u00e0nols i documents originals.\u00a0Aquest llibre sorprendr\u00e0 tant els admiradors de l\u2019obra de Gaud\u00ed com als professionals de les arts constructives. \u00c9s un reflex de la genialitat [&hellip;]<\/p>\n","protected":false},"featured_media":41327,"template":"","meta":[],"product_cat":[3351,17],"product_tag":[1524,2090,806],"autors":[],"class_list":{"0":"post-20101","1":"product","2":"type-product","3":"status-publish","4":"has-post-thumbnail","6":"product_cat-mediterrania-productes","7":"product_cat-art-adult","8":"product_tag-jordi-fauli","9":"product_tag-llibre-dart","10":"product_tag-sagrada-familia","12":"first","13":"outofstock","14":"purchasable","15":"product-type-simple","swatches":"rey-swatches","show_selected":""},"acf":[],"yoast_head":"<!-- This site is optimized with the Yoast SEO plugin v22.8 - https:\/\/yoast.com\/wordpress\/plugins\/seo\/ -->\n<title>Les Naus de la Sagrada Fam\u00edlia - Editorial Mediterr\u00e0nia<\/title>\n<meta name=\"description\" content=\"Els secrets de construcci\u00f3 del temple m\u00e9s admirat del m\u00f3n, per primera vegada al descobert a Les naus de la Sagrada Fam\u00edlia, amb 400 imatges espectaculars que inclouen fotografies, pl\u00e0nols i documents originals.\u00a0\" \/>\n<meta name=\"robots\" content=\"index, follow, max-snippet:-1, max-image-preview:large, max-video-preview:-1\" \/>\n<link rel=\"canonical\" href=\"https:\/\/editorialmediterrania.com\/en\/product\/les-naus-de-la-sagrada-familia\/\" \/>\n<meta property=\"og:locale\" content=\"en_US\" \/>\n<meta property=\"og:type\" content=\"article\" \/>\n<meta property=\"og:title\" content=\"Les Naus de la Sagrada Fam\u00edlia - Editorial Mediterr\u00e0nia\" \/>\n<meta property=\"og:description\" content=\"Els secrets de construcci\u00f3 del temple m\u00e9s admirat del m\u00f3n, per primera vegada al descobert a Les naus de la Sagrada Fam\u00edlia, amb 400 imatges espectaculars que inclouen fotografies, pl\u00e0nols i documents originals.\u00a0\" \/>\n<meta property=\"og:url\" content=\"https:\/\/editorialmediterrania.com\/en\/product\/les-naus-de-la-sagrada-familia\/\" \/>\n<meta property=\"og:site_name\" content=\"Editorial Mediterr\u00e0nia\" \/>\n<meta property=\"article:modified_time\" content=\"2023-05-22T13:14:26+00:00\" \/>\n<meta property=\"og:image\" content=\"https:\/\/editorialmediterrania.com\/wp-content\/uploads\/2015\/07\/Les-Naus-de-la-Sagrada-Familia-scaled-1.jpg\" \/>\n\t<meta property=\"og:image:width\" content=\"2080\" \/>\n\t<meta property=\"og:image:height\" content=\"2560\" \/>\n\t<meta property=\"og:image:type\" content=\"image\/jpeg\" \/>\n<meta name=\"twitter:card\" content=\"summary_large_image\" \/>\n<meta name=\"twitter:site\" content=\"@edmediterrania\" \/>\n<meta name=\"twitter:label1\" content=\"Est. reading time\" \/>\n\t<meta name=\"twitter:data1\" content=\"1 minute\" \/>\n<script type=\"application\/ld+json\" class=\"yoast-schema-graph\">{\"@context\":\"https:\/\/schema.org\",\"@graph\":[{\"@type\":\"WebPage\",\"@id\":\"https:\/\/editorialmediterrania.com\/en\/product\/les-naus-de-la-sagrada-familia\/\",\"url\":\"https:\/\/editorialmediterrania.com\/en\/product\/les-naus-de-la-sagrada-familia\/\",\"name\":\"Les Naus de la Sagrada Fam\u00edlia - Editorial Mediterr\u00e0nia\",\"isPartOf\":{\"@id\":\"https:\/\/editorialmediterrania.com\/en\/#website\"},\"primaryImageOfPage\":{\"@id\":\"https:\/\/editorialmediterrania.com\/en\/product\/les-naus-de-la-sagrada-familia\/#primaryimage\"},\"image\":{\"@id\":\"https:\/\/editorialmediterrania.com\/en\/product\/les-naus-de-la-sagrada-familia\/#primaryimage\"},\"thumbnailUrl\":\"https:\/\/editorialmediterrania.com\/wp-content\/uploads\/2015\/07\/Les-Naus-de-la-Sagrada-Familia-scaled-1.jpg\",\"datePublished\":\"2015-07-28T12:35:12+00:00\",\"dateModified\":\"2023-05-22T13:14:26+00:00\",\"description\":\"Els secrets de construcci\u00f3 del temple m\u00e9s admirat del m\u00f3n, per primera vegada al descobert a Les naus de la Sagrada Fam\u00edlia, amb 400 imatges espectaculars que inclouen fotografies, pl\u00e0nols i documents originals.\u00a0\",\"breadcrumb\":{\"@id\":\"https:\/\/editorialmediterrania.com\/en\/product\/les-naus-de-la-sagrada-familia\/#breadcrumb\"},\"inLanguage\":\"en-US\",\"potentialAction\":[{\"@type\":\"ReadAction\",\"target\":[\"https:\/\/editorialmediterrania.com\/en\/product\/les-naus-de-la-sagrada-familia\/\"]}]},{\"@type\":\"ImageObject\",\"inLanguage\":\"en-US\",\"@id\":\"https:\/\/editorialmediterrania.com\/en\/product\/les-naus-de-la-sagrada-familia\/#primaryimage\",\"url\":\"https:\/\/editorialmediterrania.com\/wp-content\/uploads\/2015\/07\/Les-Naus-de-la-Sagrada-Familia-scaled-1.jpg\",\"contentUrl\":\"https:\/\/editorialmediterrania.com\/wp-content\/uploads\/2015\/07\/Les-Naus-de-la-Sagrada-Familia-scaled-1.jpg\",\"width\":2080,\"height\":2560},{\"@type\":\"BreadcrumbList\",\"@id\":\"https:\/\/editorialmediterrania.com\/en\/product\/les-naus-de-la-sagrada-familia\/#breadcrumb\",\"itemListElement\":[{\"@type\":\"ListItem\",\"position\":1,\"name\":\"Children&#8217;s art book store\",\"item\":\"https:\/\/editorialmediterrania.com\/en\/childrens-art-book-store\/\"},{\"@type\":\"ListItem\",\"position\":2,\"name\":\"Les Naus de la Sagrada Fam\u00edlia\"}]},{\"@type\":\"WebSite\",\"@id\":\"https:\/\/editorialmediterrania.com\/en\/#website\",\"url\":\"https:\/\/editorialmediterrania.com\/en\/\",\"name\":\"Editorial Mediterrania\",\"description\":\"Llibres que t\u2019obriran nous mons\",\"publisher\":{\"@id\":\"https:\/\/editorialmediterrania.com\/en\/#organization\"},\"alternateName\":\"Llibres infantils d'art, cultura i natura\",\"potentialAction\":[{\"@type\":\"SearchAction\",\"target\":{\"@type\":\"EntryPoint\",\"urlTemplate\":\"https:\/\/editorialmediterrania.com\/en\/?s={search_term_string}\"},\"query-input\":\"required name=search_term_string\"}],\"inLanguage\":\"en-US\"},{\"@type\":\"Organization\",\"@id\":\"https:\/\/editorialmediterrania.com\/en\/#organization\",\"name\":\"Editorial Mediterrania\",\"alternateName\":\"Llibres d'art, cultura i natura per infants i fam\u00edlies\",\"url\":\"https:\/\/editorialmediterrania.com\/en\/\",\"logo\":{\"@type\":\"ImageObject\",\"inLanguage\":\"en-US\",\"@id\":\"https:\/\/editorialmediterrania.com\/en\/#\/schema\/logo\/image\/\",\"url\":\"https:\/\/editorialmediterrania.com\/wp-content\/uploads\/2023\/03\/LOGO-ED_MEDITERRANIA_OK-2.png\",\"contentUrl\":\"https:\/\/editorialmediterrania.com\/wp-content\/uploads\/2023\/03\/LOGO-ED_MEDITERRANIA_OK-2.png\",\"width\":1200,\"height\":300,\"caption\":\"Editorial Mediterrania\"},\"image\":{\"@id\":\"https:\/\/editorialmediterrania.com\/en\/#\/schema\/logo\/image\/\"},\"sameAs\":[\"https:\/\/x.com\/edmediterrania\",\"https:\/\/www.instagram.com\/editorialmediterrania\/\"]}]}<\/script>\n<!-- \/ Yoast SEO plugin. -->","yoast_head_json":{"title":"Les Naus de la Sagrada Fam\u00edlia - Editorial Mediterr\u00e0nia","description":"Els secrets de construcci\u00f3 del temple m\u00e9s admirat del m\u00f3n, per primera vegada al descobert a Les naus de la Sagrada Fam\u00edlia, amb 400 imatges espectaculars que inclouen fotografies, pl\u00e0nols i documents originals.\u00a0","robots":{"index":"index","follow":"follow","max-snippet":"max-snippet:-1","max-image-preview":"max-image-preview:large","max-video-preview":"max-video-preview:-1"},"canonical":"https:\/\/editorialmediterrania.com\/en\/product\/les-naus-de-la-sagrada-familia\/","og_locale":"en_US","og_type":"article","og_title":"Les Naus de la Sagrada Fam\u00edlia - Editorial Mediterr\u00e0nia","og_description":"Els secrets de construcci\u00f3 del temple m\u00e9s admirat del m\u00f3n, per primera vegada al descobert a Les naus de la Sagrada Fam\u00edlia, amb 400 imatges espectaculars que inclouen fotografies, pl\u00e0nols i documents originals.\u00a0","og_url":"https:\/\/editorialmediterrania.com\/en\/product\/les-naus-de-la-sagrada-familia\/","og_site_name":"Editorial Mediterr\u00e0nia","article_modified_time":"2023-05-22T13:14:26+00:00","og_image":[{"width":2080,"height":2560,"url":"https:\/\/editorialmediterrania.com\/wp-content\/uploads\/2015\/07\/Les-Naus-de-la-Sagrada-Familia-scaled-1.jpg","type":"image\/jpeg"}],"twitter_card":"summary_large_image","twitter_site":"@edmediterrania","twitter_misc":{"Est. reading time":"1 minute"},"schema":{"@context":"https:\/\/schema.org","@graph":[{"@type":"WebPage","@id":"https:\/\/editorialmediterrania.com\/en\/product\/les-naus-de-la-sagrada-familia\/","url":"https:\/\/editorialmediterrania.com\/en\/product\/les-naus-de-la-sagrada-familia\/","name":"Les Naus de la Sagrada Fam\u00edlia - Editorial Mediterr\u00e0nia","isPartOf":{"@id":"https:\/\/editorialmediterrania.com\/en\/#website"},"primaryImageOfPage":{"@id":"https:\/\/editorialmediterrania.com\/en\/product\/les-naus-de-la-sagrada-familia\/#primaryimage"},"image":{"@id":"https:\/\/editorialmediterrania.com\/en\/product\/les-naus-de-la-sagrada-familia\/#primaryimage"},"thumbnailUrl":"https:\/\/editorialmediterrania.com\/wp-content\/uploads\/2015\/07\/Les-Naus-de-la-Sagrada-Familia-scaled-1.jpg","datePublished":"2015-07-28T12:35:12+00:00","dateModified":"2023-05-22T13:14:26+00:00","description":"Els secrets de construcci\u00f3 del temple m\u00e9s admirat del m\u00f3n, per primera vegada al descobert a Les naus de la Sagrada Fam\u00edlia, amb 400 imatges espectaculars que inclouen fotografies, pl\u00e0nols i documents originals.\u00a0","breadcrumb":{"@id":"https:\/\/editorialmediterrania.com\/en\/product\/les-naus-de-la-sagrada-familia\/#breadcrumb"},"inLanguage":"en-US","potentialAction":[{"@type":"ReadAction","target":["https:\/\/editorialmediterrania.com\/en\/product\/les-naus-de-la-sagrada-familia\/"]}]},{"@type":"ImageObject","inLanguage":"en-US","@id":"https:\/\/editorialmediterrania.com\/en\/product\/les-naus-de-la-sagrada-familia\/#primaryimage","url":"https:\/\/editorialmediterrania.com\/wp-content\/uploads\/2015\/07\/Les-Naus-de-la-Sagrada-Familia-scaled-1.jpg","contentUrl":"https:\/\/editorialmediterrania.com\/wp-content\/uploads\/2015\/07\/Les-Naus-de-la-Sagrada-Familia-scaled-1.jpg","width":2080,"height":2560},{"@type":"BreadcrumbList","@id":"https:\/\/editorialmediterrania.com\/en\/product\/les-naus-de-la-sagrada-familia\/#breadcrumb","itemListElement":[{"@type":"ListItem","position":1,"name":"Children&#8217;s art book store","item":"https:\/\/editorialmediterrania.com\/en\/childrens-art-book-store\/"},{"@type":"ListItem","position":2,"name":"Les Naus de la Sagrada Fam\u00edlia"}]},{"@type":"WebSite","@id":"https:\/\/editorialmediterrania.com\/en\/#website","url":"https:\/\/editorialmediterrania.com\/en\/","name":"Editorial Mediterrania","description":"Llibres que t\u2019obriran nous mons","publisher":{"@id":"https:\/\/editorialmediterrania.com\/en\/#organization"},"alternateName":"Llibres infantils d'art, cultura i natura","potentialAction":[{"@type":"SearchAction","target":{"@type":"EntryPoint","urlTemplate":"https:\/\/editorialmediterrania.com\/en\/?s={search_term_string}"},"query-input":"required name=search_term_string"}],"inLanguage":"en-US"},{"@type":"Organization","@id":"https:\/\/editorialmediterrania.com\/en\/#organization","name":"Editorial Mediterrania","alternateName":"Llibres d'art, cultura i natura per infants i fam\u00edlies","url":"https:\/\/editorialmediterrania.com\/en\/","logo":{"@type":"ImageObject","inLanguage":"en-US","@id":"https:\/\/editorialmediterrania.com\/en\/#\/schema\/logo\/image\/","url":"https:\/\/editorialmediterrania.com\/wp-content\/uploads\/2023\/03\/LOGO-ED_MEDITERRANIA_OK-2.png","contentUrl":"https:\/\/editorialmediterrania.com\/wp-content\/uploads\/2023\/03\/LOGO-ED_MEDITERRANIA_OK-2.png","width":1200,"height":300,"caption":"Editorial Mediterrania"},"image":{"@id":"https:\/\/editorialmediterrania.com\/en\/#\/schema\/logo\/image\/"},"sameAs":["https:\/\/x.com\/edmediterrania","https:\/\/www.instagram.com\/editorialmediterrania\/"]}]}},"_links":{"self":[{"href":"https:\/\/editorialmediterrania.com\/en\/wp-json\/wp\/v2\/product\/20101","targetHints":{"allow":["GET"]}}],"collection":[{"href":"https:\/\/editorialmediterrania.com\/en\/wp-json\/wp\/v2\/product"}],"about":[{"href":"https:\/\/editorialmediterrania.com\/en\/wp-json\/wp\/v2\/types\/product"}],"wp:featuredmedia":[{"embeddable":true,"href":"https:\/\/editorialmediterrania.com\/en\/wp-json\/wp\/v2\/media\/41327"}],"wp:attachment":[{"href":"https:\/\/editorialmediterrania.com\/en\/wp-json\/wp\/v2\/media?parent=20101"}],"wp:term":[{"taxonomy":"product_cat","embeddable":true,"href":"https:\/\/editorialmediterrania.com\/en\/wp-json\/wp\/v2\/product_cat?post=20101"},{"taxonomy":"product_tag","embeddable":true,"href":"https:\/\/editorialmediterrania.com\/en\/wp-json\/wp\/v2\/product_tag?post=20101"},{"taxonomy":"autors","embeddable":true,"href":"https:\/\/editorialmediterrania.com\/en\/wp-json\/wp\/v2\/autors?post=20101"}],"curies":[{"name":"wp","href":"https:\/\/api.w.org\/{rel}","templated":true}]}}