{"id":20158,"date":"2015-07-28T17:18:11","date_gmt":"2015-07-28T15:18:11","guid":{"rendered":"http:\/\/www.barcelonalab.com\/~editorialmediter\/?post_type=product&#038;p=20158"},"modified":"2021-05-10T14:27:21","modified_gmt":"2021-05-10T12:27:21","slug":"joan-carrera-un-bisbe-del-poble","status":"publish","type":"product","link":"https:\/\/editorialmediterrania.com\/en\/product\/joan-carrera-un-bisbe-del-poble\/","title":{"rendered":"Joan Carrera, un bisbe del poble"},"content":{"rendered":"<div class=\"accordionButton2 on\">\n<p style=\"text-align: justify;\">Aquesta biografia del bisbe Carrera retrata amb detall la traject\u00f2ria del qui fou bisbe auxiliar de Barcelona, membre de l\u2019Assemblea de Catalunya, impulsor de diverses institucions de defensa dels Drets Humans i de mitjans de comunicaci\u00f3 com ara <em>Catalunya Cristiana<\/em> i R\u00e0dio Estel.<\/p>\n<p style=\"text-align: justify;\">Tal com afirma al pr\u00f2leg del llibre l\u2019actual arquebisbe de Barcelona, Llu\u00eds Mart\u00ednez Sistach: \u00abJoan Carrera, com a sacerdot i com a bisbe, fou un defensor d\u2019una acci\u00f3 pastoral oberta i acollidora dels immigrants. Venia del poble senzill i treballador \u2013 ho eren els seus avis i els seus pares \u2013 i tenia el do de connectar instintivament amb el poble\u00bb.<\/p>\n<\/div>\n","protected":false},"excerpt":{"rendered":"<p>Aquesta biografia del bisbe Carrera retrata amb detall la traject\u00f2ria del qui fou bisbe auxiliar de Barcelona, membre de l\u2019Assemblea de Catalunya, impulsor de diverses institucions de defensa dels Drets Humans i de mitjans de comunicaci\u00f3 com ara Catalunya Cristiana i R\u00e0dio Estel. Tal com afirma al pr\u00f2leg del llibre l\u2019actual arquebisbe de Barcelona, Llu\u00eds [&hellip;]<\/p>\n","protected":false},"featured_media":20170,"template":"","meta":[],"product_cat":[3351,24],"product_tag":[1047],"autors":[],"class_list":{"0":"post-20158","1":"product","2":"type-product","3":"status-publish","4":"has-post-thumbnail","6":"product_cat-mediterrania-productes","7":"product_cat-assaig-adult","8":"product_tag-religio","10":"first","11":"instock","12":"purchasable","13":"product-type-simple","swatches":"rey-swatches","show_selected":""},"acf":[],"yoast_head":"<!-- This site is optimized with the Yoast SEO plugin v22.8 - https:\/\/yoast.com\/wordpress\/plugins\/seo\/ -->\n<title>Joan Carrera, un bisbe del poble , biografia - Editorial Mediterr\u00e0nia<\/title>\n<meta name=\"description\" content=\"Aquesta biografia del bisbe Carrera retrata amb detall la traject\u00f2ria del qui fou bisbe auxiliar de Barcelona, membre de l\u2019Assemblea de Catalunya, impulsor de diverses institucions de defensa dels Drets Humans.\" \/>\n<meta name=\"robots\" content=\"index, follow, max-snippet:-1, max-image-preview:large, max-video-preview:-1\" \/>\n<link rel=\"canonical\" href=\"https:\/\/editorialmediterrania.com\/en\/product\/joan-carrera-un-bisbe-del-poble\/\" \/>\n<meta property=\"og:locale\" content=\"en_US\" \/>\n<meta property=\"og:type\" content=\"article\" \/>\n<meta property=\"og:title\" content=\"Joan Carrera, un bisbe del poble , biografia - Editorial Mediterr\u00e0nia\" \/>\n<meta property=\"og:description\" content=\"Aquesta biografia del bisbe Carrera retrata amb detall la traject\u00f2ria del qui fou bisbe auxiliar de Barcelona, membre de l\u2019Assemblea de Catalunya, impulsor de diverses institucions de defensa dels Drets Humans.\" \/>\n<meta property=\"og:url\" content=\"https:\/\/editorialmediterrania.com\/en\/product\/joan-carrera-un-bisbe-del-poble\/\" \/>\n<meta property=\"og:site_name\" content=\"Editorial Mediterr\u00e0nia\" \/>\n<meta property=\"article:modified_time\" content=\"2021-05-10T12:27:21+00:00\" \/>\n<meta property=\"og:image\" content=\"https:\/\/editorialmediterrania.com\/wp-content\/uploads\/2015\/07\/Joan-Carrera-un-bisbe-del-poble-e1438096673286.jpg\" \/>\n\t<meta property=\"og:image:width\" content=\"600\" \/>\n\t<meta property=\"og:image:height\" content=\"843\" \/>\n\t<meta property=\"og:image:type\" content=\"image\/jpeg\" \/>\n<meta name=\"twitter:card\" content=\"summary_large_image\" \/>\n<meta name=\"twitter:site\" content=\"@edmediterrania\" \/>\n<meta name=\"twitter:label1\" content=\"Est. reading time\" \/>\n\t<meta name=\"twitter:data1\" content=\"1 minute\" \/>\n<script type=\"application\/ld+json\" class=\"yoast-schema-graph\">{\"@context\":\"https:\/\/schema.org\",\"@graph\":[{\"@type\":\"WebPage\",\"@id\":\"https:\/\/editorialmediterrania.com\/en\/product\/joan-carrera-un-bisbe-del-poble\/\",\"url\":\"https:\/\/editorialmediterrania.com\/en\/product\/joan-carrera-un-bisbe-del-poble\/\",\"name\":\"Joan Carrera, un bisbe del poble , biografia - Editorial Mediterr\u00e0nia\",\"isPartOf\":{\"@id\":\"https:\/\/editorialmediterrania.com\/en\/#website\"},\"primaryImageOfPage\":{\"@id\":\"https:\/\/editorialmediterrania.com\/en\/product\/joan-carrera-un-bisbe-del-poble\/#primaryimage\"},\"image\":{\"@id\":\"https:\/\/editorialmediterrania.com\/en\/product\/joan-carrera-un-bisbe-del-poble\/#primaryimage\"},\"thumbnailUrl\":\"https:\/\/editorialmediterrania.com\/wp-content\/uploads\/2015\/07\/Joan-Carrera-un-bisbe-del-poble-e1438096673286.jpg\",\"datePublished\":\"2015-07-28T15:18:11+00:00\",\"dateModified\":\"2021-05-10T12:27:21+00:00\",\"description\":\"Aquesta biografia del bisbe Carrera retrata amb detall la traject\u00f2ria del qui fou bisbe auxiliar de Barcelona, membre de l\u2019Assemblea de Catalunya, impulsor de diverses institucions de defensa dels Drets Humans.\",\"breadcrumb\":{\"@id\":\"https:\/\/editorialmediterrania.com\/en\/product\/joan-carrera-un-bisbe-del-poble\/#breadcrumb\"},\"inLanguage\":\"en-US\",\"potentialAction\":[{\"@type\":\"ReadAction\",\"target\":[\"https:\/\/editorialmediterrania.com\/en\/product\/joan-carrera-un-bisbe-del-poble\/\"]}]},{\"@type\":\"ImageObject\",\"inLanguage\":\"en-US\",\"@id\":\"https:\/\/editorialmediterrania.com\/en\/product\/joan-carrera-un-bisbe-del-poble\/#primaryimage\",\"url\":\"https:\/\/editorialmediterrania.com\/wp-content\/uploads\/2015\/07\/Joan-Carrera-un-bisbe-del-poble-e1438096673286.jpg\",\"contentUrl\":\"https:\/\/editorialmediterrania.com\/wp-content\/uploads\/2015\/07\/Joan-Carrera-un-bisbe-del-poble-e1438096673286.jpg\",\"width\":600,\"height\":843,\"caption\":\"Joan Carrera un bisbe de poble - Editorial Mediterr\u00e0nia\"},{\"@type\":\"BreadcrumbList\",\"@id\":\"https:\/\/editorialmediterrania.com\/en\/product\/joan-carrera-un-bisbe-del-poble\/#breadcrumb\",\"itemListElement\":[{\"@type\":\"ListItem\",\"position\":1,\"name\":\"Children&#8217;s art book store\",\"item\":\"https:\/\/editorialmediterrania.com\/en\/childrens-art-book-store\/\"},{\"@type\":\"ListItem\",\"position\":2,\"name\":\"Joan Carrera, un bisbe del poble\"}]},{\"@type\":\"WebSite\",\"@id\":\"https:\/\/editorialmediterrania.com\/en\/#website\",\"url\":\"https:\/\/editorialmediterrania.com\/en\/\",\"name\":\"Editorial Mediterrania\",\"description\":\"Llibres que t\u2019obriran nous mons\",\"publisher\":{\"@id\":\"https:\/\/editorialmediterrania.com\/en\/#organization\"},\"alternateName\":\"Llibres infantils d'art, cultura i natura\",\"potentialAction\":[{\"@type\":\"SearchAction\",\"target\":{\"@type\":\"EntryPoint\",\"urlTemplate\":\"https:\/\/editorialmediterrania.com\/en\/?s={search_term_string}\"},\"query-input\":\"required name=search_term_string\"}],\"inLanguage\":\"en-US\"},{\"@type\":\"Organization\",\"@id\":\"https:\/\/editorialmediterrania.com\/en\/#organization\",\"name\":\"Editorial Mediterrania\",\"alternateName\":\"Llibres d'art, cultura i natura per infants i fam\u00edlies\",\"url\":\"https:\/\/editorialmediterrania.com\/en\/\",\"logo\":{\"@type\":\"ImageObject\",\"inLanguage\":\"en-US\",\"@id\":\"https:\/\/editorialmediterrania.com\/en\/#\/schema\/logo\/image\/\",\"url\":\"https:\/\/editorialmediterrania.com\/wp-content\/uploads\/2023\/03\/LOGO-ED_MEDITERRANIA_OK-2.png\",\"contentUrl\":\"https:\/\/editorialmediterrania.com\/wp-content\/uploads\/2023\/03\/LOGO-ED_MEDITERRANIA_OK-2.png\",\"width\":1200,\"height\":300,\"caption\":\"Editorial Mediterrania\"},\"image\":{\"@id\":\"https:\/\/editorialmediterrania.com\/en\/#\/schema\/logo\/image\/\"},\"sameAs\":[\"https:\/\/x.com\/edmediterrania\",\"https:\/\/www.instagram.com\/editorialmediterrania\/\"]}]}<\/script>\n<!-- \/ Yoast SEO plugin. -->","yoast_head_json":{"title":"Joan Carrera, un bisbe del poble , biografia - Editorial Mediterr\u00e0nia","description":"Aquesta biografia del bisbe Carrera retrata amb detall la traject\u00f2ria del qui fou bisbe auxiliar de Barcelona, membre de l\u2019Assemblea de Catalunya, impulsor de diverses institucions de defensa dels Drets Humans.","robots":{"index":"index","follow":"follow","max-snippet":"max-snippet:-1","max-image-preview":"max-image-preview:large","max-video-preview":"max-video-preview:-1"},"canonical":"https:\/\/editorialmediterrania.com\/en\/product\/joan-carrera-un-bisbe-del-poble\/","og_locale":"en_US","og_type":"article","og_title":"Joan Carrera, un bisbe del poble , biografia - Editorial Mediterr\u00e0nia","og_description":"Aquesta biografia del bisbe Carrera retrata amb detall la traject\u00f2ria del qui fou bisbe auxiliar de Barcelona, membre de l\u2019Assemblea de Catalunya, impulsor de diverses institucions de defensa dels Drets Humans.","og_url":"https:\/\/editorialmediterrania.com\/en\/product\/joan-carrera-un-bisbe-del-poble\/","og_site_name":"Editorial Mediterr\u00e0nia","article_modified_time":"2021-05-10T12:27:21+00:00","og_image":[{"width":600,"height":843,"url":"https:\/\/editorialmediterrania.com\/wp-content\/uploads\/2015\/07\/Joan-Carrera-un-bisbe-del-poble-e1438096673286.jpg","type":"image\/jpeg"}],"twitter_card":"summary_large_image","twitter_site":"@edmediterrania","twitter_misc":{"Est. reading time":"1 minute"},"schema":{"@context":"https:\/\/schema.org","@graph":[{"@type":"WebPage","@id":"https:\/\/editorialmediterrania.com\/en\/product\/joan-carrera-un-bisbe-del-poble\/","url":"https:\/\/editorialmediterrania.com\/en\/product\/joan-carrera-un-bisbe-del-poble\/","name":"Joan Carrera, un bisbe del poble , biografia - Editorial Mediterr\u00e0nia","isPartOf":{"@id":"https:\/\/editorialmediterrania.com\/en\/#website"},"primaryImageOfPage":{"@id":"https:\/\/editorialmediterrania.com\/en\/product\/joan-carrera-un-bisbe-del-poble\/#primaryimage"},"image":{"@id":"https:\/\/editorialmediterrania.com\/en\/product\/joan-carrera-un-bisbe-del-poble\/#primaryimage"},"thumbnailUrl":"https:\/\/editorialmediterrania.com\/wp-content\/uploads\/2015\/07\/Joan-Carrera-un-bisbe-del-poble-e1438096673286.jpg","datePublished":"2015-07-28T15:18:11+00:00","dateModified":"2021-05-10T12:27:21+00:00","description":"Aquesta biografia del bisbe Carrera retrata amb detall la traject\u00f2ria del qui fou bisbe auxiliar de Barcelona, membre de l\u2019Assemblea de Catalunya, impulsor de diverses institucions de defensa dels Drets Humans.","breadcrumb":{"@id":"https:\/\/editorialmediterrania.com\/en\/product\/joan-carrera-un-bisbe-del-poble\/#breadcrumb"},"inLanguage":"en-US","potentialAction":[{"@type":"ReadAction","target":["https:\/\/editorialmediterrania.com\/en\/product\/joan-carrera-un-bisbe-del-poble\/"]}]},{"@type":"ImageObject","inLanguage":"en-US","@id":"https:\/\/editorialmediterrania.com\/en\/product\/joan-carrera-un-bisbe-del-poble\/#primaryimage","url":"https:\/\/editorialmediterrania.com\/wp-content\/uploads\/2015\/07\/Joan-Carrera-un-bisbe-del-poble-e1438096673286.jpg","contentUrl":"https:\/\/editorialmediterrania.com\/wp-content\/uploads\/2015\/07\/Joan-Carrera-un-bisbe-del-poble-e1438096673286.jpg","width":600,"height":843,"caption":"Joan Carrera un bisbe de poble - Editorial Mediterr\u00e0nia"},{"@type":"BreadcrumbList","@id":"https:\/\/editorialmediterrania.com\/en\/product\/joan-carrera-un-bisbe-del-poble\/#breadcrumb","itemListElement":[{"@type":"ListItem","position":1,"name":"Children&#8217;s art book store","item":"https:\/\/editorialmediterrania.com\/en\/childrens-art-book-store\/"},{"@type":"ListItem","position":2,"name":"Joan Carrera, un bisbe del poble"}]},{"@type":"WebSite","@id":"https:\/\/editorialmediterrania.com\/en\/#website","url":"https:\/\/editorialmediterrania.com\/en\/","name":"Editorial Mediterrania","description":"Llibres que t\u2019obriran nous mons","publisher":{"@id":"https:\/\/editorialmediterrania.com\/en\/#organization"},"alternateName":"Llibres infantils d'art, cultura i natura","potentialAction":[{"@type":"SearchAction","target":{"@type":"EntryPoint","urlTemplate":"https:\/\/editorialmediterrania.com\/en\/?s={search_term_string}"},"query-input":"required name=search_term_string"}],"inLanguage":"en-US"},{"@type":"Organization","@id":"https:\/\/editorialmediterrania.com\/en\/#organization","name":"Editorial Mediterrania","alternateName":"Llibres d'art, cultura i natura per infants i fam\u00edlies","url":"https:\/\/editorialmediterrania.com\/en\/","logo":{"@type":"ImageObject","inLanguage":"en-US","@id":"https:\/\/editorialmediterrania.com\/en\/#\/schema\/logo\/image\/","url":"https:\/\/editorialmediterrania.com\/wp-content\/uploads\/2023\/03\/LOGO-ED_MEDITERRANIA_OK-2.png","contentUrl":"https:\/\/editorialmediterrania.com\/wp-content\/uploads\/2023\/03\/LOGO-ED_MEDITERRANIA_OK-2.png","width":1200,"height":300,"caption":"Editorial Mediterrania"},"image":{"@id":"https:\/\/editorialmediterrania.com\/en\/#\/schema\/logo\/image\/"},"sameAs":["https:\/\/x.com\/edmediterrania","https:\/\/www.instagram.com\/editorialmediterrania\/"]}]}},"_links":{"self":[{"href":"https:\/\/editorialmediterrania.com\/en\/wp-json\/wp\/v2\/product\/20158","targetHints":{"allow":["GET"]}}],"collection":[{"href":"https:\/\/editorialmediterrania.com\/en\/wp-json\/wp\/v2\/product"}],"about":[{"href":"https:\/\/editorialmediterrania.com\/en\/wp-json\/wp\/v2\/types\/product"}],"wp:featuredmedia":[{"embeddable":true,"href":"https:\/\/editorialmediterrania.com\/en\/wp-json\/wp\/v2\/media\/20170"}],"wp:attachment":[{"href":"https:\/\/editorialmediterrania.com\/en\/wp-json\/wp\/v2\/media?parent=20158"}],"wp:term":[{"taxonomy":"product_cat","embeddable":true,"href":"https:\/\/editorialmediterrania.com\/en\/wp-json\/wp\/v2\/product_cat?post=20158"},{"taxonomy":"product_tag","embeddable":true,"href":"https:\/\/editorialmediterrania.com\/en\/wp-json\/wp\/v2\/product_tag?post=20158"},{"taxonomy":"autors","embeddable":true,"href":"https:\/\/editorialmediterrania.com\/en\/wp-json\/wp\/v2\/autors?post=20158"}],"curies":[{"name":"wp","href":"https:\/\/api.w.org\/{rel}","templated":true}]}}