{"id":208,"date":"2012-10-24T09:17:05","date_gmt":"2012-10-24T07:17:05","guid":{"rendered":"http:\/\/mediterrania.adgency.es\/?post_type=product&#038;p=208"},"modified":"2025-06-17T11:51:51","modified_gmt":"2025-06-17T09:51:51","slug":"entre-reixes-records-de-la-preso-model","status":"publish","type":"product","link":"https:\/\/editorialmediterrania.com\/en\/product\/entre-reixes-records-de-la-preso-model\/","title":{"rendered":"Entre reixes: records de la pres\u00f3 Model"},"content":{"rendered":"<p style=\"text-align: justify;\">Fra Ricard, poc despr\u00e9s de tornar del seu propi exili i havent estat v\u00edctima de les persecucions de religiosos, assumia aquest enc\u00e0rrec tan dif\u00edcil d\u2019acompanyar els condemnats fins al moment de la mort.<\/p>\n<p style=\"text-align: justify;\">Per\u00f2 encara m\u00e9s si pensem que molts d\u2019aquests presos compartien la ideologia que provoc\u00e0 la mort dels seus germans caputxins; una ideologia totalment oposada a la seva.<br \/>\nI, malgrat aix\u00f2, com diu el provincial en la presentaci\u00f3, &#8220;el seu escrit colpeix vivament per la delicadesa exquisida: cap acusaci\u00f3, cap judici, cap insinuaci\u00f3, cap retret, cap defensa, cap apologia, cap justificaci\u00f3. Un testimoniatge que reflecteix una qualitat humana indiscutible&#8221;.<br \/>\nVa complir l\u2019enc\u00e0rrec que li havien encomanat, per\u00f2 a m\u00e9s, conscient de les injust\u00edcies, els maltractaments, de la barb\u00e0rie de la guerra i de les seves conseq\u00fc\u00e8ncies, es va posar sempre al costat de les v\u00edctimes i dels seus familiars, intentant ajudar-los en tot el que va poder.<\/p>\n","protected":false},"excerpt":{"rendered":"<p>Fra Ricard, poc despr\u00e9s de tornar del seu propi exili i havent estat v\u00edctima de les persecucions de religiosos, assumia aquest enc\u00e0rrec tan dif\u00edcil d\u2019acompanyar els condemnats fins al moment de la mort.<\/p>\n","protected":false},"featured_media":20531,"template":"","meta":[],"product_cat":[6541,3351],"product_tag":[2002],"autors":[],"class_list":{"0":"post-208","1":"product","2":"type-product","3":"status-publish","4":"has-post-thumbnail","6":"product_cat-a-la-caputxina","7":"product_cat-mediterrania-productes","8":"product_tag-llibres-dassaig","10":"first","11":"instock","12":"purchasable","13":"product-type-simple","swatches":"rey-swatches","show_selected":""},"acf":[],"yoast_head":"<!-- This site is optimized with the Yoast SEO plugin v22.8 - https:\/\/yoast.com\/wordpress\/plugins\/seo\/ -->\n<title>Entre reixes: records de la pres\u00f3 Model - Editorial Mediterrania<\/title>\n<meta name=\"description\" content=\"Fra Ricard, poc despr\u00e9s de tornar del seu exili despr\u00e9s de la guerra civil, assumia l&#039;enc\u00e0rrec d\u2019acompanyar els condemnats fins al moment de la mort.\" \/>\n<meta name=\"robots\" content=\"index, follow, max-snippet:-1, max-image-preview:large, max-video-preview:-1\" \/>\n<link rel=\"canonical\" href=\"https:\/\/editorialmediterrania.com\/en\/product\/entre-reixes-records-de-la-preso-model\/\" \/>\n<meta property=\"og:locale\" content=\"en_US\" \/>\n<meta property=\"og:type\" content=\"article\" \/>\n<meta property=\"og:title\" content=\"Entre reixes: records de la pres\u00f3 Model - Editorial Mediterrania\" \/>\n<meta property=\"og:description\" content=\"Fra Ricard, poc despr\u00e9s de tornar del seu exili despr\u00e9s de la guerra civil, assumia l&#039;enc\u00e0rrec d\u2019acompanyar els condemnats fins al moment de la mort.\" \/>\n<meta property=\"og:url\" content=\"https:\/\/editorialmediterrania.com\/en\/product\/entre-reixes-records-de-la-preso-model\/\" \/>\n<meta property=\"og:site_name\" content=\"Editorial Mediterr\u00e0nia\" \/>\n<meta property=\"article:modified_time\" content=\"2025-06-17T09:51:51+00:00\" \/>\n<meta property=\"og:image\" content=\"https:\/\/editorialmediterrania.com\/wp-content\/uploads\/2012\/10\/entre-reixes_records-de-la-preso-model.jpg\" \/>\n\t<meta property=\"og:image:width\" content=\"600\" \/>\n\t<meta property=\"og:image:height\" content=\"835\" \/>\n\t<meta property=\"og:image:type\" content=\"image\/jpeg\" \/>\n<meta name=\"twitter:card\" content=\"summary_large_image\" \/>\n<meta name=\"twitter:site\" content=\"@edmediterrania\" \/>\n<meta name=\"twitter:label1\" content=\"Est. reading time\" \/>\n\t<meta name=\"twitter:data1\" content=\"2 minutes\" \/>\n<script type=\"application\/ld+json\" class=\"yoast-schema-graph\">{\"@context\":\"https:\/\/schema.org\",\"@graph\":[{\"@type\":\"WebPage\",\"@id\":\"https:\/\/editorialmediterrania.com\/en\/product\/entre-reixes-records-de-la-preso-model\/\",\"url\":\"https:\/\/editorialmediterrania.com\/en\/product\/entre-reixes-records-de-la-preso-model\/\",\"name\":\"Entre reixes: records de la pres\u00f3 Model - Editorial Mediterrania\",\"isPartOf\":{\"@id\":\"https:\/\/editorialmediterrania.com\/en\/#website\"},\"primaryImageOfPage\":{\"@id\":\"https:\/\/editorialmediterrania.com\/en\/product\/entre-reixes-records-de-la-preso-model\/#primaryimage\"},\"image\":{\"@id\":\"https:\/\/editorialmediterrania.com\/en\/product\/entre-reixes-records-de-la-preso-model\/#primaryimage\"},\"thumbnailUrl\":\"https:\/\/editorialmediterrania.com\/wp-content\/uploads\/2012\/10\/entre-reixes_records-de-la-preso-model.jpg\",\"datePublished\":\"2012-10-24T07:17:05+00:00\",\"dateModified\":\"2025-06-17T09:51:51+00:00\",\"description\":\"Fra Ricard, poc despr\u00e9s de tornar del seu exili despr\u00e9s de la guerra civil, assumia l'enc\u00e0rrec d\u2019acompanyar els condemnats fins al moment de la mort.\",\"breadcrumb\":{\"@id\":\"https:\/\/editorialmediterrania.com\/en\/product\/entre-reixes-records-de-la-preso-model\/#breadcrumb\"},\"inLanguage\":\"en-US\",\"potentialAction\":[{\"@type\":\"ReadAction\",\"target\":[\"https:\/\/editorialmediterrania.com\/en\/product\/entre-reixes-records-de-la-preso-model\/\"]}]},{\"@type\":\"ImageObject\",\"inLanguage\":\"en-US\",\"@id\":\"https:\/\/editorialmediterrania.com\/en\/product\/entre-reixes-records-de-la-preso-model\/#primaryimage\",\"url\":\"https:\/\/editorialmediterrania.com\/wp-content\/uploads\/2012\/10\/entre-reixes_records-de-la-preso-model.jpg\",\"contentUrl\":\"https:\/\/editorialmediterrania.com\/wp-content\/uploads\/2012\/10\/entre-reixes_records-de-la-preso-model.jpg\",\"width\":600,\"height\":835},{\"@type\":\"BreadcrumbList\",\"@id\":\"https:\/\/editorialmediterrania.com\/en\/product\/entre-reixes-records-de-la-preso-model\/#breadcrumb\",\"itemListElement\":[{\"@type\":\"ListItem\",\"position\":1,\"name\":\"Children&#8217;s art book store\",\"item\":\"https:\/\/editorialmediterrania.com\/en\/childrens-art-book-store\/\"},{\"@type\":\"ListItem\",\"position\":2,\"name\":\"Entre reixes: records de la pres\u00f3 Model\"}]},{\"@type\":\"WebSite\",\"@id\":\"https:\/\/editorialmediterrania.com\/en\/#website\",\"url\":\"https:\/\/editorialmediterrania.com\/en\/\",\"name\":\"Editorial Mediterrania\",\"description\":\"Llibres que t\u2019obriran nous mons\",\"publisher\":{\"@id\":\"https:\/\/editorialmediterrania.com\/en\/#organization\"},\"alternateName\":\"Llibres infantils d'art, cultura i natura\",\"potentialAction\":[{\"@type\":\"SearchAction\",\"target\":{\"@type\":\"EntryPoint\",\"urlTemplate\":\"https:\/\/editorialmediterrania.com\/en\/?s={search_term_string}\"},\"query-input\":\"required name=search_term_string\"}],\"inLanguage\":\"en-US\"},{\"@type\":\"Organization\",\"@id\":\"https:\/\/editorialmediterrania.com\/en\/#organization\",\"name\":\"Editorial Mediterrania\",\"alternateName\":\"Llibres d'art, cultura i natura per infants i fam\u00edlies\",\"url\":\"https:\/\/editorialmediterrania.com\/en\/\",\"logo\":{\"@type\":\"ImageObject\",\"inLanguage\":\"en-US\",\"@id\":\"https:\/\/editorialmediterrania.com\/en\/#\/schema\/logo\/image\/\",\"url\":\"https:\/\/editorialmediterrania.com\/wp-content\/uploads\/2023\/03\/LOGO-ED_MEDITERRANIA_OK-2.png\",\"contentUrl\":\"https:\/\/editorialmediterrania.com\/wp-content\/uploads\/2023\/03\/LOGO-ED_MEDITERRANIA_OK-2.png\",\"width\":1200,\"height\":300,\"caption\":\"Editorial Mediterrania\"},\"image\":{\"@id\":\"https:\/\/editorialmediterrania.com\/en\/#\/schema\/logo\/image\/\"},\"sameAs\":[\"https:\/\/x.com\/edmediterrania\",\"https:\/\/www.instagram.com\/editorialmediterrania\/\"]}]}<\/script>\n<!-- \/ Yoast SEO plugin. -->","yoast_head_json":{"title":"Entre reixes: records de la pres\u00f3 Model - Editorial Mediterrania","description":"Fra Ricard, poc despr\u00e9s de tornar del seu exili despr\u00e9s de la guerra civil, assumia l'enc\u00e0rrec d\u2019acompanyar els condemnats fins al moment de la mort.","robots":{"index":"index","follow":"follow","max-snippet":"max-snippet:-1","max-image-preview":"max-image-preview:large","max-video-preview":"max-video-preview:-1"},"canonical":"https:\/\/editorialmediterrania.com\/en\/product\/entre-reixes-records-de-la-preso-model\/","og_locale":"en_US","og_type":"article","og_title":"Entre reixes: records de la pres\u00f3 Model - Editorial Mediterrania","og_description":"Fra Ricard, poc despr\u00e9s de tornar del seu exili despr\u00e9s de la guerra civil, assumia l'enc\u00e0rrec d\u2019acompanyar els condemnats fins al moment de la mort.","og_url":"https:\/\/editorialmediterrania.com\/en\/product\/entre-reixes-records-de-la-preso-model\/","og_site_name":"Editorial Mediterr\u00e0nia","article_modified_time":"2025-06-17T09:51:51+00:00","og_image":[{"width":600,"height":835,"url":"https:\/\/editorialmediterrania.com\/wp-content\/uploads\/2012\/10\/entre-reixes_records-de-la-preso-model.jpg","type":"image\/jpeg"}],"twitter_card":"summary_large_image","twitter_site":"@edmediterrania","twitter_misc":{"Est. reading time":"2 minutes"},"schema":{"@context":"https:\/\/schema.org","@graph":[{"@type":"WebPage","@id":"https:\/\/editorialmediterrania.com\/en\/product\/entre-reixes-records-de-la-preso-model\/","url":"https:\/\/editorialmediterrania.com\/en\/product\/entre-reixes-records-de-la-preso-model\/","name":"Entre reixes: records de la pres\u00f3 Model - Editorial Mediterrania","isPartOf":{"@id":"https:\/\/editorialmediterrania.com\/en\/#website"},"primaryImageOfPage":{"@id":"https:\/\/editorialmediterrania.com\/en\/product\/entre-reixes-records-de-la-preso-model\/#primaryimage"},"image":{"@id":"https:\/\/editorialmediterrania.com\/en\/product\/entre-reixes-records-de-la-preso-model\/#primaryimage"},"thumbnailUrl":"https:\/\/editorialmediterrania.com\/wp-content\/uploads\/2012\/10\/entre-reixes_records-de-la-preso-model.jpg","datePublished":"2012-10-24T07:17:05+00:00","dateModified":"2025-06-17T09:51:51+00:00","description":"Fra Ricard, poc despr\u00e9s de tornar del seu exili despr\u00e9s de la guerra civil, assumia l'enc\u00e0rrec d\u2019acompanyar els condemnats fins al moment de la mort.","breadcrumb":{"@id":"https:\/\/editorialmediterrania.com\/en\/product\/entre-reixes-records-de-la-preso-model\/#breadcrumb"},"inLanguage":"en-US","potentialAction":[{"@type":"ReadAction","target":["https:\/\/editorialmediterrania.com\/en\/product\/entre-reixes-records-de-la-preso-model\/"]}]},{"@type":"ImageObject","inLanguage":"en-US","@id":"https:\/\/editorialmediterrania.com\/en\/product\/entre-reixes-records-de-la-preso-model\/#primaryimage","url":"https:\/\/editorialmediterrania.com\/wp-content\/uploads\/2012\/10\/entre-reixes_records-de-la-preso-model.jpg","contentUrl":"https:\/\/editorialmediterrania.com\/wp-content\/uploads\/2012\/10\/entre-reixes_records-de-la-preso-model.jpg","width":600,"height":835},{"@type":"BreadcrumbList","@id":"https:\/\/editorialmediterrania.com\/en\/product\/entre-reixes-records-de-la-preso-model\/#breadcrumb","itemListElement":[{"@type":"ListItem","position":1,"name":"Children&#8217;s art book store","item":"https:\/\/editorialmediterrania.com\/en\/childrens-art-book-store\/"},{"@type":"ListItem","position":2,"name":"Entre reixes: records de la pres\u00f3 Model"}]},{"@type":"WebSite","@id":"https:\/\/editorialmediterrania.com\/en\/#website","url":"https:\/\/editorialmediterrania.com\/en\/","name":"Editorial Mediterrania","description":"Llibres que t\u2019obriran nous mons","publisher":{"@id":"https:\/\/editorialmediterrania.com\/en\/#organization"},"alternateName":"Llibres infantils d'art, cultura i natura","potentialAction":[{"@type":"SearchAction","target":{"@type":"EntryPoint","urlTemplate":"https:\/\/editorialmediterrania.com\/en\/?s={search_term_string}"},"query-input":"required name=search_term_string"}],"inLanguage":"en-US"},{"@type":"Organization","@id":"https:\/\/editorialmediterrania.com\/en\/#organization","name":"Editorial Mediterrania","alternateName":"Llibres d'art, cultura i natura per infants i fam\u00edlies","url":"https:\/\/editorialmediterrania.com\/en\/","logo":{"@type":"ImageObject","inLanguage":"en-US","@id":"https:\/\/editorialmediterrania.com\/en\/#\/schema\/logo\/image\/","url":"https:\/\/editorialmediterrania.com\/wp-content\/uploads\/2023\/03\/LOGO-ED_MEDITERRANIA_OK-2.png","contentUrl":"https:\/\/editorialmediterrania.com\/wp-content\/uploads\/2023\/03\/LOGO-ED_MEDITERRANIA_OK-2.png","width":1200,"height":300,"caption":"Editorial Mediterrania"},"image":{"@id":"https:\/\/editorialmediterrania.com\/en\/#\/schema\/logo\/image\/"},"sameAs":["https:\/\/x.com\/edmediterrania","https:\/\/www.instagram.com\/editorialmediterrania\/"]}]}},"_links":{"self":[{"href":"https:\/\/editorialmediterrania.com\/en\/wp-json\/wp\/v2\/product\/208","targetHints":{"allow":["GET"]}}],"collection":[{"href":"https:\/\/editorialmediterrania.com\/en\/wp-json\/wp\/v2\/product"}],"about":[{"href":"https:\/\/editorialmediterrania.com\/en\/wp-json\/wp\/v2\/types\/product"}],"wp:featuredmedia":[{"embeddable":true,"href":"https:\/\/editorialmediterrania.com\/en\/wp-json\/wp\/v2\/media\/20531"}],"wp:attachment":[{"href":"https:\/\/editorialmediterrania.com\/en\/wp-json\/wp\/v2\/media?parent=208"}],"wp:term":[{"taxonomy":"product_cat","embeddable":true,"href":"https:\/\/editorialmediterrania.com\/en\/wp-json\/wp\/v2\/product_cat?post=208"},{"taxonomy":"product_tag","embeddable":true,"href":"https:\/\/editorialmediterrania.com\/en\/wp-json\/wp\/v2\/product_tag?post=208"},{"taxonomy":"autors","embeddable":true,"href":"https:\/\/editorialmediterrania.com\/en\/wp-json\/wp\/v2\/autors?post=208"}],"curies":[{"name":"wp","href":"https:\/\/api.w.org\/{rel}","templated":true}]}}