{"id":211,"date":"2012-10-24T09:37:23","date_gmt":"2012-10-24T07:37:23","guid":{"rendered":"http:\/\/mediterrania.adgency.es\/?post_type=product&#038;p=211"},"modified":"2025-06-17T11:51:19","modified_gmt":"2025-06-17T09:51:19","slug":"ofrena-de-capvespre","status":"publish","type":"product","link":"https:\/\/editorialmediterrania.com\/en\/product\/ofrena-de-capvespre\/","title":{"rendered":"Ofrena de capvespre"},"content":{"rendered":"<p style=\"text-align: justify;\">Ja fa deu anys que va morir Jordi Llimona. D\u2019aleshores en\u00e7\u00e0 el m\u00f3n ha fet moltes voltes, potser girant massa de pressa i produint-nos una certa sensaci\u00f3 de vertigen.<\/p>\n<p style=\"text-align: justify;\">Com si tot plegat fos abocat a una cursa esvalotada d\u2019idees, moltes de les quals tenen una vida tan curta com la d\u2019aquelles ef\u00edmeres papallones de nit, que acaben cremades per una bugia.<\/p>\n<p style=\"text-align: justify;\">I vet ac\u00ed que el text que es presenta al lector persegueix tot el contrari. Sembla que ens parli en veu baixa, sense mai voler al\u00e7ar el to. Com si el murmuri fos la forma expressiva que m\u00e9s s\u2019adigu\u00e9s amb el que ens vol transmetre Jordi Llimona en aquest recull de contes escrits. Ell mateix afirma, en la seva petita presentaci\u00f3, que \u201cv\u00e9nen a ser un resum de les meves idees i sentiments\u201d, i \u201cun obsequi en tranquil\u00b7les hores de posta\u201d. M\u00e9s enll\u00e0 de la bellesa de les paraules triades per introduir-nos els textos, l\u2019expressi\u00f3 ens convida a la serenitat i al calmosa percepci\u00f3 del que escoltem.<\/p>\n","protected":false},"excerpt":{"rendered":"<p>Ja fa deu anys que va morir Jordi Llimona. D\u2019aleshores en\u00e7\u00e0 el m\u00f3n ha fet moltes voltes, potser girant massa de pressa i produint-nos una certa sensaci\u00f3 de vertigen. Com si tot plegat fos abocat a una cursa esvalotada d\u2019idees, moltes de les quals tenen una vida tan curta com la d\u2019aquelles ef\u00edmeres papallones de [&hellip;]<\/p>\n","protected":false},"featured_media":20443,"template":"","meta":[],"product_cat":[6541,3351],"product_tag":[2002],"autors":[],"class_list":{"0":"post-211","1":"product","2":"type-product","3":"status-publish","4":"has-post-thumbnail","6":"product_cat-a-la-caputxina","7":"product_cat-mediterrania-productes","8":"product_tag-llibres-dassaig","10":"first","11":"outofstock","12":"purchasable","13":"product-type-simple","swatches":"rey-swatches","show_selected":""},"acf":[],"yoast_head":"<!-- This site is optimized with the Yoast SEO plugin v22.8 - https:\/\/yoast.com\/wordpress\/plugins\/seo\/ -->\n<title>Ofrena de capvespre - Editorial Mediterrania<\/title>\n<meta name=\"description\" content=\"Fa deu anys que va morir Jordi Llimona. D\u2019aleshores en\u00e7\u00e0 el m\u00f3n ha fet moltes voltes, girant massa de pressa i produint-nos una certa sensaci\u00f3 de vertigen.\" \/>\n<meta name=\"robots\" content=\"index, follow, max-snippet:-1, max-image-preview:large, max-video-preview:-1\" \/>\n<link rel=\"canonical\" href=\"https:\/\/editorialmediterrania.com\/en\/product\/ofrena-de-capvespre\/\" \/>\n<meta property=\"og:locale\" content=\"en_US\" \/>\n<meta property=\"og:type\" content=\"article\" \/>\n<meta property=\"og:title\" content=\"Ofrena de capvespre - Editorial Mediterrania\" \/>\n<meta property=\"og:description\" content=\"Fa deu anys que va morir Jordi Llimona. D\u2019aleshores en\u00e7\u00e0 el m\u00f3n ha fet moltes voltes, girant massa de pressa i produint-nos una certa sensaci\u00f3 de vertigen.\" \/>\n<meta property=\"og:url\" content=\"https:\/\/editorialmediterrania.com\/en\/product\/ofrena-de-capvespre\/\" \/>\n<meta property=\"og:site_name\" content=\"Editorial Mediterr\u00e0nia\" \/>\n<meta property=\"article:modified_time\" content=\"2025-06-17T09:51:19+00:00\" \/>\n<meta property=\"og:image\" content=\"https:\/\/editorialmediterrania.com\/wp-content\/uploads\/2012\/10\/Ofrena-de-capvespre.jpg\" \/>\n\t<meta property=\"og:image:width\" content=\"600\" \/>\n\t<meta property=\"og:image:height\" content=\"879\" \/>\n\t<meta property=\"og:image:type\" content=\"image\/jpeg\" \/>\n<meta name=\"twitter:card\" content=\"summary_large_image\" \/>\n<meta name=\"twitter:site\" content=\"@edmediterrania\" \/>\n<meta name=\"twitter:label1\" content=\"Est. reading time\" \/>\n\t<meta name=\"twitter:data1\" content=\"2 minutes\" \/>\n<script type=\"application\/ld+json\" class=\"yoast-schema-graph\">{\"@context\":\"https:\/\/schema.org\",\"@graph\":[{\"@type\":\"WebPage\",\"@id\":\"https:\/\/editorialmediterrania.com\/en\/product\/ofrena-de-capvespre\/\",\"url\":\"https:\/\/editorialmediterrania.com\/en\/product\/ofrena-de-capvespre\/\",\"name\":\"Ofrena de capvespre - Editorial Mediterrania\",\"isPartOf\":{\"@id\":\"https:\/\/editorialmediterrania.com\/en\/#website\"},\"primaryImageOfPage\":{\"@id\":\"https:\/\/editorialmediterrania.com\/en\/product\/ofrena-de-capvespre\/#primaryimage\"},\"image\":{\"@id\":\"https:\/\/editorialmediterrania.com\/en\/product\/ofrena-de-capvespre\/#primaryimage\"},\"thumbnailUrl\":\"https:\/\/editorialmediterrania.com\/wp-content\/uploads\/2012\/10\/Ofrena-de-capvespre.jpg\",\"datePublished\":\"2012-10-24T07:37:23+00:00\",\"dateModified\":\"2025-06-17T09:51:19+00:00\",\"description\":\"Fa deu anys que va morir Jordi Llimona. D\u2019aleshores en\u00e7\u00e0 el m\u00f3n ha fet moltes voltes, girant massa de pressa i produint-nos una certa sensaci\u00f3 de vertigen.\",\"breadcrumb\":{\"@id\":\"https:\/\/editorialmediterrania.com\/en\/product\/ofrena-de-capvespre\/#breadcrumb\"},\"inLanguage\":\"en-US\",\"potentialAction\":[{\"@type\":\"ReadAction\",\"target\":[\"https:\/\/editorialmediterrania.com\/en\/product\/ofrena-de-capvespre\/\"]}]},{\"@type\":\"ImageObject\",\"inLanguage\":\"en-US\",\"@id\":\"https:\/\/editorialmediterrania.com\/en\/product\/ofrena-de-capvespre\/#primaryimage\",\"url\":\"https:\/\/editorialmediterrania.com\/wp-content\/uploads\/2012\/10\/Ofrena-de-capvespre.jpg\",\"contentUrl\":\"https:\/\/editorialmediterrania.com\/wp-content\/uploads\/2012\/10\/Ofrena-de-capvespre.jpg\",\"width\":600,\"height\":879},{\"@type\":\"BreadcrumbList\",\"@id\":\"https:\/\/editorialmediterrania.com\/en\/product\/ofrena-de-capvespre\/#breadcrumb\",\"itemListElement\":[{\"@type\":\"ListItem\",\"position\":1,\"name\":\"Children&#8217;s art book store\",\"item\":\"https:\/\/editorialmediterrania.com\/en\/childrens-art-book-store\/\"},{\"@type\":\"ListItem\",\"position\":2,\"name\":\"Ofrena de capvespre\"}]},{\"@type\":\"WebSite\",\"@id\":\"https:\/\/editorialmediterrania.com\/en\/#website\",\"url\":\"https:\/\/editorialmediterrania.com\/en\/\",\"name\":\"Editorial Mediterrania\",\"description\":\"Llibres que t\u2019obriran nous mons\",\"publisher\":{\"@id\":\"https:\/\/editorialmediterrania.com\/en\/#organization\"},\"alternateName\":\"Llibres infantils d'art, cultura i natura\",\"potentialAction\":[{\"@type\":\"SearchAction\",\"target\":{\"@type\":\"EntryPoint\",\"urlTemplate\":\"https:\/\/editorialmediterrania.com\/en\/?s={search_term_string}\"},\"query-input\":\"required name=search_term_string\"}],\"inLanguage\":\"en-US\"},{\"@type\":\"Organization\",\"@id\":\"https:\/\/editorialmediterrania.com\/en\/#organization\",\"name\":\"Editorial Mediterrania\",\"alternateName\":\"Llibres d'art, cultura i natura per infants i fam\u00edlies\",\"url\":\"https:\/\/editorialmediterrania.com\/en\/\",\"logo\":{\"@type\":\"ImageObject\",\"inLanguage\":\"en-US\",\"@id\":\"https:\/\/editorialmediterrania.com\/en\/#\/schema\/logo\/image\/\",\"url\":\"https:\/\/editorialmediterrania.com\/wp-content\/uploads\/2023\/03\/LOGO-ED_MEDITERRANIA_OK-2.png\",\"contentUrl\":\"https:\/\/editorialmediterrania.com\/wp-content\/uploads\/2023\/03\/LOGO-ED_MEDITERRANIA_OK-2.png\",\"width\":1200,\"height\":300,\"caption\":\"Editorial Mediterrania\"},\"image\":{\"@id\":\"https:\/\/editorialmediterrania.com\/en\/#\/schema\/logo\/image\/\"},\"sameAs\":[\"https:\/\/x.com\/edmediterrania\",\"https:\/\/www.instagram.com\/editorialmediterrania\/\"]}]}<\/script>\n<!-- \/ Yoast SEO plugin. -->","yoast_head_json":{"title":"Ofrena de capvespre - Editorial Mediterrania","description":"Fa deu anys que va morir Jordi Llimona. D\u2019aleshores en\u00e7\u00e0 el m\u00f3n ha fet moltes voltes, girant massa de pressa i produint-nos una certa sensaci\u00f3 de vertigen.","robots":{"index":"index","follow":"follow","max-snippet":"max-snippet:-1","max-image-preview":"max-image-preview:large","max-video-preview":"max-video-preview:-1"},"canonical":"https:\/\/editorialmediterrania.com\/en\/product\/ofrena-de-capvespre\/","og_locale":"en_US","og_type":"article","og_title":"Ofrena de capvespre - Editorial Mediterrania","og_description":"Fa deu anys que va morir Jordi Llimona. D\u2019aleshores en\u00e7\u00e0 el m\u00f3n ha fet moltes voltes, girant massa de pressa i produint-nos una certa sensaci\u00f3 de vertigen.","og_url":"https:\/\/editorialmediterrania.com\/en\/product\/ofrena-de-capvespre\/","og_site_name":"Editorial Mediterr\u00e0nia","article_modified_time":"2025-06-17T09:51:19+00:00","og_image":[{"width":600,"height":879,"url":"https:\/\/editorialmediterrania.com\/wp-content\/uploads\/2012\/10\/Ofrena-de-capvespre.jpg","type":"image\/jpeg"}],"twitter_card":"summary_large_image","twitter_site":"@edmediterrania","twitter_misc":{"Est. reading time":"2 minutes"},"schema":{"@context":"https:\/\/schema.org","@graph":[{"@type":"WebPage","@id":"https:\/\/editorialmediterrania.com\/en\/product\/ofrena-de-capvespre\/","url":"https:\/\/editorialmediterrania.com\/en\/product\/ofrena-de-capvespre\/","name":"Ofrena de capvespre - Editorial Mediterrania","isPartOf":{"@id":"https:\/\/editorialmediterrania.com\/en\/#website"},"primaryImageOfPage":{"@id":"https:\/\/editorialmediterrania.com\/en\/product\/ofrena-de-capvespre\/#primaryimage"},"image":{"@id":"https:\/\/editorialmediterrania.com\/en\/product\/ofrena-de-capvespre\/#primaryimage"},"thumbnailUrl":"https:\/\/editorialmediterrania.com\/wp-content\/uploads\/2012\/10\/Ofrena-de-capvespre.jpg","datePublished":"2012-10-24T07:37:23+00:00","dateModified":"2025-06-17T09:51:19+00:00","description":"Fa deu anys que va morir Jordi Llimona. D\u2019aleshores en\u00e7\u00e0 el m\u00f3n ha fet moltes voltes, girant massa de pressa i produint-nos una certa sensaci\u00f3 de vertigen.","breadcrumb":{"@id":"https:\/\/editorialmediterrania.com\/en\/product\/ofrena-de-capvespre\/#breadcrumb"},"inLanguage":"en-US","potentialAction":[{"@type":"ReadAction","target":["https:\/\/editorialmediterrania.com\/en\/product\/ofrena-de-capvespre\/"]}]},{"@type":"ImageObject","inLanguage":"en-US","@id":"https:\/\/editorialmediterrania.com\/en\/product\/ofrena-de-capvespre\/#primaryimage","url":"https:\/\/editorialmediterrania.com\/wp-content\/uploads\/2012\/10\/Ofrena-de-capvespre.jpg","contentUrl":"https:\/\/editorialmediterrania.com\/wp-content\/uploads\/2012\/10\/Ofrena-de-capvespre.jpg","width":600,"height":879},{"@type":"BreadcrumbList","@id":"https:\/\/editorialmediterrania.com\/en\/product\/ofrena-de-capvespre\/#breadcrumb","itemListElement":[{"@type":"ListItem","position":1,"name":"Children&#8217;s art book store","item":"https:\/\/editorialmediterrania.com\/en\/childrens-art-book-store\/"},{"@type":"ListItem","position":2,"name":"Ofrena de capvespre"}]},{"@type":"WebSite","@id":"https:\/\/editorialmediterrania.com\/en\/#website","url":"https:\/\/editorialmediterrania.com\/en\/","name":"Editorial Mediterrania","description":"Llibres que t\u2019obriran nous mons","publisher":{"@id":"https:\/\/editorialmediterrania.com\/en\/#organization"},"alternateName":"Llibres infantils d'art, cultura i natura","potentialAction":[{"@type":"SearchAction","target":{"@type":"EntryPoint","urlTemplate":"https:\/\/editorialmediterrania.com\/en\/?s={search_term_string}"},"query-input":"required name=search_term_string"}],"inLanguage":"en-US"},{"@type":"Organization","@id":"https:\/\/editorialmediterrania.com\/en\/#organization","name":"Editorial Mediterrania","alternateName":"Llibres d'art, cultura i natura per infants i fam\u00edlies","url":"https:\/\/editorialmediterrania.com\/en\/","logo":{"@type":"ImageObject","inLanguage":"en-US","@id":"https:\/\/editorialmediterrania.com\/en\/#\/schema\/logo\/image\/","url":"https:\/\/editorialmediterrania.com\/wp-content\/uploads\/2023\/03\/LOGO-ED_MEDITERRANIA_OK-2.png","contentUrl":"https:\/\/editorialmediterrania.com\/wp-content\/uploads\/2023\/03\/LOGO-ED_MEDITERRANIA_OK-2.png","width":1200,"height":300,"caption":"Editorial Mediterrania"},"image":{"@id":"https:\/\/editorialmediterrania.com\/en\/#\/schema\/logo\/image\/"},"sameAs":["https:\/\/x.com\/edmediterrania","https:\/\/www.instagram.com\/editorialmediterrania\/"]}]}},"_links":{"self":[{"href":"https:\/\/editorialmediterrania.com\/en\/wp-json\/wp\/v2\/product\/211","targetHints":{"allow":["GET"]}}],"collection":[{"href":"https:\/\/editorialmediterrania.com\/en\/wp-json\/wp\/v2\/product"}],"about":[{"href":"https:\/\/editorialmediterrania.com\/en\/wp-json\/wp\/v2\/types\/product"}],"wp:featuredmedia":[{"embeddable":true,"href":"https:\/\/editorialmediterrania.com\/en\/wp-json\/wp\/v2\/media\/20443"}],"wp:attachment":[{"href":"https:\/\/editorialmediterrania.com\/en\/wp-json\/wp\/v2\/media?parent=211"}],"wp:term":[{"taxonomy":"product_cat","embeddable":true,"href":"https:\/\/editorialmediterrania.com\/en\/wp-json\/wp\/v2\/product_cat?post=211"},{"taxonomy":"product_tag","embeddable":true,"href":"https:\/\/editorialmediterrania.com\/en\/wp-json\/wp\/v2\/product_tag?post=211"},{"taxonomy":"autors","embeddable":true,"href":"https:\/\/editorialmediterrania.com\/en\/wp-json\/wp\/v2\/autors?post=211"}],"curies":[{"name":"wp","href":"https:\/\/api.w.org\/{rel}","templated":true}]}}