{"id":213,"date":"2012-10-24T09:56:41","date_gmt":"2012-10-24T07:56:41","guid":{"rendered":"http:\/\/mediterrania.adgency.es\/?post_type=product&#038;p=213"},"modified":"2025-06-17T11:50:18","modified_gmt":"2025-06-17T09:50:18","slug":"cuina-caputxina-les-pitances-dels-frares","status":"publish","type":"product","link":"https:\/\/editorialmediterrania.com\/en\/product\/cuina-caputxina-les-pitances-dels-frares\/","title":{"rendered":"Cuina caputxina"},"content":{"rendered":"<p style=\"text-align: justify;\"><em>Cuina caputxina<\/em> \u00e9s un llibre simp\u00e0tic, en alguns moments intencionadament divertit, per\u00f2 no \u00e9s un llibre fr\u00edvol, ja que s\u2019ha escrit amb rigor.<\/p>\n<p style=\"text-align: justify;\">El lector trobar\u00e0 a la primera part unes indicacions a prop\u00f2sit de l\u2019austeritat en la vida quotidiana dels antics caputxins. En la segona i tercera part hi ha la transcripci\u00f3 de les receptes seleccionades per a aquest nou volum de la col\u00b7lecci\u00f3 <em>A la caputxina<\/em>.<\/p>\n","protected":false},"excerpt":{"rendered":"<p><em>Cuina caputxina<\/em> \u00e9s un llibre simp\u00e0tic, en alguns moments intencionadament divertit, per\u00f2 no \u00e9s un llibre fr\u00edvol, ja que s\u2019ha escrit amb rigor.<\/p>\n","protected":false},"featured_media":20425,"template":"","meta":[],"product_cat":[6541,3351],"product_tag":[1106],"autors":[],"class_list":{"0":"post-213","1":"product","2":"type-product","3":"status-publish","4":"has-post-thumbnail","6":"product_cat-a-la-caputxina","7":"product_cat-mediterrania-productes","8":"product_tag-fra-valenti-serra-de-manresa-2","10":"first","11":"instock","12":"purchasable","13":"product-type-simple","swatches":"rey-swatches","show_selected":""},"acf":[],"yoast_head":"<!-- This site is optimized with the Yoast SEO plugin v22.8 - https:\/\/yoast.com\/wordpress\/plugins\/seo\/ -->\n<title>Cuina caputxina - Editorial Mediterrania<\/title>\n<meta name=\"description\" content=\"Cuina Caputxina \u00e9s un llibre simp\u00e0tic, en alguns moments intencionadament divertit, per\u00f2 no \u00e9s un llibre fr\u00edvol, ja que s\u2019ha escrit amb rigor.\" \/>\n<meta name=\"robots\" content=\"index, follow, max-snippet:-1, max-image-preview:large, max-video-preview:-1\" \/>\n<link rel=\"canonical\" href=\"https:\/\/editorialmediterrania.com\/en\/product\/cuina-caputxina-les-pitances-dels-frares\/\" \/>\n<meta property=\"og:locale\" content=\"en_US\" \/>\n<meta property=\"og:type\" content=\"article\" \/>\n<meta property=\"og:title\" content=\"Cuina caputxina - Editorial Mediterrania\" \/>\n<meta property=\"og:description\" content=\"Cuina Caputxina \u00e9s un llibre simp\u00e0tic, en alguns moments intencionadament divertit, per\u00f2 no \u00e9s un llibre fr\u00edvol, ja que s\u2019ha escrit amb rigor.\" \/>\n<meta property=\"og:url\" content=\"https:\/\/editorialmediterrania.com\/en\/product\/cuina-caputxina-les-pitances-dels-frares\/\" \/>\n<meta property=\"og:site_name\" content=\"Editorial Mediterr\u00e0nia\" \/>\n<meta property=\"article:modified_time\" content=\"2025-06-17T09:50:18+00:00\" \/>\n<meta property=\"og:image\" content=\"https:\/\/editorialmediterrania.com\/wp-content\/uploads\/2012\/10\/Cuina-Caputxina.jpg\" \/>\n\t<meta property=\"og:image:width\" content=\"600\" \/>\n\t<meta property=\"og:image:height\" content=\"840\" \/>\n\t<meta property=\"og:image:type\" content=\"image\/jpeg\" \/>\n<meta name=\"twitter:card\" content=\"summary_large_image\" \/>\n<meta name=\"twitter:site\" content=\"@edmediterrania\" \/>\n<meta name=\"twitter:label1\" content=\"Est. reading time\" \/>\n\t<meta name=\"twitter:data1\" content=\"1 minute\" \/>\n<script type=\"application\/ld+json\" class=\"yoast-schema-graph\">{\"@context\":\"https:\/\/schema.org\",\"@graph\":[{\"@type\":\"WebPage\",\"@id\":\"https:\/\/editorialmediterrania.com\/en\/product\/cuina-caputxina-les-pitances-dels-frares\/\",\"url\":\"https:\/\/editorialmediterrania.com\/en\/product\/cuina-caputxina-les-pitances-dels-frares\/\",\"name\":\"Cuina caputxina - Editorial Mediterrania\",\"isPartOf\":{\"@id\":\"https:\/\/editorialmediterrania.com\/en\/#website\"},\"primaryImageOfPage\":{\"@id\":\"https:\/\/editorialmediterrania.com\/en\/product\/cuina-caputxina-les-pitances-dels-frares\/#primaryimage\"},\"image\":{\"@id\":\"https:\/\/editorialmediterrania.com\/en\/product\/cuina-caputxina-les-pitances-dels-frares\/#primaryimage\"},\"thumbnailUrl\":\"https:\/\/editorialmediterrania.com\/wp-content\/uploads\/2012\/10\/Cuina-Caputxina.jpg\",\"datePublished\":\"2012-10-24T07:56:41+00:00\",\"dateModified\":\"2025-06-17T09:50:18+00:00\",\"description\":\"Cuina Caputxina \u00e9s un llibre simp\u00e0tic, en alguns moments intencionadament divertit, per\u00f2 no \u00e9s un llibre fr\u00edvol, ja que s\u2019ha escrit amb rigor.\",\"breadcrumb\":{\"@id\":\"https:\/\/editorialmediterrania.com\/en\/product\/cuina-caputxina-les-pitances-dels-frares\/#breadcrumb\"},\"inLanguage\":\"en-US\",\"potentialAction\":[{\"@type\":\"ReadAction\",\"target\":[\"https:\/\/editorialmediterrania.com\/en\/product\/cuina-caputxina-les-pitances-dels-frares\/\"]}]},{\"@type\":\"ImageObject\",\"inLanguage\":\"en-US\",\"@id\":\"https:\/\/editorialmediterrania.com\/en\/product\/cuina-caputxina-les-pitances-dels-frares\/#primaryimage\",\"url\":\"https:\/\/editorialmediterrania.com\/wp-content\/uploads\/2012\/10\/Cuina-Caputxina.jpg\",\"contentUrl\":\"https:\/\/editorialmediterrania.com\/wp-content\/uploads\/2012\/10\/Cuina-Caputxina.jpg\",\"width\":600,\"height\":840},{\"@type\":\"BreadcrumbList\",\"@id\":\"https:\/\/editorialmediterrania.com\/en\/product\/cuina-caputxina-les-pitances-dels-frares\/#breadcrumb\",\"itemListElement\":[{\"@type\":\"ListItem\",\"position\":1,\"name\":\"Children&#8217;s art book store\",\"item\":\"https:\/\/editorialmediterrania.com\/en\/childrens-art-book-store\/\"},{\"@type\":\"ListItem\",\"position\":2,\"name\":\"Cuina caputxina\"}]},{\"@type\":\"WebSite\",\"@id\":\"https:\/\/editorialmediterrania.com\/en\/#website\",\"url\":\"https:\/\/editorialmediterrania.com\/en\/\",\"name\":\"Editorial Mediterrania\",\"description\":\"Llibres que t\u2019obriran nous mons\",\"publisher\":{\"@id\":\"https:\/\/editorialmediterrania.com\/en\/#organization\"},\"alternateName\":\"Llibres infantils d'art, cultura i natura\",\"potentialAction\":[{\"@type\":\"SearchAction\",\"target\":{\"@type\":\"EntryPoint\",\"urlTemplate\":\"https:\/\/editorialmediterrania.com\/en\/?s={search_term_string}\"},\"query-input\":\"required name=search_term_string\"}],\"inLanguage\":\"en-US\"},{\"@type\":\"Organization\",\"@id\":\"https:\/\/editorialmediterrania.com\/en\/#organization\",\"name\":\"Editorial Mediterrania\",\"alternateName\":\"Llibres d'art, cultura i natura per infants i fam\u00edlies\",\"url\":\"https:\/\/editorialmediterrania.com\/en\/\",\"logo\":{\"@type\":\"ImageObject\",\"inLanguage\":\"en-US\",\"@id\":\"https:\/\/editorialmediterrania.com\/en\/#\/schema\/logo\/image\/\",\"url\":\"https:\/\/editorialmediterrania.com\/wp-content\/uploads\/2023\/03\/LOGO-ED_MEDITERRANIA_OK-2.png\",\"contentUrl\":\"https:\/\/editorialmediterrania.com\/wp-content\/uploads\/2023\/03\/LOGO-ED_MEDITERRANIA_OK-2.png\",\"width\":1200,\"height\":300,\"caption\":\"Editorial Mediterrania\"},\"image\":{\"@id\":\"https:\/\/editorialmediterrania.com\/en\/#\/schema\/logo\/image\/\"},\"sameAs\":[\"https:\/\/x.com\/edmediterrania\",\"https:\/\/www.instagram.com\/editorialmediterrania\/\"]}]}<\/script>\n<!-- \/ Yoast SEO plugin. -->","yoast_head_json":{"title":"Cuina caputxina - Editorial Mediterrania","description":"Cuina Caputxina \u00e9s un llibre simp\u00e0tic, en alguns moments intencionadament divertit, per\u00f2 no \u00e9s un llibre fr\u00edvol, ja que s\u2019ha escrit amb rigor.","robots":{"index":"index","follow":"follow","max-snippet":"max-snippet:-1","max-image-preview":"max-image-preview:large","max-video-preview":"max-video-preview:-1"},"canonical":"https:\/\/editorialmediterrania.com\/en\/product\/cuina-caputxina-les-pitances-dels-frares\/","og_locale":"en_US","og_type":"article","og_title":"Cuina caputxina - Editorial Mediterrania","og_description":"Cuina Caputxina \u00e9s un llibre simp\u00e0tic, en alguns moments intencionadament divertit, per\u00f2 no \u00e9s un llibre fr\u00edvol, ja que s\u2019ha escrit amb rigor.","og_url":"https:\/\/editorialmediterrania.com\/en\/product\/cuina-caputxina-les-pitances-dels-frares\/","og_site_name":"Editorial Mediterr\u00e0nia","article_modified_time":"2025-06-17T09:50:18+00:00","og_image":[{"width":600,"height":840,"url":"https:\/\/editorialmediterrania.com\/wp-content\/uploads\/2012\/10\/Cuina-Caputxina.jpg","type":"image\/jpeg"}],"twitter_card":"summary_large_image","twitter_site":"@edmediterrania","twitter_misc":{"Est. reading time":"1 minute"},"schema":{"@context":"https:\/\/schema.org","@graph":[{"@type":"WebPage","@id":"https:\/\/editorialmediterrania.com\/en\/product\/cuina-caputxina-les-pitances-dels-frares\/","url":"https:\/\/editorialmediterrania.com\/en\/product\/cuina-caputxina-les-pitances-dels-frares\/","name":"Cuina caputxina - Editorial Mediterrania","isPartOf":{"@id":"https:\/\/editorialmediterrania.com\/en\/#website"},"primaryImageOfPage":{"@id":"https:\/\/editorialmediterrania.com\/en\/product\/cuina-caputxina-les-pitances-dels-frares\/#primaryimage"},"image":{"@id":"https:\/\/editorialmediterrania.com\/en\/product\/cuina-caputxina-les-pitances-dels-frares\/#primaryimage"},"thumbnailUrl":"https:\/\/editorialmediterrania.com\/wp-content\/uploads\/2012\/10\/Cuina-Caputxina.jpg","datePublished":"2012-10-24T07:56:41+00:00","dateModified":"2025-06-17T09:50:18+00:00","description":"Cuina Caputxina \u00e9s un llibre simp\u00e0tic, en alguns moments intencionadament divertit, per\u00f2 no \u00e9s un llibre fr\u00edvol, ja que s\u2019ha escrit amb rigor.","breadcrumb":{"@id":"https:\/\/editorialmediterrania.com\/en\/product\/cuina-caputxina-les-pitances-dels-frares\/#breadcrumb"},"inLanguage":"en-US","potentialAction":[{"@type":"ReadAction","target":["https:\/\/editorialmediterrania.com\/en\/product\/cuina-caputxina-les-pitances-dels-frares\/"]}]},{"@type":"ImageObject","inLanguage":"en-US","@id":"https:\/\/editorialmediterrania.com\/en\/product\/cuina-caputxina-les-pitances-dels-frares\/#primaryimage","url":"https:\/\/editorialmediterrania.com\/wp-content\/uploads\/2012\/10\/Cuina-Caputxina.jpg","contentUrl":"https:\/\/editorialmediterrania.com\/wp-content\/uploads\/2012\/10\/Cuina-Caputxina.jpg","width":600,"height":840},{"@type":"BreadcrumbList","@id":"https:\/\/editorialmediterrania.com\/en\/product\/cuina-caputxina-les-pitances-dels-frares\/#breadcrumb","itemListElement":[{"@type":"ListItem","position":1,"name":"Children&#8217;s art book store","item":"https:\/\/editorialmediterrania.com\/en\/childrens-art-book-store\/"},{"@type":"ListItem","position":2,"name":"Cuina caputxina"}]},{"@type":"WebSite","@id":"https:\/\/editorialmediterrania.com\/en\/#website","url":"https:\/\/editorialmediterrania.com\/en\/","name":"Editorial Mediterrania","description":"Llibres que t\u2019obriran nous mons","publisher":{"@id":"https:\/\/editorialmediterrania.com\/en\/#organization"},"alternateName":"Llibres infantils d'art, cultura i natura","potentialAction":[{"@type":"SearchAction","target":{"@type":"EntryPoint","urlTemplate":"https:\/\/editorialmediterrania.com\/en\/?s={search_term_string}"},"query-input":"required name=search_term_string"}],"inLanguage":"en-US"},{"@type":"Organization","@id":"https:\/\/editorialmediterrania.com\/en\/#organization","name":"Editorial Mediterrania","alternateName":"Llibres d'art, cultura i natura per infants i fam\u00edlies","url":"https:\/\/editorialmediterrania.com\/en\/","logo":{"@type":"ImageObject","inLanguage":"en-US","@id":"https:\/\/editorialmediterrania.com\/en\/#\/schema\/logo\/image\/","url":"https:\/\/editorialmediterrania.com\/wp-content\/uploads\/2023\/03\/LOGO-ED_MEDITERRANIA_OK-2.png","contentUrl":"https:\/\/editorialmediterrania.com\/wp-content\/uploads\/2023\/03\/LOGO-ED_MEDITERRANIA_OK-2.png","width":1200,"height":300,"caption":"Editorial Mediterrania"},"image":{"@id":"https:\/\/editorialmediterrania.com\/en\/#\/schema\/logo\/image\/"},"sameAs":["https:\/\/x.com\/edmediterrania","https:\/\/www.instagram.com\/editorialmediterrania\/"]}]}},"_links":{"self":[{"href":"https:\/\/editorialmediterrania.com\/en\/wp-json\/wp\/v2\/product\/213","targetHints":{"allow":["GET"]}}],"collection":[{"href":"https:\/\/editorialmediterrania.com\/en\/wp-json\/wp\/v2\/product"}],"about":[{"href":"https:\/\/editorialmediterrania.com\/en\/wp-json\/wp\/v2\/types\/product"}],"wp:featuredmedia":[{"embeddable":true,"href":"https:\/\/editorialmediterrania.com\/en\/wp-json\/wp\/v2\/media\/20425"}],"wp:attachment":[{"href":"https:\/\/editorialmediterrania.com\/en\/wp-json\/wp\/v2\/media?parent=213"}],"wp:term":[{"taxonomy":"product_cat","embeddable":true,"href":"https:\/\/editorialmediterrania.com\/en\/wp-json\/wp\/v2\/product_cat?post=213"},{"taxonomy":"product_tag","embeddable":true,"href":"https:\/\/editorialmediterrania.com\/en\/wp-json\/wp\/v2\/product_tag?post=213"},{"taxonomy":"autors","embeddable":true,"href":"https:\/\/editorialmediterrania.com\/en\/wp-json\/wp\/v2\/autors?post=213"}],"curies":[{"name":"wp","href":"https:\/\/api.w.org\/{rel}","templated":true}]}}