{"id":2366,"date":"2013-01-08T12:23:12","date_gmt":"2013-01-08T11:23:12","guid":{"rendered":"http:\/\/mediterrania.adgency.es\/?post_type=product&#038;p=2366"},"modified":"2026-02-18T08:39:15","modified_gmt":"2026-02-18T07:39:15","slug":"pau-casals-i-andreu-claret-correspondencia-a-lexili","status":"publish","type":"product","link":"https:\/\/editorialmediterrania.com\/en\/product\/pau-casals-i-andreu-claret-correspondencia-a-lexili\/","title":{"rendered":"Pau Casals i Andreu Claret: correspond\u00e8ncia a l&#8217;exili"},"content":{"rendered":"<p style=\"text-align: justify;\">Recull de la correspond\u00e8ncia entre dos homes exepcionals que van compartir l&#8217;amor per Catalunya, que van patir els anys de l&#8217;exili, que van ser fidels al seu comprom\u00eds i van estimar la m\u00fasica. A Pau Casals i Andreu Claret els va unir una fonda i llarga amistat, que qued\u00e0 plasmada en aquestes cartes, escrites entre els anys 1943-1955, durant el seu exili a Fran\u00e7a i Andorra.<\/p>\n<p style=\"text-align: justify;\">Claret, conegut m\u00e9s tard amb el sobrenom de l&#8217;Home de les Neus per alliberar Barcelona de la nevada de 1962, actuava com a secretari de l&#8217;Associaci\u00f3 Pau Casals, que donava suport als fills dels refugiats, i tamb\u00e9 com a secretari personal de Casals en l&#8217;organitzaci\u00f3 de concerts per diferents ciutats franceses. Casals, s\u00edmbol dels catalans a l&#8217;exili, sempre es va mantenir ferm en les seves conviccions m\u00e9s profundes. Tal com ell deia: \u201cun m\u00fasic tamb\u00e9 \u00e9s un home i la seva actitud vital \u00e9s m\u00e9s important que la seva m\u00fasica\u201d, i ho va portar fins a les \u00faltimes conseq\u00fc\u00e8ncies.<\/p>\n<p>Aquest llibre tamb\u00e9 est\u00e0 disponible en format ebook o llibre electr\u00f2nic que podr\u00e0s trobar a la web del nostre distribu\u00efdor digital\u00a0<a href=\"http:\/\/www.zonaebooks.com\/Inicio\">Zonaebooks<\/a>.<\/p>\n","protected":false},"excerpt":{"rendered":"<p>Recull de la correspond\u00e8ncia entre dos homes exepcionals que van compartir l&#8217;amor per Catalunya, que van patir els anys de l&#8217;exili, que van ser fidels al seu comprom\u00eds i van estimar la m\u00fasica.<\/p>\n","protected":false},"featured_media":20978,"template":"","meta":[],"product_cat":[3351,24],"product_tag":[2002],"autors":[],"class_list":{"0":"post-2366","1":"product","2":"type-product","3":"status-publish","4":"has-post-thumbnail","6":"product_cat-mediterrania-productes","7":"product_cat-assaig-adult","8":"product_tag-llibres-dassaig","10":"first","11":"instock","12":"downloadable","13":"purchasable","14":"product-type-simple","swatches":"rey-swatches","show_selected":""},"acf":[],"yoast_head":"<!-- This site is optimized with the Yoast SEO plugin v22.8 - https:\/\/yoast.com\/wordpress\/plugins\/seo\/ -->\n<title>Pau Casals i Andreu Claret: correspond\u00e8ncia a l&#039;exili - Editorial Mediterrania<\/title>\n<meta name=\"description\" content=\"Recull de la correspond\u00e8ncia entre dos homes exepcionals que van compartir l&#039;amor per Catalunya, que van patir els anys de l&#039;exili, que van ser fidels al seu comprom\u00eds i van estimar la m\u00fasica.\" \/>\n<meta name=\"robots\" content=\"index, follow, max-snippet:-1, max-image-preview:large, max-video-preview:-1\" \/>\n<link rel=\"canonical\" href=\"https:\/\/editorialmediterrania.com\/en\/product\/pau-casals-i-andreu-claret-correspondencia-a-lexili\/\" \/>\n<meta property=\"og:locale\" content=\"en_US\" \/>\n<meta property=\"og:type\" content=\"article\" \/>\n<meta property=\"og:title\" content=\"Pau Casals i Andreu Claret: correspond\u00e8ncia a l&#039;exili - Editorial Mediterrania\" \/>\n<meta property=\"og:description\" content=\"Recull de la correspond\u00e8ncia entre dos homes exepcionals que van compartir l&#039;amor per Catalunya, que van patir els anys de l&#039;exili, que van ser fidels al seu comprom\u00eds i van estimar la m\u00fasica.\" \/>\n<meta property=\"og:url\" content=\"https:\/\/editorialmediterrania.com\/en\/product\/pau-casals-i-andreu-claret-correspondencia-a-lexili\/\" \/>\n<meta property=\"og:site_name\" content=\"Editorial Mediterr\u00e0nia\" \/>\n<meta property=\"article:modified_time\" content=\"2026-02-18T07:39:15+00:00\" \/>\n<meta property=\"og:image\" content=\"https:\/\/editorialmediterrania.com\/wp-content\/uploads\/2013\/01\/Pau-Casals-i-Andreu-Claret-correspondencia-alexili.jpg\" \/>\n\t<meta property=\"og:image:width\" content=\"600\" \/>\n\t<meta property=\"og:image:height\" content=\"839\" \/>\n\t<meta property=\"og:image:type\" content=\"image\/jpeg\" \/>\n<meta name=\"twitter:card\" content=\"summary_large_image\" \/>\n<meta name=\"twitter:site\" content=\"@edmediterrania\" \/>\n<meta name=\"twitter:label1\" content=\"Est. reading time\" \/>\n\t<meta name=\"twitter:data1\" content=\"1 minute\" \/>\n<script type=\"application\/ld+json\" class=\"yoast-schema-graph\">{\"@context\":\"https:\/\/schema.org\",\"@graph\":[{\"@type\":\"WebPage\",\"@id\":\"https:\/\/editorialmediterrania.com\/en\/product\/pau-casals-i-andreu-claret-correspondencia-a-lexili\/\",\"url\":\"https:\/\/editorialmediterrania.com\/en\/product\/pau-casals-i-andreu-claret-correspondencia-a-lexili\/\",\"name\":\"Pau Casals i Andreu Claret: correspond\u00e8ncia a l'exili - Editorial Mediterrania\",\"isPartOf\":{\"@id\":\"https:\/\/editorialmediterrania.com\/en\/#website\"},\"primaryImageOfPage\":{\"@id\":\"https:\/\/editorialmediterrania.com\/en\/product\/pau-casals-i-andreu-claret-correspondencia-a-lexili\/#primaryimage\"},\"image\":{\"@id\":\"https:\/\/editorialmediterrania.com\/en\/product\/pau-casals-i-andreu-claret-correspondencia-a-lexili\/#primaryimage\"},\"thumbnailUrl\":\"https:\/\/editorialmediterrania.com\/wp-content\/uploads\/2013\/01\/Pau-Casals-i-Andreu-Claret-correspondencia-alexili.jpg\",\"datePublished\":\"2013-01-08T11:23:12+00:00\",\"dateModified\":\"2026-02-18T07:39:15+00:00\",\"description\":\"Recull de la correspond\u00e8ncia entre dos homes exepcionals que van compartir l'amor per Catalunya, que van patir els anys de l'exili, que van ser fidels al seu comprom\u00eds i van estimar la m\u00fasica.\",\"breadcrumb\":{\"@id\":\"https:\/\/editorialmediterrania.com\/en\/product\/pau-casals-i-andreu-claret-correspondencia-a-lexili\/#breadcrumb\"},\"inLanguage\":\"en-US\",\"potentialAction\":[{\"@type\":\"ReadAction\",\"target\":[\"https:\/\/editorialmediterrania.com\/en\/product\/pau-casals-i-andreu-claret-correspondencia-a-lexili\/\"]}]},{\"@type\":\"ImageObject\",\"inLanguage\":\"en-US\",\"@id\":\"https:\/\/editorialmediterrania.com\/en\/product\/pau-casals-i-andreu-claret-correspondencia-a-lexili\/#primaryimage\",\"url\":\"https:\/\/editorialmediterrania.com\/wp-content\/uploads\/2013\/01\/Pau-Casals-i-Andreu-Claret-correspondencia-alexili.jpg\",\"contentUrl\":\"https:\/\/editorialmediterrania.com\/wp-content\/uploads\/2013\/01\/Pau-Casals-i-Andreu-Claret-correspondencia-alexili.jpg\",\"width\":600,\"height\":839},{\"@type\":\"BreadcrumbList\",\"@id\":\"https:\/\/editorialmediterrania.com\/en\/product\/pau-casals-i-andreu-claret-correspondencia-a-lexili\/#breadcrumb\",\"itemListElement\":[{\"@type\":\"ListItem\",\"position\":1,\"name\":\"Children&#8217;s art book store\",\"item\":\"https:\/\/editorialmediterrania.com\/en\/childrens-art-book-store\/\"},{\"@type\":\"ListItem\",\"position\":2,\"name\":\"Pau Casals i Andreu Claret: correspond\u00e8ncia a l&#8217;exili\"}]},{\"@type\":\"WebSite\",\"@id\":\"https:\/\/editorialmediterrania.com\/en\/#website\",\"url\":\"https:\/\/editorialmediterrania.com\/en\/\",\"name\":\"Editorial Mediterrania\",\"description\":\"Llibres que t\u2019obriran nous mons\",\"publisher\":{\"@id\":\"https:\/\/editorialmediterrania.com\/en\/#organization\"},\"alternateName\":\"Llibres infantils d'art, cultura i natura\",\"potentialAction\":[{\"@type\":\"SearchAction\",\"target\":{\"@type\":\"EntryPoint\",\"urlTemplate\":\"https:\/\/editorialmediterrania.com\/en\/?s={search_term_string}\"},\"query-input\":\"required name=search_term_string\"}],\"inLanguage\":\"en-US\"},{\"@type\":\"Organization\",\"@id\":\"https:\/\/editorialmediterrania.com\/en\/#organization\",\"name\":\"Editorial Mediterrania\",\"alternateName\":\"Llibres d'art, cultura i natura per infants i fam\u00edlies\",\"url\":\"https:\/\/editorialmediterrania.com\/en\/\",\"logo\":{\"@type\":\"ImageObject\",\"inLanguage\":\"en-US\",\"@id\":\"https:\/\/editorialmediterrania.com\/en\/#\/schema\/logo\/image\/\",\"url\":\"https:\/\/editorialmediterrania.com\/wp-content\/uploads\/2023\/03\/LOGO-ED_MEDITERRANIA_OK-2.png\",\"contentUrl\":\"https:\/\/editorialmediterrania.com\/wp-content\/uploads\/2023\/03\/LOGO-ED_MEDITERRANIA_OK-2.png\",\"width\":1200,\"height\":300,\"caption\":\"Editorial Mediterrania\"},\"image\":{\"@id\":\"https:\/\/editorialmediterrania.com\/en\/#\/schema\/logo\/image\/\"},\"sameAs\":[\"https:\/\/x.com\/edmediterrania\",\"https:\/\/www.instagram.com\/editorialmediterrania\/\"]}]}<\/script>\n<!-- \/ Yoast SEO plugin. -->","yoast_head_json":{"title":"Pau Casals i Andreu Claret: correspond\u00e8ncia a l'exili - Editorial Mediterrania","description":"Recull de la correspond\u00e8ncia entre dos homes exepcionals que van compartir l'amor per Catalunya, que van patir els anys de l'exili, que van ser fidels al seu comprom\u00eds i van estimar la m\u00fasica.","robots":{"index":"index","follow":"follow","max-snippet":"max-snippet:-1","max-image-preview":"max-image-preview:large","max-video-preview":"max-video-preview:-1"},"canonical":"https:\/\/editorialmediterrania.com\/en\/product\/pau-casals-i-andreu-claret-correspondencia-a-lexili\/","og_locale":"en_US","og_type":"article","og_title":"Pau Casals i Andreu Claret: correspond\u00e8ncia a l'exili - Editorial Mediterrania","og_description":"Recull de la correspond\u00e8ncia entre dos homes exepcionals que van compartir l'amor per Catalunya, que van patir els anys de l'exili, que van ser fidels al seu comprom\u00eds i van estimar la m\u00fasica.","og_url":"https:\/\/editorialmediterrania.com\/en\/product\/pau-casals-i-andreu-claret-correspondencia-a-lexili\/","og_site_name":"Editorial Mediterr\u00e0nia","article_modified_time":"2026-02-18T07:39:15+00:00","og_image":[{"width":600,"height":839,"url":"https:\/\/editorialmediterrania.com\/wp-content\/uploads\/2013\/01\/Pau-Casals-i-Andreu-Claret-correspondencia-alexili.jpg","type":"image\/jpeg"}],"twitter_card":"summary_large_image","twitter_site":"@edmediterrania","twitter_misc":{"Est. reading time":"1 minute"},"schema":{"@context":"https:\/\/schema.org","@graph":[{"@type":"WebPage","@id":"https:\/\/editorialmediterrania.com\/en\/product\/pau-casals-i-andreu-claret-correspondencia-a-lexili\/","url":"https:\/\/editorialmediterrania.com\/en\/product\/pau-casals-i-andreu-claret-correspondencia-a-lexili\/","name":"Pau Casals i Andreu Claret: correspond\u00e8ncia a l'exili - Editorial Mediterrania","isPartOf":{"@id":"https:\/\/editorialmediterrania.com\/en\/#website"},"primaryImageOfPage":{"@id":"https:\/\/editorialmediterrania.com\/en\/product\/pau-casals-i-andreu-claret-correspondencia-a-lexili\/#primaryimage"},"image":{"@id":"https:\/\/editorialmediterrania.com\/en\/product\/pau-casals-i-andreu-claret-correspondencia-a-lexili\/#primaryimage"},"thumbnailUrl":"https:\/\/editorialmediterrania.com\/wp-content\/uploads\/2013\/01\/Pau-Casals-i-Andreu-Claret-correspondencia-alexili.jpg","datePublished":"2013-01-08T11:23:12+00:00","dateModified":"2026-02-18T07:39:15+00:00","description":"Recull de la correspond\u00e8ncia entre dos homes exepcionals que van compartir l'amor per Catalunya, que van patir els anys de l'exili, que van ser fidels al seu comprom\u00eds i van estimar la m\u00fasica.","breadcrumb":{"@id":"https:\/\/editorialmediterrania.com\/en\/product\/pau-casals-i-andreu-claret-correspondencia-a-lexili\/#breadcrumb"},"inLanguage":"en-US","potentialAction":[{"@type":"ReadAction","target":["https:\/\/editorialmediterrania.com\/en\/product\/pau-casals-i-andreu-claret-correspondencia-a-lexili\/"]}]},{"@type":"ImageObject","inLanguage":"en-US","@id":"https:\/\/editorialmediterrania.com\/en\/product\/pau-casals-i-andreu-claret-correspondencia-a-lexili\/#primaryimage","url":"https:\/\/editorialmediterrania.com\/wp-content\/uploads\/2013\/01\/Pau-Casals-i-Andreu-Claret-correspondencia-alexili.jpg","contentUrl":"https:\/\/editorialmediterrania.com\/wp-content\/uploads\/2013\/01\/Pau-Casals-i-Andreu-Claret-correspondencia-alexili.jpg","width":600,"height":839},{"@type":"BreadcrumbList","@id":"https:\/\/editorialmediterrania.com\/en\/product\/pau-casals-i-andreu-claret-correspondencia-a-lexili\/#breadcrumb","itemListElement":[{"@type":"ListItem","position":1,"name":"Children&#8217;s art book store","item":"https:\/\/editorialmediterrania.com\/en\/childrens-art-book-store\/"},{"@type":"ListItem","position":2,"name":"Pau Casals i Andreu Claret: correspond\u00e8ncia a l&#8217;exili"}]},{"@type":"WebSite","@id":"https:\/\/editorialmediterrania.com\/en\/#website","url":"https:\/\/editorialmediterrania.com\/en\/","name":"Editorial Mediterrania","description":"Llibres que t\u2019obriran nous mons","publisher":{"@id":"https:\/\/editorialmediterrania.com\/en\/#organization"},"alternateName":"Llibres infantils d'art, cultura i natura","potentialAction":[{"@type":"SearchAction","target":{"@type":"EntryPoint","urlTemplate":"https:\/\/editorialmediterrania.com\/en\/?s={search_term_string}"},"query-input":"required name=search_term_string"}],"inLanguage":"en-US"},{"@type":"Organization","@id":"https:\/\/editorialmediterrania.com\/en\/#organization","name":"Editorial Mediterrania","alternateName":"Llibres d'art, cultura i natura per infants i fam\u00edlies","url":"https:\/\/editorialmediterrania.com\/en\/","logo":{"@type":"ImageObject","inLanguage":"en-US","@id":"https:\/\/editorialmediterrania.com\/en\/#\/schema\/logo\/image\/","url":"https:\/\/editorialmediterrania.com\/wp-content\/uploads\/2023\/03\/LOGO-ED_MEDITERRANIA_OK-2.png","contentUrl":"https:\/\/editorialmediterrania.com\/wp-content\/uploads\/2023\/03\/LOGO-ED_MEDITERRANIA_OK-2.png","width":1200,"height":300,"caption":"Editorial Mediterrania"},"image":{"@id":"https:\/\/editorialmediterrania.com\/en\/#\/schema\/logo\/image\/"},"sameAs":["https:\/\/x.com\/edmediterrania","https:\/\/www.instagram.com\/editorialmediterrania\/"]}]}},"_links":{"self":[{"href":"https:\/\/editorialmediterrania.com\/en\/wp-json\/wp\/v2\/product\/2366","targetHints":{"allow":["GET"]}}],"collection":[{"href":"https:\/\/editorialmediterrania.com\/en\/wp-json\/wp\/v2\/product"}],"about":[{"href":"https:\/\/editorialmediterrania.com\/en\/wp-json\/wp\/v2\/types\/product"}],"wp:featuredmedia":[{"embeddable":true,"href":"https:\/\/editorialmediterrania.com\/en\/wp-json\/wp\/v2\/media\/20978"}],"wp:attachment":[{"href":"https:\/\/editorialmediterrania.com\/en\/wp-json\/wp\/v2\/media?parent=2366"}],"wp:term":[{"taxonomy":"product_cat","embeddable":true,"href":"https:\/\/editorialmediterrania.com\/en\/wp-json\/wp\/v2\/product_cat?post=2366"},{"taxonomy":"product_tag","embeddable":true,"href":"https:\/\/editorialmediterrania.com\/en\/wp-json\/wp\/v2\/product_tag?post=2366"},{"taxonomy":"autors","embeddable":true,"href":"https:\/\/editorialmediterrania.com\/en\/wp-json\/wp\/v2\/autors?post=2366"}],"curies":[{"name":"wp","href":"https:\/\/api.w.org\/{rel}","templated":true}]}}