{"id":2372,"date":"2013-01-08T12:53:15","date_gmt":"2013-01-08T11:53:15","guid":{"rendered":"http:\/\/mediterrania.adgency.es\/?post_type=product&#038;p=2372"},"modified":"2025-09-02T16:01:44","modified_gmt":"2025-09-02T14:01:44","slug":"pau-casals-i-joaquim-pena","status":"publish","type":"product","link":"https:\/\/editorialmediterrania.com\/en\/product\/pau-casals-i-joaquim-pena\/","title":{"rendered":"Pau Casals i Joaquim Pena. Passi\u00f3 per la m\u00fasica i pel pa\u00eds. Correspond\u00e8ncia"},"content":{"rendered":"<p style=\"text-align: justify\">Aquest epistolari entre Pau Casals i Joaquim Pena abra\u00e7a des del juliol de 1920 fins la darreria de l&#8217;any 1940. Per dir-ho ras i curt, aquestes dates s\u00f3n la cara i la creu de la m\u00fasica del pa\u00eds: l&#8217;inici efectiu d&#8217;una revitalitzaci\u00f3 cultural que va ser capa\u00e7 de posar Barcelona a la primera l\u00ednia d&#8217;inter\u00e8s arreu del m\u00f3n, i la sotragada i el declivi que, des de 1939, va esvanir i malbaratar tot l&#8217;esfor\u00e7 d&#8217;unes d\u00e8cades que s&#8217;havien entestat a normalitzar i europe\u00eftzar -si volem emprar uns conceptes m\u00e9s actuals- la m\u00fasica catalana.<\/p>\n<p>Aquest llibre tamb\u00e9 est\u00e0 disponible en format ebook o llibre electr\u00f2nic que podr\u00e0s trobar a la web del nostre distribu\u00efdor digital\u00a0<a href=\"http:\/\/www.zonaebooks.com\/Inicio\">Zonaebooks<\/a>.<\/p>\n","protected":false},"excerpt":{"rendered":"<p>Aquest epistolari entre Pau Casals i Joaquim Pena abra\u00e7a des del juliol de 1920 fins la darreria de l&#8217;any 1940.<\/p>\n","protected":false},"featured_media":21178,"template":"","meta":[],"product_cat":[3351,24],"product_tag":[],"autors":[],"class_list":{"0":"post-2372","1":"product","2":"type-product","3":"status-publish","4":"has-post-thumbnail","6":"product_cat-mediterrania-productes","7":"product_cat-assaig-adult","9":"first","10":"instock","11":"purchasable","12":"product-type-simple","swatches":"rey-swatches","show_selected":""},"acf":[],"yoast_head":"<!-- This site is optimized with the Yoast SEO plugin v22.8 - https:\/\/yoast.com\/wordpress\/plugins\/seo\/ -->\n<title>Pau Casals i Joaquim Pena - Editorial Mediterrania<\/title>\n<meta name=\"description\" content=\"Aquest epistolari entre Pau Casals i Joaquim Pena abra\u00e7a des del juliol de 1920 fins la darreria de l&#039;any 1940.\" \/>\n<meta name=\"robots\" content=\"index, follow, max-snippet:-1, max-image-preview:large, max-video-preview:-1\" \/>\n<link rel=\"canonical\" href=\"https:\/\/editorialmediterrania.com\/en\/product\/pau-casals-i-joaquim-pena\/\" \/>\n<meta property=\"og:locale\" content=\"en_US\" \/>\n<meta property=\"og:type\" content=\"article\" \/>\n<meta property=\"og:title\" content=\"Pau Casals i Joaquim Pena - Editorial Mediterrania\" \/>\n<meta property=\"og:description\" content=\"Aquest epistolari entre Pau Casals i Joaquim Pena abra\u00e7a des del juliol de 1920 fins la darreria de l&#039;any 1940.\" \/>\n<meta property=\"og:url\" content=\"https:\/\/editorialmediterrania.com\/en\/product\/pau-casals-i-joaquim-pena\/\" \/>\n<meta property=\"og:site_name\" content=\"Editorial Mediterr\u00e0nia\" \/>\n<meta property=\"article:modified_time\" content=\"2025-09-02T14:01:44+00:00\" \/>\n<meta property=\"og:image\" content=\"https:\/\/editorialmediterrania.com\/wp-content\/uploads\/2013\/01\/Pau-Casals-i-Joaquim-Pena-correspondencia.jpg\" \/>\n\t<meta property=\"og:image:width\" content=\"600\" \/>\n\t<meta property=\"og:image:height\" content=\"837\" \/>\n\t<meta property=\"og:image:type\" content=\"image\/jpeg\" \/>\n<meta name=\"twitter:card\" content=\"summary_large_image\" \/>\n<meta name=\"twitter:site\" content=\"@edmediterrania\" \/>\n<meta name=\"twitter:label1\" content=\"Est. reading time\" \/>\n\t<meta name=\"twitter:data1\" content=\"1 minute\" \/>\n<script type=\"application\/ld+json\" class=\"yoast-schema-graph\">{\"@context\":\"https:\/\/schema.org\",\"@graph\":[{\"@type\":\"WebPage\",\"@id\":\"https:\/\/editorialmediterrania.com\/en\/product\/pau-casals-i-joaquim-pena\/\",\"url\":\"https:\/\/editorialmediterrania.com\/en\/product\/pau-casals-i-joaquim-pena\/\",\"name\":\"Pau Casals i Joaquim Pena - Editorial Mediterrania\",\"isPartOf\":{\"@id\":\"https:\/\/editorialmediterrania.com\/en\/#website\"},\"primaryImageOfPage\":{\"@id\":\"https:\/\/editorialmediterrania.com\/en\/product\/pau-casals-i-joaquim-pena\/#primaryimage\"},\"image\":{\"@id\":\"https:\/\/editorialmediterrania.com\/en\/product\/pau-casals-i-joaquim-pena\/#primaryimage\"},\"thumbnailUrl\":\"https:\/\/editorialmediterrania.com\/wp-content\/uploads\/2013\/01\/Pau-Casals-i-Joaquim-Pena-correspondencia.jpg\",\"datePublished\":\"2013-01-08T11:53:15+00:00\",\"dateModified\":\"2025-09-02T14:01:44+00:00\",\"description\":\"Aquest epistolari entre Pau Casals i Joaquim Pena abra\u00e7a des del juliol de 1920 fins la darreria de l'any 1940.\",\"breadcrumb\":{\"@id\":\"https:\/\/editorialmediterrania.com\/en\/product\/pau-casals-i-joaquim-pena\/#breadcrumb\"},\"inLanguage\":\"en-US\",\"potentialAction\":[{\"@type\":\"ReadAction\",\"target\":[\"https:\/\/editorialmediterrania.com\/en\/product\/pau-casals-i-joaquim-pena\/\"]}]},{\"@type\":\"ImageObject\",\"inLanguage\":\"en-US\",\"@id\":\"https:\/\/editorialmediterrania.com\/en\/product\/pau-casals-i-joaquim-pena\/#primaryimage\",\"url\":\"https:\/\/editorialmediterrania.com\/wp-content\/uploads\/2013\/01\/Pau-Casals-i-Joaquim-Pena-correspondencia.jpg\",\"contentUrl\":\"https:\/\/editorialmediterrania.com\/wp-content\/uploads\/2013\/01\/Pau-Casals-i-Joaquim-Pena-correspondencia.jpg\",\"width\":600,\"height\":837},{\"@type\":\"BreadcrumbList\",\"@id\":\"https:\/\/editorialmediterrania.com\/en\/product\/pau-casals-i-joaquim-pena\/#breadcrumb\",\"itemListElement\":[{\"@type\":\"ListItem\",\"position\":1,\"name\":\"Children&#8217;s art book store\",\"item\":\"https:\/\/editorialmediterrania.com\/en\/childrens-art-book-store\/\"},{\"@type\":\"ListItem\",\"position\":2,\"name\":\"Pau Casals i Joaquim Pena. Passi\u00f3 per la m\u00fasica i pel pa\u00eds. Correspond\u00e8ncia\"}]},{\"@type\":\"WebSite\",\"@id\":\"https:\/\/editorialmediterrania.com\/en\/#website\",\"url\":\"https:\/\/editorialmediterrania.com\/en\/\",\"name\":\"Editorial Mediterrania\",\"description\":\"Llibres que t\u2019obriran nous mons\",\"publisher\":{\"@id\":\"https:\/\/editorialmediterrania.com\/en\/#organization\"},\"alternateName\":\"Llibres infantils d'art, cultura i natura\",\"potentialAction\":[{\"@type\":\"SearchAction\",\"target\":{\"@type\":\"EntryPoint\",\"urlTemplate\":\"https:\/\/editorialmediterrania.com\/en\/?s={search_term_string}\"},\"query-input\":\"required name=search_term_string\"}],\"inLanguage\":\"en-US\"},{\"@type\":\"Organization\",\"@id\":\"https:\/\/editorialmediterrania.com\/en\/#organization\",\"name\":\"Editorial Mediterrania\",\"alternateName\":\"Llibres d'art, cultura i natura per infants i fam\u00edlies\",\"url\":\"https:\/\/editorialmediterrania.com\/en\/\",\"logo\":{\"@type\":\"ImageObject\",\"inLanguage\":\"en-US\",\"@id\":\"https:\/\/editorialmediterrania.com\/en\/#\/schema\/logo\/image\/\",\"url\":\"https:\/\/editorialmediterrania.com\/wp-content\/uploads\/2023\/03\/LOGO-ED_MEDITERRANIA_OK-2.png\",\"contentUrl\":\"https:\/\/editorialmediterrania.com\/wp-content\/uploads\/2023\/03\/LOGO-ED_MEDITERRANIA_OK-2.png\",\"width\":1200,\"height\":300,\"caption\":\"Editorial Mediterrania\"},\"image\":{\"@id\":\"https:\/\/editorialmediterrania.com\/en\/#\/schema\/logo\/image\/\"},\"sameAs\":[\"https:\/\/x.com\/edmediterrania\",\"https:\/\/www.instagram.com\/editorialmediterrania\/\"]}]}<\/script>\n<!-- \/ Yoast SEO plugin. -->","yoast_head_json":{"title":"Pau Casals i Joaquim Pena - Editorial Mediterrania","description":"Aquest epistolari entre Pau Casals i Joaquim Pena abra\u00e7a des del juliol de 1920 fins la darreria de l'any 1940.","robots":{"index":"index","follow":"follow","max-snippet":"max-snippet:-1","max-image-preview":"max-image-preview:large","max-video-preview":"max-video-preview:-1"},"canonical":"https:\/\/editorialmediterrania.com\/en\/product\/pau-casals-i-joaquim-pena\/","og_locale":"en_US","og_type":"article","og_title":"Pau Casals i Joaquim Pena - Editorial Mediterrania","og_description":"Aquest epistolari entre Pau Casals i Joaquim Pena abra\u00e7a des del juliol de 1920 fins la darreria de l'any 1940.","og_url":"https:\/\/editorialmediterrania.com\/en\/product\/pau-casals-i-joaquim-pena\/","og_site_name":"Editorial Mediterr\u00e0nia","article_modified_time":"2025-09-02T14:01:44+00:00","og_image":[{"width":600,"height":837,"url":"https:\/\/editorialmediterrania.com\/wp-content\/uploads\/2013\/01\/Pau-Casals-i-Joaquim-Pena-correspondencia.jpg","type":"image\/jpeg"}],"twitter_card":"summary_large_image","twitter_site":"@edmediterrania","twitter_misc":{"Est. reading time":"1 minute"},"schema":{"@context":"https:\/\/schema.org","@graph":[{"@type":"WebPage","@id":"https:\/\/editorialmediterrania.com\/en\/product\/pau-casals-i-joaquim-pena\/","url":"https:\/\/editorialmediterrania.com\/en\/product\/pau-casals-i-joaquim-pena\/","name":"Pau Casals i Joaquim Pena - Editorial Mediterrania","isPartOf":{"@id":"https:\/\/editorialmediterrania.com\/en\/#website"},"primaryImageOfPage":{"@id":"https:\/\/editorialmediterrania.com\/en\/product\/pau-casals-i-joaquim-pena\/#primaryimage"},"image":{"@id":"https:\/\/editorialmediterrania.com\/en\/product\/pau-casals-i-joaquim-pena\/#primaryimage"},"thumbnailUrl":"https:\/\/editorialmediterrania.com\/wp-content\/uploads\/2013\/01\/Pau-Casals-i-Joaquim-Pena-correspondencia.jpg","datePublished":"2013-01-08T11:53:15+00:00","dateModified":"2025-09-02T14:01:44+00:00","description":"Aquest epistolari entre Pau Casals i Joaquim Pena abra\u00e7a des del juliol de 1920 fins la darreria de l'any 1940.","breadcrumb":{"@id":"https:\/\/editorialmediterrania.com\/en\/product\/pau-casals-i-joaquim-pena\/#breadcrumb"},"inLanguage":"en-US","potentialAction":[{"@type":"ReadAction","target":["https:\/\/editorialmediterrania.com\/en\/product\/pau-casals-i-joaquim-pena\/"]}]},{"@type":"ImageObject","inLanguage":"en-US","@id":"https:\/\/editorialmediterrania.com\/en\/product\/pau-casals-i-joaquim-pena\/#primaryimage","url":"https:\/\/editorialmediterrania.com\/wp-content\/uploads\/2013\/01\/Pau-Casals-i-Joaquim-Pena-correspondencia.jpg","contentUrl":"https:\/\/editorialmediterrania.com\/wp-content\/uploads\/2013\/01\/Pau-Casals-i-Joaquim-Pena-correspondencia.jpg","width":600,"height":837},{"@type":"BreadcrumbList","@id":"https:\/\/editorialmediterrania.com\/en\/product\/pau-casals-i-joaquim-pena\/#breadcrumb","itemListElement":[{"@type":"ListItem","position":1,"name":"Children&#8217;s art book store","item":"https:\/\/editorialmediterrania.com\/en\/childrens-art-book-store\/"},{"@type":"ListItem","position":2,"name":"Pau Casals i Joaquim Pena. Passi\u00f3 per la m\u00fasica i pel pa\u00eds. Correspond\u00e8ncia"}]},{"@type":"WebSite","@id":"https:\/\/editorialmediterrania.com\/en\/#website","url":"https:\/\/editorialmediterrania.com\/en\/","name":"Editorial Mediterrania","description":"Llibres que t\u2019obriran nous mons","publisher":{"@id":"https:\/\/editorialmediterrania.com\/en\/#organization"},"alternateName":"Llibres infantils d'art, cultura i natura","potentialAction":[{"@type":"SearchAction","target":{"@type":"EntryPoint","urlTemplate":"https:\/\/editorialmediterrania.com\/en\/?s={search_term_string}"},"query-input":"required name=search_term_string"}],"inLanguage":"en-US"},{"@type":"Organization","@id":"https:\/\/editorialmediterrania.com\/en\/#organization","name":"Editorial Mediterrania","alternateName":"Llibres d'art, cultura i natura per infants i fam\u00edlies","url":"https:\/\/editorialmediterrania.com\/en\/","logo":{"@type":"ImageObject","inLanguage":"en-US","@id":"https:\/\/editorialmediterrania.com\/en\/#\/schema\/logo\/image\/","url":"https:\/\/editorialmediterrania.com\/wp-content\/uploads\/2023\/03\/LOGO-ED_MEDITERRANIA_OK-2.png","contentUrl":"https:\/\/editorialmediterrania.com\/wp-content\/uploads\/2023\/03\/LOGO-ED_MEDITERRANIA_OK-2.png","width":1200,"height":300,"caption":"Editorial Mediterrania"},"image":{"@id":"https:\/\/editorialmediterrania.com\/en\/#\/schema\/logo\/image\/"},"sameAs":["https:\/\/x.com\/edmediterrania","https:\/\/www.instagram.com\/editorialmediterrania\/"]}]}},"_links":{"self":[{"href":"https:\/\/editorialmediterrania.com\/en\/wp-json\/wp\/v2\/product\/2372","targetHints":{"allow":["GET"]}}],"collection":[{"href":"https:\/\/editorialmediterrania.com\/en\/wp-json\/wp\/v2\/product"}],"about":[{"href":"https:\/\/editorialmediterrania.com\/en\/wp-json\/wp\/v2\/types\/product"}],"wp:featuredmedia":[{"embeddable":true,"href":"https:\/\/editorialmediterrania.com\/en\/wp-json\/wp\/v2\/media\/21178"}],"wp:attachment":[{"href":"https:\/\/editorialmediterrania.com\/en\/wp-json\/wp\/v2\/media?parent=2372"}],"wp:term":[{"taxonomy":"product_cat","embeddable":true,"href":"https:\/\/editorialmediterrania.com\/en\/wp-json\/wp\/v2\/product_cat?post=2372"},{"taxonomy":"product_tag","embeddable":true,"href":"https:\/\/editorialmediterrania.com\/en\/wp-json\/wp\/v2\/product_tag?post=2372"},{"taxonomy":"autors","embeddable":true,"href":"https:\/\/editorialmediterrania.com\/en\/wp-json\/wp\/v2\/autors?post=2372"}],"curies":[{"name":"wp","href":"https:\/\/api.w.org\/{rel}","templated":true}]}}