{"id":24084,"date":"2015-09-30T23:30:07","date_gmt":"2015-09-30T21:30:07","guid":{"rendered":"http:\/\/www.barcelonalab.com\/~editorialmediter\/?post_type=product&#038;p=24084"},"modified":"2024-07-26T09:23:42","modified_gmt":"2024-07-26T07:23:42","slug":"los-catorce-de-inaki","status":"publish","type":"product","link":"https:\/\/editorialmediterrania.com\/en\/product\/los-catorce-de-inaki\/","title":{"rendered":"Los catorce de I\u00f1aki"},"content":{"rendered":"<p style=\"text-align: justify;\"><strong>5a edici\u00f3<\/strong><\/p>\n<p style=\"text-align: justify;\">Despr\u00e9s de la reeixida edici\u00f3 de Bajos los cielos de Asia, llibre de tall autobiogr\u00e0fic d&#8217;I\u00f1aki Ochoa de Olza, aquesta\u00a0obra, Los catorce de I\u00f1aki, reflecteix tots els detalls de la impressionant operaci\u00f3 amb la qual es va intentar salvar la seva vida el 2008. El t\u00edtol es refereix tant al nombre d&#8217;ascensions a vuitmils que havia conquistat el himalaista navarr\u00e8s com al d&#8217;escaladors de renom mundial que no van estalviar esfor\u00e7os i sacrificis per rescatar despr\u00e9s de patir un vessament cerebral.<\/p>\n<p style=\"text-align: justify;\">Els catorze d&#8217;I\u00f1aki, escrita pel periodista Jorge Nagore, amic d&#8217;I\u00f1aki i integrant del grup que va coordinar des de Pamplona l&#8217;operaci\u00f3 de rescat, explica la hist\u00f2ria d&#8217;aquests cinc dies de maig en qu\u00e8 es va actuar contra la l\u00f2gica i la destinaci\u00f3. \u00c9s la cr\u00f2nica d&#8217;una extraordin\u00e0ria hist\u00f2ria de solidaritat impulsada per l&#8217;impacte que I\u00f1aki Ochoa de Olza va causar en quants el van con\u00e8ixer durant una vida plena, feli\u00e7 i pr\u00f2pia per la qual va lluitar fins a l&#8217;\u00faltim instant.<\/p>\n<p>Aquest llibre tamb\u00e9 est\u00e0 disponible en format ebook o llibre electr\u00f2nic que podr\u00e0s trobar a la\u00a0web de les llibreries. <a href=\"http:\/\/www.libelista.com\/los-catorce-de-inaki\">Et proposem la compra a Libelista.<\/a><\/p>\n","protected":false},"excerpt":{"rendered":"<p>5a edici\u00f3 Despr\u00e9s de la reeixida edici\u00f3 de Bajos los cielos de Asia, llibre de tall autobiogr\u00e0fic d&#8217;I\u00f1aki Ochoa de Olza, aquesta\u00a0obra, Los catorce de I\u00f1aki, reflecteix tots els detalls de la impressionant operaci\u00f3 amb la qual es va intentar salvar la seva vida el 2008. El t\u00edtol es refereix tant al nombre d&#8217;ascensions a [&hellip;]<\/p>\n","protected":false},"featured_media":40977,"template":"","meta":[],"product_cat":[3351,24],"product_tag":[],"autors":[],"class_list":{"0":"post-24084","1":"product","2":"type-product","3":"status-publish","4":"has-post-thumbnail","6":"product_cat-mediterrania-productes","7":"product_cat-assaig-adult","9":"first","10":"instock","11":"purchasable","12":"product-type-simple","swatches":"rey-swatches","show_selected":""},"acf":[],"yoast_head":"<!-- This site is optimized with the Yoast SEO plugin v22.8 - https:\/\/yoast.com\/wordpress\/plugins\/seo\/ -->\n<title>Los catorce de I\u00f1aki - Editorial Mediterr\u00e0nia<\/title>\n<meta name=\"description\" content=\"El llibre reflecteix tots els detalls de la impressionant operaci\u00f3 amb la qual es va intentar salvar la seva vida el 2008.\" \/>\n<meta name=\"robots\" content=\"index, follow, max-snippet:-1, max-image-preview:large, max-video-preview:-1\" \/>\n<link rel=\"canonical\" href=\"https:\/\/editorialmediterrania.com\/en\/product\/los-catorce-de-inaki\/\" \/>\n<meta property=\"og:locale\" content=\"en_US\" \/>\n<meta property=\"og:type\" content=\"article\" \/>\n<meta property=\"og:title\" content=\"Los catorce de I\u00f1aki - Editorial Mediterr\u00e0nia\" \/>\n<meta property=\"og:description\" content=\"El llibre reflecteix tots els detalls de la impressionant operaci\u00f3 amb la qual es va intentar salvar la seva vida el 2008.\" \/>\n<meta property=\"og:url\" content=\"https:\/\/editorialmediterrania.com\/en\/product\/los-catorce-de-inaki\/\" \/>\n<meta property=\"og:site_name\" content=\"Editorial Mediterr\u00e0nia\" \/>\n<meta property=\"article:modified_time\" content=\"2024-07-26T07:23:42+00:00\" \/>\n<meta property=\"og:image\" content=\"https:\/\/editorialmediterrania.com\/wp-content\/uploads\/2015\/09\/00_CUBIERTA_e_Interior_Los-catorce-de-Inaki_5a-EDICION-1.jpg.webp\" \/>\n\t<meta property=\"og:image:width\" content=\"516\" \/>\n\t<meta property=\"og:image:height\" content=\"871\" \/>\n\t<meta property=\"og:image:type\" content=\"image\/webp\" \/>\n<meta name=\"twitter:card\" content=\"summary_large_image\" \/>\n<meta name=\"twitter:site\" content=\"@edmediterrania\" \/>\n<meta name=\"twitter:label1\" content=\"Est. reading time\" \/>\n\t<meta name=\"twitter:data1\" content=\"2 minutes\" \/>\n<script type=\"application\/ld+json\" class=\"yoast-schema-graph\">{\"@context\":\"https:\/\/schema.org\",\"@graph\":[{\"@type\":\"WebPage\",\"@id\":\"https:\/\/editorialmediterrania.com\/en\/product\/los-catorce-de-inaki\/\",\"url\":\"https:\/\/editorialmediterrania.com\/en\/product\/los-catorce-de-inaki\/\",\"name\":\"Los catorce de I\u00f1aki - Editorial Mediterr\u00e0nia\",\"isPartOf\":{\"@id\":\"https:\/\/editorialmediterrania.com\/en\/#website\"},\"primaryImageOfPage\":{\"@id\":\"https:\/\/editorialmediterrania.com\/en\/product\/los-catorce-de-inaki\/#primaryimage\"},\"image\":{\"@id\":\"https:\/\/editorialmediterrania.com\/en\/product\/los-catorce-de-inaki\/#primaryimage\"},\"thumbnailUrl\":\"https:\/\/editorialmediterrania.com\/wp-content\/uploads\/2015\/09\/00_CUBIERTA_e_Interior_Los-catorce-de-Inaki_5a-EDICION-1.jpg.webp\",\"datePublished\":\"2015-09-30T21:30:07+00:00\",\"dateModified\":\"2024-07-26T07:23:42+00:00\",\"description\":\"El llibre reflecteix tots els detalls de la impressionant operaci\u00f3 amb la qual es va intentar salvar la seva vida el 2008.\",\"breadcrumb\":{\"@id\":\"https:\/\/editorialmediterrania.com\/en\/product\/los-catorce-de-inaki\/#breadcrumb\"},\"inLanguage\":\"en-US\",\"potentialAction\":[{\"@type\":\"ReadAction\",\"target\":[\"https:\/\/editorialmediterrania.com\/en\/product\/los-catorce-de-inaki\/\"]}]},{\"@type\":\"ImageObject\",\"inLanguage\":\"en-US\",\"@id\":\"https:\/\/editorialmediterrania.com\/en\/product\/los-catorce-de-inaki\/#primaryimage\",\"url\":\"https:\/\/editorialmediterrania.com\/wp-content\/uploads\/2015\/09\/00_CUBIERTA_e_Interior_Los-catorce-de-Inaki_5a-EDICION-1.jpg.webp\",\"contentUrl\":\"https:\/\/editorialmediterrania.com\/wp-content\/uploads\/2015\/09\/00_CUBIERTA_e_Interior_Los-catorce-de-Inaki_5a-EDICION-1.jpg.webp\",\"width\":516,\"height\":871},{\"@type\":\"BreadcrumbList\",\"@id\":\"https:\/\/editorialmediterrania.com\/en\/product\/los-catorce-de-inaki\/#breadcrumb\",\"itemListElement\":[{\"@type\":\"ListItem\",\"position\":1,\"name\":\"Children&#8217;s art book store\",\"item\":\"https:\/\/editorialmediterrania.com\/en\/childrens-art-book-store\/\"},{\"@type\":\"ListItem\",\"position\":2,\"name\":\"Los catorce de I\u00f1aki\"}]},{\"@type\":\"WebSite\",\"@id\":\"https:\/\/editorialmediterrania.com\/en\/#website\",\"url\":\"https:\/\/editorialmediterrania.com\/en\/\",\"name\":\"Editorial Mediterrania\",\"description\":\"Llibres que t\u2019obriran nous mons\",\"publisher\":{\"@id\":\"https:\/\/editorialmediterrania.com\/en\/#organization\"},\"alternateName\":\"Llibres infantils d'art, cultura i natura\",\"potentialAction\":[{\"@type\":\"SearchAction\",\"target\":{\"@type\":\"EntryPoint\",\"urlTemplate\":\"https:\/\/editorialmediterrania.com\/en\/?s={search_term_string}\"},\"query-input\":\"required name=search_term_string\"}],\"inLanguage\":\"en-US\"},{\"@type\":\"Organization\",\"@id\":\"https:\/\/editorialmediterrania.com\/en\/#organization\",\"name\":\"Editorial Mediterrania\",\"alternateName\":\"Llibres d'art, cultura i natura per infants i fam\u00edlies\",\"url\":\"https:\/\/editorialmediterrania.com\/en\/\",\"logo\":{\"@type\":\"ImageObject\",\"inLanguage\":\"en-US\",\"@id\":\"https:\/\/editorialmediterrania.com\/en\/#\/schema\/logo\/image\/\",\"url\":\"https:\/\/editorialmediterrania.com\/wp-content\/uploads\/2023\/03\/LOGO-ED_MEDITERRANIA_OK-2.png\",\"contentUrl\":\"https:\/\/editorialmediterrania.com\/wp-content\/uploads\/2023\/03\/LOGO-ED_MEDITERRANIA_OK-2.png\",\"width\":1200,\"height\":300,\"caption\":\"Editorial Mediterrania\"},\"image\":{\"@id\":\"https:\/\/editorialmediterrania.com\/en\/#\/schema\/logo\/image\/\"},\"sameAs\":[\"https:\/\/x.com\/edmediterrania\",\"https:\/\/www.instagram.com\/editorialmediterrania\/\"]}]}<\/script>\n<!-- \/ Yoast SEO plugin. -->","yoast_head_json":{"title":"Los catorce de I\u00f1aki - Editorial Mediterr\u00e0nia","description":"El llibre reflecteix tots els detalls de la impressionant operaci\u00f3 amb la qual es va intentar salvar la seva vida el 2008.","robots":{"index":"index","follow":"follow","max-snippet":"max-snippet:-1","max-image-preview":"max-image-preview:large","max-video-preview":"max-video-preview:-1"},"canonical":"https:\/\/editorialmediterrania.com\/en\/product\/los-catorce-de-inaki\/","og_locale":"en_US","og_type":"article","og_title":"Los catorce de I\u00f1aki - Editorial Mediterr\u00e0nia","og_description":"El llibre reflecteix tots els detalls de la impressionant operaci\u00f3 amb la qual es va intentar salvar la seva vida el 2008.","og_url":"https:\/\/editorialmediterrania.com\/en\/product\/los-catorce-de-inaki\/","og_site_name":"Editorial Mediterr\u00e0nia","article_modified_time":"2024-07-26T07:23:42+00:00","og_image":[{"width":516,"height":871,"url":"https:\/\/editorialmediterrania.com\/wp-content\/uploads\/2015\/09\/00_CUBIERTA_e_Interior_Los-catorce-de-Inaki_5a-EDICION-1.jpg.webp","type":"image\/webp"}],"twitter_card":"summary_large_image","twitter_site":"@edmediterrania","twitter_misc":{"Est. reading time":"2 minutes"},"schema":{"@context":"https:\/\/schema.org","@graph":[{"@type":"WebPage","@id":"https:\/\/editorialmediterrania.com\/en\/product\/los-catorce-de-inaki\/","url":"https:\/\/editorialmediterrania.com\/en\/product\/los-catorce-de-inaki\/","name":"Los catorce de I\u00f1aki - Editorial Mediterr\u00e0nia","isPartOf":{"@id":"https:\/\/editorialmediterrania.com\/en\/#website"},"primaryImageOfPage":{"@id":"https:\/\/editorialmediterrania.com\/en\/product\/los-catorce-de-inaki\/#primaryimage"},"image":{"@id":"https:\/\/editorialmediterrania.com\/en\/product\/los-catorce-de-inaki\/#primaryimage"},"thumbnailUrl":"https:\/\/editorialmediterrania.com\/wp-content\/uploads\/2015\/09\/00_CUBIERTA_e_Interior_Los-catorce-de-Inaki_5a-EDICION-1.jpg.webp","datePublished":"2015-09-30T21:30:07+00:00","dateModified":"2024-07-26T07:23:42+00:00","description":"El llibre reflecteix tots els detalls de la impressionant operaci\u00f3 amb la qual es va intentar salvar la seva vida el 2008.","breadcrumb":{"@id":"https:\/\/editorialmediterrania.com\/en\/product\/los-catorce-de-inaki\/#breadcrumb"},"inLanguage":"en-US","potentialAction":[{"@type":"ReadAction","target":["https:\/\/editorialmediterrania.com\/en\/product\/los-catorce-de-inaki\/"]}]},{"@type":"ImageObject","inLanguage":"en-US","@id":"https:\/\/editorialmediterrania.com\/en\/product\/los-catorce-de-inaki\/#primaryimage","url":"https:\/\/editorialmediterrania.com\/wp-content\/uploads\/2015\/09\/00_CUBIERTA_e_Interior_Los-catorce-de-Inaki_5a-EDICION-1.jpg.webp","contentUrl":"https:\/\/editorialmediterrania.com\/wp-content\/uploads\/2015\/09\/00_CUBIERTA_e_Interior_Los-catorce-de-Inaki_5a-EDICION-1.jpg.webp","width":516,"height":871},{"@type":"BreadcrumbList","@id":"https:\/\/editorialmediterrania.com\/en\/product\/los-catorce-de-inaki\/#breadcrumb","itemListElement":[{"@type":"ListItem","position":1,"name":"Children&#8217;s art book store","item":"https:\/\/editorialmediterrania.com\/en\/childrens-art-book-store\/"},{"@type":"ListItem","position":2,"name":"Los catorce de I\u00f1aki"}]},{"@type":"WebSite","@id":"https:\/\/editorialmediterrania.com\/en\/#website","url":"https:\/\/editorialmediterrania.com\/en\/","name":"Editorial Mediterrania","description":"Llibres que t\u2019obriran nous mons","publisher":{"@id":"https:\/\/editorialmediterrania.com\/en\/#organization"},"alternateName":"Llibres infantils d'art, cultura i natura","potentialAction":[{"@type":"SearchAction","target":{"@type":"EntryPoint","urlTemplate":"https:\/\/editorialmediterrania.com\/en\/?s={search_term_string}"},"query-input":"required name=search_term_string"}],"inLanguage":"en-US"},{"@type":"Organization","@id":"https:\/\/editorialmediterrania.com\/en\/#organization","name":"Editorial Mediterrania","alternateName":"Llibres d'art, cultura i natura per infants i fam\u00edlies","url":"https:\/\/editorialmediterrania.com\/en\/","logo":{"@type":"ImageObject","inLanguage":"en-US","@id":"https:\/\/editorialmediterrania.com\/en\/#\/schema\/logo\/image\/","url":"https:\/\/editorialmediterrania.com\/wp-content\/uploads\/2023\/03\/LOGO-ED_MEDITERRANIA_OK-2.png","contentUrl":"https:\/\/editorialmediterrania.com\/wp-content\/uploads\/2023\/03\/LOGO-ED_MEDITERRANIA_OK-2.png","width":1200,"height":300,"caption":"Editorial Mediterrania"},"image":{"@id":"https:\/\/editorialmediterrania.com\/en\/#\/schema\/logo\/image\/"},"sameAs":["https:\/\/x.com\/edmediterrania","https:\/\/www.instagram.com\/editorialmediterrania\/"]}]}},"_links":{"self":[{"href":"https:\/\/editorialmediterrania.com\/en\/wp-json\/wp\/v2\/product\/24084","targetHints":{"allow":["GET"]}}],"collection":[{"href":"https:\/\/editorialmediterrania.com\/en\/wp-json\/wp\/v2\/product"}],"about":[{"href":"https:\/\/editorialmediterrania.com\/en\/wp-json\/wp\/v2\/types\/product"}],"wp:featuredmedia":[{"embeddable":true,"href":"https:\/\/editorialmediterrania.com\/en\/wp-json\/wp\/v2\/media\/40977"}],"wp:attachment":[{"href":"https:\/\/editorialmediterrania.com\/en\/wp-json\/wp\/v2\/media?parent=24084"}],"wp:term":[{"taxonomy":"product_cat","embeddable":true,"href":"https:\/\/editorialmediterrania.com\/en\/wp-json\/wp\/v2\/product_cat?post=24084"},{"taxonomy":"product_tag","embeddable":true,"href":"https:\/\/editorialmediterrania.com\/en\/wp-json\/wp\/v2\/product_tag?post=24084"},{"taxonomy":"autors","embeddable":true,"href":"https:\/\/editorialmediterrania.com\/en\/wp-json\/wp\/v2\/autors?post=24084"}],"curies":[{"name":"wp","href":"https:\/\/api.w.org\/{rel}","templated":true}]}}