{"id":24133,"date":"2015-10-02T14:31:19","date_gmt":"2015-10-02T12:31:19","guid":{"rendered":"http:\/\/www.barcelonalab.com\/~editorialmediter\/?post_type=product&#038;p=24133"},"modified":"2024-07-26T09:23:30","modified_gmt":"2024-07-26T07:23:30","slug":"bajo-los-cielos-de-asia","status":"publish","type":"product","link":"https:\/\/editorialmediterrania.com\/en\/product\/bajo-los-cielos-de-asia\/","title":{"rendered":"Bajo los cielos de Asia"},"content":{"rendered":"<p style=\"text-align: justify;\">L&#8217;epopeia protagonitzada pel muntanyenc I\u00f1aki Ochoa de Olza i els que van exposar la seva vida en un intent frustrat de salvar-lo s&#8217;ha convertit en un exemple dels valors que caracteritzen el veritable esport: capacitat de sacrifici, solidaritat, companyerisme, voluntat de triomf. A finals de febrer de 2010, Josep Guardiola va alli\u00e7onar als futbolistes del Barcelona en les hores pr\u00e8vies al partit contra el M\u00e0laga al Camp Nou amb la visi\u00f3 d&#8217;un v\u00eddeo sobre aquesta extraordin\u00e0ria hist\u00f2ria, em\u00e8s dies abans al programa &#8220;Informe Robinson &#8220;, de Canal +.<\/p>\n<p style=\"text-align: justify;\"><a href=\"http:\/\/localhost:8888\/mediterrania\/\/coleccions\/adults\/saga-editorial-cat\/\">Saga Editorial<\/a> publica ara <em>Bajo los cielos de Asia<\/em>, un llibre de tall autobiogr\u00e0fic que desvetlla com entenia la muntanya i la vida I\u00f1aki Ochoa de Olza (Pamplona, \u200b\u200b1967-2008). En les seves p\u00e0gines, I\u00f1aki descriu de manera l\u00facida i nua el fascinant repte que representa l&#8217;alta muntanya amb gran coneixement de causa. Va ser el primer himalaista espanyol a pujar un vuitmil en menys de 24 hores i atresorava 12 cims d&#8217;aquesta altura, abans que un vessament cerebral li immobilitz\u00e9s a 7.400 metres a l&#8217;Annapurna el maig de 2008. Durant cinc dies, alguns dels millors muntanyencs del m\u00f3n van realitzar \u00e8pics esfor\u00e7os per arribar fins on es trobava, per\u00f2 el rescat va ser impossible.<\/p>\n<p style=\"text-align: justify;\">Sota el cel d&#8217;\u00c0sia explica en primera persona les aventures muntanyenques d&#8217;I\u00f1aki Ochoa de Olza i recull les reflexions atresorades en els triomfs i els fracassos de la seva apassionada exist\u00e8ncia.<\/p>\n<p>Aquest llibre tamb\u00e9 est\u00e0 disponible en format ebook o llibre electr\u00f2nic que podr\u00e0s trobar a la\u00a0web del nostre distribu\u00efdor digital\u00a0<a href=\"http:\/\/www.zonaebooks.com\/Inicio\">Zonaebooks<\/a>.<\/p>\n<p style=\"text-align: justify;\">\n","protected":false},"excerpt":{"rendered":"<p>L&#8217;epopeia protagonitzada pel muntanyenc I\u00f1aki Ochoa de Olza i els que van exposar la seva vida en un intent frustrat de salvar-lo s&#8217;ha convertit en un exemple dels valors que caracteritzen el veritable esport: capacitat de sacrifici, solidaritat, companyerisme, voluntat de triomf. A finals de febrer de 2010, Josep Guardiola va alli\u00e7onar als futbolistes del [&hellip;]<\/p>\n","protected":false},"featured_media":34504,"template":"","meta":[],"product_cat":[3351,24],"product_tag":[6138],"autors":[],"class_list":{"0":"post-24133","1":"product","2":"type-product","3":"status-publish","4":"has-post-thumbnail","6":"product_cat-mediterrania-productes","7":"product_cat-assaig-adult","8":"product_tag-llibre-aventures","10":"first","11":"instock","12":"purchasable","13":"product-type-simple","swatches":"rey-swatches","show_selected":""},"acf":[],"yoast_head":"<!-- This site is optimized with the Yoast SEO plugin v22.8 - https:\/\/yoast.com\/wordpress\/plugins\/seo\/ -->\n<title>Bajo los cielos de Asia - Editorial Mediterr\u00e0nia<\/title>\n<meta name=\"description\" content=\"Saga Editorial publica ara Bajo los cielos de Asia, un llibre de tall autobiogr\u00e0fic que desvetlla com entenia la muntanya i la vida I\u00f1aki Ochoa de Olza (Pamplona, \u200b\u200b1967-2008).\" \/>\n<meta name=\"robots\" content=\"index, follow, max-snippet:-1, max-image-preview:large, max-video-preview:-1\" \/>\n<link rel=\"canonical\" href=\"https:\/\/editorialmediterrania.com\/en\/product\/bajo-los-cielos-de-asia\/\" \/>\n<meta property=\"og:locale\" content=\"en_US\" \/>\n<meta property=\"og:type\" content=\"article\" \/>\n<meta property=\"og:title\" content=\"Bajo los cielos de Asia - Editorial Mediterr\u00e0nia\" \/>\n<meta property=\"og:description\" content=\"Saga Editorial publica ara Bajo los cielos de Asia, un llibre de tall autobiogr\u00e0fic que desvetlla com entenia la muntanya i la vida I\u00f1aki Ochoa de Olza (Pamplona, \u200b\u200b1967-2008).\" \/>\n<meta property=\"og:url\" content=\"https:\/\/editorialmediterrania.com\/en\/product\/bajo-los-cielos-de-asia\/\" \/>\n<meta property=\"og:site_name\" content=\"Editorial Mediterr\u00e0nia\" \/>\n<meta property=\"article:modified_time\" content=\"2024-07-26T07:23:30+00:00\" \/>\n<meta property=\"og:image\" content=\"https:\/\/editorialmediterrania.com\/wp-content\/uploads\/2015\/10\/CUBIERTA_Cielos-9aEd_BAIXA.jpg\" \/>\n\t<meta property=\"og:image:width\" content=\"373\" \/>\n\t<meta property=\"og:image:height\" content=\"618\" \/>\n\t<meta property=\"og:image:type\" content=\"image\/jpeg\" \/>\n<meta name=\"twitter:card\" content=\"summary_large_image\" \/>\n<meta name=\"twitter:site\" content=\"@edmediterrania\" \/>\n<meta name=\"twitter:label1\" content=\"Est. reading time\" \/>\n\t<meta name=\"twitter:data1\" content=\"2 minutes\" \/>\n<script type=\"application\/ld+json\" class=\"yoast-schema-graph\">{\"@context\":\"https:\/\/schema.org\",\"@graph\":[{\"@type\":\"WebPage\",\"@id\":\"https:\/\/editorialmediterrania.com\/en\/product\/bajo-los-cielos-de-asia\/\",\"url\":\"https:\/\/editorialmediterrania.com\/en\/product\/bajo-los-cielos-de-asia\/\",\"name\":\"Bajo los cielos de Asia - Editorial Mediterr\u00e0nia\",\"isPartOf\":{\"@id\":\"https:\/\/editorialmediterrania.com\/en\/#website\"},\"primaryImageOfPage\":{\"@id\":\"https:\/\/editorialmediterrania.com\/en\/product\/bajo-los-cielos-de-asia\/#primaryimage\"},\"image\":{\"@id\":\"https:\/\/editorialmediterrania.com\/en\/product\/bajo-los-cielos-de-asia\/#primaryimage\"},\"thumbnailUrl\":\"https:\/\/editorialmediterrania.com\/wp-content\/uploads\/2015\/10\/CUBIERTA_Cielos-9aEd_BAIXA.jpg\",\"datePublished\":\"2015-10-02T12:31:19+00:00\",\"dateModified\":\"2024-07-26T07:23:30+00:00\",\"description\":\"Saga Editorial publica ara Bajo los cielos de Asia, un llibre de tall autobiogr\u00e0fic que desvetlla com entenia la muntanya i la vida I\u00f1aki Ochoa de Olza (Pamplona, \u200b\u200b1967-2008).\",\"breadcrumb\":{\"@id\":\"https:\/\/editorialmediterrania.com\/en\/product\/bajo-los-cielos-de-asia\/#breadcrumb\"},\"inLanguage\":\"en-US\",\"potentialAction\":[{\"@type\":\"ReadAction\",\"target\":[\"https:\/\/editorialmediterrania.com\/en\/product\/bajo-los-cielos-de-asia\/\"]}]},{\"@type\":\"ImageObject\",\"inLanguage\":\"en-US\",\"@id\":\"https:\/\/editorialmediterrania.com\/en\/product\/bajo-los-cielos-de-asia\/#primaryimage\",\"url\":\"https:\/\/editorialmediterrania.com\/wp-content\/uploads\/2015\/10\/CUBIERTA_Cielos-9aEd_BAIXA.jpg\",\"contentUrl\":\"https:\/\/editorialmediterrania.com\/wp-content\/uploads\/2015\/10\/CUBIERTA_Cielos-9aEd_BAIXA.jpg\",\"width\":373,\"height\":618,\"caption\":\"Bajo los cielos de asia - Editorial Mediterr\u00e0nia\"},{\"@type\":\"BreadcrumbList\",\"@id\":\"https:\/\/editorialmediterrania.com\/en\/product\/bajo-los-cielos-de-asia\/#breadcrumb\",\"itemListElement\":[{\"@type\":\"ListItem\",\"position\":1,\"name\":\"Children&#8217;s art book store\",\"item\":\"https:\/\/editorialmediterrania.com\/en\/childrens-art-book-store\/\"},{\"@type\":\"ListItem\",\"position\":2,\"name\":\"Bajo los cielos de Asia\"}]},{\"@type\":\"WebSite\",\"@id\":\"https:\/\/editorialmediterrania.com\/en\/#website\",\"url\":\"https:\/\/editorialmediterrania.com\/en\/\",\"name\":\"Editorial Mediterrania\",\"description\":\"Llibres que t\u2019obriran nous mons\",\"publisher\":{\"@id\":\"https:\/\/editorialmediterrania.com\/en\/#organization\"},\"alternateName\":\"Llibres infantils d'art, cultura i natura\",\"potentialAction\":[{\"@type\":\"SearchAction\",\"target\":{\"@type\":\"EntryPoint\",\"urlTemplate\":\"https:\/\/editorialmediterrania.com\/en\/?s={search_term_string}\"},\"query-input\":\"required name=search_term_string\"}],\"inLanguage\":\"en-US\"},{\"@type\":\"Organization\",\"@id\":\"https:\/\/editorialmediterrania.com\/en\/#organization\",\"name\":\"Editorial Mediterrania\",\"alternateName\":\"Llibres d'art, cultura i natura per infants i fam\u00edlies\",\"url\":\"https:\/\/editorialmediterrania.com\/en\/\",\"logo\":{\"@type\":\"ImageObject\",\"inLanguage\":\"en-US\",\"@id\":\"https:\/\/editorialmediterrania.com\/en\/#\/schema\/logo\/image\/\",\"url\":\"https:\/\/editorialmediterrania.com\/wp-content\/uploads\/2023\/03\/LOGO-ED_MEDITERRANIA_OK-2.png\",\"contentUrl\":\"https:\/\/editorialmediterrania.com\/wp-content\/uploads\/2023\/03\/LOGO-ED_MEDITERRANIA_OK-2.png\",\"width\":1200,\"height\":300,\"caption\":\"Editorial Mediterrania\"},\"image\":{\"@id\":\"https:\/\/editorialmediterrania.com\/en\/#\/schema\/logo\/image\/\"},\"sameAs\":[\"https:\/\/x.com\/edmediterrania\",\"https:\/\/www.instagram.com\/editorialmediterrania\/\"]}]}<\/script>\n<!-- \/ Yoast SEO plugin. -->","yoast_head_json":{"title":"Bajo los cielos de Asia - Editorial Mediterr\u00e0nia","description":"Saga Editorial publica ara Bajo los cielos de Asia, un llibre de tall autobiogr\u00e0fic que desvetlla com entenia la muntanya i la vida I\u00f1aki Ochoa de Olza (Pamplona, \u200b\u200b1967-2008).","robots":{"index":"index","follow":"follow","max-snippet":"max-snippet:-1","max-image-preview":"max-image-preview:large","max-video-preview":"max-video-preview:-1"},"canonical":"https:\/\/editorialmediterrania.com\/en\/product\/bajo-los-cielos-de-asia\/","og_locale":"en_US","og_type":"article","og_title":"Bajo los cielos de Asia - Editorial Mediterr\u00e0nia","og_description":"Saga Editorial publica ara Bajo los cielos de Asia, un llibre de tall autobiogr\u00e0fic que desvetlla com entenia la muntanya i la vida I\u00f1aki Ochoa de Olza (Pamplona, \u200b\u200b1967-2008).","og_url":"https:\/\/editorialmediterrania.com\/en\/product\/bajo-los-cielos-de-asia\/","og_site_name":"Editorial Mediterr\u00e0nia","article_modified_time":"2024-07-26T07:23:30+00:00","og_image":[{"width":373,"height":618,"url":"https:\/\/editorialmediterrania.com\/wp-content\/uploads\/2015\/10\/CUBIERTA_Cielos-9aEd_BAIXA.jpg","type":"image\/jpeg"}],"twitter_card":"summary_large_image","twitter_site":"@edmediterrania","twitter_misc":{"Est. reading time":"2 minutes"},"schema":{"@context":"https:\/\/schema.org","@graph":[{"@type":"WebPage","@id":"https:\/\/editorialmediterrania.com\/en\/product\/bajo-los-cielos-de-asia\/","url":"https:\/\/editorialmediterrania.com\/en\/product\/bajo-los-cielos-de-asia\/","name":"Bajo los cielos de Asia - Editorial Mediterr\u00e0nia","isPartOf":{"@id":"https:\/\/editorialmediterrania.com\/en\/#website"},"primaryImageOfPage":{"@id":"https:\/\/editorialmediterrania.com\/en\/product\/bajo-los-cielos-de-asia\/#primaryimage"},"image":{"@id":"https:\/\/editorialmediterrania.com\/en\/product\/bajo-los-cielos-de-asia\/#primaryimage"},"thumbnailUrl":"https:\/\/editorialmediterrania.com\/wp-content\/uploads\/2015\/10\/CUBIERTA_Cielos-9aEd_BAIXA.jpg","datePublished":"2015-10-02T12:31:19+00:00","dateModified":"2024-07-26T07:23:30+00:00","description":"Saga Editorial publica ara Bajo los cielos de Asia, un llibre de tall autobiogr\u00e0fic que desvetlla com entenia la muntanya i la vida I\u00f1aki Ochoa de Olza (Pamplona, \u200b\u200b1967-2008).","breadcrumb":{"@id":"https:\/\/editorialmediterrania.com\/en\/product\/bajo-los-cielos-de-asia\/#breadcrumb"},"inLanguage":"en-US","potentialAction":[{"@type":"ReadAction","target":["https:\/\/editorialmediterrania.com\/en\/product\/bajo-los-cielos-de-asia\/"]}]},{"@type":"ImageObject","inLanguage":"en-US","@id":"https:\/\/editorialmediterrania.com\/en\/product\/bajo-los-cielos-de-asia\/#primaryimage","url":"https:\/\/editorialmediterrania.com\/wp-content\/uploads\/2015\/10\/CUBIERTA_Cielos-9aEd_BAIXA.jpg","contentUrl":"https:\/\/editorialmediterrania.com\/wp-content\/uploads\/2015\/10\/CUBIERTA_Cielos-9aEd_BAIXA.jpg","width":373,"height":618,"caption":"Bajo los cielos de asia - Editorial Mediterr\u00e0nia"},{"@type":"BreadcrumbList","@id":"https:\/\/editorialmediterrania.com\/en\/product\/bajo-los-cielos-de-asia\/#breadcrumb","itemListElement":[{"@type":"ListItem","position":1,"name":"Children&#8217;s art book store","item":"https:\/\/editorialmediterrania.com\/en\/childrens-art-book-store\/"},{"@type":"ListItem","position":2,"name":"Bajo los cielos de Asia"}]},{"@type":"WebSite","@id":"https:\/\/editorialmediterrania.com\/en\/#website","url":"https:\/\/editorialmediterrania.com\/en\/","name":"Editorial Mediterrania","description":"Llibres que t\u2019obriran nous mons","publisher":{"@id":"https:\/\/editorialmediterrania.com\/en\/#organization"},"alternateName":"Llibres infantils d'art, cultura i natura","potentialAction":[{"@type":"SearchAction","target":{"@type":"EntryPoint","urlTemplate":"https:\/\/editorialmediterrania.com\/en\/?s={search_term_string}"},"query-input":"required name=search_term_string"}],"inLanguage":"en-US"},{"@type":"Organization","@id":"https:\/\/editorialmediterrania.com\/en\/#organization","name":"Editorial Mediterrania","alternateName":"Llibres d'art, cultura i natura per infants i fam\u00edlies","url":"https:\/\/editorialmediterrania.com\/en\/","logo":{"@type":"ImageObject","inLanguage":"en-US","@id":"https:\/\/editorialmediterrania.com\/en\/#\/schema\/logo\/image\/","url":"https:\/\/editorialmediterrania.com\/wp-content\/uploads\/2023\/03\/LOGO-ED_MEDITERRANIA_OK-2.png","contentUrl":"https:\/\/editorialmediterrania.com\/wp-content\/uploads\/2023\/03\/LOGO-ED_MEDITERRANIA_OK-2.png","width":1200,"height":300,"caption":"Editorial Mediterrania"},"image":{"@id":"https:\/\/editorialmediterrania.com\/en\/#\/schema\/logo\/image\/"},"sameAs":["https:\/\/x.com\/edmediterrania","https:\/\/www.instagram.com\/editorialmediterrania\/"]}]}},"_links":{"self":[{"href":"https:\/\/editorialmediterrania.com\/en\/wp-json\/wp\/v2\/product\/24133","targetHints":{"allow":["GET"]}}],"collection":[{"href":"https:\/\/editorialmediterrania.com\/en\/wp-json\/wp\/v2\/product"}],"about":[{"href":"https:\/\/editorialmediterrania.com\/en\/wp-json\/wp\/v2\/types\/product"}],"wp:featuredmedia":[{"embeddable":true,"href":"https:\/\/editorialmediterrania.com\/en\/wp-json\/wp\/v2\/media\/34504"}],"wp:attachment":[{"href":"https:\/\/editorialmediterrania.com\/en\/wp-json\/wp\/v2\/media?parent=24133"}],"wp:term":[{"taxonomy":"product_cat","embeddable":true,"href":"https:\/\/editorialmediterrania.com\/en\/wp-json\/wp\/v2\/product_cat?post=24133"},{"taxonomy":"product_tag","embeddable":true,"href":"https:\/\/editorialmediterrania.com\/en\/wp-json\/wp\/v2\/product_tag?post=24133"},{"taxonomy":"autors","embeddable":true,"href":"https:\/\/editorialmediterrania.com\/en\/wp-json\/wp\/v2\/autors?post=24133"}],"curies":[{"name":"wp","href":"https:\/\/api.w.org\/{rel}","templated":true}]}}