{"id":25976,"date":"2016-02-24T09:59:45","date_gmt":"2016-02-24T08:59:45","guid":{"rendered":"http:\/\/editorialmediterrania.com\/product\/play-barcelona-2\/"},"modified":"2025-07-29T11:58:20","modified_gmt":"2025-07-29T09:58:20","slug":"play-barcelona","status":"publish","type":"product","link":"https:\/\/editorialmediterrania.com\/en\/product\/play-barcelona\/","title":{"rendered":"Play Barcelona"},"content":{"rendered":"<p style=\"text-align: justify;\">La millor manera de descobrir Barcelona de la forma m\u00e9s divertida i que permetr\u00e0 a tota la fam\u00edlia recordar tots els racons de la ciutat f\u00e0cilment a trav\u00e9s de les 50 activitats, jocs i proves que us convidem a fer. A m\u00e9s trobareu un mapa gegant, adhesius bestials, retallables per donar volum a la vostra aventura, un passaport personalitzable i moltes coses m\u00e9s!<\/p>\n<p style=\"text-align: justify;\">Tot aix\u00f2 est\u00e0 presentat a dintre d&#8217;una pr\u00e0ctica bossa de pl\u00e0stic pensada per penjar al coll i investigar la ciutat mentre es duen a terme les activitats. Aquesta bossa inclou:<\/p>\n<p style=\"text-align: justify;\">&#8211; Un mapa XXL per pintar i jugar mentre es coneix Barcelona<\/p>\n<p style=\"text-align: justify;\">&#8211; Un passaport, al dors del mapa, per omplir superant proves per la ciutat<\/p>\n<p style=\"text-align: justify;\">&#8211; 15 adhesius bestials que volen trobar el seu lloc al mapa<\/p>\n<p style=\"text-align: justify;\">&#8211; Peces per a retallar i muntar a sobre del mapa<\/p>\n<p style=\"text-align: justify;\">&#8211; Un llibre multiling\u00fce (catal\u00e0, castell\u00e0, angl\u00e8s, franc\u00e8s i xin\u00e8s) amb instruccions per\u00a0fer 50 activitats \u00a0diferents<\/p>\n","protected":false},"excerpt":{"rendered":"<p>La millor manera de descobrir Barcelona de la forma m\u00e9s divertida i que permetr\u00e0 a tota la fam\u00edlia recordar tots els racons de la ciutat f\u00e0cilment a trav\u00e9s de les 50 activitats, jocs i proves que us convidem a fer. A m\u00e9s trobareu un mapa gegant, adhesius bestials, retallables per donar volum a la vostra [&hellip;]<\/p>\n","protected":false},"featured_media":41506,"template":"","meta":[],"product_cat":[6494,31,29],"product_tag":[],"autors":[],"class_list":{"0":"post-25976","1":"product","2":"type-product","3":"status-publish","4":"has-post-thumbnail","6":"product_cat-outlet-en","7":"product_cat-editorial-mediterrania","8":"product_cat-art-with-family","10":"first","11":"instock","12":"sale","13":"purchasable","14":"product-type-simple","swatches":"rey-swatches","show_selected":""},"acf":[],"yoast_head":"<!-- This site is optimized with the Yoast SEO plugin v22.8 - https:\/\/yoast.com\/wordpress\/plugins\/seo\/ -->\n<title>Play Barcelona , llibre per descobrir la ciutat - Editorial Mediterr\u00e0nia<\/title>\n<meta name=\"description\" content=\"Llibre per descobrir Barcelona de la forma m\u00e9s divertida i que permetr\u00e0 a tota la fam\u00edlia recordar tots els racons de la ciutat f\u00e0cilment a trav\u00e9s de les 50 activitats, jocs i proves que us convidem a fer. lum a la vostra aventura, un passaport personalitzable i moltes coses m\u00e9s!\" \/>\n<meta name=\"robots\" content=\"index, follow, max-snippet:-1, max-image-preview:large, max-video-preview:-1\" \/>\n<link rel=\"canonical\" href=\"https:\/\/editorialmediterrania.com\/en\/product\/play-barcelona\/\" \/>\n<meta property=\"og:locale\" content=\"en_US\" \/>\n<meta property=\"og:type\" content=\"article\" \/>\n<meta property=\"og:title\" content=\"Play Barcelona , llibre per descobrir la ciutat - Editorial Mediterr\u00e0nia\" \/>\n<meta property=\"og:description\" content=\"Llibre per descobrir Barcelona de la forma m\u00e9s divertida i que permetr\u00e0 a tota la fam\u00edlia recordar tots els racons de la ciutat f\u00e0cilment a trav\u00e9s de les 50 activitats, jocs i proves que us convidem a fer. lum a la vostra aventura, un passaport personalitzable i moltes coses m\u00e9s!\" \/>\n<meta property=\"og:url\" content=\"https:\/\/editorialmediterrania.com\/en\/product\/play-barcelona\/\" \/>\n<meta property=\"og:site_name\" content=\"Editorial Mediterr\u00e0nia\" \/>\n<meta property=\"article:modified_time\" content=\"2025-07-29T09:58:20+00:00\" \/>\n<meta property=\"og:image\" content=\"https:\/\/editorialmediterrania.com\/wp-content\/uploads\/2016\/02\/play_barcelona.jpeg\" \/>\n\t<meta property=\"og:image:width\" content=\"1038\" \/>\n\t<meta property=\"og:image:height\" content=\"1451\" \/>\n\t<meta property=\"og:image:type\" content=\"image\/jpeg\" \/>\n<meta name=\"twitter:card\" content=\"summary_large_image\" \/>\n<meta name=\"twitter:site\" content=\"@edmediterrania\" \/>\n<meta name=\"twitter:label1\" content=\"Est. reading time\" \/>\n\t<meta name=\"twitter:data1\" content=\"1 minute\" \/>\n<script type=\"application\/ld+json\" class=\"yoast-schema-graph\">{\"@context\":\"https:\/\/schema.org\",\"@graph\":[{\"@type\":\"WebPage\",\"@id\":\"https:\/\/editorialmediterrania.com\/en\/product\/play-barcelona\/\",\"url\":\"https:\/\/editorialmediterrania.com\/en\/product\/play-barcelona\/\",\"name\":\"Play Barcelona , llibre per descobrir la ciutat - Editorial Mediterr\u00e0nia\",\"isPartOf\":{\"@id\":\"https:\/\/editorialmediterrania.com\/en\/#website\"},\"primaryImageOfPage\":{\"@id\":\"https:\/\/editorialmediterrania.com\/en\/product\/play-barcelona\/#primaryimage\"},\"image\":{\"@id\":\"https:\/\/editorialmediterrania.com\/en\/product\/play-barcelona\/#primaryimage\"},\"thumbnailUrl\":\"https:\/\/editorialmediterrania.com\/wp-content\/uploads\/2016\/02\/play_barcelona.jpeg\",\"datePublished\":\"2016-02-24T08:59:45+00:00\",\"dateModified\":\"2025-07-29T09:58:20+00:00\",\"description\":\"Llibre per descobrir Barcelona de la forma m\u00e9s divertida i que permetr\u00e0 a tota la fam\u00edlia recordar tots els racons de la ciutat f\u00e0cilment a trav\u00e9s de les 50 activitats, jocs i proves que us convidem a fer. lum a la vostra aventura, un passaport personalitzable i moltes coses m\u00e9s!\",\"breadcrumb\":{\"@id\":\"https:\/\/editorialmediterrania.com\/en\/product\/play-barcelona\/#breadcrumb\"},\"inLanguage\":\"en-US\",\"potentialAction\":[{\"@type\":\"ReadAction\",\"target\":[\"https:\/\/editorialmediterrania.com\/en\/product\/play-barcelona\/\"]}]},{\"@type\":\"ImageObject\",\"inLanguage\":\"en-US\",\"@id\":\"https:\/\/editorialmediterrania.com\/en\/product\/play-barcelona\/#primaryimage\",\"url\":\"https:\/\/editorialmediterrania.com\/wp-content\/uploads\/2016\/02\/play_barcelona.jpeg\",\"contentUrl\":\"https:\/\/editorialmediterrania.com\/wp-content\/uploads\/2016\/02\/play_barcelona.jpeg\",\"width\":1038,\"height\":1451},{\"@type\":\"BreadcrumbList\",\"@id\":\"https:\/\/editorialmediterrania.com\/en\/product\/play-barcelona\/#breadcrumb\",\"itemListElement\":[{\"@type\":\"ListItem\",\"position\":1,\"name\":\"Children&#8217;s art book store\",\"item\":\"https:\/\/editorialmediterrania.com\/en\/childrens-art-book-store\/\"},{\"@type\":\"ListItem\",\"position\":2,\"name\":\"Play Barcelona\"}]},{\"@type\":\"WebSite\",\"@id\":\"https:\/\/editorialmediterrania.com\/en\/#website\",\"url\":\"https:\/\/editorialmediterrania.com\/en\/\",\"name\":\"Editorial Mediterrania\",\"description\":\"Llibres que t\u2019obriran nous mons\",\"publisher\":{\"@id\":\"https:\/\/editorialmediterrania.com\/en\/#organization\"},\"alternateName\":\"Llibres infantils d'art, cultura i natura\",\"potentialAction\":[{\"@type\":\"SearchAction\",\"target\":{\"@type\":\"EntryPoint\",\"urlTemplate\":\"https:\/\/editorialmediterrania.com\/en\/?s={search_term_string}\"},\"query-input\":\"required name=search_term_string\"}],\"inLanguage\":\"en-US\"},{\"@type\":\"Organization\",\"@id\":\"https:\/\/editorialmediterrania.com\/en\/#organization\",\"name\":\"Editorial Mediterrania\",\"alternateName\":\"Llibres d'art, cultura i natura per infants i fam\u00edlies\",\"url\":\"https:\/\/editorialmediterrania.com\/en\/\",\"logo\":{\"@type\":\"ImageObject\",\"inLanguage\":\"en-US\",\"@id\":\"https:\/\/editorialmediterrania.com\/en\/#\/schema\/logo\/image\/\",\"url\":\"https:\/\/editorialmediterrania.com\/wp-content\/uploads\/2023\/03\/LOGO-ED_MEDITERRANIA_OK-2.png\",\"contentUrl\":\"https:\/\/editorialmediterrania.com\/wp-content\/uploads\/2023\/03\/LOGO-ED_MEDITERRANIA_OK-2.png\",\"width\":1200,\"height\":300,\"caption\":\"Editorial Mediterrania\"},\"image\":{\"@id\":\"https:\/\/editorialmediterrania.com\/en\/#\/schema\/logo\/image\/\"},\"sameAs\":[\"https:\/\/x.com\/edmediterrania\",\"https:\/\/www.instagram.com\/editorialmediterrania\/\"]}]}<\/script>\n<!-- \/ Yoast SEO plugin. -->","yoast_head_json":{"title":"Play Barcelona , llibre per descobrir la ciutat - Editorial Mediterr\u00e0nia","description":"Llibre per descobrir Barcelona de la forma m\u00e9s divertida i que permetr\u00e0 a tota la fam\u00edlia recordar tots els racons de la ciutat f\u00e0cilment a trav\u00e9s de les 50 activitats, jocs i proves que us convidem a fer. lum a la vostra aventura, un passaport personalitzable i moltes coses m\u00e9s!","robots":{"index":"index","follow":"follow","max-snippet":"max-snippet:-1","max-image-preview":"max-image-preview:large","max-video-preview":"max-video-preview:-1"},"canonical":"https:\/\/editorialmediterrania.com\/en\/product\/play-barcelona\/","og_locale":"en_US","og_type":"article","og_title":"Play Barcelona , llibre per descobrir la ciutat - Editorial Mediterr\u00e0nia","og_description":"Llibre per descobrir Barcelona de la forma m\u00e9s divertida i que permetr\u00e0 a tota la fam\u00edlia recordar tots els racons de la ciutat f\u00e0cilment a trav\u00e9s de les 50 activitats, jocs i proves que us convidem a fer. lum a la vostra aventura, un passaport personalitzable i moltes coses m\u00e9s!","og_url":"https:\/\/editorialmediterrania.com\/en\/product\/play-barcelona\/","og_site_name":"Editorial Mediterr\u00e0nia","article_modified_time":"2025-07-29T09:58:20+00:00","og_image":[{"width":1038,"height":1451,"url":"https:\/\/editorialmediterrania.com\/wp-content\/uploads\/2016\/02\/play_barcelona.jpeg","type":"image\/jpeg"}],"twitter_card":"summary_large_image","twitter_site":"@edmediterrania","twitter_misc":{"Est. reading time":"1 minute"},"schema":{"@context":"https:\/\/schema.org","@graph":[{"@type":"WebPage","@id":"https:\/\/editorialmediterrania.com\/en\/product\/play-barcelona\/","url":"https:\/\/editorialmediterrania.com\/en\/product\/play-barcelona\/","name":"Play Barcelona , llibre per descobrir la ciutat - Editorial Mediterr\u00e0nia","isPartOf":{"@id":"https:\/\/editorialmediterrania.com\/en\/#website"},"primaryImageOfPage":{"@id":"https:\/\/editorialmediterrania.com\/en\/product\/play-barcelona\/#primaryimage"},"image":{"@id":"https:\/\/editorialmediterrania.com\/en\/product\/play-barcelona\/#primaryimage"},"thumbnailUrl":"https:\/\/editorialmediterrania.com\/wp-content\/uploads\/2016\/02\/play_barcelona.jpeg","datePublished":"2016-02-24T08:59:45+00:00","dateModified":"2025-07-29T09:58:20+00:00","description":"Llibre per descobrir Barcelona de la forma m\u00e9s divertida i que permetr\u00e0 a tota la fam\u00edlia recordar tots els racons de la ciutat f\u00e0cilment a trav\u00e9s de les 50 activitats, jocs i proves que us convidem a fer. lum a la vostra aventura, un passaport personalitzable i moltes coses m\u00e9s!","breadcrumb":{"@id":"https:\/\/editorialmediterrania.com\/en\/product\/play-barcelona\/#breadcrumb"},"inLanguage":"en-US","potentialAction":[{"@type":"ReadAction","target":["https:\/\/editorialmediterrania.com\/en\/product\/play-barcelona\/"]}]},{"@type":"ImageObject","inLanguage":"en-US","@id":"https:\/\/editorialmediterrania.com\/en\/product\/play-barcelona\/#primaryimage","url":"https:\/\/editorialmediterrania.com\/wp-content\/uploads\/2016\/02\/play_barcelona.jpeg","contentUrl":"https:\/\/editorialmediterrania.com\/wp-content\/uploads\/2016\/02\/play_barcelona.jpeg","width":1038,"height":1451},{"@type":"BreadcrumbList","@id":"https:\/\/editorialmediterrania.com\/en\/product\/play-barcelona\/#breadcrumb","itemListElement":[{"@type":"ListItem","position":1,"name":"Children&#8217;s art book store","item":"https:\/\/editorialmediterrania.com\/en\/childrens-art-book-store\/"},{"@type":"ListItem","position":2,"name":"Play Barcelona"}]},{"@type":"WebSite","@id":"https:\/\/editorialmediterrania.com\/en\/#website","url":"https:\/\/editorialmediterrania.com\/en\/","name":"Editorial Mediterrania","description":"Llibres que t\u2019obriran nous mons","publisher":{"@id":"https:\/\/editorialmediterrania.com\/en\/#organization"},"alternateName":"Llibres infantils d'art, cultura i natura","potentialAction":[{"@type":"SearchAction","target":{"@type":"EntryPoint","urlTemplate":"https:\/\/editorialmediterrania.com\/en\/?s={search_term_string}"},"query-input":"required name=search_term_string"}],"inLanguage":"en-US"},{"@type":"Organization","@id":"https:\/\/editorialmediterrania.com\/en\/#organization","name":"Editorial Mediterrania","alternateName":"Llibres d'art, cultura i natura per infants i fam\u00edlies","url":"https:\/\/editorialmediterrania.com\/en\/","logo":{"@type":"ImageObject","inLanguage":"en-US","@id":"https:\/\/editorialmediterrania.com\/en\/#\/schema\/logo\/image\/","url":"https:\/\/editorialmediterrania.com\/wp-content\/uploads\/2023\/03\/LOGO-ED_MEDITERRANIA_OK-2.png","contentUrl":"https:\/\/editorialmediterrania.com\/wp-content\/uploads\/2023\/03\/LOGO-ED_MEDITERRANIA_OK-2.png","width":1200,"height":300,"caption":"Editorial Mediterrania"},"image":{"@id":"https:\/\/editorialmediterrania.com\/en\/#\/schema\/logo\/image\/"},"sameAs":["https:\/\/x.com\/edmediterrania","https:\/\/www.instagram.com\/editorialmediterrania\/"]}]}},"_links":{"self":[{"href":"https:\/\/editorialmediterrania.com\/en\/wp-json\/wp\/v2\/product\/25976","targetHints":{"allow":["GET"]}}],"collection":[{"href":"https:\/\/editorialmediterrania.com\/en\/wp-json\/wp\/v2\/product"}],"about":[{"href":"https:\/\/editorialmediterrania.com\/en\/wp-json\/wp\/v2\/types\/product"}],"wp:featuredmedia":[{"embeddable":true,"href":"https:\/\/editorialmediterrania.com\/en\/wp-json\/wp\/v2\/media\/41506"}],"wp:attachment":[{"href":"https:\/\/editorialmediterrania.com\/en\/wp-json\/wp\/v2\/media?parent=25976"}],"wp:term":[{"taxonomy":"product_cat","embeddable":true,"href":"https:\/\/editorialmediterrania.com\/en\/wp-json\/wp\/v2\/product_cat?post=25976"},{"taxonomy":"product_tag","embeddable":true,"href":"https:\/\/editorialmediterrania.com\/en\/wp-json\/wp\/v2\/product_tag?post=25976"},{"taxonomy":"autors","embeddable":true,"href":"https:\/\/editorialmediterrania.com\/en\/wp-json\/wp\/v2\/autors?post=25976"}],"curies":[{"name":"wp","href":"https:\/\/api.w.org\/{rel}","templated":true}]}}