{"id":27072,"date":"2016-10-17T19:31:03","date_gmt":"2016-10-17T17:31:03","guid":{"rendered":"http:\/\/editorialmediterrania.com\/product\/longi-2\/"},"modified":"2026-02-13T13:30:32","modified_gmt":"2026-02-13T12:30:32","slug":"longi","status":"publish","type":"product","link":"https:\/\/editorialmediterrania.com\/en\/product\/longi\/","title":{"rendered":"L\u00e0mina Long\u00ed 50 x 70 cm"},"content":{"rendered":"<p>L\u00e0mina amb el dibuix del Long\u00ed que el mestre Subirachs va dissenyar especialment per la Fa\u00e7ana de la Passi\u00f3 del Temple de la Sagrada Fam\u00edlia.<\/p>\n<div class=\"fitxa-text\">Esb\u00f3s de l&#8217;escultor J.M. Subirachs per a la Fa\u00e7ana de la Passi\u00f3 del Temple. Fent \u00fas del seu caracter\u00edstic \u00fas d&#8217;un expressionisme figuratiu molt potent, dota l&#8217;escultura del dramatisme necessari en l&#8217;escena completa de la Fa\u00e7ana. El Soldat Longino va ser qui va clavar la llan\u00e7a al cos de Jes\u00fas el dia de la seva crucifixi\u00f3. Despr\u00e9s, penedit, es convertiria a l&#8217;Cristianisme.<\/div>\n","protected":false},"excerpt":{"rendered":"<div class=\"fitxa-text\">P\u00f2ster amb l&#8217;esb\u00f3s de J.M. Subirachs del Soldat Long\u00ed.<\/div>\n","protected":false},"featured_media":40584,"template":"","meta":[],"product_cat":[314],"product_tag":[4188,4190],"autors":[],"class_list":{"0":"post-27072","1":"product","2":"type-product","3":"status-publish","4":"has-post-thumbnail","6":"product_cat-sheets","7":"product_tag-lamina-en","8":"product_tag-subirachs-en","10":"first","11":"instock","12":"purchasable","13":"product-type-simple","swatches":"rey-swatches","show_selected":""},"acf":[],"yoast_head":"<!-- This site is optimized with the Yoast SEO plugin v22.8 - https:\/\/yoast.com\/wordpress\/plugins\/seo\/ -->\n<title>L\u00e0mina Long\u00ed 50 x 70 cm - Editorial Mediterr\u00e0nia<\/title>\n<meta name=\"description\" content=\"L\u00e0mina en paper de 400gr amb una mida de 50 x 70 cm amb el dibuix del Long\u00ed que el mestre Subirachs va dissenyar especialment per la Fa\u00e7ana de la Passi\u00f3 del Temple de la Sagrada Fam\u00edlia.\" \/>\n<meta name=\"robots\" content=\"index, follow, max-snippet:-1, max-image-preview:large, max-video-preview:-1\" \/>\n<link rel=\"canonical\" href=\"https:\/\/editorialmediterrania.com\/en\/product\/longi\/\" \/>\n<meta property=\"og:locale\" content=\"en_US\" \/>\n<meta property=\"og:type\" content=\"article\" \/>\n<meta property=\"og:title\" content=\"L\u00e0mina Long\u00ed 50 x 70 cm - Editorial Mediterr\u00e0nia\" \/>\n<meta property=\"og:description\" content=\"L\u00e0mina en paper de 400gr amb una mida de 50 x 70 cm amb el dibuix del Long\u00ed que el mestre Subirachs va dissenyar especialment per la Fa\u00e7ana de la Passi\u00f3 del Temple de la Sagrada Fam\u00edlia.\" \/>\n<meta property=\"og:url\" content=\"https:\/\/editorialmediterrania.com\/en\/product\/longi\/\" \/>\n<meta property=\"og:site_name\" content=\"Editorial Mediterr\u00e0nia\" \/>\n<meta property=\"article:modified_time\" content=\"2026-02-13T12:30:32+00:00\" \/>\n<meta property=\"og:image\" content=\"https:\/\/editorialmediterrania.com\/wp-content\/uploads\/2012\/11\/8436539400134-391x500-data.jpg\" \/>\n\t<meta property=\"og:image:width\" content=\"391\" \/>\n\t<meta property=\"og:image:height\" content=\"500\" \/>\n\t<meta property=\"og:image:type\" content=\"image\/jpeg\" \/>\n<meta name=\"twitter:card\" content=\"summary_large_image\" \/>\n<meta name=\"twitter:site\" content=\"@edmediterrania\" \/>\n<script type=\"application\/ld+json\" class=\"yoast-schema-graph\">{\"@context\":\"https:\/\/schema.org\",\"@graph\":[{\"@type\":\"WebPage\",\"@id\":\"https:\/\/editorialmediterrania.com\/en\/product\/longi\/\",\"url\":\"https:\/\/editorialmediterrania.com\/en\/product\/longi\/\",\"name\":\"L\u00e0mina Long\u00ed 50 x 70 cm - Editorial Mediterr\u00e0nia\",\"isPartOf\":{\"@id\":\"https:\/\/editorialmediterrania.com\/en\/#website\"},\"primaryImageOfPage\":{\"@id\":\"https:\/\/editorialmediterrania.com\/en\/product\/longi\/#primaryimage\"},\"image\":{\"@id\":\"https:\/\/editorialmediterrania.com\/en\/product\/longi\/#primaryimage\"},\"thumbnailUrl\":\"https:\/\/editorialmediterrania.com\/wp-content\/uploads\/2012\/11\/8436539400134-391x500-data.jpg\",\"datePublished\":\"2016-10-17T17:31:03+00:00\",\"dateModified\":\"2026-02-13T12:30:32+00:00\",\"description\":\"L\u00e0mina en paper de 400gr amb una mida de 50 x 70 cm amb el dibuix del Long\u00ed que el mestre Subirachs va dissenyar especialment per la Fa\u00e7ana de la Passi\u00f3 del Temple de la Sagrada Fam\u00edlia.\",\"breadcrumb\":{\"@id\":\"https:\/\/editorialmediterrania.com\/en\/product\/longi\/#breadcrumb\"},\"inLanguage\":\"en-US\",\"potentialAction\":[{\"@type\":\"ReadAction\",\"target\":[\"https:\/\/editorialmediterrania.com\/en\/product\/longi\/\"]}]},{\"@type\":\"ImageObject\",\"inLanguage\":\"en-US\",\"@id\":\"https:\/\/editorialmediterrania.com\/en\/product\/longi\/#primaryimage\",\"url\":\"https:\/\/editorialmediterrania.com\/wp-content\/uploads\/2012\/11\/8436539400134-391x500-data.jpg\",\"contentUrl\":\"https:\/\/editorialmediterrania.com\/wp-content\/uploads\/2012\/11\/8436539400134-391x500-data.jpg\",\"width\":391,\"height\":500},{\"@type\":\"BreadcrumbList\",\"@id\":\"https:\/\/editorialmediterrania.com\/en\/product\/longi\/#breadcrumb\",\"itemListElement\":[{\"@type\":\"ListItem\",\"position\":1,\"name\":\"Children&#8217;s art book store\",\"item\":\"https:\/\/editorialmediterrania.com\/en\/childrens-art-book-store\/\"},{\"@type\":\"ListItem\",\"position\":2,\"name\":\"L\u00e0mina Long\u00ed 50 x 70 cm\"}]},{\"@type\":\"WebSite\",\"@id\":\"https:\/\/editorialmediterrania.com\/en\/#website\",\"url\":\"https:\/\/editorialmediterrania.com\/en\/\",\"name\":\"Editorial Mediterrania\",\"description\":\"Llibres que t\u2019obriran nous mons\",\"publisher\":{\"@id\":\"https:\/\/editorialmediterrania.com\/en\/#organization\"},\"alternateName\":\"Llibres infantils d'art, cultura i natura\",\"potentialAction\":[{\"@type\":\"SearchAction\",\"target\":{\"@type\":\"EntryPoint\",\"urlTemplate\":\"https:\/\/editorialmediterrania.com\/en\/?s={search_term_string}\"},\"query-input\":\"required name=search_term_string\"}],\"inLanguage\":\"en-US\"},{\"@type\":\"Organization\",\"@id\":\"https:\/\/editorialmediterrania.com\/en\/#organization\",\"name\":\"Editorial Mediterrania\",\"alternateName\":\"Llibres d'art, cultura i natura per infants i fam\u00edlies\",\"url\":\"https:\/\/editorialmediterrania.com\/en\/\",\"logo\":{\"@type\":\"ImageObject\",\"inLanguage\":\"en-US\",\"@id\":\"https:\/\/editorialmediterrania.com\/en\/#\/schema\/logo\/image\/\",\"url\":\"https:\/\/editorialmediterrania.com\/wp-content\/uploads\/2023\/03\/LOGO-ED_MEDITERRANIA_OK-2.png\",\"contentUrl\":\"https:\/\/editorialmediterrania.com\/wp-content\/uploads\/2023\/03\/LOGO-ED_MEDITERRANIA_OK-2.png\",\"width\":1200,\"height\":300,\"caption\":\"Editorial Mediterrania\"},\"image\":{\"@id\":\"https:\/\/editorialmediterrania.com\/en\/#\/schema\/logo\/image\/\"},\"sameAs\":[\"https:\/\/x.com\/edmediterrania\",\"https:\/\/www.instagram.com\/editorialmediterrania\/\"]}]}<\/script>\n<!-- \/ Yoast SEO plugin. -->","yoast_head_json":{"title":"L\u00e0mina Long\u00ed 50 x 70 cm - Editorial Mediterr\u00e0nia","description":"L\u00e0mina en paper de 400gr amb una mida de 50 x 70 cm amb el dibuix del Long\u00ed que el mestre Subirachs va dissenyar especialment per la Fa\u00e7ana de la Passi\u00f3 del Temple de la Sagrada Fam\u00edlia.","robots":{"index":"index","follow":"follow","max-snippet":"max-snippet:-1","max-image-preview":"max-image-preview:large","max-video-preview":"max-video-preview:-1"},"canonical":"https:\/\/editorialmediterrania.com\/en\/product\/longi\/","og_locale":"en_US","og_type":"article","og_title":"L\u00e0mina Long\u00ed 50 x 70 cm - Editorial Mediterr\u00e0nia","og_description":"L\u00e0mina en paper de 400gr amb una mida de 50 x 70 cm amb el dibuix del Long\u00ed que el mestre Subirachs va dissenyar especialment per la Fa\u00e7ana de la Passi\u00f3 del Temple de la Sagrada Fam\u00edlia.","og_url":"https:\/\/editorialmediterrania.com\/en\/product\/longi\/","og_site_name":"Editorial Mediterr\u00e0nia","article_modified_time":"2026-02-13T12:30:32+00:00","og_image":[{"width":391,"height":500,"url":"https:\/\/editorialmediterrania.com\/wp-content\/uploads\/2012\/11\/8436539400134-391x500-data.jpg","type":"image\/jpeg"}],"twitter_card":"summary_large_image","twitter_site":"@edmediterrania","schema":{"@context":"https:\/\/schema.org","@graph":[{"@type":"WebPage","@id":"https:\/\/editorialmediterrania.com\/en\/product\/longi\/","url":"https:\/\/editorialmediterrania.com\/en\/product\/longi\/","name":"L\u00e0mina Long\u00ed 50 x 70 cm - Editorial Mediterr\u00e0nia","isPartOf":{"@id":"https:\/\/editorialmediterrania.com\/en\/#website"},"primaryImageOfPage":{"@id":"https:\/\/editorialmediterrania.com\/en\/product\/longi\/#primaryimage"},"image":{"@id":"https:\/\/editorialmediterrania.com\/en\/product\/longi\/#primaryimage"},"thumbnailUrl":"https:\/\/editorialmediterrania.com\/wp-content\/uploads\/2012\/11\/8436539400134-391x500-data.jpg","datePublished":"2016-10-17T17:31:03+00:00","dateModified":"2026-02-13T12:30:32+00:00","description":"L\u00e0mina en paper de 400gr amb una mida de 50 x 70 cm amb el dibuix del Long\u00ed que el mestre Subirachs va dissenyar especialment per la Fa\u00e7ana de la Passi\u00f3 del Temple de la Sagrada Fam\u00edlia.","breadcrumb":{"@id":"https:\/\/editorialmediterrania.com\/en\/product\/longi\/#breadcrumb"},"inLanguage":"en-US","potentialAction":[{"@type":"ReadAction","target":["https:\/\/editorialmediterrania.com\/en\/product\/longi\/"]}]},{"@type":"ImageObject","inLanguage":"en-US","@id":"https:\/\/editorialmediterrania.com\/en\/product\/longi\/#primaryimage","url":"https:\/\/editorialmediterrania.com\/wp-content\/uploads\/2012\/11\/8436539400134-391x500-data.jpg","contentUrl":"https:\/\/editorialmediterrania.com\/wp-content\/uploads\/2012\/11\/8436539400134-391x500-data.jpg","width":391,"height":500},{"@type":"BreadcrumbList","@id":"https:\/\/editorialmediterrania.com\/en\/product\/longi\/#breadcrumb","itemListElement":[{"@type":"ListItem","position":1,"name":"Children&#8217;s art book store","item":"https:\/\/editorialmediterrania.com\/en\/childrens-art-book-store\/"},{"@type":"ListItem","position":2,"name":"L\u00e0mina Long\u00ed 50 x 70 cm"}]},{"@type":"WebSite","@id":"https:\/\/editorialmediterrania.com\/en\/#website","url":"https:\/\/editorialmediterrania.com\/en\/","name":"Editorial Mediterrania","description":"Llibres que t\u2019obriran nous mons","publisher":{"@id":"https:\/\/editorialmediterrania.com\/en\/#organization"},"alternateName":"Llibres infantils d'art, cultura i natura","potentialAction":[{"@type":"SearchAction","target":{"@type":"EntryPoint","urlTemplate":"https:\/\/editorialmediterrania.com\/en\/?s={search_term_string}"},"query-input":"required name=search_term_string"}],"inLanguage":"en-US"},{"@type":"Organization","@id":"https:\/\/editorialmediterrania.com\/en\/#organization","name":"Editorial Mediterrania","alternateName":"Llibres d'art, cultura i natura per infants i fam\u00edlies","url":"https:\/\/editorialmediterrania.com\/en\/","logo":{"@type":"ImageObject","inLanguage":"en-US","@id":"https:\/\/editorialmediterrania.com\/en\/#\/schema\/logo\/image\/","url":"https:\/\/editorialmediterrania.com\/wp-content\/uploads\/2023\/03\/LOGO-ED_MEDITERRANIA_OK-2.png","contentUrl":"https:\/\/editorialmediterrania.com\/wp-content\/uploads\/2023\/03\/LOGO-ED_MEDITERRANIA_OK-2.png","width":1200,"height":300,"caption":"Editorial Mediterrania"},"image":{"@id":"https:\/\/editorialmediterrania.com\/en\/#\/schema\/logo\/image\/"},"sameAs":["https:\/\/x.com\/edmediterrania","https:\/\/www.instagram.com\/editorialmediterrania\/"]}]}},"_links":{"self":[{"href":"https:\/\/editorialmediterrania.com\/en\/wp-json\/wp\/v2\/product\/27072","targetHints":{"allow":["GET"]}}],"collection":[{"href":"https:\/\/editorialmediterrania.com\/en\/wp-json\/wp\/v2\/product"}],"about":[{"href":"https:\/\/editorialmediterrania.com\/en\/wp-json\/wp\/v2\/types\/product"}],"wp:featuredmedia":[{"embeddable":true,"href":"https:\/\/editorialmediterrania.com\/en\/wp-json\/wp\/v2\/media\/40584"}],"wp:attachment":[{"href":"https:\/\/editorialmediterrania.com\/en\/wp-json\/wp\/v2\/media?parent=27072"}],"wp:term":[{"taxonomy":"product_cat","embeddable":true,"href":"https:\/\/editorialmediterrania.com\/en\/wp-json\/wp\/v2\/product_cat?post=27072"},{"taxonomy":"product_tag","embeddable":true,"href":"https:\/\/editorialmediterrania.com\/en\/wp-json\/wp\/v2\/product_tag?post=27072"},{"taxonomy":"autors","embeddable":true,"href":"https:\/\/editorialmediterrania.com\/en\/wp-json\/wp\/v2\/autors?post=27072"}],"curies":[{"name":"wp","href":"https:\/\/api.w.org\/{rel}","templated":true}]}}