{"id":27081,"date":"2016-10-27T17:37:49","date_gmt":"2016-10-27T15:37:49","guid":{"rendered":"http:\/\/editorialmediterrania.com\/?post_type=product&#038;p=27081"},"modified":"2025-06-17T11:40:57","modified_gmt":"2025-06-17T09:40:57","slug":"els-pastorets-de-folch-i-torres","status":"publish","type":"product","link":"https:\/\/editorialmediterrania.com\/en\/product\/els-pastorets-de-folch-i-torres\/","title":{"rendered":"Els pastorets de Folch i Torres"},"content":{"rendered":"<p>Qui no coneix Els pastorets de Josep Maria Folch i Torres? Qui m\u00e9s qui menys, tothom els ha vist representats sobre d\u2019un escenari o fins i tot hi ha col\u00b7laborat. Per\u00f2 ben poca gent sap que aquesta obra va n\u00e9ixer per enc\u00e0rrec del pare caputx\u00ed Rupert Maria de Manresa.<br \/>\nVa ser precisament al Coliseu Pompeia, sala que formava part del projecte social i cultural dels caputxins, on va tenir lloc l\u2019estrena absoluta, el 24 de desembre de 1916, d\u2019Els pastorets o l\u2019adveniment de l\u2019Infant Jes\u00fas, l&#8217;obra que va catapultar Folch i Torres com a autor de teatre.<br \/>\nCoincidint amb el centenari de l\u2019estrena, aquest llibre recull la investigaci\u00f3 hist\u00f2rica portada a terme per la periodista teatral Carme Tierz, que ens apropa a la figura de Folch i Torres \u2014novel\u00b7lista, impulsor i creador excepcional d\u2019una literatura infantil i juvenil de qualitat en catal\u00e0\u2014, amb dades i documentaci\u00f3 in\u00e8dites, des d\u2019un nou punt de vista i amb especial atenci\u00f3 al vincle que l\u2019unia a l\u2019orde caputx\u00ed i a la seva manera de viure la fe. Cent anys m\u00e9s tard, en Lluquet i en Rovell\u00f3 continuen m\u00e9s vius que mai.<\/p>\n","protected":false},"excerpt":{"rendered":"<p>Qui no coneix Els pastorets de Josep Maria Folch i Torres? Qui m\u00e9s qui menys, tothom els ha vist representats sobre d\u2019un escenari o fins i tot hi ha col\u00b7laborat. Per\u00f2 ben poca gent sap que aquesta obra va n\u00e9ixer per enc\u00e0rrec del pare caputx\u00ed Rupert Maria de Manresa. Va ser precisament al Coliseu Pompeia, [&hellip;]<\/p>\n","protected":false},"featured_media":41268,"template":"","meta":[],"product_cat":[6541,3351],"product_tag":[739],"autors":[],"class_list":{"0":"post-27081","1":"product","2":"type-product","3":"status-publish","4":"has-post-thumbnail","6":"product_cat-a-la-caputxina","7":"product_cat-mediterrania-productes","8":"product_tag-nadal","10":"first","11":"instock","12":"purchasable","13":"product-type-simple","swatches":"rey-swatches","show_selected":""},"acf":[],"yoast_head":"<!-- This site is optimized with the Yoast SEO plugin v22.8 - https:\/\/yoast.com\/wordpress\/plugins\/seo\/ -->\n<title>Els pastorets de Folch i Torres - Editorial Mediterr\u00e0nia<\/title>\n<meta name=\"description\" content=\"Qui no coneix Els pastorets de Josep Maria Folch i Torres? Qui m\u00e9s qui menys, tothom els ha vist representats sobre d\u2019un escenari o fins i tot hi ha col\u00b7laborat. Per\u00f2 ben poca gent sap que aquesta obra va n\u00e9ixer per enc\u00e0rrec del pare caputx\u00ed Rupert Maria de Manresa.\" \/>\n<meta name=\"robots\" content=\"index, follow, max-snippet:-1, max-image-preview:large, max-video-preview:-1\" \/>\n<link rel=\"canonical\" href=\"https:\/\/editorialmediterrania.com\/en\/product\/els-pastorets-de-folch-i-torres\/\" \/>\n<meta property=\"og:locale\" content=\"en_US\" \/>\n<meta property=\"og:type\" content=\"article\" \/>\n<meta property=\"og:title\" content=\"Els pastorets de Folch i Torres - Editorial Mediterr\u00e0nia\" \/>\n<meta property=\"og:description\" content=\"Qui no coneix Els pastorets de Josep Maria Folch i Torres? Qui m\u00e9s qui menys, tothom els ha vist representats sobre d\u2019un escenari o fins i tot hi ha col\u00b7laborat. Per\u00f2 ben poca gent sap que aquesta obra va n\u00e9ixer per enc\u00e0rrec del pare caputx\u00ed Rupert Maria de Manresa.\" \/>\n<meta property=\"og:url\" content=\"https:\/\/editorialmediterrania.com\/en\/product\/els-pastorets-de-folch-i-torres\/\" \/>\n<meta property=\"og:site_name\" content=\"Editorial Mediterr\u00e0nia\" \/>\n<meta property=\"article:modified_time\" content=\"2025-06-17T09:40:57+00:00\" \/>\n<meta property=\"og:image\" content=\"https:\/\/editorialmediterrania.com\/wp-content\/uploads\/2016\/10\/Els-pastorets-de-Folch-i-Torres.jpg\" \/>\n\t<meta property=\"og:image:width\" content=\"290\" \/>\n\t<meta property=\"og:image:height\" content=\"416\" \/>\n\t<meta property=\"og:image:type\" content=\"image\/jpeg\" \/>\n<meta name=\"twitter:card\" content=\"summary_large_image\" \/>\n<meta name=\"twitter:site\" content=\"@edmediterrania\" \/>\n<meta name=\"twitter:label1\" content=\"Est. reading time\" \/>\n\t<meta name=\"twitter:data1\" content=\"2 minutes\" \/>\n<script type=\"application\/ld+json\" class=\"yoast-schema-graph\">{\"@context\":\"https:\/\/schema.org\",\"@graph\":[{\"@type\":\"WebPage\",\"@id\":\"https:\/\/editorialmediterrania.com\/en\/product\/els-pastorets-de-folch-i-torres\/\",\"url\":\"https:\/\/editorialmediterrania.com\/en\/product\/els-pastorets-de-folch-i-torres\/\",\"name\":\"Els pastorets de Folch i Torres - Editorial Mediterr\u00e0nia\",\"isPartOf\":{\"@id\":\"https:\/\/editorialmediterrania.com\/en\/#website\"},\"primaryImageOfPage\":{\"@id\":\"https:\/\/editorialmediterrania.com\/en\/product\/els-pastorets-de-folch-i-torres\/#primaryimage\"},\"image\":{\"@id\":\"https:\/\/editorialmediterrania.com\/en\/product\/els-pastorets-de-folch-i-torres\/#primaryimage\"},\"thumbnailUrl\":\"https:\/\/editorialmediterrania.com\/wp-content\/uploads\/2016\/10\/Els-pastorets-de-Folch-i-Torres.jpg\",\"datePublished\":\"2016-10-27T15:37:49+00:00\",\"dateModified\":\"2025-06-17T09:40:57+00:00\",\"description\":\"Qui no coneix Els pastorets de Josep Maria Folch i Torres? Qui m\u00e9s qui menys, tothom els ha vist representats sobre d\u2019un escenari o fins i tot hi ha col\u00b7laborat. Per\u00f2 ben poca gent sap que aquesta obra va n\u00e9ixer per enc\u00e0rrec del pare caputx\u00ed Rupert Maria de Manresa.\",\"breadcrumb\":{\"@id\":\"https:\/\/editorialmediterrania.com\/en\/product\/els-pastorets-de-folch-i-torres\/#breadcrumb\"},\"inLanguage\":\"en-US\",\"potentialAction\":[{\"@type\":\"ReadAction\",\"target\":[\"https:\/\/editorialmediterrania.com\/en\/product\/els-pastorets-de-folch-i-torres\/\"]}]},{\"@type\":\"ImageObject\",\"inLanguage\":\"en-US\",\"@id\":\"https:\/\/editorialmediterrania.com\/en\/product\/els-pastorets-de-folch-i-torres\/#primaryimage\",\"url\":\"https:\/\/editorialmediterrania.com\/wp-content\/uploads\/2016\/10\/Els-pastorets-de-Folch-i-Torres.jpg\",\"contentUrl\":\"https:\/\/editorialmediterrania.com\/wp-content\/uploads\/2016\/10\/Els-pastorets-de-Folch-i-Torres.jpg\",\"width\":290,\"height\":416},{\"@type\":\"BreadcrumbList\",\"@id\":\"https:\/\/editorialmediterrania.com\/en\/product\/els-pastorets-de-folch-i-torres\/#breadcrumb\",\"itemListElement\":[{\"@type\":\"ListItem\",\"position\":1,\"name\":\"Children&#8217;s art book store\",\"item\":\"https:\/\/editorialmediterrania.com\/en\/childrens-art-book-store\/\"},{\"@type\":\"ListItem\",\"position\":2,\"name\":\"Els pastorets de Folch i Torres\"}]},{\"@type\":\"WebSite\",\"@id\":\"https:\/\/editorialmediterrania.com\/en\/#website\",\"url\":\"https:\/\/editorialmediterrania.com\/en\/\",\"name\":\"Editorial Mediterrania\",\"description\":\"Llibres que t\u2019obriran nous mons\",\"publisher\":{\"@id\":\"https:\/\/editorialmediterrania.com\/en\/#organization\"},\"alternateName\":\"Llibres infantils d'art, cultura i natura\",\"potentialAction\":[{\"@type\":\"SearchAction\",\"target\":{\"@type\":\"EntryPoint\",\"urlTemplate\":\"https:\/\/editorialmediterrania.com\/en\/?s={search_term_string}\"},\"query-input\":\"required name=search_term_string\"}],\"inLanguage\":\"en-US\"},{\"@type\":\"Organization\",\"@id\":\"https:\/\/editorialmediterrania.com\/en\/#organization\",\"name\":\"Editorial Mediterrania\",\"alternateName\":\"Llibres d'art, cultura i natura per infants i fam\u00edlies\",\"url\":\"https:\/\/editorialmediterrania.com\/en\/\",\"logo\":{\"@type\":\"ImageObject\",\"inLanguage\":\"en-US\",\"@id\":\"https:\/\/editorialmediterrania.com\/en\/#\/schema\/logo\/image\/\",\"url\":\"https:\/\/editorialmediterrania.com\/wp-content\/uploads\/2023\/03\/LOGO-ED_MEDITERRANIA_OK-2.png\",\"contentUrl\":\"https:\/\/editorialmediterrania.com\/wp-content\/uploads\/2023\/03\/LOGO-ED_MEDITERRANIA_OK-2.png\",\"width\":1200,\"height\":300,\"caption\":\"Editorial Mediterrania\"},\"image\":{\"@id\":\"https:\/\/editorialmediterrania.com\/en\/#\/schema\/logo\/image\/\"},\"sameAs\":[\"https:\/\/x.com\/edmediterrania\",\"https:\/\/www.instagram.com\/editorialmediterrania\/\"]}]}<\/script>\n<!-- \/ Yoast SEO plugin. -->","yoast_head_json":{"title":"Els pastorets de Folch i Torres - Editorial Mediterr\u00e0nia","description":"Qui no coneix Els pastorets de Josep Maria Folch i Torres? Qui m\u00e9s qui menys, tothom els ha vist representats sobre d\u2019un escenari o fins i tot hi ha col\u00b7laborat. Per\u00f2 ben poca gent sap que aquesta obra va n\u00e9ixer per enc\u00e0rrec del pare caputx\u00ed Rupert Maria de Manresa.","robots":{"index":"index","follow":"follow","max-snippet":"max-snippet:-1","max-image-preview":"max-image-preview:large","max-video-preview":"max-video-preview:-1"},"canonical":"https:\/\/editorialmediterrania.com\/en\/product\/els-pastorets-de-folch-i-torres\/","og_locale":"en_US","og_type":"article","og_title":"Els pastorets de Folch i Torres - Editorial Mediterr\u00e0nia","og_description":"Qui no coneix Els pastorets de Josep Maria Folch i Torres? Qui m\u00e9s qui menys, tothom els ha vist representats sobre d\u2019un escenari o fins i tot hi ha col\u00b7laborat. Per\u00f2 ben poca gent sap que aquesta obra va n\u00e9ixer per enc\u00e0rrec del pare caputx\u00ed Rupert Maria de Manresa.","og_url":"https:\/\/editorialmediterrania.com\/en\/product\/els-pastorets-de-folch-i-torres\/","og_site_name":"Editorial Mediterr\u00e0nia","article_modified_time":"2025-06-17T09:40:57+00:00","og_image":[{"width":290,"height":416,"url":"https:\/\/editorialmediterrania.com\/wp-content\/uploads\/2016\/10\/Els-pastorets-de-Folch-i-Torres.jpg","type":"image\/jpeg"}],"twitter_card":"summary_large_image","twitter_site":"@edmediterrania","twitter_misc":{"Est. reading time":"2 minutes"},"schema":{"@context":"https:\/\/schema.org","@graph":[{"@type":"WebPage","@id":"https:\/\/editorialmediterrania.com\/en\/product\/els-pastorets-de-folch-i-torres\/","url":"https:\/\/editorialmediterrania.com\/en\/product\/els-pastorets-de-folch-i-torres\/","name":"Els pastorets de Folch i Torres - Editorial Mediterr\u00e0nia","isPartOf":{"@id":"https:\/\/editorialmediterrania.com\/en\/#website"},"primaryImageOfPage":{"@id":"https:\/\/editorialmediterrania.com\/en\/product\/els-pastorets-de-folch-i-torres\/#primaryimage"},"image":{"@id":"https:\/\/editorialmediterrania.com\/en\/product\/els-pastorets-de-folch-i-torres\/#primaryimage"},"thumbnailUrl":"https:\/\/editorialmediterrania.com\/wp-content\/uploads\/2016\/10\/Els-pastorets-de-Folch-i-Torres.jpg","datePublished":"2016-10-27T15:37:49+00:00","dateModified":"2025-06-17T09:40:57+00:00","description":"Qui no coneix Els pastorets de Josep Maria Folch i Torres? Qui m\u00e9s qui menys, tothom els ha vist representats sobre d\u2019un escenari o fins i tot hi ha col\u00b7laborat. Per\u00f2 ben poca gent sap que aquesta obra va n\u00e9ixer per enc\u00e0rrec del pare caputx\u00ed Rupert Maria de Manresa.","breadcrumb":{"@id":"https:\/\/editorialmediterrania.com\/en\/product\/els-pastorets-de-folch-i-torres\/#breadcrumb"},"inLanguage":"en-US","potentialAction":[{"@type":"ReadAction","target":["https:\/\/editorialmediterrania.com\/en\/product\/els-pastorets-de-folch-i-torres\/"]}]},{"@type":"ImageObject","inLanguage":"en-US","@id":"https:\/\/editorialmediterrania.com\/en\/product\/els-pastorets-de-folch-i-torres\/#primaryimage","url":"https:\/\/editorialmediterrania.com\/wp-content\/uploads\/2016\/10\/Els-pastorets-de-Folch-i-Torres.jpg","contentUrl":"https:\/\/editorialmediterrania.com\/wp-content\/uploads\/2016\/10\/Els-pastorets-de-Folch-i-Torres.jpg","width":290,"height":416},{"@type":"BreadcrumbList","@id":"https:\/\/editorialmediterrania.com\/en\/product\/els-pastorets-de-folch-i-torres\/#breadcrumb","itemListElement":[{"@type":"ListItem","position":1,"name":"Children&#8217;s art book store","item":"https:\/\/editorialmediterrania.com\/en\/childrens-art-book-store\/"},{"@type":"ListItem","position":2,"name":"Els pastorets de Folch i Torres"}]},{"@type":"WebSite","@id":"https:\/\/editorialmediterrania.com\/en\/#website","url":"https:\/\/editorialmediterrania.com\/en\/","name":"Editorial Mediterrania","description":"Llibres que t\u2019obriran nous mons","publisher":{"@id":"https:\/\/editorialmediterrania.com\/en\/#organization"},"alternateName":"Llibres infantils d'art, cultura i natura","potentialAction":[{"@type":"SearchAction","target":{"@type":"EntryPoint","urlTemplate":"https:\/\/editorialmediterrania.com\/en\/?s={search_term_string}"},"query-input":"required name=search_term_string"}],"inLanguage":"en-US"},{"@type":"Organization","@id":"https:\/\/editorialmediterrania.com\/en\/#organization","name":"Editorial Mediterrania","alternateName":"Llibres d'art, cultura i natura per infants i fam\u00edlies","url":"https:\/\/editorialmediterrania.com\/en\/","logo":{"@type":"ImageObject","inLanguage":"en-US","@id":"https:\/\/editorialmediterrania.com\/en\/#\/schema\/logo\/image\/","url":"https:\/\/editorialmediterrania.com\/wp-content\/uploads\/2023\/03\/LOGO-ED_MEDITERRANIA_OK-2.png","contentUrl":"https:\/\/editorialmediterrania.com\/wp-content\/uploads\/2023\/03\/LOGO-ED_MEDITERRANIA_OK-2.png","width":1200,"height":300,"caption":"Editorial Mediterrania"},"image":{"@id":"https:\/\/editorialmediterrania.com\/en\/#\/schema\/logo\/image\/"},"sameAs":["https:\/\/x.com\/edmediterrania","https:\/\/www.instagram.com\/editorialmediterrania\/"]}]}},"_links":{"self":[{"href":"https:\/\/editorialmediterrania.com\/en\/wp-json\/wp\/v2\/product\/27081","targetHints":{"allow":["GET"]}}],"collection":[{"href":"https:\/\/editorialmediterrania.com\/en\/wp-json\/wp\/v2\/product"}],"about":[{"href":"https:\/\/editorialmediterrania.com\/en\/wp-json\/wp\/v2\/types\/product"}],"wp:featuredmedia":[{"embeddable":true,"href":"https:\/\/editorialmediterrania.com\/en\/wp-json\/wp\/v2\/media\/41268"}],"wp:attachment":[{"href":"https:\/\/editorialmediterrania.com\/en\/wp-json\/wp\/v2\/media?parent=27081"}],"wp:term":[{"taxonomy":"product_cat","embeddable":true,"href":"https:\/\/editorialmediterrania.com\/en\/wp-json\/wp\/v2\/product_cat?post=27081"},{"taxonomy":"product_tag","embeddable":true,"href":"https:\/\/editorialmediterrania.com\/en\/wp-json\/wp\/v2\/product_tag?post=27081"},{"taxonomy":"autors","embeddable":true,"href":"https:\/\/editorialmediterrania.com\/en\/wp-json\/wp\/v2\/autors?post=27081"}],"curies":[{"name":"wp","href":"https:\/\/api.w.org\/{rel}","templated":true}]}}