{"id":27258,"date":"2017-01-30T22:47:52","date_gmt":"2017-01-30T21:47:52","guid":{"rendered":"http:\/\/editorialmediterrania.com\/?post_type=product&#038;p=27258"},"modified":"2026-03-12T15:58:11","modified_gmt":"2026-03-12T14:58:11","slug":"explorem-lleida","status":"publish","type":"product","link":"https:\/\/editorialmediterrania.com\/en\/product\/explorem-lleida\/","title":{"rendered":"Explorem Lleida!"},"content":{"rendered":"<p>Un llibre per a tota la fam\u00edlia!<br \/>\nFins a 30 missions i enigmes diferents per resoldre mentre el vostre equip d&#8217;exploradors i exploradores descobreix els secrets que amaga la ciutat de Lleida. Segueix les rutes, escaneja els codis QR i esbrina-ho tot sobre l&#8217;anomenada Ilerda en temps dels romans. Suma punts fent activitats, resolent enigmes i divertint-te amb el jocs que proposa aquesta guia familiar i aix\u00ed aconsegueix el teu diploma de superexplorador o super exploradora!<\/p>\n<p>Et proposem descobrir i explorar la ciutat com no ho has fet mai, amb un munt de rutes, activitats i jocs per fer en fam\u00edlia. A m\u00e9s a m\u00e9s, descobrir\u00e0s la seva hist\u00f2ria i els per\u00edodes m\u00e9s importants que han fet que la ciutat tingui una fisonomia pr\u00f2pia i \u00fanica amb propostes per veure i viure la ciutat com aut\u00e8ntics i aut\u00e8ntiques exploradors i exploradores.<\/p>\n","protected":false},"excerpt":{"rendered":"<p>Un llibre per a tota la fam\u00edlia! Fins a 30 missions i enigmes diferents per resoldre mentre el vostre equip d&#8217;exploradors i exploradores descobreix els secrets que amaga la ciutat de Lleida. Segueix les rutes, escaneja els codis QR i esbrina-ho tot sobre l&#8217;anomenada Ilerda en temps dels romans. Suma punts fent activitats, resolent enigmes [&hellip;]<\/p>\n","protected":false},"featured_media":32869,"template":"","meta":[],"product_cat":[16,319],"product_tag":[4515,4080],"autors":[],"class_list":{"0":"post-27258","1":"product","2":"type-product","3":"status-publish","4":"has-post-thumbnail","6":"product_cat-editorial-mediterrania","7":"product_cat-tradicions","8":"product_tag-lleida-2","9":"product_tag-nuria-pique","11":"first","12":"instock","13":"purchasable","14":"product-type-simple","swatches":"rey-swatches","show_selected":""},"acf":[],"yoast_head":"<!-- This site is optimized with the Yoast SEO plugin v22.8 - https:\/\/yoast.com\/wordpress\/plugins\/seo\/ -->\n<title>Explorem Lleida! - Editorial Mediterr\u00e0nia<\/title>\n<meta name=\"description\" content=\"Un llibre per a tota la fam\u00edlia! Fins a 30 missions i enigmes diferents per resoldre mentre el vostre equip d&#039;exploradors i exploradores descobreix els secrets que amaga la ciutat de Lleida.\" \/>\n<meta name=\"robots\" content=\"index, follow, max-snippet:-1, max-image-preview:large, max-video-preview:-1\" \/>\n<link rel=\"canonical\" href=\"https:\/\/editorialmediterrania.com\/en\/product\/explorem-lleida\/\" \/>\n<meta property=\"og:locale\" content=\"en_US\" \/>\n<meta property=\"og:type\" content=\"article\" \/>\n<meta property=\"og:title\" content=\"Explorem Lleida! - Editorial Mediterr\u00e0nia\" \/>\n<meta property=\"og:description\" content=\"Un llibre per a tota la fam\u00edlia! Fins a 30 missions i enigmes diferents per resoldre mentre el vostre equip d&#039;exploradors i exploradores descobreix els secrets que amaga la ciutat de Lleida.\" \/>\n<meta property=\"og:url\" content=\"https:\/\/editorialmediterrania.com\/en\/product\/explorem-lleida\/\" \/>\n<meta property=\"og:site_name\" content=\"Editorial Mediterr\u00e0nia\" \/>\n<meta property=\"article:modified_time\" content=\"2026-03-12T14:58:11+00:00\" \/>\n<meta property=\"og:image\" content=\"https:\/\/editorialmediterrania.com\/wp-content\/uploads\/2017\/01\/cob-explorem-Lleida-frontal-min.jpg\" \/>\n\t<meta property=\"og:image:width\" content=\"1831\" \/>\n\t<meta property=\"og:image:height\" content=\"2480\" \/>\n\t<meta property=\"og:image:type\" content=\"image\/jpeg\" \/>\n<meta name=\"twitter:card\" content=\"summary_large_image\" \/>\n<meta name=\"twitter:site\" content=\"@edmediterrania\" \/>\n<meta name=\"twitter:label1\" content=\"Est. reading time\" \/>\n\t<meta name=\"twitter:data1\" content=\"1 minute\" \/>\n<script type=\"application\/ld+json\" class=\"yoast-schema-graph\">{\"@context\":\"https:\/\/schema.org\",\"@graph\":[{\"@type\":\"WebPage\",\"@id\":\"https:\/\/editorialmediterrania.com\/en\/product\/explorem-lleida\/\",\"url\":\"https:\/\/editorialmediterrania.com\/en\/product\/explorem-lleida\/\",\"name\":\"Explorem Lleida! - Editorial Mediterr\u00e0nia\",\"isPartOf\":{\"@id\":\"https:\/\/editorialmediterrania.com\/en\/#website\"},\"primaryImageOfPage\":{\"@id\":\"https:\/\/editorialmediterrania.com\/en\/product\/explorem-lleida\/#primaryimage\"},\"image\":{\"@id\":\"https:\/\/editorialmediterrania.com\/en\/product\/explorem-lleida\/#primaryimage\"},\"thumbnailUrl\":\"https:\/\/editorialmediterrania.com\/wp-content\/uploads\/2017\/01\/cob-explorem-Lleida-frontal-min.jpg\",\"datePublished\":\"2017-01-30T21:47:52+00:00\",\"dateModified\":\"2026-03-12T14:58:11+00:00\",\"description\":\"Un llibre per a tota la fam\u00edlia! Fins a 30 missions i enigmes diferents per resoldre mentre el vostre equip d'exploradors i exploradores descobreix els secrets que amaga la ciutat de Lleida.\",\"breadcrumb\":{\"@id\":\"https:\/\/editorialmediterrania.com\/en\/product\/explorem-lleida\/#breadcrumb\"},\"inLanguage\":\"en-US\",\"potentialAction\":[{\"@type\":\"ReadAction\",\"target\":[\"https:\/\/editorialmediterrania.com\/en\/product\/explorem-lleida\/\"]}]},{\"@type\":\"ImageObject\",\"inLanguage\":\"en-US\",\"@id\":\"https:\/\/editorialmediterrania.com\/en\/product\/explorem-lleida\/#primaryimage\",\"url\":\"https:\/\/editorialmediterrania.com\/wp-content\/uploads\/2017\/01\/cob-explorem-Lleida-frontal-min.jpg\",\"contentUrl\":\"https:\/\/editorialmediterrania.com\/wp-content\/uploads\/2017\/01\/cob-explorem-Lleida-frontal-min.jpg\",\"width\":1831,\"height\":2480,\"caption\":\"Explorem Lleida - Editorial Mediterr\u00e0nia\"},{\"@type\":\"BreadcrumbList\",\"@id\":\"https:\/\/editorialmediterrania.com\/en\/product\/explorem-lleida\/#breadcrumb\",\"itemListElement\":[{\"@type\":\"ListItem\",\"position\":1,\"name\":\"Children&#8217;s art book store\",\"item\":\"https:\/\/editorialmediterrania.com\/en\/childrens-art-book-store\/\"},{\"@type\":\"ListItem\",\"position\":2,\"name\":\"Explorem Lleida!\"}]},{\"@type\":\"WebSite\",\"@id\":\"https:\/\/editorialmediterrania.com\/en\/#website\",\"url\":\"https:\/\/editorialmediterrania.com\/en\/\",\"name\":\"Editorial Mediterrania\",\"description\":\"Llibres que t\u2019obriran nous mons\",\"publisher\":{\"@id\":\"https:\/\/editorialmediterrania.com\/en\/#organization\"},\"alternateName\":\"Llibres infantils d'art, cultura i natura\",\"potentialAction\":[{\"@type\":\"SearchAction\",\"target\":{\"@type\":\"EntryPoint\",\"urlTemplate\":\"https:\/\/editorialmediterrania.com\/en\/?s={search_term_string}\"},\"query-input\":\"required name=search_term_string\"}],\"inLanguage\":\"en-US\"},{\"@type\":\"Organization\",\"@id\":\"https:\/\/editorialmediterrania.com\/en\/#organization\",\"name\":\"Editorial Mediterrania\",\"alternateName\":\"Llibres d'art, cultura i natura per infants i fam\u00edlies\",\"url\":\"https:\/\/editorialmediterrania.com\/en\/\",\"logo\":{\"@type\":\"ImageObject\",\"inLanguage\":\"en-US\",\"@id\":\"https:\/\/editorialmediterrania.com\/en\/#\/schema\/logo\/image\/\",\"url\":\"https:\/\/editorialmediterrania.com\/wp-content\/uploads\/2023\/03\/LOGO-ED_MEDITERRANIA_OK-2.png\",\"contentUrl\":\"https:\/\/editorialmediterrania.com\/wp-content\/uploads\/2023\/03\/LOGO-ED_MEDITERRANIA_OK-2.png\",\"width\":1200,\"height\":300,\"caption\":\"Editorial Mediterrania\"},\"image\":{\"@id\":\"https:\/\/editorialmediterrania.com\/en\/#\/schema\/logo\/image\/\"},\"sameAs\":[\"https:\/\/x.com\/edmediterrania\",\"https:\/\/www.instagram.com\/editorialmediterrania\/\"]}]}<\/script>\n<!-- \/ Yoast SEO plugin. -->","yoast_head_json":{"title":"Explorem Lleida! - Editorial Mediterr\u00e0nia","description":"Un llibre per a tota la fam\u00edlia! Fins a 30 missions i enigmes diferents per resoldre mentre el vostre equip d'exploradors i exploradores descobreix els secrets que amaga la ciutat de Lleida.","robots":{"index":"index","follow":"follow","max-snippet":"max-snippet:-1","max-image-preview":"max-image-preview:large","max-video-preview":"max-video-preview:-1"},"canonical":"https:\/\/editorialmediterrania.com\/en\/product\/explorem-lleida\/","og_locale":"en_US","og_type":"article","og_title":"Explorem Lleida! - Editorial Mediterr\u00e0nia","og_description":"Un llibre per a tota la fam\u00edlia! Fins a 30 missions i enigmes diferents per resoldre mentre el vostre equip d'exploradors i exploradores descobreix els secrets que amaga la ciutat de Lleida.","og_url":"https:\/\/editorialmediterrania.com\/en\/product\/explorem-lleida\/","og_site_name":"Editorial Mediterr\u00e0nia","article_modified_time":"2026-03-12T14:58:11+00:00","og_image":[{"width":1831,"height":2480,"url":"https:\/\/editorialmediterrania.com\/wp-content\/uploads\/2017\/01\/cob-explorem-Lleida-frontal-min.jpg","type":"image\/jpeg"}],"twitter_card":"summary_large_image","twitter_site":"@edmediterrania","twitter_misc":{"Est. reading time":"1 minute"},"schema":{"@context":"https:\/\/schema.org","@graph":[{"@type":"WebPage","@id":"https:\/\/editorialmediterrania.com\/en\/product\/explorem-lleida\/","url":"https:\/\/editorialmediterrania.com\/en\/product\/explorem-lleida\/","name":"Explorem Lleida! - Editorial Mediterr\u00e0nia","isPartOf":{"@id":"https:\/\/editorialmediterrania.com\/en\/#website"},"primaryImageOfPage":{"@id":"https:\/\/editorialmediterrania.com\/en\/product\/explorem-lleida\/#primaryimage"},"image":{"@id":"https:\/\/editorialmediterrania.com\/en\/product\/explorem-lleida\/#primaryimage"},"thumbnailUrl":"https:\/\/editorialmediterrania.com\/wp-content\/uploads\/2017\/01\/cob-explorem-Lleida-frontal-min.jpg","datePublished":"2017-01-30T21:47:52+00:00","dateModified":"2026-03-12T14:58:11+00:00","description":"Un llibre per a tota la fam\u00edlia! Fins a 30 missions i enigmes diferents per resoldre mentre el vostre equip d'exploradors i exploradores descobreix els secrets que amaga la ciutat de Lleida.","breadcrumb":{"@id":"https:\/\/editorialmediterrania.com\/en\/product\/explorem-lleida\/#breadcrumb"},"inLanguage":"en-US","potentialAction":[{"@type":"ReadAction","target":["https:\/\/editorialmediterrania.com\/en\/product\/explorem-lleida\/"]}]},{"@type":"ImageObject","inLanguage":"en-US","@id":"https:\/\/editorialmediterrania.com\/en\/product\/explorem-lleida\/#primaryimage","url":"https:\/\/editorialmediterrania.com\/wp-content\/uploads\/2017\/01\/cob-explorem-Lleida-frontal-min.jpg","contentUrl":"https:\/\/editorialmediterrania.com\/wp-content\/uploads\/2017\/01\/cob-explorem-Lleida-frontal-min.jpg","width":1831,"height":2480,"caption":"Explorem Lleida - Editorial Mediterr\u00e0nia"},{"@type":"BreadcrumbList","@id":"https:\/\/editorialmediterrania.com\/en\/product\/explorem-lleida\/#breadcrumb","itemListElement":[{"@type":"ListItem","position":1,"name":"Children&#8217;s art book store","item":"https:\/\/editorialmediterrania.com\/en\/childrens-art-book-store\/"},{"@type":"ListItem","position":2,"name":"Explorem Lleida!"}]},{"@type":"WebSite","@id":"https:\/\/editorialmediterrania.com\/en\/#website","url":"https:\/\/editorialmediterrania.com\/en\/","name":"Editorial Mediterrania","description":"Llibres que t\u2019obriran nous mons","publisher":{"@id":"https:\/\/editorialmediterrania.com\/en\/#organization"},"alternateName":"Llibres infantils d'art, cultura i natura","potentialAction":[{"@type":"SearchAction","target":{"@type":"EntryPoint","urlTemplate":"https:\/\/editorialmediterrania.com\/en\/?s={search_term_string}"},"query-input":"required name=search_term_string"}],"inLanguage":"en-US"},{"@type":"Organization","@id":"https:\/\/editorialmediterrania.com\/en\/#organization","name":"Editorial Mediterrania","alternateName":"Llibres d'art, cultura i natura per infants i fam\u00edlies","url":"https:\/\/editorialmediterrania.com\/en\/","logo":{"@type":"ImageObject","inLanguage":"en-US","@id":"https:\/\/editorialmediterrania.com\/en\/#\/schema\/logo\/image\/","url":"https:\/\/editorialmediterrania.com\/wp-content\/uploads\/2023\/03\/LOGO-ED_MEDITERRANIA_OK-2.png","contentUrl":"https:\/\/editorialmediterrania.com\/wp-content\/uploads\/2023\/03\/LOGO-ED_MEDITERRANIA_OK-2.png","width":1200,"height":300,"caption":"Editorial Mediterrania"},"image":{"@id":"https:\/\/editorialmediterrania.com\/en\/#\/schema\/logo\/image\/"},"sameAs":["https:\/\/x.com\/edmediterrania","https:\/\/www.instagram.com\/editorialmediterrania\/"]}]}},"_links":{"self":[{"href":"https:\/\/editorialmediterrania.com\/en\/wp-json\/wp\/v2\/product\/27258","targetHints":{"allow":["GET"]}}],"collection":[{"href":"https:\/\/editorialmediterrania.com\/en\/wp-json\/wp\/v2\/product"}],"about":[{"href":"https:\/\/editorialmediterrania.com\/en\/wp-json\/wp\/v2\/types\/product"}],"wp:featuredmedia":[{"embeddable":true,"href":"https:\/\/editorialmediterrania.com\/en\/wp-json\/wp\/v2\/media\/32869"}],"wp:attachment":[{"href":"https:\/\/editorialmediterrania.com\/en\/wp-json\/wp\/v2\/media?parent=27258"}],"wp:term":[{"taxonomy":"product_cat","embeddable":true,"href":"https:\/\/editorialmediterrania.com\/en\/wp-json\/wp\/v2\/product_cat?post=27258"},{"taxonomy":"product_tag","embeddable":true,"href":"https:\/\/editorialmediterrania.com\/en\/wp-json\/wp\/v2\/product_tag?post=27258"},{"taxonomy":"autors","embeddable":true,"href":"https:\/\/editorialmediterrania.com\/en\/wp-json\/wp\/v2\/autors?post=27258"}],"curies":[{"name":"wp","href":"https:\/\/api.w.org\/{rel}","templated":true}]}}