{"id":27261,"date":"2017-01-30T22:54:10","date_gmt":"2017-01-30T21:54:10","guid":{"rendered":"http:\/\/editorialmediterrania.com\/?post_type=product&#038;p=27261"},"modified":"2026-03-12T15:57:55","modified_gmt":"2026-03-12T14:57:55","slug":"explorem-tarragona","status":"publish","type":"product","link":"https:\/\/editorialmediterrania.com\/en\/product\/explorem-tarragona\/","title":{"rendered":"Explorem Tarragona!"},"content":{"rendered":"<p>Llibre per a tota la fam\u00edlia!<br \/>\nFins a 48 missions i enigmes diferents per resoldre mentre el vostre equip d&#8217;exploradors i exploradores descobreix els secrets que amaga la ciutat de Tarragona. Segueix les rutes, escaneja els codis QR i esbrina-ho tot sobre l&#8217;anomenada T\u00e0rraco en temps dels romans. Suma punts fent activitats, resolent enigmes i divertint-te amb el jocs que proposa aquesta guia familiar i aix\u00ed aconsegueix el teu diploma de superexplorador o super exploradora!<\/p>\n<p>Et proposem descobrir i explorar la ciutat com no ho has fet mai, amb un munt de rutes, activitats i jocs per fer en fam\u00edlia. A m\u00e9s a m\u00e9s, descobrir\u00e0s la seva hist\u00f2ria i els per\u00edodes m\u00e9s importants que han fet que la ciutat tingui una fisonomia pr\u00f2pia i \u00fanica amb propostes per veure i viure la ciutat com aut\u00e8ntics i aut\u00e8ntiques exploradors i exploradores.<\/p>\n","protected":false},"excerpt":{"rendered":"<p>Llibre per a tota la fam\u00edlia! Fins a 48 missions i enigmes diferents per resoldre mentre el vostre equip d&#8217;exploradors i exploradores descobreix els secrets que amaga la ciutat de Tarragona. Segueix les rutes, escaneja els codis QR i esbrina-ho tot sobre l&#8217;anomenada T\u00e0rraco en temps dels romans. Suma punts fent activitats, resolent enigmes i [&hellip;]<\/p>\n","protected":false},"featured_media":32872,"template":"","meta":[],"product_cat":[16,319],"product_tag":[476],"autors":[],"class_list":{"0":"post-27261","1":"product","2":"type-product","3":"status-publish","4":"has-post-thumbnail","6":"product_cat-editorial-mediterrania","7":"product_cat-tradicions","8":"product_tag-tarragona","10":"first","11":"instock","12":"purchasable","13":"product-type-simple","swatches":"rey-swatches","show_selected":""},"acf":[],"yoast_head":"<!-- This site is optimized with the Yoast SEO plugin v22.8 - https:\/\/yoast.com\/wordpress\/plugins\/seo\/ -->\n<title>Explorem Tarragona! Un llibre per tota la familia - Editorial Mediterr\u00e0nia<\/title>\n<meta name=\"description\" content=\"Llibre per a tota la familia. Fins a 48 missions i enigmes diferents per resoldre mentre el vostre equip d&#039;exploradors i exploradores descobreix els secrets que amaga la ciutat de Tarragona.\" \/>\n<meta name=\"robots\" content=\"index, follow, max-snippet:-1, max-image-preview:large, max-video-preview:-1\" \/>\n<link rel=\"canonical\" href=\"https:\/\/editorialmediterrania.com\/en\/product\/explorem-tarragona\/\" \/>\n<meta property=\"og:locale\" content=\"en_US\" \/>\n<meta property=\"og:type\" content=\"article\" \/>\n<meta property=\"og:title\" content=\"Explorem Tarragona! Un llibre per tota la familia - Editorial Mediterr\u00e0nia\" \/>\n<meta property=\"og:description\" content=\"Llibre per a tota la familia. Fins a 48 missions i enigmes diferents per resoldre mentre el vostre equip d&#039;exploradors i exploradores descobreix els secrets que amaga la ciutat de Tarragona.\" \/>\n<meta property=\"og:url\" content=\"https:\/\/editorialmediterrania.com\/en\/product\/explorem-tarragona\/\" \/>\n<meta property=\"og:site_name\" content=\"Editorial Mediterr\u00e0nia\" \/>\n<meta property=\"article:modified_time\" content=\"2026-03-12T14:57:55+00:00\" \/>\n<meta property=\"og:image\" content=\"https:\/\/editorialmediterrania.com\/wp-content\/uploads\/2017\/01\/Captura-de-pantalla-2019-09-04-a-las-18.39.57.png\" \/>\n\t<meta property=\"og:image:width\" content=\"487\" \/>\n\t<meta property=\"og:image:height\" content=\"660\" \/>\n\t<meta property=\"og:image:type\" content=\"image\/png\" \/>\n<meta name=\"twitter:card\" content=\"summary_large_image\" \/>\n<meta name=\"twitter:site\" content=\"@edmediterrania\" \/>\n<meta name=\"twitter:label1\" content=\"Est. reading time\" \/>\n\t<meta name=\"twitter:data1\" content=\"1 minute\" \/>\n<script type=\"application\/ld+json\" class=\"yoast-schema-graph\">{\"@context\":\"https:\/\/schema.org\",\"@graph\":[{\"@type\":\"WebPage\",\"@id\":\"https:\/\/editorialmediterrania.com\/en\/product\/explorem-tarragona\/\",\"url\":\"https:\/\/editorialmediterrania.com\/en\/product\/explorem-tarragona\/\",\"name\":\"Explorem Tarragona! Un llibre per tota la familia - Editorial Mediterr\u00e0nia\",\"isPartOf\":{\"@id\":\"https:\/\/editorialmediterrania.com\/en\/#website\"},\"primaryImageOfPage\":{\"@id\":\"https:\/\/editorialmediterrania.com\/en\/product\/explorem-tarragona\/#primaryimage\"},\"image\":{\"@id\":\"https:\/\/editorialmediterrania.com\/en\/product\/explorem-tarragona\/#primaryimage\"},\"thumbnailUrl\":\"https:\/\/editorialmediterrania.com\/wp-content\/uploads\/2017\/01\/Captura-de-pantalla-2019-09-04-a-las-18.39.57.png\",\"datePublished\":\"2017-01-30T21:54:10+00:00\",\"dateModified\":\"2026-03-12T14:57:55+00:00\",\"description\":\"Llibre per a tota la familia. Fins a 48 missions i enigmes diferents per resoldre mentre el vostre equip d'exploradors i exploradores descobreix els secrets que amaga la ciutat de Tarragona.\",\"breadcrumb\":{\"@id\":\"https:\/\/editorialmediterrania.com\/en\/product\/explorem-tarragona\/#breadcrumb\"},\"inLanguage\":\"en-US\",\"potentialAction\":[{\"@type\":\"ReadAction\",\"target\":[\"https:\/\/editorialmediterrania.com\/en\/product\/explorem-tarragona\/\"]}]},{\"@type\":\"ImageObject\",\"inLanguage\":\"en-US\",\"@id\":\"https:\/\/editorialmediterrania.com\/en\/product\/explorem-tarragona\/#primaryimage\",\"url\":\"https:\/\/editorialmediterrania.com\/wp-content\/uploads\/2017\/01\/Captura-de-pantalla-2019-09-04-a-las-18.39.57.png\",\"contentUrl\":\"https:\/\/editorialmediterrania.com\/wp-content\/uploads\/2017\/01\/Captura-de-pantalla-2019-09-04-a-las-18.39.57.png\",\"width\":487,\"height\":660,\"caption\":\"Explorem Tarragona - Editorial Mediterr\u00e0nia\"},{\"@type\":\"BreadcrumbList\",\"@id\":\"https:\/\/editorialmediterrania.com\/en\/product\/explorem-tarragona\/#breadcrumb\",\"itemListElement\":[{\"@type\":\"ListItem\",\"position\":1,\"name\":\"Children&#8217;s art book store\",\"item\":\"https:\/\/editorialmediterrania.com\/en\/childrens-art-book-store\/\"},{\"@type\":\"ListItem\",\"position\":2,\"name\":\"Explorem Tarragona!\"}]},{\"@type\":\"WebSite\",\"@id\":\"https:\/\/editorialmediterrania.com\/en\/#website\",\"url\":\"https:\/\/editorialmediterrania.com\/en\/\",\"name\":\"Editorial Mediterrania\",\"description\":\"Llibres que t\u2019obriran nous mons\",\"publisher\":{\"@id\":\"https:\/\/editorialmediterrania.com\/en\/#organization\"},\"alternateName\":\"Llibres infantils d'art, cultura i natura\",\"potentialAction\":[{\"@type\":\"SearchAction\",\"target\":{\"@type\":\"EntryPoint\",\"urlTemplate\":\"https:\/\/editorialmediterrania.com\/en\/?s={search_term_string}\"},\"query-input\":\"required name=search_term_string\"}],\"inLanguage\":\"en-US\"},{\"@type\":\"Organization\",\"@id\":\"https:\/\/editorialmediterrania.com\/en\/#organization\",\"name\":\"Editorial Mediterrania\",\"alternateName\":\"Llibres d'art, cultura i natura per infants i fam\u00edlies\",\"url\":\"https:\/\/editorialmediterrania.com\/en\/\",\"logo\":{\"@type\":\"ImageObject\",\"inLanguage\":\"en-US\",\"@id\":\"https:\/\/editorialmediterrania.com\/en\/#\/schema\/logo\/image\/\",\"url\":\"https:\/\/editorialmediterrania.com\/wp-content\/uploads\/2023\/03\/LOGO-ED_MEDITERRANIA_OK-2.png\",\"contentUrl\":\"https:\/\/editorialmediterrania.com\/wp-content\/uploads\/2023\/03\/LOGO-ED_MEDITERRANIA_OK-2.png\",\"width\":1200,\"height\":300,\"caption\":\"Editorial Mediterrania\"},\"image\":{\"@id\":\"https:\/\/editorialmediterrania.com\/en\/#\/schema\/logo\/image\/\"},\"sameAs\":[\"https:\/\/x.com\/edmediterrania\",\"https:\/\/www.instagram.com\/editorialmediterrania\/\"]}]}<\/script>\n<!-- \/ Yoast SEO plugin. -->","yoast_head_json":{"title":"Explorem Tarragona! Un llibre per tota la familia - Editorial Mediterr\u00e0nia","description":"Llibre per a tota la familia. Fins a 48 missions i enigmes diferents per resoldre mentre el vostre equip d'exploradors i exploradores descobreix els secrets que amaga la ciutat de Tarragona.","robots":{"index":"index","follow":"follow","max-snippet":"max-snippet:-1","max-image-preview":"max-image-preview:large","max-video-preview":"max-video-preview:-1"},"canonical":"https:\/\/editorialmediterrania.com\/en\/product\/explorem-tarragona\/","og_locale":"en_US","og_type":"article","og_title":"Explorem Tarragona! Un llibre per tota la familia - Editorial Mediterr\u00e0nia","og_description":"Llibre per a tota la familia. Fins a 48 missions i enigmes diferents per resoldre mentre el vostre equip d'exploradors i exploradores descobreix els secrets que amaga la ciutat de Tarragona.","og_url":"https:\/\/editorialmediterrania.com\/en\/product\/explorem-tarragona\/","og_site_name":"Editorial Mediterr\u00e0nia","article_modified_time":"2026-03-12T14:57:55+00:00","og_image":[{"width":487,"height":660,"url":"https:\/\/editorialmediterrania.com\/wp-content\/uploads\/2017\/01\/Captura-de-pantalla-2019-09-04-a-las-18.39.57.png","type":"image\/png"}],"twitter_card":"summary_large_image","twitter_site":"@edmediterrania","twitter_misc":{"Est. reading time":"1 minute"},"schema":{"@context":"https:\/\/schema.org","@graph":[{"@type":"WebPage","@id":"https:\/\/editorialmediterrania.com\/en\/product\/explorem-tarragona\/","url":"https:\/\/editorialmediterrania.com\/en\/product\/explorem-tarragona\/","name":"Explorem Tarragona! Un llibre per tota la familia - Editorial Mediterr\u00e0nia","isPartOf":{"@id":"https:\/\/editorialmediterrania.com\/en\/#website"},"primaryImageOfPage":{"@id":"https:\/\/editorialmediterrania.com\/en\/product\/explorem-tarragona\/#primaryimage"},"image":{"@id":"https:\/\/editorialmediterrania.com\/en\/product\/explorem-tarragona\/#primaryimage"},"thumbnailUrl":"https:\/\/editorialmediterrania.com\/wp-content\/uploads\/2017\/01\/Captura-de-pantalla-2019-09-04-a-las-18.39.57.png","datePublished":"2017-01-30T21:54:10+00:00","dateModified":"2026-03-12T14:57:55+00:00","description":"Llibre per a tota la familia. Fins a 48 missions i enigmes diferents per resoldre mentre el vostre equip d'exploradors i exploradores descobreix els secrets que amaga la ciutat de Tarragona.","breadcrumb":{"@id":"https:\/\/editorialmediterrania.com\/en\/product\/explorem-tarragona\/#breadcrumb"},"inLanguage":"en-US","potentialAction":[{"@type":"ReadAction","target":["https:\/\/editorialmediterrania.com\/en\/product\/explorem-tarragona\/"]}]},{"@type":"ImageObject","inLanguage":"en-US","@id":"https:\/\/editorialmediterrania.com\/en\/product\/explorem-tarragona\/#primaryimage","url":"https:\/\/editorialmediterrania.com\/wp-content\/uploads\/2017\/01\/Captura-de-pantalla-2019-09-04-a-las-18.39.57.png","contentUrl":"https:\/\/editorialmediterrania.com\/wp-content\/uploads\/2017\/01\/Captura-de-pantalla-2019-09-04-a-las-18.39.57.png","width":487,"height":660,"caption":"Explorem Tarragona - Editorial Mediterr\u00e0nia"},{"@type":"BreadcrumbList","@id":"https:\/\/editorialmediterrania.com\/en\/product\/explorem-tarragona\/#breadcrumb","itemListElement":[{"@type":"ListItem","position":1,"name":"Children&#8217;s art book store","item":"https:\/\/editorialmediterrania.com\/en\/childrens-art-book-store\/"},{"@type":"ListItem","position":2,"name":"Explorem Tarragona!"}]},{"@type":"WebSite","@id":"https:\/\/editorialmediterrania.com\/en\/#website","url":"https:\/\/editorialmediterrania.com\/en\/","name":"Editorial Mediterrania","description":"Llibres que t\u2019obriran nous mons","publisher":{"@id":"https:\/\/editorialmediterrania.com\/en\/#organization"},"alternateName":"Llibres infantils d'art, cultura i natura","potentialAction":[{"@type":"SearchAction","target":{"@type":"EntryPoint","urlTemplate":"https:\/\/editorialmediterrania.com\/en\/?s={search_term_string}"},"query-input":"required name=search_term_string"}],"inLanguage":"en-US"},{"@type":"Organization","@id":"https:\/\/editorialmediterrania.com\/en\/#organization","name":"Editorial Mediterrania","alternateName":"Llibres d'art, cultura i natura per infants i fam\u00edlies","url":"https:\/\/editorialmediterrania.com\/en\/","logo":{"@type":"ImageObject","inLanguage":"en-US","@id":"https:\/\/editorialmediterrania.com\/en\/#\/schema\/logo\/image\/","url":"https:\/\/editorialmediterrania.com\/wp-content\/uploads\/2023\/03\/LOGO-ED_MEDITERRANIA_OK-2.png","contentUrl":"https:\/\/editorialmediterrania.com\/wp-content\/uploads\/2023\/03\/LOGO-ED_MEDITERRANIA_OK-2.png","width":1200,"height":300,"caption":"Editorial Mediterrania"},"image":{"@id":"https:\/\/editorialmediterrania.com\/en\/#\/schema\/logo\/image\/"},"sameAs":["https:\/\/x.com\/edmediterrania","https:\/\/www.instagram.com\/editorialmediterrania\/"]}]}},"_links":{"self":[{"href":"https:\/\/editorialmediterrania.com\/en\/wp-json\/wp\/v2\/product\/27261","targetHints":{"allow":["GET"]}}],"collection":[{"href":"https:\/\/editorialmediterrania.com\/en\/wp-json\/wp\/v2\/product"}],"about":[{"href":"https:\/\/editorialmediterrania.com\/en\/wp-json\/wp\/v2\/types\/product"}],"wp:featuredmedia":[{"embeddable":true,"href":"https:\/\/editorialmediterrania.com\/en\/wp-json\/wp\/v2\/media\/32872"}],"wp:attachment":[{"href":"https:\/\/editorialmediterrania.com\/en\/wp-json\/wp\/v2\/media?parent=27261"}],"wp:term":[{"taxonomy":"product_cat","embeddable":true,"href":"https:\/\/editorialmediterrania.com\/en\/wp-json\/wp\/v2\/product_cat?post=27261"},{"taxonomy":"product_tag","embeddable":true,"href":"https:\/\/editorialmediterrania.com\/en\/wp-json\/wp\/v2\/product_tag?post=27261"},{"taxonomy":"autors","embeddable":true,"href":"https:\/\/editorialmediterrania.com\/en\/wp-json\/wp\/v2\/autors?post=27261"}],"curies":[{"name":"wp","href":"https:\/\/api.w.org\/{rel}","templated":true}]}}