{"id":27266,"date":"2017-01-30T22:58:48","date_gmt":"2017-01-30T21:58:48","guid":{"rendered":"http:\/\/editorialmediterrania.com\/product\/explorem-menorca-2\/"},"modified":"2026-03-12T15:56:09","modified_gmt":"2026-03-12T14:56:09","slug":"explorem-menorca","status":"publish","type":"product","link":"https:\/\/editorialmediterrania.com\/en\/product\/explorem-menorca\/","title":{"rendered":"Explorem Menorca"},"content":{"rendered":"<p>Un llibre per a tota la fam\u00edlia! 21 missions i enigmes per resoldre. Segueix les rutes, escaneja els codis QR i descobreix els secrets de Menorca. Suma punts i aconsegueix el teu diploma de superexplorador!<\/p>\n<p>Et proposem descobrir i explorar la ciutat com no ho has fet mai, amb un munt de rutes, activitats i jocs per fer en fam\u00edlia. A m\u00e9s a m\u00e9s, descobrir\u00e0s la seva hist\u00f2ria i els per\u00edodes m\u00e9s importants que han fet que la ciutat tingui una fisonomia pr\u00f2pia i \u00fanica amb propostes per veure i viure la ciutat com com uns aut\u00e8ntics exploradors.<\/p>\n","protected":false},"excerpt":{"rendered":"<p>Un llibre per a tota la fam\u00edlia! 21 missions i enigmes per resoldre. Segueix les rutes, escaneja els codis QR i descobreix els secrets de Menorca. Suma punts i aconsegueix el teu diploma de superexplorador! Et proposem descobrir i explorar la ciutat com no ho has fet mai, amb un munt de rutes, activitats i [&hellip;]<\/p>\n","protected":false},"featured_media":27638,"template":"","meta":[],"product_cat":[31,4583],"product_tag":[4299],"autors":[],"class_list":{"0":"post-27266","1":"product","2":"type-product","3":"status-publish","4":"has-post-thumbnail","6":"product_cat-editorial-mediterrania","7":"product_cat-traditions","8":"product_tag-familia-en","10":"first","11":"instock","12":"purchasable","13":"product-type-variable","14":"has-default-attributes","swatches":"rey-swatches","show_selected":""},"acf":[],"yoast_head":"<!-- This site is optimized with the Yoast SEO plugin v22.8 - https:\/\/yoast.com\/wordpress\/plugins\/seo\/ -->\n<title>Explorem Menorca , un llibre per tota la familia - Editorial Mediterr\u00e0nia<\/title>\n<meta name=\"description\" content=\"En aquest llibre infantil et proposem descobrir i explorar la ciutat com no ho has fet mai, amb un munt de rutes, activitats i jocs per fer en fam\u00edlia.\" \/>\n<meta name=\"robots\" content=\"index, follow, max-snippet:-1, max-image-preview:large, max-video-preview:-1\" \/>\n<link rel=\"canonical\" href=\"https:\/\/editorialmediterrania.com\/en\/product\/explorem-menorca\/\" \/>\n<meta property=\"og:locale\" content=\"en_US\" \/>\n<meta property=\"og:type\" content=\"article\" \/>\n<meta property=\"og:title\" content=\"Explorem Menorca , un llibre per tota la familia - Editorial Mediterr\u00e0nia\" \/>\n<meta property=\"og:description\" content=\"En aquest llibre infantil et proposem descobrir i explorar la ciutat com no ho has fet mai, amb un munt de rutes, activitats i jocs per fer en fam\u00edlia.\" \/>\n<meta property=\"og:url\" content=\"https:\/\/editorialmediterrania.com\/en\/product\/explorem-menorca\/\" \/>\n<meta property=\"og:site_name\" content=\"Editorial Mediterr\u00e0nia\" \/>\n<meta property=\"article:modified_time\" content=\"2026-03-12T14:56:09+00:00\" \/>\n<meta property=\"og:image\" content=\"https:\/\/editorialmediterrania.com\/wp-content\/uploads\/2017\/01\/Explorem-Menorca-CAT.jpg\" \/>\n\t<meta property=\"og:image:width\" content=\"1892\" \/>\n\t<meta property=\"og:image:height\" content=\"2502\" \/>\n\t<meta property=\"og:image:type\" content=\"image\/jpeg\" \/>\n<meta name=\"twitter:card\" content=\"summary_large_image\" \/>\n<meta name=\"twitter:site\" content=\"@edmediterrania\" \/>\n<meta name=\"twitter:label1\" content=\"Est. reading time\" \/>\n\t<meta name=\"twitter:data1\" content=\"1 minute\" \/>\n<script type=\"application\/ld+json\" class=\"yoast-schema-graph\">{\"@context\":\"https:\/\/schema.org\",\"@graph\":[{\"@type\":\"WebPage\",\"@id\":\"https:\/\/editorialmediterrania.com\/en\/product\/explorem-menorca\/\",\"url\":\"https:\/\/editorialmediterrania.com\/en\/product\/explorem-menorca\/\",\"name\":\"Explorem Menorca , un llibre per tota la familia - Editorial Mediterr\u00e0nia\",\"isPartOf\":{\"@id\":\"https:\/\/editorialmediterrania.com\/en\/#website\"},\"primaryImageOfPage\":{\"@id\":\"https:\/\/editorialmediterrania.com\/en\/product\/explorem-menorca\/#primaryimage\"},\"image\":{\"@id\":\"https:\/\/editorialmediterrania.com\/en\/product\/explorem-menorca\/#primaryimage\"},\"thumbnailUrl\":\"https:\/\/editorialmediterrania.com\/wp-content\/uploads\/2017\/01\/Explorem-Menorca-CAT.jpg\",\"datePublished\":\"2017-01-30T21:58:48+00:00\",\"dateModified\":\"2026-03-12T14:56:09+00:00\",\"description\":\"En aquest llibre infantil et proposem descobrir i explorar la ciutat com no ho has fet mai, amb un munt de rutes, activitats i jocs per fer en fam\u00edlia.\",\"breadcrumb\":{\"@id\":\"https:\/\/editorialmediterrania.com\/en\/product\/explorem-menorca\/#breadcrumb\"},\"inLanguage\":\"en-US\",\"potentialAction\":[{\"@type\":\"ReadAction\",\"target\":[\"https:\/\/editorialmediterrania.com\/en\/product\/explorem-menorca\/\"]}]},{\"@type\":\"ImageObject\",\"inLanguage\":\"en-US\",\"@id\":\"https:\/\/editorialmediterrania.com\/en\/product\/explorem-menorca\/#primaryimage\",\"url\":\"https:\/\/editorialmediterrania.com\/wp-content\/uploads\/2017\/01\/Explorem-Menorca-CAT.jpg\",\"contentUrl\":\"https:\/\/editorialmediterrania.com\/wp-content\/uploads\/2017\/01\/Explorem-Menorca-CAT.jpg\",\"width\":1892,\"height\":2502,\"caption\":\"Explorem Menorca - Editorial Mediterr\u00e0nia\"},{\"@type\":\"BreadcrumbList\",\"@id\":\"https:\/\/editorialmediterrania.com\/en\/product\/explorem-menorca\/#breadcrumb\",\"itemListElement\":[{\"@type\":\"ListItem\",\"position\":1,\"name\":\"Children&#8217;s art book store\",\"item\":\"https:\/\/editorialmediterrania.com\/en\/childrens-art-book-store\/\"},{\"@type\":\"ListItem\",\"position\":2,\"name\":\"Explorem Menorca\"}]},{\"@type\":\"WebSite\",\"@id\":\"https:\/\/editorialmediterrania.com\/en\/#website\",\"url\":\"https:\/\/editorialmediterrania.com\/en\/\",\"name\":\"Editorial Mediterrania\",\"description\":\"Llibres que t\u2019obriran nous mons\",\"publisher\":{\"@id\":\"https:\/\/editorialmediterrania.com\/en\/#organization\"},\"alternateName\":\"Llibres infantils d'art, cultura i natura\",\"potentialAction\":[{\"@type\":\"SearchAction\",\"target\":{\"@type\":\"EntryPoint\",\"urlTemplate\":\"https:\/\/editorialmediterrania.com\/en\/?s={search_term_string}\"},\"query-input\":\"required name=search_term_string\"}],\"inLanguage\":\"en-US\"},{\"@type\":\"Organization\",\"@id\":\"https:\/\/editorialmediterrania.com\/en\/#organization\",\"name\":\"Editorial Mediterrania\",\"alternateName\":\"Llibres d'art, cultura i natura per infants i fam\u00edlies\",\"url\":\"https:\/\/editorialmediterrania.com\/en\/\",\"logo\":{\"@type\":\"ImageObject\",\"inLanguage\":\"en-US\",\"@id\":\"https:\/\/editorialmediterrania.com\/en\/#\/schema\/logo\/image\/\",\"url\":\"https:\/\/editorialmediterrania.com\/wp-content\/uploads\/2023\/03\/LOGO-ED_MEDITERRANIA_OK-2.png\",\"contentUrl\":\"https:\/\/editorialmediterrania.com\/wp-content\/uploads\/2023\/03\/LOGO-ED_MEDITERRANIA_OK-2.png\",\"width\":1200,\"height\":300,\"caption\":\"Editorial Mediterrania\"},\"image\":{\"@id\":\"https:\/\/editorialmediterrania.com\/en\/#\/schema\/logo\/image\/\"},\"sameAs\":[\"https:\/\/x.com\/edmediterrania\",\"https:\/\/www.instagram.com\/editorialmediterrania\/\"]}]}<\/script>\n<!-- \/ Yoast SEO plugin. -->","yoast_head_json":{"title":"Explorem Menorca , un llibre per tota la familia - Editorial Mediterr\u00e0nia","description":"En aquest llibre infantil et proposem descobrir i explorar la ciutat com no ho has fet mai, amb un munt de rutes, activitats i jocs per fer en fam\u00edlia.","robots":{"index":"index","follow":"follow","max-snippet":"max-snippet:-1","max-image-preview":"max-image-preview:large","max-video-preview":"max-video-preview:-1"},"canonical":"https:\/\/editorialmediterrania.com\/en\/product\/explorem-menorca\/","og_locale":"en_US","og_type":"article","og_title":"Explorem Menorca , un llibre per tota la familia - Editorial Mediterr\u00e0nia","og_description":"En aquest llibre infantil et proposem descobrir i explorar la ciutat com no ho has fet mai, amb un munt de rutes, activitats i jocs per fer en fam\u00edlia.","og_url":"https:\/\/editorialmediterrania.com\/en\/product\/explorem-menorca\/","og_site_name":"Editorial Mediterr\u00e0nia","article_modified_time":"2026-03-12T14:56:09+00:00","og_image":[{"width":1892,"height":2502,"url":"https:\/\/editorialmediterrania.com\/wp-content\/uploads\/2017\/01\/Explorem-Menorca-CAT.jpg","type":"image\/jpeg"}],"twitter_card":"summary_large_image","twitter_site":"@edmediterrania","twitter_misc":{"Est. reading time":"1 minute"},"schema":{"@context":"https:\/\/schema.org","@graph":[{"@type":"WebPage","@id":"https:\/\/editorialmediterrania.com\/en\/product\/explorem-menorca\/","url":"https:\/\/editorialmediterrania.com\/en\/product\/explorem-menorca\/","name":"Explorem Menorca , un llibre per tota la familia - Editorial Mediterr\u00e0nia","isPartOf":{"@id":"https:\/\/editorialmediterrania.com\/en\/#website"},"primaryImageOfPage":{"@id":"https:\/\/editorialmediterrania.com\/en\/product\/explorem-menorca\/#primaryimage"},"image":{"@id":"https:\/\/editorialmediterrania.com\/en\/product\/explorem-menorca\/#primaryimage"},"thumbnailUrl":"https:\/\/editorialmediterrania.com\/wp-content\/uploads\/2017\/01\/Explorem-Menorca-CAT.jpg","datePublished":"2017-01-30T21:58:48+00:00","dateModified":"2026-03-12T14:56:09+00:00","description":"En aquest llibre infantil et proposem descobrir i explorar la ciutat com no ho has fet mai, amb un munt de rutes, activitats i jocs per fer en fam\u00edlia.","breadcrumb":{"@id":"https:\/\/editorialmediterrania.com\/en\/product\/explorem-menorca\/#breadcrumb"},"inLanguage":"en-US","potentialAction":[{"@type":"ReadAction","target":["https:\/\/editorialmediterrania.com\/en\/product\/explorem-menorca\/"]}]},{"@type":"ImageObject","inLanguage":"en-US","@id":"https:\/\/editorialmediterrania.com\/en\/product\/explorem-menorca\/#primaryimage","url":"https:\/\/editorialmediterrania.com\/wp-content\/uploads\/2017\/01\/Explorem-Menorca-CAT.jpg","contentUrl":"https:\/\/editorialmediterrania.com\/wp-content\/uploads\/2017\/01\/Explorem-Menorca-CAT.jpg","width":1892,"height":2502,"caption":"Explorem Menorca - Editorial Mediterr\u00e0nia"},{"@type":"BreadcrumbList","@id":"https:\/\/editorialmediterrania.com\/en\/product\/explorem-menorca\/#breadcrumb","itemListElement":[{"@type":"ListItem","position":1,"name":"Children&#8217;s art book store","item":"https:\/\/editorialmediterrania.com\/en\/childrens-art-book-store\/"},{"@type":"ListItem","position":2,"name":"Explorem Menorca"}]},{"@type":"WebSite","@id":"https:\/\/editorialmediterrania.com\/en\/#website","url":"https:\/\/editorialmediterrania.com\/en\/","name":"Editorial Mediterrania","description":"Llibres que t\u2019obriran nous mons","publisher":{"@id":"https:\/\/editorialmediterrania.com\/en\/#organization"},"alternateName":"Llibres infantils d'art, cultura i natura","potentialAction":[{"@type":"SearchAction","target":{"@type":"EntryPoint","urlTemplate":"https:\/\/editorialmediterrania.com\/en\/?s={search_term_string}"},"query-input":"required name=search_term_string"}],"inLanguage":"en-US"},{"@type":"Organization","@id":"https:\/\/editorialmediterrania.com\/en\/#organization","name":"Editorial Mediterrania","alternateName":"Llibres d'art, cultura i natura per infants i fam\u00edlies","url":"https:\/\/editorialmediterrania.com\/en\/","logo":{"@type":"ImageObject","inLanguage":"en-US","@id":"https:\/\/editorialmediterrania.com\/en\/#\/schema\/logo\/image\/","url":"https:\/\/editorialmediterrania.com\/wp-content\/uploads\/2023\/03\/LOGO-ED_MEDITERRANIA_OK-2.png","contentUrl":"https:\/\/editorialmediterrania.com\/wp-content\/uploads\/2023\/03\/LOGO-ED_MEDITERRANIA_OK-2.png","width":1200,"height":300,"caption":"Editorial Mediterrania"},"image":{"@id":"https:\/\/editorialmediterrania.com\/en\/#\/schema\/logo\/image\/"},"sameAs":["https:\/\/x.com\/edmediterrania","https:\/\/www.instagram.com\/editorialmediterrania\/"]}]}},"_links":{"self":[{"href":"https:\/\/editorialmediterrania.com\/en\/wp-json\/wp\/v2\/product\/27266","targetHints":{"allow":["GET"]}}],"collection":[{"href":"https:\/\/editorialmediterrania.com\/en\/wp-json\/wp\/v2\/product"}],"about":[{"href":"https:\/\/editorialmediterrania.com\/en\/wp-json\/wp\/v2\/types\/product"}],"wp:featuredmedia":[{"embeddable":true,"href":"https:\/\/editorialmediterrania.com\/en\/wp-json\/wp\/v2\/media\/27638"}],"wp:attachment":[{"href":"https:\/\/editorialmediterrania.com\/en\/wp-json\/wp\/v2\/media?parent=27266"}],"wp:term":[{"taxonomy":"product_cat","embeddable":true,"href":"https:\/\/editorialmediterrania.com\/en\/wp-json\/wp\/v2\/product_cat?post=27266"},{"taxonomy":"product_tag","embeddable":true,"href":"https:\/\/editorialmediterrania.com\/en\/wp-json\/wp\/v2\/product_tag?post=27266"},{"taxonomy":"autors","embeddable":true,"href":"https:\/\/editorialmediterrania.com\/en\/wp-json\/wp\/v2\/autors?post=27266"}],"curies":[{"name":"wp","href":"https:\/\/api.w.org\/{rel}","templated":true}]}}