{"id":27508,"date":"2017-03-23T11:45:17","date_gmt":"2017-03-23T10:45:17","guid":{"rendered":"http:\/\/localhost:8888\/mediterrania\/?post_type=product&#038;p=27508"},"modified":"2025-08-29T07:59:27","modified_gmt":"2025-08-29T05:59:27","slug":"petita-historia-de-la-processo-de-verges","status":"publish","type":"product","link":"https:\/\/editorialmediterrania.com\/en\/product\/petita-historia-de-la-processo-de-verges\/","title":{"rendered":"Petita hist\u00f2ria de la Process\u00f3 de Verges"},"content":{"rendered":"<p>Llibre il.lustrat que explica als nens i nenes la process\u00f3 de Verges que \u00e9s Festa Patrimonial d&#8217;Inter\u00e8s Nacional. \u00c9s la representaci\u00f3 teatral de la vida i passi\u00f3 de Jesucrist que se celebra des de fa m\u00e9s de 300 anys en aquesta preciosa poblaci\u00f3 del Baix Empord\u00e0.<\/p>\n<p>Aquest llibre infantil est\u00e0 escrit M\u00e0riam Serr\u00e0 i il\u00b7lustrat per la Pilar\u00edn Bay\u00e9s.<\/p>\n<p><a href=\"http:\/\/localhost:8888\/mediterrania\/\/coleccions\/infantil-juvenil-i-families\/col-leccions\/petites-histories\/\">La col\u00b7lecci\u00f3 de contes infantils Petites hist\u00f2ries<\/a> compta amb m\u00e9s de 300 t\u00edtols diferents, tots ells il\u00b7lustrats per Pilar\u00edn Bay\u00e9s. Gr\u00e0cies a aquesta col\u00b7lecci\u00f3, els nens i nenes de diverses generacions han pogut con\u00e8ixer els artistes, tradicions i indrets m\u00e9s destacats del nostre pa\u00eds, de manera divertida i amena.<\/p>\n","protected":false},"excerpt":{"rendered":"<p>Llibre il.lustrat que explica als nens i nenes la process\u00f3 de Verges que \u00e9s Festa Patrimonial d&#8217;Inter\u00e8s Nacional. \u00c9s la representaci\u00f3 teatral de la vida i passi\u00f3 de Jesucrist que se celebra des de fa m\u00e9s de 300 anys en aquesta preciosa poblaci\u00f3 del Baix Empord\u00e0. Aquest llibre infantil est\u00e0 escrit M\u00e0riam Serr\u00e0 i il\u00b7lustrat [&hellip;]<\/p>\n","protected":false},"featured_media":27526,"template":"","meta":[],"product_cat":[16,73],"product_tag":[6053,6056,5936,5912,4362],"autors":[],"class_list":{"0":"post-27508","1":"product","2":"type-product","3":"status-publish","4":"has-post-thumbnail","6":"product_cat-editorial-mediterrania","7":"product_cat-petites-histories","8":"product_tag-conte-infantil","9":"product_tag-contes","10":"product_tag-contes-il-lustrats","11":"product_tag-llibres-il-lustrats","12":"product_tag-pilarin-bayes","14":"first","15":"outofstock","16":"purchasable","17":"product-type-simple","swatches":"rey-swatches","show_selected":""},"acf":[],"yoast_head":"<!-- This site is optimized with the Yoast SEO plugin v22.8 - https:\/\/yoast.com\/wordpress\/plugins\/seo\/ -->\n<title>Petita hist\u00f2ria de la Process\u00f3 de Verges - Editorial Mediterr\u00e0nia<\/title>\n<meta name=\"description\" content=\"Llibre infantil il.lustrat que explica als nens i nenes la process\u00f3 de Verges que \u00e9s Festa Patrimonial d&#039;Inter\u00e8s Nacional.\" \/>\n<meta name=\"robots\" content=\"index, follow, max-snippet:-1, max-image-preview:large, max-video-preview:-1\" \/>\n<link rel=\"canonical\" href=\"https:\/\/editorialmediterrania.com\/en\/product\/petita-historia-de-la-processo-de-verges\/\" \/>\n<meta property=\"og:locale\" content=\"en_US\" \/>\n<meta property=\"og:type\" content=\"article\" \/>\n<meta property=\"og:title\" content=\"Petita hist\u00f2ria de la Process\u00f3 de Verges - Editorial Mediterr\u00e0nia\" \/>\n<meta property=\"og:description\" content=\"Llibre infantil il.lustrat que explica als nens i nenes la process\u00f3 de Verges que \u00e9s Festa Patrimonial d&#039;Inter\u00e8s Nacional.\" \/>\n<meta property=\"og:url\" content=\"https:\/\/editorialmediterrania.com\/en\/product\/petita-historia-de-la-processo-de-verges\/\" \/>\n<meta property=\"og:site_name\" content=\"Editorial Mediterr\u00e0nia\" \/>\n<meta property=\"article:modified_time\" content=\"2025-08-29T05:59:27+00:00\" \/>\n<meta property=\"og:image\" content=\"https:\/\/editorialmediterrania.com\/wp-content\/uploads\/2017\/03\/COB_PH-PROCESSO-DE-VERGES_CAT_red-min-e1490634382206.jpg\" \/>\n\t<meta property=\"og:image:width\" content=\"800\" \/>\n\t<meta property=\"og:image:height\" content=\"960\" \/>\n\t<meta property=\"og:image:type\" content=\"image\/jpeg\" \/>\n<meta name=\"twitter:card\" content=\"summary_large_image\" \/>\n<meta name=\"twitter:site\" content=\"@edmediterrania\" \/>\n<meta name=\"twitter:label1\" content=\"Est. reading time\" \/>\n\t<meta name=\"twitter:data1\" content=\"1 minute\" \/>\n<script type=\"application\/ld+json\" class=\"yoast-schema-graph\">{\"@context\":\"https:\/\/schema.org\",\"@graph\":[{\"@type\":\"WebPage\",\"@id\":\"https:\/\/editorialmediterrania.com\/en\/product\/petita-historia-de-la-processo-de-verges\/\",\"url\":\"https:\/\/editorialmediterrania.com\/en\/product\/petita-historia-de-la-processo-de-verges\/\",\"name\":\"Petita hist\u00f2ria de la Process\u00f3 de Verges - Editorial Mediterr\u00e0nia\",\"isPartOf\":{\"@id\":\"https:\/\/editorialmediterrania.com\/en\/#website\"},\"primaryImageOfPage\":{\"@id\":\"https:\/\/editorialmediterrania.com\/en\/product\/petita-historia-de-la-processo-de-verges\/#primaryimage\"},\"image\":{\"@id\":\"https:\/\/editorialmediterrania.com\/en\/product\/petita-historia-de-la-processo-de-verges\/#primaryimage\"},\"thumbnailUrl\":\"https:\/\/editorialmediterrania.com\/wp-content\/uploads\/2017\/03\/COB_PH-PROCESSO-DE-VERGES_CAT_red-min-e1490634382206.jpg\",\"datePublished\":\"2017-03-23T10:45:17+00:00\",\"dateModified\":\"2025-08-29T05:59:27+00:00\",\"description\":\"Llibre infantil il.lustrat que explica als nens i nenes la process\u00f3 de Verges que \u00e9s Festa Patrimonial d'Inter\u00e8s Nacional.\",\"breadcrumb\":{\"@id\":\"https:\/\/editorialmediterrania.com\/en\/product\/petita-historia-de-la-processo-de-verges\/#breadcrumb\"},\"inLanguage\":\"en-US\",\"potentialAction\":[{\"@type\":\"ReadAction\",\"target\":[\"https:\/\/editorialmediterrania.com\/en\/product\/petita-historia-de-la-processo-de-verges\/\"]}]},{\"@type\":\"ImageObject\",\"inLanguage\":\"en-US\",\"@id\":\"https:\/\/editorialmediterrania.com\/en\/product\/petita-historia-de-la-processo-de-verges\/#primaryimage\",\"url\":\"https:\/\/editorialmediterrania.com\/wp-content\/uploads\/2017\/03\/COB_PH-PROCESSO-DE-VERGES_CAT_red-min-e1490634382206.jpg\",\"contentUrl\":\"https:\/\/editorialmediterrania.com\/wp-content\/uploads\/2017\/03\/COB_PH-PROCESSO-DE-VERGES_CAT_red-min-e1490634382206.jpg\",\"width\":800,\"height\":960,\"caption\":\"Process\u00f3 de Verges - Editorial Mediterr\u00e0nia\"},{\"@type\":\"BreadcrumbList\",\"@id\":\"https:\/\/editorialmediterrania.com\/en\/product\/petita-historia-de-la-processo-de-verges\/#breadcrumb\",\"itemListElement\":[{\"@type\":\"ListItem\",\"position\":1,\"name\":\"Children&#8217;s art book store\",\"item\":\"https:\/\/editorialmediterrania.com\/en\/childrens-art-book-store\/\"},{\"@type\":\"ListItem\",\"position\":2,\"name\":\"Petita hist\u00f2ria de la Process\u00f3 de Verges\"}]},{\"@type\":\"WebSite\",\"@id\":\"https:\/\/editorialmediterrania.com\/en\/#website\",\"url\":\"https:\/\/editorialmediterrania.com\/en\/\",\"name\":\"Editorial Mediterrania\",\"description\":\"Llibres que t\u2019obriran nous mons\",\"publisher\":{\"@id\":\"https:\/\/editorialmediterrania.com\/en\/#organization\"},\"alternateName\":\"Llibres infantils d'art, cultura i natura\",\"potentialAction\":[{\"@type\":\"SearchAction\",\"target\":{\"@type\":\"EntryPoint\",\"urlTemplate\":\"https:\/\/editorialmediterrania.com\/en\/?s={search_term_string}\"},\"query-input\":\"required name=search_term_string\"}],\"inLanguage\":\"en-US\"},{\"@type\":\"Organization\",\"@id\":\"https:\/\/editorialmediterrania.com\/en\/#organization\",\"name\":\"Editorial Mediterrania\",\"alternateName\":\"Llibres d'art, cultura i natura per infants i fam\u00edlies\",\"url\":\"https:\/\/editorialmediterrania.com\/en\/\",\"logo\":{\"@type\":\"ImageObject\",\"inLanguage\":\"en-US\",\"@id\":\"https:\/\/editorialmediterrania.com\/en\/#\/schema\/logo\/image\/\",\"url\":\"https:\/\/editorialmediterrania.com\/wp-content\/uploads\/2023\/03\/LOGO-ED_MEDITERRANIA_OK-2.png\",\"contentUrl\":\"https:\/\/editorialmediterrania.com\/wp-content\/uploads\/2023\/03\/LOGO-ED_MEDITERRANIA_OK-2.png\",\"width\":1200,\"height\":300,\"caption\":\"Editorial Mediterrania\"},\"image\":{\"@id\":\"https:\/\/editorialmediterrania.com\/en\/#\/schema\/logo\/image\/\"},\"sameAs\":[\"https:\/\/x.com\/edmediterrania\",\"https:\/\/www.instagram.com\/editorialmediterrania\/\"]}]}<\/script>\n<!-- \/ Yoast SEO plugin. -->","yoast_head_json":{"title":"Petita hist\u00f2ria de la Process\u00f3 de Verges - Editorial Mediterr\u00e0nia","description":"Llibre infantil il.lustrat que explica als nens i nenes la process\u00f3 de Verges que \u00e9s Festa Patrimonial d'Inter\u00e8s Nacional.","robots":{"index":"index","follow":"follow","max-snippet":"max-snippet:-1","max-image-preview":"max-image-preview:large","max-video-preview":"max-video-preview:-1"},"canonical":"https:\/\/editorialmediterrania.com\/en\/product\/petita-historia-de-la-processo-de-verges\/","og_locale":"en_US","og_type":"article","og_title":"Petita hist\u00f2ria de la Process\u00f3 de Verges - Editorial Mediterr\u00e0nia","og_description":"Llibre infantil il.lustrat que explica als nens i nenes la process\u00f3 de Verges que \u00e9s Festa Patrimonial d'Inter\u00e8s Nacional.","og_url":"https:\/\/editorialmediterrania.com\/en\/product\/petita-historia-de-la-processo-de-verges\/","og_site_name":"Editorial Mediterr\u00e0nia","article_modified_time":"2025-08-29T05:59:27+00:00","og_image":[{"width":800,"height":960,"url":"https:\/\/editorialmediterrania.com\/wp-content\/uploads\/2017\/03\/COB_PH-PROCESSO-DE-VERGES_CAT_red-min-e1490634382206.jpg","type":"image\/jpeg"}],"twitter_card":"summary_large_image","twitter_site":"@edmediterrania","twitter_misc":{"Est. reading time":"1 minute"},"schema":{"@context":"https:\/\/schema.org","@graph":[{"@type":"WebPage","@id":"https:\/\/editorialmediterrania.com\/en\/product\/petita-historia-de-la-processo-de-verges\/","url":"https:\/\/editorialmediterrania.com\/en\/product\/petita-historia-de-la-processo-de-verges\/","name":"Petita hist\u00f2ria de la Process\u00f3 de Verges - Editorial Mediterr\u00e0nia","isPartOf":{"@id":"https:\/\/editorialmediterrania.com\/en\/#website"},"primaryImageOfPage":{"@id":"https:\/\/editorialmediterrania.com\/en\/product\/petita-historia-de-la-processo-de-verges\/#primaryimage"},"image":{"@id":"https:\/\/editorialmediterrania.com\/en\/product\/petita-historia-de-la-processo-de-verges\/#primaryimage"},"thumbnailUrl":"https:\/\/editorialmediterrania.com\/wp-content\/uploads\/2017\/03\/COB_PH-PROCESSO-DE-VERGES_CAT_red-min-e1490634382206.jpg","datePublished":"2017-03-23T10:45:17+00:00","dateModified":"2025-08-29T05:59:27+00:00","description":"Llibre infantil il.lustrat que explica als nens i nenes la process\u00f3 de Verges que \u00e9s Festa Patrimonial d'Inter\u00e8s Nacional.","breadcrumb":{"@id":"https:\/\/editorialmediterrania.com\/en\/product\/petita-historia-de-la-processo-de-verges\/#breadcrumb"},"inLanguage":"en-US","potentialAction":[{"@type":"ReadAction","target":["https:\/\/editorialmediterrania.com\/en\/product\/petita-historia-de-la-processo-de-verges\/"]}]},{"@type":"ImageObject","inLanguage":"en-US","@id":"https:\/\/editorialmediterrania.com\/en\/product\/petita-historia-de-la-processo-de-verges\/#primaryimage","url":"https:\/\/editorialmediterrania.com\/wp-content\/uploads\/2017\/03\/COB_PH-PROCESSO-DE-VERGES_CAT_red-min-e1490634382206.jpg","contentUrl":"https:\/\/editorialmediterrania.com\/wp-content\/uploads\/2017\/03\/COB_PH-PROCESSO-DE-VERGES_CAT_red-min-e1490634382206.jpg","width":800,"height":960,"caption":"Process\u00f3 de Verges - Editorial Mediterr\u00e0nia"},{"@type":"BreadcrumbList","@id":"https:\/\/editorialmediterrania.com\/en\/product\/petita-historia-de-la-processo-de-verges\/#breadcrumb","itemListElement":[{"@type":"ListItem","position":1,"name":"Children&#8217;s art book store","item":"https:\/\/editorialmediterrania.com\/en\/childrens-art-book-store\/"},{"@type":"ListItem","position":2,"name":"Petita hist\u00f2ria de la Process\u00f3 de Verges"}]},{"@type":"WebSite","@id":"https:\/\/editorialmediterrania.com\/en\/#website","url":"https:\/\/editorialmediterrania.com\/en\/","name":"Editorial Mediterrania","description":"Llibres que t\u2019obriran nous mons","publisher":{"@id":"https:\/\/editorialmediterrania.com\/en\/#organization"},"alternateName":"Llibres infantils d'art, cultura i natura","potentialAction":[{"@type":"SearchAction","target":{"@type":"EntryPoint","urlTemplate":"https:\/\/editorialmediterrania.com\/en\/?s={search_term_string}"},"query-input":"required name=search_term_string"}],"inLanguage":"en-US"},{"@type":"Organization","@id":"https:\/\/editorialmediterrania.com\/en\/#organization","name":"Editorial Mediterrania","alternateName":"Llibres d'art, cultura i natura per infants i fam\u00edlies","url":"https:\/\/editorialmediterrania.com\/en\/","logo":{"@type":"ImageObject","inLanguage":"en-US","@id":"https:\/\/editorialmediterrania.com\/en\/#\/schema\/logo\/image\/","url":"https:\/\/editorialmediterrania.com\/wp-content\/uploads\/2023\/03\/LOGO-ED_MEDITERRANIA_OK-2.png","contentUrl":"https:\/\/editorialmediterrania.com\/wp-content\/uploads\/2023\/03\/LOGO-ED_MEDITERRANIA_OK-2.png","width":1200,"height":300,"caption":"Editorial Mediterrania"},"image":{"@id":"https:\/\/editorialmediterrania.com\/en\/#\/schema\/logo\/image\/"},"sameAs":["https:\/\/x.com\/edmediterrania","https:\/\/www.instagram.com\/editorialmediterrania\/"]}]}},"_links":{"self":[{"href":"https:\/\/editorialmediterrania.com\/en\/wp-json\/wp\/v2\/product\/27508","targetHints":{"allow":["GET"]}}],"collection":[{"href":"https:\/\/editorialmediterrania.com\/en\/wp-json\/wp\/v2\/product"}],"about":[{"href":"https:\/\/editorialmediterrania.com\/en\/wp-json\/wp\/v2\/types\/product"}],"wp:featuredmedia":[{"embeddable":true,"href":"https:\/\/editorialmediterrania.com\/en\/wp-json\/wp\/v2\/media\/27526"}],"wp:attachment":[{"href":"https:\/\/editorialmediterrania.com\/en\/wp-json\/wp\/v2\/media?parent=27508"}],"wp:term":[{"taxonomy":"product_cat","embeddable":true,"href":"https:\/\/editorialmediterrania.com\/en\/wp-json\/wp\/v2\/product_cat?post=27508"},{"taxonomy":"product_tag","embeddable":true,"href":"https:\/\/editorialmediterrania.com\/en\/wp-json\/wp\/v2\/product_tag?post=27508"},{"taxonomy":"autors","embeddable":true,"href":"https:\/\/editorialmediterrania.com\/en\/wp-json\/wp\/v2\/autors?post=27508"}],"curies":[{"name":"wp","href":"https:\/\/api.w.org\/{rel}","templated":true}]}}