{"id":27690,"date":"2017-05-05T13:24:29","date_gmt":"2017-05-05T11:24:29","guid":{"rendered":"http:\/\/localhost:8888\/mediterrania\/product\/confident-2\/"},"modified":"2026-01-29T10:07:41","modified_gmt":"2026-01-29T09:07:41","slug":"confident","status":"publish","type":"product","link":"https:\/\/editorialmediterrania.com\/en\/product\/confident\/","title":{"rendered":"Cadira Confident Casa Batll\u00f3"},"content":{"rendered":"<p>Aquesta miniatura del Confident\u00a0feta en resina, fabricada a escala 1\/6, reprodueix amb tota fidelitat la m\u00edtica cadira doble, dissenyada per Antoni Gaud\u00ed l&#8217;any 1906 per a la sala menjador de la Casa Batll\u00f3. En la qual es pot constatar com Gaud\u00ed, a m\u00e9s d&#8217;un arquitecte genial, va ser un innovador creador de mobiliari i precursor del disseny ergon\u00f2mic. Les seves l\u00ednies depurades, adaptades a la morfologia humana, converteixen el\u00a0Confident en un referent imprescindible del disseny contemporani.<\/p>\n","protected":false},"excerpt":{"rendered":"<p>Aquesta miniatura del Confident\u00a0feta en resina, fabricada a escala 1\/6, reprodueix amb tota fidelitat la m\u00edtica cadira doble, dissenyada per Antoni Gaud\u00ed l&#8217;any 1906 per a la sala menjador de la Casa Batll\u00f3. En la qual es pot constatar com Gaud\u00ed, a m\u00e9s d&#8217;un arquitecte genial, va ser un innovador creador de mobiliari i precursor [&hellip;]<\/p>\n","protected":false},"featured_media":41167,"template":"","meta":[],"product_cat":[6550,4579],"product_tag":[4331],"autors":[],"class_list":{"0":"post-27690","1":"product","2":"type-product","3":"status-publish","4":"has-post-thumbnail","6":"product_cat-gaudi","7":"product_cat-products","8":"product_tag-gaudi-en","10":"first","11":"instock","12":"purchasable","13":"product-type-simple","swatches":"rey-swatches","show_selected":""},"acf":[],"yoast_head":"<!-- This site is optimized with the Yoast SEO plugin v22.8 - https:\/\/yoast.com\/wordpress\/plugins\/seo\/ -->\n<title>Cadira Cadira Confident Casa Batll\u00f3 , reproducci\u00f3 en miniatura - Editorial Mediterr\u00e0nia<\/title>\n<meta name=\"description\" content=\"Aquesta miniatura del Confident\u00a0feta en resina, fabricada a escala 1\/6, reprodueix amb tota fidelitat la m\u00edtica cadira doble, dissenyada per Antoni Gaud\u00ed l&#039;any 1906 per a la sala menjador de la Casa Batll\u00f3.\" \/>\n<meta name=\"robots\" content=\"index, follow, max-snippet:-1, max-image-preview:large, max-video-preview:-1\" \/>\n<link rel=\"canonical\" href=\"https:\/\/editorialmediterrania.com\/en\/product\/confident\/\" \/>\n<meta property=\"og:locale\" content=\"en_US\" \/>\n<meta property=\"og:type\" content=\"article\" \/>\n<meta property=\"og:title\" content=\"Cadira Cadira Confident Casa Batll\u00f3 , reproducci\u00f3 en miniatura - Editorial Mediterr\u00e0nia\" \/>\n<meta property=\"og:description\" content=\"Aquesta miniatura del Confident\u00a0feta en resina, fabricada a escala 1\/6, reprodueix amb tota fidelitat la m\u00edtica cadira doble, dissenyada per Antoni Gaud\u00ed l&#039;any 1906 per a la sala menjador de la Casa Batll\u00f3.\" \/>\n<meta property=\"og:url\" content=\"https:\/\/editorialmediterrania.com\/en\/product\/confident\/\" \/>\n<meta property=\"og:site_name\" content=\"Editorial Mediterr\u00e0nia\" \/>\n<meta property=\"article:modified_time\" content=\"2026-01-29T09:07:41+00:00\" \/>\n<meta property=\"og:image\" content=\"https:\/\/editorialmediterrania.com\/wp-content\/uploads\/2017\/05\/reproduccion-silla-doble-casa-batllo.jpg\" \/>\n\t<meta property=\"og:image:width\" content=\"1100\" \/>\n\t<meta property=\"og:image:height\" content=\"1422\" \/>\n\t<meta property=\"og:image:type\" content=\"image\/jpeg\" \/>\n<meta name=\"twitter:card\" content=\"summary_large_image\" \/>\n<meta name=\"twitter:site\" content=\"@edmediterrania\" \/>\n<script type=\"application\/ld+json\" class=\"yoast-schema-graph\">{\"@context\":\"https:\/\/schema.org\",\"@graph\":[{\"@type\":\"WebPage\",\"@id\":\"https:\/\/editorialmediterrania.com\/en\/product\/confident\/\",\"url\":\"https:\/\/editorialmediterrania.com\/en\/product\/confident\/\",\"name\":\"Cadira Cadira Confident Casa Batll\u00f3 , reproducci\u00f3 en miniatura - Editorial Mediterr\u00e0nia\",\"isPartOf\":{\"@id\":\"https:\/\/editorialmediterrania.com\/en\/#website\"},\"primaryImageOfPage\":{\"@id\":\"https:\/\/editorialmediterrania.com\/en\/product\/confident\/#primaryimage\"},\"image\":{\"@id\":\"https:\/\/editorialmediterrania.com\/en\/product\/confident\/#primaryimage\"},\"thumbnailUrl\":\"https:\/\/editorialmediterrania.com\/wp-content\/uploads\/2017\/05\/reproduccion-silla-doble-casa-batllo.jpg\",\"datePublished\":\"2017-05-05T11:24:29+00:00\",\"dateModified\":\"2026-01-29T09:07:41+00:00\",\"description\":\"Aquesta miniatura del Confident\u00a0feta en resina, fabricada a escala 1\/6, reprodueix amb tota fidelitat la m\u00edtica cadira doble, dissenyada per Antoni Gaud\u00ed l'any 1906 per a la sala menjador de la Casa Batll\u00f3.\",\"breadcrumb\":{\"@id\":\"https:\/\/editorialmediterrania.com\/en\/product\/confident\/#breadcrumb\"},\"inLanguage\":\"en-US\",\"potentialAction\":[{\"@type\":\"ReadAction\",\"target\":[\"https:\/\/editorialmediterrania.com\/en\/product\/confident\/\"]}]},{\"@type\":\"ImageObject\",\"inLanguage\":\"en-US\",\"@id\":\"https:\/\/editorialmediterrania.com\/en\/product\/confident\/#primaryimage\",\"url\":\"https:\/\/editorialmediterrania.com\/wp-content\/uploads\/2017\/05\/reproduccion-silla-doble-casa-batllo.jpg\",\"contentUrl\":\"https:\/\/editorialmediterrania.com\/wp-content\/uploads\/2017\/05\/reproduccion-silla-doble-casa-batllo.jpg\",\"width\":1100,\"height\":1422},{\"@type\":\"BreadcrumbList\",\"@id\":\"https:\/\/editorialmediterrania.com\/en\/product\/confident\/#breadcrumb\",\"itemListElement\":[{\"@type\":\"ListItem\",\"position\":1,\"name\":\"Children&#8217;s art book store\",\"item\":\"https:\/\/editorialmediterrania.com\/en\/childrens-art-book-store\/\"},{\"@type\":\"ListItem\",\"position\":2,\"name\":\"Cadira Confident Casa Batll\u00f3\"}]},{\"@type\":\"WebSite\",\"@id\":\"https:\/\/editorialmediterrania.com\/en\/#website\",\"url\":\"https:\/\/editorialmediterrania.com\/en\/\",\"name\":\"Editorial Mediterrania\",\"description\":\"Llibres que t\u2019obriran nous mons\",\"publisher\":{\"@id\":\"https:\/\/editorialmediterrania.com\/en\/#organization\"},\"alternateName\":\"Llibres infantils d'art, cultura i natura\",\"potentialAction\":[{\"@type\":\"SearchAction\",\"target\":{\"@type\":\"EntryPoint\",\"urlTemplate\":\"https:\/\/editorialmediterrania.com\/en\/?s={search_term_string}\"},\"query-input\":\"required name=search_term_string\"}],\"inLanguage\":\"en-US\"},{\"@type\":\"Organization\",\"@id\":\"https:\/\/editorialmediterrania.com\/en\/#organization\",\"name\":\"Editorial Mediterrania\",\"alternateName\":\"Llibres d'art, cultura i natura per infants i fam\u00edlies\",\"url\":\"https:\/\/editorialmediterrania.com\/en\/\",\"logo\":{\"@type\":\"ImageObject\",\"inLanguage\":\"en-US\",\"@id\":\"https:\/\/editorialmediterrania.com\/en\/#\/schema\/logo\/image\/\",\"url\":\"https:\/\/editorialmediterrania.com\/wp-content\/uploads\/2023\/03\/LOGO-ED_MEDITERRANIA_OK-2.png\",\"contentUrl\":\"https:\/\/editorialmediterrania.com\/wp-content\/uploads\/2023\/03\/LOGO-ED_MEDITERRANIA_OK-2.png\",\"width\":1200,\"height\":300,\"caption\":\"Editorial Mediterrania\"},\"image\":{\"@id\":\"https:\/\/editorialmediterrania.com\/en\/#\/schema\/logo\/image\/\"},\"sameAs\":[\"https:\/\/x.com\/edmediterrania\",\"https:\/\/www.instagram.com\/editorialmediterrania\/\"]}]}<\/script>\n<!-- \/ Yoast SEO plugin. -->","yoast_head_json":{"title":"Cadira Cadira Confident Casa Batll\u00f3 , reproducci\u00f3 en miniatura - Editorial Mediterr\u00e0nia","description":"Aquesta miniatura del Confident\u00a0feta en resina, fabricada a escala 1\/6, reprodueix amb tota fidelitat la m\u00edtica cadira doble, dissenyada per Antoni Gaud\u00ed l'any 1906 per a la sala menjador de la Casa Batll\u00f3.","robots":{"index":"index","follow":"follow","max-snippet":"max-snippet:-1","max-image-preview":"max-image-preview:large","max-video-preview":"max-video-preview:-1"},"canonical":"https:\/\/editorialmediterrania.com\/en\/product\/confident\/","og_locale":"en_US","og_type":"article","og_title":"Cadira Cadira Confident Casa Batll\u00f3 , reproducci\u00f3 en miniatura - Editorial Mediterr\u00e0nia","og_description":"Aquesta miniatura del Confident\u00a0feta en resina, fabricada a escala 1\/6, reprodueix amb tota fidelitat la m\u00edtica cadira doble, dissenyada per Antoni Gaud\u00ed l'any 1906 per a la sala menjador de la Casa Batll\u00f3.","og_url":"https:\/\/editorialmediterrania.com\/en\/product\/confident\/","og_site_name":"Editorial Mediterr\u00e0nia","article_modified_time":"2026-01-29T09:07:41+00:00","og_image":[{"width":1100,"height":1422,"url":"https:\/\/editorialmediterrania.com\/wp-content\/uploads\/2017\/05\/reproduccion-silla-doble-casa-batllo.jpg","type":"image\/jpeg"}],"twitter_card":"summary_large_image","twitter_site":"@edmediterrania","schema":{"@context":"https:\/\/schema.org","@graph":[{"@type":"WebPage","@id":"https:\/\/editorialmediterrania.com\/en\/product\/confident\/","url":"https:\/\/editorialmediterrania.com\/en\/product\/confident\/","name":"Cadira Cadira Confident Casa Batll\u00f3 , reproducci\u00f3 en miniatura - Editorial Mediterr\u00e0nia","isPartOf":{"@id":"https:\/\/editorialmediterrania.com\/en\/#website"},"primaryImageOfPage":{"@id":"https:\/\/editorialmediterrania.com\/en\/product\/confident\/#primaryimage"},"image":{"@id":"https:\/\/editorialmediterrania.com\/en\/product\/confident\/#primaryimage"},"thumbnailUrl":"https:\/\/editorialmediterrania.com\/wp-content\/uploads\/2017\/05\/reproduccion-silla-doble-casa-batllo.jpg","datePublished":"2017-05-05T11:24:29+00:00","dateModified":"2026-01-29T09:07:41+00:00","description":"Aquesta miniatura del Confident\u00a0feta en resina, fabricada a escala 1\/6, reprodueix amb tota fidelitat la m\u00edtica cadira doble, dissenyada per Antoni Gaud\u00ed l'any 1906 per a la sala menjador de la Casa Batll\u00f3.","breadcrumb":{"@id":"https:\/\/editorialmediterrania.com\/en\/product\/confident\/#breadcrumb"},"inLanguage":"en-US","potentialAction":[{"@type":"ReadAction","target":["https:\/\/editorialmediterrania.com\/en\/product\/confident\/"]}]},{"@type":"ImageObject","inLanguage":"en-US","@id":"https:\/\/editorialmediterrania.com\/en\/product\/confident\/#primaryimage","url":"https:\/\/editorialmediterrania.com\/wp-content\/uploads\/2017\/05\/reproduccion-silla-doble-casa-batllo.jpg","contentUrl":"https:\/\/editorialmediterrania.com\/wp-content\/uploads\/2017\/05\/reproduccion-silla-doble-casa-batllo.jpg","width":1100,"height":1422},{"@type":"BreadcrumbList","@id":"https:\/\/editorialmediterrania.com\/en\/product\/confident\/#breadcrumb","itemListElement":[{"@type":"ListItem","position":1,"name":"Children&#8217;s art book store","item":"https:\/\/editorialmediterrania.com\/en\/childrens-art-book-store\/"},{"@type":"ListItem","position":2,"name":"Cadira Confident Casa Batll\u00f3"}]},{"@type":"WebSite","@id":"https:\/\/editorialmediterrania.com\/en\/#website","url":"https:\/\/editorialmediterrania.com\/en\/","name":"Editorial Mediterrania","description":"Llibres que t\u2019obriran nous mons","publisher":{"@id":"https:\/\/editorialmediterrania.com\/en\/#organization"},"alternateName":"Llibres infantils d'art, cultura i natura","potentialAction":[{"@type":"SearchAction","target":{"@type":"EntryPoint","urlTemplate":"https:\/\/editorialmediterrania.com\/en\/?s={search_term_string}"},"query-input":"required name=search_term_string"}],"inLanguage":"en-US"},{"@type":"Organization","@id":"https:\/\/editorialmediterrania.com\/en\/#organization","name":"Editorial Mediterrania","alternateName":"Llibres d'art, cultura i natura per infants i fam\u00edlies","url":"https:\/\/editorialmediterrania.com\/en\/","logo":{"@type":"ImageObject","inLanguage":"en-US","@id":"https:\/\/editorialmediterrania.com\/en\/#\/schema\/logo\/image\/","url":"https:\/\/editorialmediterrania.com\/wp-content\/uploads\/2023\/03\/LOGO-ED_MEDITERRANIA_OK-2.png","contentUrl":"https:\/\/editorialmediterrania.com\/wp-content\/uploads\/2023\/03\/LOGO-ED_MEDITERRANIA_OK-2.png","width":1200,"height":300,"caption":"Editorial Mediterrania"},"image":{"@id":"https:\/\/editorialmediterrania.com\/en\/#\/schema\/logo\/image\/"},"sameAs":["https:\/\/x.com\/edmediterrania","https:\/\/www.instagram.com\/editorialmediterrania\/"]}]}},"_links":{"self":[{"href":"https:\/\/editorialmediterrania.com\/en\/wp-json\/wp\/v2\/product\/27690","targetHints":{"allow":["GET"]}}],"collection":[{"href":"https:\/\/editorialmediterrania.com\/en\/wp-json\/wp\/v2\/product"}],"about":[{"href":"https:\/\/editorialmediterrania.com\/en\/wp-json\/wp\/v2\/types\/product"}],"wp:featuredmedia":[{"embeddable":true,"href":"https:\/\/editorialmediterrania.com\/en\/wp-json\/wp\/v2\/media\/41167"}],"wp:attachment":[{"href":"https:\/\/editorialmediterrania.com\/en\/wp-json\/wp\/v2\/media?parent=27690"}],"wp:term":[{"taxonomy":"product_cat","embeddable":true,"href":"https:\/\/editorialmediterrania.com\/en\/wp-json\/wp\/v2\/product_cat?post=27690"},{"taxonomy":"product_tag","embeddable":true,"href":"https:\/\/editorialmediterrania.com\/en\/wp-json\/wp\/v2\/product_tag?post=27690"},{"taxonomy":"autors","embeddable":true,"href":"https:\/\/editorialmediterrania.com\/en\/wp-json\/wp\/v2\/autors?post=27690"}],"curies":[{"name":"wp","href":"https:\/\/api.w.org\/{rel}","templated":true}]}}