{"id":27842,"date":"2017-10-16T09:31:08","date_gmt":"2017-10-16T07:31:08","guid":{"rendered":"http:\/\/localhost:8888\/mediterrania\/?post_type=product&#038;p=27842"},"modified":"2025-07-31T11:16:17","modified_gmt":"2025-07-31T09:16:17","slug":"vida-de-sant-francesc-dassis","status":"publish","type":"product","link":"https:\/\/editorialmediterrania.com\/en\/product\/vida-de-sant-francesc-dassis\/","title":{"rendered":"Vida de Sant Francesc d&#8217;Ass\u00eds"},"content":{"rendered":"<p>Sant Francesc d\u2019Ass\u00eds \u00e9s patrimoni de la humanitat, una persona que t\u00e9 el reconeixement universal. No cal dir que el t\u00e9 de l\u2019Esgl\u00e9sia cat\u00f2lica. Per\u00f2 tamb\u00e9 les Esgl\u00e9sies reformades volen veure en ell un predecessor en l\u2019intent de fer m\u00e9s evang\u00e8lica la Comunitat cristiana. I el m\u00f3n isl\u00e0mic ha pres nota del respecte que Francesc li va mostrar en la visita feta al Sold\u00e0 d\u2019Egipte en plena crisi de les Croades. Fins i tot els nocreients saben apreciar en ell la germanor envers totes les criatures.<br \/>\nAquesta nova biografia de sant Francesc d\u2019Ass\u00eds \u00e9s una s\u00edntesi d\u2019altres treballs anteriors que han escrit Fra Antoni-Maria de Barcelona, fra Miquel Colom i fra Jacint Duran, tots ells frares caputxins catalans. La major part de les il\u00b7lustracions, Miquel Oliveras les va dibuixar en directe quan va visitar els llocs franciscans i posteriorment les ha il\u00b7luminat amb aquarel\u00b7la. Algunes altres, quan hi surt la figura del Sant, s\u00f3n tal com el pintor s\u2019imagina que fou un determinat fet.<\/p>\n","protected":false},"excerpt":{"rendered":"<p>Sant Francesc d\u2019Ass\u00eds \u00e9s patrimoni de la humanitat, una persona que t\u00e9 el reconeixement universal. No cal dir que el t\u00e9 de l\u2019Esgl\u00e9sia cat\u00f2lica. Per\u00f2 tamb\u00e9 les Esgl\u00e9sies reformades volen veure en ell un predecessor en l\u2019intent de fer m\u00e9s evang\u00e8lica la Comunitat cristiana. I el m\u00f3n isl\u00e0mic ha pres nota del respecte que Francesc [&hellip;]<\/p>\n","protected":false},"featured_media":27843,"template":"","meta":[],"product_cat":[3351,24],"product_tag":[6038,5912,1218,1047],"autors":[],"class_list":{"0":"post-27842","1":"product","2":"type-product","3":"status-publish","4":"has-post-thumbnail","6":"product_cat-mediterrania-productes","7":"product_cat-assaig-adult","8":"product_tag-llibres-en-catala","9":"product_tag-llibres-il-lustrats","10":"product_tag-llibres-infantils","11":"product_tag-religio","13":"first","14":"instock","15":"purchasable","16":"product-type-simple","swatches":"rey-swatches","show_selected":""},"acf":[],"yoast_head":"<!-- This site is optimized with the Yoast SEO plugin v22.8 - https:\/\/yoast.com\/wordpress\/plugins\/seo\/ -->\n<title>Vida de Sant Francesc d&#039;Ass\u00eds - Editorial Mediterr\u00e0nia<\/title>\n<meta name=\"description\" content=\"Aquest nou llibre il.lustrat de sant Francesc d\u2019Ass\u00eds \u00e9s una s\u00edntesi d\u2019altres treballs anteriors que han escrit Fra Antoni-Maria de Barcelona, fra Miquel Colom i fra Jacint Duran, tots ells frares caputxins catalans.\" \/>\n<meta name=\"robots\" content=\"index, follow, max-snippet:-1, max-image-preview:large, max-video-preview:-1\" \/>\n<link rel=\"canonical\" href=\"https:\/\/editorialmediterrania.com\/en\/product\/vida-de-sant-francesc-dassis\/\" \/>\n<meta property=\"og:locale\" content=\"en_US\" \/>\n<meta property=\"og:type\" content=\"article\" \/>\n<meta property=\"og:title\" content=\"Vida de Sant Francesc d&#039;Ass\u00eds - Editorial Mediterr\u00e0nia\" \/>\n<meta property=\"og:description\" content=\"Aquest nou llibre il.lustrat de sant Francesc d\u2019Ass\u00eds \u00e9s una s\u00edntesi d\u2019altres treballs anteriors que han escrit Fra Antoni-Maria de Barcelona, fra Miquel Colom i fra Jacint Duran, tots ells frares caputxins catalans.\" \/>\n<meta property=\"og:url\" content=\"https:\/\/editorialmediterrania.com\/en\/product\/vida-de-sant-francesc-dassis\/\" \/>\n<meta property=\"og:site_name\" content=\"Editorial Mediterr\u00e0nia\" \/>\n<meta property=\"article:modified_time\" content=\"2025-07-31T09:16:17+00:00\" \/>\n<meta property=\"og:image\" content=\"https:\/\/editorialmediterrania.com\/wp-content\/uploads\/2017\/10\/9788499795645.jpg\" \/>\n\t<meta property=\"og:image:width\" content=\"818\" \/>\n\t<meta property=\"og:image:height\" content=\"1134\" \/>\n\t<meta property=\"og:image:type\" content=\"image\/jpeg\" \/>\n<meta name=\"twitter:card\" content=\"summary_large_image\" \/>\n<meta name=\"twitter:site\" content=\"@edmediterrania\" \/>\n<meta name=\"twitter:label1\" content=\"Est. reading time\" \/>\n\t<meta name=\"twitter:data1\" content=\"2 minutes\" \/>\n<script type=\"application\/ld+json\" class=\"yoast-schema-graph\">{\"@context\":\"https:\/\/schema.org\",\"@graph\":[{\"@type\":\"WebPage\",\"@id\":\"https:\/\/editorialmediterrania.com\/en\/product\/vida-de-sant-francesc-dassis\/\",\"url\":\"https:\/\/editorialmediterrania.com\/en\/product\/vida-de-sant-francesc-dassis\/\",\"name\":\"Vida de Sant Francesc d'Ass\u00eds - Editorial Mediterr\u00e0nia\",\"isPartOf\":{\"@id\":\"https:\/\/editorialmediterrania.com\/en\/#website\"},\"primaryImageOfPage\":{\"@id\":\"https:\/\/editorialmediterrania.com\/en\/product\/vida-de-sant-francesc-dassis\/#primaryimage\"},\"image\":{\"@id\":\"https:\/\/editorialmediterrania.com\/en\/product\/vida-de-sant-francesc-dassis\/#primaryimage\"},\"thumbnailUrl\":\"https:\/\/editorialmediterrania.com\/wp-content\/uploads\/2017\/10\/9788499795645.jpg\",\"datePublished\":\"2017-10-16T07:31:08+00:00\",\"dateModified\":\"2025-07-31T09:16:17+00:00\",\"description\":\"Aquest nou llibre il.lustrat de sant Francesc d\u2019Ass\u00eds \u00e9s una s\u00edntesi d\u2019altres treballs anteriors que han escrit Fra Antoni-Maria de Barcelona, fra Miquel Colom i fra Jacint Duran, tots ells frares caputxins catalans.\",\"breadcrumb\":{\"@id\":\"https:\/\/editorialmediterrania.com\/en\/product\/vida-de-sant-francesc-dassis\/#breadcrumb\"},\"inLanguage\":\"en-US\",\"potentialAction\":[{\"@type\":\"ReadAction\",\"target\":[\"https:\/\/editorialmediterrania.com\/en\/product\/vida-de-sant-francesc-dassis\/\"]}]},{\"@type\":\"ImageObject\",\"inLanguage\":\"en-US\",\"@id\":\"https:\/\/editorialmediterrania.com\/en\/product\/vida-de-sant-francesc-dassis\/#primaryimage\",\"url\":\"https:\/\/editorialmediterrania.com\/wp-content\/uploads\/2017\/10\/9788499795645.jpg\",\"contentUrl\":\"https:\/\/editorialmediterrania.com\/wp-content\/uploads\/2017\/10\/9788499795645.jpg\",\"width\":818,\"height\":1134,\"caption\":\"Vida de San Francesc d'Ass\u00eds - Editorial Mediterr\u00e0nia\"},{\"@type\":\"BreadcrumbList\",\"@id\":\"https:\/\/editorialmediterrania.com\/en\/product\/vida-de-sant-francesc-dassis\/#breadcrumb\",\"itemListElement\":[{\"@type\":\"ListItem\",\"position\":1,\"name\":\"Children&#8217;s art book store\",\"item\":\"https:\/\/editorialmediterrania.com\/en\/childrens-art-book-store\/\"},{\"@type\":\"ListItem\",\"position\":2,\"name\":\"Vida de Sant Francesc d&#8217;Ass\u00eds\"}]},{\"@type\":\"WebSite\",\"@id\":\"https:\/\/editorialmediterrania.com\/en\/#website\",\"url\":\"https:\/\/editorialmediterrania.com\/en\/\",\"name\":\"Editorial Mediterrania\",\"description\":\"Llibres que t\u2019obriran nous mons\",\"publisher\":{\"@id\":\"https:\/\/editorialmediterrania.com\/en\/#organization\"},\"alternateName\":\"Llibres infantils d'art, cultura i natura\",\"potentialAction\":[{\"@type\":\"SearchAction\",\"target\":{\"@type\":\"EntryPoint\",\"urlTemplate\":\"https:\/\/editorialmediterrania.com\/en\/?s={search_term_string}\"},\"query-input\":\"required name=search_term_string\"}],\"inLanguage\":\"en-US\"},{\"@type\":\"Organization\",\"@id\":\"https:\/\/editorialmediterrania.com\/en\/#organization\",\"name\":\"Editorial Mediterrania\",\"alternateName\":\"Llibres d'art, cultura i natura per infants i fam\u00edlies\",\"url\":\"https:\/\/editorialmediterrania.com\/en\/\",\"logo\":{\"@type\":\"ImageObject\",\"inLanguage\":\"en-US\",\"@id\":\"https:\/\/editorialmediterrania.com\/en\/#\/schema\/logo\/image\/\",\"url\":\"https:\/\/editorialmediterrania.com\/wp-content\/uploads\/2023\/03\/LOGO-ED_MEDITERRANIA_OK-2.png\",\"contentUrl\":\"https:\/\/editorialmediterrania.com\/wp-content\/uploads\/2023\/03\/LOGO-ED_MEDITERRANIA_OK-2.png\",\"width\":1200,\"height\":300,\"caption\":\"Editorial Mediterrania\"},\"image\":{\"@id\":\"https:\/\/editorialmediterrania.com\/en\/#\/schema\/logo\/image\/\"},\"sameAs\":[\"https:\/\/x.com\/edmediterrania\",\"https:\/\/www.instagram.com\/editorialmediterrania\/\"]}]}<\/script>\n<!-- \/ Yoast SEO plugin. -->","yoast_head_json":{"title":"Vida de Sant Francesc d'Ass\u00eds - Editorial Mediterr\u00e0nia","description":"Aquest nou llibre il.lustrat de sant Francesc d\u2019Ass\u00eds \u00e9s una s\u00edntesi d\u2019altres treballs anteriors que han escrit Fra Antoni-Maria de Barcelona, fra Miquel Colom i fra Jacint Duran, tots ells frares caputxins catalans.","robots":{"index":"index","follow":"follow","max-snippet":"max-snippet:-1","max-image-preview":"max-image-preview:large","max-video-preview":"max-video-preview:-1"},"canonical":"https:\/\/editorialmediterrania.com\/en\/product\/vida-de-sant-francesc-dassis\/","og_locale":"en_US","og_type":"article","og_title":"Vida de Sant Francesc d'Ass\u00eds - Editorial Mediterr\u00e0nia","og_description":"Aquest nou llibre il.lustrat de sant Francesc d\u2019Ass\u00eds \u00e9s una s\u00edntesi d\u2019altres treballs anteriors que han escrit Fra Antoni-Maria de Barcelona, fra Miquel Colom i fra Jacint Duran, tots ells frares caputxins catalans.","og_url":"https:\/\/editorialmediterrania.com\/en\/product\/vida-de-sant-francesc-dassis\/","og_site_name":"Editorial Mediterr\u00e0nia","article_modified_time":"2025-07-31T09:16:17+00:00","og_image":[{"width":818,"height":1134,"url":"https:\/\/editorialmediterrania.com\/wp-content\/uploads\/2017\/10\/9788499795645.jpg","type":"image\/jpeg"}],"twitter_card":"summary_large_image","twitter_site":"@edmediterrania","twitter_misc":{"Est. reading time":"2 minutes"},"schema":{"@context":"https:\/\/schema.org","@graph":[{"@type":"WebPage","@id":"https:\/\/editorialmediterrania.com\/en\/product\/vida-de-sant-francesc-dassis\/","url":"https:\/\/editorialmediterrania.com\/en\/product\/vida-de-sant-francesc-dassis\/","name":"Vida de Sant Francesc d'Ass\u00eds - Editorial Mediterr\u00e0nia","isPartOf":{"@id":"https:\/\/editorialmediterrania.com\/en\/#website"},"primaryImageOfPage":{"@id":"https:\/\/editorialmediterrania.com\/en\/product\/vida-de-sant-francesc-dassis\/#primaryimage"},"image":{"@id":"https:\/\/editorialmediterrania.com\/en\/product\/vida-de-sant-francesc-dassis\/#primaryimage"},"thumbnailUrl":"https:\/\/editorialmediterrania.com\/wp-content\/uploads\/2017\/10\/9788499795645.jpg","datePublished":"2017-10-16T07:31:08+00:00","dateModified":"2025-07-31T09:16:17+00:00","description":"Aquest nou llibre il.lustrat de sant Francesc d\u2019Ass\u00eds \u00e9s una s\u00edntesi d\u2019altres treballs anteriors que han escrit Fra Antoni-Maria de Barcelona, fra Miquel Colom i fra Jacint Duran, tots ells frares caputxins catalans.","breadcrumb":{"@id":"https:\/\/editorialmediterrania.com\/en\/product\/vida-de-sant-francesc-dassis\/#breadcrumb"},"inLanguage":"en-US","potentialAction":[{"@type":"ReadAction","target":["https:\/\/editorialmediterrania.com\/en\/product\/vida-de-sant-francesc-dassis\/"]}]},{"@type":"ImageObject","inLanguage":"en-US","@id":"https:\/\/editorialmediterrania.com\/en\/product\/vida-de-sant-francesc-dassis\/#primaryimage","url":"https:\/\/editorialmediterrania.com\/wp-content\/uploads\/2017\/10\/9788499795645.jpg","contentUrl":"https:\/\/editorialmediterrania.com\/wp-content\/uploads\/2017\/10\/9788499795645.jpg","width":818,"height":1134,"caption":"Vida de San Francesc d'Ass\u00eds - Editorial Mediterr\u00e0nia"},{"@type":"BreadcrumbList","@id":"https:\/\/editorialmediterrania.com\/en\/product\/vida-de-sant-francesc-dassis\/#breadcrumb","itemListElement":[{"@type":"ListItem","position":1,"name":"Children&#8217;s art book store","item":"https:\/\/editorialmediterrania.com\/en\/childrens-art-book-store\/"},{"@type":"ListItem","position":2,"name":"Vida de Sant Francesc d&#8217;Ass\u00eds"}]},{"@type":"WebSite","@id":"https:\/\/editorialmediterrania.com\/en\/#website","url":"https:\/\/editorialmediterrania.com\/en\/","name":"Editorial Mediterrania","description":"Llibres que t\u2019obriran nous mons","publisher":{"@id":"https:\/\/editorialmediterrania.com\/en\/#organization"},"alternateName":"Llibres infantils d'art, cultura i natura","potentialAction":[{"@type":"SearchAction","target":{"@type":"EntryPoint","urlTemplate":"https:\/\/editorialmediterrania.com\/en\/?s={search_term_string}"},"query-input":"required name=search_term_string"}],"inLanguage":"en-US"},{"@type":"Organization","@id":"https:\/\/editorialmediterrania.com\/en\/#organization","name":"Editorial Mediterrania","alternateName":"Llibres d'art, cultura i natura per infants i fam\u00edlies","url":"https:\/\/editorialmediterrania.com\/en\/","logo":{"@type":"ImageObject","inLanguage":"en-US","@id":"https:\/\/editorialmediterrania.com\/en\/#\/schema\/logo\/image\/","url":"https:\/\/editorialmediterrania.com\/wp-content\/uploads\/2023\/03\/LOGO-ED_MEDITERRANIA_OK-2.png","contentUrl":"https:\/\/editorialmediterrania.com\/wp-content\/uploads\/2023\/03\/LOGO-ED_MEDITERRANIA_OK-2.png","width":1200,"height":300,"caption":"Editorial Mediterrania"},"image":{"@id":"https:\/\/editorialmediterrania.com\/en\/#\/schema\/logo\/image\/"},"sameAs":["https:\/\/x.com\/edmediterrania","https:\/\/www.instagram.com\/editorialmediterrania\/"]}]}},"_links":{"self":[{"href":"https:\/\/editorialmediterrania.com\/en\/wp-json\/wp\/v2\/product\/27842","targetHints":{"allow":["GET"]}}],"collection":[{"href":"https:\/\/editorialmediterrania.com\/en\/wp-json\/wp\/v2\/product"}],"about":[{"href":"https:\/\/editorialmediterrania.com\/en\/wp-json\/wp\/v2\/types\/product"}],"wp:featuredmedia":[{"embeddable":true,"href":"https:\/\/editorialmediterrania.com\/en\/wp-json\/wp\/v2\/media\/27843"}],"wp:attachment":[{"href":"https:\/\/editorialmediterrania.com\/en\/wp-json\/wp\/v2\/media?parent=27842"}],"wp:term":[{"taxonomy":"product_cat","embeddable":true,"href":"https:\/\/editorialmediterrania.com\/en\/wp-json\/wp\/v2\/product_cat?post=27842"},{"taxonomy":"product_tag","embeddable":true,"href":"https:\/\/editorialmediterrania.com\/en\/wp-json\/wp\/v2\/product_tag?post=27842"},{"taxonomy":"autors","embeddable":true,"href":"https:\/\/editorialmediterrania.com\/en\/wp-json\/wp\/v2\/autors?post=27842"}],"curies":[{"name":"wp","href":"https:\/\/api.w.org\/{rel}","templated":true}]}}