{"id":27912,"date":"2017-12-05T09:58:06","date_gmt":"2017-12-05T08:58:06","guid":{"rendered":"http:\/\/localhost:8888\/mediterrania\/product\/un-mar-dhistories-maria-fortuny-2\/"},"modified":"2026-03-12T16:04:42","modified_gmt":"2026-03-12T15:04:42","slug":"un-mar-dhistories-maria-fortuny","status":"publish","type":"product","link":"https:\/\/editorialmediterrania.com\/en\/product\/un-mar-dhistories-maria-fortuny\/","title":{"rendered":"Mari\u00e0 Fortuny"},"content":{"rendered":"<p class=\"p2\">El nou t\u00edtol de <a href=\"http:\/\/localhost:8888\/mediterrania\/\/coleccions\/infantil-juvenil-i-families\/col-leccions\/un-mar-histories\/\">la col\u00b7lecci\u00f3 Un mar d\u2019hist\u00f2ries<\/a> tracta sobre el pintor Mari\u00e0 Fortuny, qui va n\u00e9ixer a Reus l&#8217;any 1838 i va morir a Roma 36 anys despr\u00e9s. Un dels pintors m\u00e9s importants i reconeguts del S.XIX, despr\u00e9s de Goya. Els seus quadres es van vendre, ja en vida seva, a preus desorbitats.<\/p>\n<p class=\"p2\">El llibre narra la hist\u00f2ria de l\u2019artista en primera persona per fer m\u00e9s propera la seva biografia al lector. Est\u00e0 escrit per l&#8217;autora guardonada pel premi Nadal 2017 Care Santos, i les il\u00b7lustracions s\u00f3n de Roberta Bridda.<\/p>\n<p class=\"p2\">Amb el suport de:<br \/>\n<a href=\"https:\/\/editorialmediterrania.com\/wp-content\/uploads\/2016\/09\/cultura_h3-300x69.jpeg\"><img decoding=\"async\" class=\" wp-image-27847 aligncenter\" src=\"https:\/\/editorialmediterrania.com\/wp-content\/uploads\/2016\/09\/cultura_h3-300x69.jpeg\" alt=\"\" width=\"150\" height=\"34\" srcset=\"https:\/\/editorialmediterrania.com\/wp-content\/uploads\/2016\/09\/cultura_h3-300x69.jpeg 300w, https:\/\/editorialmediterrania.com\/wp-content\/uploads\/2016\/09\/cultura_h3.jpeg 454w\" sizes=\"(max-width: 150px) 100vw, 150px\" \/><\/a><\/p>\n","protected":false},"excerpt":{"rendered":"<p>El nou t\u00edtol de la col\u00b7lecci\u00f3 Un mar d\u2019hist\u00f2ries tracta sobre el pintor Mari\u00e0 Fortuny, qui va n\u00e9ixer a Reus l&#8217;any 1838 i va morir a Roma 36 anys despr\u00e9s. Un dels pintors m\u00e9s importants i reconeguts del S.XIX, despr\u00e9s de Goya. Els seus quadres es van vendre, ja en vida seva, a preus desorbitats. [&hellip;]<\/p>\n","protected":false},"featured_media":27907,"template":"","meta":[],"product_cat":[31,29],"product_tag":[6501,6028,6029,6033,6036,6030,5992,4407],"autors":[],"class_list":{"0":"post-27912","1":"product","2":"type-product","3":"status-publish","4":"has-post-thumbnail","6":"product_cat-editorial-mediterrania","7":"product_cat-art-with-family","8":"product_tag-contes-en-catala-en","9":"product_tag-contes-il-lustrats-en","10":"product_tag-contes-infantils-en","11":"product_tag-contes-per-nens-en","12":"product_tag-llibres-de-contes-en","13":"product_tag-llibres-il-lustrats-en","14":"product_tag-llibres-infantils-en","15":"product_tag-reus-en","17":"first","18":"instock","19":"purchasable","20":"product-type-variable","21":"has-default-attributes","swatches":"rey-swatches","show_selected":""},"acf":[],"yoast_head":"<!-- This site is optimized with the Yoast SEO plugin v22.8 - https:\/\/yoast.com\/wordpress\/plugins\/seo\/ -->\n<title>Mari\u00e0 Fortuny , conte infantil - Editorial Mediterr\u00e0nia<\/title>\n<meta name=\"description\" content=\"El nou conte infantil de la col\u00b7lecci\u00f3 Un mar d\u2019hist\u00f2ries tracta sobre el pintor Mari\u00e0 Fortuny, qui va n\u00e9ixer a Reus l&#039;any 1838 i va morir a Roma 36 anys despr\u00e9s.\" \/>\n<meta name=\"robots\" content=\"index, follow, max-snippet:-1, max-image-preview:large, max-video-preview:-1\" \/>\n<link rel=\"canonical\" href=\"https:\/\/editorialmediterrania.com\/en\/product\/un-mar-dhistories-maria-fortuny\/\" \/>\n<meta property=\"og:locale\" content=\"en_US\" \/>\n<meta property=\"og:type\" content=\"article\" \/>\n<meta property=\"og:title\" content=\"Mari\u00e0 Fortuny , conte infantil - Editorial Mediterr\u00e0nia\" \/>\n<meta property=\"og:description\" content=\"El nou conte infantil de la col\u00b7lecci\u00f3 Un mar d\u2019hist\u00f2ries tracta sobre el pintor Mari\u00e0 Fortuny, qui va n\u00e9ixer a Reus l&#039;any 1838 i va morir a Roma 36 anys despr\u00e9s.\" \/>\n<meta property=\"og:url\" content=\"https:\/\/editorialmediterrania.com\/en\/product\/un-mar-dhistories-maria-fortuny\/\" \/>\n<meta property=\"og:site_name\" content=\"Editorial Mediterr\u00e0nia\" \/>\n<meta property=\"article:modified_time\" content=\"2026-03-12T15:04:42+00:00\" \/>\n<meta property=\"og:image\" content=\"https:\/\/editorialmediterrania.com\/wp-content\/uploads\/2017\/12\/Un-Mar-dhisto\u0300ries-Maria\u0300-Fortuny-min.png\" \/>\n\t<meta property=\"og:image:width\" content=\"603\" \/>\n\t<meta property=\"og:image:height\" content=\"758\" \/>\n\t<meta property=\"og:image:type\" content=\"image\/png\" \/>\n<meta name=\"twitter:card\" content=\"summary_large_image\" \/>\n<meta name=\"twitter:site\" content=\"@edmediterrania\" \/>\n<meta name=\"twitter:label1\" content=\"Est. reading time\" \/>\n\t<meta name=\"twitter:data1\" content=\"1 minute\" \/>\n<script type=\"application\/ld+json\" class=\"yoast-schema-graph\">{\"@context\":\"https:\/\/schema.org\",\"@graph\":[{\"@type\":\"WebPage\",\"@id\":\"https:\/\/editorialmediterrania.com\/en\/product\/un-mar-dhistories-maria-fortuny\/\",\"url\":\"https:\/\/editorialmediterrania.com\/en\/product\/un-mar-dhistories-maria-fortuny\/\",\"name\":\"Mari\u00e0 Fortuny , conte infantil - Editorial Mediterr\u00e0nia\",\"isPartOf\":{\"@id\":\"https:\/\/editorialmediterrania.com\/en\/#website\"},\"primaryImageOfPage\":{\"@id\":\"https:\/\/editorialmediterrania.com\/en\/product\/un-mar-dhistories-maria-fortuny\/#primaryimage\"},\"image\":{\"@id\":\"https:\/\/editorialmediterrania.com\/en\/product\/un-mar-dhistories-maria-fortuny\/#primaryimage\"},\"thumbnailUrl\":\"https:\/\/editorialmediterrania.com\/wp-content\/uploads\/2017\/12\/Un-Mar-dhisto\u0300ries-Maria\u0300-Fortuny-min.png\",\"datePublished\":\"2017-12-05T08:58:06+00:00\",\"dateModified\":\"2026-03-12T15:04:42+00:00\",\"description\":\"El nou conte infantil de la col\u00b7lecci\u00f3 Un mar d\u2019hist\u00f2ries tracta sobre el pintor Mari\u00e0 Fortuny, qui va n\u00e9ixer a Reus l'any 1838 i va morir a Roma 36 anys despr\u00e9s.\",\"breadcrumb\":{\"@id\":\"https:\/\/editorialmediterrania.com\/en\/product\/un-mar-dhistories-maria-fortuny\/#breadcrumb\"},\"inLanguage\":\"en-US\",\"potentialAction\":[{\"@type\":\"ReadAction\",\"target\":[\"https:\/\/editorialmediterrania.com\/en\/product\/un-mar-dhistories-maria-fortuny\/\"]}]},{\"@type\":\"ImageObject\",\"inLanguage\":\"en-US\",\"@id\":\"https:\/\/editorialmediterrania.com\/en\/product\/un-mar-dhistories-maria-fortuny\/#primaryimage\",\"url\":\"https:\/\/editorialmediterrania.com\/wp-content\/uploads\/2017\/12\/Un-Mar-dhisto\u0300ries-Maria\u0300-Fortuny-min.png\",\"contentUrl\":\"https:\/\/editorialmediterrania.com\/wp-content\/uploads\/2017\/12\/Un-Mar-dhisto\u0300ries-Maria\u0300-Fortuny-min.png\",\"width\":603,\"height\":758,\"caption\":\"Mari\u00e0 Fortuny - Editorial Mediterr\u00e0nbia\"},{\"@type\":\"BreadcrumbList\",\"@id\":\"https:\/\/editorialmediterrania.com\/en\/product\/un-mar-dhistories-maria-fortuny\/#breadcrumb\",\"itemListElement\":[{\"@type\":\"ListItem\",\"position\":1,\"name\":\"Children&#8217;s art book store\",\"item\":\"https:\/\/editorialmediterrania.com\/en\/childrens-art-book-store\/\"},{\"@type\":\"ListItem\",\"position\":2,\"name\":\"Mari\u00e0 Fortuny\"}]},{\"@type\":\"WebSite\",\"@id\":\"https:\/\/editorialmediterrania.com\/en\/#website\",\"url\":\"https:\/\/editorialmediterrania.com\/en\/\",\"name\":\"Editorial Mediterrania\",\"description\":\"Llibres que t\u2019obriran nous mons\",\"publisher\":{\"@id\":\"https:\/\/editorialmediterrania.com\/en\/#organization\"},\"alternateName\":\"Llibres infantils d'art, cultura i natura\",\"potentialAction\":[{\"@type\":\"SearchAction\",\"target\":{\"@type\":\"EntryPoint\",\"urlTemplate\":\"https:\/\/editorialmediterrania.com\/en\/?s={search_term_string}\"},\"query-input\":\"required name=search_term_string\"}],\"inLanguage\":\"en-US\"},{\"@type\":\"Organization\",\"@id\":\"https:\/\/editorialmediterrania.com\/en\/#organization\",\"name\":\"Editorial Mediterrania\",\"alternateName\":\"Llibres d'art, cultura i natura per infants i fam\u00edlies\",\"url\":\"https:\/\/editorialmediterrania.com\/en\/\",\"logo\":{\"@type\":\"ImageObject\",\"inLanguage\":\"en-US\",\"@id\":\"https:\/\/editorialmediterrania.com\/en\/#\/schema\/logo\/image\/\",\"url\":\"https:\/\/editorialmediterrania.com\/wp-content\/uploads\/2023\/03\/LOGO-ED_MEDITERRANIA_OK-2.png\",\"contentUrl\":\"https:\/\/editorialmediterrania.com\/wp-content\/uploads\/2023\/03\/LOGO-ED_MEDITERRANIA_OK-2.png\",\"width\":1200,\"height\":300,\"caption\":\"Editorial Mediterrania\"},\"image\":{\"@id\":\"https:\/\/editorialmediterrania.com\/en\/#\/schema\/logo\/image\/\"},\"sameAs\":[\"https:\/\/x.com\/edmediterrania\",\"https:\/\/www.instagram.com\/editorialmediterrania\/\"]}]}<\/script>\n<!-- \/ Yoast SEO plugin. -->","yoast_head_json":{"title":"Mari\u00e0 Fortuny , conte infantil - Editorial Mediterr\u00e0nia","description":"El nou conte infantil de la col\u00b7lecci\u00f3 Un mar d\u2019hist\u00f2ries tracta sobre el pintor Mari\u00e0 Fortuny, qui va n\u00e9ixer a Reus l'any 1838 i va morir a Roma 36 anys despr\u00e9s.","robots":{"index":"index","follow":"follow","max-snippet":"max-snippet:-1","max-image-preview":"max-image-preview:large","max-video-preview":"max-video-preview:-1"},"canonical":"https:\/\/editorialmediterrania.com\/en\/product\/un-mar-dhistories-maria-fortuny\/","og_locale":"en_US","og_type":"article","og_title":"Mari\u00e0 Fortuny , conte infantil - Editorial Mediterr\u00e0nia","og_description":"El nou conte infantil de la col\u00b7lecci\u00f3 Un mar d\u2019hist\u00f2ries tracta sobre el pintor Mari\u00e0 Fortuny, qui va n\u00e9ixer a Reus l'any 1838 i va morir a Roma 36 anys despr\u00e9s.","og_url":"https:\/\/editorialmediterrania.com\/en\/product\/un-mar-dhistories-maria-fortuny\/","og_site_name":"Editorial Mediterr\u00e0nia","article_modified_time":"2026-03-12T15:04:42+00:00","og_image":[{"width":603,"height":758,"url":"https:\/\/editorialmediterrania.com\/wp-content\/uploads\/2017\/12\/Un-Mar-dhisto\u0300ries-Maria\u0300-Fortuny-min.png","type":"image\/png"}],"twitter_card":"summary_large_image","twitter_site":"@edmediterrania","twitter_misc":{"Est. reading time":"1 minute"},"schema":{"@context":"https:\/\/schema.org","@graph":[{"@type":"WebPage","@id":"https:\/\/editorialmediterrania.com\/en\/product\/un-mar-dhistories-maria-fortuny\/","url":"https:\/\/editorialmediterrania.com\/en\/product\/un-mar-dhistories-maria-fortuny\/","name":"Mari\u00e0 Fortuny , conte infantil - Editorial Mediterr\u00e0nia","isPartOf":{"@id":"https:\/\/editorialmediterrania.com\/en\/#website"},"primaryImageOfPage":{"@id":"https:\/\/editorialmediterrania.com\/en\/product\/un-mar-dhistories-maria-fortuny\/#primaryimage"},"image":{"@id":"https:\/\/editorialmediterrania.com\/en\/product\/un-mar-dhistories-maria-fortuny\/#primaryimage"},"thumbnailUrl":"https:\/\/editorialmediterrania.com\/wp-content\/uploads\/2017\/12\/Un-Mar-dhisto\u0300ries-Maria\u0300-Fortuny-min.png","datePublished":"2017-12-05T08:58:06+00:00","dateModified":"2026-03-12T15:04:42+00:00","description":"El nou conte infantil de la col\u00b7lecci\u00f3 Un mar d\u2019hist\u00f2ries tracta sobre el pintor Mari\u00e0 Fortuny, qui va n\u00e9ixer a Reus l'any 1838 i va morir a Roma 36 anys despr\u00e9s.","breadcrumb":{"@id":"https:\/\/editorialmediterrania.com\/en\/product\/un-mar-dhistories-maria-fortuny\/#breadcrumb"},"inLanguage":"en-US","potentialAction":[{"@type":"ReadAction","target":["https:\/\/editorialmediterrania.com\/en\/product\/un-mar-dhistories-maria-fortuny\/"]}]},{"@type":"ImageObject","inLanguage":"en-US","@id":"https:\/\/editorialmediterrania.com\/en\/product\/un-mar-dhistories-maria-fortuny\/#primaryimage","url":"https:\/\/editorialmediterrania.com\/wp-content\/uploads\/2017\/12\/Un-Mar-dhisto\u0300ries-Maria\u0300-Fortuny-min.png","contentUrl":"https:\/\/editorialmediterrania.com\/wp-content\/uploads\/2017\/12\/Un-Mar-dhisto\u0300ries-Maria\u0300-Fortuny-min.png","width":603,"height":758,"caption":"Mari\u00e0 Fortuny - Editorial Mediterr\u00e0nbia"},{"@type":"BreadcrumbList","@id":"https:\/\/editorialmediterrania.com\/en\/product\/un-mar-dhistories-maria-fortuny\/#breadcrumb","itemListElement":[{"@type":"ListItem","position":1,"name":"Children&#8217;s art book store","item":"https:\/\/editorialmediterrania.com\/en\/childrens-art-book-store\/"},{"@type":"ListItem","position":2,"name":"Mari\u00e0 Fortuny"}]},{"@type":"WebSite","@id":"https:\/\/editorialmediterrania.com\/en\/#website","url":"https:\/\/editorialmediterrania.com\/en\/","name":"Editorial Mediterrania","description":"Llibres que t\u2019obriran nous mons","publisher":{"@id":"https:\/\/editorialmediterrania.com\/en\/#organization"},"alternateName":"Llibres infantils d'art, cultura i natura","potentialAction":[{"@type":"SearchAction","target":{"@type":"EntryPoint","urlTemplate":"https:\/\/editorialmediterrania.com\/en\/?s={search_term_string}"},"query-input":"required name=search_term_string"}],"inLanguage":"en-US"},{"@type":"Organization","@id":"https:\/\/editorialmediterrania.com\/en\/#organization","name":"Editorial Mediterrania","alternateName":"Llibres d'art, cultura i natura per infants i fam\u00edlies","url":"https:\/\/editorialmediterrania.com\/en\/","logo":{"@type":"ImageObject","inLanguage":"en-US","@id":"https:\/\/editorialmediterrania.com\/en\/#\/schema\/logo\/image\/","url":"https:\/\/editorialmediterrania.com\/wp-content\/uploads\/2023\/03\/LOGO-ED_MEDITERRANIA_OK-2.png","contentUrl":"https:\/\/editorialmediterrania.com\/wp-content\/uploads\/2023\/03\/LOGO-ED_MEDITERRANIA_OK-2.png","width":1200,"height":300,"caption":"Editorial Mediterrania"},"image":{"@id":"https:\/\/editorialmediterrania.com\/en\/#\/schema\/logo\/image\/"},"sameAs":["https:\/\/x.com\/edmediterrania","https:\/\/www.instagram.com\/editorialmediterrania\/"]}]}},"_links":{"self":[{"href":"https:\/\/editorialmediterrania.com\/en\/wp-json\/wp\/v2\/product\/27912","targetHints":{"allow":["GET"]}}],"collection":[{"href":"https:\/\/editorialmediterrania.com\/en\/wp-json\/wp\/v2\/product"}],"about":[{"href":"https:\/\/editorialmediterrania.com\/en\/wp-json\/wp\/v2\/types\/product"}],"wp:featuredmedia":[{"embeddable":true,"href":"https:\/\/editorialmediterrania.com\/en\/wp-json\/wp\/v2\/media\/27907"}],"wp:attachment":[{"href":"https:\/\/editorialmediterrania.com\/en\/wp-json\/wp\/v2\/media?parent=27912"}],"wp:term":[{"taxonomy":"product_cat","embeddable":true,"href":"https:\/\/editorialmediterrania.com\/en\/wp-json\/wp\/v2\/product_cat?post=27912"},{"taxonomy":"product_tag","embeddable":true,"href":"https:\/\/editorialmediterrania.com\/en\/wp-json\/wp\/v2\/product_tag?post=27912"},{"taxonomy":"autors","embeddable":true,"href":"https:\/\/editorialmediterrania.com\/en\/wp-json\/wp\/v2\/autors?post=27912"}],"curies":[{"name":"wp","href":"https:\/\/api.w.org\/{rel}","templated":true}]}}