{"id":28050,"date":"2018-03-13T13:46:10","date_gmt":"2018-03-13T12:46:10","guid":{"rendered":"http:\/\/localhost:8888\/mediterrania\/?post_type=product&#038;p=28050"},"modified":"2023-12-20T10:44:04","modified_gmt":"2023-12-20T09:44:04","slug":"el-huerto-medicinal-de-la-a-a-la-z","status":"publish","type":"product","link":"https:\/\/editorialmediterrania.com\/en\/product\/el-huerto-medicinal-de-la-a-a-la-z\/","title":{"rendered":"El Huerto Medicinal de la A a la Z"},"content":{"rendered":"<p>El manual de les herbes, flors i hortalisses remeieres que tothom ha de tenir a casa. Un llibre exquisidament editat que revela els secrets de cultiu i pr\u00e0ctiques terap\u00e8utiques de la tradici\u00f3\u00a0herborista\u00a0i hort\u00edcola practicada pels franciscans\u00a0caputxins des de fa segles. Tota aquesta cultura s&#8217;ha conservat en vells manuscrits in\u00e8dits i en tractats antics molt poc coneguts que fra\u00a0Valent\u00ed\u00a0Serra de Manresa recopila en aquest llibre per acostar-los a tots els interessats en la medicina natural i en els cultius ecol\u00f2gics i de proximitat.<br \/>\nFra\u00a0Valent\u00ed\u00a0Serra i\u00a0Fornell\u00a0(Manresa, 1959) \u00e9s religi\u00f3s\u00a0caputx\u00ed i sacerdot. Doctor en hist\u00f2ria i arxiver, ha publicat nombrosos llibres i articles, entre ells\u00a0P\u00f3cimas\u00a0de Capuchino\u00a0i La huerta de San Francisco.<\/p>\n","protected":false},"excerpt":{"rendered":"<p>Remeis naturals per curar els mals del dia a dia<\/p>\n","protected":false},"featured_media":28051,"template":"","meta":[],"product_cat":[6493,3351,24],"product_tag":[3296],"autors":[],"class_list":{"0":"post-28050","1":"product","2":"type-product","3":"status-publish","4":"has-post-thumbnail","6":"product_cat-outlet","7":"product_cat-mediterrania-productes","8":"product_cat-assaig-adult","9":"product_tag-fra-valenti-serra","11":"first","12":"instock","13":"sale","14":"featured","15":"purchasable","16":"product-type-simple","swatches":"rey-swatches","show_selected":""},"acf":[],"yoast_head":"<!-- This site is optimized with the Yoast SEO plugin v22.8 - https:\/\/yoast.com\/wordpress\/plugins\/seo\/ -->\n<title>El Huerto Medicinal de la A a la Z - Editorial Mediterr\u00e0nia<\/title>\n<meta name=\"description\" content=\"Un llibre exquisidament editat que revela els secrets de cultiu i pr\u00e0ctiques terap\u00e8utiques de la tradici\u00f3\u00a0herborista\u00a0i hort\u00edcola practicada pels franciscans\u00a0caputxins des de fa segles.\" \/>\n<meta name=\"robots\" content=\"index, follow, max-snippet:-1, max-image-preview:large, max-video-preview:-1\" \/>\n<link rel=\"canonical\" href=\"https:\/\/editorialmediterrania.com\/en\/product\/el-huerto-medicinal-de-la-a-a-la-z\/\" \/>\n<meta property=\"og:locale\" content=\"en_US\" \/>\n<meta property=\"og:type\" content=\"article\" \/>\n<meta property=\"og:title\" content=\"El Huerto Medicinal de la A a la Z - Editorial Mediterr\u00e0nia\" \/>\n<meta property=\"og:description\" content=\"Un llibre exquisidament editat que revela els secrets de cultiu i pr\u00e0ctiques terap\u00e8utiques de la tradici\u00f3\u00a0herborista\u00a0i hort\u00edcola practicada pels franciscans\u00a0caputxins des de fa segles.\" \/>\n<meta property=\"og:url\" content=\"https:\/\/editorialmediterrania.com\/en\/product\/el-huerto-medicinal-de-la-a-a-la-z\/\" \/>\n<meta property=\"og:site_name\" content=\"Editorial Mediterr\u00e0nia\" \/>\n<meta property=\"article:modified_time\" content=\"2023-12-20T09:44:04+00:00\" \/>\n<meta property=\"og:image\" content=\"https:\/\/editorialmediterrania.com\/wp-content\/uploads\/2018\/03\/9788499795249-iloveimg-compressed.jpg\" \/>\n\t<meta property=\"og:image:width\" content=\"719\" \/>\n\t<meta property=\"og:image:height\" content=\"654\" \/>\n\t<meta property=\"og:image:type\" content=\"image\/jpeg\" \/>\n<meta name=\"twitter:card\" content=\"summary_large_image\" \/>\n<meta name=\"twitter:site\" content=\"@edmediterrania\" \/>\n<meta name=\"twitter:label1\" content=\"Est. reading time\" \/>\n\t<meta name=\"twitter:data1\" content=\"1 minute\" \/>\n<script type=\"application\/ld+json\" class=\"yoast-schema-graph\">{\"@context\":\"https:\/\/schema.org\",\"@graph\":[{\"@type\":\"WebPage\",\"@id\":\"https:\/\/editorialmediterrania.com\/en\/product\/el-huerto-medicinal-de-la-a-a-la-z\/\",\"url\":\"https:\/\/editorialmediterrania.com\/en\/product\/el-huerto-medicinal-de-la-a-a-la-z\/\",\"name\":\"El Huerto Medicinal de la A a la Z - Editorial Mediterr\u00e0nia\",\"isPartOf\":{\"@id\":\"https:\/\/editorialmediterrania.com\/en\/#website\"},\"primaryImageOfPage\":{\"@id\":\"https:\/\/editorialmediterrania.com\/en\/product\/el-huerto-medicinal-de-la-a-a-la-z\/#primaryimage\"},\"image\":{\"@id\":\"https:\/\/editorialmediterrania.com\/en\/product\/el-huerto-medicinal-de-la-a-a-la-z\/#primaryimage\"},\"thumbnailUrl\":\"https:\/\/editorialmediterrania.com\/wp-content\/uploads\/2018\/03\/9788499795249-iloveimg-compressed.jpg\",\"datePublished\":\"2018-03-13T12:46:10+00:00\",\"dateModified\":\"2023-12-20T09:44:04+00:00\",\"description\":\"Un llibre exquisidament editat que revela els secrets de cultiu i pr\u00e0ctiques terap\u00e8utiques de la tradici\u00f3\u00a0herborista\u00a0i hort\u00edcola practicada pels franciscans\u00a0caputxins des de fa segles.\",\"breadcrumb\":{\"@id\":\"https:\/\/editorialmediterrania.com\/en\/product\/el-huerto-medicinal-de-la-a-a-la-z\/#breadcrumb\"},\"inLanguage\":\"en-US\",\"potentialAction\":[{\"@type\":\"ReadAction\",\"target\":[\"https:\/\/editorialmediterrania.com\/en\/product\/el-huerto-medicinal-de-la-a-a-la-z\/\"]}]},{\"@type\":\"ImageObject\",\"inLanguage\":\"en-US\",\"@id\":\"https:\/\/editorialmediterrania.com\/en\/product\/el-huerto-medicinal-de-la-a-a-la-z\/#primaryimage\",\"url\":\"https:\/\/editorialmediterrania.com\/wp-content\/uploads\/2018\/03\/9788499795249-iloveimg-compressed.jpg\",\"contentUrl\":\"https:\/\/editorialmediterrania.com\/wp-content\/uploads\/2018\/03\/9788499795249-iloveimg-compressed.jpg\",\"width\":719,\"height\":654,\"caption\":\"El Huerto Medicinal - Editorial Mediterr\u00e0nia\"},{\"@type\":\"BreadcrumbList\",\"@id\":\"https:\/\/editorialmediterrania.com\/en\/product\/el-huerto-medicinal-de-la-a-a-la-z\/#breadcrumb\",\"itemListElement\":[{\"@type\":\"ListItem\",\"position\":1,\"name\":\"Children&#8217;s art book store\",\"item\":\"https:\/\/editorialmediterrania.com\/en\/childrens-art-book-store\/\"},{\"@type\":\"ListItem\",\"position\":2,\"name\":\"El Huerto Medicinal de la A a la Z\"}]},{\"@type\":\"WebSite\",\"@id\":\"https:\/\/editorialmediterrania.com\/en\/#website\",\"url\":\"https:\/\/editorialmediterrania.com\/en\/\",\"name\":\"Editorial Mediterrania\",\"description\":\"Llibres que t\u2019obriran nous mons\",\"publisher\":{\"@id\":\"https:\/\/editorialmediterrania.com\/en\/#organization\"},\"alternateName\":\"Llibres infantils d'art, cultura i natura\",\"potentialAction\":[{\"@type\":\"SearchAction\",\"target\":{\"@type\":\"EntryPoint\",\"urlTemplate\":\"https:\/\/editorialmediterrania.com\/en\/?s={search_term_string}\"},\"query-input\":\"required name=search_term_string\"}],\"inLanguage\":\"en-US\"},{\"@type\":\"Organization\",\"@id\":\"https:\/\/editorialmediterrania.com\/en\/#organization\",\"name\":\"Editorial Mediterrania\",\"alternateName\":\"Llibres d'art, cultura i natura per infants i fam\u00edlies\",\"url\":\"https:\/\/editorialmediterrania.com\/en\/\",\"logo\":{\"@type\":\"ImageObject\",\"inLanguage\":\"en-US\",\"@id\":\"https:\/\/editorialmediterrania.com\/en\/#\/schema\/logo\/image\/\",\"url\":\"https:\/\/editorialmediterrania.com\/wp-content\/uploads\/2023\/03\/LOGO-ED_MEDITERRANIA_OK-2.png\",\"contentUrl\":\"https:\/\/editorialmediterrania.com\/wp-content\/uploads\/2023\/03\/LOGO-ED_MEDITERRANIA_OK-2.png\",\"width\":1200,\"height\":300,\"caption\":\"Editorial Mediterrania\"},\"image\":{\"@id\":\"https:\/\/editorialmediterrania.com\/en\/#\/schema\/logo\/image\/\"},\"sameAs\":[\"https:\/\/x.com\/edmediterrania\",\"https:\/\/www.instagram.com\/editorialmediterrania\/\"]}]}<\/script>\n<!-- \/ Yoast SEO plugin. -->","yoast_head_json":{"title":"El Huerto Medicinal de la A a la Z - Editorial Mediterr\u00e0nia","description":"Un llibre exquisidament editat que revela els secrets de cultiu i pr\u00e0ctiques terap\u00e8utiques de la tradici\u00f3\u00a0herborista\u00a0i hort\u00edcola practicada pels franciscans\u00a0caputxins des de fa segles.","robots":{"index":"index","follow":"follow","max-snippet":"max-snippet:-1","max-image-preview":"max-image-preview:large","max-video-preview":"max-video-preview:-1"},"canonical":"https:\/\/editorialmediterrania.com\/en\/product\/el-huerto-medicinal-de-la-a-a-la-z\/","og_locale":"en_US","og_type":"article","og_title":"El Huerto Medicinal de la A a la Z - Editorial Mediterr\u00e0nia","og_description":"Un llibre exquisidament editat que revela els secrets de cultiu i pr\u00e0ctiques terap\u00e8utiques de la tradici\u00f3\u00a0herborista\u00a0i hort\u00edcola practicada pels franciscans\u00a0caputxins des de fa segles.","og_url":"https:\/\/editorialmediterrania.com\/en\/product\/el-huerto-medicinal-de-la-a-a-la-z\/","og_site_name":"Editorial Mediterr\u00e0nia","article_modified_time":"2023-12-20T09:44:04+00:00","og_image":[{"width":719,"height":654,"url":"https:\/\/editorialmediterrania.com\/wp-content\/uploads\/2018\/03\/9788499795249-iloveimg-compressed.jpg","type":"image\/jpeg"}],"twitter_card":"summary_large_image","twitter_site":"@edmediterrania","twitter_misc":{"Est. reading time":"1 minute"},"schema":{"@context":"https:\/\/schema.org","@graph":[{"@type":"WebPage","@id":"https:\/\/editorialmediterrania.com\/en\/product\/el-huerto-medicinal-de-la-a-a-la-z\/","url":"https:\/\/editorialmediterrania.com\/en\/product\/el-huerto-medicinal-de-la-a-a-la-z\/","name":"El Huerto Medicinal de la A a la Z - Editorial Mediterr\u00e0nia","isPartOf":{"@id":"https:\/\/editorialmediterrania.com\/en\/#website"},"primaryImageOfPage":{"@id":"https:\/\/editorialmediterrania.com\/en\/product\/el-huerto-medicinal-de-la-a-a-la-z\/#primaryimage"},"image":{"@id":"https:\/\/editorialmediterrania.com\/en\/product\/el-huerto-medicinal-de-la-a-a-la-z\/#primaryimage"},"thumbnailUrl":"https:\/\/editorialmediterrania.com\/wp-content\/uploads\/2018\/03\/9788499795249-iloveimg-compressed.jpg","datePublished":"2018-03-13T12:46:10+00:00","dateModified":"2023-12-20T09:44:04+00:00","description":"Un llibre exquisidament editat que revela els secrets de cultiu i pr\u00e0ctiques terap\u00e8utiques de la tradici\u00f3\u00a0herborista\u00a0i hort\u00edcola practicada pels franciscans\u00a0caputxins des de fa segles.","breadcrumb":{"@id":"https:\/\/editorialmediterrania.com\/en\/product\/el-huerto-medicinal-de-la-a-a-la-z\/#breadcrumb"},"inLanguage":"en-US","potentialAction":[{"@type":"ReadAction","target":["https:\/\/editorialmediterrania.com\/en\/product\/el-huerto-medicinal-de-la-a-a-la-z\/"]}]},{"@type":"ImageObject","inLanguage":"en-US","@id":"https:\/\/editorialmediterrania.com\/en\/product\/el-huerto-medicinal-de-la-a-a-la-z\/#primaryimage","url":"https:\/\/editorialmediterrania.com\/wp-content\/uploads\/2018\/03\/9788499795249-iloveimg-compressed.jpg","contentUrl":"https:\/\/editorialmediterrania.com\/wp-content\/uploads\/2018\/03\/9788499795249-iloveimg-compressed.jpg","width":719,"height":654,"caption":"El Huerto Medicinal - Editorial Mediterr\u00e0nia"},{"@type":"BreadcrumbList","@id":"https:\/\/editorialmediterrania.com\/en\/product\/el-huerto-medicinal-de-la-a-a-la-z\/#breadcrumb","itemListElement":[{"@type":"ListItem","position":1,"name":"Children&#8217;s art book store","item":"https:\/\/editorialmediterrania.com\/en\/childrens-art-book-store\/"},{"@type":"ListItem","position":2,"name":"El Huerto Medicinal de la A a la Z"}]},{"@type":"WebSite","@id":"https:\/\/editorialmediterrania.com\/en\/#website","url":"https:\/\/editorialmediterrania.com\/en\/","name":"Editorial Mediterrania","description":"Llibres que t\u2019obriran nous mons","publisher":{"@id":"https:\/\/editorialmediterrania.com\/en\/#organization"},"alternateName":"Llibres infantils d'art, cultura i natura","potentialAction":[{"@type":"SearchAction","target":{"@type":"EntryPoint","urlTemplate":"https:\/\/editorialmediterrania.com\/en\/?s={search_term_string}"},"query-input":"required name=search_term_string"}],"inLanguage":"en-US"},{"@type":"Organization","@id":"https:\/\/editorialmediterrania.com\/en\/#organization","name":"Editorial Mediterrania","alternateName":"Llibres d'art, cultura i natura per infants i fam\u00edlies","url":"https:\/\/editorialmediterrania.com\/en\/","logo":{"@type":"ImageObject","inLanguage":"en-US","@id":"https:\/\/editorialmediterrania.com\/en\/#\/schema\/logo\/image\/","url":"https:\/\/editorialmediterrania.com\/wp-content\/uploads\/2023\/03\/LOGO-ED_MEDITERRANIA_OK-2.png","contentUrl":"https:\/\/editorialmediterrania.com\/wp-content\/uploads\/2023\/03\/LOGO-ED_MEDITERRANIA_OK-2.png","width":1200,"height":300,"caption":"Editorial Mediterrania"},"image":{"@id":"https:\/\/editorialmediterrania.com\/en\/#\/schema\/logo\/image\/"},"sameAs":["https:\/\/x.com\/edmediterrania","https:\/\/www.instagram.com\/editorialmediterrania\/"]}]}},"_links":{"self":[{"href":"https:\/\/editorialmediterrania.com\/en\/wp-json\/wp\/v2\/product\/28050","targetHints":{"allow":["GET"]}}],"collection":[{"href":"https:\/\/editorialmediterrania.com\/en\/wp-json\/wp\/v2\/product"}],"about":[{"href":"https:\/\/editorialmediterrania.com\/en\/wp-json\/wp\/v2\/types\/product"}],"wp:featuredmedia":[{"embeddable":true,"href":"https:\/\/editorialmediterrania.com\/en\/wp-json\/wp\/v2\/media\/28051"}],"wp:attachment":[{"href":"https:\/\/editorialmediterrania.com\/en\/wp-json\/wp\/v2\/media?parent=28050"}],"wp:term":[{"taxonomy":"product_cat","embeddable":true,"href":"https:\/\/editorialmediterrania.com\/en\/wp-json\/wp\/v2\/product_cat?post=28050"},{"taxonomy":"product_tag","embeddable":true,"href":"https:\/\/editorialmediterrania.com\/en\/wp-json\/wp\/v2\/product_tag?post=28050"},{"taxonomy":"autors","embeddable":true,"href":"https:\/\/editorialmediterrania.com\/en\/wp-json\/wp\/v2\/autors?post=28050"}],"curies":[{"name":"wp","href":"https:\/\/api.w.org\/{rel}","templated":true}]}}