{"id":28767,"date":"2018-12-14T11:39:37","date_gmt":"2018-12-14T10:39:37","guid":{"rendered":"http:\/\/localhost:8888\/mediterrania\/?post_type=product&#038;p=28767"},"modified":"2025-09-02T15:44:50","modified_gmt":"2025-09-02T13:44:50","slug":"petita-historia-dels-reis-digualada","status":"publish","type":"product","link":"https:\/\/editorialmediterrania.com\/en\/product\/petita-historia-dels-reis-digualada\/","title":{"rendered":"Petita hist\u00f2ria dels Reis d&#8217;Igualada"},"content":{"rendered":"<p>A Igualada, els Reis s\u00f3n festa grossa. La Petita hist\u00f2ria dels Reis d\u2019Igualada explica a petits i grans com \u00e9s la cavalcada de reis m\u00e9s tradicional i singular de Catalunya: centenars de patges s\u2019enfilen als balcons de les llars igualadines amb llargues escales de m\u00e0, per tal de repartir a cabassos regals i il\u00b7lusi\u00f3. Els precedeix el patge Faruk, el carter reial destinat a Igualada, que amb el llibre negre i el llibre blanc porta el registre de qui s\u2019ha portat b\u00e9 aquell any.<\/p>\n<p>La col\u00b7lecci\u00f3 de llibres infantils\u00a0<a href=\"http:\/\/localhost:8888\/mediterrania\/\/coleccions\/infantil-juvenil-i-families\/col-leccions\/petites-histories\/\">Petites hist\u00f2ries<\/a>\u00a0compta amb m\u00e9s de 330 t\u00edtols diferents, tots ells il\u00b7lustrats per Pilar\u00edn Bay\u00e9s. Gr\u00e0cies a aquesta col\u00b7lecci\u00f3, els nens i nenes de diverses generacions han pogut con\u00e8ixer els artistes, tradicions i indrets m\u00e9s destacats del nostre pa\u00eds, de manera divertida i amena.<\/p>\n","protected":false},"excerpt":{"rendered":"<p>A Igualada, els Reis s\u00f3n festa grossa. La Petita hist\u00f2ria dels Reis d\u2019Igualada explica a petits i grans com \u00e9s la cavalcada de reis m\u00e9s tradicional i singular de Catalunya: centenars de patges s\u2019enfilen als balcons de les llars igualadines amb llargues escales de m\u00e0, per tal de repartir a cabassos regals i il\u00b7lusi\u00f3. Els [&hellip;]<\/p>\n","protected":false},"featured_media":28778,"template":"","meta":[],"product_cat":[16,73],"product_tag":[5989,5912,1218,739,4388,4362],"autors":[],"class_list":{"0":"post-28767","1":"product","2":"type-product","3":"status-publish","4":"has-post-thumbnail","6":"product_cat-editorial-mediterrania","7":"product_cat-petites-histories","8":"product_tag-llibres-de-nens","9":"product_tag-llibres-il-lustrats","10":"product_tag-llibres-infantils","11":"product_tag-nadal","12":"product_tag-pilarin","13":"product_tag-pilarin-bayes","15":"first","16":"instock","17":"purchasable","18":"product-type-simple","swatches":"rey-swatches","show_selected":""},"acf":[],"yoast_head":"<!-- This site is optimized with the Yoast SEO plugin v22.8 - https:\/\/yoast.com\/wordpress\/plugins\/seo\/ -->\n<title>Petita hist\u00f2ria dels Reis d&#039;Igualada - Editorial Mediterr\u00e0nia<\/title>\n<meta name=\"description\" content=\"Llibre infantil il.lustrat, La Petita hist\u00f2ria dels Reis d\u2019Igualada explica a petits i grans com \u00e9s la cavalcada de reis m\u00e9s tradicional i singular de Catalunya.\" \/>\n<meta name=\"robots\" content=\"index, follow, max-snippet:-1, max-image-preview:large, max-video-preview:-1\" \/>\n<link rel=\"canonical\" href=\"https:\/\/editorialmediterrania.com\/en\/product\/petita-historia-dels-reis-digualada\/\" \/>\n<meta property=\"og:locale\" content=\"en_US\" \/>\n<meta property=\"og:type\" content=\"article\" \/>\n<meta property=\"og:title\" content=\"Petita hist\u00f2ria dels Reis d&#039;Igualada - Editorial Mediterr\u00e0nia\" \/>\n<meta property=\"og:description\" content=\"Llibre infantil il.lustrat, La Petita hist\u00f2ria dels Reis d\u2019Igualada explica a petits i grans com \u00e9s la cavalcada de reis m\u00e9s tradicional i singular de Catalunya.\" \/>\n<meta property=\"og:url\" content=\"https:\/\/editorialmediterrania.com\/en\/product\/petita-historia-dels-reis-digualada\/\" \/>\n<meta property=\"og:site_name\" content=\"Editorial Mediterr\u00e0nia\" \/>\n<meta property=\"article:modified_time\" content=\"2025-09-02T13:44:50+00:00\" \/>\n<meta property=\"og:image\" content=\"https:\/\/editorialmediterrania.com\/wp-content\/uploads\/2018\/12\/9788499796239.jpg\" \/>\n\t<meta property=\"og:image:width\" content=\"472\" \/>\n\t<meta property=\"og:image:height\" content=\"566\" \/>\n\t<meta property=\"og:image:type\" content=\"image\/jpeg\" \/>\n<meta name=\"twitter:card\" content=\"summary_large_image\" \/>\n<meta name=\"twitter:site\" content=\"@edmediterrania\" \/>\n<meta name=\"twitter:label1\" content=\"Est. reading time\" \/>\n\t<meta name=\"twitter:data1\" content=\"1 minute\" \/>\n<script type=\"application\/ld+json\" class=\"yoast-schema-graph\">{\"@context\":\"https:\/\/schema.org\",\"@graph\":[{\"@type\":\"WebPage\",\"@id\":\"https:\/\/editorialmediterrania.com\/en\/product\/petita-historia-dels-reis-digualada\/\",\"url\":\"https:\/\/editorialmediterrania.com\/en\/product\/petita-historia-dels-reis-digualada\/\",\"name\":\"Petita hist\u00f2ria dels Reis d'Igualada - Editorial Mediterr\u00e0nia\",\"isPartOf\":{\"@id\":\"https:\/\/editorialmediterrania.com\/en\/#website\"},\"primaryImageOfPage\":{\"@id\":\"https:\/\/editorialmediterrania.com\/en\/product\/petita-historia-dels-reis-digualada\/#primaryimage\"},\"image\":{\"@id\":\"https:\/\/editorialmediterrania.com\/en\/product\/petita-historia-dels-reis-digualada\/#primaryimage\"},\"thumbnailUrl\":\"https:\/\/editorialmediterrania.com\/wp-content\/uploads\/2018\/12\/9788499796239.jpg\",\"datePublished\":\"2018-12-14T10:39:37+00:00\",\"dateModified\":\"2025-09-02T13:44:50+00:00\",\"description\":\"Llibre infantil il.lustrat, La Petita hist\u00f2ria dels Reis d\u2019Igualada explica a petits i grans com \u00e9s la cavalcada de reis m\u00e9s tradicional i singular de Catalunya.\",\"breadcrumb\":{\"@id\":\"https:\/\/editorialmediterrania.com\/en\/product\/petita-historia-dels-reis-digualada\/#breadcrumb\"},\"inLanguage\":\"en-US\",\"potentialAction\":[{\"@type\":\"ReadAction\",\"target\":[\"https:\/\/editorialmediterrania.com\/en\/product\/petita-historia-dels-reis-digualada\/\"]}]},{\"@type\":\"ImageObject\",\"inLanguage\":\"en-US\",\"@id\":\"https:\/\/editorialmediterrania.com\/en\/product\/petita-historia-dels-reis-digualada\/#primaryimage\",\"url\":\"https:\/\/editorialmediterrania.com\/wp-content\/uploads\/2018\/12\/9788499796239.jpg\",\"contentUrl\":\"https:\/\/editorialmediterrania.com\/wp-content\/uploads\/2018\/12\/9788499796239.jpg\",\"width\":472,\"height\":566,\"caption\":\"Reis d'Igualada - Editorial Mediterr\u00e0nia\"},{\"@type\":\"BreadcrumbList\",\"@id\":\"https:\/\/editorialmediterrania.com\/en\/product\/petita-historia-dels-reis-digualada\/#breadcrumb\",\"itemListElement\":[{\"@type\":\"ListItem\",\"position\":1,\"name\":\"Children&#8217;s art book store\",\"item\":\"https:\/\/editorialmediterrania.com\/en\/childrens-art-book-store\/\"},{\"@type\":\"ListItem\",\"position\":2,\"name\":\"Petita hist\u00f2ria dels Reis d&#8217;Igualada\"}]},{\"@type\":\"WebSite\",\"@id\":\"https:\/\/editorialmediterrania.com\/en\/#website\",\"url\":\"https:\/\/editorialmediterrania.com\/en\/\",\"name\":\"Editorial Mediterrania\",\"description\":\"Llibres que t\u2019obriran nous mons\",\"publisher\":{\"@id\":\"https:\/\/editorialmediterrania.com\/en\/#organization\"},\"alternateName\":\"Llibres infantils d'art, cultura i natura\",\"potentialAction\":[{\"@type\":\"SearchAction\",\"target\":{\"@type\":\"EntryPoint\",\"urlTemplate\":\"https:\/\/editorialmediterrania.com\/en\/?s={search_term_string}\"},\"query-input\":\"required name=search_term_string\"}],\"inLanguage\":\"en-US\"},{\"@type\":\"Organization\",\"@id\":\"https:\/\/editorialmediterrania.com\/en\/#organization\",\"name\":\"Editorial Mediterrania\",\"alternateName\":\"Llibres d'art, cultura i natura per infants i fam\u00edlies\",\"url\":\"https:\/\/editorialmediterrania.com\/en\/\",\"logo\":{\"@type\":\"ImageObject\",\"inLanguage\":\"en-US\",\"@id\":\"https:\/\/editorialmediterrania.com\/en\/#\/schema\/logo\/image\/\",\"url\":\"https:\/\/editorialmediterrania.com\/wp-content\/uploads\/2023\/03\/LOGO-ED_MEDITERRANIA_OK-2.png\",\"contentUrl\":\"https:\/\/editorialmediterrania.com\/wp-content\/uploads\/2023\/03\/LOGO-ED_MEDITERRANIA_OK-2.png\",\"width\":1200,\"height\":300,\"caption\":\"Editorial Mediterrania\"},\"image\":{\"@id\":\"https:\/\/editorialmediterrania.com\/en\/#\/schema\/logo\/image\/\"},\"sameAs\":[\"https:\/\/x.com\/edmediterrania\",\"https:\/\/www.instagram.com\/editorialmediterrania\/\"]}]}<\/script>\n<!-- \/ Yoast SEO plugin. -->","yoast_head_json":{"title":"Petita hist\u00f2ria dels Reis d'Igualada - Editorial Mediterr\u00e0nia","description":"Llibre infantil il.lustrat, La Petita hist\u00f2ria dels Reis d\u2019Igualada explica a petits i grans com \u00e9s la cavalcada de reis m\u00e9s tradicional i singular de Catalunya.","robots":{"index":"index","follow":"follow","max-snippet":"max-snippet:-1","max-image-preview":"max-image-preview:large","max-video-preview":"max-video-preview:-1"},"canonical":"https:\/\/editorialmediterrania.com\/en\/product\/petita-historia-dels-reis-digualada\/","og_locale":"en_US","og_type":"article","og_title":"Petita hist\u00f2ria dels Reis d'Igualada - Editorial Mediterr\u00e0nia","og_description":"Llibre infantil il.lustrat, La Petita hist\u00f2ria dels Reis d\u2019Igualada explica a petits i grans com \u00e9s la cavalcada de reis m\u00e9s tradicional i singular de Catalunya.","og_url":"https:\/\/editorialmediterrania.com\/en\/product\/petita-historia-dels-reis-digualada\/","og_site_name":"Editorial Mediterr\u00e0nia","article_modified_time":"2025-09-02T13:44:50+00:00","og_image":[{"width":472,"height":566,"url":"https:\/\/editorialmediterrania.com\/wp-content\/uploads\/2018\/12\/9788499796239.jpg","type":"image\/jpeg"}],"twitter_card":"summary_large_image","twitter_site":"@edmediterrania","twitter_misc":{"Est. reading time":"1 minute"},"schema":{"@context":"https:\/\/schema.org","@graph":[{"@type":"WebPage","@id":"https:\/\/editorialmediterrania.com\/en\/product\/petita-historia-dels-reis-digualada\/","url":"https:\/\/editorialmediterrania.com\/en\/product\/petita-historia-dels-reis-digualada\/","name":"Petita hist\u00f2ria dels Reis d'Igualada - Editorial Mediterr\u00e0nia","isPartOf":{"@id":"https:\/\/editorialmediterrania.com\/en\/#website"},"primaryImageOfPage":{"@id":"https:\/\/editorialmediterrania.com\/en\/product\/petita-historia-dels-reis-digualada\/#primaryimage"},"image":{"@id":"https:\/\/editorialmediterrania.com\/en\/product\/petita-historia-dels-reis-digualada\/#primaryimage"},"thumbnailUrl":"https:\/\/editorialmediterrania.com\/wp-content\/uploads\/2018\/12\/9788499796239.jpg","datePublished":"2018-12-14T10:39:37+00:00","dateModified":"2025-09-02T13:44:50+00:00","description":"Llibre infantil il.lustrat, La Petita hist\u00f2ria dels Reis d\u2019Igualada explica a petits i grans com \u00e9s la cavalcada de reis m\u00e9s tradicional i singular de Catalunya.","breadcrumb":{"@id":"https:\/\/editorialmediterrania.com\/en\/product\/petita-historia-dels-reis-digualada\/#breadcrumb"},"inLanguage":"en-US","potentialAction":[{"@type":"ReadAction","target":["https:\/\/editorialmediterrania.com\/en\/product\/petita-historia-dels-reis-digualada\/"]}]},{"@type":"ImageObject","inLanguage":"en-US","@id":"https:\/\/editorialmediterrania.com\/en\/product\/petita-historia-dels-reis-digualada\/#primaryimage","url":"https:\/\/editorialmediterrania.com\/wp-content\/uploads\/2018\/12\/9788499796239.jpg","contentUrl":"https:\/\/editorialmediterrania.com\/wp-content\/uploads\/2018\/12\/9788499796239.jpg","width":472,"height":566,"caption":"Reis d'Igualada - Editorial Mediterr\u00e0nia"},{"@type":"BreadcrumbList","@id":"https:\/\/editorialmediterrania.com\/en\/product\/petita-historia-dels-reis-digualada\/#breadcrumb","itemListElement":[{"@type":"ListItem","position":1,"name":"Children&#8217;s art book store","item":"https:\/\/editorialmediterrania.com\/en\/childrens-art-book-store\/"},{"@type":"ListItem","position":2,"name":"Petita hist\u00f2ria dels Reis d&#8217;Igualada"}]},{"@type":"WebSite","@id":"https:\/\/editorialmediterrania.com\/en\/#website","url":"https:\/\/editorialmediterrania.com\/en\/","name":"Editorial Mediterrania","description":"Llibres que t\u2019obriran nous mons","publisher":{"@id":"https:\/\/editorialmediterrania.com\/en\/#organization"},"alternateName":"Llibres infantils d'art, cultura i natura","potentialAction":[{"@type":"SearchAction","target":{"@type":"EntryPoint","urlTemplate":"https:\/\/editorialmediterrania.com\/en\/?s={search_term_string}"},"query-input":"required name=search_term_string"}],"inLanguage":"en-US"},{"@type":"Organization","@id":"https:\/\/editorialmediterrania.com\/en\/#organization","name":"Editorial Mediterrania","alternateName":"Llibres d'art, cultura i natura per infants i fam\u00edlies","url":"https:\/\/editorialmediterrania.com\/en\/","logo":{"@type":"ImageObject","inLanguage":"en-US","@id":"https:\/\/editorialmediterrania.com\/en\/#\/schema\/logo\/image\/","url":"https:\/\/editorialmediterrania.com\/wp-content\/uploads\/2023\/03\/LOGO-ED_MEDITERRANIA_OK-2.png","contentUrl":"https:\/\/editorialmediterrania.com\/wp-content\/uploads\/2023\/03\/LOGO-ED_MEDITERRANIA_OK-2.png","width":1200,"height":300,"caption":"Editorial Mediterrania"},"image":{"@id":"https:\/\/editorialmediterrania.com\/en\/#\/schema\/logo\/image\/"},"sameAs":["https:\/\/x.com\/edmediterrania","https:\/\/www.instagram.com\/editorialmediterrania\/"]}]}},"_links":{"self":[{"href":"https:\/\/editorialmediterrania.com\/en\/wp-json\/wp\/v2\/product\/28767","targetHints":{"allow":["GET"]}}],"collection":[{"href":"https:\/\/editorialmediterrania.com\/en\/wp-json\/wp\/v2\/product"}],"about":[{"href":"https:\/\/editorialmediterrania.com\/en\/wp-json\/wp\/v2\/types\/product"}],"wp:featuredmedia":[{"embeddable":true,"href":"https:\/\/editorialmediterrania.com\/en\/wp-json\/wp\/v2\/media\/28778"}],"wp:attachment":[{"href":"https:\/\/editorialmediterrania.com\/en\/wp-json\/wp\/v2\/media?parent=28767"}],"wp:term":[{"taxonomy":"product_cat","embeddable":true,"href":"https:\/\/editorialmediterrania.com\/en\/wp-json\/wp\/v2\/product_cat?post=28767"},{"taxonomy":"product_tag","embeddable":true,"href":"https:\/\/editorialmediterrania.com\/en\/wp-json\/wp\/v2\/product_tag?post=28767"},{"taxonomy":"autors","embeddable":true,"href":"https:\/\/editorialmediterrania.com\/en\/wp-json\/wp\/v2\/autors?post=28767"}],"curies":[{"name":"wp","href":"https:\/\/api.w.org\/{rel}","templated":true}]}}