{"id":28830,"date":"2019-01-04T10:01:31","date_gmt":"2019-01-04T09:01:31","guid":{"rendered":"http:\/\/localhost:8888\/mediterrania\/?post_type=product&#038;p=28830"},"modified":"2025-08-29T10:52:35","modified_gmt":"2025-08-29T08:52:35","slug":"petita-historia-del-carnaval-de-solsona","status":"publish","type":"product","link":"https:\/\/editorialmediterrania.com\/en\/product\/petita-historia-del-carnaval-de-solsona\/","title":{"rendered":"Petita hist\u00f2ria del Carnaval de Solsona"},"content":{"rendered":"<p>Amb la <em>Petita hist\u00f2ria del Carnaval de Solsona<\/em> coneixereu una de les festes m\u00e9s singulars de Catalunya. La Clara, que fa poc que viu a Solsona, viur\u00e0 per primera vegada, de la m\u00e0 d\u2019un buf\u00f3, l\u2019arribada del Carnestoltes, coneixer\u00e0 les comparses, els gegants, la penjada del ruc i d\u2019altres costums d\u2019aquesta festa.<\/p>\n<p>La col\u00b7lecci\u00f3 de llibres infantils\u00a0<a href=\"http:\/\/localhost:8888\/mediterrania\/\/coleccions\/infantil-juvenil-i-families\/col-leccions\/petites-histories\/\">Petites hist\u00f2ries<\/a>\u00a0compta amb m\u00e9s de 330 t\u00edtols diferents, tots ells il\u00b7lustrats per Pilar\u00edn Bay\u00e9s. Gr\u00e0cies a aquesta col\u00b7lecci\u00f3, els nens i nenes de diverses generacions han pogut con\u00e8ixer els artistes, tradicions i indrets m\u00e9s destacats del nostre pa\u00eds, de manera divertida i amena.<\/p>\n","protected":false},"excerpt":{"rendered":"<p>Amb la Petita hist\u00f2ria del Carnaval de Solsona coneixereu una de les festes m\u00e9s singulars de Catalunya. La Clara, que fa poc que viu a Solsona, viur\u00e0 per primera vegada, de la m\u00e0 d\u2019un buf\u00f3, l\u2019arribada del Carnestoltes, coneixer\u00e0 les comparses, els gegants, la penjada del ruc i d\u2019altres costums d\u2019aquesta festa. La col\u00b7lecci\u00f3 de [&hellip;]<\/p>\n","protected":false},"featured_media":28831,"template":"","meta":[],"product_cat":[16,73],"product_tag":[5983,377,1196],"autors":[],"class_list":{"0":"post-28830","1":"product","2":"type-product","3":"status-publish","4":"has-post-thumbnail","6":"product_cat-editorial-mediterrania","7":"product_cat-petites-histories","8":"product_tag-llibre-de-nens","9":"product_tag-llibre-infantil","10":"product_tag-tradicions","12":"first","13":"outofstock","14":"purchasable","15":"product-type-simple","swatches":"rey-swatches","show_selected":""},"acf":[],"yoast_head":"<!-- This site is optimized with the Yoast SEO plugin v22.8 - https:\/\/yoast.com\/wordpress\/plugins\/seo\/ -->\n<title>Petita hist\u00f2ria del Carnaval de Solsona - Editorial Mediterr\u00e0nia<\/title>\n<meta name=\"description\" content=\"Amb el llibre infantil la Petita hist\u00f2ria del Carnaval de Solsona coneixereu una de les festes m\u00e9s singulars de Catalunya.\" \/>\n<meta name=\"robots\" content=\"index, follow, max-snippet:-1, max-image-preview:large, max-video-preview:-1\" \/>\n<link rel=\"canonical\" href=\"https:\/\/editorialmediterrania.com\/en\/product\/petita-historia-del-carnaval-de-solsona\/\" \/>\n<meta property=\"og:locale\" content=\"en_US\" \/>\n<meta property=\"og:type\" content=\"article\" \/>\n<meta property=\"og:title\" content=\"Petita hist\u00f2ria del Carnaval de Solsona - Editorial Mediterr\u00e0nia\" \/>\n<meta property=\"og:description\" content=\"Amb el llibre infantil la Petita hist\u00f2ria del Carnaval de Solsona coneixereu una de les festes m\u00e9s singulars de Catalunya.\" \/>\n<meta property=\"og:url\" content=\"https:\/\/editorialmediterrania.com\/en\/product\/petita-historia-del-carnaval-de-solsona\/\" \/>\n<meta property=\"og:site_name\" content=\"Editorial Mediterr\u00e0nia\" \/>\n<meta property=\"article:modified_time\" content=\"2025-08-29T08:52:35+00:00\" \/>\n<meta property=\"og:image\" content=\"https:\/\/editorialmediterrania.com\/wp-content\/uploads\/2019\/01\/9788499796246.jpg\" \/>\n\t<meta property=\"og:image:width\" content=\"393\" \/>\n\t<meta property=\"og:image:height\" content=\"472\" \/>\n\t<meta property=\"og:image:type\" content=\"image\/jpeg\" \/>\n<meta name=\"twitter:card\" content=\"summary_large_image\" \/>\n<meta name=\"twitter:site\" content=\"@edmediterrania\" \/>\n<meta name=\"twitter:label1\" content=\"Est. reading time\" \/>\n\t<meta name=\"twitter:data1\" content=\"1 minute\" \/>\n<script type=\"application\/ld+json\" class=\"yoast-schema-graph\">{\"@context\":\"https:\/\/schema.org\",\"@graph\":[{\"@type\":\"WebPage\",\"@id\":\"https:\/\/editorialmediterrania.com\/en\/product\/petita-historia-del-carnaval-de-solsona\/\",\"url\":\"https:\/\/editorialmediterrania.com\/en\/product\/petita-historia-del-carnaval-de-solsona\/\",\"name\":\"Petita hist\u00f2ria del Carnaval de Solsona - Editorial Mediterr\u00e0nia\",\"isPartOf\":{\"@id\":\"https:\/\/editorialmediterrania.com\/en\/#website\"},\"primaryImageOfPage\":{\"@id\":\"https:\/\/editorialmediterrania.com\/en\/product\/petita-historia-del-carnaval-de-solsona\/#primaryimage\"},\"image\":{\"@id\":\"https:\/\/editorialmediterrania.com\/en\/product\/petita-historia-del-carnaval-de-solsona\/#primaryimage\"},\"thumbnailUrl\":\"https:\/\/editorialmediterrania.com\/wp-content\/uploads\/2019\/01\/9788499796246.jpg\",\"datePublished\":\"2019-01-04T09:01:31+00:00\",\"dateModified\":\"2025-08-29T08:52:35+00:00\",\"description\":\"Amb el llibre infantil la Petita hist\u00f2ria del Carnaval de Solsona coneixereu una de les festes m\u00e9s singulars de Catalunya.\",\"breadcrumb\":{\"@id\":\"https:\/\/editorialmediterrania.com\/en\/product\/petita-historia-del-carnaval-de-solsona\/#breadcrumb\"},\"inLanguage\":\"en-US\",\"potentialAction\":[{\"@type\":\"ReadAction\",\"target\":[\"https:\/\/editorialmediterrania.com\/en\/product\/petita-historia-del-carnaval-de-solsona\/\"]}]},{\"@type\":\"ImageObject\",\"inLanguage\":\"en-US\",\"@id\":\"https:\/\/editorialmediterrania.com\/en\/product\/petita-historia-del-carnaval-de-solsona\/#primaryimage\",\"url\":\"https:\/\/editorialmediterrania.com\/wp-content\/uploads\/2019\/01\/9788499796246.jpg\",\"contentUrl\":\"https:\/\/editorialmediterrania.com\/wp-content\/uploads\/2019\/01\/9788499796246.jpg\",\"width\":393,\"height\":472,\"caption\":\"Carnaval de Solsona - Editorial Mediterr\u00e0nia\"},{\"@type\":\"BreadcrumbList\",\"@id\":\"https:\/\/editorialmediterrania.com\/en\/product\/petita-historia-del-carnaval-de-solsona\/#breadcrumb\",\"itemListElement\":[{\"@type\":\"ListItem\",\"position\":1,\"name\":\"Children&#8217;s art book store\",\"item\":\"https:\/\/editorialmediterrania.com\/en\/childrens-art-book-store\/\"},{\"@type\":\"ListItem\",\"position\":2,\"name\":\"Petita hist\u00f2ria del Carnaval de Solsona\"}]},{\"@type\":\"WebSite\",\"@id\":\"https:\/\/editorialmediterrania.com\/en\/#website\",\"url\":\"https:\/\/editorialmediterrania.com\/en\/\",\"name\":\"Editorial Mediterrania\",\"description\":\"Llibres que t\u2019obriran nous mons\",\"publisher\":{\"@id\":\"https:\/\/editorialmediterrania.com\/en\/#organization\"},\"alternateName\":\"Llibres infantils d'art, cultura i natura\",\"potentialAction\":[{\"@type\":\"SearchAction\",\"target\":{\"@type\":\"EntryPoint\",\"urlTemplate\":\"https:\/\/editorialmediterrania.com\/en\/?s={search_term_string}\"},\"query-input\":\"required name=search_term_string\"}],\"inLanguage\":\"en-US\"},{\"@type\":\"Organization\",\"@id\":\"https:\/\/editorialmediterrania.com\/en\/#organization\",\"name\":\"Editorial Mediterrania\",\"alternateName\":\"Llibres d'art, cultura i natura per infants i fam\u00edlies\",\"url\":\"https:\/\/editorialmediterrania.com\/en\/\",\"logo\":{\"@type\":\"ImageObject\",\"inLanguage\":\"en-US\",\"@id\":\"https:\/\/editorialmediterrania.com\/en\/#\/schema\/logo\/image\/\",\"url\":\"https:\/\/editorialmediterrania.com\/wp-content\/uploads\/2023\/03\/LOGO-ED_MEDITERRANIA_OK-2.png\",\"contentUrl\":\"https:\/\/editorialmediterrania.com\/wp-content\/uploads\/2023\/03\/LOGO-ED_MEDITERRANIA_OK-2.png\",\"width\":1200,\"height\":300,\"caption\":\"Editorial Mediterrania\"},\"image\":{\"@id\":\"https:\/\/editorialmediterrania.com\/en\/#\/schema\/logo\/image\/\"},\"sameAs\":[\"https:\/\/x.com\/edmediterrania\",\"https:\/\/www.instagram.com\/editorialmediterrania\/\"]}]}<\/script>\n<!-- \/ Yoast SEO plugin. -->","yoast_head_json":{"title":"Petita hist\u00f2ria del Carnaval de Solsona - Editorial Mediterr\u00e0nia","description":"Amb el llibre infantil la Petita hist\u00f2ria del Carnaval de Solsona coneixereu una de les festes m\u00e9s singulars de Catalunya.","robots":{"index":"index","follow":"follow","max-snippet":"max-snippet:-1","max-image-preview":"max-image-preview:large","max-video-preview":"max-video-preview:-1"},"canonical":"https:\/\/editorialmediterrania.com\/en\/product\/petita-historia-del-carnaval-de-solsona\/","og_locale":"en_US","og_type":"article","og_title":"Petita hist\u00f2ria del Carnaval de Solsona - Editorial Mediterr\u00e0nia","og_description":"Amb el llibre infantil la Petita hist\u00f2ria del Carnaval de Solsona coneixereu una de les festes m\u00e9s singulars de Catalunya.","og_url":"https:\/\/editorialmediterrania.com\/en\/product\/petita-historia-del-carnaval-de-solsona\/","og_site_name":"Editorial Mediterr\u00e0nia","article_modified_time":"2025-08-29T08:52:35+00:00","og_image":[{"width":393,"height":472,"url":"https:\/\/editorialmediterrania.com\/wp-content\/uploads\/2019\/01\/9788499796246.jpg","type":"image\/jpeg"}],"twitter_card":"summary_large_image","twitter_site":"@edmediterrania","twitter_misc":{"Est. reading time":"1 minute"},"schema":{"@context":"https:\/\/schema.org","@graph":[{"@type":"WebPage","@id":"https:\/\/editorialmediterrania.com\/en\/product\/petita-historia-del-carnaval-de-solsona\/","url":"https:\/\/editorialmediterrania.com\/en\/product\/petita-historia-del-carnaval-de-solsona\/","name":"Petita hist\u00f2ria del Carnaval de Solsona - Editorial Mediterr\u00e0nia","isPartOf":{"@id":"https:\/\/editorialmediterrania.com\/en\/#website"},"primaryImageOfPage":{"@id":"https:\/\/editorialmediterrania.com\/en\/product\/petita-historia-del-carnaval-de-solsona\/#primaryimage"},"image":{"@id":"https:\/\/editorialmediterrania.com\/en\/product\/petita-historia-del-carnaval-de-solsona\/#primaryimage"},"thumbnailUrl":"https:\/\/editorialmediterrania.com\/wp-content\/uploads\/2019\/01\/9788499796246.jpg","datePublished":"2019-01-04T09:01:31+00:00","dateModified":"2025-08-29T08:52:35+00:00","description":"Amb el llibre infantil la Petita hist\u00f2ria del Carnaval de Solsona coneixereu una de les festes m\u00e9s singulars de Catalunya.","breadcrumb":{"@id":"https:\/\/editorialmediterrania.com\/en\/product\/petita-historia-del-carnaval-de-solsona\/#breadcrumb"},"inLanguage":"en-US","potentialAction":[{"@type":"ReadAction","target":["https:\/\/editorialmediterrania.com\/en\/product\/petita-historia-del-carnaval-de-solsona\/"]}]},{"@type":"ImageObject","inLanguage":"en-US","@id":"https:\/\/editorialmediterrania.com\/en\/product\/petita-historia-del-carnaval-de-solsona\/#primaryimage","url":"https:\/\/editorialmediterrania.com\/wp-content\/uploads\/2019\/01\/9788499796246.jpg","contentUrl":"https:\/\/editorialmediterrania.com\/wp-content\/uploads\/2019\/01\/9788499796246.jpg","width":393,"height":472,"caption":"Carnaval de Solsona - Editorial Mediterr\u00e0nia"},{"@type":"BreadcrumbList","@id":"https:\/\/editorialmediterrania.com\/en\/product\/petita-historia-del-carnaval-de-solsona\/#breadcrumb","itemListElement":[{"@type":"ListItem","position":1,"name":"Children&#8217;s art book store","item":"https:\/\/editorialmediterrania.com\/en\/childrens-art-book-store\/"},{"@type":"ListItem","position":2,"name":"Petita hist\u00f2ria del Carnaval de Solsona"}]},{"@type":"WebSite","@id":"https:\/\/editorialmediterrania.com\/en\/#website","url":"https:\/\/editorialmediterrania.com\/en\/","name":"Editorial Mediterrania","description":"Llibres que t\u2019obriran nous mons","publisher":{"@id":"https:\/\/editorialmediterrania.com\/en\/#organization"},"alternateName":"Llibres infantils d'art, cultura i natura","potentialAction":[{"@type":"SearchAction","target":{"@type":"EntryPoint","urlTemplate":"https:\/\/editorialmediterrania.com\/en\/?s={search_term_string}"},"query-input":"required name=search_term_string"}],"inLanguage":"en-US"},{"@type":"Organization","@id":"https:\/\/editorialmediterrania.com\/en\/#organization","name":"Editorial Mediterrania","alternateName":"Llibres d'art, cultura i natura per infants i fam\u00edlies","url":"https:\/\/editorialmediterrania.com\/en\/","logo":{"@type":"ImageObject","inLanguage":"en-US","@id":"https:\/\/editorialmediterrania.com\/en\/#\/schema\/logo\/image\/","url":"https:\/\/editorialmediterrania.com\/wp-content\/uploads\/2023\/03\/LOGO-ED_MEDITERRANIA_OK-2.png","contentUrl":"https:\/\/editorialmediterrania.com\/wp-content\/uploads\/2023\/03\/LOGO-ED_MEDITERRANIA_OK-2.png","width":1200,"height":300,"caption":"Editorial Mediterrania"},"image":{"@id":"https:\/\/editorialmediterrania.com\/en\/#\/schema\/logo\/image\/"},"sameAs":["https:\/\/x.com\/edmediterrania","https:\/\/www.instagram.com\/editorialmediterrania\/"]}]}},"_links":{"self":[{"href":"https:\/\/editorialmediterrania.com\/en\/wp-json\/wp\/v2\/product\/28830","targetHints":{"allow":["GET"]}}],"collection":[{"href":"https:\/\/editorialmediterrania.com\/en\/wp-json\/wp\/v2\/product"}],"about":[{"href":"https:\/\/editorialmediterrania.com\/en\/wp-json\/wp\/v2\/types\/product"}],"wp:featuredmedia":[{"embeddable":true,"href":"https:\/\/editorialmediterrania.com\/en\/wp-json\/wp\/v2\/media\/28831"}],"wp:attachment":[{"href":"https:\/\/editorialmediterrania.com\/en\/wp-json\/wp\/v2\/media?parent=28830"}],"wp:term":[{"taxonomy":"product_cat","embeddable":true,"href":"https:\/\/editorialmediterrania.com\/en\/wp-json\/wp\/v2\/product_cat?post=28830"},{"taxonomy":"product_tag","embeddable":true,"href":"https:\/\/editorialmediterrania.com\/en\/wp-json\/wp\/v2\/product_tag?post=28830"},{"taxonomy":"autors","embeddable":true,"href":"https:\/\/editorialmediterrania.com\/en\/wp-json\/wp\/v2\/autors?post=28830"}],"curies":[{"name":"wp","href":"https:\/\/api.w.org\/{rel}","templated":true}]}}