{"id":29366,"date":"2019-03-29T15:19:27","date_gmt":"2019-03-29T14:19:27","guid":{"rendered":"http:\/\/localhost:8888\/mediterrania\/product\/historia-de-lart-en-21-gats-2\/"},"modified":"2025-10-01T14:49:50","modified_gmt":"2025-10-01T12:49:50","slug":"historia-de-lart-en-21-gats","status":"publish","type":"product","link":"https:\/\/editorialmediterrania.com\/en\/product\/historia-de-lart-en-21-gats\/","title":{"rendered":"Hist\u00f2ria de l&#8217;art en 21 gats"},"content":{"rendered":"<p><strong>Una hist\u00f2ria de l\u2019art de bigotis!<\/strong><\/p>\n<p>Qu\u00e8 tenien en com\u00fa Picasso, Monet i Georgia O\u2019Keefe? Exacte: tots tres van ser grans artistes\u2026 i grans amants dels gats. Ara, de la m\u00e0 (o de l\u2019urpa) de 21 gats experts en art, aprendr\u00e0s a distingir els moviments pict\u00f2rics m\u00e9s importants de la hist\u00f2ria. Il\u00b7lustrats de manera \u00fanica i divertida, coneixer\u00e0s el sorprenent gat cubista, el refinat gat rococ\u00f3, el gat surrealista i dalini\u00e0, el vist\u00f3s gat art pop, el simb\u00f2lic gat bizant\u00ed, l\u2019enigm\u00e0tica gata Monna Lisa, l\u2019elegant gat art-d\u00e9co\u2026<\/p>\n<p>\u201cUn llibre enginy\u00f3s i creatiu. Cada gat \u00e9s una obra d\u2019art\u00a0per ell mateix, per\u00f2 m\u00e9s enll\u00e0 d\u2019aix\u00f2, Gould connecta molt\u00a0b\u00e9 els moviments art\u00edstics en el temps, explicant com els\u00a0artistes pretenien superar el moviment precedent o b\u00e9\u00a0rebelar-s\u2019hi en contra.\u201d &#8211;\u00a0Culturefly<\/p>\n","protected":false},"excerpt":{"rendered":"<p>Una hist\u00f2ria de l\u2019art de bigotis! Qu\u00e8 tenien en com\u00fa Picasso, Monet i Georgia O\u2019Keefe? Exacte: tots tres van ser grans artistes\u2026 i grans amants dels gats. Ara, de la m\u00e0 (o de l\u2019urpa) de 21 gats experts en art, aprendr\u00e0s a distingir els moviments pict\u00f2rics m\u00e9s importants de la hist\u00f2ria. Il\u00b7lustrats de manera \u00fanica [&hellip;]<\/p>\n","protected":false},"featured_media":0,"template":"","meta":[],"product_cat":[31,29],"product_tag":[4119,6506,5992,5993,4319,4383],"autors":[],"class_list":{"0":"post-29366","1":"product","2":"type-product","3":"status-publish","5":"product_cat-editorial-mediterrania","6":"product_cat-art-with-family","7":"product_tag-dali-en","8":"product_tag-llibre-dart-en","9":"product_tag-llibres-infantils-en","10":"product_tag-llibres-infantils-en-catala-en","11":"product_tag-miro-en","12":"product_tag-picasso-en","14":"first","15":"instock","16":"featured","17":"purchasable","18":"product-type-variable","19":"has-default-attributes","swatches":"rey-swatches","show_selected":""},"acf":[],"yoast_head":"<!-- This site is optimized with the Yoast SEO plugin v22.8 - https:\/\/yoast.com\/wordpress\/plugins\/seo\/ -->\n<title>Hist\u00f2ria de l&#039;art en 21 gats , llibre infantil - Editorial Mediterr\u00e0nia<\/title>\n<meta name=\"description\" content=\"El llibre per aprendre hist\u00f2ria de l&#039;art a trav\u00e9s de 21 gats, amb il\u00b7lustracions de la Nia Gould. Una hist\u00f2ria de l&#039;art amb bigotis per a petits i grans!\" \/>\n<meta name=\"robots\" content=\"index, follow, max-snippet:-1, max-image-preview:large, max-video-preview:-1\" \/>\n<link rel=\"canonical\" href=\"https:\/\/editorialmediterrania.com\/en\/product\/historia-de-lart-en-21-gats\/\" \/>\n<meta property=\"og:locale\" content=\"en_US\" \/>\n<meta property=\"og:type\" content=\"article\" \/>\n<meta property=\"og:title\" content=\"Hist\u00f2ria de l&#039;art en 21 gats , llibre infantil - Editorial Mediterr\u00e0nia\" \/>\n<meta property=\"og:description\" content=\"El llibre per aprendre hist\u00f2ria de l&#039;art a trav\u00e9s de 21 gats, amb il\u00b7lustracions de la Nia Gould. Una hist\u00f2ria de l&#039;art amb bigotis per a petits i grans!\" \/>\n<meta property=\"og:url\" content=\"https:\/\/editorialmediterrania.com\/en\/product\/historia-de-lart-en-21-gats\/\" \/>\n<meta property=\"og:site_name\" content=\"Editorial Mediterr\u00e0nia\" \/>\n<meta property=\"article:modified_time\" content=\"2025-10-01T12:49:50+00:00\" \/>\n<meta property=\"og:image\" content=\"https:\/\/editorialmediterrania.com\/wp-content\/uploads\/2023\/03\/cropped-LOGO-ED_MEDITERRANIA_OK-2.png\" \/>\n\t<meta property=\"og:image:width\" content=\"512\" \/>\n\t<meta property=\"og:image:height\" content=\"512\" \/>\n\t<meta property=\"og:image:type\" content=\"image\/png\" \/>\n<meta name=\"twitter:card\" content=\"summary_large_image\" \/>\n<meta name=\"twitter:site\" content=\"@edmediterrania\" \/>\n<meta name=\"twitter:label1\" content=\"Est. reading time\" \/>\n\t<meta name=\"twitter:data1\" content=\"1 minute\" \/>\n<script type=\"application\/ld+json\" class=\"yoast-schema-graph\">{\"@context\":\"https:\/\/schema.org\",\"@graph\":[{\"@type\":\"WebPage\",\"@id\":\"https:\/\/editorialmediterrania.com\/en\/product\/historia-de-lart-en-21-gats\/\",\"url\":\"https:\/\/editorialmediterrania.com\/en\/product\/historia-de-lart-en-21-gats\/\",\"name\":\"Hist\u00f2ria de l'art en 21 gats , llibre infantil - Editorial Mediterr\u00e0nia\",\"isPartOf\":{\"@id\":\"https:\/\/editorialmediterrania.com\/en\/#website\"},\"datePublished\":\"2019-03-29T14:19:27+00:00\",\"dateModified\":\"2025-10-01T12:49:50+00:00\",\"description\":\"El llibre per aprendre hist\u00f2ria de l'art a trav\u00e9s de 21 gats, amb il\u00b7lustracions de la Nia Gould. Una hist\u00f2ria de l'art amb bigotis per a petits i grans!\",\"breadcrumb\":{\"@id\":\"https:\/\/editorialmediterrania.com\/en\/product\/historia-de-lart-en-21-gats\/#breadcrumb\"},\"inLanguage\":\"en-US\",\"potentialAction\":[{\"@type\":\"ReadAction\",\"target\":[\"https:\/\/editorialmediterrania.com\/en\/product\/historia-de-lart-en-21-gats\/\"]}]},{\"@type\":\"BreadcrumbList\",\"@id\":\"https:\/\/editorialmediterrania.com\/en\/product\/historia-de-lart-en-21-gats\/#breadcrumb\",\"itemListElement\":[{\"@type\":\"ListItem\",\"position\":1,\"name\":\"Children&#8217;s art book store\",\"item\":\"https:\/\/editorialmediterrania.com\/en\/childrens-art-book-store\/\"},{\"@type\":\"ListItem\",\"position\":2,\"name\":\"Hist\u00f2ria de l&#8217;art en 21 gats\"}]},{\"@type\":\"WebSite\",\"@id\":\"https:\/\/editorialmediterrania.com\/en\/#website\",\"url\":\"https:\/\/editorialmediterrania.com\/en\/\",\"name\":\"Editorial Mediterrania\",\"description\":\"Llibres que t\u2019obriran nous mons\",\"publisher\":{\"@id\":\"https:\/\/editorialmediterrania.com\/en\/#organization\"},\"alternateName\":\"Llibres infantils d'art, cultura i natura\",\"potentialAction\":[{\"@type\":\"SearchAction\",\"target\":{\"@type\":\"EntryPoint\",\"urlTemplate\":\"https:\/\/editorialmediterrania.com\/en\/?s={search_term_string}\"},\"query-input\":\"required name=search_term_string\"}],\"inLanguage\":\"en-US\"},{\"@type\":\"Organization\",\"@id\":\"https:\/\/editorialmediterrania.com\/en\/#organization\",\"name\":\"Editorial Mediterrania\",\"alternateName\":\"Llibres d'art, cultura i natura per infants i fam\u00edlies\",\"url\":\"https:\/\/editorialmediterrania.com\/en\/\",\"logo\":{\"@type\":\"ImageObject\",\"inLanguage\":\"en-US\",\"@id\":\"https:\/\/editorialmediterrania.com\/en\/#\/schema\/logo\/image\/\",\"url\":\"https:\/\/editorialmediterrania.com\/wp-content\/uploads\/2023\/03\/LOGO-ED_MEDITERRANIA_OK-2.png\",\"contentUrl\":\"https:\/\/editorialmediterrania.com\/wp-content\/uploads\/2023\/03\/LOGO-ED_MEDITERRANIA_OK-2.png\",\"width\":1200,\"height\":300,\"caption\":\"Editorial Mediterrania\"},\"image\":{\"@id\":\"https:\/\/editorialmediterrania.com\/en\/#\/schema\/logo\/image\/\"},\"sameAs\":[\"https:\/\/x.com\/edmediterrania\",\"https:\/\/www.instagram.com\/editorialmediterrania\/\"]}]}<\/script>\n<!-- \/ Yoast SEO plugin. -->","yoast_head_json":{"title":"Hist\u00f2ria de l'art en 21 gats , llibre infantil - Editorial Mediterr\u00e0nia","description":"El llibre per aprendre hist\u00f2ria de l'art a trav\u00e9s de 21 gats, amb il\u00b7lustracions de la Nia Gould. Una hist\u00f2ria de l'art amb bigotis per a petits i grans!","robots":{"index":"index","follow":"follow","max-snippet":"max-snippet:-1","max-image-preview":"max-image-preview:large","max-video-preview":"max-video-preview:-1"},"canonical":"https:\/\/editorialmediterrania.com\/en\/product\/historia-de-lart-en-21-gats\/","og_locale":"en_US","og_type":"article","og_title":"Hist\u00f2ria de l'art en 21 gats , llibre infantil - Editorial Mediterr\u00e0nia","og_description":"El llibre per aprendre hist\u00f2ria de l'art a trav\u00e9s de 21 gats, amb il\u00b7lustracions de la Nia Gould. Una hist\u00f2ria de l'art amb bigotis per a petits i grans!","og_url":"https:\/\/editorialmediterrania.com\/en\/product\/historia-de-lart-en-21-gats\/","og_site_name":"Editorial Mediterr\u00e0nia","article_modified_time":"2025-10-01T12:49:50+00:00","og_image":[{"width":512,"height":512,"url":"https:\/\/editorialmediterrania.com\/wp-content\/uploads\/2023\/03\/cropped-LOGO-ED_MEDITERRANIA_OK-2.png","type":"image\/png"}],"twitter_card":"summary_large_image","twitter_site":"@edmediterrania","twitter_misc":{"Est. reading time":"1 minute"},"schema":{"@context":"https:\/\/schema.org","@graph":[{"@type":"WebPage","@id":"https:\/\/editorialmediterrania.com\/en\/product\/historia-de-lart-en-21-gats\/","url":"https:\/\/editorialmediterrania.com\/en\/product\/historia-de-lart-en-21-gats\/","name":"Hist\u00f2ria de l'art en 21 gats , llibre infantil - Editorial Mediterr\u00e0nia","isPartOf":{"@id":"https:\/\/editorialmediterrania.com\/en\/#website"},"datePublished":"2019-03-29T14:19:27+00:00","dateModified":"2025-10-01T12:49:50+00:00","description":"El llibre per aprendre hist\u00f2ria de l'art a trav\u00e9s de 21 gats, amb il\u00b7lustracions de la Nia Gould. Una hist\u00f2ria de l'art amb bigotis per a petits i grans!","breadcrumb":{"@id":"https:\/\/editorialmediterrania.com\/en\/product\/historia-de-lart-en-21-gats\/#breadcrumb"},"inLanguage":"en-US","potentialAction":[{"@type":"ReadAction","target":["https:\/\/editorialmediterrania.com\/en\/product\/historia-de-lart-en-21-gats\/"]}]},{"@type":"BreadcrumbList","@id":"https:\/\/editorialmediterrania.com\/en\/product\/historia-de-lart-en-21-gats\/#breadcrumb","itemListElement":[{"@type":"ListItem","position":1,"name":"Children&#8217;s art book store","item":"https:\/\/editorialmediterrania.com\/en\/childrens-art-book-store\/"},{"@type":"ListItem","position":2,"name":"Hist\u00f2ria de l&#8217;art en 21 gats"}]},{"@type":"WebSite","@id":"https:\/\/editorialmediterrania.com\/en\/#website","url":"https:\/\/editorialmediterrania.com\/en\/","name":"Editorial Mediterrania","description":"Llibres que t\u2019obriran nous mons","publisher":{"@id":"https:\/\/editorialmediterrania.com\/en\/#organization"},"alternateName":"Llibres infantils d'art, cultura i natura","potentialAction":[{"@type":"SearchAction","target":{"@type":"EntryPoint","urlTemplate":"https:\/\/editorialmediterrania.com\/en\/?s={search_term_string}"},"query-input":"required name=search_term_string"}],"inLanguage":"en-US"},{"@type":"Organization","@id":"https:\/\/editorialmediterrania.com\/en\/#organization","name":"Editorial Mediterrania","alternateName":"Llibres d'art, cultura i natura per infants i fam\u00edlies","url":"https:\/\/editorialmediterrania.com\/en\/","logo":{"@type":"ImageObject","inLanguage":"en-US","@id":"https:\/\/editorialmediterrania.com\/en\/#\/schema\/logo\/image\/","url":"https:\/\/editorialmediterrania.com\/wp-content\/uploads\/2023\/03\/LOGO-ED_MEDITERRANIA_OK-2.png","contentUrl":"https:\/\/editorialmediterrania.com\/wp-content\/uploads\/2023\/03\/LOGO-ED_MEDITERRANIA_OK-2.png","width":1200,"height":300,"caption":"Editorial Mediterrania"},"image":{"@id":"https:\/\/editorialmediterrania.com\/en\/#\/schema\/logo\/image\/"},"sameAs":["https:\/\/x.com\/edmediterrania","https:\/\/www.instagram.com\/editorialmediterrania\/"]}]}},"_links":{"self":[{"href":"https:\/\/editorialmediterrania.com\/en\/wp-json\/wp\/v2\/product\/29366","targetHints":{"allow":["GET"]}}],"collection":[{"href":"https:\/\/editorialmediterrania.com\/en\/wp-json\/wp\/v2\/product"}],"about":[{"href":"https:\/\/editorialmediterrania.com\/en\/wp-json\/wp\/v2\/types\/product"}],"wp:attachment":[{"href":"https:\/\/editorialmediterrania.com\/en\/wp-json\/wp\/v2\/media?parent=29366"}],"wp:term":[{"taxonomy":"product_cat","embeddable":true,"href":"https:\/\/editorialmediterrania.com\/en\/wp-json\/wp\/v2\/product_cat?post=29366"},{"taxonomy":"product_tag","embeddable":true,"href":"https:\/\/editorialmediterrania.com\/en\/wp-json\/wp\/v2\/product_tag?post=29366"},{"taxonomy":"autors","embeddable":true,"href":"https:\/\/editorialmediterrania.com\/en\/wp-json\/wp\/v2\/autors?post=29366"}],"curies":[{"name":"wp","href":"https:\/\/api.w.org\/{rel}","templated":true}]}}