{"id":3234,"date":"2013-01-30T17:36:53","date_gmt":"2013-01-30T16:36:53","guid":{"rendered":"http:\/\/editorialmediterraneatest.grupoormo.com\/?post_type=product&#038;p=3234"},"modified":"2023-05-13T18:57:29","modified_gmt":"2023-05-13T16:57:29","slug":"petita-historia-de-pere-ysern-i-alle-i-el-grup-el-rovell-de-lou","status":"publish","type":"product","link":"https:\/\/editorialmediterrania.com\/en\/product\/petita-historia-de-pere-ysern-i-alle-i-el-grup-el-rovell-de-lou\/","title":{"rendered":"Petita Hist\u00f2ria de Pere Ysern i Ali\u00e9 i el grup &#8220;El rovell de l&#8217;Ou&#8221;"},"content":{"rendered":"<p style=\"text-align: justify;\">Aquesta petita hist\u00f2ria apropa als nens i nenes la vida i l\u2019obra del pintor Pere Ysern i Ali\u00e9, qui va fundar amb Mari\u00e0 Pidelaserra i Emili Fontbona el grup impressionista <i>El rovell d&#8217;ou<\/i>. El text, rigor\u00f3s per\u00f2 am\u00e8, va acompanyat de les il\u00b7lustracions a tot color de Pilar\u00edn Bay\u00e9s.<\/p>\n","protected":false},"excerpt":{"rendered":"<p>Aquesta petita hist\u00f2ria apropa als nens i nenes la vida i l\u2019obra del pintor Pere Ysern i Ali\u00e9, qui va fundar amb Mari\u00e0 Pidelaserra i Emili Fontbona el grup impressionista El rovell d&#8217;ou. El text, rigor\u00f3s per\u00f2 am\u00e8, va acompanyat de les il\u00b7lustracions a tot color de Pilar\u00edn Bay\u00e9s.<\/p>\n","protected":false},"featured_media":24520,"template":"","meta":[],"product_cat":[16,73],"product_tag":[377,4362],"autors":[],"class_list":{"0":"post-3234","1":"product","2":"type-product","3":"status-publish","4":"has-post-thumbnail","6":"product_cat-editorial-mediterrania","7":"product_cat-petites-histories","8":"product_tag-llibre-infantil","9":"product_tag-pilarin-bayes","11":"first","12":"outofstock","13":"purchasable","14":"product-type-simple","swatches":"rey-swatches","show_selected":""},"acf":[],"yoast_head":"<!-- This site is optimized with the Yoast SEO plugin v22.8 - https:\/\/yoast.com\/wordpress\/plugins\/seo\/ -->\n<title>Petita Hist\u00f2ria de Pere Ysern i All\u00e8 - Editorial Mediterrania<\/title>\n<meta name=\"description\" content=\"Llibre infantil educatiu petita hist\u00f2ria sobre la vida de l&#039;artista Pere Ysern i el grup &quot;El rovell de l&#039;ou&quot; per a nens i nenes entre 8 i 12 anys\" \/>\n<meta name=\"robots\" content=\"index, follow, max-snippet:-1, max-image-preview:large, max-video-preview:-1\" \/>\n<link rel=\"canonical\" href=\"https:\/\/editorialmediterrania.com\/en\/product\/petita-historia-de-pere-ysern-i-alle-i-el-grup-el-rovell-de-lou\/\" \/>\n<meta property=\"og:locale\" content=\"en_US\" \/>\n<meta property=\"og:type\" content=\"article\" \/>\n<meta property=\"og:title\" content=\"Petita Hist\u00f2ria de Pere Ysern i All\u00e8 - Editorial Mediterrania\" \/>\n<meta property=\"og:description\" content=\"Llibre infantil educatiu petita hist\u00f2ria sobre la vida de l&#039;artista Pere Ysern i el grup &quot;El rovell de l&#039;ou&quot; per a nens i nenes entre 8 i 12 anys\" \/>\n<meta property=\"og:url\" content=\"https:\/\/editorialmediterrania.com\/en\/product\/petita-historia-de-pere-ysern-i-alle-i-el-grup-el-rovell-de-lou\/\" \/>\n<meta property=\"og:site_name\" content=\"Editorial Mediterr\u00e0nia\" \/>\n<meta property=\"article:modified_time\" content=\"2023-05-13T16:57:29+00:00\" \/>\n<meta property=\"og:image\" content=\"https:\/\/editorialmediterrania.com\/wp-content\/uploads\/2013\/01\/Petita-Historia-de-Pere-Ysern-i-Alie-i-el-grup-El-Rovell-de-lOu.jpg\" \/>\n\t<meta property=\"og:image:width\" content=\"600\" \/>\n\t<meta property=\"og:image:height\" content=\"749\" \/>\n\t<meta property=\"og:image:type\" content=\"image\/jpeg\" \/>\n<meta name=\"twitter:card\" content=\"summary_large_image\" \/>\n<meta name=\"twitter:site\" content=\"@edmediterrania\" \/>\n<script type=\"application\/ld+json\" class=\"yoast-schema-graph\">{\"@context\":\"https:\/\/schema.org\",\"@graph\":[{\"@type\":\"WebPage\",\"@id\":\"https:\/\/editorialmediterrania.com\/en\/product\/petita-historia-de-pere-ysern-i-alle-i-el-grup-el-rovell-de-lou\/\",\"url\":\"https:\/\/editorialmediterrania.com\/en\/product\/petita-historia-de-pere-ysern-i-alle-i-el-grup-el-rovell-de-lou\/\",\"name\":\"Petita Hist\u00f2ria de Pere Ysern i All\u00e8 - Editorial Mediterrania\",\"isPartOf\":{\"@id\":\"https:\/\/editorialmediterrania.com\/en\/#website\"},\"primaryImageOfPage\":{\"@id\":\"https:\/\/editorialmediterrania.com\/en\/product\/petita-historia-de-pere-ysern-i-alle-i-el-grup-el-rovell-de-lou\/#primaryimage\"},\"image\":{\"@id\":\"https:\/\/editorialmediterrania.com\/en\/product\/petita-historia-de-pere-ysern-i-alle-i-el-grup-el-rovell-de-lou\/#primaryimage\"},\"thumbnailUrl\":\"https:\/\/editorialmediterrania.com\/wp-content\/uploads\/2013\/01\/Petita-Historia-de-Pere-Ysern-i-Alie-i-el-grup-El-Rovell-de-lOu.jpg\",\"datePublished\":\"2013-01-30T16:36:53+00:00\",\"dateModified\":\"2023-05-13T16:57:29+00:00\",\"description\":\"Llibre infantil educatiu petita hist\u00f2ria sobre la vida de l'artista Pere Ysern i el grup \\\"El rovell de l'ou\\\" per a nens i nenes entre 8 i 12 anys\",\"breadcrumb\":{\"@id\":\"https:\/\/editorialmediterrania.com\/en\/product\/petita-historia-de-pere-ysern-i-alle-i-el-grup-el-rovell-de-lou\/#breadcrumb\"},\"inLanguage\":\"en-US\",\"potentialAction\":[{\"@type\":\"ReadAction\",\"target\":[\"https:\/\/editorialmediterrania.com\/en\/product\/petita-historia-de-pere-ysern-i-alle-i-el-grup-el-rovell-de-lou\/\"]}]},{\"@type\":\"ImageObject\",\"inLanguage\":\"en-US\",\"@id\":\"https:\/\/editorialmediterrania.com\/en\/product\/petita-historia-de-pere-ysern-i-alle-i-el-grup-el-rovell-de-lou\/#primaryimage\",\"url\":\"https:\/\/editorialmediterrania.com\/wp-content\/uploads\/2013\/01\/Petita-Historia-de-Pere-Ysern-i-Alie-i-el-grup-El-Rovell-de-lOu.jpg\",\"contentUrl\":\"https:\/\/editorialmediterrania.com\/wp-content\/uploads\/2013\/01\/Petita-Historia-de-Pere-Ysern-i-Alie-i-el-grup-El-Rovell-de-lOu.jpg\",\"width\":600,\"height\":749},{\"@type\":\"BreadcrumbList\",\"@id\":\"https:\/\/editorialmediterrania.com\/en\/product\/petita-historia-de-pere-ysern-i-alle-i-el-grup-el-rovell-de-lou\/#breadcrumb\",\"itemListElement\":[{\"@type\":\"ListItem\",\"position\":1,\"name\":\"Children&#8217;s art book store\",\"item\":\"https:\/\/editorialmediterrania.com\/en\/childrens-art-book-store\/\"},{\"@type\":\"ListItem\",\"position\":2,\"name\":\"Petita Hist\u00f2ria de Pere Ysern i Ali\u00e9 i el grup &#8220;El rovell de l&#8217;Ou&#8221;\"}]},{\"@type\":\"WebSite\",\"@id\":\"https:\/\/editorialmediterrania.com\/en\/#website\",\"url\":\"https:\/\/editorialmediterrania.com\/en\/\",\"name\":\"Editorial Mediterrania\",\"description\":\"Llibres que t\u2019obriran nous mons\",\"publisher\":{\"@id\":\"https:\/\/editorialmediterrania.com\/en\/#organization\"},\"alternateName\":\"Llibres infantils d'art, cultura i natura\",\"potentialAction\":[{\"@type\":\"SearchAction\",\"target\":{\"@type\":\"EntryPoint\",\"urlTemplate\":\"https:\/\/editorialmediterrania.com\/en\/?s={search_term_string}\"},\"query-input\":\"required name=search_term_string\"}],\"inLanguage\":\"en-US\"},{\"@type\":\"Organization\",\"@id\":\"https:\/\/editorialmediterrania.com\/en\/#organization\",\"name\":\"Editorial Mediterrania\",\"alternateName\":\"Llibres d'art, cultura i natura per infants i fam\u00edlies\",\"url\":\"https:\/\/editorialmediterrania.com\/en\/\",\"logo\":{\"@type\":\"ImageObject\",\"inLanguage\":\"en-US\",\"@id\":\"https:\/\/editorialmediterrania.com\/en\/#\/schema\/logo\/image\/\",\"url\":\"https:\/\/editorialmediterrania.com\/wp-content\/uploads\/2023\/03\/LOGO-ED_MEDITERRANIA_OK-2.png\",\"contentUrl\":\"https:\/\/editorialmediterrania.com\/wp-content\/uploads\/2023\/03\/LOGO-ED_MEDITERRANIA_OK-2.png\",\"width\":1200,\"height\":300,\"caption\":\"Editorial Mediterrania\"},\"image\":{\"@id\":\"https:\/\/editorialmediterrania.com\/en\/#\/schema\/logo\/image\/\"},\"sameAs\":[\"https:\/\/x.com\/edmediterrania\",\"https:\/\/www.instagram.com\/editorialmediterrania\/\"]}]}<\/script>\n<!-- \/ Yoast SEO plugin. -->","yoast_head_json":{"title":"Petita Hist\u00f2ria de Pere Ysern i All\u00e8 - Editorial Mediterrania","description":"Llibre infantil educatiu petita hist\u00f2ria sobre la vida de l'artista Pere Ysern i el grup \"El rovell de l'ou\" per a nens i nenes entre 8 i 12 anys","robots":{"index":"index","follow":"follow","max-snippet":"max-snippet:-1","max-image-preview":"max-image-preview:large","max-video-preview":"max-video-preview:-1"},"canonical":"https:\/\/editorialmediterrania.com\/en\/product\/petita-historia-de-pere-ysern-i-alle-i-el-grup-el-rovell-de-lou\/","og_locale":"en_US","og_type":"article","og_title":"Petita Hist\u00f2ria de Pere Ysern i All\u00e8 - Editorial Mediterrania","og_description":"Llibre infantil educatiu petita hist\u00f2ria sobre la vida de l'artista Pere Ysern i el grup \"El rovell de l'ou\" per a nens i nenes entre 8 i 12 anys","og_url":"https:\/\/editorialmediterrania.com\/en\/product\/petita-historia-de-pere-ysern-i-alle-i-el-grup-el-rovell-de-lou\/","og_site_name":"Editorial Mediterr\u00e0nia","article_modified_time":"2023-05-13T16:57:29+00:00","og_image":[{"width":600,"height":749,"url":"https:\/\/editorialmediterrania.com\/wp-content\/uploads\/2013\/01\/Petita-Historia-de-Pere-Ysern-i-Alie-i-el-grup-El-Rovell-de-lOu.jpg","type":"image\/jpeg"}],"twitter_card":"summary_large_image","twitter_site":"@edmediterrania","schema":{"@context":"https:\/\/schema.org","@graph":[{"@type":"WebPage","@id":"https:\/\/editorialmediterrania.com\/en\/product\/petita-historia-de-pere-ysern-i-alle-i-el-grup-el-rovell-de-lou\/","url":"https:\/\/editorialmediterrania.com\/en\/product\/petita-historia-de-pere-ysern-i-alle-i-el-grup-el-rovell-de-lou\/","name":"Petita Hist\u00f2ria de Pere Ysern i All\u00e8 - Editorial Mediterrania","isPartOf":{"@id":"https:\/\/editorialmediterrania.com\/en\/#website"},"primaryImageOfPage":{"@id":"https:\/\/editorialmediterrania.com\/en\/product\/petita-historia-de-pere-ysern-i-alle-i-el-grup-el-rovell-de-lou\/#primaryimage"},"image":{"@id":"https:\/\/editorialmediterrania.com\/en\/product\/petita-historia-de-pere-ysern-i-alle-i-el-grup-el-rovell-de-lou\/#primaryimage"},"thumbnailUrl":"https:\/\/editorialmediterrania.com\/wp-content\/uploads\/2013\/01\/Petita-Historia-de-Pere-Ysern-i-Alie-i-el-grup-El-Rovell-de-lOu.jpg","datePublished":"2013-01-30T16:36:53+00:00","dateModified":"2023-05-13T16:57:29+00:00","description":"Llibre infantil educatiu petita hist\u00f2ria sobre la vida de l'artista Pere Ysern i el grup \"El rovell de l'ou\" per a nens i nenes entre 8 i 12 anys","breadcrumb":{"@id":"https:\/\/editorialmediterrania.com\/en\/product\/petita-historia-de-pere-ysern-i-alle-i-el-grup-el-rovell-de-lou\/#breadcrumb"},"inLanguage":"en-US","potentialAction":[{"@type":"ReadAction","target":["https:\/\/editorialmediterrania.com\/en\/product\/petita-historia-de-pere-ysern-i-alle-i-el-grup-el-rovell-de-lou\/"]}]},{"@type":"ImageObject","inLanguage":"en-US","@id":"https:\/\/editorialmediterrania.com\/en\/product\/petita-historia-de-pere-ysern-i-alle-i-el-grup-el-rovell-de-lou\/#primaryimage","url":"https:\/\/editorialmediterrania.com\/wp-content\/uploads\/2013\/01\/Petita-Historia-de-Pere-Ysern-i-Alie-i-el-grup-El-Rovell-de-lOu.jpg","contentUrl":"https:\/\/editorialmediterrania.com\/wp-content\/uploads\/2013\/01\/Petita-Historia-de-Pere-Ysern-i-Alie-i-el-grup-El-Rovell-de-lOu.jpg","width":600,"height":749},{"@type":"BreadcrumbList","@id":"https:\/\/editorialmediterrania.com\/en\/product\/petita-historia-de-pere-ysern-i-alle-i-el-grup-el-rovell-de-lou\/#breadcrumb","itemListElement":[{"@type":"ListItem","position":1,"name":"Children&#8217;s art book store","item":"https:\/\/editorialmediterrania.com\/en\/childrens-art-book-store\/"},{"@type":"ListItem","position":2,"name":"Petita Hist\u00f2ria de Pere Ysern i Ali\u00e9 i el grup &#8220;El rovell de l&#8217;Ou&#8221;"}]},{"@type":"WebSite","@id":"https:\/\/editorialmediterrania.com\/en\/#website","url":"https:\/\/editorialmediterrania.com\/en\/","name":"Editorial Mediterrania","description":"Llibres que t\u2019obriran nous mons","publisher":{"@id":"https:\/\/editorialmediterrania.com\/en\/#organization"},"alternateName":"Llibres infantils d'art, cultura i natura","potentialAction":[{"@type":"SearchAction","target":{"@type":"EntryPoint","urlTemplate":"https:\/\/editorialmediterrania.com\/en\/?s={search_term_string}"},"query-input":"required name=search_term_string"}],"inLanguage":"en-US"},{"@type":"Organization","@id":"https:\/\/editorialmediterrania.com\/en\/#organization","name":"Editorial Mediterrania","alternateName":"Llibres d'art, cultura i natura per infants i fam\u00edlies","url":"https:\/\/editorialmediterrania.com\/en\/","logo":{"@type":"ImageObject","inLanguage":"en-US","@id":"https:\/\/editorialmediterrania.com\/en\/#\/schema\/logo\/image\/","url":"https:\/\/editorialmediterrania.com\/wp-content\/uploads\/2023\/03\/LOGO-ED_MEDITERRANIA_OK-2.png","contentUrl":"https:\/\/editorialmediterrania.com\/wp-content\/uploads\/2023\/03\/LOGO-ED_MEDITERRANIA_OK-2.png","width":1200,"height":300,"caption":"Editorial Mediterrania"},"image":{"@id":"https:\/\/editorialmediterrania.com\/en\/#\/schema\/logo\/image\/"},"sameAs":["https:\/\/x.com\/edmediterrania","https:\/\/www.instagram.com\/editorialmediterrania\/"]}]}},"_links":{"self":[{"href":"https:\/\/editorialmediterrania.com\/en\/wp-json\/wp\/v2\/product\/3234","targetHints":{"allow":["GET"]}}],"collection":[{"href":"https:\/\/editorialmediterrania.com\/en\/wp-json\/wp\/v2\/product"}],"about":[{"href":"https:\/\/editorialmediterrania.com\/en\/wp-json\/wp\/v2\/types\/product"}],"wp:featuredmedia":[{"embeddable":true,"href":"https:\/\/editorialmediterrania.com\/en\/wp-json\/wp\/v2\/media\/24520"}],"wp:attachment":[{"href":"https:\/\/editorialmediterrania.com\/en\/wp-json\/wp\/v2\/media?parent=3234"}],"wp:term":[{"taxonomy":"product_cat","embeddable":true,"href":"https:\/\/editorialmediterrania.com\/en\/wp-json\/wp\/v2\/product_cat?post=3234"},{"taxonomy":"product_tag","embeddable":true,"href":"https:\/\/editorialmediterrania.com\/en\/wp-json\/wp\/v2\/product_tag?post=3234"},{"taxonomy":"autors","embeddable":true,"href":"https:\/\/editorialmediterrania.com\/en\/wp-json\/wp\/v2\/autors?post=3234"}],"curies":[{"name":"wp","href":"https:\/\/api.w.org\/{rel}","templated":true}]}}