{"id":32838,"date":"2019-07-19T10:10:46","date_gmt":"2019-07-19T08:10:46","guid":{"rendered":"http:\/\/localhost:8888\/mediterrania\/?post_type=product&#038;p=32838"},"modified":"2025-07-29T11:18:05","modified_gmt":"2025-07-29T09:18:05","slug":"contes-dels-drets-dels-infants","status":"publish","type":"product","link":"https:\/\/editorialmediterrania.com\/en\/product\/contes-dels-drets-dels-infants\/","title":{"rendered":"Contes dels Drets dels Infants"},"content":{"rendered":"<p>Quin talent hi ha a les escoles!<\/p>\n<p>Contes dels drets dels infants \u00e9s la compilaci\u00f3 dels dinou contes guanyadors del Premi Pilar\u00ednBay\u00e9s 2019. M\u00e9s de 6.000 nens i nenes, de 132 escoles de Catalunya, han participat amb les seves creacions en alguna de les quatre categories: cicle inicial, mitj\u00e0, superior i educaci\u00f3 especial.<\/p>\n<p>Qu\u00e8 passaria si hi hagu\u00e9s una guerra a Europa i ens hagu\u00e9ssim de refugiar a l&#8217;\u00c0frica? Quin color t\u00e9 la primavera? Que porta la Rim i el Josep a retrobar-se al cap de tants anys? Com seria la nostra vida si no pogu\u00e9ssim anar a escola? L&#8217;any que es compleixen 30 anys de la Convenci\u00f3 sobre els drets dels Nens de les Nacions Unides, els m\u00e9s petits us heu parat a pensar i a imaginar hist\u00f2ries sobre drets. Aqu\u00ed teniu contes infantils que ens obren la porta en un m\u00f3n d&#8217;hist\u00f2ries m\u00e0giques i que ens recorden que els drets dels nens i de les nenes de tot el m\u00f3n s&#8217;han de cuidar i respectar.<\/p>\n","protected":false},"excerpt":{"rendered":"<p>Quin talent hi ha a les escoles!<\/p>\n","protected":false},"featured_media":29459,"template":"","meta":[],"product_cat":[16],"product_tag":[5910,5589,5989,1218,4362,4014],"autors":[],"class_list":{"0":"post-32838","1":"product","2":"type-product","3":"status-publish","4":"has-post-thumbnail","6":"product_cat-editorial-mediterrania","7":"product_tag-contes-infantils","8":"product_tag-escoles-de-catalunya","9":"product_tag-llibres-de-nens","10":"product_tag-llibres-infantils","11":"product_tag-pilarin-bayes","12":"product_tag-sant-joan-de-deu","14":"first","15":"outofstock","16":"purchasable","17":"product-type-simple","swatches":"rey-swatches","show_selected":""},"acf":[],"yoast_head":"<!-- This site is optimized with the Yoast SEO plugin v22.8 - https:\/\/yoast.com\/wordpress\/plugins\/seo\/ -->\n<title>Contes dels Drets dels Infants - Editorial Mediterr\u00e0nia<\/title>\n<meta name=\"description\" content=\"Contes dels drets dels infants \u00e9s la compilaci\u00f3 dels dinou contes guanyadors del Premi Pilar\u00ednBay\u00e9s 2019. M\u00e9s de 6.000 nens i nenes, de 132 escoles de Catalunya, han participat amb les seves creacions.\" \/>\n<meta name=\"robots\" content=\"index, follow, max-snippet:-1, max-image-preview:large, max-video-preview:-1\" \/>\n<link rel=\"canonical\" href=\"https:\/\/editorialmediterrania.com\/en\/product\/contes-dels-drets-dels-infants\/\" \/>\n<meta property=\"og:locale\" content=\"en_US\" \/>\n<meta property=\"og:type\" content=\"article\" \/>\n<meta property=\"og:title\" content=\"Contes dels Drets dels Infants - Editorial Mediterr\u00e0nia\" \/>\n<meta property=\"og:description\" content=\"Contes dels drets dels infants \u00e9s la compilaci\u00f3 dels dinou contes guanyadors del Premi Pilar\u00ednBay\u00e9s 2019. M\u00e9s de 6.000 nens i nenes, de 132 escoles de Catalunya, han participat amb les seves creacions.\" \/>\n<meta property=\"og:url\" content=\"https:\/\/editorialmediterrania.com\/en\/product\/contes-dels-drets-dels-infants\/\" \/>\n<meta property=\"og:site_name\" content=\"Editorial Mediterr\u00e0nia\" \/>\n<meta property=\"article:modified_time\" content=\"2025-07-29T09:18:05+00:00\" \/>\n<meta property=\"og:image\" content=\"https:\/\/editorialmediterrania.com\/wp-content\/uploads\/2019\/06\/9788499796482.jpg\" \/>\n\t<meta property=\"og:image:width\" content=\"482\" \/>\n\t<meta property=\"og:image:height\" content=\"681\" \/>\n\t<meta property=\"og:image:type\" content=\"image\/jpeg\" \/>\n<meta name=\"twitter:card\" content=\"summary_large_image\" \/>\n<meta name=\"twitter:site\" content=\"@edmediterrania\" \/>\n<meta name=\"twitter:label1\" content=\"Est. reading time\" \/>\n\t<meta name=\"twitter:data1\" content=\"2 minutes\" \/>\n<script type=\"application\/ld+json\" class=\"yoast-schema-graph\">{\"@context\":\"https:\/\/schema.org\",\"@graph\":[{\"@type\":\"WebPage\",\"@id\":\"https:\/\/editorialmediterrania.com\/en\/product\/contes-dels-drets-dels-infants\/\",\"url\":\"https:\/\/editorialmediterrania.com\/en\/product\/contes-dels-drets-dels-infants\/\",\"name\":\"Contes dels Drets dels Infants - Editorial Mediterr\u00e0nia\",\"isPartOf\":{\"@id\":\"https:\/\/editorialmediterrania.com\/en\/#website\"},\"primaryImageOfPage\":{\"@id\":\"https:\/\/editorialmediterrania.com\/en\/product\/contes-dels-drets-dels-infants\/#primaryimage\"},\"image\":{\"@id\":\"https:\/\/editorialmediterrania.com\/en\/product\/contes-dels-drets-dels-infants\/#primaryimage\"},\"thumbnailUrl\":\"https:\/\/editorialmediterrania.com\/wp-content\/uploads\/2019\/06\/9788499796482.jpg\",\"datePublished\":\"2019-07-19T08:10:46+00:00\",\"dateModified\":\"2025-07-29T09:18:05+00:00\",\"description\":\"Contes dels drets dels infants \u00e9s la compilaci\u00f3 dels dinou contes guanyadors del Premi Pilar\u00ednBay\u00e9s 2019. M\u00e9s de 6.000 nens i nenes, de 132 escoles de Catalunya, han participat amb les seves creacions.\",\"breadcrumb\":{\"@id\":\"https:\/\/editorialmediterrania.com\/en\/product\/contes-dels-drets-dels-infants\/#breadcrumb\"},\"inLanguage\":\"en-US\",\"potentialAction\":[{\"@type\":\"ReadAction\",\"target\":[\"https:\/\/editorialmediterrania.com\/en\/product\/contes-dels-drets-dels-infants\/\"]}]},{\"@type\":\"ImageObject\",\"inLanguage\":\"en-US\",\"@id\":\"https:\/\/editorialmediterrania.com\/en\/product\/contes-dels-drets-dels-infants\/#primaryimage\",\"url\":\"https:\/\/editorialmediterrania.com\/wp-content\/uploads\/2019\/06\/9788499796482.jpg\",\"contentUrl\":\"https:\/\/editorialmediterrania.com\/wp-content\/uploads\/2019\/06\/9788499796482.jpg\",\"width\":482,\"height\":681,\"caption\":\"Contes dels drets dels infants - Editorial Mediterr\u00e0nia\"},{\"@type\":\"BreadcrumbList\",\"@id\":\"https:\/\/editorialmediterrania.com\/en\/product\/contes-dels-drets-dels-infants\/#breadcrumb\",\"itemListElement\":[{\"@type\":\"ListItem\",\"position\":1,\"name\":\"Children&#8217;s art book store\",\"item\":\"https:\/\/editorialmediterrania.com\/en\/childrens-art-book-store\/\"},{\"@type\":\"ListItem\",\"position\":2,\"name\":\"Contes dels Drets dels Infants\"}]},{\"@type\":\"WebSite\",\"@id\":\"https:\/\/editorialmediterrania.com\/en\/#website\",\"url\":\"https:\/\/editorialmediterrania.com\/en\/\",\"name\":\"Editorial Mediterrania\",\"description\":\"Llibres que t\u2019obriran nous mons\",\"publisher\":{\"@id\":\"https:\/\/editorialmediterrania.com\/en\/#organization\"},\"alternateName\":\"Llibres infantils d'art, cultura i natura\",\"potentialAction\":[{\"@type\":\"SearchAction\",\"target\":{\"@type\":\"EntryPoint\",\"urlTemplate\":\"https:\/\/editorialmediterrania.com\/en\/?s={search_term_string}\"},\"query-input\":\"required name=search_term_string\"}],\"inLanguage\":\"en-US\"},{\"@type\":\"Organization\",\"@id\":\"https:\/\/editorialmediterrania.com\/en\/#organization\",\"name\":\"Editorial Mediterrania\",\"alternateName\":\"Llibres d'art, cultura i natura per infants i fam\u00edlies\",\"url\":\"https:\/\/editorialmediterrania.com\/en\/\",\"logo\":{\"@type\":\"ImageObject\",\"inLanguage\":\"en-US\",\"@id\":\"https:\/\/editorialmediterrania.com\/en\/#\/schema\/logo\/image\/\",\"url\":\"https:\/\/editorialmediterrania.com\/wp-content\/uploads\/2023\/03\/LOGO-ED_MEDITERRANIA_OK-2.png\",\"contentUrl\":\"https:\/\/editorialmediterrania.com\/wp-content\/uploads\/2023\/03\/LOGO-ED_MEDITERRANIA_OK-2.png\",\"width\":1200,\"height\":300,\"caption\":\"Editorial Mediterrania\"},\"image\":{\"@id\":\"https:\/\/editorialmediterrania.com\/en\/#\/schema\/logo\/image\/\"},\"sameAs\":[\"https:\/\/x.com\/edmediterrania\",\"https:\/\/www.instagram.com\/editorialmediterrania\/\"]}]}<\/script>\n<!-- \/ Yoast SEO plugin. -->","yoast_head_json":{"title":"Contes dels Drets dels Infants - Editorial Mediterr\u00e0nia","description":"Contes dels drets dels infants \u00e9s la compilaci\u00f3 dels dinou contes guanyadors del Premi Pilar\u00ednBay\u00e9s 2019. M\u00e9s de 6.000 nens i nenes, de 132 escoles de Catalunya, han participat amb les seves creacions.","robots":{"index":"index","follow":"follow","max-snippet":"max-snippet:-1","max-image-preview":"max-image-preview:large","max-video-preview":"max-video-preview:-1"},"canonical":"https:\/\/editorialmediterrania.com\/en\/product\/contes-dels-drets-dels-infants\/","og_locale":"en_US","og_type":"article","og_title":"Contes dels Drets dels Infants - Editorial Mediterr\u00e0nia","og_description":"Contes dels drets dels infants \u00e9s la compilaci\u00f3 dels dinou contes guanyadors del Premi Pilar\u00ednBay\u00e9s 2019. M\u00e9s de 6.000 nens i nenes, de 132 escoles de Catalunya, han participat amb les seves creacions.","og_url":"https:\/\/editorialmediterrania.com\/en\/product\/contes-dels-drets-dels-infants\/","og_site_name":"Editorial Mediterr\u00e0nia","article_modified_time":"2025-07-29T09:18:05+00:00","og_image":[{"width":482,"height":681,"url":"https:\/\/editorialmediterrania.com\/wp-content\/uploads\/2019\/06\/9788499796482.jpg","type":"image\/jpeg"}],"twitter_card":"summary_large_image","twitter_site":"@edmediterrania","twitter_misc":{"Est. reading time":"2 minutes"},"schema":{"@context":"https:\/\/schema.org","@graph":[{"@type":"WebPage","@id":"https:\/\/editorialmediterrania.com\/en\/product\/contes-dels-drets-dels-infants\/","url":"https:\/\/editorialmediterrania.com\/en\/product\/contes-dels-drets-dels-infants\/","name":"Contes dels Drets dels Infants - Editorial Mediterr\u00e0nia","isPartOf":{"@id":"https:\/\/editorialmediterrania.com\/en\/#website"},"primaryImageOfPage":{"@id":"https:\/\/editorialmediterrania.com\/en\/product\/contes-dels-drets-dels-infants\/#primaryimage"},"image":{"@id":"https:\/\/editorialmediterrania.com\/en\/product\/contes-dels-drets-dels-infants\/#primaryimage"},"thumbnailUrl":"https:\/\/editorialmediterrania.com\/wp-content\/uploads\/2019\/06\/9788499796482.jpg","datePublished":"2019-07-19T08:10:46+00:00","dateModified":"2025-07-29T09:18:05+00:00","description":"Contes dels drets dels infants \u00e9s la compilaci\u00f3 dels dinou contes guanyadors del Premi Pilar\u00ednBay\u00e9s 2019. M\u00e9s de 6.000 nens i nenes, de 132 escoles de Catalunya, han participat amb les seves creacions.","breadcrumb":{"@id":"https:\/\/editorialmediterrania.com\/en\/product\/contes-dels-drets-dels-infants\/#breadcrumb"},"inLanguage":"en-US","potentialAction":[{"@type":"ReadAction","target":["https:\/\/editorialmediterrania.com\/en\/product\/contes-dels-drets-dels-infants\/"]}]},{"@type":"ImageObject","inLanguage":"en-US","@id":"https:\/\/editorialmediterrania.com\/en\/product\/contes-dels-drets-dels-infants\/#primaryimage","url":"https:\/\/editorialmediterrania.com\/wp-content\/uploads\/2019\/06\/9788499796482.jpg","contentUrl":"https:\/\/editorialmediterrania.com\/wp-content\/uploads\/2019\/06\/9788499796482.jpg","width":482,"height":681,"caption":"Contes dels drets dels infants - Editorial Mediterr\u00e0nia"},{"@type":"BreadcrumbList","@id":"https:\/\/editorialmediterrania.com\/en\/product\/contes-dels-drets-dels-infants\/#breadcrumb","itemListElement":[{"@type":"ListItem","position":1,"name":"Children&#8217;s art book store","item":"https:\/\/editorialmediterrania.com\/en\/childrens-art-book-store\/"},{"@type":"ListItem","position":2,"name":"Contes dels Drets dels Infants"}]},{"@type":"WebSite","@id":"https:\/\/editorialmediterrania.com\/en\/#website","url":"https:\/\/editorialmediterrania.com\/en\/","name":"Editorial Mediterrania","description":"Llibres que t\u2019obriran nous mons","publisher":{"@id":"https:\/\/editorialmediterrania.com\/en\/#organization"},"alternateName":"Llibres infantils d'art, cultura i natura","potentialAction":[{"@type":"SearchAction","target":{"@type":"EntryPoint","urlTemplate":"https:\/\/editorialmediterrania.com\/en\/?s={search_term_string}"},"query-input":"required name=search_term_string"}],"inLanguage":"en-US"},{"@type":"Organization","@id":"https:\/\/editorialmediterrania.com\/en\/#organization","name":"Editorial Mediterrania","alternateName":"Llibres d'art, cultura i natura per infants i fam\u00edlies","url":"https:\/\/editorialmediterrania.com\/en\/","logo":{"@type":"ImageObject","inLanguage":"en-US","@id":"https:\/\/editorialmediterrania.com\/en\/#\/schema\/logo\/image\/","url":"https:\/\/editorialmediterrania.com\/wp-content\/uploads\/2023\/03\/LOGO-ED_MEDITERRANIA_OK-2.png","contentUrl":"https:\/\/editorialmediterrania.com\/wp-content\/uploads\/2023\/03\/LOGO-ED_MEDITERRANIA_OK-2.png","width":1200,"height":300,"caption":"Editorial Mediterrania"},"image":{"@id":"https:\/\/editorialmediterrania.com\/en\/#\/schema\/logo\/image\/"},"sameAs":["https:\/\/x.com\/edmediterrania","https:\/\/www.instagram.com\/editorialmediterrania\/"]}]}},"_links":{"self":[{"href":"https:\/\/editorialmediterrania.com\/en\/wp-json\/wp\/v2\/product\/32838","targetHints":{"allow":["GET"]}}],"collection":[{"href":"https:\/\/editorialmediterrania.com\/en\/wp-json\/wp\/v2\/product"}],"about":[{"href":"https:\/\/editorialmediterrania.com\/en\/wp-json\/wp\/v2\/types\/product"}],"wp:featuredmedia":[{"embeddable":true,"href":"https:\/\/editorialmediterrania.com\/en\/wp-json\/wp\/v2\/media\/29459"}],"wp:attachment":[{"href":"https:\/\/editorialmediterrania.com\/en\/wp-json\/wp\/v2\/media?parent=32838"}],"wp:term":[{"taxonomy":"product_cat","embeddable":true,"href":"https:\/\/editorialmediterrania.com\/en\/wp-json\/wp\/v2\/product_cat?post=32838"},{"taxonomy":"product_tag","embeddable":true,"href":"https:\/\/editorialmediterrania.com\/en\/wp-json\/wp\/v2\/product_tag?post=32838"},{"taxonomy":"autors","embeddable":true,"href":"https:\/\/editorialmediterrania.com\/en\/wp-json\/wp\/v2\/autors?post=32838"}],"curies":[{"name":"wp","href":"https:\/\/api.w.org\/{rel}","templated":true}]}}