{"id":33007,"date":"2019-11-27T13:21:58","date_gmt":"2019-11-27T12:21:58","guid":{"rendered":"http:\/\/localhost:8888\/mediterrania\/?post_type=product&#038;p=33007"},"modified":"2025-07-31T11:07:16","modified_gmt":"2025-07-31T09:07:16","slug":"el-nostre-pessebre","status":"publish","type":"product","link":"https:\/\/editorialmediterrania.com\/en\/product\/el-nostre-pessebre\/","title":{"rendered":"El nostre pessebre"},"content":{"rendered":"<p>Els religiosos caputxins de Catalunya i Mallorca han estat uns entusiastes propagadors del pessebrisme popular, especialment durant la represa de la vida religiosa despr\u00e9s de les exclaustracions del segle XIX, quan els frares impulsaren la pr\u00e0ctica de construir pessebres, que la tradici\u00f3 catalana ha descrit com un conjunt de figuretes que representen el naixement de Jesucrist i la seva adoraci\u00f3 pels pastors.<br \/>\nAquest volum, <em>El nostre pessebre,<\/em> aporta una s\u00edntesi hist\u00f2rica sobre l\u2019origen del pessebre, que es remunta a l\u2019experi\u00e8ncia del Nadal a\u00a0Greccio viscuda l\u2019any 1223 pel mateix sant Francesc d\u2019Ass\u00eds. El\u00a0pessebre, al cap de vuit segles, ha esdevingut una de les principals construccions festives d\u2019art ef\u00edmer del patrimoni cultural i espiritual del nostre poble.<br \/>\nAmb aquest nou t\u00edtol de la col\u00b7lecci\u00f3 <em>A la caputxina<\/em> \u2013que ja t\u00e9 alguns volums dedicats a l\u2019aportaci\u00f3 dels frares catalans a la cultura popular\u2013, es presenten les peculiaritats dels pessebres impulsats pels frares caputxins, juntament amb una breu presentaci\u00f3 del simbolisme de les figures del betlem o pessebre.<\/p>\n","protected":false},"excerpt":{"rendered":"<p>Els religiosos caputxins de Catalunya i Mallorca han estat uns entusiastes propagadors del pessebrisme popular, especialment durant la represa de la vida religiosa despr\u00e9s de les exclaustracions del segle XIX, quan els frares impulsaren la pr\u00e0ctica de construir pessebres, que la tradici\u00f3 catalana ha descrit com un conjunt de figuretes que representen el naixement de [&hellip;]<\/p>\n","protected":false},"featured_media":33009,"template":"","meta":[],"product_cat":[6541,3351],"product_tag":[5983,377,739,5617,1196],"autors":[],"class_list":{"0":"post-33007","1":"product","2":"type-product","3":"status-publish","4":"has-post-thumbnail","6":"product_cat-a-la-caputxina","7":"product_cat-mediterrania-productes","8":"product_tag-llibre-de-nens","9":"product_tag-llibre-infantil","10":"product_tag-nadal","11":"product_tag-pessebre","12":"product_tag-tradicions","14":"first","15":"instock","16":"purchasable","17":"product-type-simple","swatches":"rey-swatches","show_selected":""},"acf":[],"yoast_head":"<!-- This site is optimized with the Yoast SEO plugin v22.8 - https:\/\/yoast.com\/wordpress\/plugins\/seo\/ -->\n<title>Llibre infantil El nostre pessebre - Editorial Mediterr\u00e0nia<\/title>\n<meta name=\"description\" content=\"Aquest llibre infantil, El nostre pessebre, aporta una s\u00edntesi hist\u00f2rica sobre l\u2019origen del pessebre, que es remunta a l\u2019experi\u00e8ncia del Nadal a\u00a0Greccio viscuda l\u2019any 1223 pel mateix sant Francesc d\u2019Ass\u00eds.\" \/>\n<meta name=\"robots\" content=\"index, follow, max-snippet:-1, max-image-preview:large, max-video-preview:-1\" \/>\n<link rel=\"canonical\" href=\"https:\/\/editorialmediterrania.com\/en\/product\/el-nostre-pessebre\/\" \/>\n<meta property=\"og:locale\" content=\"en_US\" \/>\n<meta property=\"og:type\" content=\"article\" \/>\n<meta property=\"og:title\" content=\"Llibre infantil El nostre pessebre - Editorial Mediterr\u00e0nia\" \/>\n<meta property=\"og:description\" content=\"Aquest llibre infantil, El nostre pessebre, aporta una s\u00edntesi hist\u00f2rica sobre l\u2019origen del pessebre, que es remunta a l\u2019experi\u00e8ncia del Nadal a\u00a0Greccio viscuda l\u2019any 1223 pel mateix sant Francesc d\u2019Ass\u00eds.\" \/>\n<meta property=\"og:url\" content=\"https:\/\/editorialmediterrania.com\/en\/product\/el-nostre-pessebre\/\" \/>\n<meta property=\"og:site_name\" content=\"Editorial Mediterr\u00e0nia\" \/>\n<meta property=\"article:modified_time\" content=\"2025-07-31T09:07:16+00:00\" \/>\n<meta property=\"og:image\" content=\"https:\/\/editorialmediterrania.com\/wp-content\/uploads\/2019\/11\/9788499796543.jpg\" \/>\n\t<meta property=\"og:image:width\" content=\"1417\" \/>\n\t<meta property=\"og:image:height\" content=\"1986\" \/>\n\t<meta property=\"og:image:type\" content=\"image\/jpeg\" \/>\n<meta name=\"twitter:card\" content=\"summary_large_image\" \/>\n<meta name=\"twitter:site\" content=\"@edmediterrania\" \/>\n<meta name=\"twitter:label1\" content=\"Est. reading time\" \/>\n\t<meta name=\"twitter:data1\" content=\"2 minutes\" \/>\n<script type=\"application\/ld+json\" class=\"yoast-schema-graph\">{\"@context\":\"https:\/\/schema.org\",\"@graph\":[{\"@type\":\"WebPage\",\"@id\":\"https:\/\/editorialmediterrania.com\/en\/product\/el-nostre-pessebre\/\",\"url\":\"https:\/\/editorialmediterrania.com\/en\/product\/el-nostre-pessebre\/\",\"name\":\"Llibre infantil El nostre pessebre - Editorial Mediterr\u00e0nia\",\"isPartOf\":{\"@id\":\"https:\/\/editorialmediterrania.com\/en\/#website\"},\"primaryImageOfPage\":{\"@id\":\"https:\/\/editorialmediterrania.com\/en\/product\/el-nostre-pessebre\/#primaryimage\"},\"image\":{\"@id\":\"https:\/\/editorialmediterrania.com\/en\/product\/el-nostre-pessebre\/#primaryimage\"},\"thumbnailUrl\":\"https:\/\/editorialmediterrania.com\/wp-content\/uploads\/2019\/11\/9788499796543.jpg\",\"datePublished\":\"2019-11-27T12:21:58+00:00\",\"dateModified\":\"2025-07-31T09:07:16+00:00\",\"description\":\"Aquest llibre infantil, El nostre pessebre, aporta una s\u00edntesi hist\u00f2rica sobre l\u2019origen del pessebre, que es remunta a l\u2019experi\u00e8ncia del Nadal a\u00a0Greccio viscuda l\u2019any 1223 pel mateix sant Francesc d\u2019Ass\u00eds.\",\"breadcrumb\":{\"@id\":\"https:\/\/editorialmediterrania.com\/en\/product\/el-nostre-pessebre\/#breadcrumb\"},\"inLanguage\":\"en-US\",\"potentialAction\":[{\"@type\":\"ReadAction\",\"target\":[\"https:\/\/editorialmediterrania.com\/en\/product\/el-nostre-pessebre\/\"]}]},{\"@type\":\"ImageObject\",\"inLanguage\":\"en-US\",\"@id\":\"https:\/\/editorialmediterrania.com\/en\/product\/el-nostre-pessebre\/#primaryimage\",\"url\":\"https:\/\/editorialmediterrania.com\/wp-content\/uploads\/2019\/11\/9788499796543.jpg\",\"contentUrl\":\"https:\/\/editorialmediterrania.com\/wp-content\/uploads\/2019\/11\/9788499796543.jpg\",\"width\":1417,\"height\":1986,\"caption\":\"El nostre Pessebre - Editorial Mediterr\u00e0nia\"},{\"@type\":\"BreadcrumbList\",\"@id\":\"https:\/\/editorialmediterrania.com\/en\/product\/el-nostre-pessebre\/#breadcrumb\",\"itemListElement\":[{\"@type\":\"ListItem\",\"position\":1,\"name\":\"Children&#8217;s art book store\",\"item\":\"https:\/\/editorialmediterrania.com\/en\/childrens-art-book-store\/\"},{\"@type\":\"ListItem\",\"position\":2,\"name\":\"El nostre pessebre\"}]},{\"@type\":\"WebSite\",\"@id\":\"https:\/\/editorialmediterrania.com\/en\/#website\",\"url\":\"https:\/\/editorialmediterrania.com\/en\/\",\"name\":\"Editorial Mediterrania\",\"description\":\"Llibres que t\u2019obriran nous mons\",\"publisher\":{\"@id\":\"https:\/\/editorialmediterrania.com\/en\/#organization\"},\"alternateName\":\"Llibres infantils d'art, cultura i natura\",\"potentialAction\":[{\"@type\":\"SearchAction\",\"target\":{\"@type\":\"EntryPoint\",\"urlTemplate\":\"https:\/\/editorialmediterrania.com\/en\/?s={search_term_string}\"},\"query-input\":\"required name=search_term_string\"}],\"inLanguage\":\"en-US\"},{\"@type\":\"Organization\",\"@id\":\"https:\/\/editorialmediterrania.com\/en\/#organization\",\"name\":\"Editorial Mediterrania\",\"alternateName\":\"Llibres d'art, cultura i natura per infants i fam\u00edlies\",\"url\":\"https:\/\/editorialmediterrania.com\/en\/\",\"logo\":{\"@type\":\"ImageObject\",\"inLanguage\":\"en-US\",\"@id\":\"https:\/\/editorialmediterrania.com\/en\/#\/schema\/logo\/image\/\",\"url\":\"https:\/\/editorialmediterrania.com\/wp-content\/uploads\/2023\/03\/LOGO-ED_MEDITERRANIA_OK-2.png\",\"contentUrl\":\"https:\/\/editorialmediterrania.com\/wp-content\/uploads\/2023\/03\/LOGO-ED_MEDITERRANIA_OK-2.png\",\"width\":1200,\"height\":300,\"caption\":\"Editorial Mediterrania\"},\"image\":{\"@id\":\"https:\/\/editorialmediterrania.com\/en\/#\/schema\/logo\/image\/\"},\"sameAs\":[\"https:\/\/x.com\/edmediterrania\",\"https:\/\/www.instagram.com\/editorialmediterrania\/\"]}]}<\/script>\n<!-- \/ Yoast SEO plugin. -->","yoast_head_json":{"title":"Llibre infantil El nostre pessebre - Editorial Mediterr\u00e0nia","description":"Aquest llibre infantil, El nostre pessebre, aporta una s\u00edntesi hist\u00f2rica sobre l\u2019origen del pessebre, que es remunta a l\u2019experi\u00e8ncia del Nadal a\u00a0Greccio viscuda l\u2019any 1223 pel mateix sant Francesc d\u2019Ass\u00eds.","robots":{"index":"index","follow":"follow","max-snippet":"max-snippet:-1","max-image-preview":"max-image-preview:large","max-video-preview":"max-video-preview:-1"},"canonical":"https:\/\/editorialmediterrania.com\/en\/product\/el-nostre-pessebre\/","og_locale":"en_US","og_type":"article","og_title":"Llibre infantil El nostre pessebre - Editorial Mediterr\u00e0nia","og_description":"Aquest llibre infantil, El nostre pessebre, aporta una s\u00edntesi hist\u00f2rica sobre l\u2019origen del pessebre, que es remunta a l\u2019experi\u00e8ncia del Nadal a\u00a0Greccio viscuda l\u2019any 1223 pel mateix sant Francesc d\u2019Ass\u00eds.","og_url":"https:\/\/editorialmediterrania.com\/en\/product\/el-nostre-pessebre\/","og_site_name":"Editorial Mediterr\u00e0nia","article_modified_time":"2025-07-31T09:07:16+00:00","og_image":[{"width":1417,"height":1986,"url":"https:\/\/editorialmediterrania.com\/wp-content\/uploads\/2019\/11\/9788499796543.jpg","type":"image\/jpeg"}],"twitter_card":"summary_large_image","twitter_site":"@edmediterrania","twitter_misc":{"Est. reading time":"2 minutes"},"schema":{"@context":"https:\/\/schema.org","@graph":[{"@type":"WebPage","@id":"https:\/\/editorialmediterrania.com\/en\/product\/el-nostre-pessebre\/","url":"https:\/\/editorialmediterrania.com\/en\/product\/el-nostre-pessebre\/","name":"Llibre infantil El nostre pessebre - Editorial Mediterr\u00e0nia","isPartOf":{"@id":"https:\/\/editorialmediterrania.com\/en\/#website"},"primaryImageOfPage":{"@id":"https:\/\/editorialmediterrania.com\/en\/product\/el-nostre-pessebre\/#primaryimage"},"image":{"@id":"https:\/\/editorialmediterrania.com\/en\/product\/el-nostre-pessebre\/#primaryimage"},"thumbnailUrl":"https:\/\/editorialmediterrania.com\/wp-content\/uploads\/2019\/11\/9788499796543.jpg","datePublished":"2019-11-27T12:21:58+00:00","dateModified":"2025-07-31T09:07:16+00:00","description":"Aquest llibre infantil, El nostre pessebre, aporta una s\u00edntesi hist\u00f2rica sobre l\u2019origen del pessebre, que es remunta a l\u2019experi\u00e8ncia del Nadal a\u00a0Greccio viscuda l\u2019any 1223 pel mateix sant Francesc d\u2019Ass\u00eds.","breadcrumb":{"@id":"https:\/\/editorialmediterrania.com\/en\/product\/el-nostre-pessebre\/#breadcrumb"},"inLanguage":"en-US","potentialAction":[{"@type":"ReadAction","target":["https:\/\/editorialmediterrania.com\/en\/product\/el-nostre-pessebre\/"]}]},{"@type":"ImageObject","inLanguage":"en-US","@id":"https:\/\/editorialmediterrania.com\/en\/product\/el-nostre-pessebre\/#primaryimage","url":"https:\/\/editorialmediterrania.com\/wp-content\/uploads\/2019\/11\/9788499796543.jpg","contentUrl":"https:\/\/editorialmediterrania.com\/wp-content\/uploads\/2019\/11\/9788499796543.jpg","width":1417,"height":1986,"caption":"El nostre Pessebre - Editorial Mediterr\u00e0nia"},{"@type":"BreadcrumbList","@id":"https:\/\/editorialmediterrania.com\/en\/product\/el-nostre-pessebre\/#breadcrumb","itemListElement":[{"@type":"ListItem","position":1,"name":"Children&#8217;s art book store","item":"https:\/\/editorialmediterrania.com\/en\/childrens-art-book-store\/"},{"@type":"ListItem","position":2,"name":"El nostre pessebre"}]},{"@type":"WebSite","@id":"https:\/\/editorialmediterrania.com\/en\/#website","url":"https:\/\/editorialmediterrania.com\/en\/","name":"Editorial Mediterrania","description":"Llibres que t\u2019obriran nous mons","publisher":{"@id":"https:\/\/editorialmediterrania.com\/en\/#organization"},"alternateName":"Llibres infantils d'art, cultura i natura","potentialAction":[{"@type":"SearchAction","target":{"@type":"EntryPoint","urlTemplate":"https:\/\/editorialmediterrania.com\/en\/?s={search_term_string}"},"query-input":"required name=search_term_string"}],"inLanguage":"en-US"},{"@type":"Organization","@id":"https:\/\/editorialmediterrania.com\/en\/#organization","name":"Editorial Mediterrania","alternateName":"Llibres d'art, cultura i natura per infants i fam\u00edlies","url":"https:\/\/editorialmediterrania.com\/en\/","logo":{"@type":"ImageObject","inLanguage":"en-US","@id":"https:\/\/editorialmediterrania.com\/en\/#\/schema\/logo\/image\/","url":"https:\/\/editorialmediterrania.com\/wp-content\/uploads\/2023\/03\/LOGO-ED_MEDITERRANIA_OK-2.png","contentUrl":"https:\/\/editorialmediterrania.com\/wp-content\/uploads\/2023\/03\/LOGO-ED_MEDITERRANIA_OK-2.png","width":1200,"height":300,"caption":"Editorial Mediterrania"},"image":{"@id":"https:\/\/editorialmediterrania.com\/en\/#\/schema\/logo\/image\/"},"sameAs":["https:\/\/x.com\/edmediterrania","https:\/\/www.instagram.com\/editorialmediterrania\/"]}]}},"_links":{"self":[{"href":"https:\/\/editorialmediterrania.com\/en\/wp-json\/wp\/v2\/product\/33007","targetHints":{"allow":["GET"]}}],"collection":[{"href":"https:\/\/editorialmediterrania.com\/en\/wp-json\/wp\/v2\/product"}],"about":[{"href":"https:\/\/editorialmediterrania.com\/en\/wp-json\/wp\/v2\/types\/product"}],"wp:featuredmedia":[{"embeddable":true,"href":"https:\/\/editorialmediterrania.com\/en\/wp-json\/wp\/v2\/media\/33009"}],"wp:attachment":[{"href":"https:\/\/editorialmediterrania.com\/en\/wp-json\/wp\/v2\/media?parent=33007"}],"wp:term":[{"taxonomy":"product_cat","embeddable":true,"href":"https:\/\/editorialmediterrania.com\/en\/wp-json\/wp\/v2\/product_cat?post=33007"},{"taxonomy":"product_tag","embeddable":true,"href":"https:\/\/editorialmediterrania.com\/en\/wp-json\/wp\/v2\/product_tag?post=33007"},{"taxonomy":"autors","embeddable":true,"href":"https:\/\/editorialmediterrania.com\/en\/wp-json\/wp\/v2\/autors?post=33007"}],"curies":[{"name":"wp","href":"https:\/\/api.w.org\/{rel}","templated":true}]}}