{"id":33884,"date":"2020-09-21T12:22:07","date_gmt":"2020-09-21T10:22:07","guid":{"rendered":"http:\/\/localhost:8888\/mediterrania\/?post_type=product&#038;p=33884"},"modified":"2021-08-02T10:51:22","modified_gmt":"2021-08-02T08:51:22","slug":"museus-de-barcelona","status":"publish","type":"product","link":"https:\/\/editorialmediterrania.com\/en\/product\/museus-de-barcelona\/","title":{"rendered":"Seek &#038; Find. Museus de Barcelona"},"content":{"rendered":"<p><strong>1 city, 11 museus and more than 150 objects to find!<\/strong><\/p>\n<p>Hours of fun for all ages on an amazing visit to the most outstanding museums in Barcelona.<\/p>\n<p>From Museu Blau to CosmoCaixa, going through Museu del Disseny, Museu Egipci, La Casa dels Entremesos, MACBA, Museu Mar\u00edtim, Fundaci\u00f3 Joan Mir\u00f3, Museu de la M\u00fasica, Fundaci\u00f3 Antoni T\u00e0pies or Museu de la Xocolata.<\/p>\n<p>Illustrated by Robert Garcia, Gaur Estudio.<\/p>\n","protected":false},"excerpt":{"rendered":"<p>Hours of fun for all ages on an amazing visit to the most outstanding museums in Barcelona.<\/p>\n","protected":false},"featured_media":33887,"template":"","meta":[],"product_cat":[6550,31,6248],"product_tag":[],"autors":[],"class_list":{"0":"post-33884","1":"product","2":"type-product","3":"status-publish","4":"has-post-thumbnail","6":"product_cat-gaudi","7":"product_cat-editorial-mediterrania","8":"product_cat-seek-and-find","10":"first","11":"instock","12":"purchasable","13":"product-type-simple","swatches":"rey-swatches","show_selected":""},"acf":[],"yoast_head":"<!-- This site is optimized with the Yoast SEO plugin v22.8 - https:\/\/yoast.com\/wordpress\/plugins\/seo\/ -->\n<title>Seek &amp; Find. Museus de Barcelona - Editorial Mediterr\u00e0nia<\/title>\n<meta name=\"description\" content=\"1 city, 11 museus and more than 150 objects to find! Hours of fun for all ages on an amazing visit to the most outstanding museums in Barcelona.\u00a0\" \/>\n<meta name=\"robots\" content=\"index, follow, max-snippet:-1, max-image-preview:large, max-video-preview:-1\" \/>\n<link rel=\"canonical\" href=\"https:\/\/editorialmediterrania.com\/en\/product\/museus-de-barcelona\/\" \/>\n<meta property=\"og:locale\" content=\"en_US\" \/>\n<meta property=\"og:type\" content=\"article\" \/>\n<meta property=\"og:title\" content=\"Seek &amp; Find. Museus de Barcelona - Editorial Mediterr\u00e0nia\" \/>\n<meta property=\"og:description\" content=\"1 city, 11 museus and more than 150 objects to find! Hours of fun for all ages on an amazing visit to the most outstanding museums in Barcelona.\u00a0\" \/>\n<meta property=\"og:url\" content=\"https:\/\/editorialmediterrania.com\/en\/product\/museus-de-barcelona\/\" \/>\n<meta property=\"og:site_name\" content=\"Editorial Mediterr\u00e0nia\" \/>\n<meta property=\"article:modified_time\" content=\"2021-08-02T08:51:22+00:00\" \/>\n<meta property=\"og:image\" content=\"https:\/\/editorialmediterrania.com\/wp-content\/uploads\/2020\/09\/museus-coberta-web.jpg\" \/>\n\t<meta property=\"og:image:width\" content=\"1377\" \/>\n\t<meta property=\"og:image:height\" content=\"1749\" \/>\n\t<meta property=\"og:image:type\" content=\"image\/jpeg\" \/>\n<meta name=\"twitter:card\" content=\"summary_large_image\" \/>\n<meta name=\"twitter:site\" content=\"@edmediterrania\" \/>\n<script type=\"application\/ld+json\" class=\"yoast-schema-graph\">{\"@context\":\"https:\/\/schema.org\",\"@graph\":[{\"@type\":\"WebPage\",\"@id\":\"https:\/\/editorialmediterrania.com\/en\/product\/museus-de-barcelona\/\",\"url\":\"https:\/\/editorialmediterrania.com\/en\/product\/museus-de-barcelona\/\",\"name\":\"Seek & Find. Museus de Barcelona - Editorial Mediterr\u00e0nia\",\"isPartOf\":{\"@id\":\"https:\/\/editorialmediterrania.com\/en\/#website\"},\"primaryImageOfPage\":{\"@id\":\"https:\/\/editorialmediterrania.com\/en\/product\/museus-de-barcelona\/#primaryimage\"},\"image\":{\"@id\":\"https:\/\/editorialmediterrania.com\/en\/product\/museus-de-barcelona\/#primaryimage\"},\"thumbnailUrl\":\"https:\/\/editorialmediterrania.com\/wp-content\/uploads\/2020\/09\/museus-coberta-web.jpg\",\"datePublished\":\"2020-09-21T10:22:07+00:00\",\"dateModified\":\"2021-08-02T08:51:22+00:00\",\"description\":\"1 city, 11 museus and more than 150 objects to find! Hours of fun for all ages on an amazing visit to the most outstanding museums in Barcelona.\u00a0\",\"breadcrumb\":{\"@id\":\"https:\/\/editorialmediterrania.com\/en\/product\/museus-de-barcelona\/#breadcrumb\"},\"inLanguage\":\"en-US\",\"potentialAction\":[{\"@type\":\"ReadAction\",\"target\":[\"https:\/\/editorialmediterrania.com\/en\/product\/museus-de-barcelona\/\"]}]},{\"@type\":\"ImageObject\",\"inLanguage\":\"en-US\",\"@id\":\"https:\/\/editorialmediterrania.com\/en\/product\/museus-de-barcelona\/#primaryimage\",\"url\":\"https:\/\/editorialmediterrania.com\/wp-content\/uploads\/2020\/09\/museus-coberta-web.jpg\",\"contentUrl\":\"https:\/\/editorialmediterrania.com\/wp-content\/uploads\/2020\/09\/museus-coberta-web.jpg\",\"width\":1377,\"height\":1749},{\"@type\":\"BreadcrumbList\",\"@id\":\"https:\/\/editorialmediterrania.com\/en\/product\/museus-de-barcelona\/#breadcrumb\",\"itemListElement\":[{\"@type\":\"ListItem\",\"position\":1,\"name\":\"Children&#8217;s art book store\",\"item\":\"https:\/\/editorialmediterrania.com\/en\/childrens-art-book-store\/\"},{\"@type\":\"ListItem\",\"position\":2,\"name\":\"Seek &#038; Find. Museus de Barcelona\"}]},{\"@type\":\"WebSite\",\"@id\":\"https:\/\/editorialmediterrania.com\/en\/#website\",\"url\":\"https:\/\/editorialmediterrania.com\/en\/\",\"name\":\"Editorial Mediterrania\",\"description\":\"Llibres que t\u2019obriran nous mons\",\"publisher\":{\"@id\":\"https:\/\/editorialmediterrania.com\/en\/#organization\"},\"alternateName\":\"Llibres infantils d'art, cultura i natura\",\"potentialAction\":[{\"@type\":\"SearchAction\",\"target\":{\"@type\":\"EntryPoint\",\"urlTemplate\":\"https:\/\/editorialmediterrania.com\/en\/?s={search_term_string}\"},\"query-input\":\"required name=search_term_string\"}],\"inLanguage\":\"en-US\"},{\"@type\":\"Organization\",\"@id\":\"https:\/\/editorialmediterrania.com\/en\/#organization\",\"name\":\"Editorial Mediterrania\",\"alternateName\":\"Llibres d'art, cultura i natura per infants i fam\u00edlies\",\"url\":\"https:\/\/editorialmediterrania.com\/en\/\",\"logo\":{\"@type\":\"ImageObject\",\"inLanguage\":\"en-US\",\"@id\":\"https:\/\/editorialmediterrania.com\/en\/#\/schema\/logo\/image\/\",\"url\":\"https:\/\/editorialmediterrania.com\/wp-content\/uploads\/2023\/03\/LOGO-ED_MEDITERRANIA_OK-2.png\",\"contentUrl\":\"https:\/\/editorialmediterrania.com\/wp-content\/uploads\/2023\/03\/LOGO-ED_MEDITERRANIA_OK-2.png\",\"width\":1200,\"height\":300,\"caption\":\"Editorial Mediterrania\"},\"image\":{\"@id\":\"https:\/\/editorialmediterrania.com\/en\/#\/schema\/logo\/image\/\"},\"sameAs\":[\"https:\/\/x.com\/edmediterrania\",\"https:\/\/www.instagram.com\/editorialmediterrania\/\"]}]}<\/script>\n<!-- \/ Yoast SEO plugin. -->","yoast_head_json":{"title":"Seek & Find. Museus de Barcelona - Editorial Mediterr\u00e0nia","description":"1 city, 11 museus and more than 150 objects to find! Hours of fun for all ages on an amazing visit to the most outstanding museums in Barcelona.\u00a0","robots":{"index":"index","follow":"follow","max-snippet":"max-snippet:-1","max-image-preview":"max-image-preview:large","max-video-preview":"max-video-preview:-1"},"canonical":"https:\/\/editorialmediterrania.com\/en\/product\/museus-de-barcelona\/","og_locale":"en_US","og_type":"article","og_title":"Seek & Find. Museus de Barcelona - Editorial Mediterr\u00e0nia","og_description":"1 city, 11 museus and more than 150 objects to find! Hours of fun for all ages on an amazing visit to the most outstanding museums in Barcelona.\u00a0","og_url":"https:\/\/editorialmediterrania.com\/en\/product\/museus-de-barcelona\/","og_site_name":"Editorial Mediterr\u00e0nia","article_modified_time":"2021-08-02T08:51:22+00:00","og_image":[{"width":1377,"height":1749,"url":"https:\/\/editorialmediterrania.com\/wp-content\/uploads\/2020\/09\/museus-coberta-web.jpg","type":"image\/jpeg"}],"twitter_card":"summary_large_image","twitter_site":"@edmediterrania","schema":{"@context":"https:\/\/schema.org","@graph":[{"@type":"WebPage","@id":"https:\/\/editorialmediterrania.com\/en\/product\/museus-de-barcelona\/","url":"https:\/\/editorialmediterrania.com\/en\/product\/museus-de-barcelona\/","name":"Seek & Find. Museus de Barcelona - Editorial Mediterr\u00e0nia","isPartOf":{"@id":"https:\/\/editorialmediterrania.com\/en\/#website"},"primaryImageOfPage":{"@id":"https:\/\/editorialmediterrania.com\/en\/product\/museus-de-barcelona\/#primaryimage"},"image":{"@id":"https:\/\/editorialmediterrania.com\/en\/product\/museus-de-barcelona\/#primaryimage"},"thumbnailUrl":"https:\/\/editorialmediterrania.com\/wp-content\/uploads\/2020\/09\/museus-coberta-web.jpg","datePublished":"2020-09-21T10:22:07+00:00","dateModified":"2021-08-02T08:51:22+00:00","description":"1 city, 11 museus and more than 150 objects to find! Hours of fun for all ages on an amazing visit to the most outstanding museums in Barcelona.\u00a0","breadcrumb":{"@id":"https:\/\/editorialmediterrania.com\/en\/product\/museus-de-barcelona\/#breadcrumb"},"inLanguage":"en-US","potentialAction":[{"@type":"ReadAction","target":["https:\/\/editorialmediterrania.com\/en\/product\/museus-de-barcelona\/"]}]},{"@type":"ImageObject","inLanguage":"en-US","@id":"https:\/\/editorialmediterrania.com\/en\/product\/museus-de-barcelona\/#primaryimage","url":"https:\/\/editorialmediterrania.com\/wp-content\/uploads\/2020\/09\/museus-coberta-web.jpg","contentUrl":"https:\/\/editorialmediterrania.com\/wp-content\/uploads\/2020\/09\/museus-coberta-web.jpg","width":1377,"height":1749},{"@type":"BreadcrumbList","@id":"https:\/\/editorialmediterrania.com\/en\/product\/museus-de-barcelona\/#breadcrumb","itemListElement":[{"@type":"ListItem","position":1,"name":"Children&#8217;s art book store","item":"https:\/\/editorialmediterrania.com\/en\/childrens-art-book-store\/"},{"@type":"ListItem","position":2,"name":"Seek &#038; Find. Museus de Barcelona"}]},{"@type":"WebSite","@id":"https:\/\/editorialmediterrania.com\/en\/#website","url":"https:\/\/editorialmediterrania.com\/en\/","name":"Editorial Mediterrania","description":"Llibres que t\u2019obriran nous mons","publisher":{"@id":"https:\/\/editorialmediterrania.com\/en\/#organization"},"alternateName":"Llibres infantils d'art, cultura i natura","potentialAction":[{"@type":"SearchAction","target":{"@type":"EntryPoint","urlTemplate":"https:\/\/editorialmediterrania.com\/en\/?s={search_term_string}"},"query-input":"required name=search_term_string"}],"inLanguage":"en-US"},{"@type":"Organization","@id":"https:\/\/editorialmediterrania.com\/en\/#organization","name":"Editorial Mediterrania","alternateName":"Llibres d'art, cultura i natura per infants i fam\u00edlies","url":"https:\/\/editorialmediterrania.com\/en\/","logo":{"@type":"ImageObject","inLanguage":"en-US","@id":"https:\/\/editorialmediterrania.com\/en\/#\/schema\/logo\/image\/","url":"https:\/\/editorialmediterrania.com\/wp-content\/uploads\/2023\/03\/LOGO-ED_MEDITERRANIA_OK-2.png","contentUrl":"https:\/\/editorialmediterrania.com\/wp-content\/uploads\/2023\/03\/LOGO-ED_MEDITERRANIA_OK-2.png","width":1200,"height":300,"caption":"Editorial Mediterrania"},"image":{"@id":"https:\/\/editorialmediterrania.com\/en\/#\/schema\/logo\/image\/"},"sameAs":["https:\/\/x.com\/edmediterrania","https:\/\/www.instagram.com\/editorialmediterrania\/"]}]}},"_links":{"self":[{"href":"https:\/\/editorialmediterrania.com\/en\/wp-json\/wp\/v2\/product\/33884","targetHints":{"allow":["GET"]}}],"collection":[{"href":"https:\/\/editorialmediterrania.com\/en\/wp-json\/wp\/v2\/product"}],"about":[{"href":"https:\/\/editorialmediterrania.com\/en\/wp-json\/wp\/v2\/types\/product"}],"wp:featuredmedia":[{"embeddable":true,"href":"https:\/\/editorialmediterrania.com\/en\/wp-json\/wp\/v2\/media\/33887"}],"wp:attachment":[{"href":"https:\/\/editorialmediterrania.com\/en\/wp-json\/wp\/v2\/media?parent=33884"}],"wp:term":[{"taxonomy":"product_cat","embeddable":true,"href":"https:\/\/editorialmediterrania.com\/en\/wp-json\/wp\/v2\/product_cat?post=33884"},{"taxonomy":"product_tag","embeddable":true,"href":"https:\/\/editorialmediterrania.com\/en\/wp-json\/wp\/v2\/product_tag?post=33884"},{"taxonomy":"autors","embeddable":true,"href":"https:\/\/editorialmediterrania.com\/en\/wp-json\/wp\/v2\/autors?post=33884"}],"curies":[{"name":"wp","href":"https:\/\/api.w.org\/{rel}","templated":true}]}}