{"id":3429,"date":"2013-02-04T23:20:30","date_gmt":"2013-02-04T22:20:30","guid":{"rendered":"http:\/\/editorialmediterraneatest.grupoormo.com\/?post_type=product&#038;p=3429"},"modified":"2023-05-13T18:55:06","modified_gmt":"2023-05-13T16:55:06","slug":"petita-historia-de-la-festa-major-de-gracia","status":"publish","type":"product","link":"https:\/\/editorialmediterrania.com\/en\/product\/petita-historia-de-la-festa-major-de-gracia\/","title":{"rendered":"Petita Hist\u00f2ria de la Festa Major de Gr\u00e0cia"},"content":{"rendered":"<p style=\"text-align: justify;\">Aquest llibre infantil explica als nens i nenes, de manera amena i rigorosa, la Festa Major de la Vila de Gr\u00e0cia, des dels seus or\u00edgens fins a l\u2019actualitat. El text de la &#8220;Petita Hist\u00f2ria de la Festa Major de Gr\u00e0cia&#8221; va acompanyat de les il\u00b7lustracions a tot color de Pilar\u00edn Bay\u00e9s.<\/p>\n<p>La col\u00b7lecci\u00f3 de llibres infantils\u00a0<a href=\"http:\/\/localhost:8888\/mediterrania\/\/coleccions\/infantil-juvenil-i-families\/col-leccions\/petites-histories\/\">Petites hist\u00f2ries<\/a>\u00a0compta amb m\u00e9s de 330 t\u00edtols diferents, tots ells il\u00b7lustrats per Pilar\u00edn Bay\u00e9s. Gr\u00e0cies a aquesta col\u00b7lecci\u00f3, els nens i nenes de diverses generacions han pogut con\u00e8ixer els artistes, tradicions i indrets m\u00e9s destacats del nostre pa\u00eds, de manera divertida i amena.<\/p>\n","protected":false},"excerpt":{"rendered":"<p>Aquest llibre infantil explica als nens i nenes, de manera amena i rigorosa, la Festa Major de la Vila de Gr\u00e0cia, des dels seus or\u00edgens fins a l\u2019actualitat. El text de la &#8220;Petita Hist\u00f2ria de la Festa Major de Gr\u00e0cia&#8221; va acompanyat de les il\u00b7lustracions a tot color de Pilar\u00edn Bay\u00e9s. La col\u00b7lecci\u00f3 de llibres [&hellip;]<\/p>\n","protected":false},"featured_media":16942,"template":"","meta":[],"product_cat":[16,73],"product_tag":[337,377,1218,4362],"autors":[],"class_list":{"0":"post-3429","1":"product","2":"type-product","3":"status-publish","4":"has-post-thumbnail","6":"product_cat-editorial-mediterrania","7":"product_cat-petites-histories","8":"product_tag-libro-infantil","9":"product_tag-llibre-infantil","10":"product_tag-llibres-infantils","11":"product_tag-pilarin-bayes","13":"first","14":"outofstock","15":"purchasable","16":"product-type-simple","swatches":"rey-swatches","show_selected":""},"acf":[],"yoast_head":"<!-- This site is optimized with the Yoast SEO plugin v22.8 - https:\/\/yoast.com\/wordpress\/plugins\/seo\/ -->\n<title>Llibre Infantil de la Festa Major de Gr\u00e0cia - Editorial Mediterrania<\/title>\n<meta name=\"description\" content=\"Llibre infantil educatiu &quot;Petita Hist\u00f2ria de la Festa Major de Gr\u00e0cia&quot; sobre les celebracions del barri de Barcelona, per a nens i nenes d&#039;entre 8 i 12 anys\" \/>\n<meta name=\"robots\" content=\"index, follow, max-snippet:-1, max-image-preview:large, max-video-preview:-1\" \/>\n<link rel=\"canonical\" href=\"https:\/\/editorialmediterrania.com\/en\/product\/petita-historia-de-la-festa-major-de-gracia\/\" \/>\n<meta property=\"og:locale\" content=\"en_US\" \/>\n<meta property=\"og:type\" content=\"article\" \/>\n<meta property=\"og:title\" content=\"Llibre Infantil de la Festa Major de Gr\u00e0cia - Editorial Mediterrania\" \/>\n<meta property=\"og:description\" content=\"Llibre infantil educatiu &quot;Petita Hist\u00f2ria de la Festa Major de Gr\u00e0cia&quot; sobre les celebracions del barri de Barcelona, per a nens i nenes d&#039;entre 8 i 12 anys\" \/>\n<meta property=\"og:url\" content=\"https:\/\/editorialmediterrania.com\/en\/product\/petita-historia-de-la-festa-major-de-gracia\/\" \/>\n<meta property=\"og:site_name\" content=\"Editorial Mediterr\u00e0nia\" \/>\n<meta property=\"article:modified_time\" content=\"2023-05-13T16:55:06+00:00\" \/>\n<meta property=\"og:image\" content=\"https:\/\/editorialmediterrania.com\/wp-content\/uploads\/2013\/02\/Petita-Historia-de-la-Festa-Major-de-Gracia.jpg\" \/>\n\t<meta property=\"og:image:width\" content=\"600\" \/>\n\t<meta property=\"og:image:height\" content=\"760\" \/>\n\t<meta property=\"og:image:type\" content=\"image\/jpeg\" \/>\n<meta name=\"twitter:card\" content=\"summary_large_image\" \/>\n<meta name=\"twitter:site\" content=\"@edmediterrania\" \/>\n<meta name=\"twitter:label1\" content=\"Est. reading time\" \/>\n\t<meta name=\"twitter:data1\" content=\"1 minute\" \/>\n<script type=\"application\/ld+json\" class=\"yoast-schema-graph\">{\"@context\":\"https:\/\/schema.org\",\"@graph\":[{\"@type\":\"WebPage\",\"@id\":\"https:\/\/editorialmediterrania.com\/en\/product\/petita-historia-de-la-festa-major-de-gracia\/\",\"url\":\"https:\/\/editorialmediterrania.com\/en\/product\/petita-historia-de-la-festa-major-de-gracia\/\",\"name\":\"Llibre Infantil de la Festa Major de Gr\u00e0cia - Editorial Mediterrania\",\"isPartOf\":{\"@id\":\"https:\/\/editorialmediterrania.com\/en\/#website\"},\"primaryImageOfPage\":{\"@id\":\"https:\/\/editorialmediterrania.com\/en\/product\/petita-historia-de-la-festa-major-de-gracia\/#primaryimage\"},\"image\":{\"@id\":\"https:\/\/editorialmediterrania.com\/en\/product\/petita-historia-de-la-festa-major-de-gracia\/#primaryimage\"},\"thumbnailUrl\":\"https:\/\/editorialmediterrania.com\/wp-content\/uploads\/2013\/02\/Petita-Historia-de-la-Festa-Major-de-Gracia.jpg\",\"datePublished\":\"2013-02-04T22:20:30+00:00\",\"dateModified\":\"2023-05-13T16:55:06+00:00\",\"description\":\"Llibre infantil educatiu \\\"Petita Hist\u00f2ria de la Festa Major de Gr\u00e0cia\\\" sobre les celebracions del barri de Barcelona, per a nens i nenes d'entre 8 i 12 anys\",\"breadcrumb\":{\"@id\":\"https:\/\/editorialmediterrania.com\/en\/product\/petita-historia-de-la-festa-major-de-gracia\/#breadcrumb\"},\"inLanguage\":\"en-US\",\"potentialAction\":[{\"@type\":\"ReadAction\",\"target\":[\"https:\/\/editorialmediterrania.com\/en\/product\/petita-historia-de-la-festa-major-de-gracia\/\"]}]},{\"@type\":\"ImageObject\",\"inLanguage\":\"en-US\",\"@id\":\"https:\/\/editorialmediterrania.com\/en\/product\/petita-historia-de-la-festa-major-de-gracia\/#primaryimage\",\"url\":\"https:\/\/editorialmediterrania.com\/wp-content\/uploads\/2013\/02\/Petita-Historia-de-la-Festa-Major-de-Gracia.jpg\",\"contentUrl\":\"https:\/\/editorialmediterrania.com\/wp-content\/uploads\/2013\/02\/Petita-Historia-de-la-Festa-Major-de-Gracia.jpg\",\"width\":600,\"height\":760,\"caption\":\"Petita Hist\u00f2ria de la Festa Major de Gr\u00e0cies - Editorial Mediterr\u00e0nia\"},{\"@type\":\"BreadcrumbList\",\"@id\":\"https:\/\/editorialmediterrania.com\/en\/product\/petita-historia-de-la-festa-major-de-gracia\/#breadcrumb\",\"itemListElement\":[{\"@type\":\"ListItem\",\"position\":1,\"name\":\"Children&#8217;s art book store\",\"item\":\"https:\/\/editorialmediterrania.com\/en\/childrens-art-book-store\/\"},{\"@type\":\"ListItem\",\"position\":2,\"name\":\"Petita Hist\u00f2ria de la Festa Major de Gr\u00e0cia\"}]},{\"@type\":\"WebSite\",\"@id\":\"https:\/\/editorialmediterrania.com\/en\/#website\",\"url\":\"https:\/\/editorialmediterrania.com\/en\/\",\"name\":\"Editorial Mediterrania\",\"description\":\"Llibres que t\u2019obriran nous mons\",\"publisher\":{\"@id\":\"https:\/\/editorialmediterrania.com\/en\/#organization\"},\"alternateName\":\"Llibres infantils d'art, cultura i natura\",\"potentialAction\":[{\"@type\":\"SearchAction\",\"target\":{\"@type\":\"EntryPoint\",\"urlTemplate\":\"https:\/\/editorialmediterrania.com\/en\/?s={search_term_string}\"},\"query-input\":\"required name=search_term_string\"}],\"inLanguage\":\"en-US\"},{\"@type\":\"Organization\",\"@id\":\"https:\/\/editorialmediterrania.com\/en\/#organization\",\"name\":\"Editorial Mediterrania\",\"alternateName\":\"Llibres d'art, cultura i natura per infants i fam\u00edlies\",\"url\":\"https:\/\/editorialmediterrania.com\/en\/\",\"logo\":{\"@type\":\"ImageObject\",\"inLanguage\":\"en-US\",\"@id\":\"https:\/\/editorialmediterrania.com\/en\/#\/schema\/logo\/image\/\",\"url\":\"https:\/\/editorialmediterrania.com\/wp-content\/uploads\/2023\/03\/LOGO-ED_MEDITERRANIA_OK-2.png\",\"contentUrl\":\"https:\/\/editorialmediterrania.com\/wp-content\/uploads\/2023\/03\/LOGO-ED_MEDITERRANIA_OK-2.png\",\"width\":1200,\"height\":300,\"caption\":\"Editorial Mediterrania\"},\"image\":{\"@id\":\"https:\/\/editorialmediterrania.com\/en\/#\/schema\/logo\/image\/\"},\"sameAs\":[\"https:\/\/x.com\/edmediterrania\",\"https:\/\/www.instagram.com\/editorialmediterrania\/\"]}]}<\/script>\n<!-- \/ Yoast SEO plugin. -->","yoast_head_json":{"title":"Llibre Infantil de la Festa Major de Gr\u00e0cia - Editorial Mediterrania","description":"Llibre infantil educatiu \"Petita Hist\u00f2ria de la Festa Major de Gr\u00e0cia\" sobre les celebracions del barri de Barcelona, per a nens i nenes d'entre 8 i 12 anys","robots":{"index":"index","follow":"follow","max-snippet":"max-snippet:-1","max-image-preview":"max-image-preview:large","max-video-preview":"max-video-preview:-1"},"canonical":"https:\/\/editorialmediterrania.com\/en\/product\/petita-historia-de-la-festa-major-de-gracia\/","og_locale":"en_US","og_type":"article","og_title":"Llibre Infantil de la Festa Major de Gr\u00e0cia - Editorial Mediterrania","og_description":"Llibre infantil educatiu \"Petita Hist\u00f2ria de la Festa Major de Gr\u00e0cia\" sobre les celebracions del barri de Barcelona, per a nens i nenes d'entre 8 i 12 anys","og_url":"https:\/\/editorialmediterrania.com\/en\/product\/petita-historia-de-la-festa-major-de-gracia\/","og_site_name":"Editorial Mediterr\u00e0nia","article_modified_time":"2023-05-13T16:55:06+00:00","og_image":[{"width":600,"height":760,"url":"https:\/\/editorialmediterrania.com\/wp-content\/uploads\/2013\/02\/Petita-Historia-de-la-Festa-Major-de-Gracia.jpg","type":"image\/jpeg"}],"twitter_card":"summary_large_image","twitter_site":"@edmediterrania","twitter_misc":{"Est. reading time":"1 minute"},"schema":{"@context":"https:\/\/schema.org","@graph":[{"@type":"WebPage","@id":"https:\/\/editorialmediterrania.com\/en\/product\/petita-historia-de-la-festa-major-de-gracia\/","url":"https:\/\/editorialmediterrania.com\/en\/product\/petita-historia-de-la-festa-major-de-gracia\/","name":"Llibre Infantil de la Festa Major de Gr\u00e0cia - Editorial Mediterrania","isPartOf":{"@id":"https:\/\/editorialmediterrania.com\/en\/#website"},"primaryImageOfPage":{"@id":"https:\/\/editorialmediterrania.com\/en\/product\/petita-historia-de-la-festa-major-de-gracia\/#primaryimage"},"image":{"@id":"https:\/\/editorialmediterrania.com\/en\/product\/petita-historia-de-la-festa-major-de-gracia\/#primaryimage"},"thumbnailUrl":"https:\/\/editorialmediterrania.com\/wp-content\/uploads\/2013\/02\/Petita-Historia-de-la-Festa-Major-de-Gracia.jpg","datePublished":"2013-02-04T22:20:30+00:00","dateModified":"2023-05-13T16:55:06+00:00","description":"Llibre infantil educatiu \"Petita Hist\u00f2ria de la Festa Major de Gr\u00e0cia\" sobre les celebracions del barri de Barcelona, per a nens i nenes d'entre 8 i 12 anys","breadcrumb":{"@id":"https:\/\/editorialmediterrania.com\/en\/product\/petita-historia-de-la-festa-major-de-gracia\/#breadcrumb"},"inLanguage":"en-US","potentialAction":[{"@type":"ReadAction","target":["https:\/\/editorialmediterrania.com\/en\/product\/petita-historia-de-la-festa-major-de-gracia\/"]}]},{"@type":"ImageObject","inLanguage":"en-US","@id":"https:\/\/editorialmediterrania.com\/en\/product\/petita-historia-de-la-festa-major-de-gracia\/#primaryimage","url":"https:\/\/editorialmediterrania.com\/wp-content\/uploads\/2013\/02\/Petita-Historia-de-la-Festa-Major-de-Gracia.jpg","contentUrl":"https:\/\/editorialmediterrania.com\/wp-content\/uploads\/2013\/02\/Petita-Historia-de-la-Festa-Major-de-Gracia.jpg","width":600,"height":760,"caption":"Petita Hist\u00f2ria de la Festa Major de Gr\u00e0cies - Editorial Mediterr\u00e0nia"},{"@type":"BreadcrumbList","@id":"https:\/\/editorialmediterrania.com\/en\/product\/petita-historia-de-la-festa-major-de-gracia\/#breadcrumb","itemListElement":[{"@type":"ListItem","position":1,"name":"Children&#8217;s art book store","item":"https:\/\/editorialmediterrania.com\/en\/childrens-art-book-store\/"},{"@type":"ListItem","position":2,"name":"Petita Hist\u00f2ria de la Festa Major de Gr\u00e0cia"}]},{"@type":"WebSite","@id":"https:\/\/editorialmediterrania.com\/en\/#website","url":"https:\/\/editorialmediterrania.com\/en\/","name":"Editorial Mediterrania","description":"Llibres que t\u2019obriran nous mons","publisher":{"@id":"https:\/\/editorialmediterrania.com\/en\/#organization"},"alternateName":"Llibres infantils d'art, cultura i natura","potentialAction":[{"@type":"SearchAction","target":{"@type":"EntryPoint","urlTemplate":"https:\/\/editorialmediterrania.com\/en\/?s={search_term_string}"},"query-input":"required name=search_term_string"}],"inLanguage":"en-US"},{"@type":"Organization","@id":"https:\/\/editorialmediterrania.com\/en\/#organization","name":"Editorial Mediterrania","alternateName":"Llibres d'art, cultura i natura per infants i fam\u00edlies","url":"https:\/\/editorialmediterrania.com\/en\/","logo":{"@type":"ImageObject","inLanguage":"en-US","@id":"https:\/\/editorialmediterrania.com\/en\/#\/schema\/logo\/image\/","url":"https:\/\/editorialmediterrania.com\/wp-content\/uploads\/2023\/03\/LOGO-ED_MEDITERRANIA_OK-2.png","contentUrl":"https:\/\/editorialmediterrania.com\/wp-content\/uploads\/2023\/03\/LOGO-ED_MEDITERRANIA_OK-2.png","width":1200,"height":300,"caption":"Editorial Mediterrania"},"image":{"@id":"https:\/\/editorialmediterrania.com\/en\/#\/schema\/logo\/image\/"},"sameAs":["https:\/\/x.com\/edmediterrania","https:\/\/www.instagram.com\/editorialmediterrania\/"]}]}},"_links":{"self":[{"href":"https:\/\/editorialmediterrania.com\/en\/wp-json\/wp\/v2\/product\/3429","targetHints":{"allow":["GET"]}}],"collection":[{"href":"https:\/\/editorialmediterrania.com\/en\/wp-json\/wp\/v2\/product"}],"about":[{"href":"https:\/\/editorialmediterrania.com\/en\/wp-json\/wp\/v2\/types\/product"}],"wp:featuredmedia":[{"embeddable":true,"href":"https:\/\/editorialmediterrania.com\/en\/wp-json\/wp\/v2\/media\/16942"}],"wp:attachment":[{"href":"https:\/\/editorialmediterrania.com\/en\/wp-json\/wp\/v2\/media?parent=3429"}],"wp:term":[{"taxonomy":"product_cat","embeddable":true,"href":"https:\/\/editorialmediterrania.com\/en\/wp-json\/wp\/v2\/product_cat?post=3429"},{"taxonomy":"product_tag","embeddable":true,"href":"https:\/\/editorialmediterrania.com\/en\/wp-json\/wp\/v2\/product_tag?post=3429"},{"taxonomy":"autors","embeddable":true,"href":"https:\/\/editorialmediterrania.com\/en\/wp-json\/wp\/v2\/autors?post=3429"}],"curies":[{"name":"wp","href":"https:\/\/api.w.org\/{rel}","templated":true}]}}