{"id":34399,"date":"2021-02-08T11:20:48","date_gmt":"2021-02-08T10:20:48","guid":{"rendered":"http:\/\/localhost:8888\/mediterrania\/?post_type=product&#038;p=34399"},"modified":"2025-07-29T10:58:56","modified_gmt":"2025-07-29T08:58:56","slug":"divuit-poemes-de-natura-i-un-conte-entremaliat","status":"publish","type":"product","link":"https:\/\/editorialmediterrania.com\/en\/product\/divuit-poemes-de-natura-i-un-conte-entremaliat\/","title":{"rendered":"Divuit poemes de natura i un conte entremaliat"},"content":{"rendered":"<p style=\"text-align: justify;\">Un recorregut per la natura al llarg d\u2019un any en qu\u00e8 els seus habitants ens sorprenen en cada poema. La poesia infantil de Lola Casas i les il\u00b7lustracions de Gemma Capdevila creen un imaginari po\u00e8tic magn\u00edfic per a grans i petits.<\/p>\n<p style=\"text-align: justify;\">El llibre infantil compta amb una versi\u00f3 del conte de la Caputxeta Vermella i amb el pr\u00f2leg del naturalista i periodista ambiental Jos\u00e9 Luis Gallego.<\/p>\n","protected":false},"excerpt":{"rendered":"<p>Un imaginari po\u00e8tic magn\u00edfic per a grans i petits sobre la natura i les estacions.<\/p>\n","protected":false},"featured_media":34401,"template":"","meta":[],"product_cat":[16,5685],"product_tag":[5687,5688,862,5923,973],"autors":[],"class_list":{"0":"post-34399","1":"product","2":"type-product","3":"status-publish","4":"has-post-thumbnail","6":"product_cat-editorial-mediterrania","7":"product_cat-poesia-2","8":"product_tag-estacions","9":"product_tag-lola-casas","10":"product_tag-natura","11":"product_tag-poemes-per-nens","12":"product_tag-poesia","14":"first","15":"instock","16":"featured","17":"purchasable","18":"product-type-simple","swatches":"rey-swatches","show_selected":""},"acf":[],"yoast_head":"<!-- This site is optimized with the Yoast SEO plugin v22.8 - https:\/\/yoast.com\/wordpress\/plugins\/seo\/ -->\n<title>Llibre de poemes infantils | Editorial Mediterr\u00e0nia<\/title>\n<meta name=\"description\" content=\"Llibre de poemes infantils. La poesia de Lola Casas i les il\u00b7lustracions de Gemma Capdevila creen un imaginari po\u00e8tic magn\u00edfic per a grans i petits.\" \/>\n<meta name=\"robots\" content=\"index, follow, max-snippet:-1, max-image-preview:large, max-video-preview:-1\" \/>\n<link rel=\"canonical\" href=\"https:\/\/editorialmediterrania.com\/en\/product\/divuit-poemes-de-natura-i-un-conte-entremaliat\/\" \/>\n<meta property=\"og:locale\" content=\"en_US\" \/>\n<meta property=\"og:type\" content=\"article\" \/>\n<meta property=\"og:title\" content=\"Llibre de poemes infantils | Editorial Mediterr\u00e0nia\" \/>\n<meta property=\"og:description\" content=\"Llibre de poemes infantils. La poesia de Lola Casas i les il\u00b7lustracions de Gemma Capdevila creen un imaginari po\u00e8tic magn\u00edfic per a grans i petits.\" \/>\n<meta property=\"og:url\" content=\"https:\/\/editorialmediterrania.com\/en\/product\/divuit-poemes-de-natura-i-un-conte-entremaliat\/\" \/>\n<meta property=\"og:site_name\" content=\"Editorial Mediterr\u00e0nia\" \/>\n<meta property=\"article:modified_time\" content=\"2025-07-29T08:58:56+00:00\" \/>\n<meta property=\"og:image\" content=\"https:\/\/editorialmediterrania.com\/wp-content\/uploads\/2021\/02\/CobertaDivuitpoemesnatura_baixa.jpg\" \/>\n\t<meta property=\"og:image:width\" content=\"470\" \/>\n\t<meta property=\"og:image:height\" content=\"531\" \/>\n\t<meta property=\"og:image:type\" content=\"image\/jpeg\" \/>\n<meta name=\"twitter:card\" content=\"summary_large_image\" \/>\n<meta name=\"twitter:site\" content=\"@edmediterrania\" \/>\n<meta name=\"twitter:label1\" content=\"Est. reading time\" \/>\n\t<meta name=\"twitter:data1\" content=\"1 minute\" \/>\n<script type=\"application\/ld+json\" class=\"yoast-schema-graph\">{\"@context\":\"https:\/\/schema.org\",\"@graph\":[{\"@type\":\"WebPage\",\"@id\":\"https:\/\/editorialmediterrania.com\/en\/product\/divuit-poemes-de-natura-i-un-conte-entremaliat\/\",\"url\":\"https:\/\/editorialmediterrania.com\/en\/product\/divuit-poemes-de-natura-i-un-conte-entremaliat\/\",\"name\":\"Llibre de poemes infantils | Editorial Mediterr\u00e0nia\",\"isPartOf\":{\"@id\":\"https:\/\/editorialmediterrania.com\/en\/#website\"},\"primaryImageOfPage\":{\"@id\":\"https:\/\/editorialmediterrania.com\/en\/product\/divuit-poemes-de-natura-i-un-conte-entremaliat\/#primaryimage\"},\"image\":{\"@id\":\"https:\/\/editorialmediterrania.com\/en\/product\/divuit-poemes-de-natura-i-un-conte-entremaliat\/#primaryimage\"},\"thumbnailUrl\":\"https:\/\/editorialmediterrania.com\/wp-content\/uploads\/2021\/02\/CobertaDivuitpoemesnatura_baixa.jpg\",\"datePublished\":\"2021-02-08T10:20:48+00:00\",\"dateModified\":\"2025-07-29T08:58:56+00:00\",\"description\":\"Llibre de poemes infantils. La poesia de Lola Casas i les il\u00b7lustracions de Gemma Capdevila creen un imaginari po\u00e8tic magn\u00edfic per a grans i petits.\",\"breadcrumb\":{\"@id\":\"https:\/\/editorialmediterrania.com\/en\/product\/divuit-poemes-de-natura-i-un-conte-entremaliat\/#breadcrumb\"},\"inLanguage\":\"en-US\",\"potentialAction\":[{\"@type\":\"ReadAction\",\"target\":[\"https:\/\/editorialmediterrania.com\/en\/product\/divuit-poemes-de-natura-i-un-conte-entremaliat\/\"]}]},{\"@type\":\"ImageObject\",\"inLanguage\":\"en-US\",\"@id\":\"https:\/\/editorialmediterrania.com\/en\/product\/divuit-poemes-de-natura-i-un-conte-entremaliat\/#primaryimage\",\"url\":\"https:\/\/editorialmediterrania.com\/wp-content\/uploads\/2021\/02\/CobertaDivuitpoemesnatura_baixa.jpg\",\"contentUrl\":\"https:\/\/editorialmediterrania.com\/wp-content\/uploads\/2021\/02\/CobertaDivuitpoemesnatura_baixa.jpg\",\"width\":470,\"height\":531,\"caption\":\"Divuit Poemes de Natura - Editorial Mediterr\u00e0nia\"},{\"@type\":\"BreadcrumbList\",\"@id\":\"https:\/\/editorialmediterrania.com\/en\/product\/divuit-poemes-de-natura-i-un-conte-entremaliat\/#breadcrumb\",\"itemListElement\":[{\"@type\":\"ListItem\",\"position\":1,\"name\":\"Children&#8217;s art book store\",\"item\":\"https:\/\/editorialmediterrania.com\/en\/childrens-art-book-store\/\"},{\"@type\":\"ListItem\",\"position\":2,\"name\":\"Divuit poemes de natura i un conte entremaliat\"}]},{\"@type\":\"WebSite\",\"@id\":\"https:\/\/editorialmediterrania.com\/en\/#website\",\"url\":\"https:\/\/editorialmediterrania.com\/en\/\",\"name\":\"Editorial Mediterrania\",\"description\":\"Llibres que t\u2019obriran nous mons\",\"publisher\":{\"@id\":\"https:\/\/editorialmediterrania.com\/en\/#organization\"},\"alternateName\":\"Llibres infantils d'art, cultura i natura\",\"potentialAction\":[{\"@type\":\"SearchAction\",\"target\":{\"@type\":\"EntryPoint\",\"urlTemplate\":\"https:\/\/editorialmediterrania.com\/en\/?s={search_term_string}\"},\"query-input\":\"required name=search_term_string\"}],\"inLanguage\":\"en-US\"},{\"@type\":\"Organization\",\"@id\":\"https:\/\/editorialmediterrania.com\/en\/#organization\",\"name\":\"Editorial Mediterrania\",\"alternateName\":\"Llibres d'art, cultura i natura per infants i fam\u00edlies\",\"url\":\"https:\/\/editorialmediterrania.com\/en\/\",\"logo\":{\"@type\":\"ImageObject\",\"inLanguage\":\"en-US\",\"@id\":\"https:\/\/editorialmediterrania.com\/en\/#\/schema\/logo\/image\/\",\"url\":\"https:\/\/editorialmediterrania.com\/wp-content\/uploads\/2023\/03\/LOGO-ED_MEDITERRANIA_OK-2.png\",\"contentUrl\":\"https:\/\/editorialmediterrania.com\/wp-content\/uploads\/2023\/03\/LOGO-ED_MEDITERRANIA_OK-2.png\",\"width\":1200,\"height\":300,\"caption\":\"Editorial Mediterrania\"},\"image\":{\"@id\":\"https:\/\/editorialmediterrania.com\/en\/#\/schema\/logo\/image\/\"},\"sameAs\":[\"https:\/\/x.com\/edmediterrania\",\"https:\/\/www.instagram.com\/editorialmediterrania\/\"]}]}<\/script>\n<!-- \/ Yoast SEO plugin. -->","yoast_head_json":{"title":"Llibre de poemes infantils | Editorial Mediterr\u00e0nia","description":"Llibre de poemes infantils. La poesia de Lola Casas i les il\u00b7lustracions de Gemma Capdevila creen un imaginari po\u00e8tic magn\u00edfic per a grans i petits.","robots":{"index":"index","follow":"follow","max-snippet":"max-snippet:-1","max-image-preview":"max-image-preview:large","max-video-preview":"max-video-preview:-1"},"canonical":"https:\/\/editorialmediterrania.com\/en\/product\/divuit-poemes-de-natura-i-un-conte-entremaliat\/","og_locale":"en_US","og_type":"article","og_title":"Llibre de poemes infantils | Editorial Mediterr\u00e0nia","og_description":"Llibre de poemes infantils. La poesia de Lola Casas i les il\u00b7lustracions de Gemma Capdevila creen un imaginari po\u00e8tic magn\u00edfic per a grans i petits.","og_url":"https:\/\/editorialmediterrania.com\/en\/product\/divuit-poemes-de-natura-i-un-conte-entremaliat\/","og_site_name":"Editorial Mediterr\u00e0nia","article_modified_time":"2025-07-29T08:58:56+00:00","og_image":[{"width":470,"height":531,"url":"https:\/\/editorialmediterrania.com\/wp-content\/uploads\/2021\/02\/CobertaDivuitpoemesnatura_baixa.jpg","type":"image\/jpeg"}],"twitter_card":"summary_large_image","twitter_site":"@edmediterrania","twitter_misc":{"Est. reading time":"1 minute"},"schema":{"@context":"https:\/\/schema.org","@graph":[{"@type":"WebPage","@id":"https:\/\/editorialmediterrania.com\/en\/product\/divuit-poemes-de-natura-i-un-conte-entremaliat\/","url":"https:\/\/editorialmediterrania.com\/en\/product\/divuit-poemes-de-natura-i-un-conte-entremaliat\/","name":"Llibre de poemes infantils | Editorial Mediterr\u00e0nia","isPartOf":{"@id":"https:\/\/editorialmediterrania.com\/en\/#website"},"primaryImageOfPage":{"@id":"https:\/\/editorialmediterrania.com\/en\/product\/divuit-poemes-de-natura-i-un-conte-entremaliat\/#primaryimage"},"image":{"@id":"https:\/\/editorialmediterrania.com\/en\/product\/divuit-poemes-de-natura-i-un-conte-entremaliat\/#primaryimage"},"thumbnailUrl":"https:\/\/editorialmediterrania.com\/wp-content\/uploads\/2021\/02\/CobertaDivuitpoemesnatura_baixa.jpg","datePublished":"2021-02-08T10:20:48+00:00","dateModified":"2025-07-29T08:58:56+00:00","description":"Llibre de poemes infantils. La poesia de Lola Casas i les il\u00b7lustracions de Gemma Capdevila creen un imaginari po\u00e8tic magn\u00edfic per a grans i petits.","breadcrumb":{"@id":"https:\/\/editorialmediterrania.com\/en\/product\/divuit-poemes-de-natura-i-un-conte-entremaliat\/#breadcrumb"},"inLanguage":"en-US","potentialAction":[{"@type":"ReadAction","target":["https:\/\/editorialmediterrania.com\/en\/product\/divuit-poemes-de-natura-i-un-conte-entremaliat\/"]}]},{"@type":"ImageObject","inLanguage":"en-US","@id":"https:\/\/editorialmediterrania.com\/en\/product\/divuit-poemes-de-natura-i-un-conte-entremaliat\/#primaryimage","url":"https:\/\/editorialmediterrania.com\/wp-content\/uploads\/2021\/02\/CobertaDivuitpoemesnatura_baixa.jpg","contentUrl":"https:\/\/editorialmediterrania.com\/wp-content\/uploads\/2021\/02\/CobertaDivuitpoemesnatura_baixa.jpg","width":470,"height":531,"caption":"Divuit Poemes de Natura - Editorial Mediterr\u00e0nia"},{"@type":"BreadcrumbList","@id":"https:\/\/editorialmediterrania.com\/en\/product\/divuit-poemes-de-natura-i-un-conte-entremaliat\/#breadcrumb","itemListElement":[{"@type":"ListItem","position":1,"name":"Children&#8217;s art book store","item":"https:\/\/editorialmediterrania.com\/en\/childrens-art-book-store\/"},{"@type":"ListItem","position":2,"name":"Divuit poemes de natura i un conte entremaliat"}]},{"@type":"WebSite","@id":"https:\/\/editorialmediterrania.com\/en\/#website","url":"https:\/\/editorialmediterrania.com\/en\/","name":"Editorial Mediterrania","description":"Llibres que t\u2019obriran nous mons","publisher":{"@id":"https:\/\/editorialmediterrania.com\/en\/#organization"},"alternateName":"Llibres infantils d'art, cultura i natura","potentialAction":[{"@type":"SearchAction","target":{"@type":"EntryPoint","urlTemplate":"https:\/\/editorialmediterrania.com\/en\/?s={search_term_string}"},"query-input":"required name=search_term_string"}],"inLanguage":"en-US"},{"@type":"Organization","@id":"https:\/\/editorialmediterrania.com\/en\/#organization","name":"Editorial Mediterrania","alternateName":"Llibres d'art, cultura i natura per infants i fam\u00edlies","url":"https:\/\/editorialmediterrania.com\/en\/","logo":{"@type":"ImageObject","inLanguage":"en-US","@id":"https:\/\/editorialmediterrania.com\/en\/#\/schema\/logo\/image\/","url":"https:\/\/editorialmediterrania.com\/wp-content\/uploads\/2023\/03\/LOGO-ED_MEDITERRANIA_OK-2.png","contentUrl":"https:\/\/editorialmediterrania.com\/wp-content\/uploads\/2023\/03\/LOGO-ED_MEDITERRANIA_OK-2.png","width":1200,"height":300,"caption":"Editorial Mediterrania"},"image":{"@id":"https:\/\/editorialmediterrania.com\/en\/#\/schema\/logo\/image\/"},"sameAs":["https:\/\/x.com\/edmediterrania","https:\/\/www.instagram.com\/editorialmediterrania\/"]}]}},"_links":{"self":[{"href":"https:\/\/editorialmediterrania.com\/en\/wp-json\/wp\/v2\/product\/34399","targetHints":{"allow":["GET"]}}],"collection":[{"href":"https:\/\/editorialmediterrania.com\/en\/wp-json\/wp\/v2\/product"}],"about":[{"href":"https:\/\/editorialmediterrania.com\/en\/wp-json\/wp\/v2\/types\/product"}],"wp:featuredmedia":[{"embeddable":true,"href":"https:\/\/editorialmediterrania.com\/en\/wp-json\/wp\/v2\/media\/34401"}],"wp:attachment":[{"href":"https:\/\/editorialmediterrania.com\/en\/wp-json\/wp\/v2\/media?parent=34399"}],"wp:term":[{"taxonomy":"product_cat","embeddable":true,"href":"https:\/\/editorialmediterrania.com\/en\/wp-json\/wp\/v2\/product_cat?post=34399"},{"taxonomy":"product_tag","embeddable":true,"href":"https:\/\/editorialmediterrania.com\/en\/wp-json\/wp\/v2\/product_tag?post=34399"},{"taxonomy":"autors","embeddable":true,"href":"https:\/\/editorialmediterrania.com\/en\/wp-json\/wp\/v2\/autors?post=34399"}],"curies":[{"name":"wp","href":"https:\/\/api.w.org\/{rel}","templated":true}]}}