{"id":34931,"date":"2021-05-27T10:33:38","date_gmt":"2021-05-27T08:33:38","guid":{"rendered":"http:\/\/localhost:8888\/mediterrania\/\/?post_type=product&#038;p=34931"},"modified":"2025-07-29T10:41:16","modified_gmt":"2025-07-29T08:41:16","slug":"un-any-fent-festa","status":"publish","type":"product","link":"https:\/\/editorialmediterrania.com\/en\/product\/un-any-fent-festa\/","title":{"rendered":"Un any fent festa"},"content":{"rendered":"<p>La J\u00falia i l\u2019Arnau viuen a la Vila de Gr\u00e0cia i s\u00f3n de fam\u00edlia festera. I qu\u00e8 vol dir? Doncs que els agrada molt compartir estones amb el ve\u00efnat del seu carrer i preparen plegats festes i activitats.<\/p>\n<p>Acompanyeu-los al llarg d\u2019un any i viureu amb ells l\u2019olor de les castanyes a la vora del foc, l\u2019emoci\u00f3 alsaludar les Carteres Reials, el soroll dels petards dels foguerons, el mal de peus de tant ballar i les corredisses per acabar el guarniment del seu carrer.<br \/>\nViure a Gr\u00e0cia i formar part d\u2019una comissi\u00f3 \u00e9s compartir amb els altres un munt d\u2019aventures cada dia de l\u2019any. Se\u2019ls gira feina de nou. Qui s\u2019apunta a preparar la propera Festa Major?<\/p>\n<blockquote><p><a href=\"https:\/\/editorialmediterrania.com\/wp-content\/uploads\/2021\/05\/GUIAAULAFESTESDEGRACIA.pdf\">Descarrega la Guia d&#8217;aula per treballar, pintar i jugar a l&#8217;escola<\/a><\/p><\/blockquote>\n<p>&nbsp;<\/p>\n","protected":false},"excerpt":{"rendered":"<p>Acompanya la J\u00falia i l&#8217;Arnau durant un any i veur\u00e0s com preparen les comissions i els festers les activitats i festes a la Vila de Gr\u00e0cia!<\/p>\n","protected":false},"featured_media":41673,"template":"","meta":[],"product_cat":[16,319],"product_tag":[4550,6220,1196],"autors":[],"class_list":{"0":"post-34931","1":"product","2":"type-product","3":"status-publish","4":"has-post-thumbnail","6":"product_cat-editorial-mediterrania","7":"product_cat-tradicions","8":"product_tag-cultura-popular","9":"product_tag-fundacio-festa-major-de-gracia","10":"product_tag-tradicions","12":"first","13":"instock","14":"purchasable","15":"product-type-simple","swatches":"rey-swatches","show_selected":""},"acf":[],"yoast_head":"<!-- This site is optimized with the Yoast SEO plugin v22.8 - https:\/\/yoast.com\/wordpress\/plugins\/seo\/ -->\n<title>Un any fent festa a la Vila de Gr\u00e0cia | Editorial Mediterr\u00e0nia<\/title>\n<meta name=\"description\" content=\"Acompanya la J\u00falia i l&#039;Arnau durant un any i veur\u00e0s com preparen les comissions i els festers les activitats i festes a la Vila de Gr\u00e0cia!\" \/>\n<meta name=\"robots\" content=\"index, follow, max-snippet:-1, max-image-preview:large, max-video-preview:-1\" \/>\n<link rel=\"canonical\" href=\"https:\/\/editorialmediterrania.com\/en\/product\/un-any-fent-festa\/\" \/>\n<meta property=\"og:locale\" content=\"en_US\" \/>\n<meta property=\"og:type\" content=\"article\" \/>\n<meta property=\"og:title\" content=\"Un any fent festa a la Vila de Gr\u00e0cia | Editorial Mediterr\u00e0nia\" \/>\n<meta property=\"og:description\" content=\"Acompanya la J\u00falia i l&#039;Arnau durant un any i veur\u00e0s com preparen les comissions i els festers les activitats i festes a la Vila de Gr\u00e0cia!\" \/>\n<meta property=\"og:url\" content=\"https:\/\/editorialmediterrania.com\/en\/product\/un-any-fent-festa\/\" \/>\n<meta property=\"og:site_name\" content=\"Editorial Mediterr\u00e0nia\" \/>\n<meta property=\"article:modified_time\" content=\"2025-07-29T08:41:16+00:00\" \/>\n<meta property=\"og:image\" content=\"https:\/\/editorialmediterrania.com\/wp-content\/uploads\/2021\/05\/Captura-de-pantalla-2023-06-12-a-les-15.10.19.png\" \/>\n\t<meta property=\"og:image:width\" content=\"649\" \/>\n\t<meta property=\"og:image:height\" content=\"682\" \/>\n\t<meta property=\"og:image:type\" content=\"image\/png\" \/>\n<meta name=\"twitter:card\" content=\"summary_large_image\" \/>\n<meta name=\"twitter:site\" content=\"@edmediterrania\" \/>\n<meta name=\"twitter:label1\" content=\"Est. reading time\" \/>\n\t<meta name=\"twitter:data1\" content=\"1 minute\" \/>\n<script type=\"application\/ld+json\" class=\"yoast-schema-graph\">{\"@context\":\"https:\/\/schema.org\",\"@graph\":[{\"@type\":\"WebPage\",\"@id\":\"https:\/\/editorialmediterrania.com\/en\/product\/un-any-fent-festa\/\",\"url\":\"https:\/\/editorialmediterrania.com\/en\/product\/un-any-fent-festa\/\",\"name\":\"Un any fent festa a la Vila de Gr\u00e0cia | Editorial Mediterr\u00e0nia\",\"isPartOf\":{\"@id\":\"https:\/\/editorialmediterrania.com\/en\/#website\"},\"primaryImageOfPage\":{\"@id\":\"https:\/\/editorialmediterrania.com\/en\/product\/un-any-fent-festa\/#primaryimage\"},\"image\":{\"@id\":\"https:\/\/editorialmediterrania.com\/en\/product\/un-any-fent-festa\/#primaryimage\"},\"thumbnailUrl\":\"https:\/\/editorialmediterrania.com\/wp-content\/uploads\/2021\/05\/Captura-de-pantalla-2023-06-12-a-les-15.10.19.png\",\"datePublished\":\"2021-05-27T08:33:38+00:00\",\"dateModified\":\"2025-07-29T08:41:16+00:00\",\"description\":\"Acompanya la J\u00falia i l'Arnau durant un any i veur\u00e0s com preparen les comissions i els festers les activitats i festes a la Vila de Gr\u00e0cia!\",\"breadcrumb\":{\"@id\":\"https:\/\/editorialmediterrania.com\/en\/product\/un-any-fent-festa\/#breadcrumb\"},\"inLanguage\":\"en-US\",\"potentialAction\":[{\"@type\":\"ReadAction\",\"target\":[\"https:\/\/editorialmediterrania.com\/en\/product\/un-any-fent-festa\/\"]}]},{\"@type\":\"ImageObject\",\"inLanguage\":\"en-US\",\"@id\":\"https:\/\/editorialmediterrania.com\/en\/product\/un-any-fent-festa\/#primaryimage\",\"url\":\"https:\/\/editorialmediterrania.com\/wp-content\/uploads\/2021\/05\/Captura-de-pantalla-2023-06-12-a-les-15.10.19.png\",\"contentUrl\":\"https:\/\/editorialmediterrania.com\/wp-content\/uploads\/2021\/05\/Captura-de-pantalla-2023-06-12-a-les-15.10.19.png\",\"width\":649,\"height\":682},{\"@type\":\"BreadcrumbList\",\"@id\":\"https:\/\/editorialmediterrania.com\/en\/product\/un-any-fent-festa\/#breadcrumb\",\"itemListElement\":[{\"@type\":\"ListItem\",\"position\":1,\"name\":\"Children&#8217;s art book store\",\"item\":\"https:\/\/editorialmediterrania.com\/en\/childrens-art-book-store\/\"},{\"@type\":\"ListItem\",\"position\":2,\"name\":\"Un any fent festa\"}]},{\"@type\":\"WebSite\",\"@id\":\"https:\/\/editorialmediterrania.com\/en\/#website\",\"url\":\"https:\/\/editorialmediterrania.com\/en\/\",\"name\":\"Editorial Mediterrania\",\"description\":\"Llibres que t\u2019obriran nous mons\",\"publisher\":{\"@id\":\"https:\/\/editorialmediterrania.com\/en\/#organization\"},\"alternateName\":\"Llibres infantils d'art, cultura i natura\",\"potentialAction\":[{\"@type\":\"SearchAction\",\"target\":{\"@type\":\"EntryPoint\",\"urlTemplate\":\"https:\/\/editorialmediterrania.com\/en\/?s={search_term_string}\"},\"query-input\":\"required name=search_term_string\"}],\"inLanguage\":\"en-US\"},{\"@type\":\"Organization\",\"@id\":\"https:\/\/editorialmediterrania.com\/en\/#organization\",\"name\":\"Editorial Mediterrania\",\"alternateName\":\"Llibres d'art, cultura i natura per infants i fam\u00edlies\",\"url\":\"https:\/\/editorialmediterrania.com\/en\/\",\"logo\":{\"@type\":\"ImageObject\",\"inLanguage\":\"en-US\",\"@id\":\"https:\/\/editorialmediterrania.com\/en\/#\/schema\/logo\/image\/\",\"url\":\"https:\/\/editorialmediterrania.com\/wp-content\/uploads\/2023\/03\/LOGO-ED_MEDITERRANIA_OK-2.png\",\"contentUrl\":\"https:\/\/editorialmediterrania.com\/wp-content\/uploads\/2023\/03\/LOGO-ED_MEDITERRANIA_OK-2.png\",\"width\":1200,\"height\":300,\"caption\":\"Editorial Mediterrania\"},\"image\":{\"@id\":\"https:\/\/editorialmediterrania.com\/en\/#\/schema\/logo\/image\/\"},\"sameAs\":[\"https:\/\/x.com\/edmediterrania\",\"https:\/\/www.instagram.com\/editorialmediterrania\/\"]}]}<\/script>\n<!-- \/ Yoast SEO plugin. -->","yoast_head_json":{"title":"Un any fent festa a la Vila de Gr\u00e0cia | Editorial Mediterr\u00e0nia","description":"Acompanya la J\u00falia i l'Arnau durant un any i veur\u00e0s com preparen les comissions i els festers les activitats i festes a la Vila de Gr\u00e0cia!","robots":{"index":"index","follow":"follow","max-snippet":"max-snippet:-1","max-image-preview":"max-image-preview:large","max-video-preview":"max-video-preview:-1"},"canonical":"https:\/\/editorialmediterrania.com\/en\/product\/un-any-fent-festa\/","og_locale":"en_US","og_type":"article","og_title":"Un any fent festa a la Vila de Gr\u00e0cia | Editorial Mediterr\u00e0nia","og_description":"Acompanya la J\u00falia i l'Arnau durant un any i veur\u00e0s com preparen les comissions i els festers les activitats i festes a la Vila de Gr\u00e0cia!","og_url":"https:\/\/editorialmediterrania.com\/en\/product\/un-any-fent-festa\/","og_site_name":"Editorial Mediterr\u00e0nia","article_modified_time":"2025-07-29T08:41:16+00:00","og_image":[{"width":649,"height":682,"url":"https:\/\/editorialmediterrania.com\/wp-content\/uploads\/2021\/05\/Captura-de-pantalla-2023-06-12-a-les-15.10.19.png","type":"image\/png"}],"twitter_card":"summary_large_image","twitter_site":"@edmediterrania","twitter_misc":{"Est. reading time":"1 minute"},"schema":{"@context":"https:\/\/schema.org","@graph":[{"@type":"WebPage","@id":"https:\/\/editorialmediterrania.com\/en\/product\/un-any-fent-festa\/","url":"https:\/\/editorialmediterrania.com\/en\/product\/un-any-fent-festa\/","name":"Un any fent festa a la Vila de Gr\u00e0cia | Editorial Mediterr\u00e0nia","isPartOf":{"@id":"https:\/\/editorialmediterrania.com\/en\/#website"},"primaryImageOfPage":{"@id":"https:\/\/editorialmediterrania.com\/en\/product\/un-any-fent-festa\/#primaryimage"},"image":{"@id":"https:\/\/editorialmediterrania.com\/en\/product\/un-any-fent-festa\/#primaryimage"},"thumbnailUrl":"https:\/\/editorialmediterrania.com\/wp-content\/uploads\/2021\/05\/Captura-de-pantalla-2023-06-12-a-les-15.10.19.png","datePublished":"2021-05-27T08:33:38+00:00","dateModified":"2025-07-29T08:41:16+00:00","description":"Acompanya la J\u00falia i l'Arnau durant un any i veur\u00e0s com preparen les comissions i els festers les activitats i festes a la Vila de Gr\u00e0cia!","breadcrumb":{"@id":"https:\/\/editorialmediterrania.com\/en\/product\/un-any-fent-festa\/#breadcrumb"},"inLanguage":"en-US","potentialAction":[{"@type":"ReadAction","target":["https:\/\/editorialmediterrania.com\/en\/product\/un-any-fent-festa\/"]}]},{"@type":"ImageObject","inLanguage":"en-US","@id":"https:\/\/editorialmediterrania.com\/en\/product\/un-any-fent-festa\/#primaryimage","url":"https:\/\/editorialmediterrania.com\/wp-content\/uploads\/2021\/05\/Captura-de-pantalla-2023-06-12-a-les-15.10.19.png","contentUrl":"https:\/\/editorialmediterrania.com\/wp-content\/uploads\/2021\/05\/Captura-de-pantalla-2023-06-12-a-les-15.10.19.png","width":649,"height":682},{"@type":"BreadcrumbList","@id":"https:\/\/editorialmediterrania.com\/en\/product\/un-any-fent-festa\/#breadcrumb","itemListElement":[{"@type":"ListItem","position":1,"name":"Children&#8217;s art book store","item":"https:\/\/editorialmediterrania.com\/en\/childrens-art-book-store\/"},{"@type":"ListItem","position":2,"name":"Un any fent festa"}]},{"@type":"WebSite","@id":"https:\/\/editorialmediterrania.com\/en\/#website","url":"https:\/\/editorialmediterrania.com\/en\/","name":"Editorial Mediterrania","description":"Llibres que t\u2019obriran nous mons","publisher":{"@id":"https:\/\/editorialmediterrania.com\/en\/#organization"},"alternateName":"Llibres infantils d'art, cultura i natura","potentialAction":[{"@type":"SearchAction","target":{"@type":"EntryPoint","urlTemplate":"https:\/\/editorialmediterrania.com\/en\/?s={search_term_string}"},"query-input":"required name=search_term_string"}],"inLanguage":"en-US"},{"@type":"Organization","@id":"https:\/\/editorialmediterrania.com\/en\/#organization","name":"Editorial Mediterrania","alternateName":"Llibres d'art, cultura i natura per infants i fam\u00edlies","url":"https:\/\/editorialmediterrania.com\/en\/","logo":{"@type":"ImageObject","inLanguage":"en-US","@id":"https:\/\/editorialmediterrania.com\/en\/#\/schema\/logo\/image\/","url":"https:\/\/editorialmediterrania.com\/wp-content\/uploads\/2023\/03\/LOGO-ED_MEDITERRANIA_OK-2.png","contentUrl":"https:\/\/editorialmediterrania.com\/wp-content\/uploads\/2023\/03\/LOGO-ED_MEDITERRANIA_OK-2.png","width":1200,"height":300,"caption":"Editorial Mediterrania"},"image":{"@id":"https:\/\/editorialmediterrania.com\/en\/#\/schema\/logo\/image\/"},"sameAs":["https:\/\/x.com\/edmediterrania","https:\/\/www.instagram.com\/editorialmediterrania\/"]}]}},"_links":{"self":[{"href":"https:\/\/editorialmediterrania.com\/en\/wp-json\/wp\/v2\/product\/34931","targetHints":{"allow":["GET"]}}],"collection":[{"href":"https:\/\/editorialmediterrania.com\/en\/wp-json\/wp\/v2\/product"}],"about":[{"href":"https:\/\/editorialmediterrania.com\/en\/wp-json\/wp\/v2\/types\/product"}],"wp:featuredmedia":[{"embeddable":true,"href":"https:\/\/editorialmediterrania.com\/en\/wp-json\/wp\/v2\/media\/41673"}],"wp:attachment":[{"href":"https:\/\/editorialmediterrania.com\/en\/wp-json\/wp\/v2\/media?parent=34931"}],"wp:term":[{"taxonomy":"product_cat","embeddable":true,"href":"https:\/\/editorialmediterrania.com\/en\/wp-json\/wp\/v2\/product_cat?post=34931"},{"taxonomy":"product_tag","embeddable":true,"href":"https:\/\/editorialmediterrania.com\/en\/wp-json\/wp\/v2\/product_tag?post=34931"},{"taxonomy":"autors","embeddable":true,"href":"https:\/\/editorialmediterrania.com\/en\/wp-json\/wp\/v2\/autors?post=34931"}],"curies":[{"name":"wp","href":"https:\/\/api.w.org\/{rel}","templated":true}]}}