{"id":35061,"date":"2021-08-02T08:34:38","date_gmt":"2021-08-02T06:34:38","guid":{"rendered":"http:\/\/localhost:8888\/mediterrania\/\/?post_type=product&#038;p=35061"},"modified":"2021-08-02T08:54:25","modified_gmt":"2021-08-02T06:54:25","slug":"lart-sempre-a-punt","status":"publish","type":"product","link":"https:\/\/editorialmediterrania.com\/en\/product\/lart-sempre-a-punt\/","title":{"rendered":"L&#8217;art, sempre a punt!"},"content":{"rendered":"<p><strong>Guia pr\u00e0ctica de l&#8217;art amb punts<\/strong><\/p>\n<p>El punt \u00e9s l\u2019inici de tota creaci\u00f3 i, malgrat que pugui semblar ben poca cosa, \u00e9s l\u2019origen de molt\u00eds simes obres d\u2019art.<\/p>\n<p>Els punts poden ser petits i senzills. Es poden deformar i es poden fer grossos com les rodones. Poden estar buits com els cercles o plens i tenir textures diverses. Tamb\u00e9 els poden travessar l\u00edni es o altres formes geom\u00e8triques.<\/p>\n<p>En aquesta guia pr\u00e0ctica descobrir\u00e0s com deu artistes diferents fan servir el punt en les seves obres i disposar\u00e0s d\u2019un espai de creaci\u00f3 per aprendre la seva t\u00e8cnica i practicar a partir d\u2019un munt de propostes interessants. T\u2019hi apuntes?<\/p>\n<blockquote><p>Deu artistes: 5 homes i 5 dones de renom interna cional com Paul Klee, Yayoi Kusama, Vassili Kan dinsky o Hilma af Klint.<\/p><\/blockquote>\n","protected":false},"excerpt":{"rendered":"<p>Deu artistes de renom internacional com Paul Klee, Yayoi Kusama, Vassili Kandinsky o Hilma af Klint, i espai dins el llibre per fer els teus propis quadres!<\/p>\n","protected":false},"featured_media":40903,"template":"","meta":[],"product_cat":[6494,31,29],"product_tag":[6029,4318,6052],"autors":[],"class_list":{"0":"post-35061","1":"product","2":"type-product","3":"status-publish","4":"has-post-thumbnail","6":"product_cat-outlet-en","7":"product_cat-editorial-mediterrania","8":"product_cat-art-with-family","9":"product_tag-contes-infantils-en","10":"product_tag-klee-en","11":"product_tag-llibres-per-pintar-en","13":"first","14":"instock","15":"sale","16":"purchasable","17":"product-type-variable","18":"has-default-attributes","swatches":"rey-swatches","show_selected":""},"acf":[],"yoast_head":"<!-- This site is optimized with the Yoast SEO plugin v22.8 - https:\/\/yoast.com\/wordpress\/plugins\/seo\/ -->\n<title>L&#039;art, sempre a punt! - Editorial Mediterr\u00e0nia<\/title>\n<meta name=\"description\" content=\"Deu artistes de renom internacional com Paul Klee, Yayoi Kusama, Vassili Kandinsky o Hilma af Klint!\" \/>\n<meta name=\"robots\" content=\"index, follow, max-snippet:-1, max-image-preview:large, max-video-preview:-1\" \/>\n<link rel=\"canonical\" href=\"https:\/\/editorialmediterrania.com\/en\/product\/lart-sempre-a-punt\/\" \/>\n<meta property=\"og:locale\" content=\"en_US\" \/>\n<meta property=\"og:type\" content=\"article\" \/>\n<meta property=\"og:title\" content=\"L&#039;art, sempre a punt! - Editorial Mediterr\u00e0nia\" \/>\n<meta property=\"og:description\" content=\"Deu artistes de renom internacional com Paul Klee, Yayoi Kusama, Vassili Kandinsky o Hilma af Klint!\" \/>\n<meta property=\"og:url\" content=\"https:\/\/editorialmediterrania.com\/en\/product\/lart-sempre-a-punt\/\" \/>\n<meta property=\"og:site_name\" content=\"Editorial Mediterr\u00e0nia\" \/>\n<meta property=\"article:modified_time\" content=\"2021-08-02T06:54:25+00:00\" \/>\n<meta property=\"og:image\" content=\"https:\/\/editorialmediterrania.com\/wp-content\/uploads\/2021\/08\/lart-sempre-apunt.jpeg\" \/>\n\t<meta property=\"og:image:width\" content=\"400\" \/>\n\t<meta property=\"og:image:height\" content=\"284\" \/>\n\t<meta property=\"og:image:type\" content=\"image\/jpeg\" \/>\n<meta name=\"twitter:card\" content=\"summary_large_image\" \/>\n<meta name=\"twitter:site\" content=\"@edmediterrania\" \/>\n<meta name=\"twitter:label1\" content=\"Est. reading time\" \/>\n\t<meta name=\"twitter:data1\" content=\"1 minute\" \/>\n<script type=\"application\/ld+json\" class=\"yoast-schema-graph\">{\"@context\":\"https:\/\/schema.org\",\"@graph\":[{\"@type\":\"WebPage\",\"@id\":\"https:\/\/editorialmediterrania.com\/en\/product\/lart-sempre-a-punt\/\",\"url\":\"https:\/\/editorialmediterrania.com\/en\/product\/lart-sempre-a-punt\/\",\"name\":\"L'art, sempre a punt! - Editorial Mediterr\u00e0nia\",\"isPartOf\":{\"@id\":\"https:\/\/editorialmediterrania.com\/en\/#website\"},\"primaryImageOfPage\":{\"@id\":\"https:\/\/editorialmediterrania.com\/en\/product\/lart-sempre-a-punt\/#primaryimage\"},\"image\":{\"@id\":\"https:\/\/editorialmediterrania.com\/en\/product\/lart-sempre-a-punt\/#primaryimage\"},\"thumbnailUrl\":\"https:\/\/editorialmediterrania.com\/wp-content\/uploads\/2021\/08\/lart-sempre-apunt.jpeg\",\"datePublished\":\"2021-08-02T06:34:38+00:00\",\"dateModified\":\"2021-08-02T06:54:25+00:00\",\"description\":\"Deu artistes de renom internacional com Paul Klee, Yayoi Kusama, Vassili Kandinsky o Hilma af Klint!\",\"breadcrumb\":{\"@id\":\"https:\/\/editorialmediterrania.com\/en\/product\/lart-sempre-a-punt\/#breadcrumb\"},\"inLanguage\":\"en-US\",\"potentialAction\":[{\"@type\":\"ReadAction\",\"target\":[\"https:\/\/editorialmediterrania.com\/en\/product\/lart-sempre-a-punt\/\"]}]},{\"@type\":\"ImageObject\",\"inLanguage\":\"en-US\",\"@id\":\"https:\/\/editorialmediterrania.com\/en\/product\/lart-sempre-a-punt\/#primaryimage\",\"url\":\"https:\/\/editorialmediterrania.com\/wp-content\/uploads\/2021\/08\/lart-sempre-apunt.jpeg\",\"contentUrl\":\"https:\/\/editorialmediterrania.com\/wp-content\/uploads\/2021\/08\/lart-sempre-apunt.jpeg\",\"width\":400,\"height\":284},{\"@type\":\"BreadcrumbList\",\"@id\":\"https:\/\/editorialmediterrania.com\/en\/product\/lart-sempre-a-punt\/#breadcrumb\",\"itemListElement\":[{\"@type\":\"ListItem\",\"position\":1,\"name\":\"Children&#8217;s art book store\",\"item\":\"https:\/\/editorialmediterrania.com\/en\/childrens-art-book-store\/\"},{\"@type\":\"ListItem\",\"position\":2,\"name\":\"L&#8217;art, sempre a punt!\"}]},{\"@type\":\"WebSite\",\"@id\":\"https:\/\/editorialmediterrania.com\/en\/#website\",\"url\":\"https:\/\/editorialmediterrania.com\/en\/\",\"name\":\"Editorial Mediterrania\",\"description\":\"Llibres que t\u2019obriran nous mons\",\"publisher\":{\"@id\":\"https:\/\/editorialmediterrania.com\/en\/#organization\"},\"alternateName\":\"Llibres infantils d'art, cultura i natura\",\"potentialAction\":[{\"@type\":\"SearchAction\",\"target\":{\"@type\":\"EntryPoint\",\"urlTemplate\":\"https:\/\/editorialmediterrania.com\/en\/?s={search_term_string}\"},\"query-input\":\"required name=search_term_string\"}],\"inLanguage\":\"en-US\"},{\"@type\":\"Organization\",\"@id\":\"https:\/\/editorialmediterrania.com\/en\/#organization\",\"name\":\"Editorial Mediterrania\",\"alternateName\":\"Llibres d'art, cultura i natura per infants i fam\u00edlies\",\"url\":\"https:\/\/editorialmediterrania.com\/en\/\",\"logo\":{\"@type\":\"ImageObject\",\"inLanguage\":\"en-US\",\"@id\":\"https:\/\/editorialmediterrania.com\/en\/#\/schema\/logo\/image\/\",\"url\":\"https:\/\/editorialmediterrania.com\/wp-content\/uploads\/2023\/03\/LOGO-ED_MEDITERRANIA_OK-2.png\",\"contentUrl\":\"https:\/\/editorialmediterrania.com\/wp-content\/uploads\/2023\/03\/LOGO-ED_MEDITERRANIA_OK-2.png\",\"width\":1200,\"height\":300,\"caption\":\"Editorial Mediterrania\"},\"image\":{\"@id\":\"https:\/\/editorialmediterrania.com\/en\/#\/schema\/logo\/image\/\"},\"sameAs\":[\"https:\/\/x.com\/edmediterrania\",\"https:\/\/www.instagram.com\/editorialmediterrania\/\"]}]}<\/script>\n<!-- \/ Yoast SEO plugin. -->","yoast_head_json":{"title":"L'art, sempre a punt! - Editorial Mediterr\u00e0nia","description":"Deu artistes de renom internacional com Paul Klee, Yayoi Kusama, Vassili Kandinsky o Hilma af Klint!","robots":{"index":"index","follow":"follow","max-snippet":"max-snippet:-1","max-image-preview":"max-image-preview:large","max-video-preview":"max-video-preview:-1"},"canonical":"https:\/\/editorialmediterrania.com\/en\/product\/lart-sempre-a-punt\/","og_locale":"en_US","og_type":"article","og_title":"L'art, sempre a punt! - Editorial Mediterr\u00e0nia","og_description":"Deu artistes de renom internacional com Paul Klee, Yayoi Kusama, Vassili Kandinsky o Hilma af Klint!","og_url":"https:\/\/editorialmediterrania.com\/en\/product\/lart-sempre-a-punt\/","og_site_name":"Editorial Mediterr\u00e0nia","article_modified_time":"2021-08-02T06:54:25+00:00","og_image":[{"width":400,"height":284,"url":"https:\/\/editorialmediterrania.com\/wp-content\/uploads\/2021\/08\/lart-sempre-apunt.jpeg","type":"image\/jpeg"}],"twitter_card":"summary_large_image","twitter_site":"@edmediterrania","twitter_misc":{"Est. reading time":"1 minute"},"schema":{"@context":"https:\/\/schema.org","@graph":[{"@type":"WebPage","@id":"https:\/\/editorialmediterrania.com\/en\/product\/lart-sempre-a-punt\/","url":"https:\/\/editorialmediterrania.com\/en\/product\/lart-sempre-a-punt\/","name":"L'art, sempre a punt! - Editorial Mediterr\u00e0nia","isPartOf":{"@id":"https:\/\/editorialmediterrania.com\/en\/#website"},"primaryImageOfPage":{"@id":"https:\/\/editorialmediterrania.com\/en\/product\/lart-sempre-a-punt\/#primaryimage"},"image":{"@id":"https:\/\/editorialmediterrania.com\/en\/product\/lart-sempre-a-punt\/#primaryimage"},"thumbnailUrl":"https:\/\/editorialmediterrania.com\/wp-content\/uploads\/2021\/08\/lart-sempre-apunt.jpeg","datePublished":"2021-08-02T06:34:38+00:00","dateModified":"2021-08-02T06:54:25+00:00","description":"Deu artistes de renom internacional com Paul Klee, Yayoi Kusama, Vassili Kandinsky o Hilma af Klint!","breadcrumb":{"@id":"https:\/\/editorialmediterrania.com\/en\/product\/lart-sempre-a-punt\/#breadcrumb"},"inLanguage":"en-US","potentialAction":[{"@type":"ReadAction","target":["https:\/\/editorialmediterrania.com\/en\/product\/lart-sempre-a-punt\/"]}]},{"@type":"ImageObject","inLanguage":"en-US","@id":"https:\/\/editorialmediterrania.com\/en\/product\/lart-sempre-a-punt\/#primaryimage","url":"https:\/\/editorialmediterrania.com\/wp-content\/uploads\/2021\/08\/lart-sempre-apunt.jpeg","contentUrl":"https:\/\/editorialmediterrania.com\/wp-content\/uploads\/2021\/08\/lart-sempre-apunt.jpeg","width":400,"height":284},{"@type":"BreadcrumbList","@id":"https:\/\/editorialmediterrania.com\/en\/product\/lart-sempre-a-punt\/#breadcrumb","itemListElement":[{"@type":"ListItem","position":1,"name":"Children&#8217;s art book store","item":"https:\/\/editorialmediterrania.com\/en\/childrens-art-book-store\/"},{"@type":"ListItem","position":2,"name":"L&#8217;art, sempre a punt!"}]},{"@type":"WebSite","@id":"https:\/\/editorialmediterrania.com\/en\/#website","url":"https:\/\/editorialmediterrania.com\/en\/","name":"Editorial Mediterrania","description":"Llibres que t\u2019obriran nous mons","publisher":{"@id":"https:\/\/editorialmediterrania.com\/en\/#organization"},"alternateName":"Llibres infantils d'art, cultura i natura","potentialAction":[{"@type":"SearchAction","target":{"@type":"EntryPoint","urlTemplate":"https:\/\/editorialmediterrania.com\/en\/?s={search_term_string}"},"query-input":"required name=search_term_string"}],"inLanguage":"en-US"},{"@type":"Organization","@id":"https:\/\/editorialmediterrania.com\/en\/#organization","name":"Editorial Mediterrania","alternateName":"Llibres d'art, cultura i natura per infants i fam\u00edlies","url":"https:\/\/editorialmediterrania.com\/en\/","logo":{"@type":"ImageObject","inLanguage":"en-US","@id":"https:\/\/editorialmediterrania.com\/en\/#\/schema\/logo\/image\/","url":"https:\/\/editorialmediterrania.com\/wp-content\/uploads\/2023\/03\/LOGO-ED_MEDITERRANIA_OK-2.png","contentUrl":"https:\/\/editorialmediterrania.com\/wp-content\/uploads\/2023\/03\/LOGO-ED_MEDITERRANIA_OK-2.png","width":1200,"height":300,"caption":"Editorial Mediterrania"},"image":{"@id":"https:\/\/editorialmediterrania.com\/en\/#\/schema\/logo\/image\/"},"sameAs":["https:\/\/x.com\/edmediterrania","https:\/\/www.instagram.com\/editorialmediterrania\/"]}]}},"_links":{"self":[{"href":"https:\/\/editorialmediterrania.com\/en\/wp-json\/wp\/v2\/product\/35061","targetHints":{"allow":["GET"]}}],"collection":[{"href":"https:\/\/editorialmediterrania.com\/en\/wp-json\/wp\/v2\/product"}],"about":[{"href":"https:\/\/editorialmediterrania.com\/en\/wp-json\/wp\/v2\/types\/product"}],"wp:featuredmedia":[{"embeddable":true,"href":"https:\/\/editorialmediterrania.com\/en\/wp-json\/wp\/v2\/media\/40903"}],"wp:attachment":[{"href":"https:\/\/editorialmediterrania.com\/en\/wp-json\/wp\/v2\/media?parent=35061"}],"wp:term":[{"taxonomy":"product_cat","embeddable":true,"href":"https:\/\/editorialmediterrania.com\/en\/wp-json\/wp\/v2\/product_cat?post=35061"},{"taxonomy":"product_tag","embeddable":true,"href":"https:\/\/editorialmediterrania.com\/en\/wp-json\/wp\/v2\/product_tag?post=35061"},{"taxonomy":"autors","embeddable":true,"href":"https:\/\/editorialmediterrania.com\/en\/wp-json\/wp\/v2\/autors?post=35061"}],"curies":[{"name":"wp","href":"https:\/\/api.w.org\/{rel}","templated":true}]}}