{"id":35207,"date":"2021-09-27T15:35:16","date_gmt":"2021-09-27T13:35:17","guid":{"rendered":"http:\/\/localhost:8888\/mediterrania\/\/?post_type=product&#038;p=35207"},"modified":"2023-08-01T12:50:42","modified_gmt":"2023-08-01T10:50:42","slug":"busca-y-encuentra-museos-de-las-comarcas-de-girona","status":"publish","type":"product","link":"https:\/\/editorialmediterrania.com\/en\/product\/busca-y-encuentra-museos-de-las-comarcas-de-girona\/","title":{"rendered":"Busca y encuentra. Museos de las comarcas de Girona"},"content":{"rendered":"<div class=\"page\" title=\"Page 2\">\n<div class=\"layoutArea\">\n<div class=\"column\">\n<p><strong>\u00a126 museos y m\u00e9s de 300 objetos a encontrar!<\/strong><\/p>\n<p>Horas y horas de diversi\u00f3n para todas las edades en los museos m\u00e1s destacados de las comarcas de Girona.<\/p>\n<p>Diferentes niveles de dificultad para que grandes y peque\u00f1os puedan jugar a la vez que aprenden y descubren la oferta cultural de Catalu\u00f1a.<\/p>\n<p>P\u00e1gina final con curiosidades para seguir buscando en las ilustraciones.<\/p>\n<p>Ilustrado por Roser Matas.<\/p>\n<p>&nbsp;<\/p>\n<blockquote><p>Link: <a href=\"http:\/\/editorialmediterrania.com\/wp-content\/uploads\/2021\/09\/CURIOSITATS_Cerca-i-troba-Museus-de-GIRONA_CAST_ING_FR.pdf\">Curiositats (CAT) \/ Curiosidades (CAST) \/ Curiosities (ENG) \/ Curiosit\u00e9s (FR)<\/a><\/p><\/blockquote>\n<\/div>\n<\/div>\n<\/div>\n","protected":false},"excerpt":{"rendered":"<p>Busca y encuentra de las comarcas de Girona!<\/p>\n","protected":false},"featured_media":41128,"template":"","meta":[],"product_cat":[6248],"product_tag":[419,5672,5885,6498],"autors":[],"class_list":{"0":"post-35207","1":"product","2":"type-product","3":"status-publish","4":"has-post-thumbnail","6":"product_cat-seek-and-find","7":"product_tag-cultura-en","8":"product_tag-girona-en","9":"product_tag-museus-en","10":"product_tag-patrimonio","12":"first","13":"outofstock","14":"purchasable","15":"product-type-simple","swatches":"rey-swatches","show_selected":""},"acf":[],"yoast_head":"<!-- This site is optimized with the Yoast SEO plugin v22.8 - https:\/\/yoast.com\/wordpress\/plugins\/seo\/ -->\n<title>Busca y encuentra Museus de Girona<\/title>\n<meta name=\"description\" content=\"Diversi\u00f3n para peque\u00f1os y grandes en los museos m\u00e1s destacados de las comarcas de Girona. Libro multiling\u00fce (catal\u00e1n, castellano, ingl\u00e9s y franc\u00e9s)\" \/>\n<meta name=\"robots\" content=\"index, follow, max-snippet:-1, max-image-preview:large, max-video-preview:-1\" \/>\n<link rel=\"canonical\" href=\"https:\/\/editorialmediterrania.com\/en\/product\/busca-y-encuentra-museos-de-las-comarcas-de-girona\/\" \/>\n<meta property=\"og:locale\" content=\"en_US\" \/>\n<meta property=\"og:type\" content=\"article\" \/>\n<meta property=\"og:title\" content=\"Busca y encuentra Museus de Girona\" \/>\n<meta property=\"og:description\" content=\"Diversi\u00f3n para peque\u00f1os y grandes en los museos m\u00e1s destacados de las comarcas de Girona. Libro multiling\u00fce (catal\u00e1n, castellano, ingl\u00e9s y franc\u00e9s)\" \/>\n<meta property=\"og:url\" content=\"https:\/\/editorialmediterrania.com\/en\/product\/busca-y-encuentra-museos-de-las-comarcas-de-girona\/\" \/>\n<meta property=\"og:site_name\" content=\"Editorial Mediterr\u00e0nia\" \/>\n<meta property=\"article:modified_time\" content=\"2023-08-01T10:50:42+00:00\" \/>\n<meta property=\"og:image\" content=\"https:\/\/editorialmediterrania.com\/wp-content\/uploads\/2021\/09\/CUB_Cerca-i-troba-Museus-de-GIRONA_ok.png\" \/>\n\t<meta property=\"og:image:width\" content=\"917\" \/>\n\t<meta property=\"og:image:height\" content=\"1165\" \/>\n\t<meta property=\"og:image:type\" content=\"image\/png\" \/>\n<meta name=\"twitter:card\" content=\"summary_large_image\" \/>\n<meta name=\"twitter:site\" content=\"@edmediterrania\" \/>\n<meta name=\"twitter:label1\" content=\"Est. reading time\" \/>\n\t<meta name=\"twitter:data1\" content=\"1 minute\" \/>\n<script type=\"application\/ld+json\" class=\"yoast-schema-graph\">{\"@context\":\"https:\/\/schema.org\",\"@graph\":[{\"@type\":\"WebPage\",\"@id\":\"https:\/\/editorialmediterrania.com\/en\/product\/busca-y-encuentra-museos-de-las-comarcas-de-girona\/\",\"url\":\"https:\/\/editorialmediterrania.com\/en\/product\/busca-y-encuentra-museos-de-las-comarcas-de-girona\/\",\"name\":\"Busca y encuentra Museus de Girona\",\"isPartOf\":{\"@id\":\"https:\/\/editorialmediterrania.com\/en\/#website\"},\"primaryImageOfPage\":{\"@id\":\"https:\/\/editorialmediterrania.com\/en\/product\/busca-y-encuentra-museos-de-las-comarcas-de-girona\/#primaryimage\"},\"image\":{\"@id\":\"https:\/\/editorialmediterrania.com\/en\/product\/busca-y-encuentra-museos-de-las-comarcas-de-girona\/#primaryimage\"},\"thumbnailUrl\":\"https:\/\/editorialmediterrania.com\/wp-content\/uploads\/2021\/09\/CUB_Cerca-i-troba-Museus-de-GIRONA_ok.png\",\"datePublished\":\"2021-09-27T13:35:17+00:00\",\"dateModified\":\"2023-08-01T10:50:42+00:00\",\"description\":\"Diversi\u00f3n para peque\u00f1os y grandes en los museos m\u00e1s destacados de las comarcas de Girona. Libro multiling\u00fce (catal\u00e1n, castellano, ingl\u00e9s y franc\u00e9s)\",\"breadcrumb\":{\"@id\":\"https:\/\/editorialmediterrania.com\/en\/product\/busca-y-encuentra-museos-de-las-comarcas-de-girona\/#breadcrumb\"},\"inLanguage\":\"en-US\",\"potentialAction\":[{\"@type\":\"ReadAction\",\"target\":[\"https:\/\/editorialmediterrania.com\/en\/product\/busca-y-encuentra-museos-de-las-comarcas-de-girona\/\"]}]},{\"@type\":\"ImageObject\",\"inLanguage\":\"en-US\",\"@id\":\"https:\/\/editorialmediterrania.com\/en\/product\/busca-y-encuentra-museos-de-las-comarcas-de-girona\/#primaryimage\",\"url\":\"https:\/\/editorialmediterrania.com\/wp-content\/uploads\/2021\/09\/CUB_Cerca-i-troba-Museus-de-GIRONA_ok.png\",\"contentUrl\":\"https:\/\/editorialmediterrania.com\/wp-content\/uploads\/2021\/09\/CUB_Cerca-i-troba-Museus-de-GIRONA_ok.png\",\"width\":917,\"height\":1165},{\"@type\":\"BreadcrumbList\",\"@id\":\"https:\/\/editorialmediterrania.com\/en\/product\/busca-y-encuentra-museos-de-las-comarcas-de-girona\/#breadcrumb\",\"itemListElement\":[{\"@type\":\"ListItem\",\"position\":1,\"name\":\"Children&#8217;s art book store\",\"item\":\"https:\/\/editorialmediterrania.com\/en\/childrens-art-book-store\/\"},{\"@type\":\"ListItem\",\"position\":2,\"name\":\"Busca y encuentra. Museos de las comarcas de Girona\"}]},{\"@type\":\"WebSite\",\"@id\":\"https:\/\/editorialmediterrania.com\/en\/#website\",\"url\":\"https:\/\/editorialmediterrania.com\/en\/\",\"name\":\"Editorial Mediterrania\",\"description\":\"Llibres que t\u2019obriran nous mons\",\"publisher\":{\"@id\":\"https:\/\/editorialmediterrania.com\/en\/#organization\"},\"alternateName\":\"Llibres infantils d'art, cultura i natura\",\"potentialAction\":[{\"@type\":\"SearchAction\",\"target\":{\"@type\":\"EntryPoint\",\"urlTemplate\":\"https:\/\/editorialmediterrania.com\/en\/?s={search_term_string}\"},\"query-input\":\"required name=search_term_string\"}],\"inLanguage\":\"en-US\"},{\"@type\":\"Organization\",\"@id\":\"https:\/\/editorialmediterrania.com\/en\/#organization\",\"name\":\"Editorial Mediterrania\",\"alternateName\":\"Llibres d'art, cultura i natura per infants i fam\u00edlies\",\"url\":\"https:\/\/editorialmediterrania.com\/en\/\",\"logo\":{\"@type\":\"ImageObject\",\"inLanguage\":\"en-US\",\"@id\":\"https:\/\/editorialmediterrania.com\/en\/#\/schema\/logo\/image\/\",\"url\":\"https:\/\/editorialmediterrania.com\/wp-content\/uploads\/2023\/03\/LOGO-ED_MEDITERRANIA_OK-2.png\",\"contentUrl\":\"https:\/\/editorialmediterrania.com\/wp-content\/uploads\/2023\/03\/LOGO-ED_MEDITERRANIA_OK-2.png\",\"width\":1200,\"height\":300,\"caption\":\"Editorial Mediterrania\"},\"image\":{\"@id\":\"https:\/\/editorialmediterrania.com\/en\/#\/schema\/logo\/image\/\"},\"sameAs\":[\"https:\/\/x.com\/edmediterrania\",\"https:\/\/www.instagram.com\/editorialmediterrania\/\"]}]}<\/script>\n<!-- \/ Yoast SEO plugin. -->","yoast_head_json":{"title":"Busca y encuentra Museus de Girona","description":"Diversi\u00f3n para peque\u00f1os y grandes en los museos m\u00e1s destacados de las comarcas de Girona. Libro multiling\u00fce (catal\u00e1n, castellano, ingl\u00e9s y franc\u00e9s)","robots":{"index":"index","follow":"follow","max-snippet":"max-snippet:-1","max-image-preview":"max-image-preview:large","max-video-preview":"max-video-preview:-1"},"canonical":"https:\/\/editorialmediterrania.com\/en\/product\/busca-y-encuentra-museos-de-las-comarcas-de-girona\/","og_locale":"en_US","og_type":"article","og_title":"Busca y encuentra Museus de Girona","og_description":"Diversi\u00f3n para peque\u00f1os y grandes en los museos m\u00e1s destacados de las comarcas de Girona. Libro multiling\u00fce (catal\u00e1n, castellano, ingl\u00e9s y franc\u00e9s)","og_url":"https:\/\/editorialmediterrania.com\/en\/product\/busca-y-encuentra-museos-de-las-comarcas-de-girona\/","og_site_name":"Editorial Mediterr\u00e0nia","article_modified_time":"2023-08-01T10:50:42+00:00","og_image":[{"width":917,"height":1165,"url":"https:\/\/editorialmediterrania.com\/wp-content\/uploads\/2021\/09\/CUB_Cerca-i-troba-Museus-de-GIRONA_ok.png","type":"image\/png"}],"twitter_card":"summary_large_image","twitter_site":"@edmediterrania","twitter_misc":{"Est. reading time":"1 minute"},"schema":{"@context":"https:\/\/schema.org","@graph":[{"@type":"WebPage","@id":"https:\/\/editorialmediterrania.com\/en\/product\/busca-y-encuentra-museos-de-las-comarcas-de-girona\/","url":"https:\/\/editorialmediterrania.com\/en\/product\/busca-y-encuentra-museos-de-las-comarcas-de-girona\/","name":"Busca y encuentra Museus de Girona","isPartOf":{"@id":"https:\/\/editorialmediterrania.com\/en\/#website"},"primaryImageOfPage":{"@id":"https:\/\/editorialmediterrania.com\/en\/product\/busca-y-encuentra-museos-de-las-comarcas-de-girona\/#primaryimage"},"image":{"@id":"https:\/\/editorialmediterrania.com\/en\/product\/busca-y-encuentra-museos-de-las-comarcas-de-girona\/#primaryimage"},"thumbnailUrl":"https:\/\/editorialmediterrania.com\/wp-content\/uploads\/2021\/09\/CUB_Cerca-i-troba-Museus-de-GIRONA_ok.png","datePublished":"2021-09-27T13:35:17+00:00","dateModified":"2023-08-01T10:50:42+00:00","description":"Diversi\u00f3n para peque\u00f1os y grandes en los museos m\u00e1s destacados de las comarcas de Girona. Libro multiling\u00fce (catal\u00e1n, castellano, ingl\u00e9s y franc\u00e9s)","breadcrumb":{"@id":"https:\/\/editorialmediterrania.com\/en\/product\/busca-y-encuentra-museos-de-las-comarcas-de-girona\/#breadcrumb"},"inLanguage":"en-US","potentialAction":[{"@type":"ReadAction","target":["https:\/\/editorialmediterrania.com\/en\/product\/busca-y-encuentra-museos-de-las-comarcas-de-girona\/"]}]},{"@type":"ImageObject","inLanguage":"en-US","@id":"https:\/\/editorialmediterrania.com\/en\/product\/busca-y-encuentra-museos-de-las-comarcas-de-girona\/#primaryimage","url":"https:\/\/editorialmediterrania.com\/wp-content\/uploads\/2021\/09\/CUB_Cerca-i-troba-Museus-de-GIRONA_ok.png","contentUrl":"https:\/\/editorialmediterrania.com\/wp-content\/uploads\/2021\/09\/CUB_Cerca-i-troba-Museus-de-GIRONA_ok.png","width":917,"height":1165},{"@type":"BreadcrumbList","@id":"https:\/\/editorialmediterrania.com\/en\/product\/busca-y-encuentra-museos-de-las-comarcas-de-girona\/#breadcrumb","itemListElement":[{"@type":"ListItem","position":1,"name":"Children&#8217;s art book store","item":"https:\/\/editorialmediterrania.com\/en\/childrens-art-book-store\/"},{"@type":"ListItem","position":2,"name":"Busca y encuentra. Museos de las comarcas de Girona"}]},{"@type":"WebSite","@id":"https:\/\/editorialmediterrania.com\/en\/#website","url":"https:\/\/editorialmediterrania.com\/en\/","name":"Editorial Mediterrania","description":"Llibres que t\u2019obriran nous mons","publisher":{"@id":"https:\/\/editorialmediterrania.com\/en\/#organization"},"alternateName":"Llibres infantils d'art, cultura i natura","potentialAction":[{"@type":"SearchAction","target":{"@type":"EntryPoint","urlTemplate":"https:\/\/editorialmediterrania.com\/en\/?s={search_term_string}"},"query-input":"required name=search_term_string"}],"inLanguage":"en-US"},{"@type":"Organization","@id":"https:\/\/editorialmediterrania.com\/en\/#organization","name":"Editorial Mediterrania","alternateName":"Llibres d'art, cultura i natura per infants i fam\u00edlies","url":"https:\/\/editorialmediterrania.com\/en\/","logo":{"@type":"ImageObject","inLanguage":"en-US","@id":"https:\/\/editorialmediterrania.com\/en\/#\/schema\/logo\/image\/","url":"https:\/\/editorialmediterrania.com\/wp-content\/uploads\/2023\/03\/LOGO-ED_MEDITERRANIA_OK-2.png","contentUrl":"https:\/\/editorialmediterrania.com\/wp-content\/uploads\/2023\/03\/LOGO-ED_MEDITERRANIA_OK-2.png","width":1200,"height":300,"caption":"Editorial Mediterrania"},"image":{"@id":"https:\/\/editorialmediterrania.com\/en\/#\/schema\/logo\/image\/"},"sameAs":["https:\/\/x.com\/edmediterrania","https:\/\/www.instagram.com\/editorialmediterrania\/"]}]}},"_links":{"self":[{"href":"https:\/\/editorialmediterrania.com\/en\/wp-json\/wp\/v2\/product\/35207","targetHints":{"allow":["GET"]}}],"collection":[{"href":"https:\/\/editorialmediterrania.com\/en\/wp-json\/wp\/v2\/product"}],"about":[{"href":"https:\/\/editorialmediterrania.com\/en\/wp-json\/wp\/v2\/types\/product"}],"wp:featuredmedia":[{"embeddable":true,"href":"https:\/\/editorialmediterrania.com\/en\/wp-json\/wp\/v2\/media\/41128"}],"wp:attachment":[{"href":"https:\/\/editorialmediterrania.com\/en\/wp-json\/wp\/v2\/media?parent=35207"}],"wp:term":[{"taxonomy":"product_cat","embeddable":true,"href":"https:\/\/editorialmediterrania.com\/en\/wp-json\/wp\/v2\/product_cat?post=35207"},{"taxonomy":"product_tag","embeddable":true,"href":"https:\/\/editorialmediterrania.com\/en\/wp-json\/wp\/v2\/product_tag?post=35207"},{"taxonomy":"autors","embeddable":true,"href":"https:\/\/editorialmediterrania.com\/en\/wp-json\/wp\/v2\/autors?post=35207"}],"curies":[{"name":"wp","href":"https:\/\/api.w.org\/{rel}","templated":true}]}}