{"id":35431,"date":"2022-03-15T17:32:11","date_gmt":"2022-03-15T16:32:11","guid":{"rendered":"http:\/\/localhost:8888\/mediterrania\/\/?post_type=product&#038;p=35431"},"modified":"2024-04-12T12:02:34","modified_gmt":"2024-04-12T10:02:34","slug":"col%c2%b7leccio-dues-lectures-el-gat-amb-botes-la-rateta-que-escombrava-lescaleta","status":"publish","type":"product","link":"https:\/\/editorialmediterrania.com\/en\/product\/col%c2%b7leccio-dues-lectures-el-gat-amb-botes-la-rateta-que-escombrava-lescaleta\/","title":{"rendered":"El gat amb botes \/ La rateta que escombrava l&#8217;escaleta"},"content":{"rendered":"<p>Una nova col\u00b7leccio\u0301 capicua perque\u0300 els me\u0301s petits comencin a llegir de la ma\u0300 d\u2019una de les artistes me\u0301s estimades del pai\u0301s. Per una banda <strong><em>El gat amb botes<\/em><\/strong> i si gires el llibre&#8230; <em><strong>La rateta que escombrava l&#8217;escaleta<\/strong>!<\/em> Amb <strong>lletra de pal i lletra lligada<\/strong> per seguir l\u2019evolucio\u0301 lectora dels <strong>joves lectors<\/strong>.<\/p>\n<div class=\"column\">\n<p><strong>Il\u00b7lustrats per <a href=\"https:\/\/pilarin.cat\">Pilarin Bay\u00e9s<\/a>!<\/strong><\/p>\n<\/div>\n","protected":false},"excerpt":{"rendered":"<p>Els<strong> contes cla\u0300ssics <\/strong>per llegir en fami\u0301lia!<\/p>\n","protected":false},"featured_media":35432,"template":"","meta":[],"product_cat":[16,6289],"product_tag":[],"autors":[],"class_list":{"0":"post-35431","1":"product","2":"type-product","3":"status-publish","4":"has-post-thumbnail","6":"product_cat-editorial-mediterrania","7":"product_cat-dues-lectures","9":"first","10":"instock","11":"featured","12":"taxable","13":"shipping-taxable","14":"purchasable","15":"product-type-simple","swatches":"rey-swatches","show_selected":""},"acf":[],"yoast_head":"<!-- This site is optimized with the Yoast SEO plugin v22.8 - https:\/\/yoast.com\/wordpress\/plugins\/seo\/ -->\n<title>El gat amb botes \/ La rateta que escombrava l&#039;escaleta - Editorial Mediterr\u00e0nia<\/title>\n<meta name=\"description\" content=\"Una nova col\u00b7lecci\u00f3 capicua perqu\u00e8 els m\u00e9s petits comencin a llegir de la m\u00e0 d\u2019una de les artistes m\u00e9s estimades del pa\u00eds.\" \/>\n<meta name=\"robots\" content=\"index, follow, max-snippet:-1, max-image-preview:large, max-video-preview:-1\" \/>\n<link rel=\"canonical\" href=\"https:\/\/editorialmediterrania.com\/en\/product\/col%c2%b7leccio-dues-lectures-el-gat-amb-botes-la-rateta-que-escombrava-lescaleta\/\" \/>\n<meta property=\"og:locale\" content=\"en_US\" \/>\n<meta property=\"og:type\" content=\"article\" \/>\n<meta property=\"og:title\" content=\"El gat amb botes \/ La rateta que escombrava l&#039;escaleta - Editorial Mediterr\u00e0nia\" \/>\n<meta property=\"og:description\" content=\"Una nova col\u00b7lecci\u00f3 capicua perqu\u00e8 els m\u00e9s petits comencin a llegir de la m\u00e0 d\u2019una de les artistes m\u00e9s estimades del pa\u00eds.\" \/>\n<meta property=\"og:url\" content=\"https:\/\/editorialmediterrania.com\/en\/product\/col%c2%b7leccio-dues-lectures-el-gat-amb-botes-la-rateta-que-escombrava-lescaleta\/\" \/>\n<meta property=\"og:site_name\" content=\"Editorial Mediterr\u00e0nia\" \/>\n<meta property=\"article:modified_time\" content=\"2024-04-12T10:02:34+00:00\" \/>\n<meta property=\"og:image\" content=\"https:\/\/editorialmediterrania.com\/wp-content\/uploads\/2022\/03\/4_El-gat-amb-botes-scaled.jpg\" \/>\n\t<meta property=\"og:image:width\" content=\"2560\" \/>\n\t<meta property=\"og:image:height\" content=\"2466\" \/>\n\t<meta property=\"og:image:type\" content=\"image\/jpeg\" \/>\n<meta name=\"twitter:card\" content=\"summary_large_image\" \/>\n<meta name=\"twitter:site\" content=\"@edmediterrania\" \/>\n<meta name=\"twitter:label1\" content=\"Est. reading time\" \/>\n\t<meta name=\"twitter:data1\" content=\"1 minute\" \/>\n<script type=\"application\/ld+json\" class=\"yoast-schema-graph\">{\"@context\":\"https:\/\/schema.org\",\"@graph\":[{\"@type\":\"WebPage\",\"@id\":\"https:\/\/editorialmediterrania.com\/en\/product\/col%c2%b7leccio-dues-lectures-el-gat-amb-botes-la-rateta-que-escombrava-lescaleta\/\",\"url\":\"https:\/\/editorialmediterrania.com\/en\/product\/col%c2%b7leccio-dues-lectures-el-gat-amb-botes-la-rateta-que-escombrava-lescaleta\/\",\"name\":\"El gat amb botes \/ La rateta que escombrava l'escaleta - Editorial Mediterr\u00e0nia\",\"isPartOf\":{\"@id\":\"https:\/\/editorialmediterrania.com\/en\/#website\"},\"primaryImageOfPage\":{\"@id\":\"https:\/\/editorialmediterrania.com\/en\/product\/col%c2%b7leccio-dues-lectures-el-gat-amb-botes-la-rateta-que-escombrava-lescaleta\/#primaryimage\"},\"image\":{\"@id\":\"https:\/\/editorialmediterrania.com\/en\/product\/col%c2%b7leccio-dues-lectures-el-gat-amb-botes-la-rateta-que-escombrava-lescaleta\/#primaryimage\"},\"thumbnailUrl\":\"https:\/\/editorialmediterrania.com\/wp-content\/uploads\/2022\/03\/4_El-gat-amb-botes-scaled.jpg\",\"datePublished\":\"2022-03-15T16:32:11+00:00\",\"dateModified\":\"2024-04-12T10:02:34+00:00\",\"description\":\"Una nova col\u00b7lecci\u00f3 capicua perqu\u00e8 els m\u00e9s petits comencin a llegir de la m\u00e0 d\u2019una de les artistes m\u00e9s estimades del pa\u00eds.\",\"breadcrumb\":{\"@id\":\"https:\/\/editorialmediterrania.com\/en\/product\/col%c2%b7leccio-dues-lectures-el-gat-amb-botes-la-rateta-que-escombrava-lescaleta\/#breadcrumb\"},\"inLanguage\":\"en-US\",\"potentialAction\":[{\"@type\":\"ReadAction\",\"target\":[\"https:\/\/editorialmediterrania.com\/en\/product\/col%c2%b7leccio-dues-lectures-el-gat-amb-botes-la-rateta-que-escombrava-lescaleta\/\"]}]},{\"@type\":\"ImageObject\",\"inLanguage\":\"en-US\",\"@id\":\"https:\/\/editorialmediterrania.com\/en\/product\/col%c2%b7leccio-dues-lectures-el-gat-amb-botes-la-rateta-que-escombrava-lescaleta\/#primaryimage\",\"url\":\"https:\/\/editorialmediterrania.com\/wp-content\/uploads\/2022\/03\/4_El-gat-amb-botes-scaled.jpg\",\"contentUrl\":\"https:\/\/editorialmediterrania.com\/wp-content\/uploads\/2022\/03\/4_El-gat-amb-botes-scaled.jpg\",\"width\":2560,\"height\":2466},{\"@type\":\"BreadcrumbList\",\"@id\":\"https:\/\/editorialmediterrania.com\/en\/product\/col%c2%b7leccio-dues-lectures-el-gat-amb-botes-la-rateta-que-escombrava-lescaleta\/#breadcrumb\",\"itemListElement\":[{\"@type\":\"ListItem\",\"position\":1,\"name\":\"Children&#8217;s art book store\",\"item\":\"https:\/\/editorialmediterrania.com\/en\/childrens-art-book-store\/\"},{\"@type\":\"ListItem\",\"position\":2,\"name\":\"El gat amb botes \/ La rateta que escombrava l&#8217;escaleta\"}]},{\"@type\":\"WebSite\",\"@id\":\"https:\/\/editorialmediterrania.com\/en\/#website\",\"url\":\"https:\/\/editorialmediterrania.com\/en\/\",\"name\":\"Editorial Mediterrania\",\"description\":\"Llibres que t\u2019obriran nous mons\",\"publisher\":{\"@id\":\"https:\/\/editorialmediterrania.com\/en\/#organization\"},\"alternateName\":\"Llibres infantils d'art, cultura i natura\",\"potentialAction\":[{\"@type\":\"SearchAction\",\"target\":{\"@type\":\"EntryPoint\",\"urlTemplate\":\"https:\/\/editorialmediterrania.com\/en\/?s={search_term_string}\"},\"query-input\":\"required name=search_term_string\"}],\"inLanguage\":\"en-US\"},{\"@type\":\"Organization\",\"@id\":\"https:\/\/editorialmediterrania.com\/en\/#organization\",\"name\":\"Editorial Mediterrania\",\"alternateName\":\"Llibres d'art, cultura i natura per infants i fam\u00edlies\",\"url\":\"https:\/\/editorialmediterrania.com\/en\/\",\"logo\":{\"@type\":\"ImageObject\",\"inLanguage\":\"en-US\",\"@id\":\"https:\/\/editorialmediterrania.com\/en\/#\/schema\/logo\/image\/\",\"url\":\"https:\/\/editorialmediterrania.com\/wp-content\/uploads\/2023\/03\/LOGO-ED_MEDITERRANIA_OK-2.png\",\"contentUrl\":\"https:\/\/editorialmediterrania.com\/wp-content\/uploads\/2023\/03\/LOGO-ED_MEDITERRANIA_OK-2.png\",\"width\":1200,\"height\":300,\"caption\":\"Editorial Mediterrania\"},\"image\":{\"@id\":\"https:\/\/editorialmediterrania.com\/en\/#\/schema\/logo\/image\/\"},\"sameAs\":[\"https:\/\/x.com\/edmediterrania\",\"https:\/\/www.instagram.com\/editorialmediterrania\/\"]}]}<\/script>\n<!-- \/ Yoast SEO plugin. -->","yoast_head_json":{"title":"El gat amb botes \/ La rateta que escombrava l'escaleta - Editorial Mediterr\u00e0nia","description":"Una nova col\u00b7lecci\u00f3 capicua perqu\u00e8 els m\u00e9s petits comencin a llegir de la m\u00e0 d\u2019una de les artistes m\u00e9s estimades del pa\u00eds.","robots":{"index":"index","follow":"follow","max-snippet":"max-snippet:-1","max-image-preview":"max-image-preview:large","max-video-preview":"max-video-preview:-1"},"canonical":"https:\/\/editorialmediterrania.com\/en\/product\/col%c2%b7leccio-dues-lectures-el-gat-amb-botes-la-rateta-que-escombrava-lescaleta\/","og_locale":"en_US","og_type":"article","og_title":"El gat amb botes \/ La rateta que escombrava l'escaleta - Editorial Mediterr\u00e0nia","og_description":"Una nova col\u00b7lecci\u00f3 capicua perqu\u00e8 els m\u00e9s petits comencin a llegir de la m\u00e0 d\u2019una de les artistes m\u00e9s estimades del pa\u00eds.","og_url":"https:\/\/editorialmediterrania.com\/en\/product\/col%c2%b7leccio-dues-lectures-el-gat-amb-botes-la-rateta-que-escombrava-lescaleta\/","og_site_name":"Editorial Mediterr\u00e0nia","article_modified_time":"2024-04-12T10:02:34+00:00","og_image":[{"width":2560,"height":2466,"url":"https:\/\/editorialmediterrania.com\/wp-content\/uploads\/2022\/03\/4_El-gat-amb-botes-scaled.jpg","type":"image\/jpeg"}],"twitter_card":"summary_large_image","twitter_site":"@edmediterrania","twitter_misc":{"Est. reading time":"1 minute"},"schema":{"@context":"https:\/\/schema.org","@graph":[{"@type":"WebPage","@id":"https:\/\/editorialmediterrania.com\/en\/product\/col%c2%b7leccio-dues-lectures-el-gat-amb-botes-la-rateta-que-escombrava-lescaleta\/","url":"https:\/\/editorialmediterrania.com\/en\/product\/col%c2%b7leccio-dues-lectures-el-gat-amb-botes-la-rateta-que-escombrava-lescaleta\/","name":"El gat amb botes \/ La rateta que escombrava l'escaleta - Editorial Mediterr\u00e0nia","isPartOf":{"@id":"https:\/\/editorialmediterrania.com\/en\/#website"},"primaryImageOfPage":{"@id":"https:\/\/editorialmediterrania.com\/en\/product\/col%c2%b7leccio-dues-lectures-el-gat-amb-botes-la-rateta-que-escombrava-lescaleta\/#primaryimage"},"image":{"@id":"https:\/\/editorialmediterrania.com\/en\/product\/col%c2%b7leccio-dues-lectures-el-gat-amb-botes-la-rateta-que-escombrava-lescaleta\/#primaryimage"},"thumbnailUrl":"https:\/\/editorialmediterrania.com\/wp-content\/uploads\/2022\/03\/4_El-gat-amb-botes-scaled.jpg","datePublished":"2022-03-15T16:32:11+00:00","dateModified":"2024-04-12T10:02:34+00:00","description":"Una nova col\u00b7lecci\u00f3 capicua perqu\u00e8 els m\u00e9s petits comencin a llegir de la m\u00e0 d\u2019una de les artistes m\u00e9s estimades del pa\u00eds.","breadcrumb":{"@id":"https:\/\/editorialmediterrania.com\/en\/product\/col%c2%b7leccio-dues-lectures-el-gat-amb-botes-la-rateta-que-escombrava-lescaleta\/#breadcrumb"},"inLanguage":"en-US","potentialAction":[{"@type":"ReadAction","target":["https:\/\/editorialmediterrania.com\/en\/product\/col%c2%b7leccio-dues-lectures-el-gat-amb-botes-la-rateta-que-escombrava-lescaleta\/"]}]},{"@type":"ImageObject","inLanguage":"en-US","@id":"https:\/\/editorialmediterrania.com\/en\/product\/col%c2%b7leccio-dues-lectures-el-gat-amb-botes-la-rateta-que-escombrava-lescaleta\/#primaryimage","url":"https:\/\/editorialmediterrania.com\/wp-content\/uploads\/2022\/03\/4_El-gat-amb-botes-scaled.jpg","contentUrl":"https:\/\/editorialmediterrania.com\/wp-content\/uploads\/2022\/03\/4_El-gat-amb-botes-scaled.jpg","width":2560,"height":2466},{"@type":"BreadcrumbList","@id":"https:\/\/editorialmediterrania.com\/en\/product\/col%c2%b7leccio-dues-lectures-el-gat-amb-botes-la-rateta-que-escombrava-lescaleta\/#breadcrumb","itemListElement":[{"@type":"ListItem","position":1,"name":"Children&#8217;s art book store","item":"https:\/\/editorialmediterrania.com\/en\/childrens-art-book-store\/"},{"@type":"ListItem","position":2,"name":"El gat amb botes \/ La rateta que escombrava l&#8217;escaleta"}]},{"@type":"WebSite","@id":"https:\/\/editorialmediterrania.com\/en\/#website","url":"https:\/\/editorialmediterrania.com\/en\/","name":"Editorial Mediterrania","description":"Llibres que t\u2019obriran nous mons","publisher":{"@id":"https:\/\/editorialmediterrania.com\/en\/#organization"},"alternateName":"Llibres infantils d'art, cultura i natura","potentialAction":[{"@type":"SearchAction","target":{"@type":"EntryPoint","urlTemplate":"https:\/\/editorialmediterrania.com\/en\/?s={search_term_string}"},"query-input":"required name=search_term_string"}],"inLanguage":"en-US"},{"@type":"Organization","@id":"https:\/\/editorialmediterrania.com\/en\/#organization","name":"Editorial Mediterrania","alternateName":"Llibres d'art, cultura i natura per infants i fam\u00edlies","url":"https:\/\/editorialmediterrania.com\/en\/","logo":{"@type":"ImageObject","inLanguage":"en-US","@id":"https:\/\/editorialmediterrania.com\/en\/#\/schema\/logo\/image\/","url":"https:\/\/editorialmediterrania.com\/wp-content\/uploads\/2023\/03\/LOGO-ED_MEDITERRANIA_OK-2.png","contentUrl":"https:\/\/editorialmediterrania.com\/wp-content\/uploads\/2023\/03\/LOGO-ED_MEDITERRANIA_OK-2.png","width":1200,"height":300,"caption":"Editorial Mediterrania"},"image":{"@id":"https:\/\/editorialmediterrania.com\/en\/#\/schema\/logo\/image\/"},"sameAs":["https:\/\/x.com\/edmediterrania","https:\/\/www.instagram.com\/editorialmediterrania\/"]}]}},"_links":{"self":[{"href":"https:\/\/editorialmediterrania.com\/en\/wp-json\/wp\/v2\/product\/35431","targetHints":{"allow":["GET"]}}],"collection":[{"href":"https:\/\/editorialmediterrania.com\/en\/wp-json\/wp\/v2\/product"}],"about":[{"href":"https:\/\/editorialmediterrania.com\/en\/wp-json\/wp\/v2\/types\/product"}],"wp:featuredmedia":[{"embeddable":true,"href":"https:\/\/editorialmediterrania.com\/en\/wp-json\/wp\/v2\/media\/35432"}],"wp:attachment":[{"href":"https:\/\/editorialmediterrania.com\/en\/wp-json\/wp\/v2\/media?parent=35431"}],"wp:term":[{"taxonomy":"product_cat","embeddable":true,"href":"https:\/\/editorialmediterrania.com\/en\/wp-json\/wp\/v2\/product_cat?post=35431"},{"taxonomy":"product_tag","embeddable":true,"href":"https:\/\/editorialmediterrania.com\/en\/wp-json\/wp\/v2\/product_tag?post=35431"},{"taxonomy":"autors","embeddable":true,"href":"https:\/\/editorialmediterrania.com\/en\/wp-json\/wp\/v2\/autors?post=35431"}],"curies":[{"name":"wp","href":"https:\/\/api.w.org\/{rel}","templated":true}]}}