{"id":3626,"date":"2013-02-07T16:47:41","date_gmt":"2013-02-07T15:47:41","guid":{"rendered":"http:\/\/editorialmediterraneatest.grupoormo.com\/?post_type=product&#038;p=3626"},"modified":"2021-05-27T17:31:12","modified_gmt":"2021-05-27T15:31:12","slug":"petita-historia-de-maria-rubies","status":"publish","type":"product","link":"https:\/\/editorialmediterrania.com\/en\/product\/petita-historia-de-maria-rubies\/","title":{"rendered":"Petita Hist\u00f2ria de Maria R\u00fabies"},"content":{"rendered":"<p style=\"text-align: justify;\">Aquest llibre infantil explica als nens i nenes, d&#8217;una manera amena i rigorosa, qui va ser Maria R\u00fabies, mestra i pol\u00edtica catalana, fundadora del Consell Catal\u00e0 d\u2019Ensenyament. El conte infantil de Maria R\u00fabies va acompanyat de les il\u00b7lustracions a tot color de Pilar\u00edn Bay\u00e9s.<\/p>\n<p>La col\u00b7lecci\u00f3 de llibres infantils\u00a0<a href=\"http:\/\/localhost:8888\/mediterrania\/\/coleccions\/infantil-juvenil-i-families\/col-leccions\/petites-histories\/\">Petites hist\u00f2ries<\/a>\u00a0compta amb m\u00e9s de 330 t\u00edtols diferents, tots ells il\u00b7lustrats per Pilar\u00edn Bay\u00e9s. Gr\u00e0cies a aquesta col\u00b7lecci\u00f3, els nens i nenes de diverses generacions han pogut con\u00e8ixer els artistes, tradicions i indrets m\u00e9s destacats del nostre pa\u00eds, de manera divertida i amena.<\/p>\n","protected":false},"excerpt":{"rendered":"<p>Aquesta petita hist\u00f2ria explica als nens i nenes, d&#8217;una manera amena i rigorosa, qui va ser Maria R\u00fabies, mestra i pol\u00edtica catalana, fundadora del Consell Catal\u00e0 d\u2019Ensenyament.<\/p>\n","protected":false},"featured_media":21713,"template":"","meta":[],"product_cat":[16,73],"product_tag":[6044,377,1218,4362],"autors":[],"class_list":{"0":"post-3626","1":"product","2":"type-product","3":"status-publish","4":"has-post-thumbnail","6":"product_cat-editorial-mediterrania","7":"product_cat-petites-histories","8":"product_tag-llibre-de-contes","9":"product_tag-llibre-infantil","10":"product_tag-llibres-infantils","11":"product_tag-pilarin-bayes","13":"first","14":"outofstock","15":"purchasable","16":"product-type-simple","swatches":"rey-swatches","show_selected":""},"acf":[],"yoast_head":"<!-- This site is optimized with the Yoast SEO plugin v22.8 - https:\/\/yoast.com\/wordpress\/plugins\/seo\/ -->\n<title>Petita Hist\u00f2ria de Maria R\u00fabies, llibre infantil - Editorial Mediterrania<\/title>\n<meta name=\"description\" content=\"Llibre infantil educatiu Petita Hist\u00f2ria de Maria R\u00fabies, mestra i pol\u00edtica catalana, per a nens i nenes d&#039;entre 8 i 12 anys\" \/>\n<meta name=\"robots\" content=\"index, follow, max-snippet:-1, max-image-preview:large, max-video-preview:-1\" \/>\n<link rel=\"canonical\" href=\"https:\/\/editorialmediterrania.com\/en\/product\/petita-historia-de-maria-rubies\/\" \/>\n<meta property=\"og:locale\" content=\"en_US\" \/>\n<meta property=\"og:type\" content=\"article\" \/>\n<meta property=\"og:title\" content=\"Petita Hist\u00f2ria de Maria R\u00fabies, llibre infantil - Editorial Mediterrania\" \/>\n<meta property=\"og:description\" content=\"Llibre infantil educatiu Petita Hist\u00f2ria de Maria R\u00fabies, mestra i pol\u00edtica catalana, per a nens i nenes d&#039;entre 8 i 12 anys\" \/>\n<meta property=\"og:url\" content=\"https:\/\/editorialmediterrania.com\/en\/product\/petita-historia-de-maria-rubies\/\" \/>\n<meta property=\"og:site_name\" content=\"Editorial Mediterr\u00e0nia\" \/>\n<meta property=\"article:modified_time\" content=\"2021-05-27T15:31:12+00:00\" \/>\n<meta property=\"og:image\" content=\"https:\/\/editorialmediterrania.com\/wp-content\/uploads\/2013\/02\/Petita-Historia-de-Maria-Rubies.jpg\" \/>\n\t<meta property=\"og:image:width\" content=\"600\" \/>\n\t<meta property=\"og:image:height\" content=\"749\" \/>\n\t<meta property=\"og:image:type\" content=\"image\/jpeg\" \/>\n<meta name=\"twitter:card\" content=\"summary_large_image\" \/>\n<meta name=\"twitter:site\" content=\"@edmediterrania\" \/>\n<meta name=\"twitter:label1\" content=\"Est. reading time\" \/>\n\t<meta name=\"twitter:data1\" content=\"1 minute\" \/>\n<script type=\"application\/ld+json\" class=\"yoast-schema-graph\">{\"@context\":\"https:\/\/schema.org\",\"@graph\":[{\"@type\":\"WebPage\",\"@id\":\"https:\/\/editorialmediterrania.com\/en\/product\/petita-historia-de-maria-rubies\/\",\"url\":\"https:\/\/editorialmediterrania.com\/en\/product\/petita-historia-de-maria-rubies\/\",\"name\":\"Petita Hist\u00f2ria de Maria R\u00fabies, llibre infantil - Editorial Mediterrania\",\"isPartOf\":{\"@id\":\"https:\/\/editorialmediterrania.com\/en\/#website\"},\"primaryImageOfPage\":{\"@id\":\"https:\/\/editorialmediterrania.com\/en\/product\/petita-historia-de-maria-rubies\/#primaryimage\"},\"image\":{\"@id\":\"https:\/\/editorialmediterrania.com\/en\/product\/petita-historia-de-maria-rubies\/#primaryimage\"},\"thumbnailUrl\":\"https:\/\/editorialmediterrania.com\/wp-content\/uploads\/2013\/02\/Petita-Historia-de-Maria-Rubies.jpg\",\"datePublished\":\"2013-02-07T15:47:41+00:00\",\"dateModified\":\"2021-05-27T15:31:12+00:00\",\"description\":\"Llibre infantil educatiu Petita Hist\u00f2ria de Maria R\u00fabies, mestra i pol\u00edtica catalana, per a nens i nenes d'entre 8 i 12 anys\",\"breadcrumb\":{\"@id\":\"https:\/\/editorialmediterrania.com\/en\/product\/petita-historia-de-maria-rubies\/#breadcrumb\"},\"inLanguage\":\"en-US\",\"potentialAction\":[{\"@type\":\"ReadAction\",\"target\":[\"https:\/\/editorialmediterrania.com\/en\/product\/petita-historia-de-maria-rubies\/\"]}]},{\"@type\":\"ImageObject\",\"inLanguage\":\"en-US\",\"@id\":\"https:\/\/editorialmediterrania.com\/en\/product\/petita-historia-de-maria-rubies\/#primaryimage\",\"url\":\"https:\/\/editorialmediterrania.com\/wp-content\/uploads\/2013\/02\/Petita-Historia-de-Maria-Rubies.jpg\",\"contentUrl\":\"https:\/\/editorialmediterrania.com\/wp-content\/uploads\/2013\/02\/Petita-Historia-de-Maria-Rubies.jpg\",\"width\":600,\"height\":749,\"caption\":\"Petita-Historia-de-Maria-Rubies - Editorial Mediterr\u00e0nia\"},{\"@type\":\"BreadcrumbList\",\"@id\":\"https:\/\/editorialmediterrania.com\/en\/product\/petita-historia-de-maria-rubies\/#breadcrumb\",\"itemListElement\":[{\"@type\":\"ListItem\",\"position\":1,\"name\":\"Children&#8217;s art book store\",\"item\":\"https:\/\/editorialmediterrania.com\/en\/childrens-art-book-store\/\"},{\"@type\":\"ListItem\",\"position\":2,\"name\":\"Petita Hist\u00f2ria de Maria R\u00fabies\"}]},{\"@type\":\"WebSite\",\"@id\":\"https:\/\/editorialmediterrania.com\/en\/#website\",\"url\":\"https:\/\/editorialmediterrania.com\/en\/\",\"name\":\"Editorial Mediterrania\",\"description\":\"Llibres que t\u2019obriran nous mons\",\"publisher\":{\"@id\":\"https:\/\/editorialmediterrania.com\/en\/#organization\"},\"alternateName\":\"Llibres infantils d'art, cultura i natura\",\"potentialAction\":[{\"@type\":\"SearchAction\",\"target\":{\"@type\":\"EntryPoint\",\"urlTemplate\":\"https:\/\/editorialmediterrania.com\/en\/?s={search_term_string}\"},\"query-input\":\"required name=search_term_string\"}],\"inLanguage\":\"en-US\"},{\"@type\":\"Organization\",\"@id\":\"https:\/\/editorialmediterrania.com\/en\/#organization\",\"name\":\"Editorial Mediterrania\",\"alternateName\":\"Llibres d'art, cultura i natura per infants i fam\u00edlies\",\"url\":\"https:\/\/editorialmediterrania.com\/en\/\",\"logo\":{\"@type\":\"ImageObject\",\"inLanguage\":\"en-US\",\"@id\":\"https:\/\/editorialmediterrania.com\/en\/#\/schema\/logo\/image\/\",\"url\":\"https:\/\/editorialmediterrania.com\/wp-content\/uploads\/2023\/03\/LOGO-ED_MEDITERRANIA_OK-2.png\",\"contentUrl\":\"https:\/\/editorialmediterrania.com\/wp-content\/uploads\/2023\/03\/LOGO-ED_MEDITERRANIA_OK-2.png\",\"width\":1200,\"height\":300,\"caption\":\"Editorial Mediterrania\"},\"image\":{\"@id\":\"https:\/\/editorialmediterrania.com\/en\/#\/schema\/logo\/image\/\"},\"sameAs\":[\"https:\/\/x.com\/edmediterrania\",\"https:\/\/www.instagram.com\/editorialmediterrania\/\"]}]}<\/script>\n<!-- \/ Yoast SEO plugin. -->","yoast_head_json":{"title":"Petita Hist\u00f2ria de Maria R\u00fabies, llibre infantil - Editorial Mediterrania","description":"Llibre infantil educatiu Petita Hist\u00f2ria de Maria R\u00fabies, mestra i pol\u00edtica catalana, per a nens i nenes d'entre 8 i 12 anys","robots":{"index":"index","follow":"follow","max-snippet":"max-snippet:-1","max-image-preview":"max-image-preview:large","max-video-preview":"max-video-preview:-1"},"canonical":"https:\/\/editorialmediterrania.com\/en\/product\/petita-historia-de-maria-rubies\/","og_locale":"en_US","og_type":"article","og_title":"Petita Hist\u00f2ria de Maria R\u00fabies, llibre infantil - Editorial Mediterrania","og_description":"Llibre infantil educatiu Petita Hist\u00f2ria de Maria R\u00fabies, mestra i pol\u00edtica catalana, per a nens i nenes d'entre 8 i 12 anys","og_url":"https:\/\/editorialmediterrania.com\/en\/product\/petita-historia-de-maria-rubies\/","og_site_name":"Editorial Mediterr\u00e0nia","article_modified_time":"2021-05-27T15:31:12+00:00","og_image":[{"width":600,"height":749,"url":"https:\/\/editorialmediterrania.com\/wp-content\/uploads\/2013\/02\/Petita-Historia-de-Maria-Rubies.jpg","type":"image\/jpeg"}],"twitter_card":"summary_large_image","twitter_site":"@edmediterrania","twitter_misc":{"Est. reading time":"1 minute"},"schema":{"@context":"https:\/\/schema.org","@graph":[{"@type":"WebPage","@id":"https:\/\/editorialmediterrania.com\/en\/product\/petita-historia-de-maria-rubies\/","url":"https:\/\/editorialmediterrania.com\/en\/product\/petita-historia-de-maria-rubies\/","name":"Petita Hist\u00f2ria de Maria R\u00fabies, llibre infantil - Editorial Mediterrania","isPartOf":{"@id":"https:\/\/editorialmediterrania.com\/en\/#website"},"primaryImageOfPage":{"@id":"https:\/\/editorialmediterrania.com\/en\/product\/petita-historia-de-maria-rubies\/#primaryimage"},"image":{"@id":"https:\/\/editorialmediterrania.com\/en\/product\/petita-historia-de-maria-rubies\/#primaryimage"},"thumbnailUrl":"https:\/\/editorialmediterrania.com\/wp-content\/uploads\/2013\/02\/Petita-Historia-de-Maria-Rubies.jpg","datePublished":"2013-02-07T15:47:41+00:00","dateModified":"2021-05-27T15:31:12+00:00","description":"Llibre infantil educatiu Petita Hist\u00f2ria de Maria R\u00fabies, mestra i pol\u00edtica catalana, per a nens i nenes d'entre 8 i 12 anys","breadcrumb":{"@id":"https:\/\/editorialmediterrania.com\/en\/product\/petita-historia-de-maria-rubies\/#breadcrumb"},"inLanguage":"en-US","potentialAction":[{"@type":"ReadAction","target":["https:\/\/editorialmediterrania.com\/en\/product\/petita-historia-de-maria-rubies\/"]}]},{"@type":"ImageObject","inLanguage":"en-US","@id":"https:\/\/editorialmediterrania.com\/en\/product\/petita-historia-de-maria-rubies\/#primaryimage","url":"https:\/\/editorialmediterrania.com\/wp-content\/uploads\/2013\/02\/Petita-Historia-de-Maria-Rubies.jpg","contentUrl":"https:\/\/editorialmediterrania.com\/wp-content\/uploads\/2013\/02\/Petita-Historia-de-Maria-Rubies.jpg","width":600,"height":749,"caption":"Petita-Historia-de-Maria-Rubies - Editorial Mediterr\u00e0nia"},{"@type":"BreadcrumbList","@id":"https:\/\/editorialmediterrania.com\/en\/product\/petita-historia-de-maria-rubies\/#breadcrumb","itemListElement":[{"@type":"ListItem","position":1,"name":"Children&#8217;s art book store","item":"https:\/\/editorialmediterrania.com\/en\/childrens-art-book-store\/"},{"@type":"ListItem","position":2,"name":"Petita Hist\u00f2ria de Maria R\u00fabies"}]},{"@type":"WebSite","@id":"https:\/\/editorialmediterrania.com\/en\/#website","url":"https:\/\/editorialmediterrania.com\/en\/","name":"Editorial Mediterrania","description":"Llibres que t\u2019obriran nous mons","publisher":{"@id":"https:\/\/editorialmediterrania.com\/en\/#organization"},"alternateName":"Llibres infantils d'art, cultura i natura","potentialAction":[{"@type":"SearchAction","target":{"@type":"EntryPoint","urlTemplate":"https:\/\/editorialmediterrania.com\/en\/?s={search_term_string}"},"query-input":"required name=search_term_string"}],"inLanguage":"en-US"},{"@type":"Organization","@id":"https:\/\/editorialmediterrania.com\/en\/#organization","name":"Editorial Mediterrania","alternateName":"Llibres d'art, cultura i natura per infants i fam\u00edlies","url":"https:\/\/editorialmediterrania.com\/en\/","logo":{"@type":"ImageObject","inLanguage":"en-US","@id":"https:\/\/editorialmediterrania.com\/en\/#\/schema\/logo\/image\/","url":"https:\/\/editorialmediterrania.com\/wp-content\/uploads\/2023\/03\/LOGO-ED_MEDITERRANIA_OK-2.png","contentUrl":"https:\/\/editorialmediterrania.com\/wp-content\/uploads\/2023\/03\/LOGO-ED_MEDITERRANIA_OK-2.png","width":1200,"height":300,"caption":"Editorial Mediterrania"},"image":{"@id":"https:\/\/editorialmediterrania.com\/en\/#\/schema\/logo\/image\/"},"sameAs":["https:\/\/x.com\/edmediterrania","https:\/\/www.instagram.com\/editorialmediterrania\/"]}]}},"_links":{"self":[{"href":"https:\/\/editorialmediterrania.com\/en\/wp-json\/wp\/v2\/product\/3626","targetHints":{"allow":["GET"]}}],"collection":[{"href":"https:\/\/editorialmediterrania.com\/en\/wp-json\/wp\/v2\/product"}],"about":[{"href":"https:\/\/editorialmediterrania.com\/en\/wp-json\/wp\/v2\/types\/product"}],"wp:featuredmedia":[{"embeddable":true,"href":"https:\/\/editorialmediterrania.com\/en\/wp-json\/wp\/v2\/media\/21713"}],"wp:attachment":[{"href":"https:\/\/editorialmediterrania.com\/en\/wp-json\/wp\/v2\/media?parent=3626"}],"wp:term":[{"taxonomy":"product_cat","embeddable":true,"href":"https:\/\/editorialmediterrania.com\/en\/wp-json\/wp\/v2\/product_cat?post=3626"},{"taxonomy":"product_tag","embeddable":true,"href":"https:\/\/editorialmediterrania.com\/en\/wp-json\/wp\/v2\/product_tag?post=3626"},{"taxonomy":"autors","embeddable":true,"href":"https:\/\/editorialmediterrania.com\/en\/wp-json\/wp\/v2\/autors?post=3626"}],"curies":[{"name":"wp","href":"https:\/\/api.w.org\/{rel}","templated":true}]}}